{"id":128896,"date":"2026-05-05T14:33:51","date_gmt":"2026-05-05T14:33:51","guid":{"rendered":"https:\/\/teka.com\/es-ec\/neo-ms-6200-bis-ss_112070010"},"modified":"2026-05-04T01:50:30","modified_gmt":"2026-05-04T02:50:30","slug":"neo-ms-6200-bis-ss_112070010","status":"publish","type":"product","link":"https:\/\/www.teka.com\/es-ec\/producto\/neo-ms-6200-bis-ss_112070010\/","title":{"rendered":"NEO MS 6200 BIS SS"},"content":{"rendered":"<ul>\n<li>Nuevo dise\u00f1o moderno e intuitivo<\/li>\n<li>3 funciones de cocinado<\/li>\n<li>3 men\u00fas de acceso directo<\/li>\n<li>5 niveles de potencia<\/li>\n<\/ul>\n","protected":false},"featured_media":0,"parent":0,"template":"","product_cat":[3468],"product_cleaning_system":[],"product_3rd_basket":[],"product_drawers":[],"product_type_of_installation":[],"product_edition":[],"product_serie":[],"product_features":[],"finishes":[],"product_bundles":[],"product_energy_efficiency":[],"product_video_training":[61624,61625],"class_list":["post-128896","product","type-product","status-publish","hentry","product_cat-microondas","usp-microwaves-07","usp-microwaves-08","usp-neo-00-neo-series","color-inox","product_icons-defrost-by-time","product_icons-defrost-by-weight","product_icons-direct-access-menu","product_video_training-traininghoods-07","product_video_training-traininghoods-08"],"acf":[],"yoast_head":"<!-- This site is optimized with the Yoast SEO plugin v27.5 - https:\/\/yoast.com\/product\/yoast-seo-wordpress\/ -->\n<title>NEO MS 6200 BIS SS | Electrodom\u00e9sticos Teka Ecuador<\/title>\n<meta name=\"robots\" content=\"index, follow, max-snippet:-1, max-image-preview:large, max-video-preview:-1\" \/>\n<link rel=\"canonical\" href=\"https:\/\/www.teka.com\/es-ec\/producto\/neo-ms-6200-bis-ss_112070010\/\" \/>\n<meta property=\"og:locale\" content=\"es_ES\" \/>\n<meta property=\"og:type\" content=\"article\" \/>\n<meta property=\"og:title\" content=\"NEO MS 6200 BIS SS | Electrodom\u00e9sticos Teka Ecuador\" \/>\n<meta property=\"og:description\" content=\"Nuevo dise\u00f1o moderno e intuitivo 3 funciones de cocinado 3 men\u00fas de acceso directo 5 niveles de potencia\" \/>\n<meta property=\"og:url\" content=\"https:\/\/www.teka.com\/es-ec\/producto\/neo-ms-6200-bis-ss_112070010\/\" \/>\n<meta property=\"og:site_name\" content=\"Teka Ecuador\" \/>\n<meta property=\"article:publisher\" content=\"https:\/\/www.facebook.com\/TekaEcuador\" \/>\n<meta property=\"og:image\" content=\"https:\/\/www.teka.com\/es-ec\/wp-content\/uploads\/sites\/20\/2021\/08\/logo_redondo_info.png\" \/>\n\t<meta property=\"og:image:width\" content=\"300\" \/>\n\t<meta property=\"og:image:height\" content=\"286\" \/>\n\t<meta property=\"og:image:type\" content=\"image\/png\" \/>\n<meta name=\"twitter:card\" content=\"summary_large_image\" \/>\n<meta name=\"twitter:site\" content=\"@TekaEcuador\" \/>\n<script type=\"application\/ld+json\" class=\"yoast-schema-graph\">{\"@context\":\"https:\\\/\\\/schema.org\",\"@graph\":[{\"@type\":\"WebPage\",\"@id\":\"https:\\\/\\\/www.teka.com\\\/es-ec\\\/producto\\\/neo-ms-6200-bis-ss_112070010\\\/\",\"url\":\"https:\\\/\\\/www.teka.com\\\/es-ec\\\/producto\\\/neo-ms-6200-bis-ss_112070010\\\/\",\"name\":\"NEO MS 6200 BIS SS | Electrodom\u00e9sticos Teka Ecuador\",\"isPartOf\":{\"@id\":\"https:\\\/\\\/www.teka.com\\\/es-ec\\\/#website\"},\"datePublished\":\"2026-05-05T14:33:51+00:00\",\"inLanguage\":\"es\",\"potentialAction\":[{\"@type\":\"ReadAction\",\"target\":[\"https:\\\/\\\/www.teka.com\\\/es-ec\\\/producto\\\/neo-ms-6200-bis-ss_112070010\\\/\"]}]},{\"@type\":\"WebSite\",\"@id\":\"https:\\\/\\\/www.teka.com\\\/es-ec\\\/#website\",\"url\":\"https:\\\/\\\/www.teka.com\\\/es-ec\\\/\",\"name\":\"Teka Ecuador\",\"description\":\"\",\"publisher\":{\"@id\":\"https:\\\/\\\/www.teka.com\\\/es-ec\\\/#organization\"},\"potentialAction\":[{\"@type\":\"SearchAction\",\"target\":{\"@type\":\"EntryPoint\",\"urlTemplate\":\"https:\\\/\\\/www.teka.com\\\/es-ec\\\/?s={search_term_string}\"},\"query-input\":{\"@type\":\"PropertyValueSpecification\",\"valueRequired\":true,\"valueName\":\"search_term_string\"}}],\"inLanguage\":\"es\"},{\"@type\":\"Organization\",\"@id\":\"https:\\\/\\\/www.teka.com\\\/es-ec\\\/#organization\",\"name\":\"Teka Ecuador\",\"url\":\"https:\\\/\\\/www.teka.com\\\/es-ec\\\/\",\"logo\":{\"@type\":\"ImageObject\",\"inLanguage\":\"es\",\"@id\":\"https:\\\/\\\/www.teka.com\\\/es-ec\\\/#\\\/schema\\\/logo\\\/image\\\/\",\"url\":\"https:\\\/\\\/www.teka.com\\\/es-ec\\\/wp-content\\\/uploads\\\/sites\\\/20\\\/2019\\\/03\\\/Lg_TEKA_Red_Box_RGB-1.svg\",\"contentUrl\":\"https:\\\/\\\/www.teka.com\\\/es-ec\\\/wp-content\\\/uploads\\\/sites\\\/20\\\/2019\\\/03\\\/Lg_TEKA_Red_Box_RGB-1.svg\",\"width\":1,\"height\":1,\"caption\":\"Teka Ecuador\"},\"image\":{\"@id\":\"https:\\\/\\\/www.teka.com\\\/es-ec\\\/#\\\/schema\\\/logo\\\/image\\\/\"},\"sameAs\":[\"https:\\\/\\\/www.facebook.com\\\/TekaEcuador\",\"https:\\\/\\\/x.com\\\/TekaEcuador\",\"https:\\\/\\\/www.instagram.com\\\/tekaecuador\\\/\",\"https:\\\/\\\/www.linkedin.com\\\/company\\\/79951050\\\/\",\"https:\\\/\\\/www.youtube.com\\\/channel\\\/UCxMGBvrLxnh2N7SmSygTooA\"]}]}<\/script>\n<!-- \/ Yoast SEO plugin. -->","yoast_head_json":{"title":"NEO MS 6200 BIS SS | Electrodom\u00e9sticos Teka Ecuador","robots":{"index":"index","follow":"follow","max-snippet":"max-snippet:-1","max-image-preview":"max-image-preview:large","max-video-preview":"max-video-preview:-1"},"canonical":"https:\/\/www.teka.com\/es-ec\/producto\/neo-ms-6200-bis-ss_112070010\/","og_locale":"es_ES","og_type":"article","og_title":"NEO MS 6200 BIS SS | Electrodom\u00e9sticos Teka Ecuador","og_description":"Nuevo dise\u00f1o moderno e intuitivo 3 funciones de cocinado 3 men\u00fas de acceso directo 5 niveles de potencia","og_url":"https:\/\/www.teka.com\/es-ec\/producto\/neo-ms-6200-bis-ss_112070010\/","og_site_name":"Teka Ecuador","article_publisher":"https:\/\/www.facebook.com\/TekaEcuador","og_image":[{"width":300,"height":286,"url":"https:\/\/www.teka.com\/es-ec\/wp-content\/uploads\/sites\/20\/2021\/08\/logo_redondo_info.png","type":"image\/png"}],"twitter_card":"summary_large_image","twitter_site":"@TekaEcuador","schema":{"@context":"https:\/\/schema.org","@graph":[{"@type":"WebPage","@id":"https:\/\/www.teka.com\/es-ec\/producto\/neo-ms-6200-bis-ss_112070010\/","url":"https:\/\/www.teka.com\/es-ec\/producto\/neo-ms-6200-bis-ss_112070010\/","name":"NEO MS 6200 BIS SS | Electrodom\u00e9sticos Teka Ecuador","isPartOf":{"@id":"https:\/\/www.teka.com\/es-ec\/#website"},"datePublished":"2026-05-05T14:33:51+00:00","inLanguage":"es","potentialAction":[{"@type":"ReadAction","target":["https:\/\/www.teka.com\/es-ec\/producto\/neo-ms-6200-bis-ss_112070010\/"]}]},{"@type":"WebSite","@id":"https:\/\/www.teka.com\/es-ec\/#website","url":"https:\/\/www.teka.com\/es-ec\/","name":"Teka Ecuador","description":"","publisher":{"@id":"https:\/\/www.teka.com\/es-ec\/#organization"},"potentialAction":[{"@type":"SearchAction","target":{"@type":"EntryPoint","urlTemplate":"https:\/\/www.teka.com\/es-ec\/?s={search_term_string}"},"query-input":{"@type":"PropertyValueSpecification","valueRequired":true,"valueName":"search_term_string"}}],"inLanguage":"es"},{"@type":"Organization","@id":"https:\/\/www.teka.com\/es-ec\/#organization","name":"Teka Ecuador","url":"https:\/\/www.teka.com\/es-ec\/","logo":{"@type":"ImageObject","inLanguage":"es","@id":"https:\/\/www.teka.com\/es-ec\/#\/schema\/logo\/image\/","url":"https:\/\/www.teka.com\/es-ec\/wp-content\/uploads\/sites\/20\/2019\/03\/Lg_TEKA_Red_Box_RGB-1.svg","contentUrl":"https:\/\/www.teka.com\/es-ec\/wp-content\/uploads\/sites\/20\/2019\/03\/Lg_TEKA_Red_Box_RGB-1.svg","width":1,"height":1,"caption":"Teka Ecuador"},"image":{"@id":"https:\/\/www.teka.com\/es-ec\/#\/schema\/logo\/image\/"},"sameAs":["https:\/\/www.facebook.com\/TekaEcuador","https:\/\/x.com\/TekaEcuador","https:\/\/www.instagram.com\/tekaecuador\/","https:\/\/www.linkedin.com\/company\/79951050\/","https:\/\/www.youtube.com\/channel\/UCxMGBvrLxnh2N7SmSygTooA"]}]}},"_links":{"self":[{"href":"https:\/\/www.teka.com\/es-ec\/wp-json\/wp\/v2\/product\/128896","targetHints":{"allow":["GET"]}}],"collection":[{"href":"https:\/\/www.teka.com\/es-ec\/wp-json\/wp\/v2\/product"}],"about":[{"href":"https:\/\/www.teka.com\/es-ec\/wp-json\/wp\/v2\/types\/product"}],"wp:attachment":[{"href":"https:\/\/www.teka.com\/es-ec\/wp-json\/wp\/v2\/media?parent=128896"}],"wp:term":[{"taxonomy":"product_cat","embeddable":true,"href":"https:\/\/www.teka.com\/es-ec\/wp-json\/wp\/v2\/product_cat?post=128896"},{"taxonomy":"product_cleaning_system","embeddable":true,"href":"https:\/\/www.teka.com\/es-ec\/wp-json\/wp\/v2\/product_cleaning_system?post=128896"},{"taxonomy":"product_3rd_basket","embeddable":true,"href":"https:\/\/www.teka.com\/es-ec\/wp-json\/wp\/v2\/product_3rd_basket?post=128896"},{"taxonomy":"product_drawers","embeddable":true,"href":"https:\/\/www.teka.com\/es-ec\/wp-json\/wp\/v2\/product_drawers?post=128896"},{"taxonomy":"product_type_of_installation","embeddable":true,"href":"https:\/\/www.teka.com\/es-ec\/wp-json\/wp\/v2\/product_type_of_installation?post=128896"},{"taxonomy":"product_edition","embeddable":true,"href":"https:\/\/www.teka.com\/es-ec\/wp-json\/wp\/v2\/product_edition?post=128896"},{"taxonomy":"product_serie","embeddable":true,"href":"https:\/\/www.teka.com\/es-ec\/wp-json\/wp\/v2\/product_serie?post=128896"},{"taxonomy":"product_features","embeddable":true,"href":"https:\/\/www.teka.com\/es-ec\/wp-json\/wp\/v2\/product_features?post=128896"},{"taxonomy":"finishes","embeddable":true,"href":"https:\/\/www.teka.com\/es-ec\/wp-json\/wp\/v2\/finishes?post=128896"},{"taxonomy":"product_bundles","embeddable":true,"href":"https:\/\/www.teka.com\/es-ec\/wp-json\/wp\/v2\/product_bundles?post=128896"},{"taxonomy":"product_energy_efficiency","embeddable":true,"href":"https:\/\/www.teka.com\/es-ec\/wp-json\/wp\/v2\/product_energy_efficiency?post=128896"},{"taxonomy":"product_video_training","embeddable":true,"href":"https:\/\/www.teka.com\/es-ec\/wp-json\/wp\/v2\/product_video_training?post=128896"}],"curies":[{"name":"wp","href":"https:\/\/api.w.org\/{rel}","templated":true}]}}