{"id":130008,"date":"2026-04-25T10:48:38","date_gmt":"2026-04-25T10:48:38","guid":{"rendered":"https:\/\/teka.com\/es-ec\/dfi-46950_114270020"},"modified":"2026-04-21T08:58:29","modified_gmt":"2026-04-21T09:58:29","slug":"dfi-46950_114270020","status":"publish","type":"product","link":"https:\/\/www.teka.com\/es-ec\/producto\/dfi-46950_114270020\/","title":{"rendered":"DFI 46950"},"content":{"rendered":"<ul>\n<li>Lavavajillas panelable de integraci\u00f3n<\/li>\n<li>Control t\u00e1ctil<\/li>\n<li>SlidingDoor<\/li>\n<li>Cesta de f\u00e1cil extracci\u00f3n<\/li>\n<li>Bandeja para cubiertos<\/li>\n<li>Luz interior<\/li>\n<li>Capacidad: 14 cubiertos<\/li>\n<li>Programas de lavado: 8<\/li>\n<li>Seis temperaturas de lavado<\/li>\n<li>9 programas de lavado<\/li>\n<\/ul>\n","protected":false},"featured_media":0,"parent":0,"template":"","product_cat":[3474],"product_cleaning_system":[],"product_3rd_basket":[60979],"product_drawers":[],"product_type_of_installation":[60959],"product_edition":[],"product_serie":[],"product_features":[],"finishes":[],"product_bundles":[],"product_energy_efficiency":[61043],"product_video_training":[61626],"class_list":["post-130008","product","type-product","status-publish","hentry","product_cat-lavavajillas","usp-dishwashers-02","usp-dishwashers-12","usp-dishwashers-15","usp-dishwashers-19","usp-dishwashers-24","color-inox","product_type_of_appliance-integrable","product_icons-beam-on-floor","product_icons-eco-function","product_icons-extra-dry-function","product_icons-smart-sensor","product_icons-third-cutlery-tray","product_icons-multi-cleaner","product_3rd_basket-tercera-bandeja","product_type_of_installation-integrable","product_energy_efficiency-e-ue-icon-new","product_video_training-trainingdishwasers-01"],"acf":[],"yoast_head":"<!-- This site is optimized with the Yoast SEO plugin v27.2 - https:\/\/yoast.com\/product\/yoast-seo-wordpress\/ -->\n<title>DFI 46950 | Electrodom\u00e9sticos Teka Ecuador<\/title>\n<meta name=\"description\" content=\"Toda la informaci\u00f3n sobre los Lavavajillas libre instalaci\u00f3n 60 cm ExpertCare Series para 14 cubiertos con 7 programas de lavado DFS 46710 en la web oficial de Teka Ecuador.\" \/>\n<meta name=\"robots\" content=\"index, follow, max-snippet:-1, max-image-preview:large, max-video-preview:-1\" \/>\n<link rel=\"canonical\" href=\"https:\/\/www.teka.com\/es-ec\/producto\/dfi-46950_114270020\/\" \/>\n<meta property=\"og:locale\" content=\"es_ES\" \/>\n<meta property=\"og:type\" content=\"article\" \/>\n<meta property=\"og:title\" content=\"DFI 46950 | Electrodom\u00e9sticos Teka Ecuador\" \/>\n<meta property=\"og:description\" content=\"Toda la informaci\u00f3n sobre los Lavavajillas libre instalaci\u00f3n 60 cm ExpertCare Series para 14 cubiertos con 7 programas de lavado DFS 46710 en la web oficial de Teka Ecuador.\" \/>\n<meta property=\"og:url\" content=\"https:\/\/www.teka.com\/es-ec\/producto\/dfi-46950_114270020\/\" \/>\n<meta property=\"og:site_name\" content=\"Teka Ecuador\" \/>\n<meta property=\"article:publisher\" content=\"https:\/\/www.facebook.com\/TekaEcuador\" \/>\n<meta property=\"og:image\" content=\"https:\/\/www.teka.com\/es-ec\/wp-content\/uploads\/sites\/20\/2021\/08\/logo_redondo_info.png\" \/>\n\t<meta property=\"og:image:width\" content=\"300\" \/>\n\t<meta property=\"og:image:height\" content=\"286\" \/>\n\t<meta property=\"og:image:type\" content=\"image\/png\" \/>\n<meta name=\"twitter:card\" content=\"summary_large_image\" \/>\n<meta name=\"twitter:site\" content=\"@TekaEcuador\" \/>\n<script type=\"application\/ld+json\" class=\"yoast-schema-graph\">{\"@context\":\"https:\/\/schema.org\",\"@graph\":[{\"@type\":\"WebPage\",\"@id\":\"https:\/\/www.teka.com\/es-ec\/producto\/dfi-46950_114270020\/\",\"url\":\"https:\/\/www.teka.com\/es-ec\/producto\/dfi-46950_114270020\/\",\"name\":\"DFI 46950 | Electrodom\u00e9sticos Teka Ecuador\",\"isPartOf\":{\"@id\":\"https:\/\/www.teka.com\/es-ec\/#website\"},\"datePublished\":\"2026-04-25T10:48:38+00:00\",\"description\":\"Toda la informaci\u00f3n sobre los Lavavajillas libre instalaci\u00f3n 60 cm ExpertCare Series para 14 cubiertos con 7 programas de lavado DFS 46710 en la web oficial de Teka Ecuador.\",\"inLanguage\":\"es\",\"potentialAction\":[{\"@type\":\"ReadAction\",\"target\":[\"https:\/\/www.teka.com\/es-ec\/producto\/dfi-46950_114270020\/\"]}]},{\"@type\":\"WebSite\",\"@id\":\"https:\/\/www.teka.com\/es-ec\/#website\",\"url\":\"https:\/\/www.teka.com\/es-ec\/\",\"name\":\"Teka Ecuador\",\"description\":\"\",\"publisher\":{\"@id\":\"https:\/\/www.teka.com\/es-ec\/#organization\"},\"potentialAction\":[{\"@type\":\"SearchAction\",\"target\":{\"@type\":\"EntryPoint\",\"urlTemplate\":\"https:\/\/www.teka.com\/es-ec\/?s={search_term_string}\"},\"query-input\":{\"@type\":\"PropertyValueSpecification\",\"valueRequired\":true,\"valueName\":\"search_term_string\"}}],\"inLanguage\":\"es\"},{\"@type\":\"Organization\",\"@id\":\"https:\/\/www.teka.com\/es-ec\/#organization\",\"name\":\"Teka Ecuador\",\"url\":\"https:\/\/www.teka.com\/es-ec\/\",\"logo\":{\"@type\":\"ImageObject\",\"inLanguage\":\"es\",\"@id\":\"https:\/\/www.teka.com\/es-ec\/#\/schema\/logo\/image\/\",\"url\":\"https:\/\/www.teka.com\/es-ec\/wp-content\/uploads\/sites\/20\/2019\/03\/Lg_TEKA_Red_Box_RGB-1.svg\",\"contentUrl\":\"https:\/\/www.teka.com\/es-ec\/wp-content\/uploads\/sites\/20\/2019\/03\/Lg_TEKA_Red_Box_RGB-1.svg\",\"width\":1,\"height\":1,\"caption\":\"Teka Ecuador\"},\"image\":{\"@id\":\"https:\/\/www.teka.com\/es-ec\/#\/schema\/logo\/image\/\"},\"sameAs\":[\"https:\/\/www.facebook.com\/TekaEcuador\",\"https:\/\/x.com\/TekaEcuador\",\"https:\/\/www.instagram.com\/tekaecuador\/\",\"https:\/\/www.linkedin.com\/company\/79951050\/\",\"https:\/\/www.youtube.com\/channel\/UCxMGBvrLxnh2N7SmSygTooA\"]}]}<\/script>\n<!-- \/ Yoast SEO plugin. -->","yoast_head_json":{"title":"DFI 46950 | Electrodom\u00e9sticos Teka Ecuador","description":"Toda la informaci\u00f3n sobre los Lavavajillas libre instalaci\u00f3n 60 cm ExpertCare Series para 14 cubiertos con 7 programas de lavado DFS 46710 en la web oficial de Teka Ecuador.","robots":{"index":"index","follow":"follow","max-snippet":"max-snippet:-1","max-image-preview":"max-image-preview:large","max-video-preview":"max-video-preview:-1"},"canonical":"https:\/\/www.teka.com\/es-ec\/producto\/dfi-46950_114270020\/","og_locale":"es_ES","og_type":"article","og_title":"DFI 46950 | Electrodom\u00e9sticos Teka Ecuador","og_description":"Toda la informaci\u00f3n sobre los Lavavajillas libre instalaci\u00f3n 60 cm ExpertCare Series para 14 cubiertos con 7 programas de lavado DFS 46710 en la web oficial de Teka Ecuador.","og_url":"https:\/\/www.teka.com\/es-ec\/producto\/dfi-46950_114270020\/","og_site_name":"Teka Ecuador","article_publisher":"https:\/\/www.facebook.com\/TekaEcuador","og_image":[{"width":300,"height":286,"url":"https:\/\/www.teka.com\/es-ec\/wp-content\/uploads\/sites\/20\/2021\/08\/logo_redondo_info.png","type":"image\/png"}],"twitter_card":"summary_large_image","twitter_site":"@TekaEcuador","schema":{"@context":"https:\/\/schema.org","@graph":[{"@type":"WebPage","@id":"https:\/\/www.teka.com\/es-ec\/producto\/dfi-46950_114270020\/","url":"https:\/\/www.teka.com\/es-ec\/producto\/dfi-46950_114270020\/","name":"DFI 46950 | Electrodom\u00e9sticos Teka Ecuador","isPartOf":{"@id":"https:\/\/www.teka.com\/es-ec\/#website"},"datePublished":"2026-04-25T10:48:38+00:00","description":"Toda la informaci\u00f3n sobre los Lavavajillas libre instalaci\u00f3n 60 cm ExpertCare Series para 14 cubiertos con 7 programas de lavado DFS 46710 en la web oficial de Teka Ecuador.","inLanguage":"es","potentialAction":[{"@type":"ReadAction","target":["https:\/\/www.teka.com\/es-ec\/producto\/dfi-46950_114270020\/"]}]},{"@type":"WebSite","@id":"https:\/\/www.teka.com\/es-ec\/#website","url":"https:\/\/www.teka.com\/es-ec\/","name":"Teka Ecuador","description":"","publisher":{"@id":"https:\/\/www.teka.com\/es-ec\/#organization"},"potentialAction":[{"@type":"SearchAction","target":{"@type":"EntryPoint","urlTemplate":"https:\/\/www.teka.com\/es-ec\/?s={search_term_string}"},"query-input":{"@type":"PropertyValueSpecification","valueRequired":true,"valueName":"search_term_string"}}],"inLanguage":"es"},{"@type":"Organization","@id":"https:\/\/www.teka.com\/es-ec\/#organization","name":"Teka Ecuador","url":"https:\/\/www.teka.com\/es-ec\/","logo":{"@type":"ImageObject","inLanguage":"es","@id":"https:\/\/www.teka.com\/es-ec\/#\/schema\/logo\/image\/","url":"https:\/\/www.teka.com\/es-ec\/wp-content\/uploads\/sites\/20\/2019\/03\/Lg_TEKA_Red_Box_RGB-1.svg","contentUrl":"https:\/\/www.teka.com\/es-ec\/wp-content\/uploads\/sites\/20\/2019\/03\/Lg_TEKA_Red_Box_RGB-1.svg","width":1,"height":1,"caption":"Teka Ecuador"},"image":{"@id":"https:\/\/www.teka.com\/es-ec\/#\/schema\/logo\/image\/"},"sameAs":["https:\/\/www.facebook.com\/TekaEcuador","https:\/\/x.com\/TekaEcuador","https:\/\/www.instagram.com\/tekaecuador\/","https:\/\/www.linkedin.com\/company\/79951050\/","https:\/\/www.youtube.com\/channel\/UCxMGBvrLxnh2N7SmSygTooA"]}]}},"_links":{"self":[{"href":"https:\/\/www.teka.com\/es-ec\/wp-json\/wp\/v2\/product\/130008","targetHints":{"allow":["GET"]}}],"collection":[{"href":"https:\/\/www.teka.com\/es-ec\/wp-json\/wp\/v2\/product"}],"about":[{"href":"https:\/\/www.teka.com\/es-ec\/wp-json\/wp\/v2\/types\/product"}],"wp:attachment":[{"href":"https:\/\/www.teka.com\/es-ec\/wp-json\/wp\/v2\/media?parent=130008"}],"wp:term":[{"taxonomy":"product_cat","embeddable":true,"href":"https:\/\/www.teka.com\/es-ec\/wp-json\/wp\/v2\/product_cat?post=130008"},{"taxonomy":"product_cleaning_system","embeddable":true,"href":"https:\/\/www.teka.com\/es-ec\/wp-json\/wp\/v2\/product_cleaning_system?post=130008"},{"taxonomy":"product_3rd_basket","embeddable":true,"href":"https:\/\/www.teka.com\/es-ec\/wp-json\/wp\/v2\/product_3rd_basket?post=130008"},{"taxonomy":"product_drawers","embeddable":true,"href":"https:\/\/www.teka.com\/es-ec\/wp-json\/wp\/v2\/product_drawers?post=130008"},{"taxonomy":"product_type_of_installation","embeddable":true,"href":"https:\/\/www.teka.com\/es-ec\/wp-json\/wp\/v2\/product_type_of_installation?post=130008"},{"taxonomy":"product_edition","embeddable":true,"href":"https:\/\/www.teka.com\/es-ec\/wp-json\/wp\/v2\/product_edition?post=130008"},{"taxonomy":"product_serie","embeddable":true,"href":"https:\/\/www.teka.com\/es-ec\/wp-json\/wp\/v2\/product_serie?post=130008"},{"taxonomy":"product_features","embeddable":true,"href":"https:\/\/www.teka.com\/es-ec\/wp-json\/wp\/v2\/product_features?post=130008"},{"taxonomy":"finishes","embeddable":true,"href":"https:\/\/www.teka.com\/es-ec\/wp-json\/wp\/v2\/finishes?post=130008"},{"taxonomy":"product_bundles","embeddable":true,"href":"https:\/\/www.teka.com\/es-ec\/wp-json\/wp\/v2\/product_bundles?post=130008"},{"taxonomy":"product_energy_efficiency","embeddable":true,"href":"https:\/\/www.teka.com\/es-ec\/wp-json\/wp\/v2\/product_energy_efficiency?post=130008"},{"taxonomy":"product_video_training","embeddable":true,"href":"https:\/\/www.teka.com\/es-ec\/wp-json\/wp\/v2\/product_video_training?post=130008"}],"curies":[{"name":"wp","href":"https:\/\/api.w.org\/{rel}","templated":true}]}}