{"id":136389,"date":"2023-11-28T15:35:34","date_gmt":"2023-11-28T14:35:34","guid":{"rendered":"https:\/\/www.teka.com\/es-es\/?page_id=136389"},"modified":"2023-12-13T12:18:52","modified_gmt":"2023-12-13T11:18:52","slug":"back-to-the-black-matte","status":"publish","type":"page","link":"https:\/\/www.teka.com\/es-es\/back-to-the-black-matte\/","title":{"rendered":"Documental Back to the Black Matte"},"content":{"rendered":"<p>[et_pb_section fb_built=\u00bb1&#8243; fullwidth=\u00bbon\u00bb disabled_on=\u00bbon|on|on\u00bb admin_label=\u00bbHeader\u00bb module_id=\u00bbmejor-restaurante\u00bb module_class=\u00bbopen_fullscreen\u00bb _builder_version=\u00bb4.16&#8243; _module_preset=\u00bbdefault\u00bb module_alignment=\u00bbcenter\u00bb min_height_phone=\u00bb811px\u00bb min_height_last_edited=\u00bboff|desktop\u00bb max_height_phone=\u00bb811px\u00bb max_height_last_edited=\u00bboff|desktop\u00bb custom_margin=\u00bb||||false|false\u00bb custom_margin_tablet=\u00bb-50px||||false|false\u00bb custom_margin_phone=\u00bb-20px||||false|false\u00bb custom_margin_last_edited=\u00bboff|desktop\u00bb disabled=\u00bbon\u00bb collapsed=\u00bbon\u00bb global_colors_info=\u00bb{}\u00bb][et_pb_fullwidth_header header_fullscreen=\u00bbon\u00bb button_one_text=\u00bbWatch the documentary\u00bb button_one_url=\u00bbhttps:\/\/www.youtube.com\/watch?v=sNCBuQjg82w\u00bb content_tablet=\u00bb<\/p>\n<h1 style=%22margin-bottom: 12px;%22>Today is a great day<br \/><strong>for meat lovers<\/strong><\/h1>\n<p>\u00bb content_phone=\u00bb<\/p>\n<h1 style=%22margin-bottom: 12px;%22>Today is a great day <strong>for meat lovers<\/strong><\/h1>\n<p>\u00bb content_last_edited=\u00bbon|phone\u00bb content_max_width_phone=\u00bb150%\u00bb content_max_width_last_edited=\u00bboff|phone\u00bb _builder_version=\u00bb4.22.1&#8243; _module_preset=\u00bbdefault\u00bb title_font=\u00bb||||||||\u00bb title_text_align=\u00bbleft\u00bb title_font_size=\u00bb45px\u00bb title_line_height=\u00bb1.15em\u00bb subhead_text_align=\u00bbleft\u00bb background_enable_color=\u00bboff\u00bb background_image=\u00bbhttps:\/\/www.teka.com\/global\/wp-content\/uploads\/sites\/3\/2023\/11\/Back-to-the-Black-Matte-documentary_BG-scaled.webp\u00bb background_enable_video_mp4=\u00bboff\u00bb custom_button_one=\u00bbon\u00bb button_one_text_size=\u00bb18px\u00bb button_one_border_width=\u00bb0px\u00bb button_one_border_radius=\u00bb0px\u00bb button_one_font=\u00bb||||||||\u00bb button_one_icon=\u00bb&#x49;||divi||400&#8243; button_one_icon_placement=\u00bbleft\u00bb button_one_on_hover=\u00bboff\u00bb button_one_custom_margin=\u00bb|||-10px|false|false\u00bb module_alignment=\u00bbcenter\u00bb max_height_phone=\u00bb811px\u00bb max_height_last_edited=\u00bboff|desktop\u00bb animation_style=\u00bbfade\u00bb title_text_align_phone=\u00bbcenter\u00bb title_text_align_last_edited=\u00bboff|phone\u00bb title_font_size_tablet=\u00bb\u00bb title_font_size_phone=\u00bb30px\u00bb title_font_size_last_edited=\u00bbon|phone\u00bb background_last_edited=\u00bboff|phone\u00bb background_image_phone=\u00bbhttps:\/\/www.teka.com\/global\/wp-content\/uploads\/sites\/3\/2023\/11\/background-leon-02-mobile.jpg\u00bb background_enable_image_phone=\u00bbon\u00bb module_alignment_tablet=\u00bb\u00bb module_alignment_phone=\u00bbcenter\u00bb module_alignment_last_edited=\u00bbon|phone\u00bb global_colors_info=\u00bb{}\u00bb]<\/p>\n<h1 style=\"margin-bottom: 12px;\">Back to the<br \/><strong>Black Matte<\/strong><\/h1>\n<p>[\/et_pb_fullwidth_header][\/et_pb_section][et_pb_section fb_built=\u00bb1&#8243; fullwidth=\u00bbon\u00bb admin_label=\u00bbHeader\u00bb _builder_version=\u00bb4.22.1&#8243; _module_preset=\u00bbdefault\u00bb background_enable_image=\u00bboff\u00bb background_position=\u00bbtop_center\u00bb module_alignment=\u00bbcenter\u00bb min_height_phone=\u00bb811px\u00bb min_height_last_edited=\u00bboff|desktop\u00bb max_height_phone=\u00bb811px\u00bb max_height_last_edited=\u00bboff|desktop\u00bb custom_margin=\u00bb||||false|false\u00bb custom_margin_tablet=\u00bb-50px||||false|false\u00bb custom_margin_phone=\u00bb-20px||||false|false\u00bb custom_margin_last_edited=\u00bboff|desktop\u00bb locked=\u00bboff\u00bb collapsed=\u00bboff\u00bb global_colors_info=\u00bb{}\u00bb][et_pb_fullwidth_image title_text=\u00bbBack-to-the-Black-Matte-documentary_BG2&#8243; _builder_version=\u00bb4.22.1&#8243; _module_preset=\u00bbdefault\u00bb background_image=\u00bbhttps:\/\/www.teka.com\/global\/wp-content\/uploads\/sites\/3\/2023\/11\/Back-to-the-Black-Matte-documentary_BG2-scaled.webp\u00bb background_position=\u00bbtop_center\u00bb module_alignment=\u00bbcenter\u00bb min_height=\u00bb1000px\u00bb height=\u00bb1200px\u00bb global_colors_info=\u00bb{}\u00bb][\/et_pb_fullwidth_image][\/et_pb_section][et_pb_section fb_built=\u00bb1&#8243; _builder_version=\u00bb4.22.1&#8243; _module_preset=\u00bbdefault\u00bb background_color=\u00bb#000000&#8243; custom_margin=\u00bb||||false|false\u00bb custom_margin_tablet=\u00bb-136px||||false|false\u00bb custom_margin_phone=\u00bb-131px||||false|false\u00bb custom_margin_last_edited=\u00bbon|tablet\u00bb collapsed=\u00bboff\u00bb global_colors_info=\u00bb{}\u00bb][et_pb_row admin_label=\u00bbIntro\u00bb _builder_version=\u00bb4.22.1&#8243; _module_preset=\u00bbdefault\u00bb global_colors_info=\u00bb{}\u00bb][et_pb_column type=\u00bb4_4&#8243; _builder_version=\u00bb4.22.1&#8243; _module_preset=\u00bbdefault\u00bb global_colors_info=\u00bb{}\u00bb][et_pb_text disabled_on=\u00bbon|on|on\u00bb _builder_version=\u00bb4.22.1&#8243; _module_preset=\u00bbdefault\u00bb text_font=\u00bb|300|||||||\u00bb background_layout=\u00bbdark\u00bb disabled=\u00bbon\u00bb global_colors_info=\u00bb{}\u00bb]<\/p>\n<h1><strong>Back to the Black Matte<\/strong><\/h1>\n<p>[\/et_pb_text][et_pb_text _builder_version=\u00bb4.22.1&#8243; _module_preset=\u00bbdefault\u00bb text_font=\u00bb|300|||||||\u00bb background_layout=\u00bbdark\u00bb global_colors_info=\u00bb{}\u00bb]<\/p>\n<p>Pocas veces podemos ser testigos de innovaciones que dejan huella entre los consumidores. Cuando esto ocurre, estos productos se ganan un hueco en el imaginario popular y en la historia de sus industrias.<\/p>\n<p>En el mundo del dise\u00f1o, son pocas las ocasiones en las que marcas ic\u00f3nicas se unen para colaborar en un proyecto conjunto.<\/p>\n<p>En el a\u00f1o 2020, Italdesign Giugiaro y Teka Group, iniciaron un proyecto muy especial, con el objetivo de dise\u00f1ar una l\u00ednea completa de electrodom\u00e9sticos de cocina.<\/p>\n<p>Italdesign Giugiaro es probablemente el estudio de dise\u00f1o de autom\u00f3viles m\u00e1s reconocido a nivel mundial. Este estudio ha dise\u00f1ado algunos de los coches m\u00e1s ic\u00f3nicos de la historia para marcas como Ferrari, Lamborghini, Bugatti, Maserati o Volkswagen.<\/p>\n<p>El documental <strong>Back to the Black Matte<\/strong> muestra la historia del proceso de ideaci\u00f3n y dise\u00f1o del lanzamiento de Infinity | G1 Edition de Teka.<\/p>\n<p>&nbsp;<\/p>\n<p>&nbsp;<\/p>\n<p>[\/et_pb_text][\/et_pb_column][\/et_pb_row][et_pb_row admin_label=\u00bbVideo\u00bb _builder_version=\u00bb4.22.1&#8243; _module_preset=\u00bbdefault\u00bb collapsed=\u00bboff\u00bb global_colors_info=\u00bb{}\u00bb][et_pb_column type=\u00bb4_4&#8243; _builder_version=\u00bb4.16&#8243; _module_preset=\u00bbdefault\u00bb global_colors_info=\u00bb{}\u00bb][et_pb_code _builder_version=\u00bb4.22.1&#8243; _module_preset=\u00bbdefault\u00bb hover_enabled=\u00bb0&#8243; global_colors_info=\u00bb{}\u00bb sticky_enabled=\u00bb0&#8243;]<iframe loading=\"lazy\" width=\"560\" height=\"315\" src=\"https:\/\/www.youtube-nocookie.com\/embed\/1fD0iLSel9s?si=rjHSUZUlv3rViXBe\" title=\"YouTube video player\" frameborder=\"0\" allow=\"accelerometer; autoplay; clipboard-write; encrypted-media; gyroscope; picture-in-picture; web-share\" allowfullscreen<\/iframe>[\/et_pb_code][\/et_pb_column][\/et_pb_row][et_pb_row _builder_version=\u00bb4.22.1&#8243; _module_preset=\u00bbdefault\u00bb global_colors_info=\u00bb{}\u00bb][et_pb_column type=\u00bb4_4&#8243; _builder_version=\u00bb4.22.1&#8243; _module_preset=\u00bbdefault\u00bb global_colors_info=\u00bb{}\u00bb][et_pb_text _builder_version=\u00bb4.22.1&#8243; _module_preset=\u00bbdefault\u00bb text_font=\u00bb|300|||||||\u00bb text_font_size=\u00bb20px\u00bb text_orientation=\u00bbcenter\u00bb background_layout=\u00bbdark\u00bb global_colors_info=\u00bb{}\u00bb]<\/p>\n<p>&nbsp;<\/p>\n<p>Because everyone deserves great design.<\/p>\n<p>[\/et_pb_text][\/et_pb_column][\/et_pb_row][\/et_pb_section]<\/p>\n","protected":false},"excerpt":{"rendered":"<p>Back to theBlack MatteBack to the Black MattePocas veces podemos ser testigos de innovaciones que dejan huella entre los consumidores. Cuando esto ocurre, estos productos se ganan un hueco en el imaginario popular y en la historia de sus industrias. En el mundo del dise\u00f1o, son pocas las ocasiones en las que marcas ic\u00f3nicas se [&hellip;]<\/p>\n","protected":false},"author":4,"featured_media":0,"parent":0,"menu_order":0,"comment_status":"closed","ping_status":"closed","template":"","meta":{"_acf_changed":false,"_et_pb_use_builder":"on","_et_pb_old_content":"","_et_gb_content_width":"","footnotes":""},"class_list":["post-136389","page","type-page","status-publish","hentry"],"acf":[],"yoast_head":"<!-- This site is optimized with the Yoast SEO plugin v27.5 - https:\/\/yoast.com\/product\/yoast-seo-wordpress\/ -->\n<title>Documental Back to the Black Matte | Teka Espa\u00f1a<\/title>\n<meta name=\"robots\" content=\"index, follow, max-snippet:-1, max-image-preview:large, max-video-preview:-1\" \/>\n<link rel=\"canonical\" href=\"https:\/\/www.teka.com\/es-es\/back-to-the-black-matte\/\" \/>\n<meta property=\"og:locale\" content=\"es_ES\" \/>\n<meta property=\"og:type\" content=\"article\" \/>\n<meta property=\"og:title\" content=\"Documental Back to the Black Matte | Teka Espa\u00f1a\" \/>\n<meta property=\"og:description\" content=\"Back to theBlack MatteBack to the Black MattePocas veces podemos ser testigos de innovaciones que dejan huella entre los consumidores. Cuando esto ocurre, estos productos se ganan un hueco en el imaginario popular y en la historia de sus industrias. En el mundo del dise\u00f1o, son pocas las ocasiones en las que marcas ic\u00f3nicas se [&hellip;]\" \/>\n<meta property=\"og:url\" content=\"https:\/\/www.teka.com\/es-es\/back-to-the-black-matte\/\" \/>\n<meta property=\"og:site_name\" content=\"Teka Espa\u00f1a\" \/>\n<meta property=\"article:modified_time\" content=\"2023-12-13T11:18:52+00:00\" \/>\n<meta name=\"twitter:card\" content=\"summary_large_image\" \/>\n<meta name=\"twitter:label1\" content=\"Tiempo de lectura\" \/>\n\t<meta name=\"twitter:data1\" content=\"2 minutos\" \/>\n<script type=\"application\/ld+json\" class=\"yoast-schema-graph\">{\"@context\":\"https:\\\/\\\/schema.org\",\"@graph\":[{\"@type\":\"WebPage\",\"@id\":\"https:\\\/\\\/www.teka.com\\\/es-es\\\/back-to-the-black-matte\\\/\",\"url\":\"https:\\\/\\\/www.teka.com\\\/es-es\\\/back-to-the-black-matte\\\/\",\"name\":\"Documental Back to the Black Matte | Teka Espa\u00f1a\",\"isPartOf\":{\"@id\":\"https:\\\/\\\/www.teka.com\\\/es-es\\\/#website\"},\"datePublished\":\"2023-11-28T14:35:34+00:00\",\"dateModified\":\"2023-12-13T11:18:52+00:00\",\"inLanguage\":\"es\",\"potentialAction\":[{\"@type\":\"ReadAction\",\"target\":[\"https:\\\/\\\/www.teka.com\\\/es-es\\\/back-to-the-black-matte\\\/\"]}]},{\"@type\":\"WebSite\",\"@id\":\"https:\\\/\\\/www.teka.com\\\/es-es\\\/#website\",\"url\":\"https:\\\/\\\/www.teka.com\\\/es-es\\\/\",\"name\":\"Teka Espa\u00f1a\",\"description\":\"\",\"publisher\":{\"@id\":\"https:\\\/\\\/www.teka.com\\\/es-es\\\/#organization\"},\"potentialAction\":[{\"@type\":\"SearchAction\",\"target\":{\"@type\":\"EntryPoint\",\"urlTemplate\":\"https:\\\/\\\/www.teka.com\\\/es-es\\\/?s={search_term_string}\"},\"query-input\":{\"@type\":\"PropertyValueSpecification\",\"valueRequired\":true,\"valueName\":\"search_term_string\"}}],\"inLanguage\":\"es\"},{\"@type\":\"Organization\",\"@id\":\"https:\\\/\\\/www.teka.com\\\/es-es\\\/#organization\",\"name\":\"Teka Espa\u00f1a\",\"url\":\"https:\\\/\\\/www.teka.com\\\/es-es\\\/\",\"logo\":{\"@type\":\"ImageObject\",\"inLanguage\":\"es\",\"@id\":\"https:\\\/\\\/www.teka.com\\\/es-es\\\/#\\\/schema\\\/logo\\\/image\\\/\",\"url\":\"https:\\\/\\\/www.teka.com\\\/es-es\\\/wp-content\\\/uploads\\\/sites\\\/2\\\/2020\\\/08\\\/teka-new-logo.png\",\"contentUrl\":\"https:\\\/\\\/www.teka.com\\\/es-es\\\/wp-content\\\/uploads\\\/sites\\\/2\\\/2020\\\/08\\\/teka-new-logo.png\",\"width\":1024,\"height\":1024,\"caption\":\"Teka Espa\u00f1a\"},\"image\":{\"@id\":\"https:\\\/\\\/www.teka.com\\\/es-es\\\/#\\\/schema\\\/logo\\\/image\\\/\"}}]}<\/script>\n<!-- \/ Yoast SEO plugin. -->","yoast_head_json":{"title":"Documental Back to the Black Matte | Teka Espa\u00f1a","robots":{"index":"index","follow":"follow","max-snippet":"max-snippet:-1","max-image-preview":"max-image-preview:large","max-video-preview":"max-video-preview:-1"},"canonical":"https:\/\/www.teka.com\/es-es\/back-to-the-black-matte\/","og_locale":"es_ES","og_type":"article","og_title":"Documental Back to the Black Matte | Teka Espa\u00f1a","og_description":"Back to theBlack MatteBack to the Black MattePocas veces podemos ser testigos de innovaciones que dejan huella entre los consumidores. Cuando esto ocurre, estos productos se ganan un hueco en el imaginario popular y en la historia de sus industrias. En el mundo del dise\u00f1o, son pocas las ocasiones en las que marcas ic\u00f3nicas se [&hellip;]","og_url":"https:\/\/www.teka.com\/es-es\/back-to-the-black-matte\/","og_site_name":"Teka Espa\u00f1a","article_modified_time":"2023-12-13T11:18:52+00:00","twitter_card":"summary_large_image","twitter_misc":{"Tiempo de lectura":"2 minutos"},"schema":{"@context":"https:\/\/schema.org","@graph":[{"@type":"WebPage","@id":"https:\/\/www.teka.com\/es-es\/back-to-the-black-matte\/","url":"https:\/\/www.teka.com\/es-es\/back-to-the-black-matte\/","name":"Documental Back to the Black Matte | Teka Espa\u00f1a","isPartOf":{"@id":"https:\/\/www.teka.com\/es-es\/#website"},"datePublished":"2023-11-28T14:35:34+00:00","dateModified":"2023-12-13T11:18:52+00:00","inLanguage":"es","potentialAction":[{"@type":"ReadAction","target":["https:\/\/www.teka.com\/es-es\/back-to-the-black-matte\/"]}]},{"@type":"WebSite","@id":"https:\/\/www.teka.com\/es-es\/#website","url":"https:\/\/www.teka.com\/es-es\/","name":"Teka Espa\u00f1a","description":"","publisher":{"@id":"https:\/\/www.teka.com\/es-es\/#organization"},"potentialAction":[{"@type":"SearchAction","target":{"@type":"EntryPoint","urlTemplate":"https:\/\/www.teka.com\/es-es\/?s={search_term_string}"},"query-input":{"@type":"PropertyValueSpecification","valueRequired":true,"valueName":"search_term_string"}}],"inLanguage":"es"},{"@type":"Organization","@id":"https:\/\/www.teka.com\/es-es\/#organization","name":"Teka Espa\u00f1a","url":"https:\/\/www.teka.com\/es-es\/","logo":{"@type":"ImageObject","inLanguage":"es","@id":"https:\/\/www.teka.com\/es-es\/#\/schema\/logo\/image\/","url":"https:\/\/www.teka.com\/es-es\/wp-content\/uploads\/sites\/2\/2020\/08\/teka-new-logo.png","contentUrl":"https:\/\/www.teka.com\/es-es\/wp-content\/uploads\/sites\/2\/2020\/08\/teka-new-logo.png","width":1024,"height":1024,"caption":"Teka Espa\u00f1a"},"image":{"@id":"https:\/\/www.teka.com\/es-es\/#\/schema\/logo\/image\/"}}]}},"_links":{"self":[{"href":"https:\/\/www.teka.com\/es-es\/wp-json\/wp\/v2\/pages\/136389","targetHints":{"allow":["GET"]}}],"collection":[{"href":"https:\/\/www.teka.com\/es-es\/wp-json\/wp\/v2\/pages"}],"about":[{"href":"https:\/\/www.teka.com\/es-es\/wp-json\/wp\/v2\/types\/page"}],"author":[{"embeddable":true,"href":"https:\/\/www.teka.com\/es-es\/wp-json\/wp\/v2\/users\/4"}],"replies":[{"embeddable":true,"href":"https:\/\/www.teka.com\/es-es\/wp-json\/wp\/v2\/comments?post=136389"}],"version-history":[{"count":44,"href":"https:\/\/www.teka.com\/es-es\/wp-json\/wp\/v2\/pages\/136389\/revisions"}],"predecessor-version":[{"id":136603,"href":"https:\/\/www.teka.com\/es-es\/wp-json\/wp\/v2\/pages\/136389\/revisions\/136603"}],"wp:attachment":[{"href":"https:\/\/www.teka.com\/es-es\/wp-json\/wp\/v2\/media?parent=136389"}],"curies":[{"name":"wp","href":"https:\/\/api.w.org\/{rel}","templated":true}]}}