{"id":137784,"date":"2024-02-08T08:46:00","date_gmt":"2024-02-08T07:46:00","guid":{"rendered":"https:\/\/www.teka.com\/es-es\/?page_id=137784"},"modified":"2024-02-08T09:08:52","modified_gmt":"2024-02-08T08:08:52","slug":"recetario-pizza","status":"publish","type":"page","link":"https:\/\/www.teka.com\/es-es\/recetario-pizza\/","title":{"rendered":"Recetario Pizza"},"content":{"rendered":"<p>[et_pb_section fb_built=\u00bb1&#8243; admin_label=\u00bbsection\u00bb _builder_version=\u00bb4.22.1&#8243; background_image=\u00bbhttps:\/\/www.teka.com\/es-es\/wp-content\/uploads\/sites\/2\/2024\/02\/HLC_8510_P_BK_MaestroPizza_Ambient1.jpg\u00bb locked=\u00bboff\u00bb global_colors_info=\u00bb{}\u00bb][et_pb_row column_structure=\u00bb1_2,1_2&#8243; admin_label=\u00bbrow\u00bb _builder_version=\u00bb4.22.1&#8243; background_size=\u00bbinitial\u00bb background_position=\u00bbtop_left\u00bb background_repeat=\u00bbrepeat\u00bb height=\u00bb600px\u00bb hover_enabled=\u00bb0&#8243; global_colors_info=\u00bb{}\u00bb sticky_enabled=\u00bb0&#8243;][et_pb_column type=\u00bb1_2&#8243; _builder_version=\u00bb4.16&#8243; custom_padding=\u00bb|||\u00bb global_colors_info=\u00bb{}\u00bb custom_padding__hover=\u00bb|||\u00bb][et_pb_image src=\u00bbhttps:\/\/www.teka.com\/es-es\/wp-content\/uploads\/sites\/2\/2024\/02\/Mockup-recetario_Dia-mundial-de-la-pizza.png\u00bb title_text=\u00bbMockup recetario_Dia mundial de la pizza\u00bb align=\u00bbcenter\u00bb _builder_version=\u00bb4.22.1&#8243; _module_preset=\u00bbdefault\u00bb width=\u00bb80%\u00bb max_width=\u00bb80%\u00bb global_colors_info=\u00bb{}\u00bb][\/et_pb_image][et_pb_button button_url=\u00bbhttps:\/\/www.teka.com\/es-es\/wp-content\/uploads\/sites\/2\/2024\/02\/Recetario-Dia-Mundial-de-la-Pizza.pdf\u00bb url_new_window=\u00bbon\u00bb button_text=\u00bbDescargar el recetario\u00bb button_alignment=\u00bbcenter\u00bb _builder_version=\u00bb4.22.1&#8243; _module_preset=\u00bbdefault\u00bb custom_button=\u00bbon\u00bb button_text_size=\u00bb15px\u00bb button_text_color=\u00bb#FFFFFF\u00bb button_bg_color=\u00bb#c8102e\u00bb button_border_width=\u00bb2px\u00bb button_border_color=\u00bb#c8102e\u00bb button_border_radius=\u00bb4px\u00bb button_font=\u00bb|600|||||||\u00bb button_use_icon=\u00bboff\u00bb custom_margin=\u00bb||||false|false\u00bb locked=\u00bboff\u00bb global_colors_info=\u00bb{}\u00bb][\/et_pb_button][\/et_pb_column][et_pb_column type=\u00bb1_2&#8243; _builder_version=\u00bb4.16&#8243; custom_padding=\u00bb|||\u00bb global_colors_info=\u00bb{}\u00bb custom_padding__hover=\u00bb|||\u00bb][et_pb_image src=\u00bbhttps:\/\/www.teka.com\/es-es\/wp-content\/uploads\/sites\/2\/2024\/02\/Texto_Recetario-Dia-mundial-de-la-pizza.png\u00bb title_text=\u00bbTexto_Recetario Dia mundial de la pizza\u00bb align=\u00bbcenter\u00bb _builder_version=\u00bb4.22.1&#8243; _module_preset=\u00bbdefault\u00bb width=\u00bb80%\u00bb global_colors_info=\u00bb{}\u00bb][\/et_pb_image][et_pb_text _builder_version=\u00bb4.22.1&#8243; _module_preset=\u00bbdefault\u00bb text_font_size=\u00bb15px\u00bb background_layout=\u00bbdark\u00bb module_alignment=\u00bbleft\u00bb module_alignment_tablet=\u00bb\u00bb module_alignment_phone=\u00bb\u00bb module_alignment_last_edited=\u00bbon|desktop\u00bb global_colors_info=\u00bb{}\u00bb]<\/p>\n<p>La pizza es una de las comidas italianas m\u00e1s internacionales y el plato m\u00e1s consumido del mundo. <\/p>\n<p>Con motivo del D\u00eda Mundial de la Pizza, Teka ha recopilado una serie de recetas de esta t\u00edpica preparaci\u00f3n italiana con propuestas para todos los gustos. Porque ser un aut\u00e9ntico pizzaiolo en casa, es posible.<\/p>\n<p>[\/et_pb_text][\/et_pb_column][\/et_pb_row][\/et_pb_section]<\/p>\n","protected":false},"excerpt":{"rendered":"<p>La pizza es una de las comidas italianas m\u00e1s internacionales y el plato m\u00e1s consumido del mundo. Con motivo del D\u00eda Mundial de la Pizza, Teka ha recopilado una serie de recetas de esta t\u00edpica preparaci\u00f3n italiana con propuestas para todos los gustos. Porque ser un aut\u00e9ntico pizzaiolo en casa, es posible.<\/p>\n","protected":false},"author":157,"featured_media":0,"parent":0,"menu_order":0,"comment_status":"closed","ping_status":"closed","template":"","meta":{"_acf_changed":false,"_et_pb_use_builder":"on","_et_pb_old_content":"","_et_gb_content_width":"","footnotes":""},"class_list":["post-137784","page","type-page","status-publish","hentry"],"acf":[],"yoast_head":"<!-- This site is optimized with the Yoast SEO plugin v27.5 - https:\/\/yoast.com\/product\/yoast-seo-wordpress\/ -->\n<title>Recetario Pizza | Teka Espa\u00f1a<\/title>\n<meta name=\"robots\" content=\"index, follow, max-snippet:-1, max-image-preview:large, max-video-preview:-1\" \/>\n<link rel=\"canonical\" href=\"https:\/\/www.teka.com\/es-es\/recetario-pizza\/\" \/>\n<meta property=\"og:locale\" content=\"es_ES\" \/>\n<meta property=\"og:type\" content=\"article\" \/>\n<meta property=\"og:title\" content=\"Recetario Pizza | Teka Espa\u00f1a\" \/>\n<meta property=\"og:description\" content=\"La pizza es una de las comidas italianas m\u00e1s internacionales y el plato m\u00e1s consumido del mundo. Con motivo del D\u00eda Mundial de la Pizza, Teka ha recopilado una serie de recetas de esta t\u00edpica preparaci\u00f3n italiana con propuestas para todos los gustos. Porque ser un aut\u00e9ntico pizzaiolo en casa, es posible.\" \/>\n<meta property=\"og:url\" content=\"https:\/\/www.teka.com\/es-es\/recetario-pizza\/\" \/>\n<meta property=\"og:site_name\" content=\"Teka Espa\u00f1a\" \/>\n<meta property=\"article:modified_time\" content=\"2024-02-08T08:08:52+00:00\" \/>\n<meta name=\"twitter:card\" content=\"summary_large_image\" \/>\n<meta name=\"twitter:label1\" content=\"Tiempo de lectura\" \/>\n\t<meta name=\"twitter:data1\" content=\"1 minuto\" \/>\n<script type=\"application\/ld+json\" class=\"yoast-schema-graph\">{\"@context\":\"https:\\\/\\\/schema.org\",\"@graph\":[{\"@type\":\"WebPage\",\"@id\":\"https:\\\/\\\/www.teka.com\\\/es-es\\\/recetario-pizza\\\/\",\"url\":\"https:\\\/\\\/www.teka.com\\\/es-es\\\/recetario-pizza\\\/\",\"name\":\"Recetario Pizza | Teka Espa\u00f1a\",\"isPartOf\":{\"@id\":\"https:\\\/\\\/www.teka.com\\\/es-es\\\/#website\"},\"datePublished\":\"2024-02-08T07:46:00+00:00\",\"dateModified\":\"2024-02-08T08:08:52+00:00\",\"inLanguage\":\"es\",\"potentialAction\":[{\"@type\":\"ReadAction\",\"target\":[\"https:\\\/\\\/www.teka.com\\\/es-es\\\/recetario-pizza\\\/\"]}]},{\"@type\":\"WebSite\",\"@id\":\"https:\\\/\\\/www.teka.com\\\/es-es\\\/#website\",\"url\":\"https:\\\/\\\/www.teka.com\\\/es-es\\\/\",\"name\":\"Teka Espa\u00f1a\",\"description\":\"\",\"publisher\":{\"@id\":\"https:\\\/\\\/www.teka.com\\\/es-es\\\/#organization\"},\"potentialAction\":[{\"@type\":\"SearchAction\",\"target\":{\"@type\":\"EntryPoint\",\"urlTemplate\":\"https:\\\/\\\/www.teka.com\\\/es-es\\\/?s={search_term_string}\"},\"query-input\":{\"@type\":\"PropertyValueSpecification\",\"valueRequired\":true,\"valueName\":\"search_term_string\"}}],\"inLanguage\":\"es\"},{\"@type\":\"Organization\",\"@id\":\"https:\\\/\\\/www.teka.com\\\/es-es\\\/#organization\",\"name\":\"Teka Espa\u00f1a\",\"url\":\"https:\\\/\\\/www.teka.com\\\/es-es\\\/\",\"logo\":{\"@type\":\"ImageObject\",\"inLanguage\":\"es\",\"@id\":\"https:\\\/\\\/www.teka.com\\\/es-es\\\/#\\\/schema\\\/logo\\\/image\\\/\",\"url\":\"https:\\\/\\\/www.teka.com\\\/es-es\\\/wp-content\\\/uploads\\\/sites\\\/2\\\/2020\\\/08\\\/teka-new-logo.png\",\"contentUrl\":\"https:\\\/\\\/www.teka.com\\\/es-es\\\/wp-content\\\/uploads\\\/sites\\\/2\\\/2020\\\/08\\\/teka-new-logo.png\",\"width\":1024,\"height\":1024,\"caption\":\"Teka Espa\u00f1a\"},\"image\":{\"@id\":\"https:\\\/\\\/www.teka.com\\\/es-es\\\/#\\\/schema\\\/logo\\\/image\\\/\"}}]}<\/script>\n<!-- \/ Yoast SEO plugin. -->","yoast_head_json":{"title":"Recetario Pizza | Teka Espa\u00f1a","robots":{"index":"index","follow":"follow","max-snippet":"max-snippet:-1","max-image-preview":"max-image-preview:large","max-video-preview":"max-video-preview:-1"},"canonical":"https:\/\/www.teka.com\/es-es\/recetario-pizza\/","og_locale":"es_ES","og_type":"article","og_title":"Recetario Pizza | Teka Espa\u00f1a","og_description":"La pizza es una de las comidas italianas m\u00e1s internacionales y el plato m\u00e1s consumido del mundo. Con motivo del D\u00eda Mundial de la Pizza, Teka ha recopilado una serie de recetas de esta t\u00edpica preparaci\u00f3n italiana con propuestas para todos los gustos. Porque ser un aut\u00e9ntico pizzaiolo en casa, es posible.","og_url":"https:\/\/www.teka.com\/es-es\/recetario-pizza\/","og_site_name":"Teka Espa\u00f1a","article_modified_time":"2024-02-08T08:08:52+00:00","twitter_card":"summary_large_image","twitter_misc":{"Tiempo de lectura":"1 minuto"},"schema":{"@context":"https:\/\/schema.org","@graph":[{"@type":"WebPage","@id":"https:\/\/www.teka.com\/es-es\/recetario-pizza\/","url":"https:\/\/www.teka.com\/es-es\/recetario-pizza\/","name":"Recetario Pizza | Teka Espa\u00f1a","isPartOf":{"@id":"https:\/\/www.teka.com\/es-es\/#website"},"datePublished":"2024-02-08T07:46:00+00:00","dateModified":"2024-02-08T08:08:52+00:00","inLanguage":"es","potentialAction":[{"@type":"ReadAction","target":["https:\/\/www.teka.com\/es-es\/recetario-pizza\/"]}]},{"@type":"WebSite","@id":"https:\/\/www.teka.com\/es-es\/#website","url":"https:\/\/www.teka.com\/es-es\/","name":"Teka Espa\u00f1a","description":"","publisher":{"@id":"https:\/\/www.teka.com\/es-es\/#organization"},"potentialAction":[{"@type":"SearchAction","target":{"@type":"EntryPoint","urlTemplate":"https:\/\/www.teka.com\/es-es\/?s={search_term_string}"},"query-input":{"@type":"PropertyValueSpecification","valueRequired":true,"valueName":"search_term_string"}}],"inLanguage":"es"},{"@type":"Organization","@id":"https:\/\/www.teka.com\/es-es\/#organization","name":"Teka Espa\u00f1a","url":"https:\/\/www.teka.com\/es-es\/","logo":{"@type":"ImageObject","inLanguage":"es","@id":"https:\/\/www.teka.com\/es-es\/#\/schema\/logo\/image\/","url":"https:\/\/www.teka.com\/es-es\/wp-content\/uploads\/sites\/2\/2020\/08\/teka-new-logo.png","contentUrl":"https:\/\/www.teka.com\/es-es\/wp-content\/uploads\/sites\/2\/2020\/08\/teka-new-logo.png","width":1024,"height":1024,"caption":"Teka Espa\u00f1a"},"image":{"@id":"https:\/\/www.teka.com\/es-es\/#\/schema\/logo\/image\/"}}]}},"_links":{"self":[{"href":"https:\/\/www.teka.com\/es-es\/wp-json\/wp\/v2\/pages\/137784","targetHints":{"allow":["GET"]}}],"collection":[{"href":"https:\/\/www.teka.com\/es-es\/wp-json\/wp\/v2\/pages"}],"about":[{"href":"https:\/\/www.teka.com\/es-es\/wp-json\/wp\/v2\/types\/page"}],"author":[{"embeddable":true,"href":"https:\/\/www.teka.com\/es-es\/wp-json\/wp\/v2\/users\/157"}],"replies":[{"embeddable":true,"href":"https:\/\/www.teka.com\/es-es\/wp-json\/wp\/v2\/comments?post=137784"}],"version-history":[{"count":22,"href":"https:\/\/www.teka.com\/es-es\/wp-json\/wp\/v2\/pages\/137784\/revisions"}],"predecessor-version":[{"id":137831,"href":"https:\/\/www.teka.com\/es-es\/wp-json\/wp\/v2\/pages\/137784\/revisions\/137831"}],"wp:attachment":[{"href":"https:\/\/www.teka.com\/es-es\/wp-json\/wp\/v2\/media?parent=137784"}],"curies":[{"name":"wp","href":"https:\/\/api.w.org\/{rel}","templated":true}]}}