{"id":138185,"date":"2024-03-05T17:07:09","date_gmt":"2024-03-05T16:07:09","guid":{"rendered":"https:\/\/www.teka.com\/es-es\/?page_id=138185"},"modified":"2024-03-06T09:05:42","modified_gmt":"2024-03-06T08:05:42","slug":"terminos-de-uso-de-la-aplicacion","status":"publish","type":"page","link":"https:\/\/www.teka.com\/es-es\/terminos-de-uso-de-la-aplicacion\/","title":{"rendered":"T\u00c9RMINOS DE USO DE LA APLICACI\u00d3N"},"content":{"rendered":"<p>[et_pb_section fb_built=\u00bb1&#8243; _builder_version=\u00bb4.22.1&#8243; _module_preset=\u00bbdefault\u00bb global_colors_info=\u00bb{}\u00bb][et_pb_row _builder_version=\u00bb4.22.1&#8243; _module_preset=\u00bbdefault\u00bb global_colors_info=\u00bb{}\u00bb][et_pb_column type=\u00bb4_4&#8243; _builder_version=\u00bb4.22.1&#8243; _module_preset=\u00bbdefault\u00bb global_colors_info=\u00bb{}\u00bb][et_pb_text _builder_version=\u00bb4.22.1&#8243; _module_preset=\u00bbdefault\u00bb hover_enabled=\u00bb0&#8243; global_colors_info=\u00bb{}\u00bb sticky_enabled=\u00bb0&#8243;]<\/p>\n<h1 style=\"text-align: center;\"><strong>T\u00c9RMINOS DE USO DE LA APLICACI\u00d3N<\/strong><\/h1>\n<p>[\/et_pb_text][et_pb_text _builder_version=\u00bb4.22.1&#8243; _module_preset=\u00bbdefault\u00bb hover_enabled=\u00bb0&#8243; global_colors_info=\u00bb{}\u00bb sticky_enabled=\u00bb0&#8243;]<strong>1. INFORMACI\u00d3N GENERAL<\/strong><\/p>\n<p>Los presentes T\u00e9rminos de Uso, junto con los documentos a los que se hace referencia en los mismos, establecen los t\u00e9rminos en los que cada usuario (\u00ab<strong>usuario<\/strong>\u00ab, \u00ab<strong>usted<\/strong>\u00bb o \u00ab<strong>su<\/strong>\u00ab) puede registrarse y hacer uso de la App <strong>[Portal SAT]<\/strong> (\u00ab<strong>Teka Service<\/strong>\u00ab) titularidad de Teka Industrial, S.A. con domicilio social en Santander, calle Cajo, n\u00fam. 17, 39011, Espa\u00f1a y CIF A-39004932, inscrita en el Registro Mercantil de Santander, Tomo 453, Folio 163, Secci\u00f3n General, Hoja 2.152 (\u00ab<strong>Teka<\/strong>\u00ab, \u00ab<strong>nosotros<\/strong>\u00bb o \u00ab<strong>nuestro<\/strong>\u00ab).<\/p>\n<p>La App tiene por objeto servir de herramienta a los t\u00e9cnicos subcontratados por Teka para que \u00e9stos puedan visualizar los avisos generados en el Portal SAT que les hayan sido asignados, as\u00ed como poder reportar la resoluci\u00f3n de dichos avisos. La App est\u00e1 destinada \u00fanica y exclusivamente a t\u00e9cnicos subcontratados por Teka y no a consumidores. Al descargar y utilizar la App, usted declara y garantiza que es un usuario mayor de 18 a\u00f1os y que es un t\u00e9cnico que presta servicios de reparaci\u00f3n de electrodom\u00e9sticos a Teka.<\/p>\n<p>Al descargar y utilizar la App, usted celebra un contrato con Teka y garantiza que est\u00e1 debidamente autorizado para ello. Usted acepta estos T\u00e9rminos de Uso bajo su propia responsabilidad y se presume que los ha le\u00eddo, entendido y aceptado sin reservas.<\/p>\n<p>Teka puede revisar estos T\u00e9rminos de Uso peri\u00f3dicamente. Por favor, compru\u00e9belos de vez en cuando, ya que cualquier cambio entrar\u00e1 en vigor inmediatamente y ser\u00e1 vinculante para usted. Si utiliza la App despu\u00e9s de que los cambios entren en vigor, significar\u00e1 que acepta estar sujeto y cumplir con los cambios. Si se realiza alg\u00fan cambio sustancial en estos T\u00e9rminos de Uso, Teka solicitar\u00e1 su consentimiento para que dichos cambios entren en vigor. Si no est\u00e1 de acuerdo con los nuevos t\u00e9rminos, Teka puede cancelar su cuenta. Podemos actualizar y cambiar la App de vez en cuando para garantizar que el contenido de la App sea preciso.<\/p>\n<p>Podemos suspender, retirar o restringir la disponibilidad de todo o parte de nuestra App por razones comerciales y operativas.<\/p>\n<p><strong>2. REGISTRO DE CUENTA<\/strong><\/p>\n<p>El usuario deber\u00e1 registrarse para obtener una cuenta para acceder a la App. Cualquier informaci\u00f3n de registro que proporcione al registrarse debe ser precisa, actual y completa. Tambi\u00e9n debe actualizar su informaci\u00f3n para que podamos enviarle avisos, estados de cuenta y otra informaci\u00f3n por correo electr\u00f3nico o a trav\u00e9s de su cuenta. Usted es responsable de todas las acciones realizadas a trav\u00e9s de su cuenta.<\/p>\n<p>Los datos personales del usuario proporcionados a trav\u00e9s del formulario de registro ser\u00e1n procesados por Teka de acuerdo con los t\u00e9rminos de la <strong><a href=\"https:\/\/www.teka.com\/es-es\/politica-de-privacidad-de-la-aplicacion\/\">Pol\u00edtica de privacidad<\/a><\/strong> de Teka.<\/p>\n<p>Si elige o se le proporciona una identificaci\u00f3n de usuario, contrase\u00f1a o cualquier otra informaci\u00f3n como parte de nuestros procedimientos de seguridad, debe tratar dicha informaci\u00f3n como confidencial. No debe divulgarla a ning\u00fan tercero. Si sabe o sospecha que alguien que no sea usted conoce su identificaci\u00f3n de usuario o contrase\u00f1a, debe notificarnos de inmediato a dataprotection@teka.com.<\/p>\n<p>Tenemos el derecho de deshabilitar cualquier cuenta, si en nuestra opini\u00f3n razonable usted no ha cumplido con alguna de las disposiciones de estos T\u00e9rminos de Uso.<\/p>\n<p><strong>3. DERECHOS DE PROPIEDAD INTELECTUAL<\/strong><\/p>\n<p>Todos los derechos sobre todo el software, videos, dise\u00f1os, arreglos, textos, im\u00e1genes, secuencias, formas y gr\u00e1ficos relacionados con la App pertenecen o han sido licenciados a Teka. Todas las marcas comerciales, nombres de productos y nombres de empresas y\/o logotipos que se muestran en la App son marcas comerciales o marcas comerciales registradas de Teka o sus licenciantes y no pueden ser reproducidas, imitadas o utilizadas, en su totalidad o en parte, sin el permiso previo por escrito de Teka y no pueden ser reproducidas, imitadas o utilizadas, en su totalidad o en parte, sin el permiso previo por escrito de Teka.<\/p>\n<p>Teka le concede una licencia no exclusiva para acceder y utilizar de buena fe la App de acuerdo con los presentes T\u00e9rminos de Uso. Usted reconoce que el uso de la App no le otorga a usted ni a ninguna otra persona ning\u00fan inter\u00e9s en ning\u00fan derecho de propiedad intelectual que pueda subsistir en la App.<\/p>\n<p><strong>4. OBLIGACIONES DE LOS USUARIOS<\/strong><\/p>\n<p>Debe utilizar la App de acuerdo con estos T\u00e9rminos de uso y cualquier otra pol\u00edtica publicada en la App.<br \/>\nUsted no debe:<\/p>\n<p>\u2022 utilizar la App con fines il\u00edcitos.<\/p>\n<p>\u2022 modificar o alterar cualquier contenido, material o parte de nuestra App de cualquier manera.<\/p>\n<p>\u2022 modificar, adaptar o aplicar ingenier\u00eda inversa a cualquier aspecto de nuestra App;<\/p>\n<p>\u2022 llevar a cabo cualquier web scraping, recolecci\u00f3n web, extracci\u00f3n de datos web o cualquier otro scraping de datos;<\/p>\n<p>\u2022 Eliminar cualquier indicaci\u00f3n de propiedad de cualquier contenido y no debe reclamarlo como propio o como de cualquier otra organizaci\u00f3n o persona. No debe utilizar ninguna parte del contenido de la App con fines comerciales sin obtener una licencia para hacerlo de nosotros o de nuestros licenciantes;<\/p>\n<p>\u2022 tomar cualquier acci\u00f3n que imponga o pueda imponer (a nuestra entera discreci\u00f3n) una carga irrazonable o desproporcionadamente grande en nuestra infraestructura;<\/p>\n<p>\u2022 copiar, reproducir, modificar o crear trabajos derivados de la forma, distribuir o mostrar p\u00fablicamente cualquier contenido de nuestra App;<\/p>\n<p>\u2022 intentar interrumpir o interferir con nuestra App de cualquier manera o con el uso de nuestro sitio por parte de otra persona o usar nuestro sitio como un medio para interrumpir o interferir con nuestros sitios o redes;<\/p>\n<p>\u2022 corromper deliberadamente cualquier dato, documento o contenido disponible a trav\u00e9s de la App;<\/p>\n<p>\u2022 hacerse pasar por cualquier persona o entidad o tergiversar su afiliaci\u00f3n con cualquier persona o entidad; o<\/p>\n<p>\u2022 ayudar, alentar o permitir que cualquier otra persona realice cualquiera de los actos descritos anteriormente.<\/p>\n<p>Si proporciona comentarios o cualquier otro tipo de contenido mientras usa la App (\u00abEnv\u00edos de usuario\u00bb), declara y garantiza que:<\/p>\n<p>\u2022 Usted posee, o tiene las licencias, derechos, consentimientos y permisos necesarios para usar, y autoriza a Teka a usar, toda la propiedad intelectual y cualquier otro derecho de propiedad sobre todos y cada uno de los Env\u00edos de usuario para permitir la inclusi\u00f3n y el uso de los Env\u00edos de usuario de la manera contemplada por la App y estos T\u00e9rminos de Uso;<\/p>\n<p>\u2022 No publicar\u00e1 ning\u00fan Env\u00edo de usuario que sea ofensivo, abusivo, pornogr\u00e1fico, difamatorio, blasfemo o ilegal, o que infrinja, o infrinja potencialmente, los derechos de un tercero o cualquier ley aplicable, incluidos, en particular, los derechos de propiedad intelectual;<\/p>\n<p>\u2022 Usted tiene derecho a otorgar, y por la presente otorga, a Teka una licencia irrevocable, no exclusiva, libre de regal\u00edas, perpetua y mundial para reproducir, distribuir, exhibir p\u00fablicamente y ejecutar, preparar trabajos derivados, incorporar a otros trabajos y usar y explotar de otro modo sus Env\u00edos de usuario, para proporcionar y administrar los servicios a trav\u00e9s de la App. Todos los Env\u00edos de usuario se considerar\u00e1n no confidenciales. Teka tendr\u00e1 derecho a usar o divulgar los Env\u00edos de usuario de cualquier manera, sin responsabilidad ni previo aviso.<\/p>\n<p>Teka se reserva el derecho de auditar su cuenta y su uso de la App en cualquier momento y sin previo aviso, para garantizar su cumplimiento de estos T\u00e9rminos de Uso. Teka puede eliminar en cualquier momento cualquier Env\u00edo de usuario que no cumpla con estos T\u00e9rminos de Uso. Si encuentra alguna publicaci\u00f3n de Env\u00edo de usuario de terceros que no cumpla con estos T\u00e9rminos de Uso, informe a Teka.<\/p>\n<p><strong>5. GARANT\u00cdAS, L\u00cdMITES DE RESPONSABILIDAD E INDEMNIZACIONES<\/strong><\/p>\n<p>En la medida m\u00e1xima permitida por las leyes aplicables, excluimos todas las condiciones, garant\u00edas, representaciones u otros t\u00e9rminos impl\u00edcitos que puedan aplicarse a nuestra App o a cualquier contenido de la misma. No seremos responsables ante usted por ninguna p\u00e9rdida o da\u00f1o, que surja o en relaci\u00f3n con el uso o la imposibilidad de usar nuestra App o el uso o la confianza en cualquier contenido que se muestre en nuestra App. En particular, Teka no asume ninguna responsabilidad y no ofrece ninguna garant\u00eda o representaci\u00f3n en cuanto a la exactitud, vigencia, integridad, confiabilidad o utilidad de cualquier informaci\u00f3n obtenida a trav\u00e9s del uso de la App.<\/p>\n<p>Podemos incluir enlaces a aplicaciones o sitios de terceros. Esos enlaces solo se publican para la comodidad del usuario. Excluimos cualquier responsabilidad con respecto al contenido que surja de fuentes de terceros y su uso. Es posible que publiquemos enlaces a otras aplicaciones o sitios operados por nosotros. El acceso a estos sitios web estar\u00e1 sujeto a los t\u00e9rminos de uso y pol\u00edticas propias de cada sitio web.<\/p>\n<p>Usted debe indemnizar y mantener indemne a Teka de y contra cualquier reclamaci\u00f3n, p\u00e9rdida, responsabilidad, costo, gasto (incluidos los costos de investigaci\u00f3n, costos judiciales, honorarios legales, sanciones, multas e intereses) y da\u00f1os de cualquier tipo (incluidos aquellos que son prospectivos o contingentes) que surjan directa o indirectamente de o en relaci\u00f3n con su uso de la App, incluidos los que surjan en relaci\u00f3n con cualquier incumplimiento de estos T\u00e9rminos de Uso.<\/p>\n<p><strong>6. CONTACTO<\/strong><\/p>\n<p>Para contactar con nosotros, env\u00ede un correo electr\u00f3nico a dataprotection@teka.com o llame a nuestro tel\u00e9fono de contacto 942 355 050. Si nos proporciona sus datos personales, acepta que podamos procesar dichos datos de acuerdo con nuestra <a href=\"https:\/\/www.teka.com\/es-es\/politica-de-privacidad-de-la-aplicacion\/\">Pol\u00edtica de privacidad<\/a>.<\/p>\n<p>Puede enviarnos comentarios, preguntas, sugerencias o ideas relacionadas con la App. Si lo hace, acepta que dicho contenido no se proporciona de forma confidencial, que no estamos obligados a mantener dicho contenido en secreto y que no estamos obligados a responder.<\/p>\n<p><strong>7. TERMINACI\u00d3N<\/strong><\/p>\n<p>El usuario puede cancelar su cuenta por cualquier motivo y en cualquier momento enviando una notificaci\u00f3n por escrito a soporteposventa@teka.com y\/o cerrando la cuenta, etc.].<\/p>\n<p>Teka puede cancelar su cuenta o su acceso a la App sin responsabilidad hacia usted o si incumple estos T\u00e9rminos de Uso. Si nos damos cuenta de un incumplimiento por su parte de estos T\u00e9rminos, podemos solicitarle espec\u00edficamente que suspenda la Cuenta de usuario final correspondiente. Si no cumple con nuestra solicitud de suspender una cuenta, podremos hacerlo nosotros.<\/p>\n<p><strong>8. LEGISLACI\u00d3N APLICABLE; COMPETENCIA Y JURISDICCI\u00d3N<\/strong><\/p>\n<p>Los presentes T\u00e9rminos de Uso y cualquier disputa relacionada con los mismos se regir\u00e1n e interpretar\u00e1n de conformidad con la legislaci\u00f3n espa\u00f1ola. Las Partes se someten a la jurisdicci\u00f3n exclusiva de los tribunales competentes de Madrid con respecto a cualquier disputa que surja de o en relaci\u00f3n con este acuerdo, ya sea por contrato, agravio o de otro modo.<\/p>\n<p>\u00daLTIMA ACTUALIZACI\u00d3N: febrero de 2024[\/et_pb_text][\/et_pb_column][\/et_pb_row][\/et_pb_section]<\/p>\n","protected":false},"excerpt":{"rendered":"<p>T\u00c9RMINOS DE USO DE LA APLICACI\u00d3N1. INFORMACI\u00d3N GENERAL Los presentes T\u00e9rminos de Uso, junto con los documentos a los que se hace referencia en los mismos, establecen los t\u00e9rminos en los que cada usuario (\u00abusuario\u00bb, \u00abusted\u00bb o \u00absu\u00bb) puede registrarse y hacer uso de la App [Portal SAT] (\u00abTeka Service\u00bb) titularidad de Teka Industrial, S.A. [&hellip;]<\/p>\n","protected":false},"author":157,"featured_media":0,"parent":0,"menu_order":0,"comment_status":"closed","ping_status":"closed","template":"","meta":{"_acf_changed":false,"_et_pb_use_builder":"on","_et_pb_old_content":"","_et_gb_content_width":"","footnotes":""},"class_list":["post-138185","page","type-page","status-publish","hentry"],"acf":[],"yoast_head":"<!-- This site is optimized with the Yoast SEO plugin v27.2 - https:\/\/yoast.com\/product\/yoast-seo-wordpress\/ -->\n<title>T\u00c9RMINOS DE USO DE LA APLICACI\u00d3N | Teka Espa\u00f1a<\/title>\n<meta name=\"robots\" content=\"noindex, nofollow\" \/>\n<meta property=\"og:locale\" content=\"es_ES\" \/>\n<meta property=\"og:type\" content=\"article\" \/>\n<meta property=\"og:title\" content=\"T\u00c9RMINOS DE USO DE LA APLICACI\u00d3N | Teka Espa\u00f1a\" \/>\n<meta property=\"og:description\" content=\"T\u00c9RMINOS DE USO DE LA APLICACI\u00d3N1. INFORMACI\u00d3N GENERAL Los presentes T\u00e9rminos de Uso, junto con los documentos a los que se hace referencia en los mismos, establecen los t\u00e9rminos en los que cada usuario (&quot;usuario&quot;, &quot;usted&quot; o &quot;su&quot;) puede registrarse y hacer uso de la App [Portal SAT] (&quot;Teka Service&quot;) titularidad de Teka Industrial, S.A. [&hellip;]\" \/>\n<meta property=\"og:url\" content=\"https:\/\/www.teka.com\/es-es\/terminos-de-uso-de-la-aplicacion\/\" \/>\n<meta property=\"og:site_name\" content=\"Teka Espa\u00f1a\" \/>\n<meta property=\"article:modified_time\" content=\"2024-03-06T08:05:42+00:00\" \/>\n<meta name=\"twitter:card\" content=\"summary_large_image\" \/>\n<meta name=\"twitter:label1\" content=\"Tiempo de lectura\" \/>\n\t<meta name=\"twitter:data1\" content=\"8 minutos\" \/>\n<script type=\"application\/ld+json\" class=\"yoast-schema-graph\">{\"@context\":\"https:\/\/schema.org\",\"@graph\":[{\"@type\":\"WebPage\",\"@id\":\"https:\/\/www.teka.com\/es-es\/terminos-de-uso-de-la-aplicacion\/\",\"url\":\"https:\/\/www.teka.com\/es-es\/terminos-de-uso-de-la-aplicacion\/\",\"name\":\"T\u00c9RMINOS DE USO DE LA APLICACI\u00d3N | Teka Espa\u00f1a\",\"isPartOf\":{\"@id\":\"https:\/\/www.teka.com\/es-es\/#website\"},\"datePublished\":\"2024-03-05T16:07:09+00:00\",\"dateModified\":\"2024-03-06T08:05:42+00:00\",\"inLanguage\":\"es\",\"potentialAction\":[{\"@type\":\"ReadAction\",\"target\":[\"https:\/\/www.teka.com\/es-es\/terminos-de-uso-de-la-aplicacion\/\"]}]},{\"@type\":\"WebSite\",\"@id\":\"https:\/\/www.teka.com\/es-es\/#website\",\"url\":\"https:\/\/www.teka.com\/es-es\/\",\"name\":\"Teka Espa\u00f1a\",\"description\":\"\",\"publisher\":{\"@id\":\"https:\/\/www.teka.com\/es-es\/#organization\"},\"potentialAction\":[{\"@type\":\"SearchAction\",\"target\":{\"@type\":\"EntryPoint\",\"urlTemplate\":\"https:\/\/www.teka.com\/es-es\/?s={search_term_string}\"},\"query-input\":{\"@type\":\"PropertyValueSpecification\",\"valueRequired\":true,\"valueName\":\"search_term_string\"}}],\"inLanguage\":\"es\"},{\"@type\":\"Organization\",\"@id\":\"https:\/\/www.teka.com\/es-es\/#organization\",\"name\":\"Teka Espa\u00f1a\",\"url\":\"https:\/\/www.teka.com\/es-es\/\",\"logo\":{\"@type\":\"ImageObject\",\"inLanguage\":\"es\",\"@id\":\"https:\/\/www.teka.com\/es-es\/#\/schema\/logo\/image\/\",\"url\":\"https:\/\/www.teka.com\/es-es\/wp-content\/uploads\/sites\/2\/2020\/08\/teka-new-logo.png\",\"contentUrl\":\"https:\/\/www.teka.com\/es-es\/wp-content\/uploads\/sites\/2\/2020\/08\/teka-new-logo.png\",\"width\":1024,\"height\":1024,\"caption\":\"Teka Espa\u00f1a\"},\"image\":{\"@id\":\"https:\/\/www.teka.com\/es-es\/#\/schema\/logo\/image\/\"}}]}<\/script>\n<!-- \/ Yoast SEO plugin. -->","yoast_head_json":{"title":"T\u00c9RMINOS DE USO DE LA APLICACI\u00d3N | Teka Espa\u00f1a","robots":{"index":"noindex","follow":"nofollow"},"og_locale":"es_ES","og_type":"article","og_title":"T\u00c9RMINOS DE USO DE LA APLICACI\u00d3N | Teka Espa\u00f1a","og_description":"T\u00c9RMINOS DE USO DE LA APLICACI\u00d3N1. INFORMACI\u00d3N GENERAL Los presentes T\u00e9rminos de Uso, junto con los documentos a los que se hace referencia en los mismos, establecen los t\u00e9rminos en los que cada usuario (\"usuario\", \"usted\" o \"su\") puede registrarse y hacer uso de la App [Portal SAT] (\"Teka Service\") titularidad de Teka Industrial, S.A. [&hellip;]","og_url":"https:\/\/www.teka.com\/es-es\/terminos-de-uso-de-la-aplicacion\/","og_site_name":"Teka Espa\u00f1a","article_modified_time":"2024-03-06T08:05:42+00:00","twitter_card":"summary_large_image","twitter_misc":{"Tiempo de lectura":"8 minutos"},"schema":{"@context":"https:\/\/schema.org","@graph":[{"@type":"WebPage","@id":"https:\/\/www.teka.com\/es-es\/terminos-de-uso-de-la-aplicacion\/","url":"https:\/\/www.teka.com\/es-es\/terminos-de-uso-de-la-aplicacion\/","name":"T\u00c9RMINOS DE USO DE LA APLICACI\u00d3N | Teka Espa\u00f1a","isPartOf":{"@id":"https:\/\/www.teka.com\/es-es\/#website"},"datePublished":"2024-03-05T16:07:09+00:00","dateModified":"2024-03-06T08:05:42+00:00","inLanguage":"es","potentialAction":[{"@type":"ReadAction","target":["https:\/\/www.teka.com\/es-es\/terminos-de-uso-de-la-aplicacion\/"]}]},{"@type":"WebSite","@id":"https:\/\/www.teka.com\/es-es\/#website","url":"https:\/\/www.teka.com\/es-es\/","name":"Teka Espa\u00f1a","description":"","publisher":{"@id":"https:\/\/www.teka.com\/es-es\/#organization"},"potentialAction":[{"@type":"SearchAction","target":{"@type":"EntryPoint","urlTemplate":"https:\/\/www.teka.com\/es-es\/?s={search_term_string}"},"query-input":{"@type":"PropertyValueSpecification","valueRequired":true,"valueName":"search_term_string"}}],"inLanguage":"es"},{"@type":"Organization","@id":"https:\/\/www.teka.com\/es-es\/#organization","name":"Teka Espa\u00f1a","url":"https:\/\/www.teka.com\/es-es\/","logo":{"@type":"ImageObject","inLanguage":"es","@id":"https:\/\/www.teka.com\/es-es\/#\/schema\/logo\/image\/","url":"https:\/\/www.teka.com\/es-es\/wp-content\/uploads\/sites\/2\/2020\/08\/teka-new-logo.png","contentUrl":"https:\/\/www.teka.com\/es-es\/wp-content\/uploads\/sites\/2\/2020\/08\/teka-new-logo.png","width":1024,"height":1024,"caption":"Teka Espa\u00f1a"},"image":{"@id":"https:\/\/www.teka.com\/es-es\/#\/schema\/logo\/image\/"}}]}},"_links":{"self":[{"href":"https:\/\/www.teka.com\/es-es\/wp-json\/wp\/v2\/pages\/138185","targetHints":{"allow":["GET"]}}],"collection":[{"href":"https:\/\/www.teka.com\/es-es\/wp-json\/wp\/v2\/pages"}],"about":[{"href":"https:\/\/www.teka.com\/es-es\/wp-json\/wp\/v2\/types\/page"}],"author":[{"embeddable":true,"href":"https:\/\/www.teka.com\/es-es\/wp-json\/wp\/v2\/users\/157"}],"replies":[{"embeddable":true,"href":"https:\/\/www.teka.com\/es-es\/wp-json\/wp\/v2\/comments?post=138185"}],"version-history":[{"count":15,"href":"https:\/\/www.teka.com\/es-es\/wp-json\/wp\/v2\/pages\/138185\/revisions"}],"predecessor-version":[{"id":138254,"href":"https:\/\/www.teka.com\/es-es\/wp-json\/wp\/v2\/pages\/138185\/revisions\/138254"}],"wp:attachment":[{"href":"https:\/\/www.teka.com\/es-es\/wp-json\/wp\/v2\/media?parent=138185"}],"curies":[{"name":"wp","href":"https:\/\/api.w.org\/{rel}","templated":true}]}}