{"id":141130,"date":"2025-01-29T09:49:09","date_gmt":"2025-01-29T08:49:09","guid":{"rendered":"https:\/\/www.teka.com\/es-es\/?page_id=141130"},"modified":"2025-11-04T13:01:47","modified_gmt":"2025-11-04T12:01:47","slug":"recambios-y-accesorios","status":"publish","type":"page","link":"https:\/\/www.teka.com\/es-es\/soporte\/recambios-y-accesorios\/","title":{"rendered":"Recambios y accesorios"},"content":{"rendered":"<p>[et_pb_section fb_built=\u00bb1&#8243; admin_label=\u00bbHeader\u00bb module_id=\u00bbEdiciones\u00bb _builder_version=\u00bb4.27.4&#8243; background_image=\u00bbhttps:\/\/www.teka.com\/es-es\/wp-content\/uploads\/sites\/2\/2025\/06\/TEKA-servicio-tecnico-01647-edited.webp\u00bb min_height=\u00bb500px\u00bb min_height_tablet=\u00bb500px\u00bb min_height_phone=\u00bb500px\u00bb min_height_last_edited=\u00bboff|desktop\u00bb max_height=\u00bb600px\u00bb custom_padding=\u00bb||||false|false\u00bb background_last_edited=\u00bbon|phone\u00bb background_image_phone=\u00bbhttps:\/\/www.teka.com\/es-es\/wp-content\/uploads\/sites\/2\/2025\/06\/Teka-ES-SAT-General-image.jpg\u00bb background_enable_image_phone=\u00bbon\u00bb locked=\u00bboff\u00bb collapsed=\u00bboff\u00bb global_colors_info=\u00bb{}\u00bb][et_pb_row admin_label=\u00bbrow\u00bb _builder_version=\u00bb4.22.1&#8243; background_size=\u00bbinitial\u00bb background_position=\u00bbtop_left\u00bb background_repeat=\u00bbrepeat\u00bb module_alignment=\u00bbcenter\u00bb custom_margin=\u00bb|auto||auto|false|false\u00bb custom_padding=\u00bb||||false|false\u00bb global_colors_info=\u00bb{}\u00bb][et_pb_column type=\u00bb4_4&#8243; _builder_version=\u00bb4.16&#8243; custom_padding=\u00bb|||\u00bb global_colors_info=\u00bb{}\u00bb custom_padding__hover=\u00bb|||\u00bb][et_pb_text content_tablet=\u00bb<\/p>\n<\/p>\n<h1>Recambios y accesorios<\/h1>\n<p>\u00bb content_phone=\u00bb <\/p>\n<\/p>\n<h1>Recambios<br \/>y accesorios<\/h1>\n<p>\u00bb content_last_edited=\u00bbon|phone\u00bb admin_label=\u00bbTexto\u00bb _builder_version=\u00bb4.27.4&#8243; text_text_color=\u00bb#ffffff\u00bb text_font_size=\u00bb18px\u00bb header_font=\u00bb|700|||||||\u00bb header_text_align=\u00bbleft\u00bb header_text_color=\u00bb#ffffff\u00bb header_line_height=\u00bb1.6em\u00bb header_2_font=\u00bb||||||||\u00bb header_2_text_color=\u00bb#ffffff\u00bb header_2_font_size=\u00bb22px\u00bb header_2_line_height=\u00bb1.6em\u00bb width=\u00bb100%\u00bb width_phone=\u00bb70%\u00bb width_last_edited=\u00bboff|desktop\u00bb max_width=\u00bb100%\u00bb custom_margin=\u00bb3px||||false|false\u00bb custom_padding=\u00bb0px||||false|false\u00bb header_text_align_tablet=\u00bb\u00bb header_text_align_phone=\u00bb\u00bb header_text_align_last_edited=\u00bbon|desktop\u00bb header_font_size_tablet=\u00bb\u00bb header_font_size_phone=\u00bb30px\u00bb header_font_size_last_edited=\u00bbon|desktop\u00bb header_2_font_size_phone=\u00bb30px\u00bb header_2_font_size_last_edited=\u00bboff|phone\u00bb header_2_letter_spacing_last_edited=\u00bboff|desktop\u00bb text_orientation_tablet=\u00bb\u00bb text_orientation_phone=\u00bbcenter\u00bb text_orientation_last_edited=\u00bbon|phone\u00bb global_colors_info=\u00bb{}\u00bb]<\/p>\n<p>&nbsp;<\/p>\n<p>&nbsp;<\/p>\n<p>&nbsp;<\/p>\n<h1>Recambios y accesorios<\/h1>\n<p>[\/et_pb_text][\/et_pb_column][\/et_pb_row][\/et_pb_section][et_pb_section fb_built=\u00bb1&#8243; disabled_on=\u00bboff|off|off\u00bb admin_label=\u00bbRecambios\u00bb module_id=\u00bbsupport-warranty\u00bb _builder_version=\u00bb4.27.4&#8243; custom_padding=\u00bb||50px||false|false\u00bb hover_enabled=\u00bb0&#8243; locked=\u00bboff\u00bb collapsed=\u00bboff\u00bb global_colors_info=\u00bb{}\u00bb sticky_enabled=\u00bb0&#8243;][et_pb_row make_equal=\u00bbon\u00bb disabled_on=\u00bboff|off|off\u00bb admin_label=\u00bbBreadcrumbs\u00bb _builder_version=\u00bb4.21.0&#8243; background_size=\u00bbinitial\u00bb background_position=\u00bbtop_left\u00bb background_repeat=\u00bbrepeat\u00bb custom_margin=\u00bb||||false|false\u00bb custom_padding=\u00bb||||false|false\u00bb locked=\u00bboff\u00bb collapsed=\u00bboff\u00bb global_colors_info=\u00bb{}\u00bb][et_pb_column type=\u00bb4_4&#8243; _builder_version=\u00bb4.16&#8243; custom_padding=\u00bb|||\u00bb global_colors_info=\u00bb{}\u00bb custom_padding__hover=\u00bb|||\u00bb][et_pb_code _builder_version=\u00bb4.27.4&#8243; custom_margin=\u00bb-30px||||false|false\u00bb locked=\u00bboff\u00bb global_colors_info=\u00bb{}\u00bb]<\/p>\n<div id=\"breadcrumbs\"><!-- [et_pb_line_break_holder] --><span><a href=\"https:\/\/www.teka.com\/es-es\/soporte\/\"><span>Servicios al cliente<\/span><\/a><!-- [et_pb_line_break_holder] --><span> > <\/span><!-- [et_pb_line_break_holder] --><span>Recambios y accesorios<\/span><!-- [et_pb_line_break_holder] --><\/div>\n<p><!-- [et_pb_line_break_holder] -->[\/et_pb_code][\/et_pb_column][\/et_pb_row][et_pb_row column_structure=\u00bb3_5,2_5&#8243; admin_label=\u00bbRecambios\u00bb _builder_version=\u00bb4.27.4&#8243; _module_preset=\u00bbdefault\u00bb global_colors_info=\u00bb{}\u00bb][et_pb_column type=\u00bb3_5&#8243; _builder_version=\u00bb4.22.1&#8243; _module_preset=\u00bbdefault\u00bb global_colors_info=\u00bb{}\u00bb][et_pb_text disabled_on=\u00bboff|off|off\u00bb module_id=\u00bbsupport-warranty-left\u00bb _builder_version=\u00bb4.27.4&#8243; link_option_url_new_window=\u00bbon\u00bb global_colors_info=\u00bb{}\u00bb content__hover_enabled=\u00bboff|desktop\u00bb content__hover=\u00bb<\/p>\n<p>Si est\u00e1s buscando un repuesto original de Teka, estos son algunos de los distribuidores autorizados en los que puedes adquirirlos.<\/p>\n<p><a href=%22https:\/\/repuestosteka.es\/%22>+ repuestosteka.es<\/a><br \/><a href=%22https:\/\/tusrepuestosteka.com\/es\/index.php%22>+ tusrespuestosteka.com<\/a><br \/><a href=%22http:\/\/satcompostela.com\/%22>+ satcomposela.com<\/a><br \/><a href=%22https:\/\/satmunoz.com\/%22>+ satmu\u00f1oz.com<\/a><\/p>\n<p>\u00ab]<\/p>\n<p>Como fabricantes, ofrecemos recambios y accesorios originales, todos con una garant\u00eda de tres a\u00f1os . Adem\u00e1s, garantizamos la disponibilidad de estos recambios durante al menos 10 a\u00f1os despu\u00e9s de que un producto deja de fabricarse, para que puedas mantener tus electrodom\u00e9sticos en perfecto estado durante m\u00e1s tiempo.<\/p>\n<p>Si necesitas ayuda para la instalaci\u00f3n de alg\u00fan recambio, podemos enviarte a un t\u00e9cnico especializado para asegurarnos de que todo quede en perfecto estado Para obtener m\u00e1s informaci\u00f3n o adquirir un recambio, cont\u00e1ctanos a trav\u00e9s de los siguientes canales.<\/p>\n<p>Whatsapp: <a class=\"itk-whatsapp\" href=\"https:\/\/api.whatsapp.com\/send?phone=34842866060\" target=\"_blank\" rel=\"noopener\" data-wplink-url-error=\"true\">+34 842 86 60 60<\/a><\/p>\n<p>Email: <a href=\"mailto:[ventarecambios@teka.com]\">ventarecambios@teka.com<\/a><\/p>\n<p>Tel\u00e9fono: <a href=\"tel:918 204 848\">91 820 4848<\/a><\/p>\n<p>Tambi\u00e9n puedes adquirirlos online a trav\u00e9s de nuestros distribuidores autorizados:<\/p>\n<p><a href=\"https:\/\/repuestosteka.es\/\">+ repuestosteka.es<\/a><br \/><a href=\"https:\/\/tusrepuestosteka.com\/\">+ tusrespuestosteka.com<\/a><br \/><a href=\"http:\/\/satcompostela.com\/\">+ satcomposela.com<\/a><br \/><a href=\"https:\/\/muvasat.com\/\">+  muvasat.com<\/a><\/p>\n<p>[\/et_pb_text][\/et_pb_column][et_pb_column type=\u00bb2_5&#8243; _builder_version=\u00bb4.22.1&#8243; _module_preset=\u00bbdefault\u00bb global_colors_info=\u00bb{}\u00bb][et_pb_image src=\u00bbhttps:\/\/www.teka.com\/es-es\/wp-content\/uploads\/sites\/2\/2025\/11\/servicio-tecnico-de-repuestos-Teka.png\u00bb alt=\u00bbservicio t\u00e9cnico de repuestos Teka, hombre reparando en un lavavajillas\u00bb align_tablet=\u00bbcenter\u00bb align_phone=\u00bbcenter\u00bb align_last_edited=\u00bbon|desktop\u00bb disabled_on=\u00bboff|off|off\u00bb _builder_version=\u00bb4.27.4&#8243; _module_preset=\u00bbdefault\u00bb transform_scale_tablet=\u00bb85%|85%\u00bb transform_scale_phone=\u00bb100%|100%\u00bb transform_scale_last_edited=\u00bbon|tablet\u00bb transform_translate_tablet=\u00bb\u00bb transform_translate_phone=\u00bb\u00bb transform_translate_last_edited=\u00bbon|tablet\u00bb transform_rotate_tablet=\u00bb\u00bb transform_rotate_phone=\u00bb\u00bb transform_rotate_last_edited=\u00bbon|tablet\u00bb transform_skew_tablet=\u00bb\u00bb transform_skew_phone=\u00bb\u00bb transform_skew_last_edited=\u00bbon|tablet\u00bb transform_origin_tablet=\u00bb\u00bb transform_origin_phone=\u00bb\u00bb transform_origin_last_edited=\u00bbon|tablet\u00bb transform_styles_last_edited=\u00bbon|tablet\u00bb width=\u00bb82%\u00bb hover_enabled=\u00bb0&#8243; transform_styles_tablet=\u00bb\u00bb transform_styles_phone=\u00bb\u00bb border_radii=\u00bbon|2px|2px|2px|2px\u00bb locked=\u00bboff\u00bb global_colors_info=\u00bb{}\u00bb sticky_enabled=\u00bb0&#8243;][\/et_pb_image][\/et_pb_column][\/et_pb_row][\/et_pb_section][et_pb_section fb_built=\u00bb1&#8243; custom_padding_last_edited=\u00bbon|desktop\u00bb _builder_version=\u00bb4.27.4&#8243; _module_preset=\u00bbdefault\u00bb custom_padding=\u00bb50px||100px||false|false\u00bb custom_padding_tablet=\u00bb0px||150px||false|false\u00bb custom_padding_phone=\u00bb0px||100px||false|false\u00bb hover_enabled=\u00bb0&#8243; global_colors_info=\u00bb{}\u00bb locked=\u00bboff\u00bb admin_label=\u00bbAccesorios y recambios\u00bb sticky_enabled=\u00bb0&#8243;][et_pb_row _builder_version=\u00bb4.16&#8243; _module_preset=\u00bbdefault\u00bb locked=\u00bboff\u00bb collapsed=\u00bboff\u00bb global_colors_info=\u00bb{}\u00bb][et_pb_column type=\u00bb4_4&#8243; _builder_version=\u00bb4.16&#8243; _module_preset=\u00bbdefault\u00bb global_colors_info=\u00bb{}\u00bb][et_pb_text content_tablet=\u00bb<\/p>\n<h1>Servicios al cliente<\/h1>\n<p>\u00bb content_phone=\u00bb<\/p>\n<h1>Servicios al cliente<\/h1>\n<p>\u00bb content_last_edited=\u00bboff|desktop\u00bb disabled_on=\u00bboff|off|off\u00bb module_class=\u00bbcat\u00bb _builder_version=\u00bb4.27.4&#8243; text_text_color=\u00bb#000000&#8243; text_font_size=\u00bb14px\u00bb header_font=\u00bb|700|||||||\u00bb header_text_color=\u00bb#000000&#8243; header_font_size=\u00bb22px\u00bb header_line_height=\u00bb1.6em\u00bb header_3_font=\u00bb|600|||||||\u00bb header_3_text_align=\u00bbcenter\u00bb header_3_text_color=\u00bb#515151&#8243; header_3_font_size=\u00bb18px\u00bb text_orientation=\u00bbcenter\u00bb width=\u00bb80%\u00bb width_tablet=\u00bb100%\u00bb width_phone=\u00bb94%\u00bb width_last_edited=\u00bbon|phone\u00bb max_width_tablet=\u00bb75%\u00bb max_width_phone=\u00bb60%\u00bb max_width_last_edited=\u00bboff|desktop\u00bb module_alignment=\u00bbcenter\u00bb custom_margin=\u00bb||||false|false\u00bb hover_enabled=\u00bb0&#8243; header_3_text_align_tablet=\u00bbcenter\u00bb header_3_text_align_last_edited=\u00bboff|desktop\u00bb module_alignment_tablet=\u00bbcenter\u00bb module_alignment_phone=\u00bbcenter\u00bb module_alignment_last_edited=\u00bbon|phone\u00bb custom_css_free_form=\u00bb.et_pb_text_3 h2 {||    font-weight: 700 !important;||    color: #222222 !important;||  \tline-height: 1.3;||  ||}\u00bb global_colors_info=\u00bb{}\u00bb sticky_enabled=\u00bb0&#8243;]<\/p>\n<h2><strong>\u00bfBuscas repuestos o accesorios de cocina?<\/strong><\/h2>\n<p>Visita nuestras p\u00e1ginas para encontrar lo que necesitas:<\/p>\n<p>[\/et_pb_text][\/et_pb_column][\/et_pb_row][et_pb_row column_structure=\u00bb1_2,1_2&#8243; make_equal=\u00bbon\u00bb admin_label=\u00bbMain services\u00bb _builder_version=\u00bb4.27.4&#8243; width=\u00bb50%\u00bb width_tablet=\u00bb45%\u00bb width_phone=\u00bb52%\u00bb width_last_edited=\u00bbon|tablet\u00bb module_alignment=\u00bbcenter\u00bb custom_margin=\u00bb20px||||false|false\u00bb custom_padding=\u00bb20px|20px|0px|20px|false|false\u00bb border_color_all=\u00bb#ebebeb\u00bb border_style_all=\u00bbnone\u00bb border_width_top=\u00bb2px\u00bb border_color_top=\u00bb#dddddd\u00bb border_color_bottom=\u00bb#dddddd\u00bb border_style_bottom=\u00bbnone\u00bb locked=\u00bboff\u00bb global_colors_info=\u00bb{}\u00bb][et_pb_column type=\u00bb1_2&#8243; _builder_version=\u00bb4.16&#8243; custom_padding=\u00bb|||\u00bb global_colors_info=\u00bb{}\u00bb custom_padding__hover=\u00bb|||\u00bb][et_pb_text disabled_on=\u00bboff|off|off\u00bb admin_label=\u00bbRepuestos\u00bb _builder_version=\u00bb4.27.4&#8243; _module_preset=\u00bbdefault\u00bb header_4_text_align=\u00bbcenter\u00bb header_4_text_color=\u00bb#515151&#8243; header_4_font_size=\u00bb16px\u00bb text_orientation=\u00bbcenter\u00bb module_alignment=\u00bbcenter\u00bb custom_margin=\u00bb||||false|false\u00bb custom_padding=\u00bb40px|20px|40px|20px|false|false\u00bb link_option_url=\u00bbhttps:\/\/www.teka.com\/es-es\/cocina\/repuestos-y-otros-accesorios\/\u00bb hover_enabled=\u00bb0&#8243; border_radii=\u00bbon|4px|4px|4px|4px\u00bb border_width_all=\u00bb2px\u00bb border_color_all=\u00bb#ebebeb\u00bb global_colors_info=\u00bb{}\u00bb sticky_enabled=\u00bb0&#8243;]<\/p>\n<p><img loading=\"lazy\" decoding=\"async\" class=\" aligncenter\" src=\"https:\/\/www.teka.com\/global\/wp-content\/uploads\/sites\/3\/2025\/11\/spare-parts-teka-grey-icon.svg\" alt=\"\" width=\"50\" height=\"50\" \/><\/p>\n<p>&nbsp;<\/p>\n<h4 style=\"text-align: center;\"><a href=\"https:\/\/www.teka.com\/es-es\/cocina\/repuestos-y-otros-accesorios\/\"><strong>Repuestos<\/strong><\/a><\/h4>\n<p>[\/et_pb_text][\/et_pb_column][et_pb_column type=\u00bb1_2&#8243; _builder_version=\u00bb4.16&#8243; custom_padding=\u00bb|||\u00bb global_colors_info=\u00bb{}\u00bb custom_padding__hover=\u00bb|||\u00bb][et_pb_text disabled_on=\u00bboff|off|off\u00bb admin_label=\u00bbAccessorios\u00bb _builder_version=\u00bb4.27.4&#8243; _module_preset=\u00bbdefault\u00bb header_4_text_align=\u00bbcenter\u00bb header_4_text_color=\u00bb#515151&#8243; header_4_font_size=\u00bb16px\u00bb text_orientation=\u00bbcenter\u00bb module_alignment=\u00bbcenter\u00bb custom_margin=\u00bb||||false|false\u00bb custom_padding=\u00bb40px|20px|40px|20px|false|false\u00bb link_option_url=\u00bbhttps:\/\/www.teka.com\/es-es\/cocina\/complementos\/\u00bb hover_enabled=\u00bb0&#8243; border_radii=\u00bbon|4px|4px|4px|4px\u00bb border_width_all=\u00bb2px\u00bb border_color_all=\u00bb#ebebeb\u00bb global_colors_info=\u00bb{}\u00bb sticky_enabled=\u00bb0&#8243;]<\/p>\n<p><img loading=\"lazy\" decoding=\"async\" class=\" aligncenter\" src=\"https:\/\/www.teka.com\/global\/wp-content\/uploads\/sites\/3\/2025\/11\/sombrero-de-cocinero-icon.svg\" alt=\"\" width=\"50\" height=\"50\" \/><\/p>\n<p>&nbsp;<\/p>\n<h4 style=\"text-align: center;\"><a href=\"https:\/\/www.teka.com\/es-es\/cocina\/complementos\/\"><strong>Complementos<\/strong><\/a><\/h4>\n<p>[\/et_pb_text][\/et_pb_column][\/et_pb_row][\/et_pb_section]<\/p>\n","protected":false},"excerpt":{"rendered":"<p>&nbsp; &nbsp; &nbsp; Recambios y accesoriosComo fabricantes, ofrecemos recambios y accesorios originales, todos con una garant\u00eda de tres a\u00f1os . Adem\u00e1s, garantizamos la disponibilidad de estos recambios durante al menos 10 a\u00f1os despu\u00e9s de que un producto deja de fabricarse, para que puedas mantener tus electrodom\u00e9sticos en perfecto estado durante m\u00e1s tiempo. Si necesitas ayuda [&hellip;]<\/p>\n","protected":false},"author":4,"featured_media":0,"parent":5193,"menu_order":0,"comment_status":"closed","ping_status":"closed","template":"","meta":{"_acf_changed":false,"_et_pb_use_builder":"on","_et_pb_old_content":"","_et_gb_content_width":"","footnotes":""},"class_list":["post-141130","page","type-page","status-publish","hentry"],"acf":[],"yoast_head":"<!-- This site is optimized with the Yoast SEO plugin v27.2 - https:\/\/yoast.com\/product\/yoast-seo-wordpress\/ -->\n<title>Recambios y accesorios | Teka Espa\u00f1a<\/title>\n<meta name=\"robots\" content=\"index, follow, max-snippet:-1, max-image-preview:large, max-video-preview:-1\" \/>\n<link rel=\"canonical\" href=\"https:\/\/www.teka.com\/es-es\/soporte\/recambios-y-accesorios\/\" \/>\n<meta property=\"og:locale\" content=\"es_ES\" \/>\n<meta property=\"og:type\" content=\"article\" \/>\n<meta property=\"og:title\" content=\"Recambios y accesorios | Teka Espa\u00f1a\" \/>\n<meta property=\"og:description\" content=\"&nbsp; &nbsp; &nbsp; Recambios y accesoriosComo fabricantes, ofrecemos recambios y accesorios originales, todos con una garant\u00eda de tres a\u00f1os . Adem\u00e1s, garantizamos la disponibilidad de estos recambios durante al menos 10 a\u00f1os despu\u00e9s de que un producto deja de fabricarse, para que puedas mantener tus electrodom\u00e9sticos en perfecto estado durante m\u00e1s tiempo. Si necesitas ayuda [&hellip;]\" \/>\n<meta property=\"og:url\" content=\"https:\/\/www.teka.com\/es-es\/soporte\/recambios-y-accesorios\/\" \/>\n<meta property=\"og:site_name\" content=\"Teka Espa\u00f1a\" \/>\n<meta property=\"article:modified_time\" content=\"2025-11-04T12:01:47+00:00\" \/>\n<meta property=\"og:image\" content=\"https:\/\/www.teka.com\/global\/wp-content\/uploads\/sites\/3\/2025\/11\/spare-parts-teka-grey-icon.svg\" \/>\n<meta name=\"twitter:card\" content=\"summary_large_image\" \/>\n<meta name=\"twitter:label1\" content=\"Tiempo de lectura\" \/>\n\t<meta name=\"twitter:data1\" content=\"2 minutos\" \/>\n<script type=\"application\/ld+json\" class=\"yoast-schema-graph\">{\"@context\":\"https:\/\/schema.org\",\"@graph\":[{\"@type\":\"WebPage\",\"@id\":\"https:\/\/www.teka.com\/es-es\/soporte\/recambios-y-accesorios\/\",\"url\":\"https:\/\/www.teka.com\/es-es\/soporte\/recambios-y-accesorios\/\",\"name\":\"Recambios y accesorios | Teka Espa\u00f1a\",\"isPartOf\":{\"@id\":\"https:\/\/www.teka.com\/es-es\/#website\"},\"primaryImageOfPage\":{\"@id\":\"https:\/\/www.teka.com\/es-es\/soporte\/recambios-y-accesorios\/#primaryimage\"},\"image\":{\"@id\":\"https:\/\/www.teka.com\/es-es\/soporte\/recambios-y-accesorios\/#primaryimage\"},\"thumbnailUrl\":\"https:\/\/www.teka.com\/global\/wp-content\/uploads\/sites\/3\/2025\/11\/spare-parts-teka-grey-icon.svg\",\"datePublished\":\"2025-01-29T08:49:09+00:00\",\"dateModified\":\"2025-11-04T12:01:47+00:00\",\"breadcrumb\":{\"@id\":\"https:\/\/www.teka.com\/es-es\/soporte\/recambios-y-accesorios\/#breadcrumb\"},\"inLanguage\":\"es\",\"potentialAction\":[{\"@type\":\"ReadAction\",\"target\":[\"https:\/\/www.teka.com\/es-es\/soporte\/recambios-y-accesorios\/\"]}]},{\"@type\":\"ImageObject\",\"inLanguage\":\"es\",\"@id\":\"https:\/\/www.teka.com\/es-es\/soporte\/recambios-y-accesorios\/#primaryimage\",\"url\":\"https:\/\/www.teka.com\/global\/wp-content\/uploads\/sites\/3\/2025\/11\/spare-parts-teka-grey-icon.svg\",\"contentUrl\":\"https:\/\/www.teka.com\/global\/wp-content\/uploads\/sites\/3\/2025\/11\/spare-parts-teka-grey-icon.svg\"},{\"@type\":\"BreadcrumbList\",\"@id\":\"https:\/\/www.teka.com\/es-es\/soporte\/recambios-y-accesorios\/#breadcrumb\",\"itemListElement\":[{\"@type\":\"ListItem\",\"position\":1,\"name\":\"Servicios al cliente\",\"item\":\"https:\/\/www.teka.com\/es-es\/soporte\/\"},{\"@type\":\"ListItem\",\"position\":2,\"name\":\"Recambios y accesorios\"}]},{\"@type\":\"WebSite\",\"@id\":\"https:\/\/www.teka.com\/es-es\/#website\",\"url\":\"https:\/\/www.teka.com\/es-es\/\",\"name\":\"Teka Espa\u00f1a\",\"description\":\"\",\"publisher\":{\"@id\":\"https:\/\/www.teka.com\/es-es\/#organization\"},\"potentialAction\":[{\"@type\":\"SearchAction\",\"target\":{\"@type\":\"EntryPoint\",\"urlTemplate\":\"https:\/\/www.teka.com\/es-es\/?s={search_term_string}\"},\"query-input\":{\"@type\":\"PropertyValueSpecification\",\"valueRequired\":true,\"valueName\":\"search_term_string\"}}],\"inLanguage\":\"es\"},{\"@type\":\"Organization\",\"@id\":\"https:\/\/www.teka.com\/es-es\/#organization\",\"name\":\"Teka Espa\u00f1a\",\"url\":\"https:\/\/www.teka.com\/es-es\/\",\"logo\":{\"@type\":\"ImageObject\",\"inLanguage\":\"es\",\"@id\":\"https:\/\/www.teka.com\/es-es\/#\/schema\/logo\/image\/\",\"url\":\"https:\/\/www.teka.com\/es-es\/wp-content\/uploads\/sites\/2\/2020\/08\/teka-new-logo.png\",\"contentUrl\":\"https:\/\/www.teka.com\/es-es\/wp-content\/uploads\/sites\/2\/2020\/08\/teka-new-logo.png\",\"width\":1024,\"height\":1024,\"caption\":\"Teka Espa\u00f1a\"},\"image\":{\"@id\":\"https:\/\/www.teka.com\/es-es\/#\/schema\/logo\/image\/\"}}]}<\/script>\n<!-- \/ Yoast SEO plugin. -->","yoast_head_json":{"title":"Recambios y accesorios | Teka Espa\u00f1a","robots":{"index":"index","follow":"follow","max-snippet":"max-snippet:-1","max-image-preview":"max-image-preview:large","max-video-preview":"max-video-preview:-1"},"canonical":"https:\/\/www.teka.com\/es-es\/soporte\/recambios-y-accesorios\/","og_locale":"es_ES","og_type":"article","og_title":"Recambios y accesorios | Teka Espa\u00f1a","og_description":"&nbsp; &nbsp; &nbsp; Recambios y accesoriosComo fabricantes, ofrecemos recambios y accesorios originales, todos con una garant\u00eda de tres a\u00f1os . Adem\u00e1s, garantizamos la disponibilidad de estos recambios durante al menos 10 a\u00f1os despu\u00e9s de que un producto deja de fabricarse, para que puedas mantener tus electrodom\u00e9sticos en perfecto estado durante m\u00e1s tiempo. Si necesitas ayuda [&hellip;]","og_url":"https:\/\/www.teka.com\/es-es\/soporte\/recambios-y-accesorios\/","og_site_name":"Teka Espa\u00f1a","article_modified_time":"2025-11-04T12:01:47+00:00","og_image":[{"url":"https:\/\/www.teka.com\/global\/wp-content\/uploads\/sites\/3\/2025\/11\/spare-parts-teka-grey-icon.svg","type":"","width":"","height":""}],"twitter_card":"summary_large_image","twitter_misc":{"Tiempo de lectura":"2 minutos"},"schema":{"@context":"https:\/\/schema.org","@graph":[{"@type":"WebPage","@id":"https:\/\/www.teka.com\/es-es\/soporte\/recambios-y-accesorios\/","url":"https:\/\/www.teka.com\/es-es\/soporte\/recambios-y-accesorios\/","name":"Recambios y accesorios | Teka Espa\u00f1a","isPartOf":{"@id":"https:\/\/www.teka.com\/es-es\/#website"},"primaryImageOfPage":{"@id":"https:\/\/www.teka.com\/es-es\/soporte\/recambios-y-accesorios\/#primaryimage"},"image":{"@id":"https:\/\/www.teka.com\/es-es\/soporte\/recambios-y-accesorios\/#primaryimage"},"thumbnailUrl":"https:\/\/www.teka.com\/global\/wp-content\/uploads\/sites\/3\/2025\/11\/spare-parts-teka-grey-icon.svg","datePublished":"2025-01-29T08:49:09+00:00","dateModified":"2025-11-04T12:01:47+00:00","breadcrumb":{"@id":"https:\/\/www.teka.com\/es-es\/soporte\/recambios-y-accesorios\/#breadcrumb"},"inLanguage":"es","potentialAction":[{"@type":"ReadAction","target":["https:\/\/www.teka.com\/es-es\/soporte\/recambios-y-accesorios\/"]}]},{"@type":"ImageObject","inLanguage":"es","@id":"https:\/\/www.teka.com\/es-es\/soporte\/recambios-y-accesorios\/#primaryimage","url":"https:\/\/www.teka.com\/global\/wp-content\/uploads\/sites\/3\/2025\/11\/spare-parts-teka-grey-icon.svg","contentUrl":"https:\/\/www.teka.com\/global\/wp-content\/uploads\/sites\/3\/2025\/11\/spare-parts-teka-grey-icon.svg"},{"@type":"BreadcrumbList","@id":"https:\/\/www.teka.com\/es-es\/soporte\/recambios-y-accesorios\/#breadcrumb","itemListElement":[{"@type":"ListItem","position":1,"name":"Servicios al cliente","item":"https:\/\/www.teka.com\/es-es\/soporte\/"},{"@type":"ListItem","position":2,"name":"Recambios y accesorios"}]},{"@type":"WebSite","@id":"https:\/\/www.teka.com\/es-es\/#website","url":"https:\/\/www.teka.com\/es-es\/","name":"Teka Espa\u00f1a","description":"","publisher":{"@id":"https:\/\/www.teka.com\/es-es\/#organization"},"potentialAction":[{"@type":"SearchAction","target":{"@type":"EntryPoint","urlTemplate":"https:\/\/www.teka.com\/es-es\/?s={search_term_string}"},"query-input":{"@type":"PropertyValueSpecification","valueRequired":true,"valueName":"search_term_string"}}],"inLanguage":"es"},{"@type":"Organization","@id":"https:\/\/www.teka.com\/es-es\/#organization","name":"Teka Espa\u00f1a","url":"https:\/\/www.teka.com\/es-es\/","logo":{"@type":"ImageObject","inLanguage":"es","@id":"https:\/\/www.teka.com\/es-es\/#\/schema\/logo\/image\/","url":"https:\/\/www.teka.com\/es-es\/wp-content\/uploads\/sites\/2\/2020\/08\/teka-new-logo.png","contentUrl":"https:\/\/www.teka.com\/es-es\/wp-content\/uploads\/sites\/2\/2020\/08\/teka-new-logo.png","width":1024,"height":1024,"caption":"Teka Espa\u00f1a"},"image":{"@id":"https:\/\/www.teka.com\/es-es\/#\/schema\/logo\/image\/"}}]}},"_links":{"self":[{"href":"https:\/\/www.teka.com\/es-es\/wp-json\/wp\/v2\/pages\/141130","targetHints":{"allow":["GET"]}}],"collection":[{"href":"https:\/\/www.teka.com\/es-es\/wp-json\/wp\/v2\/pages"}],"about":[{"href":"https:\/\/www.teka.com\/es-es\/wp-json\/wp\/v2\/types\/page"}],"author":[{"embeddable":true,"href":"https:\/\/www.teka.com\/es-es\/wp-json\/wp\/v2\/users\/4"}],"replies":[{"embeddable":true,"href":"https:\/\/www.teka.com\/es-es\/wp-json\/wp\/v2\/comments?post=141130"}],"version-history":[{"count":60,"href":"https:\/\/www.teka.com\/es-es\/wp-json\/wp\/v2\/pages\/141130\/revisions"}],"predecessor-version":[{"id":144050,"href":"https:\/\/www.teka.com\/es-es\/wp-json\/wp\/v2\/pages\/141130\/revisions\/144050"}],"up":[{"embeddable":true,"href":"https:\/\/www.teka.com\/es-es\/wp-json\/wp\/v2\/pages\/5193"}],"wp:attachment":[{"href":"https:\/\/www.teka.com\/es-es\/wp-json\/wp\/v2\/media?parent=141130"}],"curies":[{"name":"wp","href":"https:\/\/api.w.org\/{rel}","templated":true}]}}