{"id":141155,"date":"2025-01-29T17:22:38","date_gmt":"2025-01-29T16:22:38","guid":{"rendered":"https:\/\/www.teka.com\/es-es\/?page_id=141155"},"modified":"2025-10-15T12:54:49","modified_gmt":"2025-10-15T10:54:49","slug":"garantia","status":"publish","type":"page","link":"https:\/\/www.teka.com\/es-es\/soporte\/garantia\/","title":{"rendered":"Garant\u00eda"},"content":{"rendered":"<p>[et_pb_section fb_built=\u00bb1&#8243; admin_label=\u00bbHeader\u00bb module_id=\u00bbEdiciones\u00bb _builder_version=\u00bb4.27.4&#8243; background_image=\u00bbhttps:\/\/www.teka.com\/es-es\/wp-content\/uploads\/sites\/2\/2025\/06\/TEKA-servicio-tecnico-01647-edited.webp\u00bb min_height=\u00bb500px\u00bb max_height=\u00bb600px\u00bb custom_padding=\u00bb||||false|false\u00bb background_last_edited=\u00bbon|phone\u00bb background_image_phone=\u00bbhttps:\/\/www.teka.com\/es-es\/wp-content\/uploads\/sites\/2\/2025\/06\/Teka-ES-SAT-General-image.jpg\u00bb background_enable_image_phone=\u00bbon\u00bb background_position_phone=\u00bbcenter_left\u00bb locked=\u00bboff\u00bb collapsed=\u00bboff\u00bb global_colors_info=\u00bb{}\u00bb][et_pb_row admin_label=\u00bbrow\u00bb _builder_version=\u00bb4.21.0&#8243; background_size=\u00bbinitial\u00bb background_position=\u00bbtop_left\u00bb background_repeat=\u00bbrepeat\u00bb module_alignment=\u00bbcenter\u00bb custom_margin=\u00bb|auto||auto|false|false\u00bb custom_padding=\u00bb||||false|false\u00bb global_colors_info=\u00bb{}\u00bb][et_pb_column type=\u00bb4_4&#8243; _builder_version=\u00bb4.16&#8243; custom_padding=\u00bb|||\u00bb global_colors_info=\u00bb{}\u00bb custom_padding__hover=\u00bb|||\u00bb][et_pb_text admin_label=\u00bbTexto\u00bb _builder_version=\u00bb4.27.4&#8243; text_text_color=\u00bb#FFFFFF\u00bb text_font_size=\u00bb18px\u00bb header_font=\u00bb|700|||||||\u00bb header_text_align=\u00bbleft\u00bb header_text_color=\u00bb#ffffff\u00bb header_line_height=\u00bb1.6em\u00bb header_2_font=\u00bb||||||||\u00bb header_2_text_color=\u00bb#ffffff\u00bb header_2_font_size=\u00bb22px\u00bb header_2_line_height=\u00bb1.6em\u00bb background_layout=\u00bbdark\u00bb width=\u00bb100%\u00bb width_phone=\u00bb70%\u00bb width_last_edited=\u00bboff|desktop\u00bb max_width=\u00bb100%\u00bb custom_margin=\u00bb3px||||false|false\u00bb custom_padding=\u00bb0px||||false|false\u00bb text_text_color_tablet=\u00bb#FFFFFF\u00bb text_text_color_phone=\u00bb#FFFFFF\u00bb text_text_color_last_edited=\u00bbon|phone\u00bb header_text_align_tablet=\u00bb\u00bb header_text_align_phone=\u00bb\u00bb header_text_align_last_edited=\u00bbon|desktop\u00bb header_font_size_tablet=\u00bb\u00bb header_font_size_phone=\u00bb30px\u00bb header_font_size_last_edited=\u00bbon|desktop\u00bb header_2_font_size_phone=\u00bb30px\u00bb header_2_font_size_last_edited=\u00bboff|phone\u00bb header_2_letter_spacing_last_edited=\u00bboff|desktop\u00bb text_orientation_tablet=\u00bb\u00bb text_orientation_phone=\u00bbcenter\u00bb text_orientation_last_edited=\u00bbon|phone\u00bb global_colors_info=\u00bb{}\u00bb]<\/p>\n<p>&nbsp;<\/p>\n<p>&nbsp;<\/p>\n<p>&nbsp;<\/p>\n<h1>Garant\u00eda de producto<\/h1>\n<p>[\/et_pb_text][\/et_pb_column][\/et_pb_row][\/et_pb_section][et_pb_section fb_built=\u00bb1&#8243; module_id=\u00bbcontact-us\u00bb _builder_version=\u00bb4.21.0&#8243; collapsed=\u00bboff\u00bb global_colors_info=\u00bb{}\u00bb][et_pb_row make_equal=\u00bbon\u00bb disabled_on=\u00bboff|off|off\u00bb admin_label=\u00bbBreadcrumbs\u00bb _builder_version=\u00bb4.21.0&#8243; background_size=\u00bbinitial\u00bb background_position=\u00bbtop_left\u00bb background_repeat=\u00bbrepeat\u00bb custom_margin=\u00bb||||false|false\u00bb custom_padding=\u00bb||||false|false\u00bb locked=\u00bboff\u00bb collapsed=\u00bboff\u00bb global_colors_info=\u00bb{}\u00bb][et_pb_column type=\u00bb4_4&#8243; _builder_version=\u00bb4.16&#8243; custom_padding=\u00bb|||\u00bb global_colors_info=\u00bb{}\u00bb custom_padding__hover=\u00bb|||\u00bb][et_pb_code _builder_version=\u00bb4.27.4&#8243; custom_margin=\u00bb-30px||||false|false\u00bb locked=\u00bboff\u00bb global_colors_info=\u00bb{}\u00bb]<\/p>\n<div id=\"breadcrumbs\"><!-- [et_pb_line_break_holder] --><span><a href=\"https:\/\/www.teka.com\/es-es\/soporte\/\"><span>Servicios al cliente<\/span><\/a><!-- [et_pb_line_break_holder] --><span> > <\/span><!-- [et_pb_line_break_holder] --><span>Garant\u00eda de producto<\/span><!-- [et_pb_line_break_holder] --><\/div>\n<p><!-- [et_pb_line_break_holder] -->[\/et_pb_code][\/et_pb_column][\/et_pb_row][et_pb_row column_structure=\u00bb1_2,1_2&#8243; make_equal=\u00bbon\u00bb _builder_version=\u00bb4.27.4&#8243; background_size=\u00bbinitial\u00bb background_position=\u00bbtop_left\u00bb background_repeat=\u00bbrepeat\u00bb custom_margin=\u00bb||64px||false|false\u00bb custom_margin_tablet=\u00bb||64px||false|false\u00bb custom_margin_phone=\u00bb||10px||false|false\u00bb custom_margin_last_edited=\u00bbon|phone\u00bb custom_padding=\u00bb||||false|false\u00bb hover_enabled=\u00bb0&#8243; use_custom_width=\u00bbon\u00bb custom_width_px=\u00bb620px\u00bb global_colors_info=\u00bb{}\u00bb sticky_enabled=\u00bb0&#8243;][et_pb_column type=\u00bb1_2&#8243; _builder_version=\u00bb4.27.4&#8243; custom_padding=\u00bb|||\u00bb hover_enabled=\u00bb0&#8243; custom_css_main_element=\u00bbdisplay: flex;||flex-direction: column;||justify-content: center;\u00bb global_colors_info=\u00bb{}\u00bb custom_padding__hover=\u00bb|||\u00bb sticky_enabled=\u00bb0&#8243;][et_pb_text admin_label=\u00bbVentajas\u00bb _builder_version=\u00bb4.27.4&#8243; header_text_align=\u00bbleft\u00bb header_2_font=\u00bb|700|||||||\u00bb header_2_text_align=\u00bbleft\u00bb header_2_font_size=\u00bb22px\u00bb header_2_line_height=\u00bb1.5em\u00bb width=\u00bb88%\u00bb width_tablet=\u00bb100%\u00bb width_phone=\u00bb100%\u00bb width_last_edited=\u00bbon|phone\u00bb hover_enabled=\u00bb0&#8243; global_colors_info=\u00bb{}\u00bb sticky_enabled=\u00bb0&#8243; custom_css_free_form=\u00bbh2 {||  padding-bottom: 20px;||}\u00bb]&nbsp;<\/p>\n<h2>\u00bfQu\u00e9 ventajas tengo registrando la garant\u00eda?<\/h2>\n<ul style=\"list-style-type: disc; padding-left: 20px;\">\n<li style=\"padding-bottom: 10px;\">Tu garant\u00eda quedar\u00e1 registrada en nuestra base de datos junto a tu ficha de cliente.<\/li>\n<li style=\"padding-bottom: 10px;\">Si precisaras de una reparaci\u00f3n o informaci\u00f3n de soporte, el tr\u00e1mite ser\u00e1 mucho m\u00e1s \u00e1gil ya que tendremos registrados los datos de la compra y del producto y no nos los tendr\u00e1s que volver a mandar.<\/li>\n<li style=\"padding-bottom: 10px;\">Incluso si no localizaras la factura, gestionaremos \u00e1gilmente tu petici\u00f3n.<\/li>\n<\/ul>\n<p>[\/et_pb_text][\/et_pb_column][et_pb_column type=\u00bb1_2&#8243; _builder_version=\u00bb4.27.4&#8243; custom_padding=\u00bb|||\u00bb global_colors_info=\u00bb{}\u00bb custom_padding__hover=\u00bb|||\u00bb][et_pb_image src=\u00bbhttps:\/\/www.teka.com\/es-es\/wp-content\/uploads\/sites\/2\/2025\/06\/TEKA-cocina-oscura-1684-scaled.jpg\u00bb alt=\u00bbhombre adulto alado de un horno Teka\u00bb align=\u00bbright\u00bb force_fullwidth=\u00bbon\u00bb align_tablet=\u00bbcenter\u00bb align_phone=\u00bb\u00bb align_last_edited=\u00bbon|desktop\u00bb _builder_version=\u00bb4.27.4&#8243; border_radii=\u00bbon|4px|4px|4px|4px\u00bb global_colors_info=\u00bb{}\u00bb][\/et_pb_image][\/et_pb_column][\/et_pb_row][et_pb_row column_structure=\u00bb1_2,1_2&#8243; make_equal=\u00bbon\u00bb disabled_on=\u00bbon|off|off\u00bb _builder_version=\u00bb4.27.4&#8243; background_size=\u00bbinitial\u00bb background_position=\u00bbtop_left\u00bb background_repeat=\u00bbrepeat\u00bb custom_margin=\u00bb||64px||false|false\u00bb custom_padding=\u00bb||||false|false\u00bb use_custom_width=\u00bbon\u00bb custom_width_px=\u00bb620px\u00bb global_colors_info=\u00bb{}\u00bb][et_pb_column type=\u00bb1_2&#8243; _builder_version=\u00bb4.27.4&#8243; custom_padding=\u00bb|||\u00bb global_colors_info=\u00bb{}\u00bb custom_padding__hover=\u00bb|||\u00bb][et_pb_image src=\u00bbhttps:\/\/www.teka.com\/es-es\/wp-content\/uploads\/sites\/2\/2025\/06\/TEKA-servicio-tecnico-00584-scaled.jpg\u00bb alt=\u00bbhombre adulto alado de un horno Teka\u00bb align=\u00bbright\u00bb force_fullwidth=\u00bbon\u00bb align_tablet=\u00bbcenter\u00bb align_phone=\u00bb\u00bb align_last_edited=\u00bbon|desktop\u00bb _builder_version=\u00bb4.27.4&#8243; border_radii=\u00bbon|4px|4px|4px|4px\u00bb global_colors_info=\u00bb{}\u00bb][\/et_pb_image][\/et_pb_column][et_pb_column type=\u00bb1_2&#8243; _builder_version=\u00bb4.27.4&#8243; custom_padding=\u00bb|||\u00bb custom_css_main_element=\u00bbdisplay: flex;||flex-direction: column;||justify-content: center;\u00bb global_colors_info=\u00bb{}\u00bb custom_padding__hover=\u00bb|||\u00bb][et_pb_text admin_label=\u00bbCobertura\u00bb _builder_version=\u00bb4.27.4&#8243; header_text_align=\u00bbleft\u00bb header_2_font=\u00bb|700|||||||\u00bb header_2_text_align=\u00bbleft\u00bb header_2_font_size=\u00bb22px\u00bb header_2_line_height=\u00bb1.5em\u00bb global_colors_info=\u00bb{}\u00bb]<\/p>\n<h2>\u00bfQu\u00e9 cubre la garant\u00eda?<\/h2>\n<p>Teka reparar\u00e1 de forma gratuita cualquier defecto que presente su electrodom\u00e9stico siempre que dicho defecto est\u00e9 originado por un fallo de fabricaci\u00f3n.<\/p>\n<p>La reparaci\u00f3n comprende el coste de las piezas de recambio, el de la mano de obra y, en su caso, el del desplazamiento del personal t\u00e9cnico del Servicio Oficial autorizado TEKA al domicilio del consumidor final.<\/p>\n<p>&nbsp;<\/p>\n<h2>\u00bfQu\u00e9 periodo cubre la garant\u00eda?<\/h2>\n<p>Si tienes una ampliaci\u00f3n de garant\u00eda emitida por Teka, tu garant\u00eda se extender\u00e1 a 3 a\u00f1os m\u00e1s los meses ampliados.<\/p>\n<p><span style=\"color: #c8102e;\"><a style=\"color: #c8102e;\" href=\"https:\/\/www.teka.com\/es-es\/soporte\/condiciones-garantia\/\">+ M\u00e1s informaci\u00f3n sobre las condiciones de garant\u00eda<\/a><\/span><br \/><span style=\"color: #c8102e;\"><a style=\"color: #c8102e;\" href=\"https:\/\/www.teka.com\/es-es\/soporte\/registro-de-garantia\/\">+ Registra tu producto<\/a><\/span><\/p>\n<p>[\/et_pb_text][\/et_pb_column][\/et_pb_row][et_pb_row column_structure=\u00bb1_2,1_2&#8243; make_equal=\u00bbon\u00bb disabled_on=\u00bboff|on|on\u00bb _builder_version=\u00bb4.27.4&#8243; background_size=\u00bbinitial\u00bb background_position=\u00bbtop_left\u00bb background_repeat=\u00bbrepeat\u00bb custom_margin=\u00bb||64px||false|false\u00bb custom_margin_tablet=\u00bb||64px||false|false\u00bb custom_margin_phone=\u00bb||20px||false|false\u00bb custom_margin_last_edited=\u00bbon|phone\u00bb custom_padding=\u00bb||||false|false\u00bb use_custom_width=\u00bbon\u00bb custom_width_px=\u00bb620px\u00bb global_colors_info=\u00bb{}\u00bb][et_pb_column type=\u00bb1_2&#8243; _builder_version=\u00bb4.27.4&#8243; custom_padding=\u00bb|||\u00bb global_colors_info=\u00bb{}\u00bb custom_padding__hover=\u00bb|||\u00bb][et_pb_text admin_label=\u00bbCobertura\u00bb _builder_version=\u00bb4.27.4&#8243; header_text_align=\u00bbleft\u00bb header_2_font=\u00bb|700|||||||\u00bb header_2_text_align=\u00bbleft\u00bb header_2_font_size=\u00bb22px\u00bb header_2_line_height=\u00bb1.5em\u00bb global_colors_info=\u00bb{}\u00bb]<\/p>\n<h2>\u00bfQu\u00e9 cubre la garant\u00eda?<\/h2>\n<p>Teka reparar\u00e1 de forma gratuita cualquier defecto que presente su electrodom\u00e9stico siempre que dicho defecto est\u00e9 originado por un fallo de fabricaci\u00f3n.<\/p>\n<p>La reparaci\u00f3n comprende el coste de las piezas de recambio, el de la mano de obra y, en su caso, el del desplazamiento del personal t\u00e9cnico del Servicio Oficial autorizado TEKA al domicilio del consumidor final.<\/p>\n<p>&nbsp;<\/p>\n<h2>\u00bfQu\u00e9 periodo cubre la garant\u00eda?<\/h2>\n<p>Si tienes una ampliaci\u00f3n de garant\u00eda emitida por Teka, tu garant\u00eda se extender\u00e1 a 3 a\u00f1os m\u00e1s los meses ampliados.<\/p>\n<p><span style=\"color: #c8102e;\"><a style=\"color: #c8102e;\" href=\"https:\/\/www.teka.com\/es-es\/soporte\/condiciones-garantia\/\">+ M\u00e1s informaci\u00f3n sobre las condiciones de garant\u00eda<\/a><\/span><br \/><span style=\"color: #c8102e;\"><a style=\"color: #c8102e;\" href=\"https:\/\/www.teka.com\/es-es\/soporte\/registro-de-garantia\/\">+ Registra tu producto<\/a><\/span><\/p>\n<p>[\/et_pb_text][\/et_pb_column][et_pb_column type=\u00bb1_2&#8243; _builder_version=\u00bb4.27.4&#8243; custom_padding=\u00bb|||\u00bb custom_css_main_element=\u00bbdisplay: flex;||flex-direction: column;||justify-content: center;\u00bb global_colors_info=\u00bb{}\u00bb custom_padding__hover=\u00bb|||\u00bb][et_pb_image src=\u00bbhttps:\/\/www.teka.com\/es-es\/wp-content\/uploads\/sites\/2\/2025\/06\/TEKA-servicio-tecnico-00584-scaled.jpg\u00bb alt=\u00bbhombre adulto alado de un horno Teka\u00bb align=\u00bbright\u00bb force_fullwidth=\u00bbon\u00bb align_tablet=\u00bbcenter\u00bb align_phone=\u00bb\u00bb align_last_edited=\u00bbon|desktop\u00bb _builder_version=\u00bb4.27.4&#8243; border_radii=\u00bbon|4px|4px|4px|4px\u00bb global_colors_info=\u00bb{}\u00bb][\/et_pb_image][\/et_pb_column][\/et_pb_row][et_pb_row column_structure=\u00bb1_2,1_2&#8243; _builder_version=\u00bb4.21.0&#8243; background_size=\u00bbinitial\u00bb background_position=\u00bbtop_left\u00bb background_repeat=\u00bbrepeat\u00bb custom_margin=\u00bb40px||||false|false\u00bb custom_padding=\u00bb40px||||false|false\u00bb border_width_top=\u00bb2px\u00bb border_color_top=\u00bb#dddddd\u00bb locked=\u00bboff\u00bb global_colors_info=\u00bb{}\u00bb][et_pb_column type=\u00bb1_2&#8243; _builder_version=\u00bb4.16&#8243; custom_padding=\u00bb|||\u00bb global_colors_info=\u00bb{}\u00bb custom_padding__hover=\u00bb|||\u00bb][et_pb_text disabled_on=\u00bboff|off|off\u00bb admin_label=\u00bbCustomer Service\u00bb module_id=\u00bbsupport-contact\u00bb _builder_version=\u00bb4.27.4&#8243; text_line_height=\u00bb1.4em\u00bb link_text_color=\u00bb#862222&#8243; header_2_font=\u00bb|700|||||||\u00bb header_2_font_size=\u00bb22px\u00bb header_2_line_height=\u00bb1.3em\u00bb header_3_font=\u00bb|700|||||||\u00bb header_3_line_height=\u00bb1.3em\u00bb global_module=\u00bb28072&#8243; saved_tabs=\u00bball\u00bb locked=\u00bboff\u00bb global_colors_info=\u00bb{}\u00bb]<\/p>\n<h3><strong>Atenci\u00f3n al cliente\u00a0<\/strong><\/h3>\n<p class=\"horario\">De lunes a viernes, de <br>09:00 a 18:00 horas<\/p>\n<p><a class=\"itk-reparacion\" href=\"https:\/\/www.teka.com\/es-es\/soporte\/servicio-tecnico\/solicitar-una-reparacion\/\"><br \/>\nSolicitar<br \/>\nreparaci\u00f3n<\/a><a class=\"itk-whatsapp\" href=\"https:\/\/api.whatsapp.com\/send?phone=34842866060\" target=\"_blank\" rel=\"noopener\"><br \/>\nHablar con<br \/>\nun agente<\/a><a class=\"itk-atencion-mail\" href=\"mailto:atencionalcliente@teka.com\"><br \/>\nConsultar<br \/>\notras dudas<\/a><\/p>\n<p>[\/et_pb_text][\/et_pb_column][et_pb_column type=\u00bb1_2&#8243; _builder_version=\u00bb4.16&#8243; custom_padding=\u00bb|||\u00bb global_colors_info=\u00bb{}\u00bb custom_padding__hover=\u00bb|||\u00bb][et_pb_text admin_label=\u00bbManuals\u00bb module_id=\u00bbsupport-manuals\u00bb _builder_version=\u00bb4.27.4&#8243; header_3_font=\u00bb|700|||||||\u00bb header_3_line_height=\u00bb1.3em\u00bb global_module=\u00bb28073&#8243; saved_tabs=\u00bball\u00bb global_colors_info=\u00bb{}\u00bb]<\/p>\n<h3><strong>Manuales de usuario<\/strong><\/h3>\n<p>Los manuales de instrucciones se incluyen al comprar el producto. Pero si lo has perdido o no lo encuentras, puedes descargarlo aqu\u00ed.<\/p>\n<p><form action=\"https:\/\/www.teka.com\/es-es\/soporte\/manuales\/\" id=\"form-manual-container\"><input id=\"input-manual-submit\" name=\"manual-submit\" type=\"submit\" value=\"\ue812\"><select id=\"select-manual\" name=\"se\" style=\"width:420px;float: left\"><\/select><\/form><br \/>\n<a href=\"#\" style=\"display:none;\">Where do I find the serial number?<\/a><\/p>\n<p>[\/et_pb_text][et_pb_text admin_label=\u00bbSafety warnings\u00bb module_id=\u00bbsupport-manuals\u00bb _builder_version=\u00bb4.27.4&#8243; link_text_color=\u00bb#c8102e\u00bb header_2_font=\u00bb|700|||||||\u00bb header_2_font_size=\u00bb22px\u00bb header_2_line_height=\u00bb1.3em\u00bb header_3_font=\u00bb|700|||||||\u00bb header_3_line_height=\u00bb1.3em\u00bb global_colors_info=\u00bb{}\u00bb]<\/p>\n<h3>Avisos de seguridad y calidad<\/h3>\n<p><a href=\"https:\/\/www.teka.com\/es-es\/soporte\/avisos\/\">+ Ver avisos de seguridad<\/a><br \/><a href=\"https:\/\/www.teka.com\/es-es\/politica-de-calidad-y-ambiental\/\">+ Ver pol\u00edtica de calidad y ambiental Teka Industrial<\/a><br \/><a href=\"https:\/\/www.teka.com\/es-es\/wp-content\/uploads\/sites\/2\/2021\/03\/Pol\u00edtica-de-calidad-TEKA-Steelgran-Componentes-S.A..pdf\">+ Ver pol\u00edtica de calidad y ambiental de Teka Steelgran Componentes<\/a><\/p>\n<p>[\/et_pb_text][\/et_pb_column][\/et_pb_row][\/et_pb_section]<\/p>\n","protected":false},"excerpt":{"rendered":"<p>&nbsp; &nbsp; &nbsp; Garant\u00eda de producto&nbsp; \u00bfQu\u00e9 ventajas tengo registrando la garant\u00eda? Tu garant\u00eda quedar\u00e1 registrada en nuestra base de datos junto a tu ficha de cliente. Si precisaras de una reparaci\u00f3n o informaci\u00f3n de soporte, el tr\u00e1mite ser\u00e1 mucho m\u00e1s \u00e1gil ya que tendremos registrados los datos de la compra y del producto y [&hellip;]<\/p>\n","protected":false},"author":4,"featured_media":0,"parent":5193,"menu_order":0,"comment_status":"closed","ping_status":"closed","template":"","meta":{"_acf_changed":false,"_et_pb_use_builder":"on","_et_pb_old_content":"","_et_gb_content_width":"","footnotes":""},"class_list":["post-141155","page","type-page","status-publish","hentry"],"acf":[],"yoast_head":"<!-- This site is optimized with the Yoast SEO plugin v27.2 - https:\/\/yoast.com\/product\/yoast-seo-wordpress\/ -->\n<title>Garant\u00eda de los Productos Teka | Teka Espa\u00f1a<\/title>\n<meta name=\"description\" content=\"\u00bfQu\u00e9 cubre la garant\u00eda? Teka reparar\u00e1 de forma gratuita cualquier defecto que presente su electrodom\u00e9stico siempre que dicho defecto est\u00e9 originado por un fallo de fabricaci\u00f3n.\" \/>\n<meta name=\"robots\" content=\"index, follow, max-snippet:-1, max-image-preview:large, max-video-preview:-1\" \/>\n<link rel=\"canonical\" href=\"https:\/\/www.teka.com\/es-es\/soporte\/garantia\/\" \/>\n<meta property=\"og:locale\" content=\"es_ES\" \/>\n<meta property=\"og:type\" content=\"article\" \/>\n<meta property=\"og:title\" content=\"Garant\u00eda de los Productos Teka | Teka Espa\u00f1a\" \/>\n<meta property=\"og:description\" content=\"\u00bfQu\u00e9 cubre la garant\u00eda? Teka reparar\u00e1 de forma gratuita cualquier defecto que presente su electrodom\u00e9stico siempre que dicho defecto est\u00e9 originado por un fallo de fabricaci\u00f3n.\" \/>\n<meta property=\"og:url\" content=\"https:\/\/www.teka.com\/es-es\/soporte\/garantia\/\" \/>\n<meta property=\"og:site_name\" content=\"Teka Espa\u00f1a\" \/>\n<meta property=\"article:modified_time\" content=\"2025-10-15T10:54:49+00:00\" \/>\n<meta name=\"twitter:card\" content=\"summary_large_image\" \/>\n<meta name=\"twitter:label1\" content=\"Tiempo de lectura\" \/>\n\t<meta name=\"twitter:data1\" content=\"3 minutos\" \/>\n<script type=\"application\/ld+json\" class=\"yoast-schema-graph\">{\"@context\":\"https:\/\/schema.org\",\"@graph\":[{\"@type\":\"WebPage\",\"@id\":\"https:\/\/www.teka.com\/es-es\/soporte\/garantia\/\",\"url\":\"https:\/\/www.teka.com\/es-es\/soporte\/garantia\/\",\"name\":\"Garant\u00eda de los Productos Teka | Teka Espa\u00f1a\",\"isPartOf\":{\"@id\":\"https:\/\/www.teka.com\/es-es\/#website\"},\"datePublished\":\"2025-01-29T16:22:38+00:00\",\"dateModified\":\"2025-10-15T10:54:49+00:00\",\"description\":\"\u00bfQu\u00e9 cubre la garant\u00eda? Teka reparar\u00e1 de forma gratuita cualquier defecto que presente su electrodom\u00e9stico siempre que dicho defecto est\u00e9 originado por un fallo de fabricaci\u00f3n.\",\"breadcrumb\":{\"@id\":\"https:\/\/www.teka.com\/es-es\/soporte\/garantia\/#breadcrumb\"},\"inLanguage\":\"es\",\"potentialAction\":[{\"@type\":\"ReadAction\",\"target\":[\"https:\/\/www.teka.com\/es-es\/soporte\/garantia\/\"]}]},{\"@type\":\"BreadcrumbList\",\"@id\":\"https:\/\/www.teka.com\/es-es\/soporte\/garantia\/#breadcrumb\",\"itemListElement\":[{\"@type\":\"ListItem\",\"position\":1,\"name\":\"Servicios al cliente\",\"item\":\"https:\/\/www.teka.com\/es-es\/soporte\/\"},{\"@type\":\"ListItem\",\"position\":2,\"name\":\"Garant\u00eda\"}]},{\"@type\":\"WebSite\",\"@id\":\"https:\/\/www.teka.com\/es-es\/#website\",\"url\":\"https:\/\/www.teka.com\/es-es\/\",\"name\":\"Teka Espa\u00f1a\",\"description\":\"\",\"publisher\":{\"@id\":\"https:\/\/www.teka.com\/es-es\/#organization\"},\"potentialAction\":[{\"@type\":\"SearchAction\",\"target\":{\"@type\":\"EntryPoint\",\"urlTemplate\":\"https:\/\/www.teka.com\/es-es\/?s={search_term_string}\"},\"query-input\":{\"@type\":\"PropertyValueSpecification\",\"valueRequired\":true,\"valueName\":\"search_term_string\"}}],\"inLanguage\":\"es\"},{\"@type\":\"Organization\",\"@id\":\"https:\/\/www.teka.com\/es-es\/#organization\",\"name\":\"Teka Espa\u00f1a\",\"url\":\"https:\/\/www.teka.com\/es-es\/\",\"logo\":{\"@type\":\"ImageObject\",\"inLanguage\":\"es\",\"@id\":\"https:\/\/www.teka.com\/es-es\/#\/schema\/logo\/image\/\",\"url\":\"https:\/\/www.teka.com\/es-es\/wp-content\/uploads\/sites\/2\/2020\/08\/teka-new-logo.png\",\"contentUrl\":\"https:\/\/www.teka.com\/es-es\/wp-content\/uploads\/sites\/2\/2020\/08\/teka-new-logo.png\",\"width\":1024,\"height\":1024,\"caption\":\"Teka Espa\u00f1a\"},\"image\":{\"@id\":\"https:\/\/www.teka.com\/es-es\/#\/schema\/logo\/image\/\"}}]}<\/script>\n<!-- \/ Yoast SEO plugin. -->","yoast_head_json":{"title":"Garant\u00eda de los Productos Teka | Teka Espa\u00f1a","description":"\u00bfQu\u00e9 cubre la garant\u00eda? Teka reparar\u00e1 de forma gratuita cualquier defecto que presente su electrodom\u00e9stico siempre que dicho defecto est\u00e9 originado por un fallo de fabricaci\u00f3n.","robots":{"index":"index","follow":"follow","max-snippet":"max-snippet:-1","max-image-preview":"max-image-preview:large","max-video-preview":"max-video-preview:-1"},"canonical":"https:\/\/www.teka.com\/es-es\/soporte\/garantia\/","og_locale":"es_ES","og_type":"article","og_title":"Garant\u00eda de los Productos Teka | Teka Espa\u00f1a","og_description":"\u00bfQu\u00e9 cubre la garant\u00eda? Teka reparar\u00e1 de forma gratuita cualquier defecto que presente su electrodom\u00e9stico siempre que dicho defecto est\u00e9 originado por un fallo de fabricaci\u00f3n.","og_url":"https:\/\/www.teka.com\/es-es\/soporte\/garantia\/","og_site_name":"Teka Espa\u00f1a","article_modified_time":"2025-10-15T10:54:49+00:00","twitter_card":"summary_large_image","twitter_misc":{"Tiempo de lectura":"3 minutos"},"schema":{"@context":"https:\/\/schema.org","@graph":[{"@type":"WebPage","@id":"https:\/\/www.teka.com\/es-es\/soporte\/garantia\/","url":"https:\/\/www.teka.com\/es-es\/soporte\/garantia\/","name":"Garant\u00eda de los Productos Teka | Teka Espa\u00f1a","isPartOf":{"@id":"https:\/\/www.teka.com\/es-es\/#website"},"datePublished":"2025-01-29T16:22:38+00:00","dateModified":"2025-10-15T10:54:49+00:00","description":"\u00bfQu\u00e9 cubre la garant\u00eda? Teka reparar\u00e1 de forma gratuita cualquier defecto que presente su electrodom\u00e9stico siempre que dicho defecto est\u00e9 originado por un fallo de fabricaci\u00f3n.","breadcrumb":{"@id":"https:\/\/www.teka.com\/es-es\/soporte\/garantia\/#breadcrumb"},"inLanguage":"es","potentialAction":[{"@type":"ReadAction","target":["https:\/\/www.teka.com\/es-es\/soporte\/garantia\/"]}]},{"@type":"BreadcrumbList","@id":"https:\/\/www.teka.com\/es-es\/soporte\/garantia\/#breadcrumb","itemListElement":[{"@type":"ListItem","position":1,"name":"Servicios al cliente","item":"https:\/\/www.teka.com\/es-es\/soporte\/"},{"@type":"ListItem","position":2,"name":"Garant\u00eda"}]},{"@type":"WebSite","@id":"https:\/\/www.teka.com\/es-es\/#website","url":"https:\/\/www.teka.com\/es-es\/","name":"Teka Espa\u00f1a","description":"","publisher":{"@id":"https:\/\/www.teka.com\/es-es\/#organization"},"potentialAction":[{"@type":"SearchAction","target":{"@type":"EntryPoint","urlTemplate":"https:\/\/www.teka.com\/es-es\/?s={search_term_string}"},"query-input":{"@type":"PropertyValueSpecification","valueRequired":true,"valueName":"search_term_string"}}],"inLanguage":"es"},{"@type":"Organization","@id":"https:\/\/www.teka.com\/es-es\/#organization","name":"Teka Espa\u00f1a","url":"https:\/\/www.teka.com\/es-es\/","logo":{"@type":"ImageObject","inLanguage":"es","@id":"https:\/\/www.teka.com\/es-es\/#\/schema\/logo\/image\/","url":"https:\/\/www.teka.com\/es-es\/wp-content\/uploads\/sites\/2\/2020\/08\/teka-new-logo.png","contentUrl":"https:\/\/www.teka.com\/es-es\/wp-content\/uploads\/sites\/2\/2020\/08\/teka-new-logo.png","width":1024,"height":1024,"caption":"Teka Espa\u00f1a"},"image":{"@id":"https:\/\/www.teka.com\/es-es\/#\/schema\/logo\/image\/"}}]}},"_links":{"self":[{"href":"https:\/\/www.teka.com\/es-es\/wp-json\/wp\/v2\/pages\/141155","targetHints":{"allow":["GET"]}}],"collection":[{"href":"https:\/\/www.teka.com\/es-es\/wp-json\/wp\/v2\/pages"}],"about":[{"href":"https:\/\/www.teka.com\/es-es\/wp-json\/wp\/v2\/types\/page"}],"author":[{"embeddable":true,"href":"https:\/\/www.teka.com\/es-es\/wp-json\/wp\/v2\/users\/4"}],"replies":[{"embeddable":true,"href":"https:\/\/www.teka.com\/es-es\/wp-json\/wp\/v2\/comments?post=141155"}],"version-history":[{"count":78,"href":"https:\/\/www.teka.com\/es-es\/wp-json\/wp\/v2\/pages\/141155\/revisions"}],"predecessor-version":[{"id":143911,"href":"https:\/\/www.teka.com\/es-es\/wp-json\/wp\/v2\/pages\/141155\/revisions\/143911"}],"up":[{"embeddable":true,"href":"https:\/\/www.teka.com\/es-es\/wp-json\/wp\/v2\/pages\/5193"}],"wp:attachment":[{"href":"https:\/\/www.teka.com\/es-es\/wp-json\/wp\/v2\/media?parent=141155"}],"curies":[{"name":"wp","href":"https:\/\/api.w.org\/{rel}","templated":true}]}}