{"id":21983,"date":"2018-09-11T07:37:22","date_gmt":"2018-09-11T05:37:22","guid":{"rendered":"http:\/\/teka.com\/?page_id=21983"},"modified":"2024-06-10T13:28:17","modified_gmt":"2024-06-10T11:28:17","slug":"noticias","status":"publish","type":"page","link":"https:\/\/www.teka.com\/es-es\/noticias\/","title":{"rendered":"Noticias"},"content":{"rendered":"<p>[et_pb_section fb_built=\u00bb1&#8243; admin_label=\u00bbSecci\u00f3n\u00bb module_id=\u00bbnoticias-top\u00bb _builder_version=\u00bb4.4.6&#8243; background_image=\u00bbhttps:\/\/www.teka.com\/wp-content\/uploads\/sites\/3\/2018\/09\/inspiracion.jpg\u00bb global_module=\u00bb23608&#8243; global_colors_info=\u00bb{}\u00bb][et_pb_row column_structure=\u00bb1_2,1_2&#8243; admin_label=\u00bbFila\u00bb _builder_version=\u00bb4.16&#8243; background_size=\u00bbinitial\u00bb background_position=\u00bbtop_left\u00bb background_repeat=\u00bbrepeat\u00bb global_colors_info=\u00bb{}\u00bb][et_pb_column type=\u00bb1_2&#8243; _builder_version=\u00bb4.16&#8243; custom_padding=\u00bb|||\u00bb global_colors_info=\u00bb{}\u00bb custom_padding__hover=\u00bb|||\u00bb][et_pb_text admin_label=\u00bbTitle &#038; Subtitle\u00bb _builder_version=\u00bb4.16&#8243; background_layout=\u00bbdark\u00bb global_colors_info=\u00bb{}\u00bb]<\/p>\n<h1>Noticias<\/h1>\n<p>Aqu\u00ed podr\u00e1s seguir todas las noticias de Teka: notas de prensa, novedades de producto, campa\u00f1as de publicidad y mucho m\u00e1s.<\/p>\n<p>[\/et_pb_text][et_pb_code disabled_on=\u00bbon|on|on\u00bb admin_label=\u00bbSearch bar code %91Not editable%93&#8243; _builder_version=\u00bb4.16&#8243; disabled=\u00bbon\u00bb global_colors_info=\u00bb{}\u00bb][\/et_pb_code][\/et_pb_column][et_pb_column type=\u00bb1_2&#8243; _builder_version=\u00bb4.16&#8243; custom_padding=\u00bb|||\u00bb global_colors_info=\u00bb{}\u00bb custom_padding__hover=\u00bb|||\u00bb][\/et_pb_column][\/et_pb_row][et_pb_row admin_label=\u00bbFila\u00bb _builder_version=\u00bb4.16&#8243; background_size=\u00bbinitial\u00bb background_position=\u00bbtop_left\u00bb background_repeat=\u00bbrepeat\u00bb global_colors_info=\u00bb{}\u00bb][et_pb_column type=\u00bb4_4&#8243; _builder_version=\u00bb4.16&#8243; custom_padding=\u00bb|||\u00bb global_colors_info=\u00bb{}\u00bb custom_padding__hover=\u00bb|||\u00bb][et_pb_sidebar area=\u00bbet_pb_widget_area_3&#8243; module_id=\u00bbinspiration-menu\u00bb _builder_version=\u00bb4.16&#8243; global_colors_info=\u00bb{}\u00bb][\/et_pb_sidebar][\/et_pb_column][\/et_pb_row][\/et_pb_section][et_pb_section fb_built=\u00bb1&#8243; _builder_version=\u00bb4.16&#8243; background_color=\u00bb#f2f2f2&#8243; global_colors_info=\u00bb{}\u00bb][et_pb_row _builder_version=\u00bb4.16&#8243; background_size=\u00bbinitial\u00bb background_position=\u00bbtop_left\u00bb background_repeat=\u00bbrepeat\u00bb global_colors_info=\u00bb{}\u00bb][et_pb_column type=\u00bb4_4&#8243; _builder_version=\u00bb4.16&#8243; custom_padding=\u00bb|||\u00bb global_colors_info=\u00bb{}\u00bb custom_padding__hover=\u00bb|||\u00bb][et_pb_inspiration posts_number=\u00bb8&#8243; include_categories=\u00bb613&#8243; admin_label=\u00bbNews archive holder\u00bb _builder_version=\u00bb3.19&#8243; header_font_size_tablet=\u00bb51&#8243; header_line_height_tablet=\u00bb2&#8243; body_font_size_tablet=\u00bb51&#8243; body_line_height_tablet=\u00bb2&#8243; meta_font_size_tablet=\u00bb51&#8243; meta_line_height_tablet=\u00bb2&#8243; pagination_font_size_tablet=\u00bb51&#8243; pagination_line_height_tablet=\u00bb2&#8243; global_colors_info=\u00bb{}\u00bb][\/et_pb_inspiration][\/et_pb_column][\/et_pb_row][\/et_pb_section]<\/p>\n","protected":false},"excerpt":{"rendered":"<p>Noticias Aqu\u00ed podr\u00e1s seguir todas las noticias de Teka: notas de prensa, novedades de producto, campa\u00f1as de publicidad y mucho m\u00e1s.[et_pb_inspiration posts_number=\u00bb8&#8243; include_categories=\u00bb613&#8243; admin_label=\u00bbNews archive holder\u00bb _builder_version=\u00bb3.19&#8243; header_font_size_tablet=\u00bb51&#8243; header_line_height_tablet=\u00bb2&#8243; body_font_size_tablet=\u00bb51&#8243; body_line_height_tablet=\u00bb2&#8243; meta_font_size_tablet=\u00bb51&#8243; meta_line_height_tablet=\u00bb2&#8243; pagination_font_size_tablet=\u00bb51&#8243; pagination_line_height_tablet=\u00bb2&#8243; global_colors_info=\u00bb{}\u00bb][\/et_pb_inspiration]<\/p>\n","protected":false},"author":9,"featured_media":0,"parent":0,"menu_order":32,"comment_status":"closed","ping_status":"closed","template":"","meta":{"_acf_changed":false,"_et_pb_use_builder":"on","_et_pb_old_content":"","_et_gb_content_width":"","footnotes":""},"class_list":["post-21983","page","type-page","status-publish","hentry"],"acf":[],"yoast_head":"<!-- This site is optimized with the Yoast SEO plugin v27.5 - https:\/\/yoast.com\/product\/yoast-seo-wordpress\/ -->\n<title>Todas las noticias de Teka - \u00daltimas novedades | Teka Espa\u00f1a<\/title>\n<meta name=\"description\" content=\"\u00a1Ponte al d\u00eda! Todas las noticias de Teka Espa\u00f1a. Descubre las \u00faltimas novedades.\" \/>\n<meta name=\"robots\" content=\"index, follow, max-snippet:-1, max-image-preview:large, max-video-preview:-1\" \/>\n<link rel=\"canonical\" href=\"https:\/\/www.teka.com\/es-es\/noticias\/\" \/>\n<meta property=\"og:locale\" content=\"es_ES\" \/>\n<meta property=\"og:type\" content=\"article\" \/>\n<meta property=\"og:title\" content=\"Todas las noticias de Teka - \u00daltimas novedades | Teka Espa\u00f1a\" \/>\n<meta property=\"og:description\" content=\"\u00a1Ponte al d\u00eda! Todas las noticias de Teka Espa\u00f1a. Descubre las \u00faltimas novedades.\" \/>\n<meta property=\"og:url\" content=\"https:\/\/www.teka.com\/es-es\/noticias\/\" \/>\n<meta property=\"og:site_name\" content=\"Teka Espa\u00f1a\" \/>\n<meta property=\"article:modified_time\" content=\"2024-06-10T11:28:17+00:00\" \/>\n<meta name=\"twitter:card\" content=\"summary_large_image\" \/>\n<script type=\"application\/ld+json\" class=\"yoast-schema-graph\">{\"@context\":\"https:\\\/\\\/schema.org\",\"@graph\":[{\"@type\":\"WebPage\",\"@id\":\"https:\\\/\\\/www.teka.com\\\/es-es\\\/noticias\\\/\",\"url\":\"https:\\\/\\\/www.teka.com\\\/es-es\\\/noticias\\\/\",\"name\":\"Todas las noticias de Teka - \u00daltimas novedades | Teka Espa\u00f1a\",\"isPartOf\":{\"@id\":\"https:\\\/\\\/www.teka.com\\\/es-es\\\/#website\"},\"datePublished\":\"2018-09-11T05:37:22+00:00\",\"dateModified\":\"2024-06-10T11:28:17+00:00\",\"description\":\"\u00a1Ponte al d\u00eda! Todas las noticias de Teka Espa\u00f1a. Descubre las \u00faltimas novedades.\",\"inLanguage\":\"es\",\"potentialAction\":[{\"@type\":\"ReadAction\",\"target\":[\"https:\\\/\\\/www.teka.com\\\/es-es\\\/noticias\\\/\"]}]},{\"@type\":\"WebSite\",\"@id\":\"https:\\\/\\\/www.teka.com\\\/es-es\\\/#website\",\"url\":\"https:\\\/\\\/www.teka.com\\\/es-es\\\/\",\"name\":\"Teka Espa\u00f1a\",\"description\":\"\",\"publisher\":{\"@id\":\"https:\\\/\\\/www.teka.com\\\/es-es\\\/#organization\"},\"potentialAction\":[{\"@type\":\"SearchAction\",\"target\":{\"@type\":\"EntryPoint\",\"urlTemplate\":\"https:\\\/\\\/www.teka.com\\\/es-es\\\/?s={search_term_string}\"},\"query-input\":{\"@type\":\"PropertyValueSpecification\",\"valueRequired\":true,\"valueName\":\"search_term_string\"}}],\"inLanguage\":\"es\"},{\"@type\":\"Organization\",\"@id\":\"https:\\\/\\\/www.teka.com\\\/es-es\\\/#organization\",\"name\":\"Teka Espa\u00f1a\",\"url\":\"https:\\\/\\\/www.teka.com\\\/es-es\\\/\",\"logo\":{\"@type\":\"ImageObject\",\"inLanguage\":\"es\",\"@id\":\"https:\\\/\\\/www.teka.com\\\/es-es\\\/#\\\/schema\\\/logo\\\/image\\\/\",\"url\":\"https:\\\/\\\/www.teka.com\\\/es-es\\\/wp-content\\\/uploads\\\/sites\\\/2\\\/2020\\\/08\\\/teka-new-logo.png\",\"contentUrl\":\"https:\\\/\\\/www.teka.com\\\/es-es\\\/wp-content\\\/uploads\\\/sites\\\/2\\\/2020\\\/08\\\/teka-new-logo.png\",\"width\":1024,\"height\":1024,\"caption\":\"Teka Espa\u00f1a\"},\"image\":{\"@id\":\"https:\\\/\\\/www.teka.com\\\/es-es\\\/#\\\/schema\\\/logo\\\/image\\\/\"}}]}<\/script>\n<!-- \/ Yoast SEO plugin. -->","yoast_head_json":{"title":"Todas las noticias de Teka - \u00daltimas novedades | Teka Espa\u00f1a","description":"\u00a1Ponte al d\u00eda! Todas las noticias de Teka Espa\u00f1a. Descubre las \u00faltimas novedades.","robots":{"index":"index","follow":"follow","max-snippet":"max-snippet:-1","max-image-preview":"max-image-preview:large","max-video-preview":"max-video-preview:-1"},"canonical":"https:\/\/www.teka.com\/es-es\/noticias\/","og_locale":"es_ES","og_type":"article","og_title":"Todas las noticias de Teka - \u00daltimas novedades | Teka Espa\u00f1a","og_description":"\u00a1Ponte al d\u00eda! Todas las noticias de Teka Espa\u00f1a. Descubre las \u00faltimas novedades.","og_url":"https:\/\/www.teka.com\/es-es\/noticias\/","og_site_name":"Teka Espa\u00f1a","article_modified_time":"2024-06-10T11:28:17+00:00","twitter_card":"summary_large_image","schema":{"@context":"https:\/\/schema.org","@graph":[{"@type":"WebPage","@id":"https:\/\/www.teka.com\/es-es\/noticias\/","url":"https:\/\/www.teka.com\/es-es\/noticias\/","name":"Todas las noticias de Teka - \u00daltimas novedades | Teka Espa\u00f1a","isPartOf":{"@id":"https:\/\/www.teka.com\/es-es\/#website"},"datePublished":"2018-09-11T05:37:22+00:00","dateModified":"2024-06-10T11:28:17+00:00","description":"\u00a1Ponte al d\u00eda! Todas las noticias de Teka Espa\u00f1a. Descubre las \u00faltimas novedades.","inLanguage":"es","potentialAction":[{"@type":"ReadAction","target":["https:\/\/www.teka.com\/es-es\/noticias\/"]}]},{"@type":"WebSite","@id":"https:\/\/www.teka.com\/es-es\/#website","url":"https:\/\/www.teka.com\/es-es\/","name":"Teka Espa\u00f1a","description":"","publisher":{"@id":"https:\/\/www.teka.com\/es-es\/#organization"},"potentialAction":[{"@type":"SearchAction","target":{"@type":"EntryPoint","urlTemplate":"https:\/\/www.teka.com\/es-es\/?s={search_term_string}"},"query-input":{"@type":"PropertyValueSpecification","valueRequired":true,"valueName":"search_term_string"}}],"inLanguage":"es"},{"@type":"Organization","@id":"https:\/\/www.teka.com\/es-es\/#organization","name":"Teka Espa\u00f1a","url":"https:\/\/www.teka.com\/es-es\/","logo":{"@type":"ImageObject","inLanguage":"es","@id":"https:\/\/www.teka.com\/es-es\/#\/schema\/logo\/image\/","url":"https:\/\/www.teka.com\/es-es\/wp-content\/uploads\/sites\/2\/2020\/08\/teka-new-logo.png","contentUrl":"https:\/\/www.teka.com\/es-es\/wp-content\/uploads\/sites\/2\/2020\/08\/teka-new-logo.png","width":1024,"height":1024,"caption":"Teka Espa\u00f1a"},"image":{"@id":"https:\/\/www.teka.com\/es-es\/#\/schema\/logo\/image\/"}}]}},"_links":{"self":[{"href":"https:\/\/www.teka.com\/es-es\/wp-json\/wp\/v2\/pages\/21983","targetHints":{"allow":["GET"]}}],"collection":[{"href":"https:\/\/www.teka.com\/es-es\/wp-json\/wp\/v2\/pages"}],"about":[{"href":"https:\/\/www.teka.com\/es-es\/wp-json\/wp\/v2\/types\/page"}],"author":[{"embeddable":true,"href":"https:\/\/www.teka.com\/es-es\/wp-json\/wp\/v2\/users\/9"}],"replies":[{"embeddable":true,"href":"https:\/\/www.teka.com\/es-es\/wp-json\/wp\/v2\/comments?post=21983"}],"version-history":[{"count":32,"href":"https:\/\/www.teka.com\/es-es\/wp-json\/wp\/v2\/pages\/21983\/revisions"}],"predecessor-version":[{"id":138961,"href":"https:\/\/www.teka.com\/es-es\/wp-json\/wp\/v2\/pages\/21983\/revisions\/138961"}],"wp:attachment":[{"href":"https:\/\/www.teka.com\/es-es\/wp-json\/wp\/v2\/media?parent=21983"}],"curies":[{"name":"wp","href":"https:\/\/api.w.org\/{rel}","templated":true}]}}