{"id":21989,"date":"2018-09-11T07:58:22","date_gmt":"2018-09-11T05:58:22","guid":{"rendered":"http:\/\/teka.com\/?page_id=21989"},"modified":"2020-11-18T11:03:05","modified_gmt":"2020-11-18T10:03:05","slug":"sobre-nosotros","status":"publish","type":"page","link":"https:\/\/www.teka.com\/es-es\/sobre-nosotros\/","title":{"rendered":"Acerca de Teka"},"content":{"rendered":"<p>[et_pb_section bb_built=\u00bb1&#8243; module_id=\u00bbteka-top\u00bb _builder_version=\u00bb3.19&#8243; background_image=\u00bbhttps:\/\/www.teka.com\/es-es\/wp-content\/uploads\/sites\/2\/2019\/12\/teka-group-about-us-header-image-2-1.jpg\u00bb next_background_color=\u00bb#0e0e0e\u00bb locked=\u00bboff\u00bb global_module=\u00bb23211&#8243;][et_pb_row global_parent=\u00bb23211&#8243; _builder_version=\u00bb3.19&#8243; background_size=\u00bbinitial\u00bb background_position=\u00bbtop_left\u00bb background_repeat=\u00bbrepeat\u00bb parent_locked=\u00bboff\u00bb][et_pb_column type=\u00bb1_2&#8243;][et_pb_text admin_label=\u00bbHeader Title\u00bb global_parent=\u00bb23211&#8243; _builder_version=\u00bb3.18.4&#8243; background_layout=\u00bbdark\u00bb parent_locked=\u00bboff\u00bb]<\/p>\n<p>&nbsp;<\/p>\n<h3><strong>Teka Group<\/strong>,<br \/>esp\u00edritu alem\u00e1n<\/h3>\n<p>&nbsp;<\/p>\n<p>&nbsp;<\/p>\n<p>&nbsp;<\/p>\n<\/p>\n<p>[\/et_pb_text][\/et_pb_column][et_pb_column type=\u00bb1_2&#8243;][\/et_pb_column][\/et_pb_row][\/et_pb_section][et_pb_section bb_built=\u00bb1&#8243; specialty=\u00bboff\u00bb prev_background_color=\u00bb#ffffff\u00bb _builder_version=\u00bb3.14&#8243; module_id=\u00bbteka-menu\u00bb background_color=\u00bb#0e0e0e\u00bb next_background_color=\u00bb#ffffff\u00bb global_module=\u00bb23212&#8243;][et_pb_row global_parent=\u00bb23212&#8243; background_position=\u00bbtop_left\u00bb background_repeat=\u00bbrepeat\u00bb background_size=\u00bbinitial\u00bb][et_pb_column type=\u00bb4_4&#8243;][et_pb_sidebar global_parent=\u00bb23212&#8243; _builder_version=\u00bb3.17.6&#8243; area=\u00bbet_pb_widget_area_4&#8243; background_layout=\u00bbdark\u00bb disabled=\u00bboff\u00bb disabled_on=\u00bbon|on|\u00bb \/][et_pb_sidebar admin_label=\u00bbBarra lateral Tablet\u00bb global_parent=\u00bb23212&#8243; _builder_version=\u00bb3.17.6&#8243; area=\u00bbet_pb_widget_area_8&#8243; background_layout=\u00bbdark\u00bb disabled=\u00bboff\u00bb disabled_on=\u00bbon||on\u00bb \/][et_pb_sidebar admin_label=\u00bbBarra lateral Mobile\u00bb global_parent=\u00bb23212&#8243; _builder_version=\u00bb3.17.6&#8243; area=\u00bbet_pb_widget_area_7&#8243; background_layout=\u00bbdark\u00bb disabled=\u00bboff\u00bb disabled_on=\u00bb|on|on\u00bb \/][\/et_pb_column][\/et_pb_row][\/et_pb_section][et_pb_section bb_built=\u00bb1&#8243; module_id=\u00bbabout-us\u00bb _builder_version=\u00bb3.17.6&#8243; prev_background_color=\u00bb#0e0e0e\u00bb next_background_color=\u00bb#000000&#8243;][et_pb_row use_custom_width=\u00bbon\u00bb custom_padding=\u00bb32px|0px|32px|0px|false|false\u00bb _builder_version=\u00bb3.17.2&#8243; background_size=\u00bbinitial\u00bb background_position=\u00bbtop_left\u00bb background_repeat=\u00bbrepeat\u00bb module_alignment=\u00bbcenter\u00bb][et_pb_column type=\u00bb4_4&#8243;][et_pb_text _builder_version=\u00bb3.17.6&#8243;]<\/p>\n<h1 style=\"text-align: center;\">Creando\u00a0<strong>momentos inolvidables<\/strong><\/h1>\n<p>[\/et_pb_text][\/et_pb_column][\/et_pb_row][et_pb_row custom_padding=\u00bb24.9375px|0px|24px|0px|false|false\u00bb _builder_version=\u00bb3.0.48&#8243; background_size=\u00bbinitial\u00bb background_position=\u00bbtop_left\u00bb background_repeat=\u00bbrepeat\u00bb][et_pb_column type=\u00bb4_4&#8243;][et_pb_text _builder_version=\u00bb3.17.6&#8243; max_width=\u00bb80%\u00bb module_alignment=\u00bbcenter\u00bb]<\/p>\n<h6 style=\"text-align: center;\">Combinamos <strong>calidad, usabilidad<\/strong> y <strong>eficiencia<\/strong> en todo lo que hacemos para encontrar la mejor soluci\u00f3n para tu hogar. Nuestro objetivo principal es crear experiencias inolvidables que puedas compartir con tus seres queridos.<\/h6>\n<p>[\/et_pb_text][\/et_pb_column][\/et_pb_row][et_pb_row custom_padding=\u00bb24px|0px|24.9375px|0px|false|false\u00bb _builder_version=\u00bb3.0.48&#8243; background_size=\u00bbinitial\u00bb background_position=\u00bbtop_left\u00bb background_repeat=\u00bbrepeat\u00bb][et_pb_column type=\u00bb4_4&#8243;][et_pb_divider color=\u00bb#b7b7b7&#8243; _builder_version=\u00bb3.14&#8243; \/][et_pb_text _builder_version=\u00bb3.17.6&#8243;]<\/p>\n<h2 style=\"text-align: center;\">Donde se cocina\u00a0<strong>la vida<\/strong><\/h2>\n<p>[\/et_pb_text][\/et_pb_column][\/et_pb_row][et_pb_row _builder_version=\u00bb3.0.48&#8243; background_size=\u00bbinitial\u00bb background_position=\u00bbtop_left\u00bb background_repeat=\u00bbrepeat\u00bb][et_pb_column type=\u00bb1_2&#8243;][et_pb_text _builder_version=\u00bb3.17.6&#8243;]<\/p>\n<p>La cocina es el centro de tu hogar, y en Teka dise\u00f1amos electrodom\u00e9sticos para que sean el alma de tu cocina. Porque es aqu\u00ed Donde se cocina la vida, donde algunos de los mejores momentos de nuestras vidas tienen lugar.<\/p>\n<p>La cocina para nosotros es mucho m\u00e1s que el lugar donde se prepara la comida. Es el lugar en el que se r\u00ede, se sue\u00f1a, se comparte, se charla, se toman decisiones, se dan noticias, se hacen planes de vida y, en definitiva, se viven momentos inolvidables.<\/p>\n<p>Por todo ello, dise\u00f1amos y fabricamos electrodom\u00e9sticos que aporten soluciones e innovaciones reales a cocina, que se adapten a tu estilo de vida y que est\u00e9n en armon\u00eda con tu hogar.<\/p>\n<p>Trabajamos cada d\u00eda para entender tus necesidades y aportar nuevas soluciones que te ayuden a descubrir nuevas posibilidades en la cocina.<\/p>\n<p>[\/et_pb_text][\/et_pb_column][et_pb_column type=\u00bb1_2&#8243;][et_pb_text _builder_version=\u00bb3.17.6&#8243;]<\/p>\n<p>Nuestra marca, de origen alem\u00e1n, fabrica todos sus productos cuidando la calidad, tecnolog\u00eda e innovaci\u00f3n real. Los productos de Teka son reconocidos mundialmente por su fiabilidad, eficiencia y precisi\u00f3n, y a d\u00eda de hoy, tras casi 100 a\u00f1os de historia, la marca contin\u00faa trabajando de manera exhaustiva para dotar a todos sus productos de las mejores funcionalidades y la b\u00fasqueda de la excelencia.<\/p>\n<p>Nuestros valores, fuertemente arraigados en la empresa y todo nuestro equipo, son claros: honestidad, generosidad y originalidad. Esto significa que trabajamos para ti, y siempre estamos de tu lado, ayud\u00e1ndote a resolver tus problemas del d\u00eda a d\u00eda y facilit\u00e1ndote cualquier ayuda que est\u00e9 en nuestra mano.<\/p>\n<p>Desde nuestros comienzos, hemos apostado por productos de la mejor calidad, el dise\u00f1o m\u00e1s actual y original, las mejores innovaciones a un precio justo.<\/p>\n<p>[\/et_pb_text][\/et_pb_column][\/et_pb_row][\/et_pb_section][et_pb_section bb_built=\u00bb1&#8243; module_id=\u00bbabout-teka-teka-bottom\u00bb _builder_version=\u00bb3.17.2&#8243; custom_margin=\u00bb0px|||\u00bb custom_padding=\u00bb0px|||\u00bb prev_background_color=\u00bb#000000&#8243;][et_pb_row _builder_version=\u00bb3.17.2&#8243; background_size=\u00bbinitial\u00bb background_position=\u00bbtop_left\u00bb background_repeat=\u00bbrepeat\u00bb][et_pb_column type=\u00bb4_4&#8243;][et_pb_text _builder_version=\u00bb3.17.6&#8243;]<\/p>\n<h2 style=\"text-align: center;\">Nuestros\u00a0<strong>valores<\/strong><\/h2>\n<p>[\/et_pb_text][\/et_pb_column][\/et_pb_row][et_pb_row _builder_version=\u00bb3.17.2&#8243; background_size=\u00bbinitial\u00bb background_position=\u00bbtop_left\u00bb background_repeat=\u00bbrepeat\u00bb][et_pb_column type=\u00bb1_3&#8243;][et_pb_text admin_label=\u00bbImagen + titulo\u00bb _builder_version=\u00bb3.18.4&#8243; text_orientation=\u00bbcenter\u00bb background_layout=\u00bbdark\u00bb module_class=\u00bbour-values-img\u00bb background_image=\u00bbhttps:\/\/www.teka.com\/es-es\/wp-content\/uploads\/sites\/2\/2018\/12\/teka-honesty-270&#215;270.jpg\u00bb]<\/p>\n<h3>Honestidad<\/h3>\n<p>[\/et_pb_text][et_pb_text module_class=\u00bbsobre-teka-ingredientes\u00bb _builder_version=\u00bb3.17.6&#8243;]<\/p>\n<p style=\"text-align: center;\"><strong>Estamos de tu lado<\/strong><\/p>\n<p style=\"text-align: center;\">Nuestro compromiso y responsabilidad con tu satisfacci\u00f3n es total. Confiamos y creemos en ti.<\/p>\n<p style=\"text-align: center;\">Por eso siempre hablaremos contigo de forma responsable, clara y transparente. Queremos estar cerca de ti, comprender tus necesidades y ayudarte a descubrir nuevas posibilidades en la cocina, as\u00ed como a experimentar a tu lado momentos especiales.<\/p>\n<p style=\"text-align: center;\">\n<p>[\/et_pb_text][\/et_pb_column][et_pb_column type=\u00bb1_3&#8243;][et_pb_text admin_label=\u00bbImagen + titulo\u00bb _builder_version=\u00bb3.18.4&#8243; text_orientation=\u00bbcenter\u00bb background_layout=\u00bbdark\u00bb module_class=\u00bbour-values-img\u00bb background_image=\u00bbhttps:\/\/www.teka.com\/es-es\/wp-content\/uploads\/sites\/2\/2018\/12\/teka-generosity-270&#215;270.jpg\u00bb]<\/p>\n<h3>Generosidad<\/h3>\n<p>[\/et_pb_text][et_pb_text module_class=\u00bbsobre-teka-ingredientes\u00bb _builder_version=\u00bb3.17.6&#8243;]<\/p>\n<p style=\"text-align: center;\"><strong>Te ofrecemos m\u00e1s <\/strong><\/p>\n<p style=\"text-align: center;\">Nos centramos en lo genuino y esencial: transformar lo funcional en humano. Por eso trabajamos para ofrecer tecnolog\u00eda excepcional, innovaci\u00f3n y dise\u00f1o original a precios justos.<\/p>\n<p style=\"text-align: center;\">Enlazamos las historias del d\u00eda a d\u00eda con nuestra experiencia ofreciendo soluciones para a\u00f1adir alma a tu cocina. Creamos el ambiente perfecto donde experimentar momentos inolvidables, esos instantes que valen la pena.<\/p>\n<p>[\/et_pb_text][\/et_pb_column][et_pb_column type=\u00bb1_3&#8243;][et_pb_text admin_label=\u00bbImagen + titulo\u00bb _builder_version=\u00bb3.18.4&#8243; text_orientation=\u00bbcenter\u00bb background_layout=\u00bbdark\u00bb module_class=\u00bbour-values-img\u00bb background_image=\u00bbhttps:\/\/www.teka.com\/es-es\/wp-content\/uploads\/sites\/2\/2018\/12\/teka-originality-270&#215;270.jpg\u00bb]<\/p>\n<h3>Originalidad<\/h3>\n<p>[\/et_pb_text][et_pb_text module_class=\u00bbsobre-teka-ingredientes\u00bb _builder_version=\u00bb3.17.6&#8243;]<\/p>\n<p style=\"text-align: center;\"><strong>Tu alternativa<\/strong><\/p>\n<p style=\"text-align: center;\">Despertamos emociones y preferencias, gracias a nuestra forma particular de hacer las cosas. Nuestro objetivo es conectar con las personas creando experiencias que van m\u00e1s all\u00e1 de las caracter\u00edsticas del producto y la innovaci\u00f3n.<\/p>\n<p style=\"text-align: center;\">Para nosotros, la inspiraci\u00f3n es el camino para convertirnos en la marca preferida de nuestros clientes; una aut\u00e9ntica alternativa hecha para ti.<\/p>\n<p>[\/et_pb_text][\/et_pb_column][\/et_pb_row][\/et_pb_section]<\/p>\n","protected":false},"excerpt":{"rendered":"<p>&nbsp; Teka Group,esp\u00edritu alem\u00e1n &nbsp; &nbsp; &nbsp; Creando\u00a0momentos inolvidables Combinamos calidad, usabilidad y eficiencia en todo lo que hacemos para encontrar la mejor soluci\u00f3n para tu hogar. Nuestro objetivo principal es crear experiencias inolvidables que puedas compartir con tus seres queridos. Donde se cocina\u00a0la vida La cocina es el centro de tu hogar, y en [&hellip;]<\/p>\n","protected":false},"author":9,"featured_media":0,"parent":0,"menu_order":3,"comment_status":"closed","ping_status":"closed","template":"","meta":{"_acf_changed":false,"_et_pb_use_builder":"on","_et_pb_old_content":"","_et_gb_content_width":"","footnotes":""},"class_list":["post-21989","page","type-page","status-publish","hentry"],"acf":[],"yoast_head":"<!-- This site is optimized with the Yoast SEO plugin v27.2 - https:\/\/yoast.com\/product\/yoast-seo-wordpress\/ -->\n<title>Teka: Donde se cocina la vida | Sobre la compa\u00f1\u00eda<\/title>\n<meta name=\"description\" content=\"La cocina para nosotros es mucho m\u00e1s que el lugar donde se prepara la comida. Es donde se r\u00ede, se sue\u00f1a, se comparte, se charla, se viven experiencias...\" \/>\n<meta name=\"robots\" content=\"index, follow, max-snippet:-1, max-image-preview:large, max-video-preview:-1\" \/>\n<link rel=\"canonical\" href=\"https:\/\/www.teka.com\/es-es\/sobre-nosotros\/\" \/>\n<meta property=\"og:locale\" content=\"es_ES\" \/>\n<meta property=\"og:type\" content=\"article\" \/>\n<meta property=\"og:title\" content=\"Teka: Donde se cocina la vida | Sobre la compa\u00f1\u00eda\" \/>\n<meta property=\"og:description\" content=\"La cocina para nosotros es mucho m\u00e1s que el lugar donde se prepara la comida. Es donde se r\u00ede, se sue\u00f1a, se comparte, se charla, se viven experiencias...\" \/>\n<meta property=\"og:url\" content=\"https:\/\/www.teka.com\/es-es\/sobre-nosotros\/\" \/>\n<meta property=\"og:site_name\" content=\"Teka Espa\u00f1a\" \/>\n<meta property=\"article:modified_time\" content=\"2020-11-18T10:03:05+00:00\" \/>\n<meta name=\"twitter:card\" content=\"summary_large_image\" \/>\n<meta name=\"twitter:label1\" content=\"Tiempo de lectura\" \/>\n\t<meta name=\"twitter:data1\" content=\"6 minutos\" \/>\n<script type=\"application\/ld+json\" class=\"yoast-schema-graph\">{\"@context\":\"https:\/\/schema.org\",\"@graph\":[{\"@type\":\"WebPage\",\"@id\":\"https:\/\/www.teka.com\/es-es\/sobre-nosotros\/\",\"url\":\"https:\/\/www.teka.com\/es-es\/sobre-nosotros\/\",\"name\":\"Teka: Donde se cocina la vida | Sobre la compa\u00f1\u00eda\",\"isPartOf\":{\"@id\":\"https:\/\/www.teka.com\/es-es\/#website\"},\"datePublished\":\"2018-09-11T05:58:22+00:00\",\"dateModified\":\"2020-11-18T10:03:05+00:00\",\"description\":\"La cocina para nosotros es mucho m\u00e1s que el lugar donde se prepara la comida. Es donde se r\u00ede, se sue\u00f1a, se comparte, se charla, se viven experiencias...\",\"inLanguage\":\"es\",\"potentialAction\":[{\"@type\":\"ReadAction\",\"target\":[\"https:\/\/www.teka.com\/es-es\/sobre-nosotros\/\"]}]},{\"@type\":\"WebSite\",\"@id\":\"https:\/\/www.teka.com\/es-es\/#website\",\"url\":\"https:\/\/www.teka.com\/es-es\/\",\"name\":\"Teka Espa\u00f1a\",\"description\":\"\",\"publisher\":{\"@id\":\"https:\/\/www.teka.com\/es-es\/#organization\"},\"potentialAction\":[{\"@type\":\"SearchAction\",\"target\":{\"@type\":\"EntryPoint\",\"urlTemplate\":\"https:\/\/www.teka.com\/es-es\/?s={search_term_string}\"},\"query-input\":{\"@type\":\"PropertyValueSpecification\",\"valueRequired\":true,\"valueName\":\"search_term_string\"}}],\"inLanguage\":\"es\"},{\"@type\":\"Organization\",\"@id\":\"https:\/\/www.teka.com\/es-es\/#organization\",\"name\":\"Teka Espa\u00f1a\",\"url\":\"https:\/\/www.teka.com\/es-es\/\",\"logo\":{\"@type\":\"ImageObject\",\"inLanguage\":\"es\",\"@id\":\"https:\/\/www.teka.com\/es-es\/#\/schema\/logo\/image\/\",\"url\":\"https:\/\/www.teka.com\/es-es\/wp-content\/uploads\/sites\/2\/2020\/08\/teka-new-logo.png\",\"contentUrl\":\"https:\/\/www.teka.com\/es-es\/wp-content\/uploads\/sites\/2\/2020\/08\/teka-new-logo.png\",\"width\":1024,\"height\":1024,\"caption\":\"Teka Espa\u00f1a\"},\"image\":{\"@id\":\"https:\/\/www.teka.com\/es-es\/#\/schema\/logo\/image\/\"}}]}<\/script>\n<!-- \/ Yoast SEO plugin. -->","yoast_head_json":{"title":"Teka: Donde se cocina la vida | Sobre la compa\u00f1\u00eda","description":"La cocina para nosotros es mucho m\u00e1s que el lugar donde se prepara la comida. Es donde se r\u00ede, se sue\u00f1a, se comparte, se charla, se viven experiencias...","robots":{"index":"index","follow":"follow","max-snippet":"max-snippet:-1","max-image-preview":"max-image-preview:large","max-video-preview":"max-video-preview:-1"},"canonical":"https:\/\/www.teka.com\/es-es\/sobre-nosotros\/","og_locale":"es_ES","og_type":"article","og_title":"Teka: Donde se cocina la vida | Sobre la compa\u00f1\u00eda","og_description":"La cocina para nosotros es mucho m\u00e1s que el lugar donde se prepara la comida. Es donde se r\u00ede, se sue\u00f1a, se comparte, se charla, se viven experiencias...","og_url":"https:\/\/www.teka.com\/es-es\/sobre-nosotros\/","og_site_name":"Teka Espa\u00f1a","article_modified_time":"2020-11-18T10:03:05+00:00","twitter_card":"summary_large_image","twitter_misc":{"Tiempo de lectura":"6 minutos"},"schema":{"@context":"https:\/\/schema.org","@graph":[{"@type":"WebPage","@id":"https:\/\/www.teka.com\/es-es\/sobre-nosotros\/","url":"https:\/\/www.teka.com\/es-es\/sobre-nosotros\/","name":"Teka: Donde se cocina la vida | Sobre la compa\u00f1\u00eda","isPartOf":{"@id":"https:\/\/www.teka.com\/es-es\/#website"},"datePublished":"2018-09-11T05:58:22+00:00","dateModified":"2020-11-18T10:03:05+00:00","description":"La cocina para nosotros es mucho m\u00e1s que el lugar donde se prepara la comida. Es donde se r\u00ede, se sue\u00f1a, se comparte, se charla, se viven experiencias...","inLanguage":"es","potentialAction":[{"@type":"ReadAction","target":["https:\/\/www.teka.com\/es-es\/sobre-nosotros\/"]}]},{"@type":"WebSite","@id":"https:\/\/www.teka.com\/es-es\/#website","url":"https:\/\/www.teka.com\/es-es\/","name":"Teka Espa\u00f1a","description":"","publisher":{"@id":"https:\/\/www.teka.com\/es-es\/#organization"},"potentialAction":[{"@type":"SearchAction","target":{"@type":"EntryPoint","urlTemplate":"https:\/\/www.teka.com\/es-es\/?s={search_term_string}"},"query-input":{"@type":"PropertyValueSpecification","valueRequired":true,"valueName":"search_term_string"}}],"inLanguage":"es"},{"@type":"Organization","@id":"https:\/\/www.teka.com\/es-es\/#organization","name":"Teka Espa\u00f1a","url":"https:\/\/www.teka.com\/es-es\/","logo":{"@type":"ImageObject","inLanguage":"es","@id":"https:\/\/www.teka.com\/es-es\/#\/schema\/logo\/image\/","url":"https:\/\/www.teka.com\/es-es\/wp-content\/uploads\/sites\/2\/2020\/08\/teka-new-logo.png","contentUrl":"https:\/\/www.teka.com\/es-es\/wp-content\/uploads\/sites\/2\/2020\/08\/teka-new-logo.png","width":1024,"height":1024,"caption":"Teka Espa\u00f1a"},"image":{"@id":"https:\/\/www.teka.com\/es-es\/#\/schema\/logo\/image\/"}}]}},"_links":{"self":[{"href":"https:\/\/www.teka.com\/es-es\/wp-json\/wp\/v2\/pages\/21989","targetHints":{"allow":["GET"]}}],"collection":[{"href":"https:\/\/www.teka.com\/es-es\/wp-json\/wp\/v2\/pages"}],"about":[{"href":"https:\/\/www.teka.com\/es-es\/wp-json\/wp\/v2\/types\/page"}],"author":[{"embeddable":true,"href":"https:\/\/www.teka.com\/es-es\/wp-json\/wp\/v2\/users\/9"}],"replies":[{"embeddable":true,"href":"https:\/\/www.teka.com\/es-es\/wp-json\/wp\/v2\/comments?post=21989"}],"version-history":[{"count":68,"href":"https:\/\/www.teka.com\/es-es\/wp-json\/wp\/v2\/pages\/21989\/revisions"}],"predecessor-version":[{"id":77414,"href":"https:\/\/www.teka.com\/es-es\/wp-json\/wp\/v2\/pages\/21989\/revisions\/77414"}],"wp:attachment":[{"href":"https:\/\/www.teka.com\/es-es\/wp-json\/wp\/v2\/media?parent=21989"}],"curies":[{"name":"wp","href":"https:\/\/api.w.org\/{rel}","templated":true}]}}