{"id":5223,"date":"2018-08-10T10:27:29","date_gmt":"2018-08-10T08:27:29","guid":{"rendered":"http:\/\/teka.com\/?page_id=5223"},"modified":"2025-05-01T08:22:07","modified_gmt":"2025-05-01T06:22:07","slug":"mapa-tiendas","status":"publish","type":"page","link":"https:\/\/www.teka.com\/es-es\/mapa-tiendas\/","title":{"rendered":"Localizar Servicio de Atenci\u00f3n al Cliente"},"content":{"rendered":"<p>[et_pb_section fb_built=\u00bb1&#8243; disabled_on=\u00bboff|off|off\u00bb _builder_version=\u00bb4.22.1&#8243; global_colors_info=\u00bb{}\u00bb][et_pb_row _builder_version=\u00bb4.22.1&#8243; background_size=\u00bbinitial\u00bb background_position=\u00bbtop_left\u00bb background_repeat=\u00bbrepeat\u00bb global_colors_info=\u00bb{}\u00bb][et_pb_column type=\u00bb4_4&#8243; _builder_version=\u00bb4.16&#8243; custom_padding=\u00bb|||\u00bb global_colors_info=\u00bb{}\u00bb custom_padding__hover=\u00bb|||\u00bb][et_pb_text _builder_version=\u00bb4.22.1&#8243; global_colors_info=\u00bb{}\u00bb]<\/p>\n<h1><strong>Localizador<\/strong> de puntos de venta<\/h1>\n<p>[\/et_pb_text][et_pb_text _builder_version=\u00bb4.22.1&#8243; global_colors_info=\u00bb{}\u00bb]<\/p>\n<p>Encuentra el punto de venta m\u00e1s cercano. A continuaci\u00f3n, escribe una calle, localidad, provincia o c\u00f3digo postal y te mostraremos los resultados m\u00e1s cercanos a tu b\u00fasqueda.<\/p>\n<p>[\/et_pb_text][\/et_pb_column][\/et_pb_row][\/et_pb_section][et_pb_section fb_built=\u00bb1&#8243; disabled_on=\u00bbon|on|on\u00bb _builder_version=\u00bb4.22.1&#8243; _module_preset=\u00bbdefault\u00bb disabled=\u00bbon\u00bb global_colors_info=\u00bb{}\u00bb][et_pb_row _builder_version=\u00bb4.22.1&#8243; _module_preset=\u00bbdefault\u00bb global_colors_info=\u00bb{}\u00bb][et_pb_column type=\u00bb4_4&#8243; _builder_version=\u00bb4.22.1&#8243; _module_preset=\u00bbdefault\u00bb background_image=\u00bbhttps:\/\/www.teka.com\/es-es\/wp-content\/uploads\/sites\/2\/2023\/09\/PRODUCTSET-2_view08_1920x1080.png\u00bb global_colors_info=\u00bb{}\u00bb][et_pb_text content_last_edited=\u00bboff|tablet\u00bb disabled_on=\u00bboff|off|off\u00bb admin_label=\u00bbShop Banner\u00bb _builder_version=\u00bb4.22.1&#8243; text_text_color=\u00bbRGBA(0,0,0,0)\u00bb background_enable_video_mp4=\u00bboff\u00bb text_orientation=\u00bbcenter\u00bb background_layout=\u00bbdark\u00bb width=\u00bb50%\u00bb width_tablet=\u00bb30%\u00bb width_phone=\u00bb30%\u00bb width_last_edited=\u00bbon|phone\u00bb custom_padding_tablet=\u00bb\u00bb custom_padding_phone=\u00bb||90px||false|false\u00bb custom_padding_last_edited=\u00bbon|phone\u00bb filter_brightness=\u00bb110%\u00bb link_option_url=\u00bbhttps:\/\/shop.teka.com\/\u00bb text_orientation_tablet=\u00bbcenter\u00bb text_orientation_phone=\u00bbcenter\u00bb text_orientation_last_edited=\u00bbon|phone\u00bb locked=\u00bboff\u00bb global_colors_info=\u00bb{}\u00bb]<\/p>\n<h3><strong>Nueva outlet<\/strong><\/h3>\n<h4>Ahora tambi\u00e9n puedes comprar online<\/h4>\n<p><a href=\"https:\/\/shop.teka.com\/\">+ Ver producto<\/a>\u00a0[\/et_pb_text][\/et_pb_column][\/et_pb_row][\/et_pb_section]<\/p>\n","protected":false},"excerpt":{"rendered":"<p>Localizador de puntos de ventaEncuentra el punto de venta m\u00e1s cercano. A continuaci\u00f3n, escribe una calle, localidad, provincia o c\u00f3digo postal y te mostraremos los resultados m\u00e1s cercanos a tu b\u00fasqueda.Nueva outlet Ahora tambi\u00e9n puedes comprar online + Ver producto\u00a0<\/p>\n","protected":false},"author":1,"featured_media":0,"parent":0,"menu_order":0,"comment_status":"closed","ping_status":"closed","template":"tp-map.php","meta":{"_acf_changed":false,"_et_pb_use_builder":"on","_et_pb_old_content":"","_et_gb_content_width":"","footnotes":""},"class_list":["post-5223","page","type-page","status-publish","hentry"],"acf":[],"yoast_head":"<!-- This site is optimized with the Yoast SEO plugin v27.2 - https:\/\/yoast.com\/product\/yoast-seo-wordpress\/ -->\n<title>Listado de Puntos de Venta | Teka Espa\u00f1a<\/title>\n<meta name=\"description\" content=\"Consulta aqu\u00ed el listado de Puntos de Venta Oficiales de Teka.\" \/>\n<meta name=\"robots\" content=\"index, follow, max-snippet:-1, max-image-preview:large, max-video-preview:-1\" \/>\n<link rel=\"canonical\" href=\"https:\/\/www.teka.com\/es-es\/mapa-tiendas\/\" \/>\n<meta property=\"og:locale\" content=\"es_ES\" \/>\n<meta property=\"og:type\" content=\"article\" \/>\n<meta property=\"og:title\" content=\"Listado de Puntos de Venta | Teka Espa\u00f1a\" \/>\n<meta property=\"og:description\" content=\"Consulta aqu\u00ed el listado de Puntos de Venta Oficiales de Teka.\" \/>\n<meta property=\"og:url\" content=\"https:\/\/www.teka.com\/es-es\/mapa-tiendas\/\" \/>\n<meta property=\"og:site_name\" content=\"Teka Espa\u00f1a\" \/>\n<meta property=\"article:modified_time\" content=\"2025-05-01T06:22:07+00:00\" \/>\n<meta name=\"twitter:card\" content=\"summary_large_image\" \/>\n<meta name=\"twitter:label1\" content=\"Tiempo de lectura\" \/>\n\t<meta name=\"twitter:data1\" content=\"1 minuto\" \/>\n<script type=\"application\/ld+json\" class=\"yoast-schema-graph\">{\"@context\":\"https:\/\/schema.org\",\"@graph\":[{\"@type\":\"WebPage\",\"@id\":\"https:\/\/www.teka.com\/es-es\/mapa-tiendas\/\",\"url\":\"https:\/\/www.teka.com\/es-es\/mapa-tiendas\/\",\"name\":\"Listado de Puntos de Venta | Teka Espa\u00f1a\",\"isPartOf\":{\"@id\":\"https:\/\/www.teka.com\/es-es\/#website\"},\"datePublished\":\"2018-08-10T08:27:29+00:00\",\"dateModified\":\"2025-05-01T06:22:07+00:00\",\"description\":\"Consulta aqu\u00ed el listado de Puntos de Venta Oficiales de Teka.\",\"inLanguage\":\"es\",\"potentialAction\":[{\"@type\":\"ReadAction\",\"target\":[\"https:\/\/www.teka.com\/es-es\/mapa-tiendas\/\"]}]},{\"@type\":\"WebSite\",\"@id\":\"https:\/\/www.teka.com\/es-es\/#website\",\"url\":\"https:\/\/www.teka.com\/es-es\/\",\"name\":\"Teka Espa\u00f1a\",\"description\":\"\",\"publisher\":{\"@id\":\"https:\/\/www.teka.com\/es-es\/#organization\"},\"potentialAction\":[{\"@type\":\"SearchAction\",\"target\":{\"@type\":\"EntryPoint\",\"urlTemplate\":\"https:\/\/www.teka.com\/es-es\/?s={search_term_string}\"},\"query-input\":{\"@type\":\"PropertyValueSpecification\",\"valueRequired\":true,\"valueName\":\"search_term_string\"}}],\"inLanguage\":\"es\"},{\"@type\":\"Organization\",\"@id\":\"https:\/\/www.teka.com\/es-es\/#organization\",\"name\":\"Teka Espa\u00f1a\",\"url\":\"https:\/\/www.teka.com\/es-es\/\",\"logo\":{\"@type\":\"ImageObject\",\"inLanguage\":\"es\",\"@id\":\"https:\/\/www.teka.com\/es-es\/#\/schema\/logo\/image\/\",\"url\":\"https:\/\/www.teka.com\/es-es\/wp-content\/uploads\/sites\/2\/2020\/08\/teka-new-logo.png\",\"contentUrl\":\"https:\/\/www.teka.com\/es-es\/wp-content\/uploads\/sites\/2\/2020\/08\/teka-new-logo.png\",\"width\":1024,\"height\":1024,\"caption\":\"Teka Espa\u00f1a\"},\"image\":{\"@id\":\"https:\/\/www.teka.com\/es-es\/#\/schema\/logo\/image\/\"}}]}<\/script>\n<!-- \/ Yoast SEO plugin. -->","yoast_head_json":{"title":"Listado de Puntos de Venta | Teka Espa\u00f1a","description":"Consulta aqu\u00ed el listado de Puntos de Venta Oficiales de Teka.","robots":{"index":"index","follow":"follow","max-snippet":"max-snippet:-1","max-image-preview":"max-image-preview:large","max-video-preview":"max-video-preview:-1"},"canonical":"https:\/\/www.teka.com\/es-es\/mapa-tiendas\/","og_locale":"es_ES","og_type":"article","og_title":"Listado de Puntos de Venta | Teka Espa\u00f1a","og_description":"Consulta aqu\u00ed el listado de Puntos de Venta Oficiales de Teka.","og_url":"https:\/\/www.teka.com\/es-es\/mapa-tiendas\/","og_site_name":"Teka Espa\u00f1a","article_modified_time":"2025-05-01T06:22:07+00:00","twitter_card":"summary_large_image","twitter_misc":{"Tiempo de lectura":"1 minuto"},"schema":{"@context":"https:\/\/schema.org","@graph":[{"@type":"WebPage","@id":"https:\/\/www.teka.com\/es-es\/mapa-tiendas\/","url":"https:\/\/www.teka.com\/es-es\/mapa-tiendas\/","name":"Listado de Puntos de Venta | Teka Espa\u00f1a","isPartOf":{"@id":"https:\/\/www.teka.com\/es-es\/#website"},"datePublished":"2018-08-10T08:27:29+00:00","dateModified":"2025-05-01T06:22:07+00:00","description":"Consulta aqu\u00ed el listado de Puntos de Venta Oficiales de Teka.","inLanguage":"es","potentialAction":[{"@type":"ReadAction","target":["https:\/\/www.teka.com\/es-es\/mapa-tiendas\/"]}]},{"@type":"WebSite","@id":"https:\/\/www.teka.com\/es-es\/#website","url":"https:\/\/www.teka.com\/es-es\/","name":"Teka Espa\u00f1a","description":"","publisher":{"@id":"https:\/\/www.teka.com\/es-es\/#organization"},"potentialAction":[{"@type":"SearchAction","target":{"@type":"EntryPoint","urlTemplate":"https:\/\/www.teka.com\/es-es\/?s={search_term_string}"},"query-input":{"@type":"PropertyValueSpecification","valueRequired":true,"valueName":"search_term_string"}}],"inLanguage":"es"},{"@type":"Organization","@id":"https:\/\/www.teka.com\/es-es\/#organization","name":"Teka Espa\u00f1a","url":"https:\/\/www.teka.com\/es-es\/","logo":{"@type":"ImageObject","inLanguage":"es","@id":"https:\/\/www.teka.com\/es-es\/#\/schema\/logo\/image\/","url":"https:\/\/www.teka.com\/es-es\/wp-content\/uploads\/sites\/2\/2020\/08\/teka-new-logo.png","contentUrl":"https:\/\/www.teka.com\/es-es\/wp-content\/uploads\/sites\/2\/2020\/08\/teka-new-logo.png","width":1024,"height":1024,"caption":"Teka Espa\u00f1a"},"image":{"@id":"https:\/\/www.teka.com\/es-es\/#\/schema\/logo\/image\/"}}]}},"_links":{"self":[{"href":"https:\/\/www.teka.com\/es-es\/wp-json\/wp\/v2\/pages\/5223","targetHints":{"allow":["GET"]}}],"collection":[{"href":"https:\/\/www.teka.com\/es-es\/wp-json\/wp\/v2\/pages"}],"about":[{"href":"https:\/\/www.teka.com\/es-es\/wp-json\/wp\/v2\/types\/page"}],"author":[{"embeddable":true,"href":"https:\/\/www.teka.com\/es-es\/wp-json\/wp\/v2\/users\/1"}],"replies":[{"embeddable":true,"href":"https:\/\/www.teka.com\/es-es\/wp-json\/wp\/v2\/comments?post=5223"}],"version-history":[{"count":32,"href":"https:\/\/www.teka.com\/es-es\/wp-json\/wp\/v2\/pages\/5223\/revisions"}],"predecessor-version":[{"id":142104,"href":"https:\/\/www.teka.com\/es-es\/wp-json\/wp\/v2\/pages\/5223\/revisions\/142104"}],"wp:attachment":[{"href":"https:\/\/www.teka.com\/es-es\/wp-json\/wp\/v2\/media?parent=5223"}],"curies":[{"name":"wp","href":"https:\/\/api.w.org\/{rel}","templated":true}]}}