{"id":5225,"date":"2018-08-10T10:27:52","date_gmt":"2018-08-10T08:27:52","guid":{"rendered":"http:\/\/teka.com\/?page_id=5225"},"modified":"2025-06-18T13:30:23","modified_gmt":"2025-06-18T11:30:23","slug":"manuales","status":"publish","type":"page","link":"https:\/\/www.teka.com\/es-es\/soporte\/manuales\/","title":{"rendered":"Manuales"},"content":{"rendered":"<p>[et_pb_section fb_built=\u00bb1&#8243; module_id=\u00bbmanual-download-top\u00bb _builder_version=\u00bb4.27.4&#8243; background_image=\u00bbhttps:\/\/www.teka.com\/es-es\/wp-content\/uploads\/sites\/2\/2025\/06\/TEKA-servicio-tecnico-01647-edited.webp\u00bb background_position=\u00bbcenter_left\u00bb hover_enabled=\u00bb0&#8243; background_last_edited=\u00bbon|phone\u00bb global_colors_info=\u00bb{}\u00bb sticky_enabled=\u00bb0&#8243; title_text=\u00bbTeka-ES-SAT-General-image\u00bb background_image_phone=\u00bbhttps:\/\/www.teka.com\/es-es\/wp-content\/uploads\/sites\/2\/2025\/06\/Teka-ES-SAT-General-image.jpg\u00bb background_enable_image_phone=\u00bbon\u00bb background_color_gradient_stops_phone=\u00bb#000000 0%|rgba(146, 146, 146, 0.43) 35%|rgba(179, 179, 179, 0.3) 45%|rgba(255,255,255,0) 54%\u00bb use_background_color_gradient_phone=\u00bbon\u00bb background_color_gradient_direction_phone=\u00bb327deg\u00bb][et_pb_row column_structure=\u00bb1_2,1_2&#8243; _builder_version=\u00bb4.27.4&#8243; custom_margin=\u00bb0px|||\u00bb custom_padding=\u00bb40px||||false|false\u00bb hover_enabled=\u00bb0&#8243; global_colors_info=\u00bb{}\u00bb sticky_enabled=\u00bb0&#8243;][et_pb_column type=\u00bb1_2&#8243; _builder_version=\u00bb4.16&#8243; custom_padding=\u00bb0px|||\u00bb global_colors_info=\u00bb{}\u00bb custom_padding__hover=\u00bb|||\u00bb][et_pb_text admin_label=\u00bbDownload your manual &#8211; Title\u00bb _builder_version=\u00bb4.22.1&#8243; header_line_height=\u00bb1.7em\u00bb header_2_font=\u00bb|700|||||||\u00bb header_2_text_color=\u00bb#FFFFFF\u00bb header_2_font_size=\u00bb30px\u00bb header_2_line_height=\u00bb1.6em\u00bb custom_margin=\u00bb0px||20px||false|false\u00bb custom_padding=\u00bb0px||0px||false|false\u00bb global_colors_info=\u00bb{}\u00bb]<\/p>\n<h2>Descarga de manuales de instrucciones y gu\u00edas de usuario<\/h2>\n<p>[\/et_pb_text][et_pb_text admin_label=\u00bbSearch box\u00bb _builder_version=\u00bb4.22.1&#8243; background_layout=\u00bbdark\u00bb global_colors_info=\u00bb{}\u00bb]<\/p>\n<p>Introduce el modelo o el c\u00f3digo del producto<\/p>\n<form action=\"https:\/\/www.teka.com\/es-es\/soporte\/manuales\/\" id=\"form-manual-container\"><input id=\"input-manual-submit\" name=\"manual-submit\" type=\"submit\" value=\"\ue812\"><select id=\"select-manual\" name=\"se\" style=\"width:420px;float: left\"><\/select><\/form>\n<p><span style=\"color: #cccccc; font-size: 12px;\"><a style=\"color: #cccccc;\" href=\"https:\/\/www.teka.com\/es-es\/donde-encontrar-la-placa-de-caracteristicas-de-los-electrodomesticos-teka\/\" target=\"_blank\" rel=\"noopener noreferrer\">+ \u00bfD\u00f3nde encuentro el c\u00f3digo del producto?<\/a><\/span><\/p>\n<p>[\/et_pb_text][\/et_pb_column][et_pb_column type=\u00bb1_2&#8243; _builder_version=\u00bb4.16&#8243; custom_padding=\u00bb0px|||\u00bb global_colors_info=\u00bb{}\u00bb custom_padding__hover=\u00bb|||\u00bb][\/et_pb_column][\/et_pb_row][\/et_pb_section]<\/p>\n","protected":false},"excerpt":{"rendered":"<p>Descarga de manuales de instrucciones y gu\u00edas de usuarioIntroduce el modelo o el c\u00f3digo del producto <form action=\"https:\/\/www.teka.com\/es-es\/soporte\/manuales\/\" id=\"form-manual-container\"><input id=\"input-manual-submit\" name=\"manual-submit\" type=\"submit\" value=\"\ue812\"><select id=\"select-manual\" name=\"se\" style=\"width:420px;float: left\"><\/select><\/form> + \u00bfD\u00f3nde encuentro el c\u00f3digo del producto?<\/p>\n","protected":false},"author":9,"featured_media":0,"parent":5193,"menu_order":0,"comment_status":"closed","ping_status":"closed","template":"tp-manuals.php","meta":{"_acf_changed":false,"_et_pb_use_builder":"on","_et_pb_old_content":"","_et_gb_content_width":"","footnotes":""},"class_list":["post-5225","page","type-page","status-publish","hentry"],"acf":[],"yoast_head":"<!-- This site is optimized with the Yoast SEO plugin v27.5 - https:\/\/yoast.com\/product\/yoast-seo-wordpress\/ -->\n<title>Teka: Gu\u00edas de usuario - Descarga tu manual de instrucciones<\/title>\n<meta name=\"description\" content=\"Manuales Teka: descarga aqu\u00ed el manual de instrucciones para tu electrodom\u00e9stico Teka. Disponibles manuales actuales y de productos descatalogados.\" \/>\n<meta name=\"robots\" content=\"index, follow, max-snippet:-1, max-image-preview:large, max-video-preview:-1\" \/>\n<link rel=\"canonical\" href=\"https:\/\/www.teka.com\/es-es\/soporte\/manuales\/\" \/>\n<meta property=\"og:locale\" content=\"es_ES\" \/>\n<meta property=\"og:type\" content=\"article\" \/>\n<meta property=\"og:title\" content=\"Teka: Gu\u00edas de usuario - Descarga tu manual de instrucciones\" \/>\n<meta property=\"og:description\" content=\"Manuales Teka: descarga aqu\u00ed el manual de instrucciones para tu electrodom\u00e9stico Teka. Disponibles manuales actuales y de productos descatalogados.\" \/>\n<meta property=\"og:url\" content=\"https:\/\/www.teka.com\/es-es\/soporte\/manuales\/\" \/>\n<meta property=\"og:site_name\" content=\"Teka Espa\u00f1a\" \/>\n<meta property=\"article:modified_time\" content=\"2025-06-18T11:30:23+00:00\" \/>\n<meta name=\"twitter:card\" content=\"summary_large_image\" \/>\n<meta name=\"twitter:label1\" content=\"Tiempo de lectura\" \/>\n\t<meta name=\"twitter:data1\" content=\"1 minuto\" \/>\n<script type=\"application\/ld+json\" class=\"yoast-schema-graph\">{\"@context\":\"https:\\\/\\\/schema.org\",\"@graph\":[{\"@type\":\"WebPage\",\"@id\":\"https:\\\/\\\/www.teka.com\\\/es-es\\\/soporte\\\/manuales\\\/\",\"url\":\"https:\\\/\\\/www.teka.com\\\/es-es\\\/soporte\\\/manuales\\\/\",\"name\":\"Teka: Gu\u00edas de usuario - Descarga tu manual de instrucciones\",\"isPartOf\":{\"@id\":\"https:\\\/\\\/www.teka.com\\\/es-es\\\/#website\"},\"datePublished\":\"2018-08-10T08:27:52+00:00\",\"dateModified\":\"2025-06-18T11:30:23+00:00\",\"description\":\"Manuales Teka: descarga aqu\u00ed el manual de instrucciones para tu electrodom\u00e9stico Teka. Disponibles manuales actuales y de productos descatalogados.\",\"breadcrumb\":{\"@id\":\"https:\\\/\\\/www.teka.com\\\/es-es\\\/soporte\\\/manuales\\\/#breadcrumb\"},\"inLanguage\":\"es\",\"potentialAction\":[{\"@type\":\"ReadAction\",\"target\":[\"https:\\\/\\\/www.teka.com\\\/es-es\\\/soporte\\\/manuales\\\/\"]}]},{\"@type\":\"BreadcrumbList\",\"@id\":\"https:\\\/\\\/www.teka.com\\\/es-es\\\/soporte\\\/manuales\\\/#breadcrumb\",\"itemListElement\":[{\"@type\":\"ListItem\",\"position\":1,\"name\":\"Servicios al cliente\",\"item\":\"https:\\\/\\\/www.teka.com\\\/es-es\\\/soporte\\\/\"},{\"@type\":\"ListItem\",\"position\":2,\"name\":\"Manuales\"}]},{\"@type\":\"WebSite\",\"@id\":\"https:\\\/\\\/www.teka.com\\\/es-es\\\/#website\",\"url\":\"https:\\\/\\\/www.teka.com\\\/es-es\\\/\",\"name\":\"Teka Espa\u00f1a\",\"description\":\"\",\"publisher\":{\"@id\":\"https:\\\/\\\/www.teka.com\\\/es-es\\\/#organization\"},\"potentialAction\":[{\"@type\":\"SearchAction\",\"target\":{\"@type\":\"EntryPoint\",\"urlTemplate\":\"https:\\\/\\\/www.teka.com\\\/es-es\\\/?s={search_term_string}\"},\"query-input\":{\"@type\":\"PropertyValueSpecification\",\"valueRequired\":true,\"valueName\":\"search_term_string\"}}],\"inLanguage\":\"es\"},{\"@type\":\"Organization\",\"@id\":\"https:\\\/\\\/www.teka.com\\\/es-es\\\/#organization\",\"name\":\"Teka Espa\u00f1a\",\"url\":\"https:\\\/\\\/www.teka.com\\\/es-es\\\/\",\"logo\":{\"@type\":\"ImageObject\",\"inLanguage\":\"es\",\"@id\":\"https:\\\/\\\/www.teka.com\\\/es-es\\\/#\\\/schema\\\/logo\\\/image\\\/\",\"url\":\"https:\\\/\\\/www.teka.com\\\/es-es\\\/wp-content\\\/uploads\\\/sites\\\/2\\\/2020\\\/08\\\/teka-new-logo.png\",\"contentUrl\":\"https:\\\/\\\/www.teka.com\\\/es-es\\\/wp-content\\\/uploads\\\/sites\\\/2\\\/2020\\\/08\\\/teka-new-logo.png\",\"width\":1024,\"height\":1024,\"caption\":\"Teka Espa\u00f1a\"},\"image\":{\"@id\":\"https:\\\/\\\/www.teka.com\\\/es-es\\\/#\\\/schema\\\/logo\\\/image\\\/\"}}]}<\/script>\n<!-- \/ Yoast SEO plugin. -->","yoast_head_json":{"title":"Teka: Gu\u00edas de usuario - Descarga tu manual de instrucciones","description":"Manuales Teka: descarga aqu\u00ed el manual de instrucciones para tu electrodom\u00e9stico Teka. Disponibles manuales actuales y de productos descatalogados.","robots":{"index":"index","follow":"follow","max-snippet":"max-snippet:-1","max-image-preview":"max-image-preview:large","max-video-preview":"max-video-preview:-1"},"canonical":"https:\/\/www.teka.com\/es-es\/soporte\/manuales\/","og_locale":"es_ES","og_type":"article","og_title":"Teka: Gu\u00edas de usuario - Descarga tu manual de instrucciones","og_description":"Manuales Teka: descarga aqu\u00ed el manual de instrucciones para tu electrodom\u00e9stico Teka. Disponibles manuales actuales y de productos descatalogados.","og_url":"https:\/\/www.teka.com\/es-es\/soporte\/manuales\/","og_site_name":"Teka Espa\u00f1a","article_modified_time":"2025-06-18T11:30:23+00:00","twitter_card":"summary_large_image","twitter_misc":{"Tiempo de lectura":"1 minuto"},"schema":{"@context":"https:\/\/schema.org","@graph":[{"@type":"WebPage","@id":"https:\/\/www.teka.com\/es-es\/soporte\/manuales\/","url":"https:\/\/www.teka.com\/es-es\/soporte\/manuales\/","name":"Teka: Gu\u00edas de usuario - Descarga tu manual de instrucciones","isPartOf":{"@id":"https:\/\/www.teka.com\/es-es\/#website"},"datePublished":"2018-08-10T08:27:52+00:00","dateModified":"2025-06-18T11:30:23+00:00","description":"Manuales Teka: descarga aqu\u00ed el manual de instrucciones para tu electrodom\u00e9stico Teka. Disponibles manuales actuales y de productos descatalogados.","breadcrumb":{"@id":"https:\/\/www.teka.com\/es-es\/soporte\/manuales\/#breadcrumb"},"inLanguage":"es","potentialAction":[{"@type":"ReadAction","target":["https:\/\/www.teka.com\/es-es\/soporte\/manuales\/"]}]},{"@type":"BreadcrumbList","@id":"https:\/\/www.teka.com\/es-es\/soporte\/manuales\/#breadcrumb","itemListElement":[{"@type":"ListItem","position":1,"name":"Servicios al cliente","item":"https:\/\/www.teka.com\/es-es\/soporte\/"},{"@type":"ListItem","position":2,"name":"Manuales"}]},{"@type":"WebSite","@id":"https:\/\/www.teka.com\/es-es\/#website","url":"https:\/\/www.teka.com\/es-es\/","name":"Teka Espa\u00f1a","description":"","publisher":{"@id":"https:\/\/www.teka.com\/es-es\/#organization"},"potentialAction":[{"@type":"SearchAction","target":{"@type":"EntryPoint","urlTemplate":"https:\/\/www.teka.com\/es-es\/?s={search_term_string}"},"query-input":{"@type":"PropertyValueSpecification","valueRequired":true,"valueName":"search_term_string"}}],"inLanguage":"es"},{"@type":"Organization","@id":"https:\/\/www.teka.com\/es-es\/#organization","name":"Teka Espa\u00f1a","url":"https:\/\/www.teka.com\/es-es\/","logo":{"@type":"ImageObject","inLanguage":"es","@id":"https:\/\/www.teka.com\/es-es\/#\/schema\/logo\/image\/","url":"https:\/\/www.teka.com\/es-es\/wp-content\/uploads\/sites\/2\/2020\/08\/teka-new-logo.png","contentUrl":"https:\/\/www.teka.com\/es-es\/wp-content\/uploads\/sites\/2\/2020\/08\/teka-new-logo.png","width":1024,"height":1024,"caption":"Teka Espa\u00f1a"},"image":{"@id":"https:\/\/www.teka.com\/es-es\/#\/schema\/logo\/image\/"}}]}},"_links":{"self":[{"href":"https:\/\/www.teka.com\/es-es\/wp-json\/wp\/v2\/pages\/5225","targetHints":{"allow":["GET"]}}],"collection":[{"href":"https:\/\/www.teka.com\/es-es\/wp-json\/wp\/v2\/pages"}],"about":[{"href":"https:\/\/www.teka.com\/es-es\/wp-json\/wp\/v2\/types\/page"}],"author":[{"embeddable":true,"href":"https:\/\/www.teka.com\/es-es\/wp-json\/wp\/v2\/users\/9"}],"replies":[{"embeddable":true,"href":"https:\/\/www.teka.com\/es-es\/wp-json\/wp\/v2\/comments?post=5225"}],"version-history":[{"count":105,"href":"https:\/\/www.teka.com\/es-es\/wp-json\/wp\/v2\/pages\/5225\/revisions"}],"predecessor-version":[{"id":143025,"href":"https:\/\/www.teka.com\/es-es\/wp-json\/wp\/v2\/pages\/5225\/revisions\/143025"}],"up":[{"embeddable":true,"href":"https:\/\/www.teka.com\/es-es\/wp-json\/wp\/v2\/pages\/5193"}],"wp:attachment":[{"href":"https:\/\/www.teka.com\/es-es\/wp-json\/wp\/v2\/media?parent=5225"}],"curies":[{"name":"wp","href":"https:\/\/api.w.org\/{rel}","templated":true}]}}