{"id":118476,"date":"2026-04-07T19:44:12","date_gmt":"2026-04-07T19:44:12","guid":{"rendered":"https:\/\/teka.com\/en-int\/hlb-8400-p_111000008"},"modified":"2026-03-15T01:09:41","modified_gmt":"2026-03-15T02:09:41","slug":"hlb-8400-p_111000008","status":"publish","type":"product","link":"https:\/\/www.teka.com\/es-es\/producto\/hlb-8400-p_111000008\/","title":{"rendered":"HLB 8400 P"},"content":{"rendered":"<ul>\n<li>Sistema de Limpieza DualClean Autolimpieza Pirol\u00edtica (3 niveles) + Teka HydroClean\u00ae PRO autom\u00e1tico<\/li>\n<li>Multifunci\u00f3n SurroundTemp &#8211; 8 funciones de cocinado<\/li>\n<li>Touch Control con programaci\u00f3n de inicio y paro de cocci\u00f3n<\/li>\n<li>Sistema de 1 gu\u00eda Plus-Extension, cinco alturas de cocinado<\/li>\n<li>Calentamiento r\u00e1pido<\/li>\n<\/ul>\n","protected":false},"featured_media":0,"parent":0,"template":"","product_cat":[90963],"product_cleaning_system":[2738,3162],"product_edition":[89984],"product_serie":[],"product_features":[],"finishes":[],"product_3rd_basket":[],"product_drawers":[],"product_type_of_installation":[91853],"product_bundles":[],"product_energy_efficiency":[91559],"product_video_training":[91623,91627,91633,91636,91647,91866],"class_list":["post-118476","product","type-product","status-publish","hentry","product_cat-hornos","usp-ovens-04","usp-ovens-05","usp-ovens-06","usp-ovens-13","usp-renewableenergy-01","usp-ovens-24","color-cristal-negro","product_type_of_appliance-multifuncion","product_ambient-urban-colors-01","product_ambient-urban-colors-02","product_ambient-urban-colors-03","product_ambient-ambient-23","product_icons-hydroclean","product_icons-surroundtemp","product_icons-70l","product_icons-plus-extension-telescopic-guide","product_icons-pyrolysis","product_cleaning_system-pirolitico","product_cleaning_system-hydroclean","product_edition-night-river-black","product_type_of_installation-encastrable","product_energy_efficiency-a-plus-icon","product_video_training-trainingovens-01","product_video_training-trainingovens-02","product_video_training-trainingovens-05","product_video_training-trainingovens-06","product_video_training-trainingovens-12","product_video_training-trainingovens-22"],"acf":[],"yoast_head":"<!-- This site is optimized with the Yoast SEO plugin v27.2 - https:\/\/yoast.com\/product\/yoast-seo-wordpress\/ -->\n<title>Horno Pirol\u00edtico HLB 8400 P Cristal Negro 60 cm | Teka Espa\u00f1a<\/title>\n<meta name=\"description\" content=\"Toda la informaci\u00f3n sobre el Horno HLB 8400 P Multifunci\u00f3n Cristal Negro 60 cm en la web oficial de Teka Espa\u00f1a.\" \/>\n<meta name=\"robots\" content=\"index, follow, max-snippet:-1, max-image-preview:large, max-video-preview:-1\" \/>\n<link rel=\"canonical\" href=\"https:\/\/www.teka.com\/es-es\/producto\/hlb-8400-p_111000008\/\" \/>\n<meta property=\"og:locale\" content=\"es_ES\" \/>\n<meta property=\"og:type\" content=\"article\" \/>\n<meta property=\"og:title\" content=\"Horno Pirol\u00edtico HLB 8400 P Cristal Negro 60 cm | Teka Espa\u00f1a\" \/>\n<meta property=\"og:description\" content=\"Toda la informaci\u00f3n sobre el Horno HLB 8400 P Multifunci\u00f3n Cristal Negro 60 cm en la web oficial de Teka Espa\u00f1a.\" \/>\n<meta property=\"og:url\" content=\"https:\/\/www.teka.com\/es-es\/producto\/hlb-8400-p_111000008\/\" \/>\n<meta property=\"og:site_name\" content=\"Teka Espa\u00f1a\" \/>\n<meta name=\"twitter:card\" content=\"summary_large_image\" \/>\n<script type=\"application\/ld+json\" class=\"yoast-schema-graph\">{\"@context\":\"https:\/\/schema.org\",\"@graph\":[{\"@type\":\"WebPage\",\"@id\":\"https:\/\/www.teka.com\/es-es\/producto\/hlb-8400-p_111000008\/\",\"url\":\"https:\/\/www.teka.com\/es-es\/producto\/hlb-8400-p_111000008\/\",\"name\":\"Horno Pirol\u00edtico HLB 8400 P Cristal Negro 60 cm | Teka Espa\u00f1a\",\"isPartOf\":{\"@id\":\"https:\/\/www.teka.com\/es-es\/#website\"},\"datePublished\":\"2026-04-07T19:44:12+00:00\",\"description\":\"Toda la informaci\u00f3n sobre el Horno HLB 8400 P Multifunci\u00f3n Cristal Negro 60 cm en la web oficial de Teka Espa\u00f1a.\",\"inLanguage\":\"es\",\"potentialAction\":[{\"@type\":\"ReadAction\",\"target\":[\"https:\/\/www.teka.com\/es-es\/producto\/hlb-8400-p_111000008\/\"]}]},{\"@type\":\"WebSite\",\"@id\":\"https:\/\/www.teka.com\/es-es\/#website\",\"url\":\"https:\/\/www.teka.com\/es-es\/\",\"name\":\"Teka Espa\u00f1a\",\"description\":\"\",\"publisher\":{\"@id\":\"https:\/\/www.teka.com\/es-es\/#organization\"},\"potentialAction\":[{\"@type\":\"SearchAction\",\"target\":{\"@type\":\"EntryPoint\",\"urlTemplate\":\"https:\/\/www.teka.com\/es-es\/?s={search_term_string}\"},\"query-input\":{\"@type\":\"PropertyValueSpecification\",\"valueRequired\":true,\"valueName\":\"search_term_string\"}}],\"inLanguage\":\"es\"},{\"@type\":\"Organization\",\"@id\":\"https:\/\/www.teka.com\/es-es\/#organization\",\"name\":\"Teka Espa\u00f1a\",\"url\":\"https:\/\/www.teka.com\/es-es\/\",\"logo\":{\"@type\":\"ImageObject\",\"inLanguage\":\"es\",\"@id\":\"https:\/\/www.teka.com\/es-es\/#\/schema\/logo\/image\/\",\"url\":\"https:\/\/www.teka.com\/es-es\/wp-content\/uploads\/sites\/2\/2020\/08\/teka-new-logo.png\",\"contentUrl\":\"https:\/\/www.teka.com\/es-es\/wp-content\/uploads\/sites\/2\/2020\/08\/teka-new-logo.png\",\"width\":1024,\"height\":1024,\"caption\":\"Teka Espa\u00f1a\"},\"image\":{\"@id\":\"https:\/\/www.teka.com\/es-es\/#\/schema\/logo\/image\/\"}}]}<\/script>\n<!-- \/ Yoast SEO plugin. -->","yoast_head_json":{"title":"Horno Pirol\u00edtico HLB 8400 P Cristal Negro 60 cm | Teka Espa\u00f1a","description":"Toda la informaci\u00f3n sobre el Horno HLB 8400 P Multifunci\u00f3n Cristal Negro 60 cm en la web oficial de Teka Espa\u00f1a.","robots":{"index":"index","follow":"follow","max-snippet":"max-snippet:-1","max-image-preview":"max-image-preview:large","max-video-preview":"max-video-preview:-1"},"canonical":"https:\/\/www.teka.com\/es-es\/producto\/hlb-8400-p_111000008\/","og_locale":"es_ES","og_type":"article","og_title":"Horno Pirol\u00edtico HLB 8400 P Cristal Negro 60 cm | Teka Espa\u00f1a","og_description":"Toda la informaci\u00f3n sobre el Horno HLB 8400 P Multifunci\u00f3n Cristal Negro 60 cm en la web oficial de Teka Espa\u00f1a.","og_url":"https:\/\/www.teka.com\/es-es\/producto\/hlb-8400-p_111000008\/","og_site_name":"Teka Espa\u00f1a","twitter_card":"summary_large_image","schema":{"@context":"https:\/\/schema.org","@graph":[{"@type":"WebPage","@id":"https:\/\/www.teka.com\/es-es\/producto\/hlb-8400-p_111000008\/","url":"https:\/\/www.teka.com\/es-es\/producto\/hlb-8400-p_111000008\/","name":"Horno Pirol\u00edtico HLB 8400 P Cristal Negro 60 cm | Teka Espa\u00f1a","isPartOf":{"@id":"https:\/\/www.teka.com\/es-es\/#website"},"datePublished":"2026-04-07T19:44:12+00:00","description":"Toda la informaci\u00f3n sobre el Horno HLB 8400 P Multifunci\u00f3n Cristal Negro 60 cm en la web oficial de Teka Espa\u00f1a.","inLanguage":"es","potentialAction":[{"@type":"ReadAction","target":["https:\/\/www.teka.com\/es-es\/producto\/hlb-8400-p_111000008\/"]}]},{"@type":"WebSite","@id":"https:\/\/www.teka.com\/es-es\/#website","url":"https:\/\/www.teka.com\/es-es\/","name":"Teka Espa\u00f1a","description":"","publisher":{"@id":"https:\/\/www.teka.com\/es-es\/#organization"},"potentialAction":[{"@type":"SearchAction","target":{"@type":"EntryPoint","urlTemplate":"https:\/\/www.teka.com\/es-es\/?s={search_term_string}"},"query-input":{"@type":"PropertyValueSpecification","valueRequired":true,"valueName":"search_term_string"}}],"inLanguage":"es"},{"@type":"Organization","@id":"https:\/\/www.teka.com\/es-es\/#organization","name":"Teka Espa\u00f1a","url":"https:\/\/www.teka.com\/es-es\/","logo":{"@type":"ImageObject","inLanguage":"es","@id":"https:\/\/www.teka.com\/es-es\/#\/schema\/logo\/image\/","url":"https:\/\/www.teka.com\/es-es\/wp-content\/uploads\/sites\/2\/2020\/08\/teka-new-logo.png","contentUrl":"https:\/\/www.teka.com\/es-es\/wp-content\/uploads\/sites\/2\/2020\/08\/teka-new-logo.png","width":1024,"height":1024,"caption":"Teka Espa\u00f1a"},"image":{"@id":"https:\/\/www.teka.com\/es-es\/#\/schema\/logo\/image\/"}}]}},"_links":{"self":[{"href":"https:\/\/www.teka.com\/es-es\/wp-json\/wp\/v2\/product\/118476","targetHints":{"allow":["GET"]}}],"collection":[{"href":"https:\/\/www.teka.com\/es-es\/wp-json\/wp\/v2\/product"}],"about":[{"href":"https:\/\/www.teka.com\/es-es\/wp-json\/wp\/v2\/types\/product"}],"wp:attachment":[{"href":"https:\/\/www.teka.com\/es-es\/wp-json\/wp\/v2\/media?parent=118476"}],"wp:term":[{"taxonomy":"product_cat","embeddable":true,"href":"https:\/\/www.teka.com\/es-es\/wp-json\/wp\/v2\/product_cat?post=118476"},{"taxonomy":"product_cleaning_system","embeddable":true,"href":"https:\/\/www.teka.com\/es-es\/wp-json\/wp\/v2\/product_cleaning_system?post=118476"},{"taxonomy":"product_edition","embeddable":true,"href":"https:\/\/www.teka.com\/es-es\/wp-json\/wp\/v2\/product_edition?post=118476"},{"taxonomy":"product_serie","embeddable":true,"href":"https:\/\/www.teka.com\/es-es\/wp-json\/wp\/v2\/product_serie?post=118476"},{"taxonomy":"product_features","embeddable":true,"href":"https:\/\/www.teka.com\/es-es\/wp-json\/wp\/v2\/product_features?post=118476"},{"taxonomy":"finishes","embeddable":true,"href":"https:\/\/www.teka.com\/es-es\/wp-json\/wp\/v2\/finishes?post=118476"},{"taxonomy":"product_3rd_basket","embeddable":true,"href":"https:\/\/www.teka.com\/es-es\/wp-json\/wp\/v2\/product_3rd_basket?post=118476"},{"taxonomy":"product_drawers","embeddable":true,"href":"https:\/\/www.teka.com\/es-es\/wp-json\/wp\/v2\/product_drawers?post=118476"},{"taxonomy":"product_type_of_installation","embeddable":true,"href":"https:\/\/www.teka.com\/es-es\/wp-json\/wp\/v2\/product_type_of_installation?post=118476"},{"taxonomy":"product_bundles","embeddable":true,"href":"https:\/\/www.teka.com\/es-es\/wp-json\/wp\/v2\/product_bundles?post=118476"},{"taxonomy":"product_energy_efficiency","embeddable":true,"href":"https:\/\/www.teka.com\/es-es\/wp-json\/wp\/v2\/product_energy_efficiency?post=118476"},{"taxonomy":"product_video_training","embeddable":true,"href":"https:\/\/www.teka.com\/es-es\/wp-json\/wp\/v2\/product_video_training?post=118476"}],"curies":[{"name":"wp","href":"https:\/\/api.w.org\/{rel}","templated":true}]}}