{"id":122167,"date":"2026-04-26T01:10:27","date_gmt":"2026-04-26T01:10:27","guid":{"rendered":"https:\/\/teka.com\/es-es\/gbc-64003-kba_112580043"},"modified":"2026-03-14T07:53:07","modified_gmt":"2026-03-14T08:53:07","slug":"gbc-64003-kba_112580043","status":"publish","type":"product","link":"https:\/\/www.teka.com\/es-es\/producto\/gbc-64003-kba_112580043\/","title":{"rendered":"GBC 64003 KBA"},"content":{"rendered":"<ul>\n<li>Cristal con cristal redondeado<\/li>\n<li>Superficie de vidrio templado<\/li>\n<li>Mandos laterales de dise\u00f1o ergon\u00f3mico<\/li>\n<li>4 quemadores de gas (r\u00e1pido 2,80 kW + semi-r\u00e1pidos 1,75 kW + auxiliar 1,00 kW)<\/li>\n<li>Sistema f\u00e1cil instalaci\u00f3n Fast-Click<\/li>\n<li>Placa a gas butano con inyectores para gas natural incluidos. Si se precisa la transformaci\u00f3n de la placa para el cambio de gas, la realizar\u00e1 nuestro servicio t\u00e9cnico oficial de forma gratuita<\/li>\n<\/ul>\n","protected":false},"featured_media":0,"parent":0,"template":"","product_cat":[65713],"product_cleaning_system":[],"product_edition":[],"product_serie":[],"product_features":[],"finishes":[],"product_3rd_basket":[],"product_drawers":[],"product_type_of_installation":[],"product_bundles":[],"product_energy_efficiency":[],"product_video_training":[],"class_list":["post-122167","product","type-product","status-publish","hentry","product_cat-placas","usp-gas-02","usp-gas-03","usp-gas-05","usp-cookinglovers-01","usp-gas-08","usp-award-06","color-cristal-negro","product_type_of_appliance-gas","product_icons-auto-ignition","product_icons-autolock","product_icons-easy-installation"],"acf":[],"yoast_head":"<!-- This site is optimized with the Yoast SEO plugin v27.5 - https:\/\/yoast.com\/product\/yoast-seo-wordpress\/ -->\n<title>Placa Cristal Gas GBC 64003 (NAT) - 4 quemadores en 60 cm | Teka Espa\u00f1a<\/title>\n<meta name=\"description\" content=\"Cocina de gas natural Teka en cristal negro con mandos laterales de dise\u00f1o ergon\u00f3mico. 4 quemadores de gas con seguridad por termopar y autencendido integrado.\" \/>\n<meta name=\"robots\" content=\"index, follow, max-snippet:-1, max-image-preview:large, max-video-preview:-1\" \/>\n<link rel=\"canonical\" href=\"https:\/\/www.teka.com\/es-es\/producto\/gbc-64003-kba_112580043\/\" \/>\n<meta property=\"og:locale\" content=\"es_ES\" \/>\n<meta property=\"og:type\" content=\"article\" \/>\n<meta property=\"og:title\" content=\"Placa Cristal Gas GBC 64003 (NAT) - 4 quemadores en 60 cm | Teka Espa\u00f1a\" \/>\n<meta property=\"og:description\" content=\"Cocina de gas natural Teka en cristal negro con mandos laterales de dise\u00f1o ergon\u00f3mico. 4 quemadores de gas con seguridad por termopar y autencendido integrado.\" \/>\n<meta property=\"og:url\" content=\"https:\/\/www.teka.com\/es-es\/producto\/gbc-64003-kba_112580043\/\" \/>\n<meta property=\"og:site_name\" content=\"Teka Espa\u00f1a\" \/>\n<meta name=\"twitter:card\" content=\"summary_large_image\" \/>\n<script type=\"application\/ld+json\" class=\"yoast-schema-graph\">{\"@context\":\"https:\\\/\\\/schema.org\",\"@graph\":[{\"@type\":\"WebPage\",\"@id\":\"https:\\\/\\\/www.teka.com\\\/es-es\\\/producto\\\/gbc-64003-kba_112580043\\\/\",\"url\":\"https:\\\/\\\/www.teka.com\\\/es-es\\\/producto\\\/gbc-64003-kba_112580043\\\/\",\"name\":\"Placa Cristal Gas GBC 64003 (NAT) - 4 quemadores en 60 cm | Teka Espa\u00f1a\",\"isPartOf\":{\"@id\":\"https:\\\/\\\/www.teka.com\\\/es-es\\\/#website\"},\"datePublished\":\"2026-04-26T01:10:27+00:00\",\"description\":\"Cocina de gas natural Teka en cristal negro con mandos laterales de dise\u00f1o ergon\u00f3mico. 4 quemadores de gas con seguridad por termopar y autencendido integrado.\",\"inLanguage\":\"es\",\"potentialAction\":[{\"@type\":\"ReadAction\",\"target\":[\"https:\\\/\\\/www.teka.com\\\/es-es\\\/producto\\\/gbc-64003-kba_112580043\\\/\"]}]},{\"@type\":\"WebSite\",\"@id\":\"https:\\\/\\\/www.teka.com\\\/es-es\\\/#website\",\"url\":\"https:\\\/\\\/www.teka.com\\\/es-es\\\/\",\"name\":\"Teka Espa\u00f1a\",\"description\":\"\",\"publisher\":{\"@id\":\"https:\\\/\\\/www.teka.com\\\/es-es\\\/#organization\"},\"potentialAction\":[{\"@type\":\"SearchAction\",\"target\":{\"@type\":\"EntryPoint\",\"urlTemplate\":\"https:\\\/\\\/www.teka.com\\\/es-es\\\/?s={search_term_string}\"},\"query-input\":{\"@type\":\"PropertyValueSpecification\",\"valueRequired\":true,\"valueName\":\"search_term_string\"}}],\"inLanguage\":\"es\"},{\"@type\":\"Organization\",\"@id\":\"https:\\\/\\\/www.teka.com\\\/es-es\\\/#organization\",\"name\":\"Teka Espa\u00f1a\",\"url\":\"https:\\\/\\\/www.teka.com\\\/es-es\\\/\",\"logo\":{\"@type\":\"ImageObject\",\"inLanguage\":\"es\",\"@id\":\"https:\\\/\\\/www.teka.com\\\/es-es\\\/#\\\/schema\\\/logo\\\/image\\\/\",\"url\":\"https:\\\/\\\/www.teka.com\\\/es-es\\\/wp-content\\\/uploads\\\/sites\\\/2\\\/2020\\\/08\\\/teka-new-logo.png\",\"contentUrl\":\"https:\\\/\\\/www.teka.com\\\/es-es\\\/wp-content\\\/uploads\\\/sites\\\/2\\\/2020\\\/08\\\/teka-new-logo.png\",\"width\":1024,\"height\":1024,\"caption\":\"Teka Espa\u00f1a\"},\"image\":{\"@id\":\"https:\\\/\\\/www.teka.com\\\/es-es\\\/#\\\/schema\\\/logo\\\/image\\\/\"}}]}<\/script>\n<!-- \/ Yoast SEO plugin. -->","yoast_head_json":{"title":"Placa Cristal Gas GBC 64003 (NAT) - 4 quemadores en 60 cm | Teka Espa\u00f1a","description":"Cocina de gas natural Teka en cristal negro con mandos laterales de dise\u00f1o ergon\u00f3mico. 4 quemadores de gas con seguridad por termopar y autencendido integrado.","robots":{"index":"index","follow":"follow","max-snippet":"max-snippet:-1","max-image-preview":"max-image-preview:large","max-video-preview":"max-video-preview:-1"},"canonical":"https:\/\/www.teka.com\/es-es\/producto\/gbc-64003-kba_112580043\/","og_locale":"es_ES","og_type":"article","og_title":"Placa Cristal Gas GBC 64003 (NAT) - 4 quemadores en 60 cm | Teka Espa\u00f1a","og_description":"Cocina de gas natural Teka en cristal negro con mandos laterales de dise\u00f1o ergon\u00f3mico. 4 quemadores de gas con seguridad por termopar y autencendido integrado.","og_url":"https:\/\/www.teka.com\/es-es\/producto\/gbc-64003-kba_112580043\/","og_site_name":"Teka Espa\u00f1a","twitter_card":"summary_large_image","schema":{"@context":"https:\/\/schema.org","@graph":[{"@type":"WebPage","@id":"https:\/\/www.teka.com\/es-es\/producto\/gbc-64003-kba_112580043\/","url":"https:\/\/www.teka.com\/es-es\/producto\/gbc-64003-kba_112580043\/","name":"Placa Cristal Gas GBC 64003 (NAT) - 4 quemadores en 60 cm | Teka Espa\u00f1a","isPartOf":{"@id":"https:\/\/www.teka.com\/es-es\/#website"},"datePublished":"2026-04-26T01:10:27+00:00","description":"Cocina de gas natural Teka en cristal negro con mandos laterales de dise\u00f1o ergon\u00f3mico. 4 quemadores de gas con seguridad por termopar y autencendido integrado.","inLanguage":"es","potentialAction":[{"@type":"ReadAction","target":["https:\/\/www.teka.com\/es-es\/producto\/gbc-64003-kba_112580043\/"]}]},{"@type":"WebSite","@id":"https:\/\/www.teka.com\/es-es\/#website","url":"https:\/\/www.teka.com\/es-es\/","name":"Teka Espa\u00f1a","description":"","publisher":{"@id":"https:\/\/www.teka.com\/es-es\/#organization"},"potentialAction":[{"@type":"SearchAction","target":{"@type":"EntryPoint","urlTemplate":"https:\/\/www.teka.com\/es-es\/?s={search_term_string}"},"query-input":{"@type":"PropertyValueSpecification","valueRequired":true,"valueName":"search_term_string"}}],"inLanguage":"es"},{"@type":"Organization","@id":"https:\/\/www.teka.com\/es-es\/#organization","name":"Teka Espa\u00f1a","url":"https:\/\/www.teka.com\/es-es\/","logo":{"@type":"ImageObject","inLanguage":"es","@id":"https:\/\/www.teka.com\/es-es\/#\/schema\/logo\/image\/","url":"https:\/\/www.teka.com\/es-es\/wp-content\/uploads\/sites\/2\/2020\/08\/teka-new-logo.png","contentUrl":"https:\/\/www.teka.com\/es-es\/wp-content\/uploads\/sites\/2\/2020\/08\/teka-new-logo.png","width":1024,"height":1024,"caption":"Teka Espa\u00f1a"},"image":{"@id":"https:\/\/www.teka.com\/es-es\/#\/schema\/logo\/image\/"}}]}},"_links":{"self":[{"href":"https:\/\/www.teka.com\/es-es\/wp-json\/wp\/v2\/product\/122167","targetHints":{"allow":["GET"]}}],"collection":[{"href":"https:\/\/www.teka.com\/es-es\/wp-json\/wp\/v2\/product"}],"about":[{"href":"https:\/\/www.teka.com\/es-es\/wp-json\/wp\/v2\/types\/product"}],"wp:attachment":[{"href":"https:\/\/www.teka.com\/es-es\/wp-json\/wp\/v2\/media?parent=122167"}],"wp:term":[{"taxonomy":"product_cat","embeddable":true,"href":"https:\/\/www.teka.com\/es-es\/wp-json\/wp\/v2\/product_cat?post=122167"},{"taxonomy":"product_cleaning_system","embeddable":true,"href":"https:\/\/www.teka.com\/es-es\/wp-json\/wp\/v2\/product_cleaning_system?post=122167"},{"taxonomy":"product_edition","embeddable":true,"href":"https:\/\/www.teka.com\/es-es\/wp-json\/wp\/v2\/product_edition?post=122167"},{"taxonomy":"product_serie","embeddable":true,"href":"https:\/\/www.teka.com\/es-es\/wp-json\/wp\/v2\/product_serie?post=122167"},{"taxonomy":"product_features","embeddable":true,"href":"https:\/\/www.teka.com\/es-es\/wp-json\/wp\/v2\/product_features?post=122167"},{"taxonomy":"finishes","embeddable":true,"href":"https:\/\/www.teka.com\/es-es\/wp-json\/wp\/v2\/finishes?post=122167"},{"taxonomy":"product_3rd_basket","embeddable":true,"href":"https:\/\/www.teka.com\/es-es\/wp-json\/wp\/v2\/product_3rd_basket?post=122167"},{"taxonomy":"product_drawers","embeddable":true,"href":"https:\/\/www.teka.com\/es-es\/wp-json\/wp\/v2\/product_drawers?post=122167"},{"taxonomy":"product_type_of_installation","embeddable":true,"href":"https:\/\/www.teka.com\/es-es\/wp-json\/wp\/v2\/product_type_of_installation?post=122167"},{"taxonomy":"product_bundles","embeddable":true,"href":"https:\/\/www.teka.com\/es-es\/wp-json\/wp\/v2\/product_bundles?post=122167"},{"taxonomy":"product_energy_efficiency","embeddable":true,"href":"https:\/\/www.teka.com\/es-es\/wp-json\/wp\/v2\/product_energy_efficiency?post=122167"},{"taxonomy":"product_video_training","embeddable":true,"href":"https:\/\/www.teka.com\/es-es\/wp-json\/wp\/v2\/product_video_training?post=122167"}],"curies":[{"name":"wp","href":"https:\/\/api.w.org\/{rel}","templated":true}]}}