{"id":122513,"date":"2026-04-03T19:55:57","date_gmt":"2026-04-03T19:55:57","guid":{"rendered":"https:\/\/teka.com\/en-int\/mwe-255-fi_40581125"},"modified":"2026-03-17T11:25:11","modified_gmt":"2026-03-17T12:25:11","slug":"mwe-255-fi_40581125","status":"publish","type":"product","link":"https:\/\/www.teka.com\/es-es\/producto\/mwe-255-fi_40581125\/","title":{"rendered":"MWE 255 FI BK-SS"},"content":{"rendered":"<ul>\n<li>Electr\u00f3nico + grill<\/li>\n<li>Panel de mandos electr\u00f3nico<\/li>\n<li>Grill simult\u00e1neo de cuarzo, 1.000 W<\/li>\n<li>Cinco niveles de potencia, 900 W salida<\/li>\n<li>Interior en acero inoxidable<\/li>\n<\/ul>\n","protected":false},"featured_media":0,"parent":0,"template":"","product_cat":[90962],"product_cleaning_system":[],"product_edition":[],"product_serie":[],"product_features":[],"finishes":[],"product_3rd_basket":[],"product_drawers":[],"product_type_of_installation":[91853],"product_bundles":[],"product_energy_efficiency":[],"product_video_training":[91619,91620],"class_list":["post-122513","product","type-product","status-publish","hentry","product_cat-microondas","usp-microwaves-04","usp-microwaves-06","usp-cookinglovers-01","usp-microwaves-07","usp-microwaves-08","color-cristal-negro-con-marco","product_type_of_appliance-encastrable","product_icons-defrost-by-time","product_icons-defrost-by-weight","product_icons-direct-access-menu","product_type_of_installation-encastrable","product_video_training-traininghoods-07","product_video_training-traininghoods-08"],"acf":[],"yoast_head":"<!-- This site is optimized with the Yoast SEO plugin v27.2 - https:\/\/yoast.com\/product\/yoast-seo-wordpress\/ -->\n<title>Microondas Integrable con Grill MWE 255 FI | Teka Espa\u00f1a<\/title>\n<meta name=\"description\" content=\"Toda la informaci\u00f3n sobre el Microondas de integraci\u00f3n + Grill de 25L MWE 255 FI en la web oficial de Teka Espa\u00f1a.\" \/>\n<meta name=\"robots\" content=\"index, follow, max-snippet:-1, max-image-preview:large, max-video-preview:-1\" \/>\n<link rel=\"canonical\" href=\"https:\/\/www.teka.com\/es-es\/producto\/mwe-255-fi_40581125\/\" \/>\n<meta property=\"og:locale\" content=\"es_ES\" \/>\n<meta property=\"og:type\" content=\"article\" \/>\n<meta property=\"og:title\" content=\"Microondas Integrable con Grill MWE 255 FI | Teka Espa\u00f1a\" \/>\n<meta property=\"og:description\" content=\"Toda la informaci\u00f3n sobre el Microondas de integraci\u00f3n + Grill de 25L MWE 255 FI en la web oficial de Teka Espa\u00f1a.\" \/>\n<meta property=\"og:url\" content=\"https:\/\/www.teka.com\/es-es\/producto\/mwe-255-fi_40581125\/\" \/>\n<meta property=\"og:site_name\" content=\"Teka Espa\u00f1a\" \/>\n<meta name=\"twitter:card\" content=\"summary_large_image\" \/>\n<script type=\"application\/ld+json\" class=\"yoast-schema-graph\">{\"@context\":\"https:\/\/schema.org\",\"@graph\":[{\"@type\":\"WebPage\",\"@id\":\"https:\/\/www.teka.com\/es-es\/producto\/mwe-255-fi_40581125\/\",\"url\":\"https:\/\/www.teka.com\/es-es\/producto\/mwe-255-fi_40581125\/\",\"name\":\"Microondas Integrable con Grill MWE 255 FI | Teka Espa\u00f1a\",\"isPartOf\":{\"@id\":\"https:\/\/www.teka.com\/es-es\/#website\"},\"datePublished\":\"2026-04-03T19:55:57+00:00\",\"description\":\"Toda la informaci\u00f3n sobre el Microondas de integraci\u00f3n + Grill de 25L MWE 255 FI en la web oficial de Teka Espa\u00f1a.\",\"inLanguage\":\"es\",\"potentialAction\":[{\"@type\":\"ReadAction\",\"target\":[\"https:\/\/www.teka.com\/es-es\/producto\/mwe-255-fi_40581125\/\"]}]},{\"@type\":\"WebSite\",\"@id\":\"https:\/\/www.teka.com\/es-es\/#website\",\"url\":\"https:\/\/www.teka.com\/es-es\/\",\"name\":\"Teka Espa\u00f1a\",\"description\":\"\",\"publisher\":{\"@id\":\"https:\/\/www.teka.com\/es-es\/#organization\"},\"potentialAction\":[{\"@type\":\"SearchAction\",\"target\":{\"@type\":\"EntryPoint\",\"urlTemplate\":\"https:\/\/www.teka.com\/es-es\/?s={search_term_string}\"},\"query-input\":{\"@type\":\"PropertyValueSpecification\",\"valueRequired\":true,\"valueName\":\"search_term_string\"}}],\"inLanguage\":\"es\"},{\"@type\":\"Organization\",\"@id\":\"https:\/\/www.teka.com\/es-es\/#organization\",\"name\":\"Teka Espa\u00f1a\",\"url\":\"https:\/\/www.teka.com\/es-es\/\",\"logo\":{\"@type\":\"ImageObject\",\"inLanguage\":\"es\",\"@id\":\"https:\/\/www.teka.com\/es-es\/#\/schema\/logo\/image\/\",\"url\":\"https:\/\/www.teka.com\/es-es\/wp-content\/uploads\/sites\/2\/2020\/08\/teka-new-logo.png\",\"contentUrl\":\"https:\/\/www.teka.com\/es-es\/wp-content\/uploads\/sites\/2\/2020\/08\/teka-new-logo.png\",\"width\":1024,\"height\":1024,\"caption\":\"Teka Espa\u00f1a\"},\"image\":{\"@id\":\"https:\/\/www.teka.com\/es-es\/#\/schema\/logo\/image\/\"}}]}<\/script>\n<!-- \/ Yoast SEO plugin. -->","yoast_head_json":{"title":"Microondas Integrable con Grill MWE 255 FI | Teka Espa\u00f1a","description":"Toda la informaci\u00f3n sobre el Microondas de integraci\u00f3n + Grill de 25L MWE 255 FI en la web oficial de Teka Espa\u00f1a.","robots":{"index":"index","follow":"follow","max-snippet":"max-snippet:-1","max-image-preview":"max-image-preview:large","max-video-preview":"max-video-preview:-1"},"canonical":"https:\/\/www.teka.com\/es-es\/producto\/mwe-255-fi_40581125\/","og_locale":"es_ES","og_type":"article","og_title":"Microondas Integrable con Grill MWE 255 FI | Teka Espa\u00f1a","og_description":"Toda la informaci\u00f3n sobre el Microondas de integraci\u00f3n + Grill de 25L MWE 255 FI en la web oficial de Teka Espa\u00f1a.","og_url":"https:\/\/www.teka.com\/es-es\/producto\/mwe-255-fi_40581125\/","og_site_name":"Teka Espa\u00f1a","twitter_card":"summary_large_image","schema":{"@context":"https:\/\/schema.org","@graph":[{"@type":"WebPage","@id":"https:\/\/www.teka.com\/es-es\/producto\/mwe-255-fi_40581125\/","url":"https:\/\/www.teka.com\/es-es\/producto\/mwe-255-fi_40581125\/","name":"Microondas Integrable con Grill MWE 255 FI | Teka Espa\u00f1a","isPartOf":{"@id":"https:\/\/www.teka.com\/es-es\/#website"},"datePublished":"2026-04-03T19:55:57+00:00","description":"Toda la informaci\u00f3n sobre el Microondas de integraci\u00f3n + Grill de 25L MWE 255 FI en la web oficial de Teka Espa\u00f1a.","inLanguage":"es","potentialAction":[{"@type":"ReadAction","target":["https:\/\/www.teka.com\/es-es\/producto\/mwe-255-fi_40581125\/"]}]},{"@type":"WebSite","@id":"https:\/\/www.teka.com\/es-es\/#website","url":"https:\/\/www.teka.com\/es-es\/","name":"Teka Espa\u00f1a","description":"","publisher":{"@id":"https:\/\/www.teka.com\/es-es\/#organization"},"potentialAction":[{"@type":"SearchAction","target":{"@type":"EntryPoint","urlTemplate":"https:\/\/www.teka.com\/es-es\/?s={search_term_string}"},"query-input":{"@type":"PropertyValueSpecification","valueRequired":true,"valueName":"search_term_string"}}],"inLanguage":"es"},{"@type":"Organization","@id":"https:\/\/www.teka.com\/es-es\/#organization","name":"Teka Espa\u00f1a","url":"https:\/\/www.teka.com\/es-es\/","logo":{"@type":"ImageObject","inLanguage":"es","@id":"https:\/\/www.teka.com\/es-es\/#\/schema\/logo\/image\/","url":"https:\/\/www.teka.com\/es-es\/wp-content\/uploads\/sites\/2\/2020\/08\/teka-new-logo.png","contentUrl":"https:\/\/www.teka.com\/es-es\/wp-content\/uploads\/sites\/2\/2020\/08\/teka-new-logo.png","width":1024,"height":1024,"caption":"Teka Espa\u00f1a"},"image":{"@id":"https:\/\/www.teka.com\/es-es\/#\/schema\/logo\/image\/"}}]}},"_links":{"self":[{"href":"https:\/\/www.teka.com\/es-es\/wp-json\/wp\/v2\/product\/122513","targetHints":{"allow":["GET"]}}],"collection":[{"href":"https:\/\/www.teka.com\/es-es\/wp-json\/wp\/v2\/product"}],"about":[{"href":"https:\/\/www.teka.com\/es-es\/wp-json\/wp\/v2\/types\/product"}],"wp:attachment":[{"href":"https:\/\/www.teka.com\/es-es\/wp-json\/wp\/v2\/media?parent=122513"}],"wp:term":[{"taxonomy":"product_cat","embeddable":true,"href":"https:\/\/www.teka.com\/es-es\/wp-json\/wp\/v2\/product_cat?post=122513"},{"taxonomy":"product_cleaning_system","embeddable":true,"href":"https:\/\/www.teka.com\/es-es\/wp-json\/wp\/v2\/product_cleaning_system?post=122513"},{"taxonomy":"product_edition","embeddable":true,"href":"https:\/\/www.teka.com\/es-es\/wp-json\/wp\/v2\/product_edition?post=122513"},{"taxonomy":"product_serie","embeddable":true,"href":"https:\/\/www.teka.com\/es-es\/wp-json\/wp\/v2\/product_serie?post=122513"},{"taxonomy":"product_features","embeddable":true,"href":"https:\/\/www.teka.com\/es-es\/wp-json\/wp\/v2\/product_features?post=122513"},{"taxonomy":"finishes","embeddable":true,"href":"https:\/\/www.teka.com\/es-es\/wp-json\/wp\/v2\/finishes?post=122513"},{"taxonomy":"product_3rd_basket","embeddable":true,"href":"https:\/\/www.teka.com\/es-es\/wp-json\/wp\/v2\/product_3rd_basket?post=122513"},{"taxonomy":"product_drawers","embeddable":true,"href":"https:\/\/www.teka.com\/es-es\/wp-json\/wp\/v2\/product_drawers?post=122513"},{"taxonomy":"product_type_of_installation","embeddable":true,"href":"https:\/\/www.teka.com\/es-es\/wp-json\/wp\/v2\/product_type_of_installation?post=122513"},{"taxonomy":"product_bundles","embeddable":true,"href":"https:\/\/www.teka.com\/es-es\/wp-json\/wp\/v2\/product_bundles?post=122513"},{"taxonomy":"product_energy_efficiency","embeddable":true,"href":"https:\/\/www.teka.com\/es-es\/wp-json\/wp\/v2\/product_energy_efficiency?post=122513"},{"taxonomy":"product_video_training","embeddable":true,"href":"https:\/\/www.teka.com\/es-es\/wp-json\/wp\/v2\/product_video_training?post=122513"}],"curies":[{"name":"wp","href":"https:\/\/api.w.org\/{rel}","templated":true}]}}