{"id":126326,"date":"2026-04-03T20:46:32","date_gmt":"2026-04-03T20:46:32","guid":{"rendered":"https:\/\/teka.com\/es-es\/dvi-88-g1-eos-bm_112930056"},"modified":"2026-03-14T08:19:55","modified_gmt":"2026-03-14T09:19:55","slug":"dvi-88-g1-eos-bm_112930056","status":"publish","type":"product","link":"https:\/\/www.teka.com\/es-es\/producto\/dvi-88-g1-eos-bm_112930056\/","title":{"rendered":"DVI 88 Infinity G1"},"content":{"rendered":"<ul>\n<li>Dise\u00f1ado en Italia por Italdesign Giugiaro<\/li>\n<li>Acabado exclusivo en negro mate<\/li>\n<li>Detalles metalizados en cobre<\/li>\n<li>Control por botones pulsantes<\/li>\n<li>Funci\u00f3n FresAir<\/li>\n<\/ul>\n","protected":false},"featured_media":0,"parent":0,"template":"","product_cat":[90961],"product_cleaning_system":[],"product_edition":[],"product_serie":[],"product_features":[],"finishes":[],"product_3rd_basket":[],"product_drawers":[],"product_type_of_installation":[],"product_bundles":[],"product_energy_efficiency":[91559],"product_video_training":[],"class_list":["post-126326","product","type-product","status-publish","hentry","product_cat-campanas","usp-infinityg1-01","usp-infinityg1-02","usp-infinityg1-03","usp-infinityg1-11","usp-infinityg1-12","usp-infinityg1-13","usp-cookinglovers-13","color-negro-mate","product_type_of_appliance-decorativas","product_ambient-infinityg1","product_icons-freshair","product_icons-led","product_icons-perimeter-extraction","product_icons-stop-delay-timer","product_energy_efficiency-a-plus-icon"],"acf":[],"yoast_head":"<!-- This site is optimized with the Yoast SEO plugin v27.2 - https:\/\/yoast.com\/product\/yoast-seo-wordpress\/ -->\n<title>Campana de dise\u00f1o Negro Mate Edici\u00f3n Infinity G1 | Teka Espa\u00f1a<\/title>\n<meta name=\"description\" content=\"Descubre Infinity G1, la nueva edici\u00f3n de electrodom\u00e9sticos Teka dise\u00f1ada en Italia por Giugiaro Italdesign. Campana extractora de dise\u00f1o exclusivo de cristal negro mate y detalles en cobre.\" \/>\n<meta name=\"robots\" content=\"index, follow, max-snippet:-1, max-image-preview:large, max-video-preview:-1\" \/>\n<link rel=\"canonical\" href=\"https:\/\/www.teka.com\/es-es\/producto\/dvi-88-g1-eos-bm_112930056\/\" \/>\n<meta property=\"og:locale\" content=\"es_ES\" \/>\n<meta property=\"og:type\" content=\"article\" \/>\n<meta property=\"og:title\" content=\"Campana de dise\u00f1o Negro Mate Edici\u00f3n Infinity G1 | Teka Espa\u00f1a\" \/>\n<meta property=\"og:description\" content=\"Descubre Infinity G1, la nueva edici\u00f3n de electrodom\u00e9sticos Teka dise\u00f1ada en Italia por Giugiaro Italdesign. Campana extractora de dise\u00f1o exclusivo de cristal negro mate y detalles en cobre.\" \/>\n<meta property=\"og:url\" content=\"https:\/\/www.teka.com\/es-es\/producto\/dvi-88-g1-eos-bm_112930056\/\" \/>\n<meta property=\"og:site_name\" content=\"Teka Espa\u00f1a\" \/>\n<meta name=\"twitter:card\" content=\"summary_large_image\" \/>\n<script type=\"application\/ld+json\" class=\"yoast-schema-graph\">{\"@context\":\"https:\/\/schema.org\",\"@graph\":[{\"@type\":\"WebPage\",\"@id\":\"https:\/\/www.teka.com\/es-es\/producto\/dvi-88-g1-eos-bm_112930056\/\",\"url\":\"https:\/\/www.teka.com\/es-es\/producto\/dvi-88-g1-eos-bm_112930056\/\",\"name\":\"Campana de dise\u00f1o Negro Mate Edici\u00f3n Infinity G1 | Teka Espa\u00f1a\",\"isPartOf\":{\"@id\":\"https:\/\/www.teka.com\/es-es\/#website\"},\"datePublished\":\"2026-04-03T20:46:32+00:00\",\"description\":\"Descubre Infinity G1, la nueva edici\u00f3n de electrodom\u00e9sticos Teka dise\u00f1ada en Italia por Giugiaro Italdesign. Campana extractora de dise\u00f1o exclusivo de cristal negro mate y detalles en cobre.\",\"inLanguage\":\"es\",\"potentialAction\":[{\"@type\":\"ReadAction\",\"target\":[\"https:\/\/www.teka.com\/es-es\/producto\/dvi-88-g1-eos-bm_112930056\/\"]}]},{\"@type\":\"WebSite\",\"@id\":\"https:\/\/www.teka.com\/es-es\/#website\",\"url\":\"https:\/\/www.teka.com\/es-es\/\",\"name\":\"Teka Espa\u00f1a\",\"description\":\"\",\"publisher\":{\"@id\":\"https:\/\/www.teka.com\/es-es\/#organization\"},\"potentialAction\":[{\"@type\":\"SearchAction\",\"target\":{\"@type\":\"EntryPoint\",\"urlTemplate\":\"https:\/\/www.teka.com\/es-es\/?s={search_term_string}\"},\"query-input\":{\"@type\":\"PropertyValueSpecification\",\"valueRequired\":true,\"valueName\":\"search_term_string\"}}],\"inLanguage\":\"es\"},{\"@type\":\"Organization\",\"@id\":\"https:\/\/www.teka.com\/es-es\/#organization\",\"name\":\"Teka Espa\u00f1a\",\"url\":\"https:\/\/www.teka.com\/es-es\/\",\"logo\":{\"@type\":\"ImageObject\",\"inLanguage\":\"es\",\"@id\":\"https:\/\/www.teka.com\/es-es\/#\/schema\/logo\/image\/\",\"url\":\"https:\/\/www.teka.com\/es-es\/wp-content\/uploads\/sites\/2\/2020\/08\/teka-new-logo.png\",\"contentUrl\":\"https:\/\/www.teka.com\/es-es\/wp-content\/uploads\/sites\/2\/2020\/08\/teka-new-logo.png\",\"width\":1024,\"height\":1024,\"caption\":\"Teka Espa\u00f1a\"},\"image\":{\"@id\":\"https:\/\/www.teka.com\/es-es\/#\/schema\/logo\/image\/\"}}]}<\/script>\n<!-- \/ Yoast SEO plugin. -->","yoast_head_json":{"title":"Campana de dise\u00f1o Negro Mate Edici\u00f3n Infinity G1 | Teka Espa\u00f1a","description":"Descubre Infinity G1, la nueva edici\u00f3n de electrodom\u00e9sticos Teka dise\u00f1ada en Italia por Giugiaro Italdesign. Campana extractora de dise\u00f1o exclusivo de cristal negro mate y detalles en cobre.","robots":{"index":"index","follow":"follow","max-snippet":"max-snippet:-1","max-image-preview":"max-image-preview:large","max-video-preview":"max-video-preview:-1"},"canonical":"https:\/\/www.teka.com\/es-es\/producto\/dvi-88-g1-eos-bm_112930056\/","og_locale":"es_ES","og_type":"article","og_title":"Campana de dise\u00f1o Negro Mate Edici\u00f3n Infinity G1 | Teka Espa\u00f1a","og_description":"Descubre Infinity G1, la nueva edici\u00f3n de electrodom\u00e9sticos Teka dise\u00f1ada en Italia por Giugiaro Italdesign. Campana extractora de dise\u00f1o exclusivo de cristal negro mate y detalles en cobre.","og_url":"https:\/\/www.teka.com\/es-es\/producto\/dvi-88-g1-eos-bm_112930056\/","og_site_name":"Teka Espa\u00f1a","twitter_card":"summary_large_image","schema":{"@context":"https:\/\/schema.org","@graph":[{"@type":"WebPage","@id":"https:\/\/www.teka.com\/es-es\/producto\/dvi-88-g1-eos-bm_112930056\/","url":"https:\/\/www.teka.com\/es-es\/producto\/dvi-88-g1-eos-bm_112930056\/","name":"Campana de dise\u00f1o Negro Mate Edici\u00f3n Infinity G1 | Teka Espa\u00f1a","isPartOf":{"@id":"https:\/\/www.teka.com\/es-es\/#website"},"datePublished":"2026-04-03T20:46:32+00:00","description":"Descubre Infinity G1, la nueva edici\u00f3n de electrodom\u00e9sticos Teka dise\u00f1ada en Italia por Giugiaro Italdesign. Campana extractora de dise\u00f1o exclusivo de cristal negro mate y detalles en cobre.","inLanguage":"es","potentialAction":[{"@type":"ReadAction","target":["https:\/\/www.teka.com\/es-es\/producto\/dvi-88-g1-eos-bm_112930056\/"]}]},{"@type":"WebSite","@id":"https:\/\/www.teka.com\/es-es\/#website","url":"https:\/\/www.teka.com\/es-es\/","name":"Teka Espa\u00f1a","description":"","publisher":{"@id":"https:\/\/www.teka.com\/es-es\/#organization"},"potentialAction":[{"@type":"SearchAction","target":{"@type":"EntryPoint","urlTemplate":"https:\/\/www.teka.com\/es-es\/?s={search_term_string}"},"query-input":{"@type":"PropertyValueSpecification","valueRequired":true,"valueName":"search_term_string"}}],"inLanguage":"es"},{"@type":"Organization","@id":"https:\/\/www.teka.com\/es-es\/#organization","name":"Teka Espa\u00f1a","url":"https:\/\/www.teka.com\/es-es\/","logo":{"@type":"ImageObject","inLanguage":"es","@id":"https:\/\/www.teka.com\/es-es\/#\/schema\/logo\/image\/","url":"https:\/\/www.teka.com\/es-es\/wp-content\/uploads\/sites\/2\/2020\/08\/teka-new-logo.png","contentUrl":"https:\/\/www.teka.com\/es-es\/wp-content\/uploads\/sites\/2\/2020\/08\/teka-new-logo.png","width":1024,"height":1024,"caption":"Teka Espa\u00f1a"},"image":{"@id":"https:\/\/www.teka.com\/es-es\/#\/schema\/logo\/image\/"}}]}},"_links":{"self":[{"href":"https:\/\/www.teka.com\/es-es\/wp-json\/wp\/v2\/product\/126326","targetHints":{"allow":["GET"]}}],"collection":[{"href":"https:\/\/www.teka.com\/es-es\/wp-json\/wp\/v2\/product"}],"about":[{"href":"https:\/\/www.teka.com\/es-es\/wp-json\/wp\/v2\/types\/product"}],"wp:attachment":[{"href":"https:\/\/www.teka.com\/es-es\/wp-json\/wp\/v2\/media?parent=126326"}],"wp:term":[{"taxonomy":"product_cat","embeddable":true,"href":"https:\/\/www.teka.com\/es-es\/wp-json\/wp\/v2\/product_cat?post=126326"},{"taxonomy":"product_cleaning_system","embeddable":true,"href":"https:\/\/www.teka.com\/es-es\/wp-json\/wp\/v2\/product_cleaning_system?post=126326"},{"taxonomy":"product_edition","embeddable":true,"href":"https:\/\/www.teka.com\/es-es\/wp-json\/wp\/v2\/product_edition?post=126326"},{"taxonomy":"product_serie","embeddable":true,"href":"https:\/\/www.teka.com\/es-es\/wp-json\/wp\/v2\/product_serie?post=126326"},{"taxonomy":"product_features","embeddable":true,"href":"https:\/\/www.teka.com\/es-es\/wp-json\/wp\/v2\/product_features?post=126326"},{"taxonomy":"finishes","embeddable":true,"href":"https:\/\/www.teka.com\/es-es\/wp-json\/wp\/v2\/finishes?post=126326"},{"taxonomy":"product_3rd_basket","embeddable":true,"href":"https:\/\/www.teka.com\/es-es\/wp-json\/wp\/v2\/product_3rd_basket?post=126326"},{"taxonomy":"product_drawers","embeddable":true,"href":"https:\/\/www.teka.com\/es-es\/wp-json\/wp\/v2\/product_drawers?post=126326"},{"taxonomy":"product_type_of_installation","embeddable":true,"href":"https:\/\/www.teka.com\/es-es\/wp-json\/wp\/v2\/product_type_of_installation?post=126326"},{"taxonomy":"product_bundles","embeddable":true,"href":"https:\/\/www.teka.com\/es-es\/wp-json\/wp\/v2\/product_bundles?post=126326"},{"taxonomy":"product_energy_efficiency","embeddable":true,"href":"https:\/\/www.teka.com\/es-es\/wp-json\/wp\/v2\/product_energy_efficiency?post=126326"},{"taxonomy":"product_video_training","embeddable":true,"href":"https:\/\/www.teka.com\/es-es\/wp-json\/wp\/v2\/product_video_training?post=126326"}],"curies":[{"name":"wp","href":"https:\/\/api.w.org\/{rel}","templated":true}]}}