{"id":129453,"date":"2026-04-07T20:56:21","date_gmt":"2026-04-07T20:56:21","guid":{"rendered":"https:\/\/teka.com\/en-int\/afc-87628-mst_112500053"},"modified":"2026-03-14T08:21:34","modified_gmt":"2026-03-14T09:21:34","slug":"mastersense-air-afc-87628-mst_112500053","status":"publish","type":"product","link":"https:\/\/www.teka.com\/es-es\/producto\/mastersense-air-afc-87628-mst_112500053\/","title":{"rendered":"MasterSense Air AFC 87628 MST"},"content":{"rendered":"<ul>\n<li>Incluye 4 zonas de inducci\u00f3n (3 + 1 Flex combinada)<\/li>\n<li>Renueva el aire de tu cocina durante 24hrs con la funci\u00f3n autom\u00e1tica FreshAir<\/li>\n<li>Touch Control MultiSlider para un control independiente de cada zona de cocinado<\/li>\n<li>Zona paellera de hasta 28cm<\/li>\n<li>8 funciones directas para cocinar de forma intuitiva<\/li>\n<li>Sistema EasyClean Collector que facilita la limpieza del extractor<\/li>\n<\/ul>\n","protected":false},"featured_media":0,"parent":0,"template":"","product_cat":[65713],"product_cleaning_system":[],"product_edition":[],"product_serie":[],"product_features":[83691,83692,83695,83696,83698,83726,90641,90642,90650],"finishes":[],"product_3rd_basket":[],"product_drawers":[],"product_type_of_installation":[],"product_bundles":[],"product_energy_efficiency":[],"product_video_training":[91618,91624,91626,91629,91631,91632,91634,91635,91640],"class_list":["post-129453","product","type-product","status-publish","hentry","product_cat-placas","usp-induction-01","usp-induction-02","usp-induction-03","usp-induction-04","usp-induction-05","usp-induction-06","usp-induction-07","usp-induction-10","usp-induction-12","usp-induction-17","usp-tekahome-08","usp-cookinglovers-01","usp-hobs-09","usp-hobs-11","color-negro","product_ambient-ambient-23","product_icons-flex","product_icons-autolock","product_icons-easy-installation","product_icons-multislider","product_icons-power","product_icons-power-plus","product_features-grilling","product_features-pan-frying","product_features-simmering","product_features-melting","product_features-poach","product_features-confit","product_features-keep-warm","product_features-flex","product_features-deep-fry","product_video_training-traininghobs-01","product_video_training-traininghobs-02","product_video_training-traininghobs-04","product_video_training-traininghobs-05","product_video_training-traininghobs-06","product_video_training-traininghobs-07","product_video_training-traininghobs-08","product_video_training-traininghobs-09","product_video_training-traininghobs-11"],"acf":[],"yoast_head":"<!-- This site is optimized with the Yoast SEO plugin v27.2 - https:\/\/yoast.com\/product\/yoast-seo-wordpress\/ -->\n<title>MasterSense Air Placa con Extractor integrado con Paellera | Teka Espa\u00f1a<\/title>\n<meta name=\"description\" content=\"2 en 1. Placa de inducci\u00f3n con extractor integrado, control t\u00e1ctil, zona de cocinado flexible y zona XL Paellera de 28cm \u00b7 8 funciones directas para cocinar.\" \/>\n<meta name=\"robots\" content=\"index, follow, max-snippet:-1, max-image-preview:large, max-video-preview:-1\" \/>\n<link rel=\"canonical\" href=\"https:\/\/www.teka.com\/es-es\/producto\/mastersense-air-afc-87628-mst_112500053\/\" \/>\n<meta property=\"og:locale\" content=\"es_ES\" \/>\n<meta property=\"og:type\" content=\"article\" \/>\n<meta property=\"og:title\" content=\"MasterSense Air Placa con Extractor integrado con Paellera | Teka Espa\u00f1a\" \/>\n<meta property=\"og:description\" content=\"2 en 1. Placa de inducci\u00f3n con extractor integrado, control t\u00e1ctil, zona de cocinado flexible y zona XL Paellera de 28cm \u00b7 8 funciones directas para cocinar.\" \/>\n<meta property=\"og:url\" content=\"https:\/\/www.teka.com\/es-es\/producto\/mastersense-air-afc-87628-mst_112500053\/\" \/>\n<meta property=\"og:site_name\" content=\"Teka Espa\u00f1a\" \/>\n<meta name=\"twitter:card\" content=\"summary_large_image\" \/>\n<meta name=\"twitter:label1\" content=\"Tiempo de lectura\" \/>\n\t<meta name=\"twitter:data1\" content=\"1 minuto\" \/>\n<script type=\"application\/ld+json\" class=\"yoast-schema-graph\">{\"@context\":\"https:\/\/schema.org\",\"@graph\":[{\"@type\":\"WebPage\",\"@id\":\"https:\/\/www.teka.com\/es-es\/producto\/mastersense-air-afc-87628-mst_112500053\/\",\"url\":\"https:\/\/www.teka.com\/es-es\/producto\/mastersense-air-afc-87628-mst_112500053\/\",\"name\":\"MasterSense Air Placa con Extractor integrado con Paellera | Teka Espa\u00f1a\",\"isPartOf\":{\"@id\":\"https:\/\/www.teka.com\/es-es\/#website\"},\"datePublished\":\"2026-04-07T20:56:21+00:00\",\"description\":\"2 en 1. Placa de inducci\u00f3n con extractor integrado, control t\u00e1ctil, zona de cocinado flexible y zona XL Paellera de 28cm \u00b7 8 funciones directas para cocinar.\",\"inLanguage\":\"es\",\"potentialAction\":[{\"@type\":\"ReadAction\",\"target\":[\"https:\/\/www.teka.com\/es-es\/producto\/mastersense-air-afc-87628-mst_112500053\/\"]}]},{\"@type\":\"WebSite\",\"@id\":\"https:\/\/www.teka.com\/es-es\/#website\",\"url\":\"https:\/\/www.teka.com\/es-es\/\",\"name\":\"Teka Espa\u00f1a\",\"description\":\"\",\"publisher\":{\"@id\":\"https:\/\/www.teka.com\/es-es\/#organization\"},\"potentialAction\":[{\"@type\":\"SearchAction\",\"target\":{\"@type\":\"EntryPoint\",\"urlTemplate\":\"https:\/\/www.teka.com\/es-es\/?s={search_term_string}\"},\"query-input\":{\"@type\":\"PropertyValueSpecification\",\"valueRequired\":true,\"valueName\":\"search_term_string\"}}],\"inLanguage\":\"es\"},{\"@type\":\"Organization\",\"@id\":\"https:\/\/www.teka.com\/es-es\/#organization\",\"name\":\"Teka Espa\u00f1a\",\"url\":\"https:\/\/www.teka.com\/es-es\/\",\"logo\":{\"@type\":\"ImageObject\",\"inLanguage\":\"es\",\"@id\":\"https:\/\/www.teka.com\/es-es\/#\/schema\/logo\/image\/\",\"url\":\"https:\/\/www.teka.com\/es-es\/wp-content\/uploads\/sites\/2\/2020\/08\/teka-new-logo.png\",\"contentUrl\":\"https:\/\/www.teka.com\/es-es\/wp-content\/uploads\/sites\/2\/2020\/08\/teka-new-logo.png\",\"width\":1024,\"height\":1024,\"caption\":\"Teka Espa\u00f1a\"},\"image\":{\"@id\":\"https:\/\/www.teka.com\/es-es\/#\/schema\/logo\/image\/\"}}]}<\/script>\n<!-- \/ Yoast SEO plugin. -->","yoast_head_json":{"title":"MasterSense Air Placa con Extractor integrado con Paellera | Teka Espa\u00f1a","description":"2 en 1. Placa de inducci\u00f3n con extractor integrado, control t\u00e1ctil, zona de cocinado flexible y zona XL Paellera de 28cm \u00b7 8 funciones directas para cocinar.","robots":{"index":"index","follow":"follow","max-snippet":"max-snippet:-1","max-image-preview":"max-image-preview:large","max-video-preview":"max-video-preview:-1"},"canonical":"https:\/\/www.teka.com\/es-es\/producto\/mastersense-air-afc-87628-mst_112500053\/","og_locale":"es_ES","og_type":"article","og_title":"MasterSense Air Placa con Extractor integrado con Paellera | Teka Espa\u00f1a","og_description":"2 en 1. Placa de inducci\u00f3n con extractor integrado, control t\u00e1ctil, zona de cocinado flexible y zona XL Paellera de 28cm \u00b7 8 funciones directas para cocinar.","og_url":"https:\/\/www.teka.com\/es-es\/producto\/mastersense-air-afc-87628-mst_112500053\/","og_site_name":"Teka Espa\u00f1a","twitter_card":"summary_large_image","twitter_misc":{"Tiempo de lectura":"1 minuto"},"schema":{"@context":"https:\/\/schema.org","@graph":[{"@type":"WebPage","@id":"https:\/\/www.teka.com\/es-es\/producto\/mastersense-air-afc-87628-mst_112500053\/","url":"https:\/\/www.teka.com\/es-es\/producto\/mastersense-air-afc-87628-mst_112500053\/","name":"MasterSense Air Placa con Extractor integrado con Paellera | Teka Espa\u00f1a","isPartOf":{"@id":"https:\/\/www.teka.com\/es-es\/#website"},"datePublished":"2026-04-07T20:56:21+00:00","description":"2 en 1. Placa de inducci\u00f3n con extractor integrado, control t\u00e1ctil, zona de cocinado flexible y zona XL Paellera de 28cm \u00b7 8 funciones directas para cocinar.","inLanguage":"es","potentialAction":[{"@type":"ReadAction","target":["https:\/\/www.teka.com\/es-es\/producto\/mastersense-air-afc-87628-mst_112500053\/"]}]},{"@type":"WebSite","@id":"https:\/\/www.teka.com\/es-es\/#website","url":"https:\/\/www.teka.com\/es-es\/","name":"Teka Espa\u00f1a","description":"","publisher":{"@id":"https:\/\/www.teka.com\/es-es\/#organization"},"potentialAction":[{"@type":"SearchAction","target":{"@type":"EntryPoint","urlTemplate":"https:\/\/www.teka.com\/es-es\/?s={search_term_string}"},"query-input":{"@type":"PropertyValueSpecification","valueRequired":true,"valueName":"search_term_string"}}],"inLanguage":"es"},{"@type":"Organization","@id":"https:\/\/www.teka.com\/es-es\/#organization","name":"Teka Espa\u00f1a","url":"https:\/\/www.teka.com\/es-es\/","logo":{"@type":"ImageObject","inLanguage":"es","@id":"https:\/\/www.teka.com\/es-es\/#\/schema\/logo\/image\/","url":"https:\/\/www.teka.com\/es-es\/wp-content\/uploads\/sites\/2\/2020\/08\/teka-new-logo.png","contentUrl":"https:\/\/www.teka.com\/es-es\/wp-content\/uploads\/sites\/2\/2020\/08\/teka-new-logo.png","width":1024,"height":1024,"caption":"Teka Espa\u00f1a"},"image":{"@id":"https:\/\/www.teka.com\/es-es\/#\/schema\/logo\/image\/"}}]}},"_links":{"self":[{"href":"https:\/\/www.teka.com\/es-es\/wp-json\/wp\/v2\/product\/129453","targetHints":{"allow":["GET"]}}],"collection":[{"href":"https:\/\/www.teka.com\/es-es\/wp-json\/wp\/v2\/product"}],"about":[{"href":"https:\/\/www.teka.com\/es-es\/wp-json\/wp\/v2\/types\/product"}],"wp:attachment":[{"href":"https:\/\/www.teka.com\/es-es\/wp-json\/wp\/v2\/media?parent=129453"}],"wp:term":[{"taxonomy":"product_cat","embeddable":true,"href":"https:\/\/www.teka.com\/es-es\/wp-json\/wp\/v2\/product_cat?post=129453"},{"taxonomy":"product_cleaning_system","embeddable":true,"href":"https:\/\/www.teka.com\/es-es\/wp-json\/wp\/v2\/product_cleaning_system?post=129453"},{"taxonomy":"product_edition","embeddable":true,"href":"https:\/\/www.teka.com\/es-es\/wp-json\/wp\/v2\/product_edition?post=129453"},{"taxonomy":"product_serie","embeddable":true,"href":"https:\/\/www.teka.com\/es-es\/wp-json\/wp\/v2\/product_serie?post=129453"},{"taxonomy":"product_features","embeddable":true,"href":"https:\/\/www.teka.com\/es-es\/wp-json\/wp\/v2\/product_features?post=129453"},{"taxonomy":"finishes","embeddable":true,"href":"https:\/\/www.teka.com\/es-es\/wp-json\/wp\/v2\/finishes?post=129453"},{"taxonomy":"product_3rd_basket","embeddable":true,"href":"https:\/\/www.teka.com\/es-es\/wp-json\/wp\/v2\/product_3rd_basket?post=129453"},{"taxonomy":"product_drawers","embeddable":true,"href":"https:\/\/www.teka.com\/es-es\/wp-json\/wp\/v2\/product_drawers?post=129453"},{"taxonomy":"product_type_of_installation","embeddable":true,"href":"https:\/\/www.teka.com\/es-es\/wp-json\/wp\/v2\/product_type_of_installation?post=129453"},{"taxonomy":"product_bundles","embeddable":true,"href":"https:\/\/www.teka.com\/es-es\/wp-json\/wp\/v2\/product_bundles?post=129453"},{"taxonomy":"product_energy_efficiency","embeddable":true,"href":"https:\/\/www.teka.com\/es-es\/wp-json\/wp\/v2\/product_energy_efficiency?post=129453"},{"taxonomy":"product_video_training","embeddable":true,"href":"https:\/\/www.teka.com\/es-es\/wp-json\/wp\/v2\/product_video_training?post=129453"}],"curies":[{"name":"wp","href":"https:\/\/api.w.org\/{rel}","templated":true}]}}