{"id":130865,"date":"2026-04-08T13:00:22","date_gmt":"2026-04-08T13:00:22","guid":{"rendered":"https:\/\/teka.com\/es-es\/delantal-rojo-nino_111890028"},"modified":"2026-04-08T10:27:59","modified_gmt":"2026-04-08T11:27:59","slug":"delantal-rojo-nino_111890028","status":"publish","type":"product","link":"https:\/\/www.teka.com\/es-es\/producto\/delantal-rojo-nino_111890028\/","title":{"rendered":"Delantal infantil"},"content":{"rendered":"<ul>\n<li>Delantal de ni\u00f1o ajustable en el cuello<\/li>\n<li>Es impermeable, resistente a todo tipo de manchas<\/li>\n<li>Material combinado de algod\u00f3n y poli\u00e9ster<\/li>\n<\/ul>\n","protected":false},"featured_media":0,"parent":0,"template":"","product_cat":[65710],"product_cleaning_system":[],"product_edition":[],"product_serie":[],"product_features":[],"finishes":[],"product_3rd_basket":[],"product_drawers":[],"product_type_of_installation":[],"product_bundles":[],"product_energy_efficiency":[],"product_video_training":[],"class_list":["post-130865","product","type-product","status-publish","hentry","product_cat-complementos","usp-delantalnino-01","color-rojo"],"acf":[],"yoast_head":"<!-- This site is optimized with the Yoast SEO plugin v27.2 - https:\/\/yoast.com\/product\/yoast-seo-wordpress\/ -->\n<title>Delantal de Cocina Rojo para Ni\u00f1o | Teka Espa\u00f1a<\/title>\n<meta name=\"description\" content=\"Mandil de cocina de color rojo tama\u00f1o infantil. Cuello ajustable. Delantal de cocina para ni\u00f1os f\u00e1cil de limpiar. Cocina sin mancharte con tus hijos con este mandil de cocina. Descubre m\u00e1s en Teka Espa\u00f1a.\" \/>\n<meta name=\"robots\" content=\"index, follow, max-snippet:-1, max-image-preview:large, max-video-preview:-1\" \/>\n<link rel=\"canonical\" href=\"https:\/\/www.teka.com\/es-es\/producto\/delantal-rojo-nino_111890028\/\" \/>\n<meta property=\"og:locale\" content=\"es_ES\" \/>\n<meta property=\"og:type\" content=\"article\" \/>\n<meta property=\"og:title\" content=\"Delantal de Cocina Rojo para Ni\u00f1o | Teka Espa\u00f1a\" \/>\n<meta property=\"og:description\" content=\"Mandil de cocina de color rojo tama\u00f1o infantil. Cuello ajustable. Delantal de cocina para ni\u00f1os f\u00e1cil de limpiar. Cocina sin mancharte con tus hijos con este mandil de cocina. Descubre m\u00e1s en Teka Espa\u00f1a.\" \/>\n<meta property=\"og:url\" content=\"https:\/\/www.teka.com\/es-es\/producto\/delantal-rojo-nino_111890028\/\" \/>\n<meta property=\"og:site_name\" content=\"Teka Espa\u00f1a\" \/>\n<meta name=\"twitter:card\" content=\"summary_large_image\" \/>\n<script type=\"application\/ld+json\" class=\"yoast-schema-graph\">{\"@context\":\"https:\/\/schema.org\",\"@graph\":[{\"@type\":\"WebPage\",\"@id\":\"https:\/\/www.teka.com\/es-es\/producto\/delantal-rojo-nino_111890028\/\",\"url\":\"https:\/\/www.teka.com\/es-es\/producto\/delantal-rojo-nino_111890028\/\",\"name\":\"Delantal de Cocina Rojo para Ni\u00f1o | Teka Espa\u00f1a\",\"isPartOf\":{\"@id\":\"https:\/\/www.teka.com\/es-es\/#website\"},\"datePublished\":\"2026-04-08T13:00:22+00:00\",\"description\":\"Mandil de cocina de color rojo tama\u00f1o infantil. Cuello ajustable. Delantal de cocina para ni\u00f1os f\u00e1cil de limpiar. Cocina sin mancharte con tus hijos con este mandil de cocina. Descubre m\u00e1s en Teka Espa\u00f1a.\",\"inLanguage\":\"es\",\"potentialAction\":[{\"@type\":\"ReadAction\",\"target\":[\"https:\/\/www.teka.com\/es-es\/producto\/delantal-rojo-nino_111890028\/\"]}]},{\"@type\":\"WebSite\",\"@id\":\"https:\/\/www.teka.com\/es-es\/#website\",\"url\":\"https:\/\/www.teka.com\/es-es\/\",\"name\":\"Teka Espa\u00f1a\",\"description\":\"\",\"publisher\":{\"@id\":\"https:\/\/www.teka.com\/es-es\/#organization\"},\"potentialAction\":[{\"@type\":\"SearchAction\",\"target\":{\"@type\":\"EntryPoint\",\"urlTemplate\":\"https:\/\/www.teka.com\/es-es\/?s={search_term_string}\"},\"query-input\":{\"@type\":\"PropertyValueSpecification\",\"valueRequired\":true,\"valueName\":\"search_term_string\"}}],\"inLanguage\":\"es\"},{\"@type\":\"Organization\",\"@id\":\"https:\/\/www.teka.com\/es-es\/#organization\",\"name\":\"Teka Espa\u00f1a\",\"url\":\"https:\/\/www.teka.com\/es-es\/\",\"logo\":{\"@type\":\"ImageObject\",\"inLanguage\":\"es\",\"@id\":\"https:\/\/www.teka.com\/es-es\/#\/schema\/logo\/image\/\",\"url\":\"https:\/\/www.teka.com\/es-es\/wp-content\/uploads\/sites\/2\/2020\/08\/teka-new-logo.png\",\"contentUrl\":\"https:\/\/www.teka.com\/es-es\/wp-content\/uploads\/sites\/2\/2020\/08\/teka-new-logo.png\",\"width\":1024,\"height\":1024,\"caption\":\"Teka Espa\u00f1a\"},\"image\":{\"@id\":\"https:\/\/www.teka.com\/es-es\/#\/schema\/logo\/image\/\"}}]}<\/script>\n<!-- \/ Yoast SEO plugin. -->","yoast_head_json":{"title":"Delantal de Cocina Rojo para Ni\u00f1o | Teka Espa\u00f1a","description":"Mandil de cocina de color rojo tama\u00f1o infantil. Cuello ajustable. Delantal de cocina para ni\u00f1os f\u00e1cil de limpiar. Cocina sin mancharte con tus hijos con este mandil de cocina. Descubre m\u00e1s en Teka Espa\u00f1a.","robots":{"index":"index","follow":"follow","max-snippet":"max-snippet:-1","max-image-preview":"max-image-preview:large","max-video-preview":"max-video-preview:-1"},"canonical":"https:\/\/www.teka.com\/es-es\/producto\/delantal-rojo-nino_111890028\/","og_locale":"es_ES","og_type":"article","og_title":"Delantal de Cocina Rojo para Ni\u00f1o | Teka Espa\u00f1a","og_description":"Mandil de cocina de color rojo tama\u00f1o infantil. Cuello ajustable. Delantal de cocina para ni\u00f1os f\u00e1cil de limpiar. Cocina sin mancharte con tus hijos con este mandil de cocina. Descubre m\u00e1s en Teka Espa\u00f1a.","og_url":"https:\/\/www.teka.com\/es-es\/producto\/delantal-rojo-nino_111890028\/","og_site_name":"Teka Espa\u00f1a","twitter_card":"summary_large_image","schema":{"@context":"https:\/\/schema.org","@graph":[{"@type":"WebPage","@id":"https:\/\/www.teka.com\/es-es\/producto\/delantal-rojo-nino_111890028\/","url":"https:\/\/www.teka.com\/es-es\/producto\/delantal-rojo-nino_111890028\/","name":"Delantal de Cocina Rojo para Ni\u00f1o | Teka Espa\u00f1a","isPartOf":{"@id":"https:\/\/www.teka.com\/es-es\/#website"},"datePublished":"2026-04-08T13:00:22+00:00","description":"Mandil de cocina de color rojo tama\u00f1o infantil. Cuello ajustable. Delantal de cocina para ni\u00f1os f\u00e1cil de limpiar. Cocina sin mancharte con tus hijos con este mandil de cocina. Descubre m\u00e1s en Teka Espa\u00f1a.","inLanguage":"es","potentialAction":[{"@type":"ReadAction","target":["https:\/\/www.teka.com\/es-es\/producto\/delantal-rojo-nino_111890028\/"]}]},{"@type":"WebSite","@id":"https:\/\/www.teka.com\/es-es\/#website","url":"https:\/\/www.teka.com\/es-es\/","name":"Teka Espa\u00f1a","description":"","publisher":{"@id":"https:\/\/www.teka.com\/es-es\/#organization"},"potentialAction":[{"@type":"SearchAction","target":{"@type":"EntryPoint","urlTemplate":"https:\/\/www.teka.com\/es-es\/?s={search_term_string}"},"query-input":{"@type":"PropertyValueSpecification","valueRequired":true,"valueName":"search_term_string"}}],"inLanguage":"es"},{"@type":"Organization","@id":"https:\/\/www.teka.com\/es-es\/#organization","name":"Teka Espa\u00f1a","url":"https:\/\/www.teka.com\/es-es\/","logo":{"@type":"ImageObject","inLanguage":"es","@id":"https:\/\/www.teka.com\/es-es\/#\/schema\/logo\/image\/","url":"https:\/\/www.teka.com\/es-es\/wp-content\/uploads\/sites\/2\/2020\/08\/teka-new-logo.png","contentUrl":"https:\/\/www.teka.com\/es-es\/wp-content\/uploads\/sites\/2\/2020\/08\/teka-new-logo.png","width":1024,"height":1024,"caption":"Teka Espa\u00f1a"},"image":{"@id":"https:\/\/www.teka.com\/es-es\/#\/schema\/logo\/image\/"}}]}},"_links":{"self":[{"href":"https:\/\/www.teka.com\/es-es\/wp-json\/wp\/v2\/product\/130865","targetHints":{"allow":["GET"]}}],"collection":[{"href":"https:\/\/www.teka.com\/es-es\/wp-json\/wp\/v2\/product"}],"about":[{"href":"https:\/\/www.teka.com\/es-es\/wp-json\/wp\/v2\/types\/product"}],"wp:attachment":[{"href":"https:\/\/www.teka.com\/es-es\/wp-json\/wp\/v2\/media?parent=130865"}],"wp:term":[{"taxonomy":"product_cat","embeddable":true,"href":"https:\/\/www.teka.com\/es-es\/wp-json\/wp\/v2\/product_cat?post=130865"},{"taxonomy":"product_cleaning_system","embeddable":true,"href":"https:\/\/www.teka.com\/es-es\/wp-json\/wp\/v2\/product_cleaning_system?post=130865"},{"taxonomy":"product_edition","embeddable":true,"href":"https:\/\/www.teka.com\/es-es\/wp-json\/wp\/v2\/product_edition?post=130865"},{"taxonomy":"product_serie","embeddable":true,"href":"https:\/\/www.teka.com\/es-es\/wp-json\/wp\/v2\/product_serie?post=130865"},{"taxonomy":"product_features","embeddable":true,"href":"https:\/\/www.teka.com\/es-es\/wp-json\/wp\/v2\/product_features?post=130865"},{"taxonomy":"finishes","embeddable":true,"href":"https:\/\/www.teka.com\/es-es\/wp-json\/wp\/v2\/finishes?post=130865"},{"taxonomy":"product_3rd_basket","embeddable":true,"href":"https:\/\/www.teka.com\/es-es\/wp-json\/wp\/v2\/product_3rd_basket?post=130865"},{"taxonomy":"product_drawers","embeddable":true,"href":"https:\/\/www.teka.com\/es-es\/wp-json\/wp\/v2\/product_drawers?post=130865"},{"taxonomy":"product_type_of_installation","embeddable":true,"href":"https:\/\/www.teka.com\/es-es\/wp-json\/wp\/v2\/product_type_of_installation?post=130865"},{"taxonomy":"product_bundles","embeddable":true,"href":"https:\/\/www.teka.com\/es-es\/wp-json\/wp\/v2\/product_bundles?post=130865"},{"taxonomy":"product_energy_efficiency","embeddable":true,"href":"https:\/\/www.teka.com\/es-es\/wp-json\/wp\/v2\/product_energy_efficiency?post=130865"},{"taxonomy":"product_video_training","embeddable":true,"href":"https:\/\/www.teka.com\/es-es\/wp-json\/wp\/v2\/product_video_training?post=130865"}],"curies":[{"name":"wp","href":"https:\/\/api.w.org\/{rel}","templated":true}]}}