{"id":131498,"date":"2026-04-26T10:17:46","date_gmt":"2026-04-26T10:17:46","guid":{"rendered":"https:\/\/teka.com\/es-es\/hlb-8550-sg-steamgourmet_111200001"},"modified":"2026-03-14T08:22:52","modified_gmt":"2026-03-14T09:22:52","slug":"hlb-8550-sg-steamgourmet_111200001","status":"publish","type":"product","link":"https:\/\/www.teka.com\/es-es\/producto\/hlb-8550-sg-steamgourmet_111200001\/","title":{"rendered":"SteamGourmet HLB 8550 SC"},"content":{"rendered":"<ul>\n<li>12 funciones de cocinado<\/li>\n<li>Sistema autom\u00e1tico SteamCleanPRO<\/li>\n<li>Pantalla de control t\u00e1ctil con mandos<\/li>\n<li>Soportes cromados con 5 niveles de cocci\u00f3n<\/li>\n<li>Bandeja perforada especial vapor<\/li>\n<\/ul>\n","protected":false},"featured_media":0,"parent":0,"template":"","product_cat":[90963],"product_cleaning_system":[3162],"product_edition":[],"product_serie":[],"product_features":[],"finishes":[],"product_3rd_basket":[],"product_drawers":[],"product_type_of_installation":[91853],"product_bundles":[],"product_energy_efficiency":[91559],"product_video_training":[91623,91627,91633,91647,91866],"class_list":["post-131498","product","type-product","status-publish","hentry","product_cat-hornos","usp-ovens-06","usp-ovens-10","usp-ovens-13","usp-compacts-08","usp-renewableenergy-01","usp-steamgourmet-01","usp-steamgourmet-02","usp-steamgourmet-03","usp-steamgourmet-00","usp-steamgourmet-04","color-cristal-negro","product_type_of_appliance-multifuncion","product_type_of_appliance-vapor","product_icons-hydroclean","product_icons-surroundtemp","product_icons-softclose","product_icons-70l","product_icons-plus-extension-telescopic-guide","product_cleaning_system-hydroclean","product_type_of_installation-encastrable","product_energy_efficiency-a-plus-icon","product_video_training-trainingovens-01","product_video_training-trainingovens-02","product_video_training-trainingovens-05","product_video_training-trainingovens-12","product_video_training-trainingovens-22"],"acf":[],"yoast_head":"<!-- This site is optimized with the Yoast SEO plugin v27.2 - https:\/\/yoast.com\/product\/yoast-seo-wordpress\/ -->\n<title>Horno de Vapor SteamGourmet HLB 8550 SC | Teka Espa\u00f1a<\/title>\n<meta name=\"description\" content=\"Horno vapor de 60cm de Teka. Disfruta de todas las ventajas de la cocina al vapor con este horno multifunci\u00f3n. 12 fucniones de cocinado, incluida funci\u00f3n vapor. Limpieza f\u00e1cil HydroClean por vapor de agua.\" \/>\n<meta name=\"robots\" content=\"index, follow, max-snippet:-1, max-image-preview:large, max-video-preview:-1\" \/>\n<link rel=\"canonical\" href=\"https:\/\/www.teka.com\/es-es\/producto\/hlb-8550-sg-steamgourmet_111200001\/\" \/>\n<meta property=\"og:locale\" content=\"es_ES\" \/>\n<meta property=\"og:type\" content=\"article\" \/>\n<meta property=\"og:title\" content=\"Horno de Vapor SteamGourmet HLB 8550 SC | Teka Espa\u00f1a\" \/>\n<meta property=\"og:description\" content=\"Horno vapor de 60cm de Teka. Disfruta de todas las ventajas de la cocina al vapor con este horno multifunci\u00f3n. 12 fucniones de cocinado, incluida funci\u00f3n vapor. Limpieza f\u00e1cil HydroClean por vapor de agua.\" \/>\n<meta property=\"og:url\" content=\"https:\/\/www.teka.com\/es-es\/producto\/hlb-8550-sg-steamgourmet_111200001\/\" \/>\n<meta property=\"og:site_name\" content=\"Teka Espa\u00f1a\" \/>\n<meta name=\"twitter:card\" content=\"summary_large_image\" \/>\n<script type=\"application\/ld+json\" class=\"yoast-schema-graph\">{\"@context\":\"https:\/\/schema.org\",\"@graph\":[{\"@type\":\"WebPage\",\"@id\":\"https:\/\/www.teka.com\/es-es\/producto\/hlb-8550-sg-steamgourmet_111200001\/\",\"url\":\"https:\/\/www.teka.com\/es-es\/producto\/hlb-8550-sg-steamgourmet_111200001\/\",\"name\":\"Horno de Vapor SteamGourmet HLB 8550 SC | Teka Espa\u00f1a\",\"isPartOf\":{\"@id\":\"https:\/\/www.teka.com\/es-es\/#website\"},\"datePublished\":\"2026-04-26T10:17:46+00:00\",\"description\":\"Horno vapor de 60cm de Teka. Disfruta de todas las ventajas de la cocina al vapor con este horno multifunci\u00f3n. 12 fucniones de cocinado, incluida funci\u00f3n vapor. Limpieza f\u00e1cil HydroClean por vapor de agua.\",\"inLanguage\":\"es\",\"potentialAction\":[{\"@type\":\"ReadAction\",\"target\":[\"https:\/\/www.teka.com\/es-es\/producto\/hlb-8550-sg-steamgourmet_111200001\/\"]}]},{\"@type\":\"WebSite\",\"@id\":\"https:\/\/www.teka.com\/es-es\/#website\",\"url\":\"https:\/\/www.teka.com\/es-es\/\",\"name\":\"Teka Espa\u00f1a\",\"description\":\"\",\"publisher\":{\"@id\":\"https:\/\/www.teka.com\/es-es\/#organization\"},\"potentialAction\":[{\"@type\":\"SearchAction\",\"target\":{\"@type\":\"EntryPoint\",\"urlTemplate\":\"https:\/\/www.teka.com\/es-es\/?s={search_term_string}\"},\"query-input\":{\"@type\":\"PropertyValueSpecification\",\"valueRequired\":true,\"valueName\":\"search_term_string\"}}],\"inLanguage\":\"es\"},{\"@type\":\"Organization\",\"@id\":\"https:\/\/www.teka.com\/es-es\/#organization\",\"name\":\"Teka Espa\u00f1a\",\"url\":\"https:\/\/www.teka.com\/es-es\/\",\"logo\":{\"@type\":\"ImageObject\",\"inLanguage\":\"es\",\"@id\":\"https:\/\/www.teka.com\/es-es\/#\/schema\/logo\/image\/\",\"url\":\"https:\/\/www.teka.com\/es-es\/wp-content\/uploads\/sites\/2\/2020\/08\/teka-new-logo.png\",\"contentUrl\":\"https:\/\/www.teka.com\/es-es\/wp-content\/uploads\/sites\/2\/2020\/08\/teka-new-logo.png\",\"width\":1024,\"height\":1024,\"caption\":\"Teka Espa\u00f1a\"},\"image\":{\"@id\":\"https:\/\/www.teka.com\/es-es\/#\/schema\/logo\/image\/\"}}]}<\/script>\n<!-- \/ Yoast SEO plugin. -->","yoast_head_json":{"title":"Horno de Vapor SteamGourmet HLB 8550 SC | Teka Espa\u00f1a","description":"Horno vapor de 60cm de Teka. Disfruta de todas las ventajas de la cocina al vapor con este horno multifunci\u00f3n. 12 fucniones de cocinado, incluida funci\u00f3n vapor. Limpieza f\u00e1cil HydroClean por vapor de agua.","robots":{"index":"index","follow":"follow","max-snippet":"max-snippet:-1","max-image-preview":"max-image-preview:large","max-video-preview":"max-video-preview:-1"},"canonical":"https:\/\/www.teka.com\/es-es\/producto\/hlb-8550-sg-steamgourmet_111200001\/","og_locale":"es_ES","og_type":"article","og_title":"Horno de Vapor SteamGourmet HLB 8550 SC | Teka Espa\u00f1a","og_description":"Horno vapor de 60cm de Teka. Disfruta de todas las ventajas de la cocina al vapor con este horno multifunci\u00f3n. 12 fucniones de cocinado, incluida funci\u00f3n vapor. Limpieza f\u00e1cil HydroClean por vapor de agua.","og_url":"https:\/\/www.teka.com\/es-es\/producto\/hlb-8550-sg-steamgourmet_111200001\/","og_site_name":"Teka Espa\u00f1a","twitter_card":"summary_large_image","schema":{"@context":"https:\/\/schema.org","@graph":[{"@type":"WebPage","@id":"https:\/\/www.teka.com\/es-es\/producto\/hlb-8550-sg-steamgourmet_111200001\/","url":"https:\/\/www.teka.com\/es-es\/producto\/hlb-8550-sg-steamgourmet_111200001\/","name":"Horno de Vapor SteamGourmet HLB 8550 SC | Teka Espa\u00f1a","isPartOf":{"@id":"https:\/\/www.teka.com\/es-es\/#website"},"datePublished":"2026-04-26T10:17:46+00:00","description":"Horno vapor de 60cm de Teka. Disfruta de todas las ventajas de la cocina al vapor con este horno multifunci\u00f3n. 12 fucniones de cocinado, incluida funci\u00f3n vapor. Limpieza f\u00e1cil HydroClean por vapor de agua.","inLanguage":"es","potentialAction":[{"@type":"ReadAction","target":["https:\/\/www.teka.com\/es-es\/producto\/hlb-8550-sg-steamgourmet_111200001\/"]}]},{"@type":"WebSite","@id":"https:\/\/www.teka.com\/es-es\/#website","url":"https:\/\/www.teka.com\/es-es\/","name":"Teka Espa\u00f1a","description":"","publisher":{"@id":"https:\/\/www.teka.com\/es-es\/#organization"},"potentialAction":[{"@type":"SearchAction","target":{"@type":"EntryPoint","urlTemplate":"https:\/\/www.teka.com\/es-es\/?s={search_term_string}"},"query-input":{"@type":"PropertyValueSpecification","valueRequired":true,"valueName":"search_term_string"}}],"inLanguage":"es"},{"@type":"Organization","@id":"https:\/\/www.teka.com\/es-es\/#organization","name":"Teka Espa\u00f1a","url":"https:\/\/www.teka.com\/es-es\/","logo":{"@type":"ImageObject","inLanguage":"es","@id":"https:\/\/www.teka.com\/es-es\/#\/schema\/logo\/image\/","url":"https:\/\/www.teka.com\/es-es\/wp-content\/uploads\/sites\/2\/2020\/08\/teka-new-logo.png","contentUrl":"https:\/\/www.teka.com\/es-es\/wp-content\/uploads\/sites\/2\/2020\/08\/teka-new-logo.png","width":1024,"height":1024,"caption":"Teka Espa\u00f1a"},"image":{"@id":"https:\/\/www.teka.com\/es-es\/#\/schema\/logo\/image\/"}}]}},"_links":{"self":[{"href":"https:\/\/www.teka.com\/es-es\/wp-json\/wp\/v2\/product\/131498","targetHints":{"allow":["GET"]}}],"collection":[{"href":"https:\/\/www.teka.com\/es-es\/wp-json\/wp\/v2\/product"}],"about":[{"href":"https:\/\/www.teka.com\/es-es\/wp-json\/wp\/v2\/types\/product"}],"wp:attachment":[{"href":"https:\/\/www.teka.com\/es-es\/wp-json\/wp\/v2\/media?parent=131498"}],"wp:term":[{"taxonomy":"product_cat","embeddable":true,"href":"https:\/\/www.teka.com\/es-es\/wp-json\/wp\/v2\/product_cat?post=131498"},{"taxonomy":"product_cleaning_system","embeddable":true,"href":"https:\/\/www.teka.com\/es-es\/wp-json\/wp\/v2\/product_cleaning_system?post=131498"},{"taxonomy":"product_edition","embeddable":true,"href":"https:\/\/www.teka.com\/es-es\/wp-json\/wp\/v2\/product_edition?post=131498"},{"taxonomy":"product_serie","embeddable":true,"href":"https:\/\/www.teka.com\/es-es\/wp-json\/wp\/v2\/product_serie?post=131498"},{"taxonomy":"product_features","embeddable":true,"href":"https:\/\/www.teka.com\/es-es\/wp-json\/wp\/v2\/product_features?post=131498"},{"taxonomy":"finishes","embeddable":true,"href":"https:\/\/www.teka.com\/es-es\/wp-json\/wp\/v2\/finishes?post=131498"},{"taxonomy":"product_3rd_basket","embeddable":true,"href":"https:\/\/www.teka.com\/es-es\/wp-json\/wp\/v2\/product_3rd_basket?post=131498"},{"taxonomy":"product_drawers","embeddable":true,"href":"https:\/\/www.teka.com\/es-es\/wp-json\/wp\/v2\/product_drawers?post=131498"},{"taxonomy":"product_type_of_installation","embeddable":true,"href":"https:\/\/www.teka.com\/es-es\/wp-json\/wp\/v2\/product_type_of_installation?post=131498"},{"taxonomy":"product_bundles","embeddable":true,"href":"https:\/\/www.teka.com\/es-es\/wp-json\/wp\/v2\/product_bundles?post=131498"},{"taxonomy":"product_energy_efficiency","embeddable":true,"href":"https:\/\/www.teka.com\/es-es\/wp-json\/wp\/v2\/product_energy_efficiency?post=131498"},{"taxonomy":"product_video_training","embeddable":true,"href":"https:\/\/www.teka.com\/es-es\/wp-json\/wp\/v2\/product_video_training?post=131498"}],"curies":[{"name":"wp","href":"https:\/\/api.w.org\/{rel}","templated":true}]}}