{"id":132106,"date":"2026-05-14T18:04:35","date_gmt":"2026-05-14T18:04:35","guid":{"rendered":"https:\/\/teka.com\/es-es\/horno-pirolitico-multifuncion-con-funcion-especial-airfry-para-freir-de-la-forma-mas-saludable_111000074"},"modified":"2026-05-07T06:38:47","modified_gmt":"2026-05-07T07:38:47","slug":"horno-pirolitico-multifuncion-con-funcion-especial-airfry-para-freir-de-la-forma-mas-saludable_111000074","status":"publish","type":"product","link":"https:\/\/www.teka.com\/es-es\/producto\/horno-pirolitico-multifuncion-con-funcion-especial-airfry-para-freir-de-la-forma-mas-saludable_111000074\/","title":{"rendered":"AirFry HLB 8406 P BK"},"content":{"rendered":"<ul>\n<li>Funci\u00f3n especial AirFry, para resultados crujientes y saludables con la bandeja perforada FryMaster Box<\/li>\n<li>Sistema de limpieza DualClean: Autolimpieza Pirol\u00edtica (3 niveles) + Teka HydroClean\u00ae PRO autom\u00e1tico<\/li>\n<li>Multifunci\u00f3n SurroundTemp &#8211; 8 funciones de cocinado<\/li>\n<li>Touch Control con programaci\u00f3n de inicio y paro de cocci\u00f3n<\/li>\n<li>Soportes cromados con sistema de 1 gu\u00eda extra\u00edble Plus-Extension, cinco alturas de cocinado<\/li>\n<li>Puerta cuatro cristales, interior todo cristal<\/li>\n<\/ul>\n","protected":false},"featured_media":0,"parent":0,"template":"","product_cat":[90963],"product_cleaning_system":[2738,3162],"product_edition":[],"product_serie":[],"product_features":[],"finishes":[],"product_3rd_basket":[],"product_drawers":[],"product_type_of_installation":[],"product_bundles":[],"product_energy_efficiency":[91559],"product_video_training":[91623,91627,91633,91636,91647,91865,91866],"class_list":["post-132106","product","type-product","status-publish","hentry","product_cat-hornos","usp-airfry-05","usp-airfry-02","usp-airfry-03","usp-ovens-04","usp-ovens-05","usp-ovens-10","usp-ovens-13","usp-compacts-08","usp-renewableenergy-01","color-cristal-negro","product_type_of_appliance-multifuncion","product_icons-hydroclean","product_icons-surroundtemp","product_icons-70l","product_icons-pyrolysis","product_cleaning_system-pirolitico","product_cleaning_system-hydroclean","product_energy_efficiency-a-plus-icon","product_video_training-trainingovens-01","product_video_training-trainingovens-02","product_video_training-trainingovens-05","product_video_training-trainingovens-06","product_video_training-trainingovens-12","product_video_training-trainingovens-21","product_video_training-trainingovens-22"],"acf":[],"yoast_head":"<!-- This site is optimized with the Yoast SEO plugin v27.5 - https:\/\/yoast.com\/product\/yoast-seo-wordpress\/ -->\n<title>Horno de Cocina AirFry HLB 8406 P BK Black Glass | Teka<\/title>\n<meta name=\"robots\" content=\"index, follow, max-snippet:-1, max-image-preview:large, max-video-preview:-1\" \/>\n<link rel=\"canonical\" href=\"https:\/\/www.teka.com\/es-es\/producto\/horno-pirolitico-multifuncion-con-funcion-especial-airfry-para-freir-de-la-forma-mas-saludable_111000074\/\" \/>\n<meta property=\"og:locale\" content=\"es_ES\" \/>\n<meta property=\"og:type\" content=\"article\" \/>\n<meta property=\"og:title\" content=\"Horno de Cocina AirFry HLB 8406 P BK Black Glass | Teka\" \/>\n<meta property=\"og:description\" content=\"Funci\u00f3n especial AirFry, para resultados crujientes y saludables con la bandeja perforada FryMaster Box Sistema de limpieza DualClean: Autolimpieza Pirol\u00edtica (3 niveles) + Teka HydroClean\u00ae PRO autom\u00e1tico Multifunci\u00f3n SurroundTemp &#8211; 8 funciones de cocinado Touch Control con programaci\u00f3n de inicio y paro de cocci\u00f3n Soportes cromados con sistema de 1 gu\u00eda extra\u00edble Plus-Extension, cinco alturas [&hellip;]\" \/>\n<meta property=\"og:url\" content=\"https:\/\/www.teka.com\/es-es\/producto\/horno-pirolitico-multifuncion-con-funcion-especial-airfry-para-freir-de-la-forma-mas-saludable_111000074\/\" \/>\n<meta property=\"og:site_name\" content=\"Teka Espa\u00f1a\" \/>\n<meta name=\"twitter:card\" content=\"summary_large_image\" \/>\n<script type=\"application\/ld+json\" class=\"yoast-schema-graph\">{\"@context\":\"https:\\\/\\\/schema.org\",\"@graph\":[{\"@type\":\"WebPage\",\"@id\":\"https:\\\/\\\/www.teka.com\\\/es-es\\\/producto\\\/horno-pirolitico-multifuncion-con-funcion-especial-airfry-para-freir-de-la-forma-mas-saludable_111000074\\\/\",\"url\":\"https:\\\/\\\/www.teka.com\\\/es-es\\\/producto\\\/horno-pirolitico-multifuncion-con-funcion-especial-airfry-para-freir-de-la-forma-mas-saludable_111000074\\\/\",\"name\":\"Horno de Cocina AirFry HLB 8406 P BK Black Glass | Teka\",\"isPartOf\":{\"@id\":\"https:\\\/\\\/www.teka.com\\\/es-es\\\/#website\"},\"datePublished\":\"2026-05-14T18:04:35+00:00\",\"inLanguage\":\"es\",\"potentialAction\":[{\"@type\":\"ReadAction\",\"target\":[\"https:\\\/\\\/www.teka.com\\\/es-es\\\/producto\\\/horno-pirolitico-multifuncion-con-funcion-especial-airfry-para-freir-de-la-forma-mas-saludable_111000074\\\/\"]}]},{\"@type\":\"WebSite\",\"@id\":\"https:\\\/\\\/www.teka.com\\\/es-es\\\/#website\",\"url\":\"https:\\\/\\\/www.teka.com\\\/es-es\\\/\",\"name\":\"Teka Espa\u00f1a\",\"description\":\"\",\"publisher\":{\"@id\":\"https:\\\/\\\/www.teka.com\\\/es-es\\\/#organization\"},\"potentialAction\":[{\"@type\":\"SearchAction\",\"target\":{\"@type\":\"EntryPoint\",\"urlTemplate\":\"https:\\\/\\\/www.teka.com\\\/es-es\\\/?s={search_term_string}\"},\"query-input\":{\"@type\":\"PropertyValueSpecification\",\"valueRequired\":true,\"valueName\":\"search_term_string\"}}],\"inLanguage\":\"es\"},{\"@type\":\"Organization\",\"@id\":\"https:\\\/\\\/www.teka.com\\\/es-es\\\/#organization\",\"name\":\"Teka Espa\u00f1a\",\"url\":\"https:\\\/\\\/www.teka.com\\\/es-es\\\/\",\"logo\":{\"@type\":\"ImageObject\",\"inLanguage\":\"es\",\"@id\":\"https:\\\/\\\/www.teka.com\\\/es-es\\\/#\\\/schema\\\/logo\\\/image\\\/\",\"url\":\"https:\\\/\\\/www.teka.com\\\/es-es\\\/wp-content\\\/uploads\\\/sites\\\/2\\\/2020\\\/08\\\/teka-new-logo.png\",\"contentUrl\":\"https:\\\/\\\/www.teka.com\\\/es-es\\\/wp-content\\\/uploads\\\/sites\\\/2\\\/2020\\\/08\\\/teka-new-logo.png\",\"width\":1024,\"height\":1024,\"caption\":\"Teka Espa\u00f1a\"},\"image\":{\"@id\":\"https:\\\/\\\/www.teka.com\\\/es-es\\\/#\\\/schema\\\/logo\\\/image\\\/\"}}]}<\/script>\n<!-- \/ Yoast SEO plugin. -->","yoast_head_json":{"title":"Horno de Cocina AirFry HLB 8406 P BK Black Glass | Teka","robots":{"index":"index","follow":"follow","max-snippet":"max-snippet:-1","max-image-preview":"max-image-preview:large","max-video-preview":"max-video-preview:-1"},"canonical":"https:\/\/www.teka.com\/es-es\/producto\/horno-pirolitico-multifuncion-con-funcion-especial-airfry-para-freir-de-la-forma-mas-saludable_111000074\/","og_locale":"es_ES","og_type":"article","og_title":"Horno de Cocina AirFry HLB 8406 P BK Black Glass | Teka","og_description":"Funci\u00f3n especial AirFry, para resultados crujientes y saludables con la bandeja perforada FryMaster Box Sistema de limpieza DualClean: Autolimpieza Pirol\u00edtica (3 niveles) + Teka HydroClean\u00ae PRO autom\u00e1tico Multifunci\u00f3n SurroundTemp &#8211; 8 funciones de cocinado Touch Control con programaci\u00f3n de inicio y paro de cocci\u00f3n Soportes cromados con sistema de 1 gu\u00eda extra\u00edble Plus-Extension, cinco alturas [&hellip;]","og_url":"https:\/\/www.teka.com\/es-es\/producto\/horno-pirolitico-multifuncion-con-funcion-especial-airfry-para-freir-de-la-forma-mas-saludable_111000074\/","og_site_name":"Teka Espa\u00f1a","twitter_card":"summary_large_image","schema":{"@context":"https:\/\/schema.org","@graph":[{"@type":"WebPage","@id":"https:\/\/www.teka.com\/es-es\/producto\/horno-pirolitico-multifuncion-con-funcion-especial-airfry-para-freir-de-la-forma-mas-saludable_111000074\/","url":"https:\/\/www.teka.com\/es-es\/producto\/horno-pirolitico-multifuncion-con-funcion-especial-airfry-para-freir-de-la-forma-mas-saludable_111000074\/","name":"Horno de Cocina AirFry HLB 8406 P BK Black Glass | Teka","isPartOf":{"@id":"https:\/\/www.teka.com\/es-es\/#website"},"datePublished":"2026-05-14T18:04:35+00:00","inLanguage":"es","potentialAction":[{"@type":"ReadAction","target":["https:\/\/www.teka.com\/es-es\/producto\/horno-pirolitico-multifuncion-con-funcion-especial-airfry-para-freir-de-la-forma-mas-saludable_111000074\/"]}]},{"@type":"WebSite","@id":"https:\/\/www.teka.com\/es-es\/#website","url":"https:\/\/www.teka.com\/es-es\/","name":"Teka Espa\u00f1a","description":"","publisher":{"@id":"https:\/\/www.teka.com\/es-es\/#organization"},"potentialAction":[{"@type":"SearchAction","target":{"@type":"EntryPoint","urlTemplate":"https:\/\/www.teka.com\/es-es\/?s={search_term_string}"},"query-input":{"@type":"PropertyValueSpecification","valueRequired":true,"valueName":"search_term_string"}}],"inLanguage":"es"},{"@type":"Organization","@id":"https:\/\/www.teka.com\/es-es\/#organization","name":"Teka Espa\u00f1a","url":"https:\/\/www.teka.com\/es-es\/","logo":{"@type":"ImageObject","inLanguage":"es","@id":"https:\/\/www.teka.com\/es-es\/#\/schema\/logo\/image\/","url":"https:\/\/www.teka.com\/es-es\/wp-content\/uploads\/sites\/2\/2020\/08\/teka-new-logo.png","contentUrl":"https:\/\/www.teka.com\/es-es\/wp-content\/uploads\/sites\/2\/2020\/08\/teka-new-logo.png","width":1024,"height":1024,"caption":"Teka Espa\u00f1a"},"image":{"@id":"https:\/\/www.teka.com\/es-es\/#\/schema\/logo\/image\/"}}]}},"_links":{"self":[{"href":"https:\/\/www.teka.com\/es-es\/wp-json\/wp\/v2\/product\/132106","targetHints":{"allow":["GET"]}}],"collection":[{"href":"https:\/\/www.teka.com\/es-es\/wp-json\/wp\/v2\/product"}],"about":[{"href":"https:\/\/www.teka.com\/es-es\/wp-json\/wp\/v2\/types\/product"}],"wp:attachment":[{"href":"https:\/\/www.teka.com\/es-es\/wp-json\/wp\/v2\/media?parent=132106"}],"wp:term":[{"taxonomy":"product_cat","embeddable":true,"href":"https:\/\/www.teka.com\/es-es\/wp-json\/wp\/v2\/product_cat?post=132106"},{"taxonomy":"product_cleaning_system","embeddable":true,"href":"https:\/\/www.teka.com\/es-es\/wp-json\/wp\/v2\/product_cleaning_system?post=132106"},{"taxonomy":"product_edition","embeddable":true,"href":"https:\/\/www.teka.com\/es-es\/wp-json\/wp\/v2\/product_edition?post=132106"},{"taxonomy":"product_serie","embeddable":true,"href":"https:\/\/www.teka.com\/es-es\/wp-json\/wp\/v2\/product_serie?post=132106"},{"taxonomy":"product_features","embeddable":true,"href":"https:\/\/www.teka.com\/es-es\/wp-json\/wp\/v2\/product_features?post=132106"},{"taxonomy":"finishes","embeddable":true,"href":"https:\/\/www.teka.com\/es-es\/wp-json\/wp\/v2\/finishes?post=132106"},{"taxonomy":"product_3rd_basket","embeddable":true,"href":"https:\/\/www.teka.com\/es-es\/wp-json\/wp\/v2\/product_3rd_basket?post=132106"},{"taxonomy":"product_drawers","embeddable":true,"href":"https:\/\/www.teka.com\/es-es\/wp-json\/wp\/v2\/product_drawers?post=132106"},{"taxonomy":"product_type_of_installation","embeddable":true,"href":"https:\/\/www.teka.com\/es-es\/wp-json\/wp\/v2\/product_type_of_installation?post=132106"},{"taxonomy":"product_bundles","embeddable":true,"href":"https:\/\/www.teka.com\/es-es\/wp-json\/wp\/v2\/product_bundles?post=132106"},{"taxonomy":"product_energy_efficiency","embeddable":true,"href":"https:\/\/www.teka.com\/es-es\/wp-json\/wp\/v2\/product_energy_efficiency?post=132106"},{"taxonomy":"product_video_training","embeddable":true,"href":"https:\/\/www.teka.com\/es-es\/wp-json\/wp\/v2\/product_video_training?post=132106"}],"curies":[{"name":"wp","href":"https:\/\/api.w.org\/{rel}","templated":true}]}}