{"id":140395,"date":"2026-04-27T06:33:51","date_gmt":"2026-04-27T06:33:51","guid":{"rendered":"https:\/\/teka.com\/en-int\/integra-gfi-67350-eos-ss_113110002"},"modified":"2026-04-24T09:49:39","modified_gmt":"2026-04-24T10:49:39","slug":"integra-gfi-67350-eos-ss_113110002","status":"publish","type":"product","link":"https:\/\/www.teka.com\/es-es\/producto\/integra-gfi-67350-eos-ss_113110002\/","title":{"rendered":"INTEGRA GFI 67350 EOS IX"},"content":{"rendered":"<ul>\n<li>Campana integrada<\/li>\n<li>Control electr\u00f3nico<\/li>\n<li>3 velocidadess + 1 intensiva<\/li>\n<li>Visera frontal fija slim<\/li>\n<li>Cuerpo compacto<\/li>\n<\/ul>\n","protected":false},"featured_media":0,"parent":0,"template":"","product_cat":[90961],"product_cleaning_system":[],"product_edition":[],"product_serie":[],"product_features":[],"finishes":[],"product_3rd_basket":[],"product_drawers":[],"product_type_of_installation":[],"product_bundles":[],"product_energy_efficiency":[91559],"product_video_training":[91867],"class_list":["post-140395","product","type-product","status-publish","hentry","product_cat-campanas","usp-integra-01","usp-integra-02","usp-integra-03","usp-integra-06","color-cristal-negro-inox","product_type_of_appliance-integradas","product_ambient-neo-series-02","product_icons-led","product_energy_efficiency-a-plus-icon","product_video_training-traininghoods-09"],"acf":[],"yoast_head":"<!-- This site is optimized with the Yoast SEO plugin v27.5 - https:\/\/yoast.com\/product\/yoast-seo-wordpress\/ -->\n<title>Campana extratora integrada INTEGRA GFI 67350 EOS IX  | Teka<\/title>\n<meta name=\"description\" content=\"Descubre la campana extractora integrada Teka INTEGRA GFI 67350 EOS IX: dise\u00f1o integrado, 3 velocidades, luz LED, eficiencia A+ y f\u00e1cil instalaci\u00f3n.\" \/>\n<meta name=\"robots\" content=\"index, follow, max-snippet:-1, max-image-preview:large, max-video-preview:-1\" \/>\n<link rel=\"canonical\" href=\"https:\/\/www.teka.com\/es-es\/producto\/integra-gfi-67350-eos-ss_113110002\/\" \/>\n<meta property=\"og:locale\" content=\"es_ES\" \/>\n<meta property=\"og:type\" content=\"article\" \/>\n<meta property=\"og:title\" content=\"Campana extratora integrada INTEGRA GFI 67350 EOS IX  | Teka\" \/>\n<meta property=\"og:description\" content=\"Descubre la campana extractora integrada Teka INTEGRA GFI 67350 EOS IX: dise\u00f1o integrado, 3 velocidades, luz LED, eficiencia A+ y f\u00e1cil instalaci\u00f3n.\" \/>\n<meta property=\"og:url\" content=\"https:\/\/www.teka.com\/es-es\/producto\/integra-gfi-67350-eos-ss_113110002\/\" \/>\n<meta property=\"og:site_name\" content=\"Teka Espa\u00f1a\" \/>\n<meta name=\"twitter:card\" content=\"summary_large_image\" \/>\n<script type=\"application\/ld+json\" class=\"yoast-schema-graph\">{\"@context\":\"https:\\\/\\\/schema.org\",\"@graph\":[{\"@type\":\"WebPage\",\"@id\":\"https:\\\/\\\/www.teka.com\\\/es-es\\\/producto\\\/integra-gfi-67350-eos-ss_113110002\\\/\",\"url\":\"https:\\\/\\\/www.teka.com\\\/es-es\\\/producto\\\/integra-gfi-67350-eos-ss_113110002\\\/\",\"name\":\"Campana extratora integrada INTEGRA GFI 67350 EOS IX | Teka\",\"isPartOf\":{\"@id\":\"https:\\\/\\\/www.teka.com\\\/es-es\\\/#website\"},\"datePublished\":\"2026-04-27T06:33:51+00:00\",\"description\":\"Descubre la campana extractora integrada Teka INTEGRA GFI 67350 EOS IX: dise\u00f1o integrado, 3 velocidades, luz LED, eficiencia A+ y f\u00e1cil instalaci\u00f3n.\",\"inLanguage\":\"es\",\"potentialAction\":[{\"@type\":\"ReadAction\",\"target\":[\"https:\\\/\\\/www.teka.com\\\/es-es\\\/producto\\\/integra-gfi-67350-eos-ss_113110002\\\/\"]}]},{\"@type\":\"WebSite\",\"@id\":\"https:\\\/\\\/www.teka.com\\\/es-es\\\/#website\",\"url\":\"https:\\\/\\\/www.teka.com\\\/es-es\\\/\",\"name\":\"Teka Espa\u00f1a\",\"description\":\"\",\"publisher\":{\"@id\":\"https:\\\/\\\/www.teka.com\\\/es-es\\\/#organization\"},\"potentialAction\":[{\"@type\":\"SearchAction\",\"target\":{\"@type\":\"EntryPoint\",\"urlTemplate\":\"https:\\\/\\\/www.teka.com\\\/es-es\\\/?s={search_term_string}\"},\"query-input\":{\"@type\":\"PropertyValueSpecification\",\"valueRequired\":true,\"valueName\":\"search_term_string\"}}],\"inLanguage\":\"es\"},{\"@type\":\"Organization\",\"@id\":\"https:\\\/\\\/www.teka.com\\\/es-es\\\/#organization\",\"name\":\"Teka Espa\u00f1a\",\"url\":\"https:\\\/\\\/www.teka.com\\\/es-es\\\/\",\"logo\":{\"@type\":\"ImageObject\",\"inLanguage\":\"es\",\"@id\":\"https:\\\/\\\/www.teka.com\\\/es-es\\\/#\\\/schema\\\/logo\\\/image\\\/\",\"url\":\"https:\\\/\\\/www.teka.com\\\/es-es\\\/wp-content\\\/uploads\\\/sites\\\/2\\\/2020\\\/08\\\/teka-new-logo.png\",\"contentUrl\":\"https:\\\/\\\/www.teka.com\\\/es-es\\\/wp-content\\\/uploads\\\/sites\\\/2\\\/2020\\\/08\\\/teka-new-logo.png\",\"width\":1024,\"height\":1024,\"caption\":\"Teka Espa\u00f1a\"},\"image\":{\"@id\":\"https:\\\/\\\/www.teka.com\\\/es-es\\\/#\\\/schema\\\/logo\\\/image\\\/\"}}]}<\/script>\n<!-- \/ Yoast SEO plugin. -->","yoast_head_json":{"title":"Campana extratora integrada INTEGRA GFI 67350 EOS IX  | Teka","description":"Descubre la campana extractora integrada Teka INTEGRA GFI 67350 EOS IX: dise\u00f1o integrado, 3 velocidades, luz LED, eficiencia A+ y f\u00e1cil instalaci\u00f3n.","robots":{"index":"index","follow":"follow","max-snippet":"max-snippet:-1","max-image-preview":"max-image-preview:large","max-video-preview":"max-video-preview:-1"},"canonical":"https:\/\/www.teka.com\/es-es\/producto\/integra-gfi-67350-eos-ss_113110002\/","og_locale":"es_ES","og_type":"article","og_title":"Campana extratora integrada INTEGRA GFI 67350 EOS IX  | Teka","og_description":"Descubre la campana extractora integrada Teka INTEGRA GFI 67350 EOS IX: dise\u00f1o integrado, 3 velocidades, luz LED, eficiencia A+ y f\u00e1cil instalaci\u00f3n.","og_url":"https:\/\/www.teka.com\/es-es\/producto\/integra-gfi-67350-eos-ss_113110002\/","og_site_name":"Teka Espa\u00f1a","twitter_card":"summary_large_image","schema":{"@context":"https:\/\/schema.org","@graph":[{"@type":"WebPage","@id":"https:\/\/www.teka.com\/es-es\/producto\/integra-gfi-67350-eos-ss_113110002\/","url":"https:\/\/www.teka.com\/es-es\/producto\/integra-gfi-67350-eos-ss_113110002\/","name":"Campana extratora integrada INTEGRA GFI 67350 EOS IX | Teka","isPartOf":{"@id":"https:\/\/www.teka.com\/es-es\/#website"},"datePublished":"2026-04-27T06:33:51+00:00","description":"Descubre la campana extractora integrada Teka INTEGRA GFI 67350 EOS IX: dise\u00f1o integrado, 3 velocidades, luz LED, eficiencia A+ y f\u00e1cil instalaci\u00f3n.","inLanguage":"es","potentialAction":[{"@type":"ReadAction","target":["https:\/\/www.teka.com\/es-es\/producto\/integra-gfi-67350-eos-ss_113110002\/"]}]},{"@type":"WebSite","@id":"https:\/\/www.teka.com\/es-es\/#website","url":"https:\/\/www.teka.com\/es-es\/","name":"Teka Espa\u00f1a","description":"","publisher":{"@id":"https:\/\/www.teka.com\/es-es\/#organization"},"potentialAction":[{"@type":"SearchAction","target":{"@type":"EntryPoint","urlTemplate":"https:\/\/www.teka.com\/es-es\/?s={search_term_string}"},"query-input":{"@type":"PropertyValueSpecification","valueRequired":true,"valueName":"search_term_string"}}],"inLanguage":"es"},{"@type":"Organization","@id":"https:\/\/www.teka.com\/es-es\/#organization","name":"Teka Espa\u00f1a","url":"https:\/\/www.teka.com\/es-es\/","logo":{"@type":"ImageObject","inLanguage":"es","@id":"https:\/\/www.teka.com\/es-es\/#\/schema\/logo\/image\/","url":"https:\/\/www.teka.com\/es-es\/wp-content\/uploads\/sites\/2\/2020\/08\/teka-new-logo.png","contentUrl":"https:\/\/www.teka.com\/es-es\/wp-content\/uploads\/sites\/2\/2020\/08\/teka-new-logo.png","width":1024,"height":1024,"caption":"Teka Espa\u00f1a"},"image":{"@id":"https:\/\/www.teka.com\/es-es\/#\/schema\/logo\/image\/"}}]}},"_links":{"self":[{"href":"https:\/\/www.teka.com\/es-es\/wp-json\/wp\/v2\/product\/140395","targetHints":{"allow":["GET"]}}],"collection":[{"href":"https:\/\/www.teka.com\/es-es\/wp-json\/wp\/v2\/product"}],"about":[{"href":"https:\/\/www.teka.com\/es-es\/wp-json\/wp\/v2\/types\/product"}],"wp:attachment":[{"href":"https:\/\/www.teka.com\/es-es\/wp-json\/wp\/v2\/media?parent=140395"}],"wp:term":[{"taxonomy":"product_cat","embeddable":true,"href":"https:\/\/www.teka.com\/es-es\/wp-json\/wp\/v2\/product_cat?post=140395"},{"taxonomy":"product_cleaning_system","embeddable":true,"href":"https:\/\/www.teka.com\/es-es\/wp-json\/wp\/v2\/product_cleaning_system?post=140395"},{"taxonomy":"product_edition","embeddable":true,"href":"https:\/\/www.teka.com\/es-es\/wp-json\/wp\/v2\/product_edition?post=140395"},{"taxonomy":"product_serie","embeddable":true,"href":"https:\/\/www.teka.com\/es-es\/wp-json\/wp\/v2\/product_serie?post=140395"},{"taxonomy":"product_features","embeddable":true,"href":"https:\/\/www.teka.com\/es-es\/wp-json\/wp\/v2\/product_features?post=140395"},{"taxonomy":"finishes","embeddable":true,"href":"https:\/\/www.teka.com\/es-es\/wp-json\/wp\/v2\/finishes?post=140395"},{"taxonomy":"product_3rd_basket","embeddable":true,"href":"https:\/\/www.teka.com\/es-es\/wp-json\/wp\/v2\/product_3rd_basket?post=140395"},{"taxonomy":"product_drawers","embeddable":true,"href":"https:\/\/www.teka.com\/es-es\/wp-json\/wp\/v2\/product_drawers?post=140395"},{"taxonomy":"product_type_of_installation","embeddable":true,"href":"https:\/\/www.teka.com\/es-es\/wp-json\/wp\/v2\/product_type_of_installation?post=140395"},{"taxonomy":"product_bundles","embeddable":true,"href":"https:\/\/www.teka.com\/es-es\/wp-json\/wp\/v2\/product_bundles?post=140395"},{"taxonomy":"product_energy_efficiency","embeddable":true,"href":"https:\/\/www.teka.com\/es-es\/wp-json\/wp\/v2\/product_energy_efficiency?post=140395"},{"taxonomy":"product_video_training","embeddable":true,"href":"https:\/\/www.teka.com\/es-es\/wp-json\/wp\/v2\/product_video_training?post=140395"}],"curies":[{"name":"wp","href":"https:\/\/api.w.org\/{rel}","templated":true}]}}