{"id":140410,"date":"2026-04-08T05:20:19","date_gmt":"2026-04-08T05:20:19","guid":{"rendered":"https:\/\/teka.com\/es-es\/uni-9310_116030071"},"modified":"2026-04-08T03:11:39","modified_gmt":"2026-04-08T04:11:39","slug":"uni-9310_116030071","status":"publish","type":"product","link":"https:\/\/www.teka.com\/es-es\/producto\/uni-9310_116030071\/","title":{"rendered":"UNI 9310"},"content":{"rendered":"<ul>\n<li>Monomando fregadero de ca\u00f1o alto<\/li>\n<li>Fabricado en acero inoxidable de alta calidad (AISI 304)<\/li>\n<li>Ca\u00f1o giratorio 360\u00ba<\/li>\n<li>Aireador Eco anti-calc\u00e1reo con limitador de caudal 5 l\/min<\/li>\n<li>Cartucho Eco (C3) de apertura en fr\u00edo<\/li>\n<\/ul>\n","protected":false},"featured_media":0,"parent":0,"template":"","product_cat":[90960],"product_cleaning_system":[],"product_edition":[],"product_serie":[],"product_features":[],"finishes":[],"product_3rd_basket":[],"product_drawers":[],"product_type_of_installation":[86455],"product_bundles":[],"product_energy_efficiency":[],"product_video_training":[],"class_list":["post-140410","product","type-product","status-publish","hentry","product_cat-griferia-de-cocina","color-negro","product_type_of_appliance-cano-alto","product_icons-anti-scale_aerator","product_icons-pull_out_shower","product_icons-easy_quick","product_icons-eco","product_icons-inox","product_icons-resistance","product_icons-swivel_spout","product_type_of_installation-libre-instalacion"],"acf":[],"yoast_head":"<!-- This site is optimized with the Yoast SEO plugin v27.2 - https:\/\/yoast.com\/product\/yoast-seo-wordpress\/ -->\n<title>Grifer\u00eda de cocina UNI 9310 | Teka<\/title>\n<meta name=\"robots\" content=\"index, follow, max-snippet:-1, max-image-preview:large, max-video-preview:-1\" \/>\n<link rel=\"canonical\" href=\"https:\/\/www.teka.com\/es-es\/producto\/uni-9310_116030071\/\" \/>\n<meta property=\"og:locale\" content=\"es_ES\" \/>\n<meta property=\"og:type\" content=\"article\" \/>\n<meta property=\"og:title\" content=\"Grifer\u00eda de cocina UNI 9310 | Teka\" \/>\n<meta property=\"og:description\" content=\"Monomando fregadero de ca\u00f1o alto Fabricado en acero inoxidable de alta calidad (AISI 304) Ca\u00f1o giratorio 360\u00ba Aireador Eco anti-calc\u00e1reo con limitador de caudal 5 l\/min Cartucho Eco (C3) de apertura en fr\u00edo\" \/>\n<meta property=\"og:url\" content=\"https:\/\/www.teka.com\/es-es\/producto\/uni-9310_116030071\/\" \/>\n<meta property=\"og:site_name\" content=\"Teka Espa\u00f1a\" \/>\n<meta name=\"twitter:card\" content=\"summary_large_image\" \/>\n<script type=\"application\/ld+json\" class=\"yoast-schema-graph\">{\"@context\":\"https:\/\/schema.org\",\"@graph\":[{\"@type\":\"WebPage\",\"@id\":\"https:\/\/www.teka.com\/es-es\/producto\/uni-9310_116030071\/\",\"url\":\"https:\/\/www.teka.com\/es-es\/producto\/uni-9310_116030071\/\",\"name\":\"Grifer\u00eda de cocina UNI 9310 | Teka\",\"isPartOf\":{\"@id\":\"https:\/\/www.teka.com\/es-es\/#website\"},\"datePublished\":\"2026-04-08T05:20:19+00:00\",\"inLanguage\":\"es\",\"potentialAction\":[{\"@type\":\"ReadAction\",\"target\":[\"https:\/\/www.teka.com\/es-es\/producto\/uni-9310_116030071\/\"]}]},{\"@type\":\"WebSite\",\"@id\":\"https:\/\/www.teka.com\/es-es\/#website\",\"url\":\"https:\/\/www.teka.com\/es-es\/\",\"name\":\"Teka Espa\u00f1a\",\"description\":\"\",\"publisher\":{\"@id\":\"https:\/\/www.teka.com\/es-es\/#organization\"},\"potentialAction\":[{\"@type\":\"SearchAction\",\"target\":{\"@type\":\"EntryPoint\",\"urlTemplate\":\"https:\/\/www.teka.com\/es-es\/?s={search_term_string}\"},\"query-input\":{\"@type\":\"PropertyValueSpecification\",\"valueRequired\":true,\"valueName\":\"search_term_string\"}}],\"inLanguage\":\"es\"},{\"@type\":\"Organization\",\"@id\":\"https:\/\/www.teka.com\/es-es\/#organization\",\"name\":\"Teka Espa\u00f1a\",\"url\":\"https:\/\/www.teka.com\/es-es\/\",\"logo\":{\"@type\":\"ImageObject\",\"inLanguage\":\"es\",\"@id\":\"https:\/\/www.teka.com\/es-es\/#\/schema\/logo\/image\/\",\"url\":\"https:\/\/www.teka.com\/es-es\/wp-content\/uploads\/sites\/2\/2020\/08\/teka-new-logo.png\",\"contentUrl\":\"https:\/\/www.teka.com\/es-es\/wp-content\/uploads\/sites\/2\/2020\/08\/teka-new-logo.png\",\"width\":1024,\"height\":1024,\"caption\":\"Teka Espa\u00f1a\"},\"image\":{\"@id\":\"https:\/\/www.teka.com\/es-es\/#\/schema\/logo\/image\/\"}}]}<\/script>\n<!-- \/ Yoast SEO plugin. -->","yoast_head_json":{"title":"Grifer\u00eda de cocina UNI 9310 | Teka","robots":{"index":"index","follow":"follow","max-snippet":"max-snippet:-1","max-image-preview":"max-image-preview:large","max-video-preview":"max-video-preview:-1"},"canonical":"https:\/\/www.teka.com\/es-es\/producto\/uni-9310_116030071\/","og_locale":"es_ES","og_type":"article","og_title":"Grifer\u00eda de cocina UNI 9310 | Teka","og_description":"Monomando fregadero de ca\u00f1o alto Fabricado en acero inoxidable de alta calidad (AISI 304) Ca\u00f1o giratorio 360\u00ba Aireador Eco anti-calc\u00e1reo con limitador de caudal 5 l\/min Cartucho Eco (C3) de apertura en fr\u00edo","og_url":"https:\/\/www.teka.com\/es-es\/producto\/uni-9310_116030071\/","og_site_name":"Teka Espa\u00f1a","twitter_card":"summary_large_image","schema":{"@context":"https:\/\/schema.org","@graph":[{"@type":"WebPage","@id":"https:\/\/www.teka.com\/es-es\/producto\/uni-9310_116030071\/","url":"https:\/\/www.teka.com\/es-es\/producto\/uni-9310_116030071\/","name":"Grifer\u00eda de cocina UNI 9310 | Teka","isPartOf":{"@id":"https:\/\/www.teka.com\/es-es\/#website"},"datePublished":"2026-04-08T05:20:19+00:00","inLanguage":"es","potentialAction":[{"@type":"ReadAction","target":["https:\/\/www.teka.com\/es-es\/producto\/uni-9310_116030071\/"]}]},{"@type":"WebSite","@id":"https:\/\/www.teka.com\/es-es\/#website","url":"https:\/\/www.teka.com\/es-es\/","name":"Teka Espa\u00f1a","description":"","publisher":{"@id":"https:\/\/www.teka.com\/es-es\/#organization"},"potentialAction":[{"@type":"SearchAction","target":{"@type":"EntryPoint","urlTemplate":"https:\/\/www.teka.com\/es-es\/?s={search_term_string}"},"query-input":{"@type":"PropertyValueSpecification","valueRequired":true,"valueName":"search_term_string"}}],"inLanguage":"es"},{"@type":"Organization","@id":"https:\/\/www.teka.com\/es-es\/#organization","name":"Teka Espa\u00f1a","url":"https:\/\/www.teka.com\/es-es\/","logo":{"@type":"ImageObject","inLanguage":"es","@id":"https:\/\/www.teka.com\/es-es\/#\/schema\/logo\/image\/","url":"https:\/\/www.teka.com\/es-es\/wp-content\/uploads\/sites\/2\/2020\/08\/teka-new-logo.png","contentUrl":"https:\/\/www.teka.com\/es-es\/wp-content\/uploads\/sites\/2\/2020\/08\/teka-new-logo.png","width":1024,"height":1024,"caption":"Teka Espa\u00f1a"},"image":{"@id":"https:\/\/www.teka.com\/es-es\/#\/schema\/logo\/image\/"}}]}},"_links":{"self":[{"href":"https:\/\/www.teka.com\/es-es\/wp-json\/wp\/v2\/product\/140410","targetHints":{"allow":["GET"]}}],"collection":[{"href":"https:\/\/www.teka.com\/es-es\/wp-json\/wp\/v2\/product"}],"about":[{"href":"https:\/\/www.teka.com\/es-es\/wp-json\/wp\/v2\/types\/product"}],"wp:attachment":[{"href":"https:\/\/www.teka.com\/es-es\/wp-json\/wp\/v2\/media?parent=140410"}],"wp:term":[{"taxonomy":"product_cat","embeddable":true,"href":"https:\/\/www.teka.com\/es-es\/wp-json\/wp\/v2\/product_cat?post=140410"},{"taxonomy":"product_cleaning_system","embeddable":true,"href":"https:\/\/www.teka.com\/es-es\/wp-json\/wp\/v2\/product_cleaning_system?post=140410"},{"taxonomy":"product_edition","embeddable":true,"href":"https:\/\/www.teka.com\/es-es\/wp-json\/wp\/v2\/product_edition?post=140410"},{"taxonomy":"product_serie","embeddable":true,"href":"https:\/\/www.teka.com\/es-es\/wp-json\/wp\/v2\/product_serie?post=140410"},{"taxonomy":"product_features","embeddable":true,"href":"https:\/\/www.teka.com\/es-es\/wp-json\/wp\/v2\/product_features?post=140410"},{"taxonomy":"finishes","embeddable":true,"href":"https:\/\/www.teka.com\/es-es\/wp-json\/wp\/v2\/finishes?post=140410"},{"taxonomy":"product_3rd_basket","embeddable":true,"href":"https:\/\/www.teka.com\/es-es\/wp-json\/wp\/v2\/product_3rd_basket?post=140410"},{"taxonomy":"product_drawers","embeddable":true,"href":"https:\/\/www.teka.com\/es-es\/wp-json\/wp\/v2\/product_drawers?post=140410"},{"taxonomy":"product_type_of_installation","embeddable":true,"href":"https:\/\/www.teka.com\/es-es\/wp-json\/wp\/v2\/product_type_of_installation?post=140410"},{"taxonomy":"product_bundles","embeddable":true,"href":"https:\/\/www.teka.com\/es-es\/wp-json\/wp\/v2\/product_bundles?post=140410"},{"taxonomy":"product_energy_efficiency","embeddable":true,"href":"https:\/\/www.teka.com\/es-es\/wp-json\/wp\/v2\/product_energy_efficiency?post=140410"},{"taxonomy":"product_video_training","embeddable":true,"href":"https:\/\/www.teka.com\/es-es\/wp-json\/wp\/v2\/product_video_training?post=140410"}],"curies":[{"name":"wp","href":"https:\/\/api.w.org\/{rel}","templated":true}]}}