{"id":142476,"date":"2026-04-23T23:43:11","date_gmt":"2026-04-23T23:43:11","guid":{"rendered":"https:\/\/teka.com\/es-es\/neo-hbb-5350_111020080"},"modified":"2026-04-21T09:02:44","modified_gmt":"2026-04-21T10:02:44","slug":"neo-hbb-5350_111020080","status":"publish","type":"product","link":"https:\/\/www.teka.com\/es-es\/producto\/neo-hbb-5350_111020080\/","title":{"rendered":"NEO HBB 5350 SS"},"content":{"rendered":"<ul>\n<li>Nuevo dise\u00f1o moderno e intuitivo<\/li>\n<li>Sistema ThermoSeal que mantiene el calor en el interior<\/li>\n<li>Esmalte BrightClean ultrarresistente<\/li>\n<li>Tirador ergon\u00f3mico y elegante<\/li>\n<\/ul>\n","protected":false},"featured_media":0,"parent":0,"template":"","product_cat":[90963],"product_cleaning_system":[3162],"product_edition":[],"product_serie":[],"product_features":[],"finishes":[],"product_3rd_basket":[],"product_drawers":[],"product_type_of_installation":[],"product_bundles":[],"product_energy_efficiency":[91555],"product_video_training":[91623,91627,91633,91647,91866],"class_list":["post-142476","product","type-product","status-publish","hentry","product_cat-hornos","usp-neo-00-neo-series","usp-neo-05-brightclean-shield","usp-neo-06-thermoseal-system","usp-neo-11-fastclick-system","usp-neo-12-fingerproof-stainless-steel","color-acero-inoxidable","product_type_of_appliance-convencional","product_icons-hydroclean","product_icons-76l","product_cleaning_system-hydroclean","product_energy_efficiency-a-icon","product_video_training-trainingovens-01","product_video_training-trainingovens-02","product_video_training-trainingovens-05","product_video_training-trainingovens-12","product_video_training-trainingovens-22"],"acf":[],"yoast_head":"<!-- This site is optimized with the Yoast SEO plugin v27.2 - https:\/\/yoast.com\/product\/yoast-seo-wordpress\/ -->\n<title>Horno Convencional NEO HBB 5350 INOX | Teka Espa\u00f1a<\/title>\n<meta name=\"description\" content=\"Dale un nuevo aire a tu cocina con el horno convencional Teka NEO HBB 5350 INOX y cocina con m\u00e1s facilidad y estilo. Entra ya en nuestra web y con\u00f3celo.\" \/>\n<meta name=\"robots\" content=\"index, follow, max-snippet:-1, max-image-preview:large, max-video-preview:-1\" \/>\n<link rel=\"canonical\" href=\"https:\/\/www.teka.com\/es-es\/producto\/neo-hbb-5350_111020080\/\" \/>\n<meta property=\"og:locale\" content=\"es_ES\" \/>\n<meta property=\"og:type\" content=\"article\" \/>\n<meta property=\"og:title\" content=\"Horno Convencional NEO HBB 5350 INOX | Teka Espa\u00f1a\" \/>\n<meta property=\"og:description\" content=\"Dale un nuevo aire a tu cocina con el horno convencional Teka NEO HBB 5350 INOX y cocina con m\u00e1s facilidad y estilo. Entra ya en nuestra web y con\u00f3celo.\" \/>\n<meta property=\"og:url\" content=\"https:\/\/www.teka.com\/es-es\/producto\/neo-hbb-5350_111020080\/\" \/>\n<meta property=\"og:site_name\" content=\"Teka Espa\u00f1a\" \/>\n<meta name=\"twitter:card\" content=\"summary_large_image\" \/>\n<script type=\"application\/ld+json\" class=\"yoast-schema-graph\">{\"@context\":\"https:\/\/schema.org\",\"@graph\":[{\"@type\":\"WebPage\",\"@id\":\"https:\/\/www.teka.com\/es-es\/producto\/neo-hbb-5350_111020080\/\",\"url\":\"https:\/\/www.teka.com\/es-es\/producto\/neo-hbb-5350_111020080\/\",\"name\":\"Horno Convencional NEO HBB 5350 INOX | Teka Espa\u00f1a\",\"isPartOf\":{\"@id\":\"https:\/\/www.teka.com\/es-es\/#website\"},\"datePublished\":\"2026-04-23T23:43:11+00:00\",\"description\":\"Dale un nuevo aire a tu cocina con el horno convencional Teka NEO HBB 5350 INOX y cocina con m\u00e1s facilidad y estilo. Entra ya en nuestra web y con\u00f3celo.\",\"inLanguage\":\"es\",\"potentialAction\":[{\"@type\":\"ReadAction\",\"target\":[\"https:\/\/www.teka.com\/es-es\/producto\/neo-hbb-5350_111020080\/\"]}]},{\"@type\":\"WebSite\",\"@id\":\"https:\/\/www.teka.com\/es-es\/#website\",\"url\":\"https:\/\/www.teka.com\/es-es\/\",\"name\":\"Teka Espa\u00f1a\",\"description\":\"\",\"publisher\":{\"@id\":\"https:\/\/www.teka.com\/es-es\/#organization\"},\"potentialAction\":[{\"@type\":\"SearchAction\",\"target\":{\"@type\":\"EntryPoint\",\"urlTemplate\":\"https:\/\/www.teka.com\/es-es\/?s={search_term_string}\"},\"query-input\":{\"@type\":\"PropertyValueSpecification\",\"valueRequired\":true,\"valueName\":\"search_term_string\"}}],\"inLanguage\":\"es\"},{\"@type\":\"Organization\",\"@id\":\"https:\/\/www.teka.com\/es-es\/#organization\",\"name\":\"Teka Espa\u00f1a\",\"url\":\"https:\/\/www.teka.com\/es-es\/\",\"logo\":{\"@type\":\"ImageObject\",\"inLanguage\":\"es\",\"@id\":\"https:\/\/www.teka.com\/es-es\/#\/schema\/logo\/image\/\",\"url\":\"https:\/\/www.teka.com\/es-es\/wp-content\/uploads\/sites\/2\/2020\/08\/teka-new-logo.png\",\"contentUrl\":\"https:\/\/www.teka.com\/es-es\/wp-content\/uploads\/sites\/2\/2020\/08\/teka-new-logo.png\",\"width\":1024,\"height\":1024,\"caption\":\"Teka Espa\u00f1a\"},\"image\":{\"@id\":\"https:\/\/www.teka.com\/es-es\/#\/schema\/logo\/image\/\"}}]}<\/script>\n<!-- \/ Yoast SEO plugin. -->","yoast_head_json":{"title":"Horno Convencional NEO HBB 5350 INOX | Teka Espa\u00f1a","description":"Dale un nuevo aire a tu cocina con el horno convencional Teka NEO HBB 5350 INOX y cocina con m\u00e1s facilidad y estilo. Entra ya en nuestra web y con\u00f3celo.","robots":{"index":"index","follow":"follow","max-snippet":"max-snippet:-1","max-image-preview":"max-image-preview:large","max-video-preview":"max-video-preview:-1"},"canonical":"https:\/\/www.teka.com\/es-es\/producto\/neo-hbb-5350_111020080\/","og_locale":"es_ES","og_type":"article","og_title":"Horno Convencional NEO HBB 5350 INOX | Teka Espa\u00f1a","og_description":"Dale un nuevo aire a tu cocina con el horno convencional Teka NEO HBB 5350 INOX y cocina con m\u00e1s facilidad y estilo. Entra ya en nuestra web y con\u00f3celo.","og_url":"https:\/\/www.teka.com\/es-es\/producto\/neo-hbb-5350_111020080\/","og_site_name":"Teka Espa\u00f1a","twitter_card":"summary_large_image","schema":{"@context":"https:\/\/schema.org","@graph":[{"@type":"WebPage","@id":"https:\/\/www.teka.com\/es-es\/producto\/neo-hbb-5350_111020080\/","url":"https:\/\/www.teka.com\/es-es\/producto\/neo-hbb-5350_111020080\/","name":"Horno Convencional NEO HBB 5350 INOX | Teka Espa\u00f1a","isPartOf":{"@id":"https:\/\/www.teka.com\/es-es\/#website"},"datePublished":"2026-04-23T23:43:11+00:00","description":"Dale un nuevo aire a tu cocina con el horno convencional Teka NEO HBB 5350 INOX y cocina con m\u00e1s facilidad y estilo. Entra ya en nuestra web y con\u00f3celo.","inLanguage":"es","potentialAction":[{"@type":"ReadAction","target":["https:\/\/www.teka.com\/es-es\/producto\/neo-hbb-5350_111020080\/"]}]},{"@type":"WebSite","@id":"https:\/\/www.teka.com\/es-es\/#website","url":"https:\/\/www.teka.com\/es-es\/","name":"Teka Espa\u00f1a","description":"","publisher":{"@id":"https:\/\/www.teka.com\/es-es\/#organization"},"potentialAction":[{"@type":"SearchAction","target":{"@type":"EntryPoint","urlTemplate":"https:\/\/www.teka.com\/es-es\/?s={search_term_string}"},"query-input":{"@type":"PropertyValueSpecification","valueRequired":true,"valueName":"search_term_string"}}],"inLanguage":"es"},{"@type":"Organization","@id":"https:\/\/www.teka.com\/es-es\/#organization","name":"Teka Espa\u00f1a","url":"https:\/\/www.teka.com\/es-es\/","logo":{"@type":"ImageObject","inLanguage":"es","@id":"https:\/\/www.teka.com\/es-es\/#\/schema\/logo\/image\/","url":"https:\/\/www.teka.com\/es-es\/wp-content\/uploads\/sites\/2\/2020\/08\/teka-new-logo.png","contentUrl":"https:\/\/www.teka.com\/es-es\/wp-content\/uploads\/sites\/2\/2020\/08\/teka-new-logo.png","width":1024,"height":1024,"caption":"Teka Espa\u00f1a"},"image":{"@id":"https:\/\/www.teka.com\/es-es\/#\/schema\/logo\/image\/"}}]}},"_links":{"self":[{"href":"https:\/\/www.teka.com\/es-es\/wp-json\/wp\/v2\/product\/142476","targetHints":{"allow":["GET"]}}],"collection":[{"href":"https:\/\/www.teka.com\/es-es\/wp-json\/wp\/v2\/product"}],"about":[{"href":"https:\/\/www.teka.com\/es-es\/wp-json\/wp\/v2\/types\/product"}],"wp:attachment":[{"href":"https:\/\/www.teka.com\/es-es\/wp-json\/wp\/v2\/media?parent=142476"}],"wp:term":[{"taxonomy":"product_cat","embeddable":true,"href":"https:\/\/www.teka.com\/es-es\/wp-json\/wp\/v2\/product_cat?post=142476"},{"taxonomy":"product_cleaning_system","embeddable":true,"href":"https:\/\/www.teka.com\/es-es\/wp-json\/wp\/v2\/product_cleaning_system?post=142476"},{"taxonomy":"product_edition","embeddable":true,"href":"https:\/\/www.teka.com\/es-es\/wp-json\/wp\/v2\/product_edition?post=142476"},{"taxonomy":"product_serie","embeddable":true,"href":"https:\/\/www.teka.com\/es-es\/wp-json\/wp\/v2\/product_serie?post=142476"},{"taxonomy":"product_features","embeddable":true,"href":"https:\/\/www.teka.com\/es-es\/wp-json\/wp\/v2\/product_features?post=142476"},{"taxonomy":"finishes","embeddable":true,"href":"https:\/\/www.teka.com\/es-es\/wp-json\/wp\/v2\/finishes?post=142476"},{"taxonomy":"product_3rd_basket","embeddable":true,"href":"https:\/\/www.teka.com\/es-es\/wp-json\/wp\/v2\/product_3rd_basket?post=142476"},{"taxonomy":"product_drawers","embeddable":true,"href":"https:\/\/www.teka.com\/es-es\/wp-json\/wp\/v2\/product_drawers?post=142476"},{"taxonomy":"product_type_of_installation","embeddable":true,"href":"https:\/\/www.teka.com\/es-es\/wp-json\/wp\/v2\/product_type_of_installation?post=142476"},{"taxonomy":"product_bundles","embeddable":true,"href":"https:\/\/www.teka.com\/es-es\/wp-json\/wp\/v2\/product_bundles?post=142476"},{"taxonomy":"product_energy_efficiency","embeddable":true,"href":"https:\/\/www.teka.com\/es-es\/wp-json\/wp\/v2\/product_energy_efficiency?post=142476"},{"taxonomy":"product_video_training","embeddable":true,"href":"https:\/\/www.teka.com\/es-es\/wp-json\/wp\/v2\/product_video_training?post=142476"}],"curies":[{"name":"wp","href":"https:\/\/api.w.org\/{rel}","templated":true}]}}