{"id":143132,"date":"2026-04-22T16:01:24","date_gmt":"2026-04-22T16:01:24","guid":{"rendered":"https:\/\/teka.com\/en-int\/rbf-64660_113400035"},"modified":"2026-03-14T08:52:36","modified_gmt":"2026-03-14T09:52:36","slug":"rbf-64660_113400035","status":"publish","type":"product","link":"https:\/\/www.teka.com\/es-es\/producto\/rbf-64660_113400035\/","title":{"rendered":"RBF 64660 SS"},"content":{"rendered":"<ul>\n<li>Distribuci\u00f3n constante y uniforme del fr\u00edo con AirFlow Control<\/li>\n<li>DualTemp Control optimiza la temperatura del frigor\u00edfico y el congelador<\/li>\n<li>Enfriamiento r\u00e1pido y temperaturas estables con MetalCooling<\/li>\n<li>Ahorra hasta un 50% de energ\u00eda<\/li>\n<li>Convierte dos cajones del congelador en uno m\u00e1s grande con FlipBox<\/li>\n<li>Cajones Easy 90\u00ba para una total apertura<\/li>\n<li>Toque \u00fanico con la joya integrada del logotipo &quot;T&quot;<\/li>\n<\/ul>\n","protected":false},"featured_media":0,"parent":0,"template":"","product_cat":[91615],"product_cleaning_system":[],"product_edition":[],"product_serie":[],"product_features":[],"finishes":[],"product_3rd_basket":[],"product_drawers":[],"product_type_of_installation":[86455],"product_bundles":[],"product_energy_efficiency":[91038],"product_video_training":[],"class_list":["post-143132","product","type-product","status-publish","hentry","product_cat-frigorificos-y-congeladores","usp-cold-line-rbf-02","usp-cold-line-rbf-03","usp-cold-line-rbf-04","usp-cold-line-rbf-05","usp-cold-line-rbf-11","usp-cold-line-rbf-14","usp-cold-line-rbf-15","usp-cold-line-rbf-07","usp-cold-line-rbf-19","color-acero-inoxidable","product_type_of_appliance-frigorificos","product_icons-40l","product_icons-easy-90","product_icons-eco-function","product_icons-led","product_icons-motor-inverter","product_icons-on-holidays-function","product_type_of_installation-libre-instalacion","product_energy_efficiency-c-ue-icon-new"],"acf":[],"yoast_head":"<!-- This site is optimized with the Yoast SEO plugin v27.2 - https:\/\/yoast.com\/product\/yoast-seo-wordpress\/ -->\n<title>Frigor\u00edficos para Cocina, RBF 64660 SS | Teka<\/title>\n<meta name=\"robots\" content=\"index, follow, max-snippet:-1, max-image-preview:large, max-video-preview:-1\" \/>\n<link rel=\"canonical\" href=\"https:\/\/www.teka.com\/es-es\/producto\/rbf-64660_113400035\/\" \/>\n<meta property=\"og:locale\" content=\"es_ES\" \/>\n<meta property=\"og:type\" content=\"article\" \/>\n<meta property=\"og:title\" content=\"Frigor\u00edficos para Cocina, RBF 64660 SS | Teka\" \/>\n<meta property=\"og:description\" content=\"Distribuci\u00f3n constante y uniforme del fr\u00edo con AirFlow Control DualTemp Control optimiza la temperatura del frigor\u00edfico y el congelador Enfriamiento r\u00e1pido y temperaturas estables con MetalCooling Ahorra hasta un 50% de energ\u00eda Convierte dos cajones del congelador en uno m\u00e1s grande con FlipBox Cajones Easy 90\u00ba para una total apertura Toque \u00fanico con la joya [&hellip;]\" \/>\n<meta property=\"og:url\" content=\"https:\/\/www.teka.com\/es-es\/producto\/rbf-64660_113400035\/\" \/>\n<meta property=\"og:site_name\" content=\"Teka Espa\u00f1a\" \/>\n<meta name=\"twitter:card\" content=\"summary_large_image\" \/>\n<script type=\"application\/ld+json\" class=\"yoast-schema-graph\">{\"@context\":\"https:\/\/schema.org\",\"@graph\":[{\"@type\":\"WebPage\",\"@id\":\"https:\/\/www.teka.com\/es-es\/producto\/rbf-64660_113400035\/\",\"url\":\"https:\/\/www.teka.com\/es-es\/producto\/rbf-64660_113400035\/\",\"name\":\"Frigor\u00edficos para Cocina, RBF 64660 SS | Teka\",\"isPartOf\":{\"@id\":\"https:\/\/www.teka.com\/es-es\/#website\"},\"datePublished\":\"2026-04-22T16:01:24+00:00\",\"inLanguage\":\"es\",\"potentialAction\":[{\"@type\":\"ReadAction\",\"target\":[\"https:\/\/www.teka.com\/es-es\/producto\/rbf-64660_113400035\/\"]}]},{\"@type\":\"WebSite\",\"@id\":\"https:\/\/www.teka.com\/es-es\/#website\",\"url\":\"https:\/\/www.teka.com\/es-es\/\",\"name\":\"Teka Espa\u00f1a\",\"description\":\"\",\"publisher\":{\"@id\":\"https:\/\/www.teka.com\/es-es\/#organization\"},\"potentialAction\":[{\"@type\":\"SearchAction\",\"target\":{\"@type\":\"EntryPoint\",\"urlTemplate\":\"https:\/\/www.teka.com\/es-es\/?s={search_term_string}\"},\"query-input\":{\"@type\":\"PropertyValueSpecification\",\"valueRequired\":true,\"valueName\":\"search_term_string\"}}],\"inLanguage\":\"es\"},{\"@type\":\"Organization\",\"@id\":\"https:\/\/www.teka.com\/es-es\/#organization\",\"name\":\"Teka Espa\u00f1a\",\"url\":\"https:\/\/www.teka.com\/es-es\/\",\"logo\":{\"@type\":\"ImageObject\",\"inLanguage\":\"es\",\"@id\":\"https:\/\/www.teka.com\/es-es\/#\/schema\/logo\/image\/\",\"url\":\"https:\/\/www.teka.com\/es-es\/wp-content\/uploads\/sites\/2\/2020\/08\/teka-new-logo.png\",\"contentUrl\":\"https:\/\/www.teka.com\/es-es\/wp-content\/uploads\/sites\/2\/2020\/08\/teka-new-logo.png\",\"width\":1024,\"height\":1024,\"caption\":\"Teka Espa\u00f1a\"},\"image\":{\"@id\":\"https:\/\/www.teka.com\/es-es\/#\/schema\/logo\/image\/\"}}]}<\/script>\n<!-- \/ Yoast SEO plugin. -->","yoast_head_json":{"title":"Frigor\u00edficos para Cocina, RBF 64660 SS | Teka","robots":{"index":"index","follow":"follow","max-snippet":"max-snippet:-1","max-image-preview":"max-image-preview:large","max-video-preview":"max-video-preview:-1"},"canonical":"https:\/\/www.teka.com\/es-es\/producto\/rbf-64660_113400035\/","og_locale":"es_ES","og_type":"article","og_title":"Frigor\u00edficos para Cocina, RBF 64660 SS | Teka","og_description":"Distribuci\u00f3n constante y uniforme del fr\u00edo con AirFlow Control DualTemp Control optimiza la temperatura del frigor\u00edfico y el congelador Enfriamiento r\u00e1pido y temperaturas estables con MetalCooling Ahorra hasta un 50% de energ\u00eda Convierte dos cajones del congelador en uno m\u00e1s grande con FlipBox Cajones Easy 90\u00ba para una total apertura Toque \u00fanico con la joya [&hellip;]","og_url":"https:\/\/www.teka.com\/es-es\/producto\/rbf-64660_113400035\/","og_site_name":"Teka Espa\u00f1a","twitter_card":"summary_large_image","schema":{"@context":"https:\/\/schema.org","@graph":[{"@type":"WebPage","@id":"https:\/\/www.teka.com\/es-es\/producto\/rbf-64660_113400035\/","url":"https:\/\/www.teka.com\/es-es\/producto\/rbf-64660_113400035\/","name":"Frigor\u00edficos para Cocina, RBF 64660 SS | Teka","isPartOf":{"@id":"https:\/\/www.teka.com\/es-es\/#website"},"datePublished":"2026-04-22T16:01:24+00:00","inLanguage":"es","potentialAction":[{"@type":"ReadAction","target":["https:\/\/www.teka.com\/es-es\/producto\/rbf-64660_113400035\/"]}]},{"@type":"WebSite","@id":"https:\/\/www.teka.com\/es-es\/#website","url":"https:\/\/www.teka.com\/es-es\/","name":"Teka Espa\u00f1a","description":"","publisher":{"@id":"https:\/\/www.teka.com\/es-es\/#organization"},"potentialAction":[{"@type":"SearchAction","target":{"@type":"EntryPoint","urlTemplate":"https:\/\/www.teka.com\/es-es\/?s={search_term_string}"},"query-input":{"@type":"PropertyValueSpecification","valueRequired":true,"valueName":"search_term_string"}}],"inLanguage":"es"},{"@type":"Organization","@id":"https:\/\/www.teka.com\/es-es\/#organization","name":"Teka Espa\u00f1a","url":"https:\/\/www.teka.com\/es-es\/","logo":{"@type":"ImageObject","inLanguage":"es","@id":"https:\/\/www.teka.com\/es-es\/#\/schema\/logo\/image\/","url":"https:\/\/www.teka.com\/es-es\/wp-content\/uploads\/sites\/2\/2020\/08\/teka-new-logo.png","contentUrl":"https:\/\/www.teka.com\/es-es\/wp-content\/uploads\/sites\/2\/2020\/08\/teka-new-logo.png","width":1024,"height":1024,"caption":"Teka Espa\u00f1a"},"image":{"@id":"https:\/\/www.teka.com\/es-es\/#\/schema\/logo\/image\/"}}]}},"_links":{"self":[{"href":"https:\/\/www.teka.com\/es-es\/wp-json\/wp\/v2\/product\/143132","targetHints":{"allow":["GET"]}}],"collection":[{"href":"https:\/\/www.teka.com\/es-es\/wp-json\/wp\/v2\/product"}],"about":[{"href":"https:\/\/www.teka.com\/es-es\/wp-json\/wp\/v2\/types\/product"}],"wp:attachment":[{"href":"https:\/\/www.teka.com\/es-es\/wp-json\/wp\/v2\/media?parent=143132"}],"wp:term":[{"taxonomy":"product_cat","embeddable":true,"href":"https:\/\/www.teka.com\/es-es\/wp-json\/wp\/v2\/product_cat?post=143132"},{"taxonomy":"product_cleaning_system","embeddable":true,"href":"https:\/\/www.teka.com\/es-es\/wp-json\/wp\/v2\/product_cleaning_system?post=143132"},{"taxonomy":"product_edition","embeddable":true,"href":"https:\/\/www.teka.com\/es-es\/wp-json\/wp\/v2\/product_edition?post=143132"},{"taxonomy":"product_serie","embeddable":true,"href":"https:\/\/www.teka.com\/es-es\/wp-json\/wp\/v2\/product_serie?post=143132"},{"taxonomy":"product_features","embeddable":true,"href":"https:\/\/www.teka.com\/es-es\/wp-json\/wp\/v2\/product_features?post=143132"},{"taxonomy":"finishes","embeddable":true,"href":"https:\/\/www.teka.com\/es-es\/wp-json\/wp\/v2\/finishes?post=143132"},{"taxonomy":"product_3rd_basket","embeddable":true,"href":"https:\/\/www.teka.com\/es-es\/wp-json\/wp\/v2\/product_3rd_basket?post=143132"},{"taxonomy":"product_drawers","embeddable":true,"href":"https:\/\/www.teka.com\/es-es\/wp-json\/wp\/v2\/product_drawers?post=143132"},{"taxonomy":"product_type_of_installation","embeddable":true,"href":"https:\/\/www.teka.com\/es-es\/wp-json\/wp\/v2\/product_type_of_installation?post=143132"},{"taxonomy":"product_bundles","embeddable":true,"href":"https:\/\/www.teka.com\/es-es\/wp-json\/wp\/v2\/product_bundles?post=143132"},{"taxonomy":"product_energy_efficiency","embeddable":true,"href":"https:\/\/www.teka.com\/es-es\/wp-json\/wp\/v2\/product_energy_efficiency?post=143132"},{"taxonomy":"product_video_training","embeddable":true,"href":"https:\/\/www.teka.com\/es-es\/wp-json\/wp\/v2\/product_video_training?post=143132"}],"curies":[{"name":"wp","href":"https:\/\/api.w.org\/{rel}","templated":true}]}}