{"id":144933,"date":"2026-05-08T14:56:08","date_gmt":"2026-05-08T14:56:08","guid":{"rendered":"https:\/\/teka.com\/es-es\/rbf-84695-sln-ss_113400051"},"modified":"2026-05-07T07:14:11","modified_gmt":"2026-05-07T08:14:11","slug":"rbf-84695-sln-ss_113400051","status":"publish","type":"product","link":"https:\/\/www.teka.com\/es-es\/producto\/rbf-84695-sln-ss_113400051\/","title":{"rendered":"RBF 84695 SLN SS"},"content":{"rendered":"<ul>\n<li>Zero Installation facilita una instalaci\u00f3n inmediata sin esfuerzo<\/li>\n<li>La instalaci\u00f3n Slot-in garantiza una integraci\u00f3n perfecta y una apertura de puerta m\u00e1xima<\/li>\n<li>VitaCare Box mantiene frutas y verduras frescas y crujientes durante m\u00e1s tiempo<\/li>\n<li>Convierte dos cajones del congelador en uno m\u00e1s grande gracias a FlipBox<\/li>\n<li>Distribuci\u00f3n del fr\u00edo constante y uniforme con AirFlow Control<\/li>\n<li>Enfr\u00eda r\u00e1pidamente y a temperaturas estables con MetalCooling<\/li>\n<\/ul>\n","protected":false},"featured_media":0,"parent":0,"template":"","product_cat":[91615],"product_cleaning_system":[],"product_edition":[],"product_serie":[],"product_features":[],"finishes":[],"product_3rd_basket":[],"product_drawers":[],"product_type_of_installation":[92084],"product_bundles":[],"product_energy_efficiency":[],"product_video_training":[],"class_list":["post-144933","product","type-product","status-publish","hentry","product_cat-frigorificos-y-congeladores","usp-coldline-04","usp-cold-line-rbf-04","usp-cold-line-rbf-13","usp-cold-line-rbf-14","usp-cold-line-rbf-07","usp-ref-sln-01","usp-ref-sln-06","usp-ref-sln-08","color-acero-inoxidable","product_type_of_appliance-frigorificos","product_icons-led","product_icons-motor-inverter","product_icons-on-holidays-function","product_type_of_installation-slot-in"],"acf":[],"yoast_head":"<!-- This site is optimized with the Yoast SEO plugin v27.5 - https:\/\/yoast.com\/product\/yoast-seo-wordpress\/ -->\n<title>Frigor\u00edficos para Cocina, RBF 84695 SLN SS | Teka<\/title>\n<meta name=\"robots\" content=\"index, follow, max-snippet:-1, max-image-preview:large, max-video-preview:-1\" \/>\n<link rel=\"canonical\" href=\"https:\/\/www.teka.com\/es-es\/producto\/rbf-84695-sln-ss_113400051\/\" \/>\n<meta property=\"og:locale\" content=\"es_ES\" \/>\n<meta property=\"og:type\" content=\"article\" \/>\n<meta property=\"og:title\" content=\"Frigor\u00edficos para Cocina, RBF 84695 SLN SS | Teka\" \/>\n<meta property=\"og:description\" content=\"Zero Installation facilita una instalaci\u00f3n inmediata sin esfuerzo La instalaci\u00f3n Slot-in garantiza una integraci\u00f3n perfecta y una apertura de puerta m\u00e1xima VitaCare Box mantiene frutas y verduras frescas y crujientes durante m\u00e1s tiempo Convierte dos cajones del congelador en uno m\u00e1s grande gracias a FlipBox Distribuci\u00f3n del fr\u00edo constante y uniforme con AirFlow Control Enfr\u00eda [&hellip;]\" \/>\n<meta property=\"og:url\" content=\"https:\/\/www.teka.com\/es-es\/producto\/rbf-84695-sln-ss_113400051\/\" \/>\n<meta property=\"og:site_name\" content=\"Teka Espa\u00f1a\" \/>\n<meta name=\"twitter:card\" content=\"summary_large_image\" \/>\n<script type=\"application\/ld+json\" class=\"yoast-schema-graph\">{\"@context\":\"https:\\\/\\\/schema.org\",\"@graph\":[{\"@type\":\"WebPage\",\"@id\":\"https:\\\/\\\/www.teka.com\\\/es-es\\\/producto\\\/rbf-84695-sln-ss_113400051\\\/\",\"url\":\"https:\\\/\\\/www.teka.com\\\/es-es\\\/producto\\\/rbf-84695-sln-ss_113400051\\\/\",\"name\":\"Frigor\u00edficos para Cocina, RBF 84695 SLN SS | Teka\",\"isPartOf\":{\"@id\":\"https:\\\/\\\/www.teka.com\\\/es-es\\\/#website\"},\"datePublished\":\"2026-05-08T14:56:08+00:00\",\"inLanguage\":\"es\",\"potentialAction\":[{\"@type\":\"ReadAction\",\"target\":[\"https:\\\/\\\/www.teka.com\\\/es-es\\\/producto\\\/rbf-84695-sln-ss_113400051\\\/\"]}]},{\"@type\":\"WebSite\",\"@id\":\"https:\\\/\\\/www.teka.com\\\/es-es\\\/#website\",\"url\":\"https:\\\/\\\/www.teka.com\\\/es-es\\\/\",\"name\":\"Teka Espa\u00f1a\",\"description\":\"\",\"publisher\":{\"@id\":\"https:\\\/\\\/www.teka.com\\\/es-es\\\/#organization\"},\"potentialAction\":[{\"@type\":\"SearchAction\",\"target\":{\"@type\":\"EntryPoint\",\"urlTemplate\":\"https:\\\/\\\/www.teka.com\\\/es-es\\\/?s={search_term_string}\"},\"query-input\":{\"@type\":\"PropertyValueSpecification\",\"valueRequired\":true,\"valueName\":\"search_term_string\"}}],\"inLanguage\":\"es\"},{\"@type\":\"Organization\",\"@id\":\"https:\\\/\\\/www.teka.com\\\/es-es\\\/#organization\",\"name\":\"Teka Espa\u00f1a\",\"url\":\"https:\\\/\\\/www.teka.com\\\/es-es\\\/\",\"logo\":{\"@type\":\"ImageObject\",\"inLanguage\":\"es\",\"@id\":\"https:\\\/\\\/www.teka.com\\\/es-es\\\/#\\\/schema\\\/logo\\\/image\\\/\",\"url\":\"https:\\\/\\\/www.teka.com\\\/es-es\\\/wp-content\\\/uploads\\\/sites\\\/2\\\/2020\\\/08\\\/teka-new-logo.png\",\"contentUrl\":\"https:\\\/\\\/www.teka.com\\\/es-es\\\/wp-content\\\/uploads\\\/sites\\\/2\\\/2020\\\/08\\\/teka-new-logo.png\",\"width\":1024,\"height\":1024,\"caption\":\"Teka Espa\u00f1a\"},\"image\":{\"@id\":\"https:\\\/\\\/www.teka.com\\\/es-es\\\/#\\\/schema\\\/logo\\\/image\\\/\"}}]}<\/script>\n<!-- \/ Yoast SEO plugin. -->","yoast_head_json":{"title":"Frigor\u00edficos para Cocina, RBF 84695 SLN SS | Teka","robots":{"index":"index","follow":"follow","max-snippet":"max-snippet:-1","max-image-preview":"max-image-preview:large","max-video-preview":"max-video-preview:-1"},"canonical":"https:\/\/www.teka.com\/es-es\/producto\/rbf-84695-sln-ss_113400051\/","og_locale":"es_ES","og_type":"article","og_title":"Frigor\u00edficos para Cocina, RBF 84695 SLN SS | Teka","og_description":"Zero Installation facilita una instalaci\u00f3n inmediata sin esfuerzo La instalaci\u00f3n Slot-in garantiza una integraci\u00f3n perfecta y una apertura de puerta m\u00e1xima VitaCare Box mantiene frutas y verduras frescas y crujientes durante m\u00e1s tiempo Convierte dos cajones del congelador en uno m\u00e1s grande gracias a FlipBox Distribuci\u00f3n del fr\u00edo constante y uniforme con AirFlow Control Enfr\u00eda [&hellip;]","og_url":"https:\/\/www.teka.com\/es-es\/producto\/rbf-84695-sln-ss_113400051\/","og_site_name":"Teka Espa\u00f1a","twitter_card":"summary_large_image","schema":{"@context":"https:\/\/schema.org","@graph":[{"@type":"WebPage","@id":"https:\/\/www.teka.com\/es-es\/producto\/rbf-84695-sln-ss_113400051\/","url":"https:\/\/www.teka.com\/es-es\/producto\/rbf-84695-sln-ss_113400051\/","name":"Frigor\u00edficos para Cocina, RBF 84695 SLN SS | Teka","isPartOf":{"@id":"https:\/\/www.teka.com\/es-es\/#website"},"datePublished":"2026-05-08T14:56:08+00:00","inLanguage":"es","potentialAction":[{"@type":"ReadAction","target":["https:\/\/www.teka.com\/es-es\/producto\/rbf-84695-sln-ss_113400051\/"]}]},{"@type":"WebSite","@id":"https:\/\/www.teka.com\/es-es\/#website","url":"https:\/\/www.teka.com\/es-es\/","name":"Teka Espa\u00f1a","description":"","publisher":{"@id":"https:\/\/www.teka.com\/es-es\/#organization"},"potentialAction":[{"@type":"SearchAction","target":{"@type":"EntryPoint","urlTemplate":"https:\/\/www.teka.com\/es-es\/?s={search_term_string}"},"query-input":{"@type":"PropertyValueSpecification","valueRequired":true,"valueName":"search_term_string"}}],"inLanguage":"es"},{"@type":"Organization","@id":"https:\/\/www.teka.com\/es-es\/#organization","name":"Teka Espa\u00f1a","url":"https:\/\/www.teka.com\/es-es\/","logo":{"@type":"ImageObject","inLanguage":"es","@id":"https:\/\/www.teka.com\/es-es\/#\/schema\/logo\/image\/","url":"https:\/\/www.teka.com\/es-es\/wp-content\/uploads\/sites\/2\/2020\/08\/teka-new-logo.png","contentUrl":"https:\/\/www.teka.com\/es-es\/wp-content\/uploads\/sites\/2\/2020\/08\/teka-new-logo.png","width":1024,"height":1024,"caption":"Teka Espa\u00f1a"},"image":{"@id":"https:\/\/www.teka.com\/es-es\/#\/schema\/logo\/image\/"}}]}},"_links":{"self":[{"href":"https:\/\/www.teka.com\/es-es\/wp-json\/wp\/v2\/product\/144933","targetHints":{"allow":["GET"]}}],"collection":[{"href":"https:\/\/www.teka.com\/es-es\/wp-json\/wp\/v2\/product"}],"about":[{"href":"https:\/\/www.teka.com\/es-es\/wp-json\/wp\/v2\/types\/product"}],"wp:attachment":[{"href":"https:\/\/www.teka.com\/es-es\/wp-json\/wp\/v2\/media?parent=144933"}],"wp:term":[{"taxonomy":"product_cat","embeddable":true,"href":"https:\/\/www.teka.com\/es-es\/wp-json\/wp\/v2\/product_cat?post=144933"},{"taxonomy":"product_cleaning_system","embeddable":true,"href":"https:\/\/www.teka.com\/es-es\/wp-json\/wp\/v2\/product_cleaning_system?post=144933"},{"taxonomy":"product_edition","embeddable":true,"href":"https:\/\/www.teka.com\/es-es\/wp-json\/wp\/v2\/product_edition?post=144933"},{"taxonomy":"product_serie","embeddable":true,"href":"https:\/\/www.teka.com\/es-es\/wp-json\/wp\/v2\/product_serie?post=144933"},{"taxonomy":"product_features","embeddable":true,"href":"https:\/\/www.teka.com\/es-es\/wp-json\/wp\/v2\/product_features?post=144933"},{"taxonomy":"finishes","embeddable":true,"href":"https:\/\/www.teka.com\/es-es\/wp-json\/wp\/v2\/finishes?post=144933"},{"taxonomy":"product_3rd_basket","embeddable":true,"href":"https:\/\/www.teka.com\/es-es\/wp-json\/wp\/v2\/product_3rd_basket?post=144933"},{"taxonomy":"product_drawers","embeddable":true,"href":"https:\/\/www.teka.com\/es-es\/wp-json\/wp\/v2\/product_drawers?post=144933"},{"taxonomy":"product_type_of_installation","embeddable":true,"href":"https:\/\/www.teka.com\/es-es\/wp-json\/wp\/v2\/product_type_of_installation?post=144933"},{"taxonomy":"product_bundles","embeddable":true,"href":"https:\/\/www.teka.com\/es-es\/wp-json\/wp\/v2\/product_bundles?post=144933"},{"taxonomy":"product_energy_efficiency","embeddable":true,"href":"https:\/\/www.teka.com\/es-es\/wp-json\/wp\/v2\/product_energy_efficiency?post=144933"},{"taxonomy":"product_video_training","embeddable":true,"href":"https:\/\/www.teka.com\/es-es\/wp-json\/wp\/v2\/product_video_training?post=144933"}],"curies":[{"name":"wp","href":"https:\/\/api.w.org\/{rel}","templated":true}]}}