{"id":145083,"date":"2026-04-07T21:21:24","date_gmt":"2026-04-07T21:21:24","guid":{"rendered":"https:\/\/teka.com\/es-es\/dfi-74860_114310011"},"modified":"2026-03-25T03:38:31","modified_gmt":"2026-03-25T04:38:31","slug":"dfi-74860_114310011","status":"publish","type":"product","link":"https:\/\/www.teka.com\/es-es\/producto\/dfi-74860_114310011\/","title":{"rendered":"DFI 74860"},"content":{"rendered":"<ul>\n<li>Panel de mandos electr\u00f3nico con display LED<\/li>\n<li>Programas r\u00e1pidos: 1H y Intensivo<\/li>\n<li>Funciones especiales: Alternative wash, Express y ExtraDry<\/li>\n<li>Clase energ\u00e9tica : C<\/li>\n<\/ul>\n","protected":false},"featured_media":0,"parent":0,"template":"","product_cat":[90966],"product_cleaning_system":[],"product_edition":[],"product_serie":[],"product_features":[],"finishes":[],"product_3rd_basket":[84057],"product_drawers":[],"product_type_of_installation":[91853],"product_bundles":[],"product_energy_efficiency":[91038],"product_video_training":[91621],"class_list":["post-145083","product","type-product","status-publish","hentry","product_cat-lavavajillas","usp-dishwashers-02","usp-dishwashers-04","usp-dishwashers-11","usp-dishwashers-13","usp-dishwashers-14","usp-dishwashers-16","usp-dishwashers-18","usp-dishwashers-20","usp-dishwashers-21","usp-dishwashers-22","product_type_of_appliance-encastrable","product_icons-beam-on-floor","product_icons-eco-function","product_icons-extra-dry-function","product_icons-premium-dry","product_icons-sliding-door","product_icons-smart-sensor","product_icons-third-cutlery-tray","product_3rd_basket-tercera-bandeja","product_type_of_installation-encastrable","product_energy_efficiency-c-ue-icon-new","product_video_training-trainingdishwasers-01"],"acf":[],"yoast_head":"<!-- This site is optimized with the Yoast SEO plugin v27.2 - https:\/\/yoast.com\/product\/yoast-seo-wordpress\/ -->\n<title>Lavavajillas de Cocina, DFI 74860 | TekaLavadoras DFI 74860 | Teka<\/title>\n<meta name=\"robots\" content=\"index, follow, max-snippet:-1, max-image-preview:large, max-video-preview:-1\" \/>\n<link rel=\"canonical\" href=\"https:\/\/www.teka.com\/es-es\/producto\/dfi-74860_114310011\/\" \/>\n<meta property=\"og:locale\" content=\"es_ES\" \/>\n<meta property=\"og:type\" content=\"article\" \/>\n<meta property=\"og:title\" content=\"Lavavajillas de Cocina, DFI 74860 | TekaLavadoras DFI 74860 | Teka\" \/>\n<meta property=\"og:description\" content=\"Panel de mandos electr\u00f3nico con display LED Programas r\u00e1pidos: 1H y Intensivo Funciones especiales: Alternative wash, Express y ExtraDry Clase energ\u00e9tica : C\" \/>\n<meta property=\"og:url\" content=\"https:\/\/www.teka.com\/es-es\/producto\/dfi-74860_114310011\/\" \/>\n<meta property=\"og:site_name\" content=\"Teka Espa\u00f1a\" \/>\n<meta name=\"twitter:card\" content=\"summary_large_image\" \/>\n<script type=\"application\/ld+json\" class=\"yoast-schema-graph\">{\"@context\":\"https:\/\/schema.org\",\"@graph\":[{\"@type\":\"WebPage\",\"@id\":\"https:\/\/www.teka.com\/es-es\/producto\/dfi-74860_114310011\/\",\"url\":\"https:\/\/www.teka.com\/es-es\/producto\/dfi-74860_114310011\/\",\"name\":\"Lavavajillas de Cocina, DFI 74860 | TekaLavadoras DFI 74860 | Teka\",\"isPartOf\":{\"@id\":\"https:\/\/www.teka.com\/es-es\/#website\"},\"datePublished\":\"2026-04-07T21:21:24+00:00\",\"inLanguage\":\"es\",\"potentialAction\":[{\"@type\":\"ReadAction\",\"target\":[\"https:\/\/www.teka.com\/es-es\/producto\/dfi-74860_114310011\/\"]}]},{\"@type\":\"WebSite\",\"@id\":\"https:\/\/www.teka.com\/es-es\/#website\",\"url\":\"https:\/\/www.teka.com\/es-es\/\",\"name\":\"Teka Espa\u00f1a\",\"description\":\"\",\"publisher\":{\"@id\":\"https:\/\/www.teka.com\/es-es\/#organization\"},\"potentialAction\":[{\"@type\":\"SearchAction\",\"target\":{\"@type\":\"EntryPoint\",\"urlTemplate\":\"https:\/\/www.teka.com\/es-es\/?s={search_term_string}\"},\"query-input\":{\"@type\":\"PropertyValueSpecification\",\"valueRequired\":true,\"valueName\":\"search_term_string\"}}],\"inLanguage\":\"es\"},{\"@type\":\"Organization\",\"@id\":\"https:\/\/www.teka.com\/es-es\/#organization\",\"name\":\"Teka Espa\u00f1a\",\"url\":\"https:\/\/www.teka.com\/es-es\/\",\"logo\":{\"@type\":\"ImageObject\",\"inLanguage\":\"es\",\"@id\":\"https:\/\/www.teka.com\/es-es\/#\/schema\/logo\/image\/\",\"url\":\"https:\/\/www.teka.com\/es-es\/wp-content\/uploads\/sites\/2\/2020\/08\/teka-new-logo.png\",\"contentUrl\":\"https:\/\/www.teka.com\/es-es\/wp-content\/uploads\/sites\/2\/2020\/08\/teka-new-logo.png\",\"width\":1024,\"height\":1024,\"caption\":\"Teka Espa\u00f1a\"},\"image\":{\"@id\":\"https:\/\/www.teka.com\/es-es\/#\/schema\/logo\/image\/\"}}]}<\/script>\n<!-- \/ Yoast SEO plugin. -->","yoast_head_json":{"title":"Lavavajillas de Cocina, DFI 74860 | TekaLavadoras DFI 74860 | Teka","robots":{"index":"index","follow":"follow","max-snippet":"max-snippet:-1","max-image-preview":"max-image-preview:large","max-video-preview":"max-video-preview:-1"},"canonical":"https:\/\/www.teka.com\/es-es\/producto\/dfi-74860_114310011\/","og_locale":"es_ES","og_type":"article","og_title":"Lavavajillas de Cocina, DFI 74860 | TekaLavadoras DFI 74860 | Teka","og_description":"Panel de mandos electr\u00f3nico con display LED Programas r\u00e1pidos: 1H y Intensivo Funciones especiales: Alternative wash, Express y ExtraDry Clase energ\u00e9tica : C","og_url":"https:\/\/www.teka.com\/es-es\/producto\/dfi-74860_114310011\/","og_site_name":"Teka Espa\u00f1a","twitter_card":"summary_large_image","schema":{"@context":"https:\/\/schema.org","@graph":[{"@type":"WebPage","@id":"https:\/\/www.teka.com\/es-es\/producto\/dfi-74860_114310011\/","url":"https:\/\/www.teka.com\/es-es\/producto\/dfi-74860_114310011\/","name":"Lavavajillas de Cocina, DFI 74860 | TekaLavadoras DFI 74860 | Teka","isPartOf":{"@id":"https:\/\/www.teka.com\/es-es\/#website"},"datePublished":"2026-04-07T21:21:24+00:00","inLanguage":"es","potentialAction":[{"@type":"ReadAction","target":["https:\/\/www.teka.com\/es-es\/producto\/dfi-74860_114310011\/"]}]},{"@type":"WebSite","@id":"https:\/\/www.teka.com\/es-es\/#website","url":"https:\/\/www.teka.com\/es-es\/","name":"Teka Espa\u00f1a","description":"","publisher":{"@id":"https:\/\/www.teka.com\/es-es\/#organization"},"potentialAction":[{"@type":"SearchAction","target":{"@type":"EntryPoint","urlTemplate":"https:\/\/www.teka.com\/es-es\/?s={search_term_string}"},"query-input":{"@type":"PropertyValueSpecification","valueRequired":true,"valueName":"search_term_string"}}],"inLanguage":"es"},{"@type":"Organization","@id":"https:\/\/www.teka.com\/es-es\/#organization","name":"Teka Espa\u00f1a","url":"https:\/\/www.teka.com\/es-es\/","logo":{"@type":"ImageObject","inLanguage":"es","@id":"https:\/\/www.teka.com\/es-es\/#\/schema\/logo\/image\/","url":"https:\/\/www.teka.com\/es-es\/wp-content\/uploads\/sites\/2\/2020\/08\/teka-new-logo.png","contentUrl":"https:\/\/www.teka.com\/es-es\/wp-content\/uploads\/sites\/2\/2020\/08\/teka-new-logo.png","width":1024,"height":1024,"caption":"Teka Espa\u00f1a"},"image":{"@id":"https:\/\/www.teka.com\/es-es\/#\/schema\/logo\/image\/"}}]}},"_links":{"self":[{"href":"https:\/\/www.teka.com\/es-es\/wp-json\/wp\/v2\/product\/145083","targetHints":{"allow":["GET"]}}],"collection":[{"href":"https:\/\/www.teka.com\/es-es\/wp-json\/wp\/v2\/product"}],"about":[{"href":"https:\/\/www.teka.com\/es-es\/wp-json\/wp\/v2\/types\/product"}],"wp:attachment":[{"href":"https:\/\/www.teka.com\/es-es\/wp-json\/wp\/v2\/media?parent=145083"}],"wp:term":[{"taxonomy":"product_cat","embeddable":true,"href":"https:\/\/www.teka.com\/es-es\/wp-json\/wp\/v2\/product_cat?post=145083"},{"taxonomy":"product_cleaning_system","embeddable":true,"href":"https:\/\/www.teka.com\/es-es\/wp-json\/wp\/v2\/product_cleaning_system?post=145083"},{"taxonomy":"product_edition","embeddable":true,"href":"https:\/\/www.teka.com\/es-es\/wp-json\/wp\/v2\/product_edition?post=145083"},{"taxonomy":"product_serie","embeddable":true,"href":"https:\/\/www.teka.com\/es-es\/wp-json\/wp\/v2\/product_serie?post=145083"},{"taxonomy":"product_features","embeddable":true,"href":"https:\/\/www.teka.com\/es-es\/wp-json\/wp\/v2\/product_features?post=145083"},{"taxonomy":"finishes","embeddable":true,"href":"https:\/\/www.teka.com\/es-es\/wp-json\/wp\/v2\/finishes?post=145083"},{"taxonomy":"product_3rd_basket","embeddable":true,"href":"https:\/\/www.teka.com\/es-es\/wp-json\/wp\/v2\/product_3rd_basket?post=145083"},{"taxonomy":"product_drawers","embeddable":true,"href":"https:\/\/www.teka.com\/es-es\/wp-json\/wp\/v2\/product_drawers?post=145083"},{"taxonomy":"product_type_of_installation","embeddable":true,"href":"https:\/\/www.teka.com\/es-es\/wp-json\/wp\/v2\/product_type_of_installation?post=145083"},{"taxonomy":"product_bundles","embeddable":true,"href":"https:\/\/www.teka.com\/es-es\/wp-json\/wp\/v2\/product_bundles?post=145083"},{"taxonomy":"product_energy_efficiency","embeddable":true,"href":"https:\/\/www.teka.com\/es-es\/wp-json\/wp\/v2\/product_energy_efficiency?post=145083"},{"taxonomy":"product_video_training","embeddable":true,"href":"https:\/\/www.teka.com\/es-es\/wp-json\/wp\/v2\/product_video_training?post=145083"}],"curies":[{"name":"wp","href":"https:\/\/api.w.org\/{rel}","templated":true}]}}