{"id":145524,"date":"2026-05-14T18:49:45","date_gmt":"2026-05-14T18:49:45","guid":{"rendered":"https:\/\/teka.com\/en-int\/twp-1280-ro_118510003"},"modified":"2026-05-08T12:22:07","modified_gmt":"2026-05-08T01:22:07","slug":"twp-1280-ro_118510003","status":"publish","type":"product","link":"https:\/\/www.teka.com\/es-es\/producto\/twp-1280-ro_118510003\/","title":{"rendered":"TWP 1280-RO"},"content":{"rendered":"<ul>\n<li>Agua limpia y de mejor sabor en casa<\/li>\n<li>Filtraci\u00f3n avanzada en 2 etapas: carb\u00f3n activado PAC y \u00f3smosis inversa<\/li>\n<li>Alta capacidad de purificaci\u00f3n eliminando \u226599,99% de bacterias y metales pesados<\/li>\n<li>Mejora el sabor y el olor reduciendo el cloro \u226590%<\/li>\n<li>Filtros de larga duraci\u00f3n con hasta 24 meses de vida \u00fatil<\/li>\n<li>Dise\u00f1ado para un uso diario c\u00f3modo y fiable<\/li>\n<\/ul>\n","protected":false},"featured_media":0,"parent":0,"template":"","product_cat":[91870],"product_cleaning_system":[],"product_edition":[],"product_serie":[],"product_features":[],"finishes":[],"product_3rd_basket":[],"product_drawers":[],"product_type_of_installation":[],"product_bundles":[],"product_energy_efficiency":[],"product_video_training":[],"class_list":["post-145524","product","type-product","status-publish","hentry","product_cat-undersink-drinking-systems","color-negro"],"acf":[],"yoast_head":"<!-- This site is optimized with the Yoast SEO plugin v27.5 - https:\/\/yoast.com\/product\/yoast-seo-wordpress\/ -->\n<title>TWP 1280-RO | Teka Espa\u00f1a<\/title>\n<meta name=\"robots\" content=\"index, follow, max-snippet:-1, max-image-preview:large, max-video-preview:-1\" \/>\n<link rel=\"canonical\" href=\"https:\/\/www.teka.com\/es-es\/producto\/twp-1280-ro_118510003\/\" \/>\n<meta property=\"og:locale\" content=\"es_ES\" \/>\n<meta property=\"og:type\" content=\"article\" \/>\n<meta property=\"og:title\" content=\"TWP 1280-RO | Teka Espa\u00f1a\" \/>\n<meta property=\"og:description\" content=\"Agua limpia y de mejor sabor en casa Filtraci\u00f3n avanzada en 2 etapas: carb\u00f3n activado PAC y \u00f3smosis inversa Alta capacidad de purificaci\u00f3n eliminando \u226599,99% de bacterias y metales pesados Mejora el sabor y el olor reduciendo el cloro \u226590% Filtros de larga duraci\u00f3n con hasta 24 meses de vida \u00fatil Dise\u00f1ado para un uso [&hellip;]\" \/>\n<meta property=\"og:url\" content=\"https:\/\/www.teka.com\/es-es\/producto\/twp-1280-ro_118510003\/\" \/>\n<meta property=\"og:site_name\" content=\"Teka Espa\u00f1a\" \/>\n<meta name=\"twitter:card\" content=\"summary_large_image\" \/>\n<script type=\"application\/ld+json\" class=\"yoast-schema-graph\">{\"@context\":\"https:\\\/\\\/schema.org\",\"@graph\":[{\"@type\":\"WebPage\",\"@id\":\"https:\\\/\\\/www.teka.com\\\/es-es\\\/producto\\\/twp-1280-ro_118510003\\\/\",\"url\":\"https:\\\/\\\/www.teka.com\\\/es-es\\\/producto\\\/twp-1280-ro_118510003\\\/\",\"name\":\"TWP 1280-RO | Teka Espa\u00f1a\",\"isPartOf\":{\"@id\":\"https:\\\/\\\/www.teka.com\\\/es-es\\\/#website\"},\"datePublished\":\"2026-05-14T18:49:45+00:00\",\"inLanguage\":\"es\",\"potentialAction\":[{\"@type\":\"ReadAction\",\"target\":[\"https:\\\/\\\/www.teka.com\\\/es-es\\\/producto\\\/twp-1280-ro_118510003\\\/\"]}]},{\"@type\":\"WebSite\",\"@id\":\"https:\\\/\\\/www.teka.com\\\/es-es\\\/#website\",\"url\":\"https:\\\/\\\/www.teka.com\\\/es-es\\\/\",\"name\":\"Teka Espa\u00f1a\",\"description\":\"\",\"publisher\":{\"@id\":\"https:\\\/\\\/www.teka.com\\\/es-es\\\/#organization\"},\"potentialAction\":[{\"@type\":\"SearchAction\",\"target\":{\"@type\":\"EntryPoint\",\"urlTemplate\":\"https:\\\/\\\/www.teka.com\\\/es-es\\\/?s={search_term_string}\"},\"query-input\":{\"@type\":\"PropertyValueSpecification\",\"valueRequired\":true,\"valueName\":\"search_term_string\"}}],\"inLanguage\":\"es\"},{\"@type\":\"Organization\",\"@id\":\"https:\\\/\\\/www.teka.com\\\/es-es\\\/#organization\",\"name\":\"Teka Espa\u00f1a\",\"url\":\"https:\\\/\\\/www.teka.com\\\/es-es\\\/\",\"logo\":{\"@type\":\"ImageObject\",\"inLanguage\":\"es\",\"@id\":\"https:\\\/\\\/www.teka.com\\\/es-es\\\/#\\\/schema\\\/logo\\\/image\\\/\",\"url\":\"https:\\\/\\\/www.teka.com\\\/es-es\\\/wp-content\\\/uploads\\\/sites\\\/2\\\/2020\\\/08\\\/teka-new-logo.png\",\"contentUrl\":\"https:\\\/\\\/www.teka.com\\\/es-es\\\/wp-content\\\/uploads\\\/sites\\\/2\\\/2020\\\/08\\\/teka-new-logo.png\",\"width\":1024,\"height\":1024,\"caption\":\"Teka Espa\u00f1a\"},\"image\":{\"@id\":\"https:\\\/\\\/www.teka.com\\\/es-es\\\/#\\\/schema\\\/logo\\\/image\\\/\"}}]}<\/script>\n<!-- \/ Yoast SEO plugin. -->","yoast_head_json":{"title":"TWP 1280-RO | Teka Espa\u00f1a","robots":{"index":"index","follow":"follow","max-snippet":"max-snippet:-1","max-image-preview":"max-image-preview:large","max-video-preview":"max-video-preview:-1"},"canonical":"https:\/\/www.teka.com\/es-es\/producto\/twp-1280-ro_118510003\/","og_locale":"es_ES","og_type":"article","og_title":"TWP 1280-RO | Teka Espa\u00f1a","og_description":"Agua limpia y de mejor sabor en casa Filtraci\u00f3n avanzada en 2 etapas: carb\u00f3n activado PAC y \u00f3smosis inversa Alta capacidad de purificaci\u00f3n eliminando \u226599,99% de bacterias y metales pesados Mejora el sabor y el olor reduciendo el cloro \u226590% Filtros de larga duraci\u00f3n con hasta 24 meses de vida \u00fatil Dise\u00f1ado para un uso [&hellip;]","og_url":"https:\/\/www.teka.com\/es-es\/producto\/twp-1280-ro_118510003\/","og_site_name":"Teka Espa\u00f1a","twitter_card":"summary_large_image","schema":{"@context":"https:\/\/schema.org","@graph":[{"@type":"WebPage","@id":"https:\/\/www.teka.com\/es-es\/producto\/twp-1280-ro_118510003\/","url":"https:\/\/www.teka.com\/es-es\/producto\/twp-1280-ro_118510003\/","name":"TWP 1280-RO | Teka Espa\u00f1a","isPartOf":{"@id":"https:\/\/www.teka.com\/es-es\/#website"},"datePublished":"2026-05-14T18:49:45+00:00","inLanguage":"es","potentialAction":[{"@type":"ReadAction","target":["https:\/\/www.teka.com\/es-es\/producto\/twp-1280-ro_118510003\/"]}]},{"@type":"WebSite","@id":"https:\/\/www.teka.com\/es-es\/#website","url":"https:\/\/www.teka.com\/es-es\/","name":"Teka Espa\u00f1a","description":"","publisher":{"@id":"https:\/\/www.teka.com\/es-es\/#organization"},"potentialAction":[{"@type":"SearchAction","target":{"@type":"EntryPoint","urlTemplate":"https:\/\/www.teka.com\/es-es\/?s={search_term_string}"},"query-input":{"@type":"PropertyValueSpecification","valueRequired":true,"valueName":"search_term_string"}}],"inLanguage":"es"},{"@type":"Organization","@id":"https:\/\/www.teka.com\/es-es\/#organization","name":"Teka Espa\u00f1a","url":"https:\/\/www.teka.com\/es-es\/","logo":{"@type":"ImageObject","inLanguage":"es","@id":"https:\/\/www.teka.com\/es-es\/#\/schema\/logo\/image\/","url":"https:\/\/www.teka.com\/es-es\/wp-content\/uploads\/sites\/2\/2020\/08\/teka-new-logo.png","contentUrl":"https:\/\/www.teka.com\/es-es\/wp-content\/uploads\/sites\/2\/2020\/08\/teka-new-logo.png","width":1024,"height":1024,"caption":"Teka Espa\u00f1a"},"image":{"@id":"https:\/\/www.teka.com\/es-es\/#\/schema\/logo\/image\/"}}]}},"_links":{"self":[{"href":"https:\/\/www.teka.com\/es-es\/wp-json\/wp\/v2\/product\/145524","targetHints":{"allow":["GET"]}}],"collection":[{"href":"https:\/\/www.teka.com\/es-es\/wp-json\/wp\/v2\/product"}],"about":[{"href":"https:\/\/www.teka.com\/es-es\/wp-json\/wp\/v2\/types\/product"}],"wp:attachment":[{"href":"https:\/\/www.teka.com\/es-es\/wp-json\/wp\/v2\/media?parent=145524"}],"wp:term":[{"taxonomy":"product_cat","embeddable":true,"href":"https:\/\/www.teka.com\/es-es\/wp-json\/wp\/v2\/product_cat?post=145524"},{"taxonomy":"product_cleaning_system","embeddable":true,"href":"https:\/\/www.teka.com\/es-es\/wp-json\/wp\/v2\/product_cleaning_system?post=145524"},{"taxonomy":"product_edition","embeddable":true,"href":"https:\/\/www.teka.com\/es-es\/wp-json\/wp\/v2\/product_edition?post=145524"},{"taxonomy":"product_serie","embeddable":true,"href":"https:\/\/www.teka.com\/es-es\/wp-json\/wp\/v2\/product_serie?post=145524"},{"taxonomy":"product_features","embeddable":true,"href":"https:\/\/www.teka.com\/es-es\/wp-json\/wp\/v2\/product_features?post=145524"},{"taxonomy":"finishes","embeddable":true,"href":"https:\/\/www.teka.com\/es-es\/wp-json\/wp\/v2\/finishes?post=145524"},{"taxonomy":"product_3rd_basket","embeddable":true,"href":"https:\/\/www.teka.com\/es-es\/wp-json\/wp\/v2\/product_3rd_basket?post=145524"},{"taxonomy":"product_drawers","embeddable":true,"href":"https:\/\/www.teka.com\/es-es\/wp-json\/wp\/v2\/product_drawers?post=145524"},{"taxonomy":"product_type_of_installation","embeddable":true,"href":"https:\/\/www.teka.com\/es-es\/wp-json\/wp\/v2\/product_type_of_installation?post=145524"},{"taxonomy":"product_bundles","embeddable":true,"href":"https:\/\/www.teka.com\/es-es\/wp-json\/wp\/v2\/product_bundles?post=145524"},{"taxonomy":"product_energy_efficiency","embeddable":true,"href":"https:\/\/www.teka.com\/es-es\/wp-json\/wp\/v2\/product_energy_efficiency?post=145524"},{"taxonomy":"product_video_training","embeddable":true,"href":"https:\/\/www.teka.com\/es-es\/wp-json\/wp\/v2\/product_video_training?post=145524"}],"curies":[{"name":"wp","href":"https:\/\/api.w.org\/{rel}","templated":true}]}}