{"id":67083,"date":"2026-04-23T00:24:52","date_gmt":"2026-04-23T00:24:52","guid":{"rendered":"https:\/\/www.teka.com\/es-es\/producto\/ewh-80-d-slim_42080090\/"},"modified":"2026-03-14T03:53:50","modified_gmt":"2026-03-14T04:53:50","slug":"ewh-80-d-slim_42080090","status":"publish","type":"product","link":"https:\/\/www.teka.com\/es-es\/producto\/ewh-80-d-slim_42080090\/","title":{"rendered":"EWH 80 D SLIM"},"content":{"rendered":"<ul>\n<li>Instalaci\u00f3n vertical y horizontal<\/li>\n<li>Tarjeta Smart Control 3 posiciones, con display digital<\/li>\n<li>Capacidad: 74 litros<\/li>\n<li>2 tanques esmaltados en zafiro<\/li>\n<li>Optima estratificaci\u00f3n del agua<\/li>\n<\/ul>\n","protected":false},"featured_media":0,"parent":0,"template":"","product_cat":[86872],"product_cleaning_system":[],"product_edition":[],"product_serie":[],"product_features":[],"finishes":[],"product_3rd_basket":[],"product_drawers":[],"product_type_of_installation":[86460,86461],"product_bundles":[],"product_energy_efficiency":[91037],"product_video_training":[],"class_list":["post-67083","product","type-product","status-publish","hentry","product_cat-termos-estandar","usp-waterheaters-02","usp-waterheaters-03","usp-waterheaters-04","usp-waterheaters-05","usp-waterheaters-06","color-blanco","product_icons-dry-heating-protection","product_icons-elcb-earth-leakage-circuit-breaker","product_icons-humidity-control","product_icons-overheating-protection","product_icons-slim-heater","product_icons-type-of-installation","product_type_of_installation-vertical","product_type_of_installation-horizontal","product_energy_efficiency-b-ue-icon-new"],"acf":[],"yoast_head":"<!-- This site is optimized with the Yoast SEO plugin v27.5 - https:\/\/yoast.com\/product\/yoast-seo-wordpress\/ -->\n<title>Termo El\u00e9ctrico 80 litros EWH 80 D SLIM | Teka Espa\u00f1a<\/title>\n<meta name=\"description\" content=\"Toda la informaci\u00f3n sobre el Termo El\u00e9ctrico 80 litros EWH 80 D SLIM en la web oficial de Teka Espa\u00f1a.\" \/>\n<meta name=\"robots\" content=\"index, follow, max-snippet:-1, max-image-preview:large, max-video-preview:-1\" \/>\n<link rel=\"canonical\" href=\"https:\/\/www.teka.com\/es-es\/producto\/ewh-80-d-slim_42080090\/\" \/>\n<meta property=\"og:locale\" content=\"es_ES\" \/>\n<meta property=\"og:type\" content=\"article\" \/>\n<meta property=\"og:title\" content=\"Termo El\u00e9ctrico 80 litros EWH 80 D SLIM | Teka Espa\u00f1a\" \/>\n<meta property=\"og:description\" content=\"Toda la informaci\u00f3n sobre el Termo El\u00e9ctrico 80 litros EWH 80 D SLIM en la web oficial de Teka Espa\u00f1a.\" \/>\n<meta property=\"og:url\" content=\"https:\/\/www.teka.com\/es-es\/producto\/ewh-80-d-slim_42080090\/\" \/>\n<meta property=\"og:site_name\" content=\"Teka Espa\u00f1a\" \/>\n<meta name=\"twitter:card\" content=\"summary_large_image\" \/>\n<script type=\"application\/ld+json\" class=\"yoast-schema-graph\">{\"@context\":\"https:\\\/\\\/schema.org\",\"@graph\":[{\"@type\":\"WebPage\",\"@id\":\"https:\\\/\\\/www.teka.com\\\/es-es\\\/producto\\\/ewh-80-d-slim_42080090\\\/\",\"url\":\"https:\\\/\\\/www.teka.com\\\/es-es\\\/producto\\\/ewh-80-d-slim_42080090\\\/\",\"name\":\"Termo El\u00e9ctrico 80 litros EWH 80 D SLIM | Teka Espa\u00f1a\",\"isPartOf\":{\"@id\":\"https:\\\/\\\/www.teka.com\\\/es-es\\\/#website\"},\"datePublished\":\"2026-04-23T00:24:52+00:00\",\"description\":\"Toda la informaci\u00f3n sobre el Termo El\u00e9ctrico 80 litros EWH 80 D SLIM en la web oficial de Teka Espa\u00f1a.\",\"inLanguage\":\"es\",\"potentialAction\":[{\"@type\":\"ReadAction\",\"target\":[\"https:\\\/\\\/www.teka.com\\\/es-es\\\/producto\\\/ewh-80-d-slim_42080090\\\/\"]}]},{\"@type\":\"WebSite\",\"@id\":\"https:\\\/\\\/www.teka.com\\\/es-es\\\/#website\",\"url\":\"https:\\\/\\\/www.teka.com\\\/es-es\\\/\",\"name\":\"Teka Espa\u00f1a\",\"description\":\"\",\"publisher\":{\"@id\":\"https:\\\/\\\/www.teka.com\\\/es-es\\\/#organization\"},\"potentialAction\":[{\"@type\":\"SearchAction\",\"target\":{\"@type\":\"EntryPoint\",\"urlTemplate\":\"https:\\\/\\\/www.teka.com\\\/es-es\\\/?s={search_term_string}\"},\"query-input\":{\"@type\":\"PropertyValueSpecification\",\"valueRequired\":true,\"valueName\":\"search_term_string\"}}],\"inLanguage\":\"es\"},{\"@type\":\"Organization\",\"@id\":\"https:\\\/\\\/www.teka.com\\\/es-es\\\/#organization\",\"name\":\"Teka Espa\u00f1a\",\"url\":\"https:\\\/\\\/www.teka.com\\\/es-es\\\/\",\"logo\":{\"@type\":\"ImageObject\",\"inLanguage\":\"es\",\"@id\":\"https:\\\/\\\/www.teka.com\\\/es-es\\\/#\\\/schema\\\/logo\\\/image\\\/\",\"url\":\"https:\\\/\\\/www.teka.com\\\/es-es\\\/wp-content\\\/uploads\\\/sites\\\/2\\\/2020\\\/08\\\/teka-new-logo.png\",\"contentUrl\":\"https:\\\/\\\/www.teka.com\\\/es-es\\\/wp-content\\\/uploads\\\/sites\\\/2\\\/2020\\\/08\\\/teka-new-logo.png\",\"width\":1024,\"height\":1024,\"caption\":\"Teka Espa\u00f1a\"},\"image\":{\"@id\":\"https:\\\/\\\/www.teka.com\\\/es-es\\\/#\\\/schema\\\/logo\\\/image\\\/\"}}]}<\/script>\n<!-- \/ Yoast SEO plugin. -->","yoast_head_json":{"title":"Termo El\u00e9ctrico 80 litros EWH 80 D SLIM | Teka Espa\u00f1a","description":"Toda la informaci\u00f3n sobre el Termo El\u00e9ctrico 80 litros EWH 80 D SLIM en la web oficial de Teka Espa\u00f1a.","robots":{"index":"index","follow":"follow","max-snippet":"max-snippet:-1","max-image-preview":"max-image-preview:large","max-video-preview":"max-video-preview:-1"},"canonical":"https:\/\/www.teka.com\/es-es\/producto\/ewh-80-d-slim_42080090\/","og_locale":"es_ES","og_type":"article","og_title":"Termo El\u00e9ctrico 80 litros EWH 80 D SLIM | Teka Espa\u00f1a","og_description":"Toda la informaci\u00f3n sobre el Termo El\u00e9ctrico 80 litros EWH 80 D SLIM en la web oficial de Teka Espa\u00f1a.","og_url":"https:\/\/www.teka.com\/es-es\/producto\/ewh-80-d-slim_42080090\/","og_site_name":"Teka Espa\u00f1a","twitter_card":"summary_large_image","schema":{"@context":"https:\/\/schema.org","@graph":[{"@type":"WebPage","@id":"https:\/\/www.teka.com\/es-es\/producto\/ewh-80-d-slim_42080090\/","url":"https:\/\/www.teka.com\/es-es\/producto\/ewh-80-d-slim_42080090\/","name":"Termo El\u00e9ctrico 80 litros EWH 80 D SLIM | Teka Espa\u00f1a","isPartOf":{"@id":"https:\/\/www.teka.com\/es-es\/#website"},"datePublished":"2026-04-23T00:24:52+00:00","description":"Toda la informaci\u00f3n sobre el Termo El\u00e9ctrico 80 litros EWH 80 D SLIM en la web oficial de Teka Espa\u00f1a.","inLanguage":"es","potentialAction":[{"@type":"ReadAction","target":["https:\/\/www.teka.com\/es-es\/producto\/ewh-80-d-slim_42080090\/"]}]},{"@type":"WebSite","@id":"https:\/\/www.teka.com\/es-es\/#website","url":"https:\/\/www.teka.com\/es-es\/","name":"Teka Espa\u00f1a","description":"","publisher":{"@id":"https:\/\/www.teka.com\/es-es\/#organization"},"potentialAction":[{"@type":"SearchAction","target":{"@type":"EntryPoint","urlTemplate":"https:\/\/www.teka.com\/es-es\/?s={search_term_string}"},"query-input":{"@type":"PropertyValueSpecification","valueRequired":true,"valueName":"search_term_string"}}],"inLanguage":"es"},{"@type":"Organization","@id":"https:\/\/www.teka.com\/es-es\/#organization","name":"Teka Espa\u00f1a","url":"https:\/\/www.teka.com\/es-es\/","logo":{"@type":"ImageObject","inLanguage":"es","@id":"https:\/\/www.teka.com\/es-es\/#\/schema\/logo\/image\/","url":"https:\/\/www.teka.com\/es-es\/wp-content\/uploads\/sites\/2\/2020\/08\/teka-new-logo.png","contentUrl":"https:\/\/www.teka.com\/es-es\/wp-content\/uploads\/sites\/2\/2020\/08\/teka-new-logo.png","width":1024,"height":1024,"caption":"Teka Espa\u00f1a"},"image":{"@id":"https:\/\/www.teka.com\/es-es\/#\/schema\/logo\/image\/"}}]}},"_links":{"self":[{"href":"https:\/\/www.teka.com\/es-es\/wp-json\/wp\/v2\/product\/67083","targetHints":{"allow":["GET"]}}],"collection":[{"href":"https:\/\/www.teka.com\/es-es\/wp-json\/wp\/v2\/product"}],"about":[{"href":"https:\/\/www.teka.com\/es-es\/wp-json\/wp\/v2\/types\/product"}],"wp:attachment":[{"href":"https:\/\/www.teka.com\/es-es\/wp-json\/wp\/v2\/media?parent=67083"}],"wp:term":[{"taxonomy":"product_cat","embeddable":true,"href":"https:\/\/www.teka.com\/es-es\/wp-json\/wp\/v2\/product_cat?post=67083"},{"taxonomy":"product_cleaning_system","embeddable":true,"href":"https:\/\/www.teka.com\/es-es\/wp-json\/wp\/v2\/product_cleaning_system?post=67083"},{"taxonomy":"product_edition","embeddable":true,"href":"https:\/\/www.teka.com\/es-es\/wp-json\/wp\/v2\/product_edition?post=67083"},{"taxonomy":"product_serie","embeddable":true,"href":"https:\/\/www.teka.com\/es-es\/wp-json\/wp\/v2\/product_serie?post=67083"},{"taxonomy":"product_features","embeddable":true,"href":"https:\/\/www.teka.com\/es-es\/wp-json\/wp\/v2\/product_features?post=67083"},{"taxonomy":"finishes","embeddable":true,"href":"https:\/\/www.teka.com\/es-es\/wp-json\/wp\/v2\/finishes?post=67083"},{"taxonomy":"product_3rd_basket","embeddable":true,"href":"https:\/\/www.teka.com\/es-es\/wp-json\/wp\/v2\/product_3rd_basket?post=67083"},{"taxonomy":"product_drawers","embeddable":true,"href":"https:\/\/www.teka.com\/es-es\/wp-json\/wp\/v2\/product_drawers?post=67083"},{"taxonomy":"product_type_of_installation","embeddable":true,"href":"https:\/\/www.teka.com\/es-es\/wp-json\/wp\/v2\/product_type_of_installation?post=67083"},{"taxonomy":"product_bundles","embeddable":true,"href":"https:\/\/www.teka.com\/es-es\/wp-json\/wp\/v2\/product_bundles?post=67083"},{"taxonomy":"product_energy_efficiency","embeddable":true,"href":"https:\/\/www.teka.com\/es-es\/wp-json\/wp\/v2\/product_energy_efficiency?post=67083"},{"taxonomy":"product_video_training","embeddable":true,"href":"https:\/\/www.teka.com\/es-es\/wp-json\/wp\/v2\/product_video_training?post=67083"}],"curies":[{"name":"wp","href":"https:\/\/api.w.org\/{rel}","templated":true}]}}