{"id":82504,"date":"2026-04-25T03:23:01","date_gmt":"2026-04-25T03:23:01","guid":{"rendered":"https:\/\/www.teka.com\/es-es\/producto\/jzc-94313-abn_112570115\/"},"modified":"2026-03-14T06:59:02","modified_gmt":"2026-03-14T07:59:02","slug":"jzc-94313-abn_112570115","status":"publish","type":"product","link":"https:\/\/www.teka.com\/es-es\/producto\/jzc-94313-abn_112570115\/","title":{"rendered":"JZC 94313 ABN"},"content":{"rendered":"<ul>\n<li>Inducci\u00f3n + Gas<\/li>\n<li>Cristal con bisel frontal y superficie de vidrio cer\u00e1mico<\/li>\n<li>Mando frontal con control Exact Flame &#8211; 9 niveles<\/li>\n<li>Autoencendido integrado en quemador y accionado por el mando<\/li>\n<li>Touch Control Multislider<\/li>\n<li>Regulador de potencia<\/li>\n<li>4 zonas de cocci\u00f3n (3 inducci\u00f3n + 1 gas)<\/li>\n<\/ul>\n","protected":false},"featured_media":0,"parent":0,"template":"","product_cat":[65713],"product_cleaning_system":[],"product_edition":[89984],"product_serie":[82661],"product_features":[],"finishes":[],"product_3rd_basket":[],"product_drawers":[],"product_type_of_installation":[],"product_bundles":[],"product_energy_efficiency":[],"product_video_training":[91632],"class_list":["post-82504","product","type-product","status-publish","hentry","product_cat-placas","usp-gas-01","usp-gas-03","usp-gas-05","usp-induction-17","usp-cookinglovers-01","usp-award-06","color-cristal-negro","product_type_of_appliance-induccion-gas","product_ambient-urban-colors-01","product_ambient-urban-colors-02","product_ambient-urban-colors-03","product_icons-auto-ignition","product_icons-autolock","product_icons-easy-installation","product_icons-exactflame","product_icons-multislider","product_icons-power","product_icons-power-plus","product_edition-night-river-black","product_serie-the-hybrid","product_video_training-traininghobs-07"],"acf":[],"yoast_head":"<!-- This site is optimized with the Yoast SEO plugin v27.5 - https:\/\/yoast.com\/product\/yoast-seo-wordpress\/ -->\n<title>Placa Cristal Gas + Inducci\u00f3n JZC 94313 ABN | Teka Espa\u00f1a<\/title>\n<meta name=\"description\" content=\"Placa mixta Inducci\u00f3n + Gas de 90 cm de ancho con 4 zonas de cocci\u00f3n. Placa Teka Hybrid de cristal cer\u00e1mico negro.\" \/>\n<meta name=\"robots\" content=\"index, follow, max-snippet:-1, max-image-preview:large, max-video-preview:-1\" \/>\n<link rel=\"canonical\" href=\"https:\/\/www.teka.com\/es-es\/producto\/jzc-94313-abn_112570115\/\" \/>\n<meta property=\"og:locale\" content=\"es_ES\" \/>\n<meta property=\"og:type\" content=\"article\" \/>\n<meta property=\"og:title\" content=\"Placa Cristal Gas + Inducci\u00f3n JZC 94313 ABN | Teka Espa\u00f1a\" \/>\n<meta property=\"og:description\" content=\"Placa mixta Inducci\u00f3n + Gas de 90 cm de ancho con 4 zonas de cocci\u00f3n. Placa Teka Hybrid de cristal cer\u00e1mico negro.\" \/>\n<meta property=\"og:url\" content=\"https:\/\/www.teka.com\/es-es\/producto\/jzc-94313-abn_112570115\/\" \/>\n<meta property=\"og:site_name\" content=\"Teka Espa\u00f1a\" \/>\n<meta name=\"twitter:card\" content=\"summary_large_image\" \/>\n<script type=\"application\/ld+json\" class=\"yoast-schema-graph\">{\"@context\":\"https:\\\/\\\/schema.org\",\"@graph\":[{\"@type\":\"WebPage\",\"@id\":\"https:\\\/\\\/www.teka.com\\\/es-es\\\/producto\\\/jzc-94313-abn_112570115\\\/\",\"url\":\"https:\\\/\\\/www.teka.com\\\/es-es\\\/producto\\\/jzc-94313-abn_112570115\\\/\",\"name\":\"Placa Cristal Gas + Inducci\u00f3n JZC 94313 ABN | Teka Espa\u00f1a\",\"isPartOf\":{\"@id\":\"https:\\\/\\\/www.teka.com\\\/es-es\\\/#website\"},\"datePublished\":\"2026-04-25T03:23:01+00:00\",\"description\":\"Placa mixta Inducci\u00f3n + Gas de 90 cm de ancho con 4 zonas de cocci\u00f3n. Placa Teka Hybrid de cristal cer\u00e1mico negro.\",\"inLanguage\":\"es\",\"potentialAction\":[{\"@type\":\"ReadAction\",\"target\":[\"https:\\\/\\\/www.teka.com\\\/es-es\\\/producto\\\/jzc-94313-abn_112570115\\\/\"]}]},{\"@type\":\"WebSite\",\"@id\":\"https:\\\/\\\/www.teka.com\\\/es-es\\\/#website\",\"url\":\"https:\\\/\\\/www.teka.com\\\/es-es\\\/\",\"name\":\"Teka Espa\u00f1a\",\"description\":\"\",\"publisher\":{\"@id\":\"https:\\\/\\\/www.teka.com\\\/es-es\\\/#organization\"},\"potentialAction\":[{\"@type\":\"SearchAction\",\"target\":{\"@type\":\"EntryPoint\",\"urlTemplate\":\"https:\\\/\\\/www.teka.com\\\/es-es\\\/?s={search_term_string}\"},\"query-input\":{\"@type\":\"PropertyValueSpecification\",\"valueRequired\":true,\"valueName\":\"search_term_string\"}}],\"inLanguage\":\"es\"},{\"@type\":\"Organization\",\"@id\":\"https:\\\/\\\/www.teka.com\\\/es-es\\\/#organization\",\"name\":\"Teka Espa\u00f1a\",\"url\":\"https:\\\/\\\/www.teka.com\\\/es-es\\\/\",\"logo\":{\"@type\":\"ImageObject\",\"inLanguage\":\"es\",\"@id\":\"https:\\\/\\\/www.teka.com\\\/es-es\\\/#\\\/schema\\\/logo\\\/image\\\/\",\"url\":\"https:\\\/\\\/www.teka.com\\\/es-es\\\/wp-content\\\/uploads\\\/sites\\\/2\\\/2020\\\/08\\\/teka-new-logo.png\",\"contentUrl\":\"https:\\\/\\\/www.teka.com\\\/es-es\\\/wp-content\\\/uploads\\\/sites\\\/2\\\/2020\\\/08\\\/teka-new-logo.png\",\"width\":1024,\"height\":1024,\"caption\":\"Teka Espa\u00f1a\"},\"image\":{\"@id\":\"https:\\\/\\\/www.teka.com\\\/es-es\\\/#\\\/schema\\\/logo\\\/image\\\/\"}}]}<\/script>\n<!-- \/ Yoast SEO plugin. -->","yoast_head_json":{"title":"Placa Cristal Gas + Inducci\u00f3n JZC 94313 ABN | Teka Espa\u00f1a","description":"Placa mixta Inducci\u00f3n + Gas de 90 cm de ancho con 4 zonas de cocci\u00f3n. Placa Teka Hybrid de cristal cer\u00e1mico negro.","robots":{"index":"index","follow":"follow","max-snippet":"max-snippet:-1","max-image-preview":"max-image-preview:large","max-video-preview":"max-video-preview:-1"},"canonical":"https:\/\/www.teka.com\/es-es\/producto\/jzc-94313-abn_112570115\/","og_locale":"es_ES","og_type":"article","og_title":"Placa Cristal Gas + Inducci\u00f3n JZC 94313 ABN | Teka Espa\u00f1a","og_description":"Placa mixta Inducci\u00f3n + Gas de 90 cm de ancho con 4 zonas de cocci\u00f3n. Placa Teka Hybrid de cristal cer\u00e1mico negro.","og_url":"https:\/\/www.teka.com\/es-es\/producto\/jzc-94313-abn_112570115\/","og_site_name":"Teka Espa\u00f1a","twitter_card":"summary_large_image","schema":{"@context":"https:\/\/schema.org","@graph":[{"@type":"WebPage","@id":"https:\/\/www.teka.com\/es-es\/producto\/jzc-94313-abn_112570115\/","url":"https:\/\/www.teka.com\/es-es\/producto\/jzc-94313-abn_112570115\/","name":"Placa Cristal Gas + Inducci\u00f3n JZC 94313 ABN | Teka Espa\u00f1a","isPartOf":{"@id":"https:\/\/www.teka.com\/es-es\/#website"},"datePublished":"2026-04-25T03:23:01+00:00","description":"Placa mixta Inducci\u00f3n + Gas de 90 cm de ancho con 4 zonas de cocci\u00f3n. Placa Teka Hybrid de cristal cer\u00e1mico negro.","inLanguage":"es","potentialAction":[{"@type":"ReadAction","target":["https:\/\/www.teka.com\/es-es\/producto\/jzc-94313-abn_112570115\/"]}]},{"@type":"WebSite","@id":"https:\/\/www.teka.com\/es-es\/#website","url":"https:\/\/www.teka.com\/es-es\/","name":"Teka Espa\u00f1a","description":"","publisher":{"@id":"https:\/\/www.teka.com\/es-es\/#organization"},"potentialAction":[{"@type":"SearchAction","target":{"@type":"EntryPoint","urlTemplate":"https:\/\/www.teka.com\/es-es\/?s={search_term_string}"},"query-input":{"@type":"PropertyValueSpecification","valueRequired":true,"valueName":"search_term_string"}}],"inLanguage":"es"},{"@type":"Organization","@id":"https:\/\/www.teka.com\/es-es\/#organization","name":"Teka Espa\u00f1a","url":"https:\/\/www.teka.com\/es-es\/","logo":{"@type":"ImageObject","inLanguage":"es","@id":"https:\/\/www.teka.com\/es-es\/#\/schema\/logo\/image\/","url":"https:\/\/www.teka.com\/es-es\/wp-content\/uploads\/sites\/2\/2020\/08\/teka-new-logo.png","contentUrl":"https:\/\/www.teka.com\/es-es\/wp-content\/uploads\/sites\/2\/2020\/08\/teka-new-logo.png","width":1024,"height":1024,"caption":"Teka Espa\u00f1a"},"image":{"@id":"https:\/\/www.teka.com\/es-es\/#\/schema\/logo\/image\/"}}]}},"_links":{"self":[{"href":"https:\/\/www.teka.com\/es-es\/wp-json\/wp\/v2\/product\/82504","targetHints":{"allow":["GET"]}}],"collection":[{"href":"https:\/\/www.teka.com\/es-es\/wp-json\/wp\/v2\/product"}],"about":[{"href":"https:\/\/www.teka.com\/es-es\/wp-json\/wp\/v2\/types\/product"}],"wp:attachment":[{"href":"https:\/\/www.teka.com\/es-es\/wp-json\/wp\/v2\/media?parent=82504"}],"wp:term":[{"taxonomy":"product_cat","embeddable":true,"href":"https:\/\/www.teka.com\/es-es\/wp-json\/wp\/v2\/product_cat?post=82504"},{"taxonomy":"product_cleaning_system","embeddable":true,"href":"https:\/\/www.teka.com\/es-es\/wp-json\/wp\/v2\/product_cleaning_system?post=82504"},{"taxonomy":"product_edition","embeddable":true,"href":"https:\/\/www.teka.com\/es-es\/wp-json\/wp\/v2\/product_edition?post=82504"},{"taxonomy":"product_serie","embeddable":true,"href":"https:\/\/www.teka.com\/es-es\/wp-json\/wp\/v2\/product_serie?post=82504"},{"taxonomy":"product_features","embeddable":true,"href":"https:\/\/www.teka.com\/es-es\/wp-json\/wp\/v2\/product_features?post=82504"},{"taxonomy":"finishes","embeddable":true,"href":"https:\/\/www.teka.com\/es-es\/wp-json\/wp\/v2\/finishes?post=82504"},{"taxonomy":"product_3rd_basket","embeddable":true,"href":"https:\/\/www.teka.com\/es-es\/wp-json\/wp\/v2\/product_3rd_basket?post=82504"},{"taxonomy":"product_drawers","embeddable":true,"href":"https:\/\/www.teka.com\/es-es\/wp-json\/wp\/v2\/product_drawers?post=82504"},{"taxonomy":"product_type_of_installation","embeddable":true,"href":"https:\/\/www.teka.com\/es-es\/wp-json\/wp\/v2\/product_type_of_installation?post=82504"},{"taxonomy":"product_bundles","embeddable":true,"href":"https:\/\/www.teka.com\/es-es\/wp-json\/wp\/v2\/product_bundles?post=82504"},{"taxonomy":"product_energy_efficiency","embeddable":true,"href":"https:\/\/www.teka.com\/es-es\/wp-json\/wp\/v2\/product_energy_efficiency?post=82504"},{"taxonomy":"product_video_training","embeddable":true,"href":"https:\/\/www.teka.com\/es-es\/wp-json\/wp\/v2\/product_video_training?post=82504"}],"curies":[{"name":"wp","href":"https:\/\/api.w.org\/{rel}","templated":true}]}}