{"id":5195,"date":"2018-08-09T09:59:32","date_gmt":"2018-08-09T07:59:32","guid":{"rendered":"http:\/\/teka.com\/?page_id=5195"},"modified":"2019-06-12T14:03:08","modified_gmt":"2019-06-12T12:03:08","slug":"avisos","status":"publish","type":"page","link":"https:\/\/www.teka.com\/es-gt\/soporte\/avisos\/","title":{"rendered":"Avisos de seguridad"},"content":{"rendered":"<p>[et_pb_section bb_built=\u00bb1&#8243; next_background_color=\u00bb#000000&#8243; _builder_version=\u00bb3.10.1&#8243; module_id=\u00bbaviso-de-seguridad-top\u00bb][et_pb_row _builder_version=\u00bb3.10.1&#8243; use_custom_width=\u00bbon\u00bb custom_width_px=\u00bb470px\u00bb][et_pb_column type=\u00bb4_4&#8243;][et_pb_text admin_label=\u00bbTitle\u00bb _builder_version=\u00bb3.19&#8243;]<\/p>\n<h1 style=\"text-align: center;\">Avisos de <strong>seguridad<\/strong><\/h1>\n<p>[\/et_pb_text][et_pb_text admin_label=\u00bbText\u00bb _builder_version=\u00bb3.19&#8243;]<\/p>\n<p style=\"text-align: center;\">Teka mantiene su compromiso con los est\u00e1ndares m\u00e1s estrictos de seguridad, calidad y fiabilidad en todos sus productos.\u00a0<\/p>\n<p>[\/et_pb_text][\/et_pb_column][\/et_pb_row][\/et_pb_section][et_pb_section bb_built=\u00bb1&#8243; specialty=\u00bboff\u00bb prev_background_color=\u00bb#000000&#8243; _builder_version=\u00bb3.10.1&#8243; custom_margin=\u00bb0px|||\u00bb next_background_color=\u00bb#000000&#8243; module_id=\u00bbaviso-de-seguridad-two\u00bb][et_pb_row _builder_version=\u00bb3.10.1&#8243; background_color=\u00bb#f2f2f2&#8243; custom_padding=\u00bb75px|60px|75px|60px\u00bb][et_pb_column type=\u00bb1_2&#8243;][et_pb_image _builder_version=\u00bb3.19&#8243; src=\u00bbhttps:\/\/www.teka.com\/wp-content\/uploads\/sites\/3\/2018\/08\/aviso-seguridad.jpg\u00bb align=\u00bbcenter\u00bb \/][\/et_pb_column][et_pb_column type=\u00bb1_2&#8243;][et_pb_text admin_label=\u00bbPreventive Review Campaign\u00bb _builder_version=\u00bb3.19&#8243;]<\/p>\n<h2>Campa\u00f1a de <strong>revisi\u00f3n\u00a0preventiva<\/strong><\/h2>\n<p>La compa\u00f1\u00eda ha iniciado una campa\u00f1a de revisi\u00f3n preventiva, voluntaria y gratuita para el usuario, de los microondas MWE 225 fabricados en julio de 2015, teniendo como objetivos el bienestar y satisfacci\u00f3n de sus clientes.<\/p>\n<p>[\/et_pb_text][et_pb_security _builder_version=\u00bb3.19&#8243; posts_number=\u00bb-1&#8243; show_categories=\u00bboff\u00bb show_pagination=\u00bboff\u00bb title_font_size_tablet=\u00bb51&#8243; title_line_height_tablet=\u00bb2&#8243; caption_font_size_tablet=\u00bb51&#8243; caption_line_height_tablet=\u00bb2&#8243; pagination_font_size_tablet=\u00bb51&#8243; pagination_line_height_tablet=\u00bb2&#8243; show_title=\u00bboff\u00bb \/][\/et_pb_column][\/et_pb_row][\/et_pb_section][et_pb_section bb_built=\u00bb1&#8243; fullwidth=\u00bboff\u00bb specialty=\u00bboff\u00bb prev_background_color=\u00bb#000000&#8243;][et_pb_row][et_pb_column type=\u00bb4_4&#8243;][et_pb_accordion _builder_version=\u00bb3.10.1&#8243; disabled_on=\u00bbon|on|on\u00bb disabled=\u00bbon\u00bb][et_pb_accordion_item _builder_version=\u00bb3.10.1&#8243; title=\u00bbRevisi\u00f3n gratuita de Microondas MWE 225 FI\u00bb use_background_color_gradient=\u00bboff\u00bb background_color_gradient_start=\u00bb#2b87da\u00bb background_color_gradient_end=\u00bb#29c4a9&#8243; background_color_gradient_type=\u00bblinear\u00bb background_color_gradient_direction=\u00bb180deg\u00bb background_color_gradient_direction_radial=\u00bbcenter\u00bb background_color_gradient_start_position=\u00bb0%\u00bb background_color_gradient_end_position=\u00bb100%\u00bb background_color_gradient_overlays_image=\u00bboff\u00bb parallax=\u00bboff\u00bb parallax_method=\u00bbon\u00bb background_size=\u00bbcover\u00bb background_position=\u00bbcenter\u00bb background_repeat=\u00bbno-repeat\u00bb background_blend=\u00bbnormal\u00bb allow_player_pause=\u00bboff\u00bb background_video_pause_outside_viewport=\u00bbon\u00bb text_shadow_style=\u00bbnone\u00bb box_shadow_style=\u00bbnone\u00bb \/][et_pb_accordion_item _builder_version=\u00bb3.10.1&#8243; title=\u00bbRevisi\u00f3n gratuita de Campana vertical de aspiraci\u00f3n perimetral QUADRO DLV 998&#8243; use_background_color_gradient=\u00bboff\u00bb background_color_gradient_start=\u00bb#2b87da\u00bb background_color_gradient_end=\u00bb#29c4a9&#8243; background_color_gradient_type=\u00bblinear\u00bb background_color_gradient_direction=\u00bb180deg\u00bb background_color_gradient_direction_radial=\u00bbcenter\u00bb background_color_gradient_start_position=\u00bb0%\u00bb background_color_gradient_end_position=\u00bb100%\u00bb background_color_gradient_overlays_image=\u00bboff\u00bb parallax=\u00bboff\u00bb parallax_method=\u00bbon\u00bb background_size=\u00bbcover\u00bb background_position=\u00bbcenter\u00bb background_repeat=\u00bbno-repeat\u00bb background_blend=\u00bbnormal\u00bb allow_player_pause=\u00bboff\u00bb background_video_pause_outside_viewport=\u00bbon\u00bb text_shadow_style=\u00bbnone\u00bb box_shadow_style=\u00bbnone\u00bb \/][et_pb_accordion_item _builder_version=\u00bb3.10.1&#8243; title=\u00bbRevisi\u00f3n gratuita de Frigor\u00edfico side by side No Frost POLAR NFE 900 X\u00bb use_background_color_gradient=\u00bboff\u00bb background_color_gradient_start=\u00bb#2b87da\u00bb background_color_gradient_end=\u00bb#29c4a9&#8243; background_color_gradient_type=\u00bblinear\u00bb background_color_gradient_direction=\u00bb180deg\u00bb background_color_gradient_direction_radial=\u00bbcenter\u00bb background_color_gradient_start_position=\u00bb0%\u00bb background_color_gradient_end_position=\u00bb100%\u00bb background_color_gradient_overlays_image=\u00bboff\u00bb parallax=\u00bboff\u00bb parallax_method=\u00bbon\u00bb background_size=\u00bbcover\u00bb background_position=\u00bbcenter\u00bb background_repeat=\u00bbno-repeat\u00bb background_blend=\u00bbnormal\u00bb allow_player_pause=\u00bboff\u00bb background_video_pause_outside_viewport=\u00bbon\u00bb text_shadow_style=\u00bbnone\u00bb box_shadow_style=\u00bbnone\u00bb \/][\/et_pb_accordion][et_pb_security _builder_version=\u00bb3.14&#8243; posts_number=\u00bb-1&#8243; show_categories=\u00bboff\u00bb show_pagination=\u00bboff\u00bb title_font_size_tablet=\u00bb51&#8243; title_line_height_tablet=\u00bb2&#8243; caption_font_size_tablet=\u00bb51&#8243; caption_line_height_tablet=\u00bb2&#8243; pagination_font_size_tablet=\u00bb51&#8243; pagination_line_height_tablet=\u00bb2&#8243; \/][\/et_pb_column][\/et_pb_row][\/et_pb_section]<\/p>\n","protected":false},"excerpt":{"rendered":"<p>Avisos de seguridad Teka mantiene su compromiso con los est\u00e1ndares m\u00e1s estrictos de seguridad, calidad y fiabilidad en todos sus productos.\u00a0 Campa\u00f1a de revisi\u00f3n\u00a0preventivaLa compa\u00f1\u00eda ha iniciado una campa\u00f1a de revisi\u00f3n preventiva, voluntaria y gratuita para el usuario, de los microondas MWE 225 fabricados en julio de 2015, teniendo como objetivos el bienestar y satisfacci\u00f3n [&hellip;]<\/p>\n","protected":false},"author":9,"featured_media":0,"parent":5193,"menu_order":0,"comment_status":"closed","ping_status":"closed","template":"","meta":{"_acf_changed":false,"_et_pb_use_builder":"on","_et_pb_old_content":"","_et_gb_content_width":"","footnotes":""},"class_list":["post-5195","page","type-page","status-publish","hentry"],"acf":[],"yoast_head":"<!-- This site is optimized with the Yoast SEO plugin v27.2 - https:\/\/yoast.com\/product\/yoast-seo-wordpress\/ -->\n<title>Avisos de seguridad | Teka Guatemala<\/title>\n<meta name=\"robots\" content=\"index, follow, max-snippet:-1, max-image-preview:large, max-video-preview:-1\" \/>\n<link rel=\"canonical\" href=\"https:\/\/www.teka.com\/es-gt\/soporte\/avisos\/\" \/>\n<meta property=\"og:locale\" content=\"es_ES\" \/>\n<meta property=\"og:type\" content=\"article\" \/>\n<meta property=\"og:title\" content=\"Avisos de seguridad | Teka Guatemala\" \/>\n<meta property=\"og:description\" content=\"Avisos de seguridad Teka mantiene su compromiso con los est\u00e1ndares m\u00e1s estrictos de seguridad, calidad y fiabilidad en todos sus productos.\u00a0 Campa\u00f1a de revisi\u00f3n\u00a0preventivaLa compa\u00f1\u00eda ha iniciado una campa\u00f1a de revisi\u00f3n preventiva, voluntaria y gratuita para el usuario, de los microondas MWE 225 fabricados en julio de 2015, teniendo como objetivos el bienestar y satisfacci\u00f3n [&hellip;]\" \/>\n<meta property=\"og:url\" content=\"https:\/\/www.teka.com\/es-gt\/soporte\/avisos\/\" \/>\n<meta property=\"og:site_name\" content=\"Teka Guatemala\" \/>\n<meta property=\"article:modified_time\" content=\"2019-06-12T12:03:08+00:00\" \/>\n<meta name=\"twitter:card\" content=\"summary_large_image\" \/>\n<meta name=\"twitter:label1\" content=\"Tiempo de lectura\" \/>\n\t<meta name=\"twitter:data1\" content=\"3 minutos\" \/>\n<script type=\"application\/ld+json\" class=\"yoast-schema-graph\">{\"@context\":\"https:\/\/schema.org\",\"@graph\":[{\"@type\":\"WebPage\",\"@id\":\"https:\/\/www.teka.com\/es-gt\/soporte\/avisos\/\",\"url\":\"https:\/\/www.teka.com\/es-gt\/soporte\/avisos\/\",\"name\":\"Avisos de seguridad | Teka Guatemala\",\"isPartOf\":{\"@id\":\"https:\/\/www.teka.com\/es-gt\/#website\"},\"datePublished\":\"2018-08-09T07:59:32+00:00\",\"dateModified\":\"2019-06-12T12:03:08+00:00\",\"breadcrumb\":{\"@id\":\"https:\/\/www.teka.com\/es-gt\/soporte\/avisos\/#breadcrumb\"},\"inLanguage\":\"es\",\"potentialAction\":[{\"@type\":\"ReadAction\",\"target\":[\"https:\/\/www.teka.com\/es-gt\/soporte\/avisos\/\"]}]},{\"@type\":\"BreadcrumbList\",\"@id\":\"https:\/\/www.teka.com\/es-gt\/soporte\/avisos\/#breadcrumb\",\"itemListElement\":[{\"@type\":\"ListItem\",\"position\":1,\"name\":\"Soporte\",\"item\":\"https:\/\/www.teka.com\/es-gt\/soporte\/\"},{\"@type\":\"ListItem\",\"position\":2,\"name\":\"Avisos de seguridad\"}]},{\"@type\":\"WebSite\",\"@id\":\"https:\/\/www.teka.com\/es-gt\/#website\",\"url\":\"https:\/\/www.teka.com\/es-gt\/\",\"name\":\"Teka Guatemala\",\"description\":\"\",\"publisher\":{\"@id\":\"https:\/\/www.teka.com\/es-gt\/#organization\"},\"potentialAction\":[{\"@type\":\"SearchAction\",\"target\":{\"@type\":\"EntryPoint\",\"urlTemplate\":\"https:\/\/www.teka.com\/es-gt\/?s={search_term_string}\"},\"query-input\":{\"@type\":\"PropertyValueSpecification\",\"valueRequired\":true,\"valueName\":\"search_term_string\"}}],\"inLanguage\":\"es\"},{\"@type\":\"Organization\",\"@id\":\"https:\/\/www.teka.com\/es-gt\/#organization\",\"name\":\"Teka Guatemala\",\"url\":\"https:\/\/www.teka.com\/es-gt\/\",\"logo\":{\"@type\":\"ImageObject\",\"inLanguage\":\"es\",\"@id\":\"https:\/\/www.teka.com\/es-gt\/#\/schema\/logo\/image\/\",\"url\":\"https:\/\/www.teka.com\/es-gt\/wp-content\/uploads\/sites\/90\/2018\/10\/404-teka.png\",\"contentUrl\":\"https:\/\/www.teka.com\/es-gt\/wp-content\/uploads\/sites\/90\/2018\/10\/404-teka.png\",\"width\":200,\"height\":200,\"caption\":\"Teka Guatemala\"},\"image\":{\"@id\":\"https:\/\/www.teka.com\/es-gt\/#\/schema\/logo\/image\/\"}}]}<\/script>\n<!-- \/ Yoast SEO plugin. -->","yoast_head_json":{"title":"Avisos de seguridad | Teka Guatemala","robots":{"index":"index","follow":"follow","max-snippet":"max-snippet:-1","max-image-preview":"max-image-preview:large","max-video-preview":"max-video-preview:-1"},"canonical":"https:\/\/www.teka.com\/es-gt\/soporte\/avisos\/","og_locale":"es_ES","og_type":"article","og_title":"Avisos de seguridad | Teka Guatemala","og_description":"Avisos de seguridad Teka mantiene su compromiso con los est\u00e1ndares m\u00e1s estrictos de seguridad, calidad y fiabilidad en todos sus productos.\u00a0 Campa\u00f1a de revisi\u00f3n\u00a0preventivaLa compa\u00f1\u00eda ha iniciado una campa\u00f1a de revisi\u00f3n preventiva, voluntaria y gratuita para el usuario, de los microondas MWE 225 fabricados en julio de 2015, teniendo como objetivos el bienestar y satisfacci\u00f3n [&hellip;]","og_url":"https:\/\/www.teka.com\/es-gt\/soporte\/avisos\/","og_site_name":"Teka Guatemala","article_modified_time":"2019-06-12T12:03:08+00:00","twitter_card":"summary_large_image","twitter_misc":{"Tiempo de lectura":"3 minutos"},"schema":{"@context":"https:\/\/schema.org","@graph":[{"@type":"WebPage","@id":"https:\/\/www.teka.com\/es-gt\/soporte\/avisos\/","url":"https:\/\/www.teka.com\/es-gt\/soporte\/avisos\/","name":"Avisos de seguridad | Teka Guatemala","isPartOf":{"@id":"https:\/\/www.teka.com\/es-gt\/#website"},"datePublished":"2018-08-09T07:59:32+00:00","dateModified":"2019-06-12T12:03:08+00:00","breadcrumb":{"@id":"https:\/\/www.teka.com\/es-gt\/soporte\/avisos\/#breadcrumb"},"inLanguage":"es","potentialAction":[{"@type":"ReadAction","target":["https:\/\/www.teka.com\/es-gt\/soporte\/avisos\/"]}]},{"@type":"BreadcrumbList","@id":"https:\/\/www.teka.com\/es-gt\/soporte\/avisos\/#breadcrumb","itemListElement":[{"@type":"ListItem","position":1,"name":"Soporte","item":"https:\/\/www.teka.com\/es-gt\/soporte\/"},{"@type":"ListItem","position":2,"name":"Avisos de seguridad"}]},{"@type":"WebSite","@id":"https:\/\/www.teka.com\/es-gt\/#website","url":"https:\/\/www.teka.com\/es-gt\/","name":"Teka Guatemala","description":"","publisher":{"@id":"https:\/\/www.teka.com\/es-gt\/#organization"},"potentialAction":[{"@type":"SearchAction","target":{"@type":"EntryPoint","urlTemplate":"https:\/\/www.teka.com\/es-gt\/?s={search_term_string}"},"query-input":{"@type":"PropertyValueSpecification","valueRequired":true,"valueName":"search_term_string"}}],"inLanguage":"es"},{"@type":"Organization","@id":"https:\/\/www.teka.com\/es-gt\/#organization","name":"Teka Guatemala","url":"https:\/\/www.teka.com\/es-gt\/","logo":{"@type":"ImageObject","inLanguage":"es","@id":"https:\/\/www.teka.com\/es-gt\/#\/schema\/logo\/image\/","url":"https:\/\/www.teka.com\/es-gt\/wp-content\/uploads\/sites\/90\/2018\/10\/404-teka.png","contentUrl":"https:\/\/www.teka.com\/es-gt\/wp-content\/uploads\/sites\/90\/2018\/10\/404-teka.png","width":200,"height":200,"caption":"Teka Guatemala"},"image":{"@id":"https:\/\/www.teka.com\/es-gt\/#\/schema\/logo\/image\/"}}]}},"_links":{"self":[{"href":"https:\/\/www.teka.com\/es-gt\/wp-json\/wp\/v2\/pages\/5195","targetHints":{"allow":["GET"]}}],"collection":[{"href":"https:\/\/www.teka.com\/es-gt\/wp-json\/wp\/v2\/pages"}],"about":[{"href":"https:\/\/www.teka.com\/es-gt\/wp-json\/wp\/v2\/types\/page"}],"author":[{"embeddable":true,"href":"https:\/\/www.teka.com\/es-gt\/wp-json\/wp\/v2\/users\/9"}],"replies":[{"embeddable":true,"href":"https:\/\/www.teka.com\/es-gt\/wp-json\/wp\/v2\/comments?post=5195"}],"version-history":[{"count":18,"href":"https:\/\/www.teka.com\/es-gt\/wp-json\/wp\/v2\/pages\/5195\/revisions"}],"predecessor-version":[{"id":66060,"href":"https:\/\/www.teka.com\/es-gt\/wp-json\/wp\/v2\/pages\/5195\/revisions\/66060"}],"up":[{"embeddable":true,"href":"https:\/\/www.teka.com\/es-gt\/wp-json\/wp\/v2\/pages\/5193"}],"wp:attachment":[{"href":"https:\/\/www.teka.com\/es-gt\/wp-json\/wp\/v2\/media?parent=5195"}],"curies":[{"name":"wp","href":"https:\/\/api.w.org\/{rel}","templated":true}]}}