{"id":68672,"date":"2026-04-07T19:34:43","date_gmt":"2026-04-07T19:34:43","guid":{"rendered":"https:\/\/www.teka.com\/es-gt\/producto\/tl-6310-inox_40474253\/"},"modified":"2026-03-14T05:14:12","modified_gmt":"2026-03-14T06:14:12","slug":"tl-6310-inox_40474253","status":"publish","type":"product","link":"https:\/\/www.teka.com\/es-gt\/producto\/tl-6310-inox_40474253\/","title":{"rendered":"TL 6310 Inox"},"content":{"rendered":"<ul>\n<li>Ideal para quienes buscan funcionalidad y potencia en un solo equipo.<\/li>\n<li>Panel de mandos basculantes que permite un control c\u00f3modo e intuitivo durante el uso.<\/li>\n<li>Dise\u00f1o telesc\u00f3pico que se integra discretamente al mueble, optimizando el espacio en la cocina.<\/li>\n<li>Dos velocidades para ajustar la extracci\u00f3n seg\u00fan el tipo de cocci\u00f3n.<\/li>\n<li>L\u00e1mparas LED eficiente que proporciona buena visibilidad con bajo consumo.<\/li>\n<li>Filtros met\u00e1licos, resistentes y f\u00e1ciles de limpiar, aptos para lavavajillas.<\/li>\n<li>Motor de doble turbina que proporciona mayor potencia de extracci\u00f3n y rendimiento constante.<\/li>\n<li>Nivel sonoro: min. 56 \u2013 m\u00e1x. 65 dB funcionamiento silencioso con niveles de ruido controlados.<\/li>\n<li>Filtro de carb\u00f3n activo para recirculaci\u00f3n del aire para recirculaci\u00f3n del aire que elimina olores en instalaciones sin salida exterior.<\/li>\n<\/ul>\n","protected":false},"featured_media":0,"parent":0,"template":"","product_cat":[57165],"product_cleaning_system":[],"product_3rd_basket":[],"product_drawers":[],"product_type_of_installation":[],"product_edition":[],"product_serie":[],"product_features":[],"finishes":[],"product_bundles":[],"product_energy_efficiency":[],"product_video_training":[],"class_list":["post-68672","product","type-product","status-publish","hentry","product_cat-campanas","usp-hoods-tl-01","usp-hoods-tl-02","usp-hoods-tl-04","usp-hoods-tl-03","usp-hoods-tl-05","usp-hoods-tl-06","color-inox","product_type_of_appliance-empotre","product_icons-led"],"acf":[],"yoast_head":"<!-- This site is optimized with the Yoast SEO plugin v27.2 - https:\/\/yoast.com\/product\/yoast-seo-wordpress\/ -->\n<title>Teka Campana de Cocina Decorativa para Instalaci\u00f3n de Empotre<\/title>\n<meta name=\"description\" content=\"Descubre la Campana de Cocina Decorativa para Instalaci\u00f3n color acero inoxidable con panel de mandos, 2 velocidades, motor doble turbina y filtros met\u00e1licos.\" \/>\n<meta name=\"robots\" content=\"index, follow, max-snippet:-1, max-image-preview:large, max-video-preview:-1\" \/>\n<link rel=\"canonical\" href=\"https:\/\/www.teka.com\/es-gt\/producto\/tl-6310-inox_40474253\/\" \/>\n<meta property=\"og:locale\" content=\"es_ES\" \/>\n<meta property=\"og:type\" content=\"article\" \/>\n<meta property=\"og:title\" content=\"Teka Campana de Cocina Decorativa para Instalaci\u00f3n de Empotre\" \/>\n<meta property=\"og:description\" content=\"Descubre la Campana de Cocina Decorativa para Instalaci\u00f3n color acero inoxidable con panel de mandos, 2 velocidades, motor doble turbina y filtros met\u00e1licos.\" \/>\n<meta property=\"og:url\" content=\"https:\/\/www.teka.com\/es-gt\/producto\/tl-6310-inox_40474253\/\" \/>\n<meta property=\"og:site_name\" content=\"Teka Guatemala\" \/>\n<meta name=\"twitter:card\" content=\"summary_large_image\" \/>\n<meta name=\"twitter:label1\" content=\"Tiempo de lectura\" \/>\n\t<meta name=\"twitter:data1\" content=\"1 minuto\" \/>\n<script type=\"application\/ld+json\" class=\"yoast-schema-graph\">{\"@context\":\"https:\/\/schema.org\",\"@graph\":[{\"@type\":\"WebPage\",\"@id\":\"https:\/\/www.teka.com\/es-gt\/producto\/tl-6310-inox_40474253\/\",\"url\":\"https:\/\/www.teka.com\/es-gt\/producto\/tl-6310-inox_40474253\/\",\"name\":\"Teka Campana de Cocina Decorativa para Instalaci\u00f3n de Empotre\",\"isPartOf\":{\"@id\":\"https:\/\/www.teka.com\/es-gt\/#website\"},\"datePublished\":\"2026-04-07T19:34:43+00:00\",\"description\":\"Descubre la Campana de Cocina Decorativa para Instalaci\u00f3n color acero inoxidable con panel de mandos, 2 velocidades, motor doble turbina y filtros met\u00e1licos.\",\"inLanguage\":\"es\",\"potentialAction\":[{\"@type\":\"ReadAction\",\"target\":[\"https:\/\/www.teka.com\/es-gt\/producto\/tl-6310-inox_40474253\/\"]}]},{\"@type\":\"WebSite\",\"@id\":\"https:\/\/www.teka.com\/es-gt\/#website\",\"url\":\"https:\/\/www.teka.com\/es-gt\/\",\"name\":\"Teka Guatemala\",\"description\":\"\",\"publisher\":{\"@id\":\"https:\/\/www.teka.com\/es-gt\/#organization\"},\"potentialAction\":[{\"@type\":\"SearchAction\",\"target\":{\"@type\":\"EntryPoint\",\"urlTemplate\":\"https:\/\/www.teka.com\/es-gt\/?s={search_term_string}\"},\"query-input\":{\"@type\":\"PropertyValueSpecification\",\"valueRequired\":true,\"valueName\":\"search_term_string\"}}],\"inLanguage\":\"es\"},{\"@type\":\"Organization\",\"@id\":\"https:\/\/www.teka.com\/es-gt\/#organization\",\"name\":\"Teka Guatemala\",\"url\":\"https:\/\/www.teka.com\/es-gt\/\",\"logo\":{\"@type\":\"ImageObject\",\"inLanguage\":\"es\",\"@id\":\"https:\/\/www.teka.com\/es-gt\/#\/schema\/logo\/image\/\",\"url\":\"https:\/\/www.teka.com\/es-gt\/wp-content\/uploads\/sites\/90\/2018\/10\/404-teka.png\",\"contentUrl\":\"https:\/\/www.teka.com\/es-gt\/wp-content\/uploads\/sites\/90\/2018\/10\/404-teka.png\",\"width\":200,\"height\":200,\"caption\":\"Teka Guatemala\"},\"image\":{\"@id\":\"https:\/\/www.teka.com\/es-gt\/#\/schema\/logo\/image\/\"}}]}<\/script>\n<!-- \/ Yoast SEO plugin. -->","yoast_head_json":{"title":"Teka Campana de Cocina Decorativa para Instalaci\u00f3n de Empotre","description":"Descubre la Campana de Cocina Decorativa para Instalaci\u00f3n color acero inoxidable con panel de mandos, 2 velocidades, motor doble turbina y filtros met\u00e1licos.","robots":{"index":"index","follow":"follow","max-snippet":"max-snippet:-1","max-image-preview":"max-image-preview:large","max-video-preview":"max-video-preview:-1"},"canonical":"https:\/\/www.teka.com\/es-gt\/producto\/tl-6310-inox_40474253\/","og_locale":"es_ES","og_type":"article","og_title":"Teka Campana de Cocina Decorativa para Instalaci\u00f3n de Empotre","og_description":"Descubre la Campana de Cocina Decorativa para Instalaci\u00f3n color acero inoxidable con panel de mandos, 2 velocidades, motor doble turbina y filtros met\u00e1licos.","og_url":"https:\/\/www.teka.com\/es-gt\/producto\/tl-6310-inox_40474253\/","og_site_name":"Teka Guatemala","twitter_card":"summary_large_image","twitter_misc":{"Tiempo de lectura":"1 minuto"},"schema":{"@context":"https:\/\/schema.org","@graph":[{"@type":"WebPage","@id":"https:\/\/www.teka.com\/es-gt\/producto\/tl-6310-inox_40474253\/","url":"https:\/\/www.teka.com\/es-gt\/producto\/tl-6310-inox_40474253\/","name":"Teka Campana de Cocina Decorativa para Instalaci\u00f3n de Empotre","isPartOf":{"@id":"https:\/\/www.teka.com\/es-gt\/#website"},"datePublished":"2026-04-07T19:34:43+00:00","description":"Descubre la Campana de Cocina Decorativa para Instalaci\u00f3n color acero inoxidable con panel de mandos, 2 velocidades, motor doble turbina y filtros met\u00e1licos.","inLanguage":"es","potentialAction":[{"@type":"ReadAction","target":["https:\/\/www.teka.com\/es-gt\/producto\/tl-6310-inox_40474253\/"]}]},{"@type":"WebSite","@id":"https:\/\/www.teka.com\/es-gt\/#website","url":"https:\/\/www.teka.com\/es-gt\/","name":"Teka Guatemala","description":"","publisher":{"@id":"https:\/\/www.teka.com\/es-gt\/#organization"},"potentialAction":[{"@type":"SearchAction","target":{"@type":"EntryPoint","urlTemplate":"https:\/\/www.teka.com\/es-gt\/?s={search_term_string}"},"query-input":{"@type":"PropertyValueSpecification","valueRequired":true,"valueName":"search_term_string"}}],"inLanguage":"es"},{"@type":"Organization","@id":"https:\/\/www.teka.com\/es-gt\/#organization","name":"Teka Guatemala","url":"https:\/\/www.teka.com\/es-gt\/","logo":{"@type":"ImageObject","inLanguage":"es","@id":"https:\/\/www.teka.com\/es-gt\/#\/schema\/logo\/image\/","url":"https:\/\/www.teka.com\/es-gt\/wp-content\/uploads\/sites\/90\/2018\/10\/404-teka.png","contentUrl":"https:\/\/www.teka.com\/es-gt\/wp-content\/uploads\/sites\/90\/2018\/10\/404-teka.png","width":200,"height":200,"caption":"Teka Guatemala"},"image":{"@id":"https:\/\/www.teka.com\/es-gt\/#\/schema\/logo\/image\/"}}]}},"_links":{"self":[{"href":"https:\/\/www.teka.com\/es-gt\/wp-json\/wp\/v2\/product\/68672","targetHints":{"allow":["GET"]}}],"collection":[{"href":"https:\/\/www.teka.com\/es-gt\/wp-json\/wp\/v2\/product"}],"about":[{"href":"https:\/\/www.teka.com\/es-gt\/wp-json\/wp\/v2\/types\/product"}],"wp:attachment":[{"href":"https:\/\/www.teka.com\/es-gt\/wp-json\/wp\/v2\/media?parent=68672"}],"wp:term":[{"taxonomy":"product_cat","embeddable":true,"href":"https:\/\/www.teka.com\/es-gt\/wp-json\/wp\/v2\/product_cat?post=68672"},{"taxonomy":"product_cleaning_system","embeddable":true,"href":"https:\/\/www.teka.com\/es-gt\/wp-json\/wp\/v2\/product_cleaning_system?post=68672"},{"taxonomy":"product_3rd_basket","embeddable":true,"href":"https:\/\/www.teka.com\/es-gt\/wp-json\/wp\/v2\/product_3rd_basket?post=68672"},{"taxonomy":"product_drawers","embeddable":true,"href":"https:\/\/www.teka.com\/es-gt\/wp-json\/wp\/v2\/product_drawers?post=68672"},{"taxonomy":"product_type_of_installation","embeddable":true,"href":"https:\/\/www.teka.com\/es-gt\/wp-json\/wp\/v2\/product_type_of_installation?post=68672"},{"taxonomy":"product_edition","embeddable":true,"href":"https:\/\/www.teka.com\/es-gt\/wp-json\/wp\/v2\/product_edition?post=68672"},{"taxonomy":"product_serie","embeddable":true,"href":"https:\/\/www.teka.com\/es-gt\/wp-json\/wp\/v2\/product_serie?post=68672"},{"taxonomy":"product_features","embeddable":true,"href":"https:\/\/www.teka.com\/es-gt\/wp-json\/wp\/v2\/product_features?post=68672"},{"taxonomy":"finishes","embeddable":true,"href":"https:\/\/www.teka.com\/es-gt\/wp-json\/wp\/v2\/finishes?post=68672"},{"taxonomy":"product_bundles","embeddable":true,"href":"https:\/\/www.teka.com\/es-gt\/wp-json\/wp\/v2\/product_bundles?post=68672"},{"taxonomy":"product_energy_efficiency","embeddable":true,"href":"https:\/\/www.teka.com\/es-gt\/wp-json\/wp\/v2\/product_energy_efficiency?post=68672"},{"taxonomy":"product_video_training","embeddable":true,"href":"https:\/\/www.teka.com\/es-gt\/wp-json\/wp\/v2\/product_video_training?post=68672"}],"curies":[{"name":"wp","href":"https:\/\/api.w.org\/{rel}","templated":true}]}}