{"id":69093,"date":"2026-04-05T02:26:09","date_gmt":"2026-04-05T02:26:09","guid":{"rendered":"https:\/\/teka.com\/es-mx\/hsb-756-g_111040009"},"modified":"2026-03-14T08:21:43","modified_gmt":"2026-03-14T09:21:43","slug":"hsb-756-g_111040009","status":"publish","type":"product","link":"https:\/\/www.teka.com\/es-gt\/producto\/hsb-756-g_111040009\/","title":{"rendered":"HSB 756 G"},"content":{"rendered":"<ul>\n<li>Ideal para quienes buscan potencia y cocci\u00f3n precisa en un solo equipo.<\/li>\n<li>Acero inoxidable con antihuella que mantiene el horno limpio, elegante y f\u00e1cil de cuidar.<\/li>\n<li>5 funciones de cocinado que brindan versatilidad total para preparar desde recetas tradicionales hasta platillos especializados.<\/li>\n<li>Grill el\u00e9ctrico de1,567 W con funci\u00f3n especial Airfry que permite dorar, gratinar y cocinar con acabado crujiente usando aire caliente, logrando resultados tipo fritura con menos grasa y mayor eficiencia energ\u00e9tica.<\/li>\n<li>Iluminaci\u00f3n hal\u00f3gena en el interior que ofrece luz c\u00e1lida y directa para una correcta visualizaci\u00f3n del interior del horno.<\/li>\n<li>Puerta de doble cristal que mejora el aislamiento t\u00e9rmico y la seguridad, manteniendo el exterior m\u00e1s fr\u00edo.<\/li>\n<li>Ventilaci\u00f3n tangencial forzada que protege los muebles y mejora la disipaci\u00f3n del calor durante el uso.<\/li>\n<li>Seguridad por termopar integrada en el quemador: v\u00e1lvula de seguridad que bloquea el paso del gas por seguridad en caso de ausencia (derrame o aire).<\/li>\n<li>Termostato para control de temperatura que permite ajustar y mantener con precisi\u00f3n la temperatura deseada, asegurando una cocci\u00f3n uniforme.<\/li>\n<li>Encendido electr\u00f3nico integrado en la perilla y quemador de gas de 2,350 W (8,460 BTU).<\/li>\n<li>Tipos de gas: LP (butano\/propano) o natural<\/li>\n<li>Esmalte interior Crystal Clean\u00ae que ofrece una superficie antiadherente, mayor durabilidad y limpieza m\u00e1s sencilla.<\/li>\n<li>Incluye: FryMaster Box (bandeja especial para fre\u00edr) y Bandeja profunda con esmalte Crystal Clean\u00ae<\/li>\n<\/ul>\n","protected":false},"featured_media":0,"parent":0,"template":"","product_cat":[57169],"product_cleaning_system":[],"product_3rd_basket":[],"product_drawers":[],"product_type_of_installation":[57449],"product_edition":[],"product_serie":[],"product_features":[],"finishes":[],"product_bundles":[],"product_energy_efficiency":[58051],"product_video_training":[58114,58124,58138,58297],"class_list":["post-69093","product","type-product","status-publish","hentry","product_cat-hornos","usp-renewableenergy-01","color-inox","product_type_of_appliance-compactos","product_type_of_appliance-multifuncion","product_type_of_appliance-con-microondas","product_type_of_installation-integrable","product_energy_efficiency-a-plus-icon","product_video_training-trainingovens-01","product_video_training-trainingovens-05","product_video_training-trainingovens-12","product_video_training-trainingovens-22"],"acf":[],"yoast_head":"<!-- This site is optimized with the Yoast SEO plugin v27.2 - https:\/\/yoast.com\/product\/yoast-seo-wordpress\/ -->\n<title>Horno a Gas Multifunci\u00f3n con Convecci\u00f3n con Funci\u00f3n Airfry<\/title>\n<meta name=\"description\" content=\"Descubre el Horno a Gas Multifunci\u00f3n con Convecci\u00f3n con Funci\u00f3n Airfry, 5 funciones de cocinado, puerta doble de cristal, seguridad termopar y 1 quemador.\" \/>\n<meta name=\"robots\" content=\"index, follow, max-snippet:-1, max-image-preview:large, max-video-preview:-1\" \/>\n<link rel=\"canonical\" href=\"https:\/\/www.teka.com\/es-gt\/producto\/hsb-756-g_111040009\/\" \/>\n<meta property=\"og:locale\" content=\"es_ES\" \/>\n<meta property=\"og:type\" content=\"article\" \/>\n<meta property=\"og:title\" content=\"Horno a Gas Multifunci\u00f3n con Convecci\u00f3n con Funci\u00f3n Airfry\" \/>\n<meta property=\"og:description\" content=\"Descubre el Horno a Gas Multifunci\u00f3n con Convecci\u00f3n con Funci\u00f3n Airfry, 5 funciones de cocinado, puerta doble de cristal, seguridad termopar y 1 quemador.\" \/>\n<meta property=\"og:url\" content=\"https:\/\/www.teka.com\/es-gt\/producto\/hsb-756-g_111040009\/\" \/>\n<meta property=\"og:site_name\" content=\"Teka Guatemala\" \/>\n<meta name=\"twitter:card\" content=\"summary_large_image\" \/>\n<meta name=\"twitter:label1\" content=\"Tiempo de lectura\" \/>\n\t<meta name=\"twitter:data1\" content=\"1 minuto\" \/>\n<script type=\"application\/ld+json\" class=\"yoast-schema-graph\">{\"@context\":\"https:\/\/schema.org\",\"@graph\":[{\"@type\":\"WebPage\",\"@id\":\"https:\/\/www.teka.com\/es-gt\/producto\/hsb-756-g_111040009\/\",\"url\":\"https:\/\/www.teka.com\/es-gt\/producto\/hsb-756-g_111040009\/\",\"name\":\"Horno a Gas Multifunci\u00f3n con Convecci\u00f3n con Funci\u00f3n Airfry\",\"isPartOf\":{\"@id\":\"https:\/\/www.teka.com\/es-gt\/#website\"},\"datePublished\":\"2026-04-05T02:26:09+00:00\",\"description\":\"Descubre el Horno a Gas Multifunci\u00f3n con Convecci\u00f3n con Funci\u00f3n Airfry, 5 funciones de cocinado, puerta doble de cristal, seguridad termopar y 1 quemador.\",\"inLanguage\":\"es\",\"potentialAction\":[{\"@type\":\"ReadAction\",\"target\":[\"https:\/\/www.teka.com\/es-gt\/producto\/hsb-756-g_111040009\/\"]}]},{\"@type\":\"WebSite\",\"@id\":\"https:\/\/www.teka.com\/es-gt\/#website\",\"url\":\"https:\/\/www.teka.com\/es-gt\/\",\"name\":\"Teka Guatemala\",\"description\":\"\",\"publisher\":{\"@id\":\"https:\/\/www.teka.com\/es-gt\/#organization\"},\"potentialAction\":[{\"@type\":\"SearchAction\",\"target\":{\"@type\":\"EntryPoint\",\"urlTemplate\":\"https:\/\/www.teka.com\/es-gt\/?s={search_term_string}\"},\"query-input\":{\"@type\":\"PropertyValueSpecification\",\"valueRequired\":true,\"valueName\":\"search_term_string\"}}],\"inLanguage\":\"es\"},{\"@type\":\"Organization\",\"@id\":\"https:\/\/www.teka.com\/es-gt\/#organization\",\"name\":\"Teka Guatemala\",\"url\":\"https:\/\/www.teka.com\/es-gt\/\",\"logo\":{\"@type\":\"ImageObject\",\"inLanguage\":\"es\",\"@id\":\"https:\/\/www.teka.com\/es-gt\/#\/schema\/logo\/image\/\",\"url\":\"https:\/\/www.teka.com\/es-gt\/wp-content\/uploads\/sites\/90\/2018\/10\/404-teka.png\",\"contentUrl\":\"https:\/\/www.teka.com\/es-gt\/wp-content\/uploads\/sites\/90\/2018\/10\/404-teka.png\",\"width\":200,\"height\":200,\"caption\":\"Teka Guatemala\"},\"image\":{\"@id\":\"https:\/\/www.teka.com\/es-gt\/#\/schema\/logo\/image\/\"}}]}<\/script>\n<!-- \/ Yoast SEO plugin. -->","yoast_head_json":{"title":"Horno a Gas Multifunci\u00f3n con Convecci\u00f3n con Funci\u00f3n Airfry","description":"Descubre el Horno a Gas Multifunci\u00f3n con Convecci\u00f3n con Funci\u00f3n Airfry, 5 funciones de cocinado, puerta doble de cristal, seguridad termopar y 1 quemador.","robots":{"index":"index","follow":"follow","max-snippet":"max-snippet:-1","max-image-preview":"max-image-preview:large","max-video-preview":"max-video-preview:-1"},"canonical":"https:\/\/www.teka.com\/es-gt\/producto\/hsb-756-g_111040009\/","og_locale":"es_ES","og_type":"article","og_title":"Horno a Gas Multifunci\u00f3n con Convecci\u00f3n con Funci\u00f3n Airfry","og_description":"Descubre el Horno a Gas Multifunci\u00f3n con Convecci\u00f3n con Funci\u00f3n Airfry, 5 funciones de cocinado, puerta doble de cristal, seguridad termopar y 1 quemador.","og_url":"https:\/\/www.teka.com\/es-gt\/producto\/hsb-756-g_111040009\/","og_site_name":"Teka Guatemala","twitter_card":"summary_large_image","twitter_misc":{"Tiempo de lectura":"1 minuto"},"schema":{"@context":"https:\/\/schema.org","@graph":[{"@type":"WebPage","@id":"https:\/\/www.teka.com\/es-gt\/producto\/hsb-756-g_111040009\/","url":"https:\/\/www.teka.com\/es-gt\/producto\/hsb-756-g_111040009\/","name":"Horno a Gas Multifunci\u00f3n con Convecci\u00f3n con Funci\u00f3n Airfry","isPartOf":{"@id":"https:\/\/www.teka.com\/es-gt\/#website"},"datePublished":"2026-04-05T02:26:09+00:00","description":"Descubre el Horno a Gas Multifunci\u00f3n con Convecci\u00f3n con Funci\u00f3n Airfry, 5 funciones de cocinado, puerta doble de cristal, seguridad termopar y 1 quemador.","inLanguage":"es","potentialAction":[{"@type":"ReadAction","target":["https:\/\/www.teka.com\/es-gt\/producto\/hsb-756-g_111040009\/"]}]},{"@type":"WebSite","@id":"https:\/\/www.teka.com\/es-gt\/#website","url":"https:\/\/www.teka.com\/es-gt\/","name":"Teka Guatemala","description":"","publisher":{"@id":"https:\/\/www.teka.com\/es-gt\/#organization"},"potentialAction":[{"@type":"SearchAction","target":{"@type":"EntryPoint","urlTemplate":"https:\/\/www.teka.com\/es-gt\/?s={search_term_string}"},"query-input":{"@type":"PropertyValueSpecification","valueRequired":true,"valueName":"search_term_string"}}],"inLanguage":"es"},{"@type":"Organization","@id":"https:\/\/www.teka.com\/es-gt\/#organization","name":"Teka Guatemala","url":"https:\/\/www.teka.com\/es-gt\/","logo":{"@type":"ImageObject","inLanguage":"es","@id":"https:\/\/www.teka.com\/es-gt\/#\/schema\/logo\/image\/","url":"https:\/\/www.teka.com\/es-gt\/wp-content\/uploads\/sites\/90\/2018\/10\/404-teka.png","contentUrl":"https:\/\/www.teka.com\/es-gt\/wp-content\/uploads\/sites\/90\/2018\/10\/404-teka.png","width":200,"height":200,"caption":"Teka Guatemala"},"image":{"@id":"https:\/\/www.teka.com\/es-gt\/#\/schema\/logo\/image\/"}}]}},"_links":{"self":[{"href":"https:\/\/www.teka.com\/es-gt\/wp-json\/wp\/v2\/product\/69093","targetHints":{"allow":["GET"]}}],"collection":[{"href":"https:\/\/www.teka.com\/es-gt\/wp-json\/wp\/v2\/product"}],"about":[{"href":"https:\/\/www.teka.com\/es-gt\/wp-json\/wp\/v2\/types\/product"}],"wp:attachment":[{"href":"https:\/\/www.teka.com\/es-gt\/wp-json\/wp\/v2\/media?parent=69093"}],"wp:term":[{"taxonomy":"product_cat","embeddable":true,"href":"https:\/\/www.teka.com\/es-gt\/wp-json\/wp\/v2\/product_cat?post=69093"},{"taxonomy":"product_cleaning_system","embeddable":true,"href":"https:\/\/www.teka.com\/es-gt\/wp-json\/wp\/v2\/product_cleaning_system?post=69093"},{"taxonomy":"product_3rd_basket","embeddable":true,"href":"https:\/\/www.teka.com\/es-gt\/wp-json\/wp\/v2\/product_3rd_basket?post=69093"},{"taxonomy":"product_drawers","embeddable":true,"href":"https:\/\/www.teka.com\/es-gt\/wp-json\/wp\/v2\/product_drawers?post=69093"},{"taxonomy":"product_type_of_installation","embeddable":true,"href":"https:\/\/www.teka.com\/es-gt\/wp-json\/wp\/v2\/product_type_of_installation?post=69093"},{"taxonomy":"product_edition","embeddable":true,"href":"https:\/\/www.teka.com\/es-gt\/wp-json\/wp\/v2\/product_edition?post=69093"},{"taxonomy":"product_serie","embeddable":true,"href":"https:\/\/www.teka.com\/es-gt\/wp-json\/wp\/v2\/product_serie?post=69093"},{"taxonomy":"product_features","embeddable":true,"href":"https:\/\/www.teka.com\/es-gt\/wp-json\/wp\/v2\/product_features?post=69093"},{"taxonomy":"finishes","embeddable":true,"href":"https:\/\/www.teka.com\/es-gt\/wp-json\/wp\/v2\/finishes?post=69093"},{"taxonomy":"product_bundles","embeddable":true,"href":"https:\/\/www.teka.com\/es-gt\/wp-json\/wp\/v2\/product_bundles?post=69093"},{"taxonomy":"product_energy_efficiency","embeddable":true,"href":"https:\/\/www.teka.com\/es-gt\/wp-json\/wp\/v2\/product_energy_efficiency?post=69093"},{"taxonomy":"product_video_training","embeddable":true,"href":"https:\/\/www.teka.com\/es-gt\/wp-json\/wp\/v2\/product_video_training?post=69093"}],"curies":[{"name":"wp","href":"https:\/\/api.w.org\/{rel}","templated":true}]}}