{"id":69367,"date":"2026-04-07T21:04:10","date_gmt":"2026-04-07T21:04:10","guid":{"rendered":"https:\/\/teka.com\/en-int\/dvi-98-infinity-g1_112930068"},"modified":"2026-03-14T08:29:29","modified_gmt":"2026-03-14T09:29:29","slug":"dvi-98-infinity-g1_112930068","status":"publish","type":"product","link":"https:\/\/www.teka.com\/es-gt\/producto\/dvi-98-infinity-g1_112930068\/","title":{"rendered":"DVI 98 Infinity G1"},"content":{"rendered":"<ul>\n<li>Dise\u00f1ado en Italia por Italdesign Giugiaro. Ideal para quienes buscan funcionalidad y potencia en un solo equipo.<\/li>\n<li>Tres velocidades + intensiva para adaptarse a diferentes tipos de cocci\u00f3n.<\/li>\n<li>Panel de mandos pulsantes que permite un control sencillo, pr\u00e1ctico y directo.<\/li>\n<li>Programaci\u00f3n del tiempo de aspiraci\u00f3n que permite automatizar el apagado y optimizar el rendimiento de extracci\u00f3n.<\/li>\n<li>Funci\u00f3n FreshAir que renueva el aire de forma autom\u00e1tica, manteniendo la cocina fresca y libre de olores.<\/li>\n<li>Barra de iluminaci\u00f3n LED (4 W) que ofrece iluminaci\u00f3n eficiente, uniforme y de bajo consumo.<\/li>\n<li>Filtro de aluminio resistente y f\u00e1cil de limpiar.<\/li>\n<li>Indicador de saturaci\u00f3n de filtros que avisa cu\u00e1ndo limpiar o sustituir los filtros, manteniendo el rendimiento \u00f3ptimo.<\/li>\n<li>Sistema de doble aspiraci\u00f3n que mejora la captaci\u00f3n de humos y vapores, aumentando la eficiencia de extracci\u00f3n.<\/li>\n<li>Motor de doble turbina que proporciona alto rendimiento, durabilidad y eficiencia.<\/li>\n<li>Filtro de carb\u00f3n activo para recirculaci\u00f3n del aire que elimina olores en instalaciones sin salida exterior.<\/li>\n<\/ul>\n","protected":false},"featured_media":0,"parent":0,"template":"","product_cat":[57165],"product_cleaning_system":[],"product_3rd_basket":[],"product_drawers":[],"product_type_of_installation":[],"product_edition":[],"product_serie":[],"product_features":[],"finishes":[],"product_bundles":[],"product_energy_efficiency":[],"product_video_training":[],"class_list":["post-69367","product","type-product","status-publish","hentry","product_cat-campanas","usp-infinityg1-01","usp-infinityg1-02","usp-infinityg1-03","usp-infinityg1-11","usp-infinityg1-12","usp-infinityg1-13","usp-cookinglovers-13","color-negro-mate","product_type_of_appliance-decorativas","product_ambient-infinityg1","product_icons-led","product_icons-perimeter-extraction","product_icons-stop-delay-timer","product_icons-freshair"],"acf":[],"yoast_head":"<!-- This site is optimized with the Yoast SEO plugin v27.2 - https:\/\/yoast.com\/product\/yoast-seo-wordpress\/ -->\n<title>Teka G1 Campana de Cocina Decorativa para Instalaci\u00f3n en Pared<\/title>\n<meta name=\"description\" content=\"Descubre la Campana de Cocina Decorativa para Instalaci\u00f3n en Pared con cristal negro, funci\u00f3n FreshAir, indicador de saturaci\u00f3n y motor de doble turbina.\" \/>\n<meta name=\"robots\" content=\"index, follow, max-snippet:-1, max-image-preview:large, max-video-preview:-1\" \/>\n<link rel=\"canonical\" href=\"https:\/\/www.teka.com\/es-gt\/producto\/dvi-98-infinity-g1_112930068\/\" \/>\n<meta property=\"og:locale\" content=\"es_ES\" \/>\n<meta property=\"og:type\" content=\"article\" \/>\n<meta property=\"og:title\" content=\"Teka G1 Campana de Cocina Decorativa para Instalaci\u00f3n en Pared\" \/>\n<meta property=\"og:description\" content=\"Descubre la Campana de Cocina Decorativa para Instalaci\u00f3n en Pared con cristal negro, funci\u00f3n FreshAir, indicador de saturaci\u00f3n y motor de doble turbina.\" \/>\n<meta property=\"og:url\" content=\"https:\/\/www.teka.com\/es-gt\/producto\/dvi-98-infinity-g1_112930068\/\" \/>\n<meta property=\"og:site_name\" content=\"Teka Guatemala\" \/>\n<meta name=\"twitter:card\" content=\"summary_large_image\" \/>\n<meta name=\"twitter:label1\" content=\"Tiempo de lectura\" \/>\n\t<meta name=\"twitter:data1\" content=\"1 minuto\" \/>\n<script type=\"application\/ld+json\" class=\"yoast-schema-graph\">{\"@context\":\"https:\/\/schema.org\",\"@graph\":[{\"@type\":\"WebPage\",\"@id\":\"https:\/\/www.teka.com\/es-gt\/producto\/dvi-98-infinity-g1_112930068\/\",\"url\":\"https:\/\/www.teka.com\/es-gt\/producto\/dvi-98-infinity-g1_112930068\/\",\"name\":\"Teka G1 Campana de Cocina Decorativa para Instalaci\u00f3n en Pared\",\"isPartOf\":{\"@id\":\"https:\/\/www.teka.com\/es-gt\/#website\"},\"datePublished\":\"2026-04-07T21:04:10+00:00\",\"description\":\"Descubre la Campana de Cocina Decorativa para Instalaci\u00f3n en Pared con cristal negro, funci\u00f3n FreshAir, indicador de saturaci\u00f3n y motor de doble turbina.\",\"inLanguage\":\"es\",\"potentialAction\":[{\"@type\":\"ReadAction\",\"target\":[\"https:\/\/www.teka.com\/es-gt\/producto\/dvi-98-infinity-g1_112930068\/\"]}]},{\"@type\":\"WebSite\",\"@id\":\"https:\/\/www.teka.com\/es-gt\/#website\",\"url\":\"https:\/\/www.teka.com\/es-gt\/\",\"name\":\"Teka Guatemala\",\"description\":\"\",\"publisher\":{\"@id\":\"https:\/\/www.teka.com\/es-gt\/#organization\"},\"potentialAction\":[{\"@type\":\"SearchAction\",\"target\":{\"@type\":\"EntryPoint\",\"urlTemplate\":\"https:\/\/www.teka.com\/es-gt\/?s={search_term_string}\"},\"query-input\":{\"@type\":\"PropertyValueSpecification\",\"valueRequired\":true,\"valueName\":\"search_term_string\"}}],\"inLanguage\":\"es\"},{\"@type\":\"Organization\",\"@id\":\"https:\/\/www.teka.com\/es-gt\/#organization\",\"name\":\"Teka Guatemala\",\"url\":\"https:\/\/www.teka.com\/es-gt\/\",\"logo\":{\"@type\":\"ImageObject\",\"inLanguage\":\"es\",\"@id\":\"https:\/\/www.teka.com\/es-gt\/#\/schema\/logo\/image\/\",\"url\":\"https:\/\/www.teka.com\/es-gt\/wp-content\/uploads\/sites\/90\/2018\/10\/404-teka.png\",\"contentUrl\":\"https:\/\/www.teka.com\/es-gt\/wp-content\/uploads\/sites\/90\/2018\/10\/404-teka.png\",\"width\":200,\"height\":200,\"caption\":\"Teka Guatemala\"},\"image\":{\"@id\":\"https:\/\/www.teka.com\/es-gt\/#\/schema\/logo\/image\/\"}}]}<\/script>\n<!-- \/ Yoast SEO plugin. -->","yoast_head_json":{"title":"Teka G1 Campana de Cocina Decorativa para Instalaci\u00f3n en Pared","description":"Descubre la Campana de Cocina Decorativa para Instalaci\u00f3n en Pared con cristal negro, funci\u00f3n FreshAir, indicador de saturaci\u00f3n y motor de doble turbina.","robots":{"index":"index","follow":"follow","max-snippet":"max-snippet:-1","max-image-preview":"max-image-preview:large","max-video-preview":"max-video-preview:-1"},"canonical":"https:\/\/www.teka.com\/es-gt\/producto\/dvi-98-infinity-g1_112930068\/","og_locale":"es_ES","og_type":"article","og_title":"Teka G1 Campana de Cocina Decorativa para Instalaci\u00f3n en Pared","og_description":"Descubre la Campana de Cocina Decorativa para Instalaci\u00f3n en Pared con cristal negro, funci\u00f3n FreshAir, indicador de saturaci\u00f3n y motor de doble turbina.","og_url":"https:\/\/www.teka.com\/es-gt\/producto\/dvi-98-infinity-g1_112930068\/","og_site_name":"Teka Guatemala","twitter_card":"summary_large_image","twitter_misc":{"Tiempo de lectura":"1 minuto"},"schema":{"@context":"https:\/\/schema.org","@graph":[{"@type":"WebPage","@id":"https:\/\/www.teka.com\/es-gt\/producto\/dvi-98-infinity-g1_112930068\/","url":"https:\/\/www.teka.com\/es-gt\/producto\/dvi-98-infinity-g1_112930068\/","name":"Teka G1 Campana de Cocina Decorativa para Instalaci\u00f3n en Pared","isPartOf":{"@id":"https:\/\/www.teka.com\/es-gt\/#website"},"datePublished":"2026-04-07T21:04:10+00:00","description":"Descubre la Campana de Cocina Decorativa para Instalaci\u00f3n en Pared con cristal negro, funci\u00f3n FreshAir, indicador de saturaci\u00f3n y motor de doble turbina.","inLanguage":"es","potentialAction":[{"@type":"ReadAction","target":["https:\/\/www.teka.com\/es-gt\/producto\/dvi-98-infinity-g1_112930068\/"]}]},{"@type":"WebSite","@id":"https:\/\/www.teka.com\/es-gt\/#website","url":"https:\/\/www.teka.com\/es-gt\/","name":"Teka Guatemala","description":"","publisher":{"@id":"https:\/\/www.teka.com\/es-gt\/#organization"},"potentialAction":[{"@type":"SearchAction","target":{"@type":"EntryPoint","urlTemplate":"https:\/\/www.teka.com\/es-gt\/?s={search_term_string}"},"query-input":{"@type":"PropertyValueSpecification","valueRequired":true,"valueName":"search_term_string"}}],"inLanguage":"es"},{"@type":"Organization","@id":"https:\/\/www.teka.com\/es-gt\/#organization","name":"Teka Guatemala","url":"https:\/\/www.teka.com\/es-gt\/","logo":{"@type":"ImageObject","inLanguage":"es","@id":"https:\/\/www.teka.com\/es-gt\/#\/schema\/logo\/image\/","url":"https:\/\/www.teka.com\/es-gt\/wp-content\/uploads\/sites\/90\/2018\/10\/404-teka.png","contentUrl":"https:\/\/www.teka.com\/es-gt\/wp-content\/uploads\/sites\/90\/2018\/10\/404-teka.png","width":200,"height":200,"caption":"Teka Guatemala"},"image":{"@id":"https:\/\/www.teka.com\/es-gt\/#\/schema\/logo\/image\/"}}]}},"_links":{"self":[{"href":"https:\/\/www.teka.com\/es-gt\/wp-json\/wp\/v2\/product\/69367","targetHints":{"allow":["GET"]}}],"collection":[{"href":"https:\/\/www.teka.com\/es-gt\/wp-json\/wp\/v2\/product"}],"about":[{"href":"https:\/\/www.teka.com\/es-gt\/wp-json\/wp\/v2\/types\/product"}],"wp:attachment":[{"href":"https:\/\/www.teka.com\/es-gt\/wp-json\/wp\/v2\/media?parent=69367"}],"wp:term":[{"taxonomy":"product_cat","embeddable":true,"href":"https:\/\/www.teka.com\/es-gt\/wp-json\/wp\/v2\/product_cat?post=69367"},{"taxonomy":"product_cleaning_system","embeddable":true,"href":"https:\/\/www.teka.com\/es-gt\/wp-json\/wp\/v2\/product_cleaning_system?post=69367"},{"taxonomy":"product_3rd_basket","embeddable":true,"href":"https:\/\/www.teka.com\/es-gt\/wp-json\/wp\/v2\/product_3rd_basket?post=69367"},{"taxonomy":"product_drawers","embeddable":true,"href":"https:\/\/www.teka.com\/es-gt\/wp-json\/wp\/v2\/product_drawers?post=69367"},{"taxonomy":"product_type_of_installation","embeddable":true,"href":"https:\/\/www.teka.com\/es-gt\/wp-json\/wp\/v2\/product_type_of_installation?post=69367"},{"taxonomy":"product_edition","embeddable":true,"href":"https:\/\/www.teka.com\/es-gt\/wp-json\/wp\/v2\/product_edition?post=69367"},{"taxonomy":"product_serie","embeddable":true,"href":"https:\/\/www.teka.com\/es-gt\/wp-json\/wp\/v2\/product_serie?post=69367"},{"taxonomy":"product_features","embeddable":true,"href":"https:\/\/www.teka.com\/es-gt\/wp-json\/wp\/v2\/product_features?post=69367"},{"taxonomy":"finishes","embeddable":true,"href":"https:\/\/www.teka.com\/es-gt\/wp-json\/wp\/v2\/finishes?post=69367"},{"taxonomy":"product_bundles","embeddable":true,"href":"https:\/\/www.teka.com\/es-gt\/wp-json\/wp\/v2\/product_bundles?post=69367"},{"taxonomy":"product_energy_efficiency","embeddable":true,"href":"https:\/\/www.teka.com\/es-gt\/wp-json\/wp\/v2\/product_energy_efficiency?post=69367"},{"taxonomy":"product_video_training","embeddable":true,"href":"https:\/\/www.teka.com\/es-gt\/wp-json\/wp\/v2\/product_video_training?post=69367"}],"curies":[{"name":"wp","href":"https:\/\/api.w.org\/{rel}","templated":true}]}}