{"id":67134,"date":"2026-04-23T15:21:17","date_gmt":"2026-04-23T15:21:17","guid":{"rendered":"https:\/\/www.teka.com\/es-hn\/producto\/hlf-924-g_41596120\/"},"modified":"2026-03-14T05:13:18","modified_gmt":"2026-03-14T06:13:18","slug":"hlf-924-g_41596120","status":"publish","type":"product","link":"https:\/\/www.teka.com\/es-hn\/producto\/hlf-924-g_41596120\/","title":{"rendered":"HLF 924 G"},"content":{"rendered":"<ul>\n<li>Ideal para quienes buscan cocinar alimentos de forma eficiente sin perder tiempo.<\/li>\n<li>Cristal negro y marco en acero inoxidable con antihuella que mantiene el horno limpio, elegante y f\u00e1cil de cuidar.<\/li>\n<li>5 funciones de cocinado para preparar distintos tipos de recetas, adaptando el modo de calor a cada necesidad.<\/li>\n<li>Iluminaci\u00f3n incandescente que ofrece luz c\u00e1lida y directa para una correcta visualizaci\u00f3n del interior del horno.<\/li>\n<li>Puerta de triple cristal que mejora el aislamiento t\u00e9rmico y la seguridad, manteniendo el exterior m\u00e1s fr\u00edo.<\/li>\n<li>Ventilaci\u00f3n tangencial que protege los muebles y mejora la disipaci\u00f3n del calor durante el uso.<\/li>\n<li>Seguridad por termopar integrada en el quemador: v\u00e1lvula de seguridad que bloquea el paso del gas por seguridad en caso de ausencia (derrame o aire).<\/li>\n<li>Termostato para control de temperatura que permite ajustar y mantener con precisi\u00f3n la temperatura deseada.<\/li>\n<li>Encendido electr\u00f3nico integrado en la perilla que garantiza un encendido r\u00e1pido, c\u00f3modo y seguro con un solo giro.<\/li>\n<li>1 quemador de gas.<\/li>\n<li>Tipos de gas: LP (butano\/propano) o natural.<\/li>\n<li>Esmalte interior Crystal Clean\u00ae que ofrece una superficie antiadherente, mayor durabilidad y limpieza m\u00e1s sencilla.<\/li>\n<li>Bandeja profunda con esmalte Crystal Clean\u00ae dise\u00f1ada para cocciones de gran volumen, su esmalte especial evita la adherencia de grasa y residuos, facilitando la limpieza y prolongando la durabilidad.<\/li>\n<\/ul>\n","protected":false},"featured_media":0,"parent":0,"template":"","product_cat":[58722],"product_cleaning_system":[],"product_3rd_basket":[],"product_drawers":[],"product_type_of_installation":[59000],"product_edition":[],"product_serie":[],"product_features":[],"finishes":[],"product_bundles":[],"product_energy_efficiency":[59599],"product_video_training":[59665,59675,59689],"class_list":["post-67134","product","type-product","status-publish","hentry","product_cat-hornos","usp-renewableenergy-01","color-inox","product_type_of_appliance-multifuncion","product_icons-69l","product_type_of_installation-integrable","product_energy_efficiency-b-icon","product_video_training-trainingovens-01","product_video_training-trainingovens-05","product_video_training-trainingovens-12"],"acf":[],"yoast_head":"<!-- This site is optimized with the Yoast SEO plugin v27.5 - https:\/\/yoast.com\/product\/yoast-seo-wordpress\/ -->\n<title>Teka Horno El\u00e9ctrico a Gas Multifunci\u00f3n con Convecci\u00f3n con capacidad de 76 L<\/title>\n<meta name=\"description\" content=\"Descubre el horno el\u00e9ctrico a gas multifunci\u00f3n con convecci\u00f3n (aire caliente) con 5 funciones de cocinado, puerta de triple cristal y seguridad termopar.\" \/>\n<meta name=\"robots\" content=\"index, follow, max-snippet:-1, max-image-preview:large, max-video-preview:-1\" \/>\n<link rel=\"canonical\" href=\"https:\/\/www.teka.com\/es-hn\/producto\/hlf-924-g_41596120\/\" \/>\n<meta property=\"og:locale\" content=\"es_ES\" \/>\n<meta property=\"og:type\" content=\"article\" \/>\n<meta property=\"og:title\" content=\"Teka Horno El\u00e9ctrico a Gas Multifunci\u00f3n con Convecci\u00f3n con capacidad de 76 L\" \/>\n<meta property=\"og:description\" content=\"Descubre el horno el\u00e9ctrico a gas multifunci\u00f3n con convecci\u00f3n (aire caliente) con 5 funciones de cocinado, puerta de triple cristal y seguridad termopar.\" \/>\n<meta property=\"og:url\" content=\"https:\/\/www.teka.com\/es-hn\/producto\/hlf-924-g_41596120\/\" \/>\n<meta property=\"og:site_name\" content=\"Teka Honduras\" \/>\n<meta name=\"twitter:card\" content=\"summary_large_image\" \/>\n<meta name=\"twitter:label1\" content=\"Tiempo de lectura\" \/>\n\t<meta name=\"twitter:data1\" content=\"1 minuto\" \/>\n<script type=\"application\/ld+json\" class=\"yoast-schema-graph\">{\"@context\":\"https:\\\/\\\/schema.org\",\"@graph\":[{\"@type\":\"WebPage\",\"@id\":\"https:\\\/\\\/www.teka.com\\\/es-hn\\\/producto\\\/hlf-924-g_41596120\\\/\",\"url\":\"https:\\\/\\\/www.teka.com\\\/es-hn\\\/producto\\\/hlf-924-g_41596120\\\/\",\"name\":\"Teka Horno El\u00e9ctrico a Gas Multifunci\u00f3n con Convecci\u00f3n con capacidad de 76 L\",\"isPartOf\":{\"@id\":\"https:\\\/\\\/www.teka.com\\\/es-hn\\\/#website\"},\"datePublished\":\"2026-04-23T15:21:17+00:00\",\"description\":\"Descubre el horno el\u00e9ctrico a gas multifunci\u00f3n con convecci\u00f3n (aire caliente) con 5 funciones de cocinado, puerta de triple cristal y seguridad termopar.\",\"inLanguage\":\"es\",\"potentialAction\":[{\"@type\":\"ReadAction\",\"target\":[\"https:\\\/\\\/www.teka.com\\\/es-hn\\\/producto\\\/hlf-924-g_41596120\\\/\"]}]},{\"@type\":\"WebSite\",\"@id\":\"https:\\\/\\\/www.teka.com\\\/es-hn\\\/#website\",\"url\":\"https:\\\/\\\/www.teka.com\\\/es-hn\\\/\",\"name\":\"Teka Honduras\",\"description\":\"\",\"publisher\":{\"@id\":\"https:\\\/\\\/www.teka.com\\\/es-hn\\\/#organization\"},\"potentialAction\":[{\"@type\":\"SearchAction\",\"target\":{\"@type\":\"EntryPoint\",\"urlTemplate\":\"https:\\\/\\\/www.teka.com\\\/es-hn\\\/?s={search_term_string}\"},\"query-input\":{\"@type\":\"PropertyValueSpecification\",\"valueRequired\":true,\"valueName\":\"search_term_string\"}}],\"inLanguage\":\"es\"},{\"@type\":\"Organization\",\"@id\":\"https:\\\/\\\/www.teka.com\\\/es-hn\\\/#organization\",\"name\":\"Teka Honduras\",\"url\":\"https:\\\/\\\/www.teka.com\\\/es-hn\\\/\",\"logo\":{\"@type\":\"ImageObject\",\"inLanguage\":\"es\",\"@id\":\"https:\\\/\\\/www.teka.com\\\/es-hn\\\/#\\\/schema\\\/logo\\\/image\\\/\",\"url\":\"https:\\\/\\\/www.teka.com\\\/es-hn\\\/wp-content\\\/uploads\\\/sites\\\/91\\\/2018\\\/10\\\/404-teka.png\",\"contentUrl\":\"https:\\\/\\\/www.teka.com\\\/es-hn\\\/wp-content\\\/uploads\\\/sites\\\/91\\\/2018\\\/10\\\/404-teka.png\",\"width\":200,\"height\":200,\"caption\":\"Teka Honduras\"},\"image\":{\"@id\":\"https:\\\/\\\/www.teka.com\\\/es-hn\\\/#\\\/schema\\\/logo\\\/image\\\/\"}}]}<\/script>\n<!-- \/ Yoast SEO plugin. -->","yoast_head_json":{"title":"Teka Horno El\u00e9ctrico a Gas Multifunci\u00f3n con Convecci\u00f3n con capacidad de 76 L","description":"Descubre el horno el\u00e9ctrico a gas multifunci\u00f3n con convecci\u00f3n (aire caliente) con 5 funciones de cocinado, puerta de triple cristal y seguridad termopar.","robots":{"index":"index","follow":"follow","max-snippet":"max-snippet:-1","max-image-preview":"max-image-preview:large","max-video-preview":"max-video-preview:-1"},"canonical":"https:\/\/www.teka.com\/es-hn\/producto\/hlf-924-g_41596120\/","og_locale":"es_ES","og_type":"article","og_title":"Teka Horno El\u00e9ctrico a Gas Multifunci\u00f3n con Convecci\u00f3n con capacidad de 76 L","og_description":"Descubre el horno el\u00e9ctrico a gas multifunci\u00f3n con convecci\u00f3n (aire caliente) con 5 funciones de cocinado, puerta de triple cristal y seguridad termopar.","og_url":"https:\/\/www.teka.com\/es-hn\/producto\/hlf-924-g_41596120\/","og_site_name":"Teka Honduras","twitter_card":"summary_large_image","twitter_misc":{"Tiempo de lectura":"1 minuto"},"schema":{"@context":"https:\/\/schema.org","@graph":[{"@type":"WebPage","@id":"https:\/\/www.teka.com\/es-hn\/producto\/hlf-924-g_41596120\/","url":"https:\/\/www.teka.com\/es-hn\/producto\/hlf-924-g_41596120\/","name":"Teka Horno El\u00e9ctrico a Gas Multifunci\u00f3n con Convecci\u00f3n con capacidad de 76 L","isPartOf":{"@id":"https:\/\/www.teka.com\/es-hn\/#website"},"datePublished":"2026-04-23T15:21:17+00:00","description":"Descubre el horno el\u00e9ctrico a gas multifunci\u00f3n con convecci\u00f3n (aire caliente) con 5 funciones de cocinado, puerta de triple cristal y seguridad termopar.","inLanguage":"es","potentialAction":[{"@type":"ReadAction","target":["https:\/\/www.teka.com\/es-hn\/producto\/hlf-924-g_41596120\/"]}]},{"@type":"WebSite","@id":"https:\/\/www.teka.com\/es-hn\/#website","url":"https:\/\/www.teka.com\/es-hn\/","name":"Teka Honduras","description":"","publisher":{"@id":"https:\/\/www.teka.com\/es-hn\/#organization"},"potentialAction":[{"@type":"SearchAction","target":{"@type":"EntryPoint","urlTemplate":"https:\/\/www.teka.com\/es-hn\/?s={search_term_string}"},"query-input":{"@type":"PropertyValueSpecification","valueRequired":true,"valueName":"search_term_string"}}],"inLanguage":"es"},{"@type":"Organization","@id":"https:\/\/www.teka.com\/es-hn\/#organization","name":"Teka Honduras","url":"https:\/\/www.teka.com\/es-hn\/","logo":{"@type":"ImageObject","inLanguage":"es","@id":"https:\/\/www.teka.com\/es-hn\/#\/schema\/logo\/image\/","url":"https:\/\/www.teka.com\/es-hn\/wp-content\/uploads\/sites\/91\/2018\/10\/404-teka.png","contentUrl":"https:\/\/www.teka.com\/es-hn\/wp-content\/uploads\/sites\/91\/2018\/10\/404-teka.png","width":200,"height":200,"caption":"Teka Honduras"},"image":{"@id":"https:\/\/www.teka.com\/es-hn\/#\/schema\/logo\/image\/"}}]}},"_links":{"self":[{"href":"https:\/\/www.teka.com\/es-hn\/wp-json\/wp\/v2\/product\/67134","targetHints":{"allow":["GET"]}}],"collection":[{"href":"https:\/\/www.teka.com\/es-hn\/wp-json\/wp\/v2\/product"}],"about":[{"href":"https:\/\/www.teka.com\/es-hn\/wp-json\/wp\/v2\/types\/product"}],"wp:attachment":[{"href":"https:\/\/www.teka.com\/es-hn\/wp-json\/wp\/v2\/media?parent=67134"}],"wp:term":[{"taxonomy":"product_cat","embeddable":true,"href":"https:\/\/www.teka.com\/es-hn\/wp-json\/wp\/v2\/product_cat?post=67134"},{"taxonomy":"product_cleaning_system","embeddable":true,"href":"https:\/\/www.teka.com\/es-hn\/wp-json\/wp\/v2\/product_cleaning_system?post=67134"},{"taxonomy":"product_3rd_basket","embeddable":true,"href":"https:\/\/www.teka.com\/es-hn\/wp-json\/wp\/v2\/product_3rd_basket?post=67134"},{"taxonomy":"product_drawers","embeddable":true,"href":"https:\/\/www.teka.com\/es-hn\/wp-json\/wp\/v2\/product_drawers?post=67134"},{"taxonomy":"product_type_of_installation","embeddable":true,"href":"https:\/\/www.teka.com\/es-hn\/wp-json\/wp\/v2\/product_type_of_installation?post=67134"},{"taxonomy":"product_edition","embeddable":true,"href":"https:\/\/www.teka.com\/es-hn\/wp-json\/wp\/v2\/product_edition?post=67134"},{"taxonomy":"product_serie","embeddable":true,"href":"https:\/\/www.teka.com\/es-hn\/wp-json\/wp\/v2\/product_serie?post=67134"},{"taxonomy":"product_features","embeddable":true,"href":"https:\/\/www.teka.com\/es-hn\/wp-json\/wp\/v2\/product_features?post=67134"},{"taxonomy":"finishes","embeddable":true,"href":"https:\/\/www.teka.com\/es-hn\/wp-json\/wp\/v2\/finishes?post=67134"},{"taxonomy":"product_bundles","embeddable":true,"href":"https:\/\/www.teka.com\/es-hn\/wp-json\/wp\/v2\/product_bundles?post=67134"},{"taxonomy":"product_energy_efficiency","embeddable":true,"href":"https:\/\/www.teka.com\/es-hn\/wp-json\/wp\/v2\/product_energy_efficiency?post=67134"},{"taxonomy":"product_video_training","embeddable":true,"href":"https:\/\/www.teka.com\/es-hn\/wp-json\/wp\/v2\/product_video_training?post=67134"}],"curies":[{"name":"wp","href":"https:\/\/api.w.org\/{rel}","templated":true}]}}