{"id":67170,"date":"2026-04-23T15:50:56","date_gmt":"2026-04-23T15:50:56","guid":{"rendered":"https:\/\/www.teka.com\/es-hn\/producto\/rv-51c_40682102\/"},"modified":"2026-03-14T05:14:23","modified_gmt":"2026-03-14T06:14:23","slug":"rv-51c_40682102","status":"publish","type":"product","link":"https:\/\/www.teka.com\/es-hn\/producto\/rv-51c_40682102\/","title":{"rendered":"RV 51C"},"content":{"rendered":"<ul>\n<li>Los enfriadores de vinos son ideales para aquellos que disfrutan de una buena selecci\u00f3n de vinos y buscan mantenerlos a la temperatura perfecta para su consumo.<\/li>\n<li>Acabado en puerta: vidrio con protecci\u00f3n de rayos UV es crucial para mantener su calidad y frescura.<\/li>\n<li>Anaqueles de madera: 6 (5 completos + 1 medio).<\/li>\n<li>Panel de mandos digital con display LED es el sistema de control electr\u00f3nico desde donde se configuran y se visualizan los ajustes del enfriador de vinos de forma clara y precisa.<\/li>\n<li>Filtro de carb\u00f3n activo sirve para mantener un ambiente interno limpio y neutro, protegiendo el sabor y aroma del vino.<\/li>\n<li>Nivel sonoro: 42 dB este nivel de ruido es considerado bajo, similar al de una conversaci\u00f3n tranquila o al ambiente de una biblioteca.<\/li>\n<li>Descongelamiento autom\u00e1tico evita la acumulaci\u00f3n de escarcha o hielo en el interior del equipo, manteniendo un rendimiento \u00f3ptimo sin intervenci\u00f3n manual.<\/li>\n<li>Cerradura con llave para resguardar los vinos y tenerlos listos cada ocasi\u00f3n.<\/li>\n<\/ul>\n","protected":false},"featured_media":0,"parent":0,"template":"","product_cat":[59699],"product_cleaning_system":[],"product_3rd_basket":[],"product_drawers":[],"product_type_of_installation":[59047],"product_edition":[],"product_serie":[],"product_features":[],"finishes":[],"product_bundles":[],"product_energy_efficiency":[],"product_video_training":[],"class_list":["post-67170","product","type-product","status-publish","hentry","product_cat-enfriadores-de-vino","color-inox","product_type_of_installation-free-standing"],"acf":[],"yoast_head":"<!-- This site is optimized with the Yoast SEO plugin v27.2 - https:\/\/yoast.com\/product\/yoast-seo-wordpress\/ -->\n<title>Teka Enfriador de Vinos para 51 botellas de Libre Instalaci\u00f3n<\/title>\n<meta name=\"description\" content=\"Descubre el Enfriador de Vinos para 51 botellas de Libre Instalaci\u00f3n con anaqueles de madera: 6 (5 completos + 1 medio), filtro de carb\u00f3n y nivel sonoro 42 dB.\" \/>\n<meta name=\"robots\" content=\"index, follow, max-snippet:-1, max-image-preview:large, max-video-preview:-1\" \/>\n<link rel=\"canonical\" href=\"https:\/\/www.teka.com\/es-hn\/producto\/rv-51c_40682102\/\" \/>\n<meta property=\"og:locale\" content=\"es_ES\" \/>\n<meta property=\"og:type\" content=\"article\" \/>\n<meta property=\"og:title\" content=\"Teka Enfriador de Vinos para 51 botellas de Libre Instalaci\u00f3n\" \/>\n<meta property=\"og:description\" content=\"Descubre el Enfriador de Vinos para 51 botellas de Libre Instalaci\u00f3n con anaqueles de madera: 6 (5 completos + 1 medio), filtro de carb\u00f3n y nivel sonoro 42 dB.\" \/>\n<meta property=\"og:url\" content=\"https:\/\/www.teka.com\/es-hn\/producto\/rv-51c_40682102\/\" \/>\n<meta property=\"og:site_name\" content=\"Teka Honduras\" \/>\n<meta name=\"twitter:card\" content=\"summary_large_image\" \/>\n<meta name=\"twitter:label1\" content=\"Tiempo de lectura\" \/>\n\t<meta name=\"twitter:data1\" content=\"1 minuto\" \/>\n<script type=\"application\/ld+json\" class=\"yoast-schema-graph\">{\"@context\":\"https:\/\/schema.org\",\"@graph\":[{\"@type\":\"WebPage\",\"@id\":\"https:\/\/www.teka.com\/es-hn\/producto\/rv-51c_40682102\/\",\"url\":\"https:\/\/www.teka.com\/es-hn\/producto\/rv-51c_40682102\/\",\"name\":\"Teka Enfriador de Vinos para 51 botellas de Libre Instalaci\u00f3n\",\"isPartOf\":{\"@id\":\"https:\/\/www.teka.com\/es-hn\/#website\"},\"datePublished\":\"2026-04-23T15:50:56+00:00\",\"description\":\"Descubre el Enfriador de Vinos para 51 botellas de Libre Instalaci\u00f3n con anaqueles de madera: 6 (5 completos + 1 medio), filtro de carb\u00f3n y nivel sonoro 42 dB.\",\"inLanguage\":\"es\",\"potentialAction\":[{\"@type\":\"ReadAction\",\"target\":[\"https:\/\/www.teka.com\/es-hn\/producto\/rv-51c_40682102\/\"]}]},{\"@type\":\"WebSite\",\"@id\":\"https:\/\/www.teka.com\/es-hn\/#website\",\"url\":\"https:\/\/www.teka.com\/es-hn\/\",\"name\":\"Teka Honduras\",\"description\":\"\",\"publisher\":{\"@id\":\"https:\/\/www.teka.com\/es-hn\/#organization\"},\"potentialAction\":[{\"@type\":\"SearchAction\",\"target\":{\"@type\":\"EntryPoint\",\"urlTemplate\":\"https:\/\/www.teka.com\/es-hn\/?s={search_term_string}\"},\"query-input\":{\"@type\":\"PropertyValueSpecification\",\"valueRequired\":true,\"valueName\":\"search_term_string\"}}],\"inLanguage\":\"es\"},{\"@type\":\"Organization\",\"@id\":\"https:\/\/www.teka.com\/es-hn\/#organization\",\"name\":\"Teka Honduras\",\"url\":\"https:\/\/www.teka.com\/es-hn\/\",\"logo\":{\"@type\":\"ImageObject\",\"inLanguage\":\"es\",\"@id\":\"https:\/\/www.teka.com\/es-hn\/#\/schema\/logo\/image\/\",\"url\":\"https:\/\/www.teka.com\/es-hn\/wp-content\/uploads\/sites\/91\/2018\/10\/404-teka.png\",\"contentUrl\":\"https:\/\/www.teka.com\/es-hn\/wp-content\/uploads\/sites\/91\/2018\/10\/404-teka.png\",\"width\":200,\"height\":200,\"caption\":\"Teka Honduras\"},\"image\":{\"@id\":\"https:\/\/www.teka.com\/es-hn\/#\/schema\/logo\/image\/\"}}]}<\/script>\n<!-- \/ Yoast SEO plugin. -->","yoast_head_json":{"title":"Teka Enfriador de Vinos para 51 botellas de Libre Instalaci\u00f3n","description":"Descubre el Enfriador de Vinos para 51 botellas de Libre Instalaci\u00f3n con anaqueles de madera: 6 (5 completos + 1 medio), filtro de carb\u00f3n y nivel sonoro 42 dB.","robots":{"index":"index","follow":"follow","max-snippet":"max-snippet:-1","max-image-preview":"max-image-preview:large","max-video-preview":"max-video-preview:-1"},"canonical":"https:\/\/www.teka.com\/es-hn\/producto\/rv-51c_40682102\/","og_locale":"es_ES","og_type":"article","og_title":"Teka Enfriador de Vinos para 51 botellas de Libre Instalaci\u00f3n","og_description":"Descubre el Enfriador de Vinos para 51 botellas de Libre Instalaci\u00f3n con anaqueles de madera: 6 (5 completos + 1 medio), filtro de carb\u00f3n y nivel sonoro 42 dB.","og_url":"https:\/\/www.teka.com\/es-hn\/producto\/rv-51c_40682102\/","og_site_name":"Teka Honduras","twitter_card":"summary_large_image","twitter_misc":{"Tiempo de lectura":"1 minuto"},"schema":{"@context":"https:\/\/schema.org","@graph":[{"@type":"WebPage","@id":"https:\/\/www.teka.com\/es-hn\/producto\/rv-51c_40682102\/","url":"https:\/\/www.teka.com\/es-hn\/producto\/rv-51c_40682102\/","name":"Teka Enfriador de Vinos para 51 botellas de Libre Instalaci\u00f3n","isPartOf":{"@id":"https:\/\/www.teka.com\/es-hn\/#website"},"datePublished":"2026-04-23T15:50:56+00:00","description":"Descubre el Enfriador de Vinos para 51 botellas de Libre Instalaci\u00f3n con anaqueles de madera: 6 (5 completos + 1 medio), filtro de carb\u00f3n y nivel sonoro 42 dB.","inLanguage":"es","potentialAction":[{"@type":"ReadAction","target":["https:\/\/www.teka.com\/es-hn\/producto\/rv-51c_40682102\/"]}]},{"@type":"WebSite","@id":"https:\/\/www.teka.com\/es-hn\/#website","url":"https:\/\/www.teka.com\/es-hn\/","name":"Teka Honduras","description":"","publisher":{"@id":"https:\/\/www.teka.com\/es-hn\/#organization"},"potentialAction":[{"@type":"SearchAction","target":{"@type":"EntryPoint","urlTemplate":"https:\/\/www.teka.com\/es-hn\/?s={search_term_string}"},"query-input":{"@type":"PropertyValueSpecification","valueRequired":true,"valueName":"search_term_string"}}],"inLanguage":"es"},{"@type":"Organization","@id":"https:\/\/www.teka.com\/es-hn\/#organization","name":"Teka Honduras","url":"https:\/\/www.teka.com\/es-hn\/","logo":{"@type":"ImageObject","inLanguage":"es","@id":"https:\/\/www.teka.com\/es-hn\/#\/schema\/logo\/image\/","url":"https:\/\/www.teka.com\/es-hn\/wp-content\/uploads\/sites\/91\/2018\/10\/404-teka.png","contentUrl":"https:\/\/www.teka.com\/es-hn\/wp-content\/uploads\/sites\/91\/2018\/10\/404-teka.png","width":200,"height":200,"caption":"Teka Honduras"},"image":{"@id":"https:\/\/www.teka.com\/es-hn\/#\/schema\/logo\/image\/"}}]}},"_links":{"self":[{"href":"https:\/\/www.teka.com\/es-hn\/wp-json\/wp\/v2\/product\/67170","targetHints":{"allow":["GET"]}}],"collection":[{"href":"https:\/\/www.teka.com\/es-hn\/wp-json\/wp\/v2\/product"}],"about":[{"href":"https:\/\/www.teka.com\/es-hn\/wp-json\/wp\/v2\/types\/product"}],"wp:attachment":[{"href":"https:\/\/www.teka.com\/es-hn\/wp-json\/wp\/v2\/media?parent=67170"}],"wp:term":[{"taxonomy":"product_cat","embeddable":true,"href":"https:\/\/www.teka.com\/es-hn\/wp-json\/wp\/v2\/product_cat?post=67170"},{"taxonomy":"product_cleaning_system","embeddable":true,"href":"https:\/\/www.teka.com\/es-hn\/wp-json\/wp\/v2\/product_cleaning_system?post=67170"},{"taxonomy":"product_3rd_basket","embeddable":true,"href":"https:\/\/www.teka.com\/es-hn\/wp-json\/wp\/v2\/product_3rd_basket?post=67170"},{"taxonomy":"product_drawers","embeddable":true,"href":"https:\/\/www.teka.com\/es-hn\/wp-json\/wp\/v2\/product_drawers?post=67170"},{"taxonomy":"product_type_of_installation","embeddable":true,"href":"https:\/\/www.teka.com\/es-hn\/wp-json\/wp\/v2\/product_type_of_installation?post=67170"},{"taxonomy":"product_edition","embeddable":true,"href":"https:\/\/www.teka.com\/es-hn\/wp-json\/wp\/v2\/product_edition?post=67170"},{"taxonomy":"product_serie","embeddable":true,"href":"https:\/\/www.teka.com\/es-hn\/wp-json\/wp\/v2\/product_serie?post=67170"},{"taxonomy":"product_features","embeddable":true,"href":"https:\/\/www.teka.com\/es-hn\/wp-json\/wp\/v2\/product_features?post=67170"},{"taxonomy":"finishes","embeddable":true,"href":"https:\/\/www.teka.com\/es-hn\/wp-json\/wp\/v2\/finishes?post=67170"},{"taxonomy":"product_bundles","embeddable":true,"href":"https:\/\/www.teka.com\/es-hn\/wp-json\/wp\/v2\/product_bundles?post=67170"},{"taxonomy":"product_energy_efficiency","embeddable":true,"href":"https:\/\/www.teka.com\/es-hn\/wp-json\/wp\/v2\/product_energy_efficiency?post=67170"},{"taxonomy":"product_video_training","embeddable":true,"href":"https:\/\/www.teka.com\/es-hn\/wp-json\/wp\/v2\/product_video_training?post=67170"}],"curies":[{"name":"wp","href":"https:\/\/api.w.org\/{rel}","templated":true}]}}