{"id":68701,"date":"2026-04-05T02:08:08","date_gmt":"2026-04-05T02:08:08","guid":{"rendered":"https:\/\/www.teka.com\/es-hn\/producto\/gzc-96310-xbb_112570073\/"},"modified":"2026-03-14T06:06:41","modified_gmt":"2026-03-14T07:06:41","slug":"gzc-96310-xbb_112570073","status":"publish","type":"product","link":"https:\/\/www.teka.com\/es-hn\/producto\/gzc-96310-xbb_112570073\/","title":{"rendered":"GZC 96310 XBB"},"content":{"rendered":"<ul>\n<li>Ideal para hogares modernos y quienes buscan precisi\u00f3n, seguridad y alto rendimiento a la hora de cocinar los alimentos.<\/li>\n<li>Cristal vitrocer\u00e1mico biselado frontal Schott Ceran combina gas e inducci\u00f3n, ofreciendo un control preciso de la flama gracias a su tecnolog\u00eda ExactFlame.<\/li>\n<li>Parrillas y tapas de quemadores de hierro fundido con perillas ergon\u00f3micas frontales para un manejo f\u00e1cil.<\/li>\n<li>Seguridad por termopar integrada en cada quemador: v\u00e1lvula de seguridad que bloquea el paso del gas por seguridad en caso de ausencia (derrame o aire).<\/li>\n<li>Encendido electr\u00f3nico integrado en cada perilla con exactflame (control preciso de la flama) y quemadores de alta eficiencia con 9 niveles de potencia.<\/li>\n<\/ul>\n","protected":false},"featured_media":0,"parent":0,"template":"","product_cat":[58717],"product_cleaning_system":[],"product_3rd_basket":[],"product_drawers":[],"product_type_of_installation":[],"product_edition":[59037],"product_serie":[],"product_features":[],"finishes":[],"product_bundles":[],"product_energy_efficiency":[],"product_video_training":[],"class_list":["post-68701","product","type-product","status-publish","hentry","product_cat-parrillas","usp-gas-01","usp-gas-02","usp-gas-03","usp-gas-05","usp-gas-06","usp-gas-07","usp-cookinglovers-01","usp-gas-08","usp-award-06","color-cristal-negro","product_type_of_appliance-gas","product_ambient-urban-colors-01","product_ambient-urban-colors-02","product_ambient-urban-colors-03","product_ambient-island-shelf-hood-01","product_icons-auto-ignition","product_icons-autolock","product_icons-exactflame","product_icons-easy-installation","product_edition-night-river-black"],"acf":[],"yoast_head":"<!-- This site is optimized with the Yoast SEO plugin v27.2 - https:\/\/yoast.com\/product\/yoast-seo-wordpress\/ -->\n<title>Teka Parrilla Vitrocer\u00e1mica a Gas<\/title>\n<meta name=\"description\" content=\"Descubre la Parrilla Vitrocer\u00e1mica a Gas con seguridad termopar en cada quemador, encendido electr\u00f3nico, exactflame y quemadores con 9 niveles de potencia.\" \/>\n<meta name=\"robots\" content=\"index, follow, max-snippet:-1, max-image-preview:large, max-video-preview:-1\" \/>\n<link rel=\"canonical\" href=\"https:\/\/www.teka.com\/es-hn\/producto\/gzc-96310-xbb_112570073\/\" \/>\n<meta property=\"og:locale\" content=\"es_ES\" \/>\n<meta property=\"og:type\" content=\"article\" \/>\n<meta property=\"og:title\" content=\"Teka Parrilla Vitrocer\u00e1mica a Gas\" \/>\n<meta property=\"og:description\" content=\"Descubre la Parrilla Vitrocer\u00e1mica a Gas con seguridad termopar en cada quemador, encendido electr\u00f3nico, exactflame y quemadores con 9 niveles de potencia.\" \/>\n<meta property=\"og:url\" content=\"https:\/\/www.teka.com\/es-hn\/producto\/gzc-96310-xbb_112570073\/\" \/>\n<meta property=\"og:site_name\" content=\"Teka Honduras\" \/>\n<meta name=\"twitter:card\" content=\"summary_large_image\" \/>\n<meta name=\"twitter:label1\" content=\"Tiempo de lectura\" \/>\n\t<meta name=\"twitter:data1\" content=\"1 minuto\" \/>\n<script type=\"application\/ld+json\" class=\"yoast-schema-graph\">{\"@context\":\"https:\/\/schema.org\",\"@graph\":[{\"@type\":\"WebPage\",\"@id\":\"https:\/\/www.teka.com\/es-hn\/producto\/gzc-96310-xbb_112570073\/\",\"url\":\"https:\/\/www.teka.com\/es-hn\/producto\/gzc-96310-xbb_112570073\/\",\"name\":\"Teka Parrilla Vitrocer\u00e1mica a Gas\",\"isPartOf\":{\"@id\":\"https:\/\/www.teka.com\/es-hn\/#website\"},\"datePublished\":\"2026-04-05T02:08:08+00:00\",\"description\":\"Descubre la Parrilla Vitrocer\u00e1mica a Gas con seguridad termopar en cada quemador, encendido electr\u00f3nico, exactflame y quemadores con 9 niveles de potencia.\",\"inLanguage\":\"es\",\"potentialAction\":[{\"@type\":\"ReadAction\",\"target\":[\"https:\/\/www.teka.com\/es-hn\/producto\/gzc-96310-xbb_112570073\/\"]}]},{\"@type\":\"WebSite\",\"@id\":\"https:\/\/www.teka.com\/es-hn\/#website\",\"url\":\"https:\/\/www.teka.com\/es-hn\/\",\"name\":\"Teka Honduras\",\"description\":\"\",\"publisher\":{\"@id\":\"https:\/\/www.teka.com\/es-hn\/#organization\"},\"potentialAction\":[{\"@type\":\"SearchAction\",\"target\":{\"@type\":\"EntryPoint\",\"urlTemplate\":\"https:\/\/www.teka.com\/es-hn\/?s={search_term_string}\"},\"query-input\":{\"@type\":\"PropertyValueSpecification\",\"valueRequired\":true,\"valueName\":\"search_term_string\"}}],\"inLanguage\":\"es\"},{\"@type\":\"Organization\",\"@id\":\"https:\/\/www.teka.com\/es-hn\/#organization\",\"name\":\"Teka Honduras\",\"url\":\"https:\/\/www.teka.com\/es-hn\/\",\"logo\":{\"@type\":\"ImageObject\",\"inLanguage\":\"es\",\"@id\":\"https:\/\/www.teka.com\/es-hn\/#\/schema\/logo\/image\/\",\"url\":\"https:\/\/www.teka.com\/es-hn\/wp-content\/uploads\/sites\/91\/2018\/10\/404-teka.png\",\"contentUrl\":\"https:\/\/www.teka.com\/es-hn\/wp-content\/uploads\/sites\/91\/2018\/10\/404-teka.png\",\"width\":200,\"height\":200,\"caption\":\"Teka Honduras\"},\"image\":{\"@id\":\"https:\/\/www.teka.com\/es-hn\/#\/schema\/logo\/image\/\"}}]}<\/script>\n<!-- \/ Yoast SEO plugin. -->","yoast_head_json":{"title":"Teka Parrilla Vitrocer\u00e1mica a Gas","description":"Descubre la Parrilla Vitrocer\u00e1mica a Gas con seguridad termopar en cada quemador, encendido electr\u00f3nico, exactflame y quemadores con 9 niveles de potencia.","robots":{"index":"index","follow":"follow","max-snippet":"max-snippet:-1","max-image-preview":"max-image-preview:large","max-video-preview":"max-video-preview:-1"},"canonical":"https:\/\/www.teka.com\/es-hn\/producto\/gzc-96310-xbb_112570073\/","og_locale":"es_ES","og_type":"article","og_title":"Teka Parrilla Vitrocer\u00e1mica a Gas","og_description":"Descubre la Parrilla Vitrocer\u00e1mica a Gas con seguridad termopar en cada quemador, encendido electr\u00f3nico, exactflame y quemadores con 9 niveles de potencia.","og_url":"https:\/\/www.teka.com\/es-hn\/producto\/gzc-96310-xbb_112570073\/","og_site_name":"Teka Honduras","twitter_card":"summary_large_image","twitter_misc":{"Tiempo de lectura":"1 minuto"},"schema":{"@context":"https:\/\/schema.org","@graph":[{"@type":"WebPage","@id":"https:\/\/www.teka.com\/es-hn\/producto\/gzc-96310-xbb_112570073\/","url":"https:\/\/www.teka.com\/es-hn\/producto\/gzc-96310-xbb_112570073\/","name":"Teka Parrilla Vitrocer\u00e1mica a Gas","isPartOf":{"@id":"https:\/\/www.teka.com\/es-hn\/#website"},"datePublished":"2026-04-05T02:08:08+00:00","description":"Descubre la Parrilla Vitrocer\u00e1mica a Gas con seguridad termopar en cada quemador, encendido electr\u00f3nico, exactflame y quemadores con 9 niveles de potencia.","inLanguage":"es","potentialAction":[{"@type":"ReadAction","target":["https:\/\/www.teka.com\/es-hn\/producto\/gzc-96310-xbb_112570073\/"]}]},{"@type":"WebSite","@id":"https:\/\/www.teka.com\/es-hn\/#website","url":"https:\/\/www.teka.com\/es-hn\/","name":"Teka Honduras","description":"","publisher":{"@id":"https:\/\/www.teka.com\/es-hn\/#organization"},"potentialAction":[{"@type":"SearchAction","target":{"@type":"EntryPoint","urlTemplate":"https:\/\/www.teka.com\/es-hn\/?s={search_term_string}"},"query-input":{"@type":"PropertyValueSpecification","valueRequired":true,"valueName":"search_term_string"}}],"inLanguage":"es"},{"@type":"Organization","@id":"https:\/\/www.teka.com\/es-hn\/#organization","name":"Teka Honduras","url":"https:\/\/www.teka.com\/es-hn\/","logo":{"@type":"ImageObject","inLanguage":"es","@id":"https:\/\/www.teka.com\/es-hn\/#\/schema\/logo\/image\/","url":"https:\/\/www.teka.com\/es-hn\/wp-content\/uploads\/sites\/91\/2018\/10\/404-teka.png","contentUrl":"https:\/\/www.teka.com\/es-hn\/wp-content\/uploads\/sites\/91\/2018\/10\/404-teka.png","width":200,"height":200,"caption":"Teka Honduras"},"image":{"@id":"https:\/\/www.teka.com\/es-hn\/#\/schema\/logo\/image\/"}}]}},"_links":{"self":[{"href":"https:\/\/www.teka.com\/es-hn\/wp-json\/wp\/v2\/product\/68701","targetHints":{"allow":["GET"]}}],"collection":[{"href":"https:\/\/www.teka.com\/es-hn\/wp-json\/wp\/v2\/product"}],"about":[{"href":"https:\/\/www.teka.com\/es-hn\/wp-json\/wp\/v2\/types\/product"}],"wp:attachment":[{"href":"https:\/\/www.teka.com\/es-hn\/wp-json\/wp\/v2\/media?parent=68701"}],"wp:term":[{"taxonomy":"product_cat","embeddable":true,"href":"https:\/\/www.teka.com\/es-hn\/wp-json\/wp\/v2\/product_cat?post=68701"},{"taxonomy":"product_cleaning_system","embeddable":true,"href":"https:\/\/www.teka.com\/es-hn\/wp-json\/wp\/v2\/product_cleaning_system?post=68701"},{"taxonomy":"product_3rd_basket","embeddable":true,"href":"https:\/\/www.teka.com\/es-hn\/wp-json\/wp\/v2\/product_3rd_basket?post=68701"},{"taxonomy":"product_drawers","embeddable":true,"href":"https:\/\/www.teka.com\/es-hn\/wp-json\/wp\/v2\/product_drawers?post=68701"},{"taxonomy":"product_type_of_installation","embeddable":true,"href":"https:\/\/www.teka.com\/es-hn\/wp-json\/wp\/v2\/product_type_of_installation?post=68701"},{"taxonomy":"product_edition","embeddable":true,"href":"https:\/\/www.teka.com\/es-hn\/wp-json\/wp\/v2\/product_edition?post=68701"},{"taxonomy":"product_serie","embeddable":true,"href":"https:\/\/www.teka.com\/es-hn\/wp-json\/wp\/v2\/product_serie?post=68701"},{"taxonomy":"product_features","embeddable":true,"href":"https:\/\/www.teka.com\/es-hn\/wp-json\/wp\/v2\/product_features?post=68701"},{"taxonomy":"finishes","embeddable":true,"href":"https:\/\/www.teka.com\/es-hn\/wp-json\/wp\/v2\/finishes?post=68701"},{"taxonomy":"product_bundles","embeddable":true,"href":"https:\/\/www.teka.com\/es-hn\/wp-json\/wp\/v2\/product_bundles?post=68701"},{"taxonomy":"product_energy_efficiency","embeddable":true,"href":"https:\/\/www.teka.com\/es-hn\/wp-json\/wp\/v2\/product_energy_efficiency?post=68701"},{"taxonomy":"product_video_training","embeddable":true,"href":"https:\/\/www.teka.com\/es-hn\/wp-json\/wp\/v2\/product_video_training?post=68701"}],"curies":[{"name":"wp","href":"https:\/\/api.w.org\/{rel}","templated":true}]}}