{"id":68881,"date":"2026-04-25T05:49:03","date_gmt":"2026-04-25T05:49:03","guid":{"rendered":"https:\/\/teka.com\/es-mx\/dlv-98660-trl_112930045"},"modified":"2026-03-14T07:02:44","modified_gmt":"2026-03-14T08:02:44","slug":"dlv-98660-trl_112930045","status":"publish","type":"product","link":"https:\/\/www.teka.com\/es-hn\/producto\/dlv-98660-trl_112930045\/","title":{"rendered":"DLV 98660 TRL"},"content":{"rendered":"<ul>\n<li>Ideal para quienes buscan funcionalidad y potencia en un solo equipo.<\/li>\n<li>Panel Touch Control que permite un manejo intuitivo y preciso de todas las funciones.<\/li>\n<li>3 velocidades + 1 intensiva capacidad de extracci\u00f3n que garantiza aire limpio.<\/li>\n<li>Programaci\u00f3n del tiempo de aspiraci\u00f3n para apagado autom\u00e1tico y mayor comodidad.<\/li>\n<li>Funci\u00f3n FreshAir que renueva el aire de forma autom\u00e1tica, manteniendo la cocina fresca.<\/li>\n<li>Barra LED que ofrece iluminaci\u00f3n eficiente, uniforme y de bajo consumo.<\/li>\n<li>Filtro met\u00e1lico duradero y f\u00e1cil de limpiar, apto para lavavajillas.<\/li>\n<li>Indicador luminoso que avisa cu\u00e1ndo limpiar o sustituir los filtros.<\/li>\n<li>Sistema de aspiraci\u00f3n perimetral Contour que mejora la captaci\u00f3n de humos y vapores.<\/li>\n<li>Motor blindado de doble turbina que proporciona m\u00e1xima potencia, durabilidad y eficiencia.<\/li>\n<li>Funcionamiento silencioso con niveles de ruido controlados incluso a m\u00e1xima potencia.<\/li>\n<li>Filtro de carb\u00f3n activo que elimina olores en instalaciones sin salida al exterior.<\/li>\n<\/ul>\n","protected":false},"featured_media":0,"parent":0,"template":"","product_cat":[58718],"product_cleaning_system":[],"product_3rd_basket":[],"product_drawers":[],"product_type_of_installation":[],"product_edition":[59037],"product_serie":[],"product_features":[],"finishes":[],"product_bundles":[],"product_energy_efficiency":[59600],"product_video_training":[],"class_list":["post-68881","product","type-product","status-publish","hentry","product_cat-campanas","usp-hoods-06","usp-hoods-09","usp-hoods-10","usp-hoods-13","usp-hoods-14","usp-hoods-07","color-negro","product_type_of_appliance-decorativas","product_ambient-urban-colors-01","product_ambient-urban-colors-02","product_ambient-urban-colors-03","product_ambient-ambient-10","product_icons-led","product_icons-perimeter-extraction","product_icons-stop-delay-timer","product_icons-freshair","product_edition-night-river-black","product_energy_efficiency-c-icon"],"acf":[],"yoast_head":"<!-- This site is optimized with the Yoast SEO plugin v27.2 - https:\/\/yoast.com\/product\/yoast-seo-wordpress\/ -->\n<title>Teka Campana de Cocina Decorativa para Instalaci\u00f3n en Pared<\/title>\n<meta name=\"description\" content=\"Descubre la Campana de Cocina Decorativa para Instalaci\u00f3n en Pared con cristal negro, panel touch control, 3 velocidades, funci\u00f3n FreshAir y filtro met\u00e1lico.\" \/>\n<meta name=\"robots\" content=\"index, follow, max-snippet:-1, max-image-preview:large, max-video-preview:-1\" \/>\n<link rel=\"canonical\" href=\"https:\/\/www.teka.com\/es-hn\/producto\/dlv-98660-trl_112930045\/\" \/>\n<meta property=\"og:locale\" content=\"es_ES\" \/>\n<meta property=\"og:type\" content=\"article\" \/>\n<meta property=\"og:title\" content=\"Teka Campana de Cocina Decorativa para Instalaci\u00f3n en Pared\" \/>\n<meta property=\"og:description\" content=\"Descubre la Campana de Cocina Decorativa para Instalaci\u00f3n en Pared con cristal negro, panel touch control, 3 velocidades, funci\u00f3n FreshAir y filtro met\u00e1lico.\" \/>\n<meta property=\"og:url\" content=\"https:\/\/www.teka.com\/es-hn\/producto\/dlv-98660-trl_112930045\/\" \/>\n<meta property=\"og:site_name\" content=\"Teka Honduras\" \/>\n<meta name=\"twitter:card\" content=\"summary_large_image\" \/>\n<meta name=\"twitter:label1\" content=\"Tiempo de lectura\" \/>\n\t<meta name=\"twitter:data1\" content=\"1 minuto\" \/>\n<script type=\"application\/ld+json\" class=\"yoast-schema-graph\">{\"@context\":\"https:\/\/schema.org\",\"@graph\":[{\"@type\":\"WebPage\",\"@id\":\"https:\/\/www.teka.com\/es-hn\/producto\/dlv-98660-trl_112930045\/\",\"url\":\"https:\/\/www.teka.com\/es-hn\/producto\/dlv-98660-trl_112930045\/\",\"name\":\"Teka Campana de Cocina Decorativa para Instalaci\u00f3n en Pared\",\"isPartOf\":{\"@id\":\"https:\/\/www.teka.com\/es-hn\/#website\"},\"datePublished\":\"2026-04-25T05:49:03+00:00\",\"description\":\"Descubre la Campana de Cocina Decorativa para Instalaci\u00f3n en Pared con cristal negro, panel touch control, 3 velocidades, funci\u00f3n FreshAir y filtro met\u00e1lico.\",\"inLanguage\":\"es\",\"potentialAction\":[{\"@type\":\"ReadAction\",\"target\":[\"https:\/\/www.teka.com\/es-hn\/producto\/dlv-98660-trl_112930045\/\"]}]},{\"@type\":\"WebSite\",\"@id\":\"https:\/\/www.teka.com\/es-hn\/#website\",\"url\":\"https:\/\/www.teka.com\/es-hn\/\",\"name\":\"Teka Honduras\",\"description\":\"\",\"publisher\":{\"@id\":\"https:\/\/www.teka.com\/es-hn\/#organization\"},\"potentialAction\":[{\"@type\":\"SearchAction\",\"target\":{\"@type\":\"EntryPoint\",\"urlTemplate\":\"https:\/\/www.teka.com\/es-hn\/?s={search_term_string}\"},\"query-input\":{\"@type\":\"PropertyValueSpecification\",\"valueRequired\":true,\"valueName\":\"search_term_string\"}}],\"inLanguage\":\"es\"},{\"@type\":\"Organization\",\"@id\":\"https:\/\/www.teka.com\/es-hn\/#organization\",\"name\":\"Teka Honduras\",\"url\":\"https:\/\/www.teka.com\/es-hn\/\",\"logo\":{\"@type\":\"ImageObject\",\"inLanguage\":\"es\",\"@id\":\"https:\/\/www.teka.com\/es-hn\/#\/schema\/logo\/image\/\",\"url\":\"https:\/\/www.teka.com\/es-hn\/wp-content\/uploads\/sites\/91\/2018\/10\/404-teka.png\",\"contentUrl\":\"https:\/\/www.teka.com\/es-hn\/wp-content\/uploads\/sites\/91\/2018\/10\/404-teka.png\",\"width\":200,\"height\":200,\"caption\":\"Teka Honduras\"},\"image\":{\"@id\":\"https:\/\/www.teka.com\/es-hn\/#\/schema\/logo\/image\/\"}}]}<\/script>\n<!-- \/ Yoast SEO plugin. -->","yoast_head_json":{"title":"Teka Campana de Cocina Decorativa para Instalaci\u00f3n en Pared","description":"Descubre la Campana de Cocina Decorativa para Instalaci\u00f3n en Pared con cristal negro, panel touch control, 3 velocidades, funci\u00f3n FreshAir y filtro met\u00e1lico.","robots":{"index":"index","follow":"follow","max-snippet":"max-snippet:-1","max-image-preview":"max-image-preview:large","max-video-preview":"max-video-preview:-1"},"canonical":"https:\/\/www.teka.com\/es-hn\/producto\/dlv-98660-trl_112930045\/","og_locale":"es_ES","og_type":"article","og_title":"Teka Campana de Cocina Decorativa para Instalaci\u00f3n en Pared","og_description":"Descubre la Campana de Cocina Decorativa para Instalaci\u00f3n en Pared con cristal negro, panel touch control, 3 velocidades, funci\u00f3n FreshAir y filtro met\u00e1lico.","og_url":"https:\/\/www.teka.com\/es-hn\/producto\/dlv-98660-trl_112930045\/","og_site_name":"Teka Honduras","twitter_card":"summary_large_image","twitter_misc":{"Tiempo de lectura":"1 minuto"},"schema":{"@context":"https:\/\/schema.org","@graph":[{"@type":"WebPage","@id":"https:\/\/www.teka.com\/es-hn\/producto\/dlv-98660-trl_112930045\/","url":"https:\/\/www.teka.com\/es-hn\/producto\/dlv-98660-trl_112930045\/","name":"Teka Campana de Cocina Decorativa para Instalaci\u00f3n en Pared","isPartOf":{"@id":"https:\/\/www.teka.com\/es-hn\/#website"},"datePublished":"2026-04-25T05:49:03+00:00","description":"Descubre la Campana de Cocina Decorativa para Instalaci\u00f3n en Pared con cristal negro, panel touch control, 3 velocidades, funci\u00f3n FreshAir y filtro met\u00e1lico.","inLanguage":"es","potentialAction":[{"@type":"ReadAction","target":["https:\/\/www.teka.com\/es-hn\/producto\/dlv-98660-trl_112930045\/"]}]},{"@type":"WebSite","@id":"https:\/\/www.teka.com\/es-hn\/#website","url":"https:\/\/www.teka.com\/es-hn\/","name":"Teka Honduras","description":"","publisher":{"@id":"https:\/\/www.teka.com\/es-hn\/#organization"},"potentialAction":[{"@type":"SearchAction","target":{"@type":"EntryPoint","urlTemplate":"https:\/\/www.teka.com\/es-hn\/?s={search_term_string}"},"query-input":{"@type":"PropertyValueSpecification","valueRequired":true,"valueName":"search_term_string"}}],"inLanguage":"es"},{"@type":"Organization","@id":"https:\/\/www.teka.com\/es-hn\/#organization","name":"Teka Honduras","url":"https:\/\/www.teka.com\/es-hn\/","logo":{"@type":"ImageObject","inLanguage":"es","@id":"https:\/\/www.teka.com\/es-hn\/#\/schema\/logo\/image\/","url":"https:\/\/www.teka.com\/es-hn\/wp-content\/uploads\/sites\/91\/2018\/10\/404-teka.png","contentUrl":"https:\/\/www.teka.com\/es-hn\/wp-content\/uploads\/sites\/91\/2018\/10\/404-teka.png","width":200,"height":200,"caption":"Teka Honduras"},"image":{"@id":"https:\/\/www.teka.com\/es-hn\/#\/schema\/logo\/image\/"}}]}},"_links":{"self":[{"href":"https:\/\/www.teka.com\/es-hn\/wp-json\/wp\/v2\/product\/68881","targetHints":{"allow":["GET"]}}],"collection":[{"href":"https:\/\/www.teka.com\/es-hn\/wp-json\/wp\/v2\/product"}],"about":[{"href":"https:\/\/www.teka.com\/es-hn\/wp-json\/wp\/v2\/types\/product"}],"wp:attachment":[{"href":"https:\/\/www.teka.com\/es-hn\/wp-json\/wp\/v2\/media?parent=68881"}],"wp:term":[{"taxonomy":"product_cat","embeddable":true,"href":"https:\/\/www.teka.com\/es-hn\/wp-json\/wp\/v2\/product_cat?post=68881"},{"taxonomy":"product_cleaning_system","embeddable":true,"href":"https:\/\/www.teka.com\/es-hn\/wp-json\/wp\/v2\/product_cleaning_system?post=68881"},{"taxonomy":"product_3rd_basket","embeddable":true,"href":"https:\/\/www.teka.com\/es-hn\/wp-json\/wp\/v2\/product_3rd_basket?post=68881"},{"taxonomy":"product_drawers","embeddable":true,"href":"https:\/\/www.teka.com\/es-hn\/wp-json\/wp\/v2\/product_drawers?post=68881"},{"taxonomy":"product_type_of_installation","embeddable":true,"href":"https:\/\/www.teka.com\/es-hn\/wp-json\/wp\/v2\/product_type_of_installation?post=68881"},{"taxonomy":"product_edition","embeddable":true,"href":"https:\/\/www.teka.com\/es-hn\/wp-json\/wp\/v2\/product_edition?post=68881"},{"taxonomy":"product_serie","embeddable":true,"href":"https:\/\/www.teka.com\/es-hn\/wp-json\/wp\/v2\/product_serie?post=68881"},{"taxonomy":"product_features","embeddable":true,"href":"https:\/\/www.teka.com\/es-hn\/wp-json\/wp\/v2\/product_features?post=68881"},{"taxonomy":"finishes","embeddable":true,"href":"https:\/\/www.teka.com\/es-hn\/wp-json\/wp\/v2\/finishes?post=68881"},{"taxonomy":"product_bundles","embeddable":true,"href":"https:\/\/www.teka.com\/es-hn\/wp-json\/wp\/v2\/product_bundles?post=68881"},{"taxonomy":"product_energy_efficiency","embeddable":true,"href":"https:\/\/www.teka.com\/es-hn\/wp-json\/wp\/v2\/product_energy_efficiency?post=68881"},{"taxonomy":"product_video_training","embeddable":true,"href":"https:\/\/www.teka.com\/es-hn\/wp-json\/wp\/v2\/product_video_training?post=68881"}],"curies":[{"name":"wp","href":"https:\/\/api.w.org\/{rel}","templated":true}]}}