{"id":68957,"date":"2026-04-23T16:51:43","date_gmt":"2026-04-23T16:51:43","guid":{"rendered":"https:\/\/teka.com\/es-mx\/hlc-844-c_40587611"},"modified":"2026-03-14T05:16:13","modified_gmt":"2026-03-14T06:16:13","slug":"hlc-844-c_40587611","status":"publish","type":"product","link":"https:\/\/www.teka.com\/es-hn\/producto\/hlc-844-c_40587611\/","title":{"rendered":"HLC 844 C"},"content":{"rendered":"<ul>\n<li>Ideal para quienes buscan cocinar alimentos de forma eficiente sin perder tiempo.<\/li>\n<li>Cristal negro y marco en acero inoxidable con antihuella que mantiene el horno limpio, elegante y f\u00e1cil de cuidar.<\/li>\n<li>11 funciones de cocinado + Sistema de limpieza Hydroclean\u00ae Eco facilitando la limpieza profunda del horno.<\/li>\n<li>5 niveles de potencia de microondas que permiten ajustar la intensidad seg\u00fan cada preparaci\u00f3n, desde descongelar hasta calentar o cocinar.<\/li>\n<li>Display con touch control con panel t\u00e1ctil intuitivo que permite seleccionar funciones y tiempos de forma precisa y sencilla.<\/li>\n<li>Puerta de triple cristal que mejora el aislamiento t\u00e9rmico y la seguridad, manteniendo el exterior m\u00e1s fr\u00edo.<\/li>\n<li>Ventilaci\u00f3n tangencial que protege los muebles y mejora la disipaci\u00f3n del calor durante el uso.<\/li>\n<li>Bloqueo de seguridad para ni\u00f1os que evita accidentes, brindando mayor seguridad en hogares con ni\u00f1os.<\/li>\n<li>Esmalte interior CrystalClean\u00ae que ofrece una superficie antiadherente, mayor durabilidad y limpieza m\u00e1s sencilla.<\/li>\n<li>Bandeja de cristal resistente y pr\u00e1ctica, perfecta para el uso diario y una limpieza r\u00e1pida.<\/li>\n<\/ul>\n","protected":false},"featured_media":0,"parent":0,"template":"","product_cat":[58722],"product_cleaning_system":[3162],"product_3rd_basket":[],"product_drawers":[],"product_type_of_installation":[59000],"product_edition":[],"product_serie":[],"product_features":[],"finishes":[],"product_bundles":[],"product_energy_efficiency":[],"product_video_training":[],"class_list":["post-68957","product","type-product","status-publish","hentry","product_cat-hornos","usp-compacts-01","usp-compacts-04","usp-compacts-05","usp-cookinglovers-01","usp-renewableenergy-01","color-cristal-negro","product_type_of_appliance-compactos","product_type_of_appliance-multifuncion","product_type_of_appliance-con-microondas","product_icons-40l","product_icons-defrost-by-time","product_icons-defrost-by-weight","product_icons-hydroclean","product_icons-surroundtemp","product_cleaning_system-hydroclean","product_type_of_installation-integrable"],"acf":[],"yoast_head":"<!-- This site is optimized with the Yoast SEO plugin v27.5 - https:\/\/yoast.com\/product\/yoast-seo-wordpress\/ -->\n<title>Teka Horno El\u00e9ctrico Multifunci\u00f3n SurroundTemp + Microondas con capacidad de 41 L<\/title>\n<meta name=\"description\" content=\"Descubre el Horno El\u00e9ctrico Multifunci\u00f3n SurroundTemp + Microondas con 11 funciones de cocinado, 5 niveles de potencia, puerta de triple cristal y display touch\" \/>\n<meta name=\"robots\" content=\"index, follow, max-snippet:-1, max-image-preview:large, max-video-preview:-1\" \/>\n<link rel=\"canonical\" href=\"https:\/\/www.teka.com\/es-hn\/producto\/hlc-844-c_40587611\/\" \/>\n<meta property=\"og:locale\" content=\"es_ES\" \/>\n<meta property=\"og:type\" content=\"article\" \/>\n<meta property=\"og:title\" content=\"Teka Horno El\u00e9ctrico Multifunci\u00f3n SurroundTemp + Microondas con capacidad de 41 L\" \/>\n<meta property=\"og:description\" content=\"Descubre el Horno El\u00e9ctrico Multifunci\u00f3n SurroundTemp + Microondas con 11 funciones de cocinado, 5 niveles de potencia, puerta de triple cristal y display touch\" \/>\n<meta property=\"og:url\" content=\"https:\/\/www.teka.com\/es-hn\/producto\/hlc-844-c_40587611\/\" \/>\n<meta property=\"og:site_name\" content=\"Teka Honduras\" \/>\n<meta name=\"twitter:card\" content=\"summary_large_image\" \/>\n<meta name=\"twitter:label1\" content=\"Tiempo de lectura\" \/>\n\t<meta name=\"twitter:data1\" content=\"1 minuto\" \/>\n<script type=\"application\/ld+json\" class=\"yoast-schema-graph\">{\"@context\":\"https:\\\/\\\/schema.org\",\"@graph\":[{\"@type\":\"WebPage\",\"@id\":\"https:\\\/\\\/www.teka.com\\\/es-hn\\\/producto\\\/hlc-844-c_40587611\\\/\",\"url\":\"https:\\\/\\\/www.teka.com\\\/es-hn\\\/producto\\\/hlc-844-c_40587611\\\/\",\"name\":\"Teka Horno El\u00e9ctrico Multifunci\u00f3n SurroundTemp + Microondas con capacidad de 41 L\",\"isPartOf\":{\"@id\":\"https:\\\/\\\/www.teka.com\\\/es-hn\\\/#website\"},\"datePublished\":\"2026-04-23T16:51:43+00:00\",\"description\":\"Descubre el Horno El\u00e9ctrico Multifunci\u00f3n SurroundTemp + Microondas con 11 funciones de cocinado, 5 niveles de potencia, puerta de triple cristal y display touch\",\"inLanguage\":\"es\",\"potentialAction\":[{\"@type\":\"ReadAction\",\"target\":[\"https:\\\/\\\/www.teka.com\\\/es-hn\\\/producto\\\/hlc-844-c_40587611\\\/\"]}]},{\"@type\":\"WebSite\",\"@id\":\"https:\\\/\\\/www.teka.com\\\/es-hn\\\/#website\",\"url\":\"https:\\\/\\\/www.teka.com\\\/es-hn\\\/\",\"name\":\"Teka Honduras\",\"description\":\"\",\"publisher\":{\"@id\":\"https:\\\/\\\/www.teka.com\\\/es-hn\\\/#organization\"},\"potentialAction\":[{\"@type\":\"SearchAction\",\"target\":{\"@type\":\"EntryPoint\",\"urlTemplate\":\"https:\\\/\\\/www.teka.com\\\/es-hn\\\/?s={search_term_string}\"},\"query-input\":{\"@type\":\"PropertyValueSpecification\",\"valueRequired\":true,\"valueName\":\"search_term_string\"}}],\"inLanguage\":\"es\"},{\"@type\":\"Organization\",\"@id\":\"https:\\\/\\\/www.teka.com\\\/es-hn\\\/#organization\",\"name\":\"Teka Honduras\",\"url\":\"https:\\\/\\\/www.teka.com\\\/es-hn\\\/\",\"logo\":{\"@type\":\"ImageObject\",\"inLanguage\":\"es\",\"@id\":\"https:\\\/\\\/www.teka.com\\\/es-hn\\\/#\\\/schema\\\/logo\\\/image\\\/\",\"url\":\"https:\\\/\\\/www.teka.com\\\/es-hn\\\/wp-content\\\/uploads\\\/sites\\\/91\\\/2018\\\/10\\\/404-teka.png\",\"contentUrl\":\"https:\\\/\\\/www.teka.com\\\/es-hn\\\/wp-content\\\/uploads\\\/sites\\\/91\\\/2018\\\/10\\\/404-teka.png\",\"width\":200,\"height\":200,\"caption\":\"Teka Honduras\"},\"image\":{\"@id\":\"https:\\\/\\\/www.teka.com\\\/es-hn\\\/#\\\/schema\\\/logo\\\/image\\\/\"}}]}<\/script>\n<!-- \/ Yoast SEO plugin. -->","yoast_head_json":{"title":"Teka Horno El\u00e9ctrico Multifunci\u00f3n SurroundTemp + Microondas con capacidad de 41 L","description":"Descubre el Horno El\u00e9ctrico Multifunci\u00f3n SurroundTemp + Microondas con 11 funciones de cocinado, 5 niveles de potencia, puerta de triple cristal y display touch","robots":{"index":"index","follow":"follow","max-snippet":"max-snippet:-1","max-image-preview":"max-image-preview:large","max-video-preview":"max-video-preview:-1"},"canonical":"https:\/\/www.teka.com\/es-hn\/producto\/hlc-844-c_40587611\/","og_locale":"es_ES","og_type":"article","og_title":"Teka Horno El\u00e9ctrico Multifunci\u00f3n SurroundTemp + Microondas con capacidad de 41 L","og_description":"Descubre el Horno El\u00e9ctrico Multifunci\u00f3n SurroundTemp + Microondas con 11 funciones de cocinado, 5 niveles de potencia, puerta de triple cristal y display touch","og_url":"https:\/\/www.teka.com\/es-hn\/producto\/hlc-844-c_40587611\/","og_site_name":"Teka Honduras","twitter_card":"summary_large_image","twitter_misc":{"Tiempo de lectura":"1 minuto"},"schema":{"@context":"https:\/\/schema.org","@graph":[{"@type":"WebPage","@id":"https:\/\/www.teka.com\/es-hn\/producto\/hlc-844-c_40587611\/","url":"https:\/\/www.teka.com\/es-hn\/producto\/hlc-844-c_40587611\/","name":"Teka Horno El\u00e9ctrico Multifunci\u00f3n SurroundTemp + Microondas con capacidad de 41 L","isPartOf":{"@id":"https:\/\/www.teka.com\/es-hn\/#website"},"datePublished":"2026-04-23T16:51:43+00:00","description":"Descubre el Horno El\u00e9ctrico Multifunci\u00f3n SurroundTemp + Microondas con 11 funciones de cocinado, 5 niveles de potencia, puerta de triple cristal y display touch","inLanguage":"es","potentialAction":[{"@type":"ReadAction","target":["https:\/\/www.teka.com\/es-hn\/producto\/hlc-844-c_40587611\/"]}]},{"@type":"WebSite","@id":"https:\/\/www.teka.com\/es-hn\/#website","url":"https:\/\/www.teka.com\/es-hn\/","name":"Teka Honduras","description":"","publisher":{"@id":"https:\/\/www.teka.com\/es-hn\/#organization"},"potentialAction":[{"@type":"SearchAction","target":{"@type":"EntryPoint","urlTemplate":"https:\/\/www.teka.com\/es-hn\/?s={search_term_string}"},"query-input":{"@type":"PropertyValueSpecification","valueRequired":true,"valueName":"search_term_string"}}],"inLanguage":"es"},{"@type":"Organization","@id":"https:\/\/www.teka.com\/es-hn\/#organization","name":"Teka Honduras","url":"https:\/\/www.teka.com\/es-hn\/","logo":{"@type":"ImageObject","inLanguage":"es","@id":"https:\/\/www.teka.com\/es-hn\/#\/schema\/logo\/image\/","url":"https:\/\/www.teka.com\/es-hn\/wp-content\/uploads\/sites\/91\/2018\/10\/404-teka.png","contentUrl":"https:\/\/www.teka.com\/es-hn\/wp-content\/uploads\/sites\/91\/2018\/10\/404-teka.png","width":200,"height":200,"caption":"Teka Honduras"},"image":{"@id":"https:\/\/www.teka.com\/es-hn\/#\/schema\/logo\/image\/"}}]}},"_links":{"self":[{"href":"https:\/\/www.teka.com\/es-hn\/wp-json\/wp\/v2\/product\/68957","targetHints":{"allow":["GET"]}}],"collection":[{"href":"https:\/\/www.teka.com\/es-hn\/wp-json\/wp\/v2\/product"}],"about":[{"href":"https:\/\/www.teka.com\/es-hn\/wp-json\/wp\/v2\/types\/product"}],"wp:attachment":[{"href":"https:\/\/www.teka.com\/es-hn\/wp-json\/wp\/v2\/media?parent=68957"}],"wp:term":[{"taxonomy":"product_cat","embeddable":true,"href":"https:\/\/www.teka.com\/es-hn\/wp-json\/wp\/v2\/product_cat?post=68957"},{"taxonomy":"product_cleaning_system","embeddable":true,"href":"https:\/\/www.teka.com\/es-hn\/wp-json\/wp\/v2\/product_cleaning_system?post=68957"},{"taxonomy":"product_3rd_basket","embeddable":true,"href":"https:\/\/www.teka.com\/es-hn\/wp-json\/wp\/v2\/product_3rd_basket?post=68957"},{"taxonomy":"product_drawers","embeddable":true,"href":"https:\/\/www.teka.com\/es-hn\/wp-json\/wp\/v2\/product_drawers?post=68957"},{"taxonomy":"product_type_of_installation","embeddable":true,"href":"https:\/\/www.teka.com\/es-hn\/wp-json\/wp\/v2\/product_type_of_installation?post=68957"},{"taxonomy":"product_edition","embeddable":true,"href":"https:\/\/www.teka.com\/es-hn\/wp-json\/wp\/v2\/product_edition?post=68957"},{"taxonomy":"product_serie","embeddable":true,"href":"https:\/\/www.teka.com\/es-hn\/wp-json\/wp\/v2\/product_serie?post=68957"},{"taxonomy":"product_features","embeddable":true,"href":"https:\/\/www.teka.com\/es-hn\/wp-json\/wp\/v2\/product_features?post=68957"},{"taxonomy":"finishes","embeddable":true,"href":"https:\/\/www.teka.com\/es-hn\/wp-json\/wp\/v2\/finishes?post=68957"},{"taxonomy":"product_bundles","embeddable":true,"href":"https:\/\/www.teka.com\/es-hn\/wp-json\/wp\/v2\/product_bundles?post=68957"},{"taxonomy":"product_energy_efficiency","embeddable":true,"href":"https:\/\/www.teka.com\/es-hn\/wp-json\/wp\/v2\/product_energy_efficiency?post=68957"},{"taxonomy":"product_video_training","embeddable":true,"href":"https:\/\/www.teka.com\/es-hn\/wp-json\/wp\/v2\/product_video_training?post=68957"}],"curies":[{"name":"wp","href":"https:\/\/api.w.org\/{rel}","templated":true}]}}