{"id":69030,"date":"2026-04-05T02:24:18","date_gmt":"2026-04-05T02:24:18","guid":{"rendered":"https:\/\/teka.com\/es-mx\/gsc-95330-wba_112610053"},"modified":"2026-03-14T07:56:07","modified_gmt":"2026-03-14T08:56:07","slug":"gsc-95330-wba_112610053","status":"publish","type":"product","link":"https:\/\/www.teka.com\/es-hn\/producto\/gsc-95330-wba_112610053\/","title":{"rendered":"GSC 95330 WBA"},"content":{"rendered":"<ul>\n<li>Ideal para hogares modernos y quienes buscan precisi\u00f3n, seguridad y alto rendimiento a la hora de cocinar sus alimentos.<\/li>\n<li>Tapas de quemadores de hierro fundido que aumentan la vida \u00fatil de tu parrilla con perillas ergon\u00f3micas frontales WISH y encendido electr\u00f3nico integrado en cada perilla.<\/li>\n<li>Seguridad por termopar integrada en cada quemador<\/li>\n<li>5 quemadores de alta eficiencia a gas.<\/li>\n<li>Tipos de gas: LP (butano\/propano) o natural.<\/li>\n<\/ul>\n","protected":false},"featured_media":0,"parent":0,"template":"","product_cat":[58717],"product_cleaning_system":[],"product_3rd_basket":[],"product_drawers":[],"product_type_of_installation":[],"product_edition":[],"product_serie":[],"product_features":[],"finishes":[],"product_bundles":[],"product_energy_efficiency":[],"product_video_training":[],"class_list":["post-69030","product","type-product","status-publish","hentry","product_cat-parrillas","usp-gas-03","usp-gas-05","usp-cookinglovers-01","usp-gas-08","color-inox","product_type_of_appliance-gas","product_icons-auto-ignition","product_icons-autolock"],"acf":[],"yoast_head":"<!-- This site is optimized with the Yoast SEO plugin v27.2 - https:\/\/yoast.com\/product\/yoast-seo-wordpress\/ -->\n<title>Teka Parrilla de Cocci\u00f3n a Gas de 85x860x500 mm<\/title>\n<meta name=\"description\" content=\"Descubre la Parrilla de Cocci\u00f3n a Gas de acero inoxidable con seguridad termopar en cada quemador, perillas ergon\u00f3micas y 5 quemadores de alta eficiencia.\" \/>\n<meta name=\"robots\" content=\"index, follow, max-snippet:-1, max-image-preview:large, max-video-preview:-1\" \/>\n<link rel=\"canonical\" href=\"https:\/\/www.teka.com\/es-hn\/producto\/gsc-95330-wba_112610053\/\" \/>\n<meta property=\"og:locale\" content=\"es_ES\" \/>\n<meta property=\"og:type\" content=\"article\" \/>\n<meta property=\"og:title\" content=\"Teka Parrilla de Cocci\u00f3n a Gas de 85x860x500 mm\" \/>\n<meta property=\"og:description\" content=\"Descubre la Parrilla de Cocci\u00f3n a Gas de acero inoxidable con seguridad termopar en cada quemador, perillas ergon\u00f3micas y 5 quemadores de alta eficiencia.\" \/>\n<meta property=\"og:url\" content=\"https:\/\/www.teka.com\/es-hn\/producto\/gsc-95330-wba_112610053\/\" \/>\n<meta property=\"og:site_name\" content=\"Teka Honduras\" \/>\n<meta name=\"twitter:card\" content=\"summary_large_image\" \/>\n<script type=\"application\/ld+json\" class=\"yoast-schema-graph\">{\"@context\":\"https:\/\/schema.org\",\"@graph\":[{\"@type\":\"WebPage\",\"@id\":\"https:\/\/www.teka.com\/es-hn\/producto\/gsc-95330-wba_112610053\/\",\"url\":\"https:\/\/www.teka.com\/es-hn\/producto\/gsc-95330-wba_112610053\/\",\"name\":\"Teka Parrilla de Cocci\u00f3n a Gas de 85x860x500 mm\",\"isPartOf\":{\"@id\":\"https:\/\/www.teka.com\/es-hn\/#website\"},\"datePublished\":\"2026-04-05T02:24:18+00:00\",\"description\":\"Descubre la Parrilla de Cocci\u00f3n a Gas de acero inoxidable con seguridad termopar en cada quemador, perillas ergon\u00f3micas y 5 quemadores de alta eficiencia.\",\"inLanguage\":\"es\",\"potentialAction\":[{\"@type\":\"ReadAction\",\"target\":[\"https:\/\/www.teka.com\/es-hn\/producto\/gsc-95330-wba_112610053\/\"]}]},{\"@type\":\"WebSite\",\"@id\":\"https:\/\/www.teka.com\/es-hn\/#website\",\"url\":\"https:\/\/www.teka.com\/es-hn\/\",\"name\":\"Teka Honduras\",\"description\":\"\",\"publisher\":{\"@id\":\"https:\/\/www.teka.com\/es-hn\/#organization\"},\"potentialAction\":[{\"@type\":\"SearchAction\",\"target\":{\"@type\":\"EntryPoint\",\"urlTemplate\":\"https:\/\/www.teka.com\/es-hn\/?s={search_term_string}\"},\"query-input\":{\"@type\":\"PropertyValueSpecification\",\"valueRequired\":true,\"valueName\":\"search_term_string\"}}],\"inLanguage\":\"es\"},{\"@type\":\"Organization\",\"@id\":\"https:\/\/www.teka.com\/es-hn\/#organization\",\"name\":\"Teka Honduras\",\"url\":\"https:\/\/www.teka.com\/es-hn\/\",\"logo\":{\"@type\":\"ImageObject\",\"inLanguage\":\"es\",\"@id\":\"https:\/\/www.teka.com\/es-hn\/#\/schema\/logo\/image\/\",\"url\":\"https:\/\/www.teka.com\/es-hn\/wp-content\/uploads\/sites\/91\/2018\/10\/404-teka.png\",\"contentUrl\":\"https:\/\/www.teka.com\/es-hn\/wp-content\/uploads\/sites\/91\/2018\/10\/404-teka.png\",\"width\":200,\"height\":200,\"caption\":\"Teka Honduras\"},\"image\":{\"@id\":\"https:\/\/www.teka.com\/es-hn\/#\/schema\/logo\/image\/\"}}]}<\/script>\n<!-- \/ Yoast SEO plugin. -->","yoast_head_json":{"title":"Teka Parrilla de Cocci\u00f3n a Gas de 85x860x500 mm","description":"Descubre la Parrilla de Cocci\u00f3n a Gas de acero inoxidable con seguridad termopar en cada quemador, perillas ergon\u00f3micas y 5 quemadores de alta eficiencia.","robots":{"index":"index","follow":"follow","max-snippet":"max-snippet:-1","max-image-preview":"max-image-preview:large","max-video-preview":"max-video-preview:-1"},"canonical":"https:\/\/www.teka.com\/es-hn\/producto\/gsc-95330-wba_112610053\/","og_locale":"es_ES","og_type":"article","og_title":"Teka Parrilla de Cocci\u00f3n a Gas de 85x860x500 mm","og_description":"Descubre la Parrilla de Cocci\u00f3n a Gas de acero inoxidable con seguridad termopar en cada quemador, perillas ergon\u00f3micas y 5 quemadores de alta eficiencia.","og_url":"https:\/\/www.teka.com\/es-hn\/producto\/gsc-95330-wba_112610053\/","og_site_name":"Teka Honduras","twitter_card":"summary_large_image","schema":{"@context":"https:\/\/schema.org","@graph":[{"@type":"WebPage","@id":"https:\/\/www.teka.com\/es-hn\/producto\/gsc-95330-wba_112610053\/","url":"https:\/\/www.teka.com\/es-hn\/producto\/gsc-95330-wba_112610053\/","name":"Teka Parrilla de Cocci\u00f3n a Gas de 85x860x500 mm","isPartOf":{"@id":"https:\/\/www.teka.com\/es-hn\/#website"},"datePublished":"2026-04-05T02:24:18+00:00","description":"Descubre la Parrilla de Cocci\u00f3n a Gas de acero inoxidable con seguridad termopar en cada quemador, perillas ergon\u00f3micas y 5 quemadores de alta eficiencia.","inLanguage":"es","potentialAction":[{"@type":"ReadAction","target":["https:\/\/www.teka.com\/es-hn\/producto\/gsc-95330-wba_112610053\/"]}]},{"@type":"WebSite","@id":"https:\/\/www.teka.com\/es-hn\/#website","url":"https:\/\/www.teka.com\/es-hn\/","name":"Teka Honduras","description":"","publisher":{"@id":"https:\/\/www.teka.com\/es-hn\/#organization"},"potentialAction":[{"@type":"SearchAction","target":{"@type":"EntryPoint","urlTemplate":"https:\/\/www.teka.com\/es-hn\/?s={search_term_string}"},"query-input":{"@type":"PropertyValueSpecification","valueRequired":true,"valueName":"search_term_string"}}],"inLanguage":"es"},{"@type":"Organization","@id":"https:\/\/www.teka.com\/es-hn\/#organization","name":"Teka Honduras","url":"https:\/\/www.teka.com\/es-hn\/","logo":{"@type":"ImageObject","inLanguage":"es","@id":"https:\/\/www.teka.com\/es-hn\/#\/schema\/logo\/image\/","url":"https:\/\/www.teka.com\/es-hn\/wp-content\/uploads\/sites\/91\/2018\/10\/404-teka.png","contentUrl":"https:\/\/www.teka.com\/es-hn\/wp-content\/uploads\/sites\/91\/2018\/10\/404-teka.png","width":200,"height":200,"caption":"Teka Honduras"},"image":{"@id":"https:\/\/www.teka.com\/es-hn\/#\/schema\/logo\/image\/"}}]}},"_links":{"self":[{"href":"https:\/\/www.teka.com\/es-hn\/wp-json\/wp\/v2\/product\/69030","targetHints":{"allow":["GET"]}}],"collection":[{"href":"https:\/\/www.teka.com\/es-hn\/wp-json\/wp\/v2\/product"}],"about":[{"href":"https:\/\/www.teka.com\/es-hn\/wp-json\/wp\/v2\/types\/product"}],"wp:attachment":[{"href":"https:\/\/www.teka.com\/es-hn\/wp-json\/wp\/v2\/media?parent=69030"}],"wp:term":[{"taxonomy":"product_cat","embeddable":true,"href":"https:\/\/www.teka.com\/es-hn\/wp-json\/wp\/v2\/product_cat?post=69030"},{"taxonomy":"product_cleaning_system","embeddable":true,"href":"https:\/\/www.teka.com\/es-hn\/wp-json\/wp\/v2\/product_cleaning_system?post=69030"},{"taxonomy":"product_3rd_basket","embeddable":true,"href":"https:\/\/www.teka.com\/es-hn\/wp-json\/wp\/v2\/product_3rd_basket?post=69030"},{"taxonomy":"product_drawers","embeddable":true,"href":"https:\/\/www.teka.com\/es-hn\/wp-json\/wp\/v2\/product_drawers?post=69030"},{"taxonomy":"product_type_of_installation","embeddable":true,"href":"https:\/\/www.teka.com\/es-hn\/wp-json\/wp\/v2\/product_type_of_installation?post=69030"},{"taxonomy":"product_edition","embeddable":true,"href":"https:\/\/www.teka.com\/es-hn\/wp-json\/wp\/v2\/product_edition?post=69030"},{"taxonomy":"product_serie","embeddable":true,"href":"https:\/\/www.teka.com\/es-hn\/wp-json\/wp\/v2\/product_serie?post=69030"},{"taxonomy":"product_features","embeddable":true,"href":"https:\/\/www.teka.com\/es-hn\/wp-json\/wp\/v2\/product_features?post=69030"},{"taxonomy":"finishes","embeddable":true,"href":"https:\/\/www.teka.com\/es-hn\/wp-json\/wp\/v2\/finishes?post=69030"},{"taxonomy":"product_bundles","embeddable":true,"href":"https:\/\/www.teka.com\/es-hn\/wp-json\/wp\/v2\/product_bundles?post=69030"},{"taxonomy":"product_energy_efficiency","embeddable":true,"href":"https:\/\/www.teka.com\/es-hn\/wp-json\/wp\/v2\/product_energy_efficiency?post=69030"},{"taxonomy":"product_video_training","embeddable":true,"href":"https:\/\/www.teka.com\/es-hn\/wp-json\/wp\/v2\/product_video_training?post=69030"}],"curies":[{"name":"wp","href":"https:\/\/api.w.org\/{rel}","templated":true}]}}