{"id":69071,"date":"2026-04-26T03:10:13","date_gmt":"2026-04-26T03:10:13","guid":{"rendered":"https:\/\/teka.com\/es-mx\/hlb-85-g1-p-bm-maestropizza_111000060"},"modified":"2026-03-14T07:55:57","modified_gmt":"2026-03-14T08:55:57","slug":"hlb-85-g1-p-bm-maestropizza_111000060","status":"publish","type":"product","link":"https:\/\/www.teka.com\/es-hn\/producto\/hlb-85-g1-p-bm-maestropizza_111000060\/","title":{"rendered":"HLB 85-G1 P BM MaestroPizza"},"content":{"rendered":"<ul>\n<li>Dise\u00f1ado en Italia por Italdesign Giugiaro. Ideal para los que disfrutan de crear y comer pizzas con un solo equipo.<\/li>\n<li>Modo MaestroPizza: fase de preparaci\u00f3n precalienta el horno a 340\u00b0C durante 35 minutos y la fase de cocci\u00f3n dura 5-6 minutos.<\/li>\n<li>8 funciones de horno el\u00e9ctrico que permiten hornear, gratinar, asar y cocinar en varias alturas con temperatura uniforme.<\/li>\n<li>Clase energ\u00e9tica: A+ (ahorro de hasta 20% de consumo) ofreciendo eficiencia sin comprometer el rendimiento.<\/li>\n<li>Sistema de limpieza Dual Clean Autolimpieza (Pirol\u00edtica + HydroClean\u00ae PRO (3 niveles)) facilitando la limpieza profunda del horno.<\/li>\n<li>Display touch control que ofrece manejo intuitivo, lectura clara y control preciso de las funciones.<\/li>\n<li>Iluminaci\u00f3n hal\u00f3geno que permite visualizar el estado de cocci\u00f3n sin abrir la puerta.<\/li>\n<li>Precalentamiento r\u00e1pido autom\u00e1tico que reduce tiempos de espera y optimiza el uso del horno.<\/li>\n<li>Puerta de cuatro cristales que mejora el aislamiento t\u00e9rmico y la seguridad, manteniendo el exterior m\u00e1s fr\u00edo.<\/li>\n<li>Puerta con suave apertura y cierre para mayor seguridad.<\/li>\n<li>Ventilaci\u00f3n tangencial de dos velocidades que protege los muebles y mejora la disipaci\u00f3n del calor durante el uso.<\/li>\n<li>Bloqueo de seguridad para ni\u00f1os que evita accidentes, brindando mayor seguridad en hogares con ni\u00f1os.<\/li>\n<li>Desconexi\u00f3n autom\u00e1tica al abrir la puerta ya que detiene autom\u00e1ticamente el funcionamiento al abrir la puerta del horno.<\/li>\n<li>Esmalte interior Crystal Clean \u00ae que ofrece una superficie antiadherente, mayor durabilidad y limpieza m\u00e1s sencilla.<\/li>\n<li>Incluye: esp\u00e1tula de pizza y bandeja de piedra para pizzas.<\/li>\n<\/ul>\n","protected":false},"featured_media":0,"parent":0,"template":"","product_cat":[58722],"product_cleaning_system":[2738,3162],"product_3rd_basket":[],"product_drawers":[],"product_type_of_installation":[],"product_edition":[],"product_serie":[],"product_features":[],"finishes":[],"product_bundles":[],"product_energy_efficiency":[59602],"product_video_training":[59665,59669,59675,59689,59848],"class_list":["post-69071","product","type-product","status-publish","hentry","product_cat-hornos","usp-maestropizza-06","usp-maestropizza-02","usp-maestropizza-04","usp-maestropizza-05","usp-infinityg1-01","usp-infinityg1-02","usp-infinityg1-03","usp-award-06","usp-pizzastone-03","usp-maestropizza-07","color-negro-mate","product_ambient-infinityg1","product_icons-70l","product_icons-hydroclean","product_icons-softclose","product_cleaning_system-pirolitico","product_cleaning_system-hydroclean","product_energy_efficiency-a-plus-icon","product_video_training-trainingovens-01","product_video_training-trainingovens-02","product_video_training-trainingovens-05","product_video_training-trainingovens-12","product_video_training-trainingovens-22"],"acf":[],"yoast_head":"<!-- This site is optimized with the Yoast SEO plugin v27.5 - https:\/\/yoast.com\/product\/yoast-seo-wordpress\/ -->\n<title>Teka G1 MaestroPizza I Horno El\u00e9ctrico Especializado en Pizza 60 cm | 70 L | 240W<\/title>\n<meta name=\"description\" content=\"Descubre Teka G1 MaestroPizza Horno El\u00e9ctrico Especializado en Pizzas de 60 cm con 40 L y sistema HydroClean\u00ae y limpieza pirol\u00edtica. Potencia y seguridad.\" \/>\n<meta name=\"robots\" content=\"index, follow, max-snippet:-1, max-image-preview:large, max-video-preview:-1\" \/>\n<link rel=\"canonical\" href=\"https:\/\/www.teka.com\/es-hn\/producto\/hlb-85-g1-p-bm-maestropizza_111000060\/\" \/>\n<meta property=\"og:locale\" content=\"es_ES\" \/>\n<meta property=\"og:type\" content=\"article\" \/>\n<meta property=\"og:title\" content=\"Teka G1 MaestroPizza I Horno El\u00e9ctrico Especializado en Pizza 60 cm | 70 L | 240W\" \/>\n<meta property=\"og:description\" content=\"Descubre Teka G1 MaestroPizza Horno El\u00e9ctrico Especializado en Pizzas de 60 cm con 40 L y sistema HydroClean\u00ae y limpieza pirol\u00edtica. Potencia y seguridad.\" \/>\n<meta property=\"og:url\" content=\"https:\/\/www.teka.com\/es-hn\/producto\/hlb-85-g1-p-bm-maestropizza_111000060\/\" \/>\n<meta property=\"og:site_name\" content=\"Teka Honduras\" \/>\n<meta name=\"twitter:card\" content=\"summary_large_image\" \/>\n<meta name=\"twitter:label1\" content=\"Tiempo de lectura\" \/>\n\t<meta name=\"twitter:data1\" content=\"1 minuto\" \/>\n<script type=\"application\/ld+json\" class=\"yoast-schema-graph\">{\"@context\":\"https:\\\/\\\/schema.org\",\"@graph\":[{\"@type\":\"WebPage\",\"@id\":\"https:\\\/\\\/www.teka.com\\\/es-hn\\\/producto\\\/hlb-85-g1-p-bm-maestropizza_111000060\\\/\",\"url\":\"https:\\\/\\\/www.teka.com\\\/es-hn\\\/producto\\\/hlb-85-g1-p-bm-maestropizza_111000060\\\/\",\"name\":\"Teka G1 MaestroPizza I Horno El\u00e9ctrico Especializado en Pizza 60 cm | 70 L | 240W\",\"isPartOf\":{\"@id\":\"https:\\\/\\\/www.teka.com\\\/es-hn\\\/#website\"},\"datePublished\":\"2026-04-26T03:10:13+00:00\",\"description\":\"Descubre Teka G1 MaestroPizza Horno El\u00e9ctrico Especializado en Pizzas de 60 cm con 40 L y sistema HydroClean\u00ae y limpieza pirol\u00edtica. Potencia y seguridad.\",\"inLanguage\":\"es\",\"potentialAction\":[{\"@type\":\"ReadAction\",\"target\":[\"https:\\\/\\\/www.teka.com\\\/es-hn\\\/producto\\\/hlb-85-g1-p-bm-maestropizza_111000060\\\/\"]}]},{\"@type\":\"WebSite\",\"@id\":\"https:\\\/\\\/www.teka.com\\\/es-hn\\\/#website\",\"url\":\"https:\\\/\\\/www.teka.com\\\/es-hn\\\/\",\"name\":\"Teka Honduras\",\"description\":\"\",\"publisher\":{\"@id\":\"https:\\\/\\\/www.teka.com\\\/es-hn\\\/#organization\"},\"potentialAction\":[{\"@type\":\"SearchAction\",\"target\":{\"@type\":\"EntryPoint\",\"urlTemplate\":\"https:\\\/\\\/www.teka.com\\\/es-hn\\\/?s={search_term_string}\"},\"query-input\":{\"@type\":\"PropertyValueSpecification\",\"valueRequired\":true,\"valueName\":\"search_term_string\"}}],\"inLanguage\":\"es\"},{\"@type\":\"Organization\",\"@id\":\"https:\\\/\\\/www.teka.com\\\/es-hn\\\/#organization\",\"name\":\"Teka Honduras\",\"url\":\"https:\\\/\\\/www.teka.com\\\/es-hn\\\/\",\"logo\":{\"@type\":\"ImageObject\",\"inLanguage\":\"es\",\"@id\":\"https:\\\/\\\/www.teka.com\\\/es-hn\\\/#\\\/schema\\\/logo\\\/image\\\/\",\"url\":\"https:\\\/\\\/www.teka.com\\\/es-hn\\\/wp-content\\\/uploads\\\/sites\\\/91\\\/2018\\\/10\\\/404-teka.png\",\"contentUrl\":\"https:\\\/\\\/www.teka.com\\\/es-hn\\\/wp-content\\\/uploads\\\/sites\\\/91\\\/2018\\\/10\\\/404-teka.png\",\"width\":200,\"height\":200,\"caption\":\"Teka Honduras\"},\"image\":{\"@id\":\"https:\\\/\\\/www.teka.com\\\/es-hn\\\/#\\\/schema\\\/logo\\\/image\\\/\"}}]}<\/script>\n<!-- \/ Yoast SEO plugin. -->","yoast_head_json":{"title":"Teka G1 MaestroPizza I Horno El\u00e9ctrico Especializado en Pizza 60 cm | 70 L | 240W","description":"Descubre Teka G1 MaestroPizza Horno El\u00e9ctrico Especializado en Pizzas de 60 cm con 40 L y sistema HydroClean\u00ae y limpieza pirol\u00edtica. Potencia y seguridad.","robots":{"index":"index","follow":"follow","max-snippet":"max-snippet:-1","max-image-preview":"max-image-preview:large","max-video-preview":"max-video-preview:-1"},"canonical":"https:\/\/www.teka.com\/es-hn\/producto\/hlb-85-g1-p-bm-maestropizza_111000060\/","og_locale":"es_ES","og_type":"article","og_title":"Teka G1 MaestroPizza I Horno El\u00e9ctrico Especializado en Pizza 60 cm | 70 L | 240W","og_description":"Descubre Teka G1 MaestroPizza Horno El\u00e9ctrico Especializado en Pizzas de 60 cm con 40 L y sistema HydroClean\u00ae y limpieza pirol\u00edtica. Potencia y seguridad.","og_url":"https:\/\/www.teka.com\/es-hn\/producto\/hlb-85-g1-p-bm-maestropizza_111000060\/","og_site_name":"Teka Honduras","twitter_card":"summary_large_image","twitter_misc":{"Tiempo de lectura":"1 minuto"},"schema":{"@context":"https:\/\/schema.org","@graph":[{"@type":"WebPage","@id":"https:\/\/www.teka.com\/es-hn\/producto\/hlb-85-g1-p-bm-maestropizza_111000060\/","url":"https:\/\/www.teka.com\/es-hn\/producto\/hlb-85-g1-p-bm-maestropizza_111000060\/","name":"Teka G1 MaestroPizza I Horno El\u00e9ctrico Especializado en Pizza 60 cm | 70 L | 240W","isPartOf":{"@id":"https:\/\/www.teka.com\/es-hn\/#website"},"datePublished":"2026-04-26T03:10:13+00:00","description":"Descubre Teka G1 MaestroPizza Horno El\u00e9ctrico Especializado en Pizzas de 60 cm con 40 L y sistema HydroClean\u00ae y limpieza pirol\u00edtica. Potencia y seguridad.","inLanguage":"es","potentialAction":[{"@type":"ReadAction","target":["https:\/\/www.teka.com\/es-hn\/producto\/hlb-85-g1-p-bm-maestropizza_111000060\/"]}]},{"@type":"WebSite","@id":"https:\/\/www.teka.com\/es-hn\/#website","url":"https:\/\/www.teka.com\/es-hn\/","name":"Teka Honduras","description":"","publisher":{"@id":"https:\/\/www.teka.com\/es-hn\/#organization"},"potentialAction":[{"@type":"SearchAction","target":{"@type":"EntryPoint","urlTemplate":"https:\/\/www.teka.com\/es-hn\/?s={search_term_string}"},"query-input":{"@type":"PropertyValueSpecification","valueRequired":true,"valueName":"search_term_string"}}],"inLanguage":"es"},{"@type":"Organization","@id":"https:\/\/www.teka.com\/es-hn\/#organization","name":"Teka Honduras","url":"https:\/\/www.teka.com\/es-hn\/","logo":{"@type":"ImageObject","inLanguage":"es","@id":"https:\/\/www.teka.com\/es-hn\/#\/schema\/logo\/image\/","url":"https:\/\/www.teka.com\/es-hn\/wp-content\/uploads\/sites\/91\/2018\/10\/404-teka.png","contentUrl":"https:\/\/www.teka.com\/es-hn\/wp-content\/uploads\/sites\/91\/2018\/10\/404-teka.png","width":200,"height":200,"caption":"Teka Honduras"},"image":{"@id":"https:\/\/www.teka.com\/es-hn\/#\/schema\/logo\/image\/"}}]}},"_links":{"self":[{"href":"https:\/\/www.teka.com\/es-hn\/wp-json\/wp\/v2\/product\/69071","targetHints":{"allow":["GET"]}}],"collection":[{"href":"https:\/\/www.teka.com\/es-hn\/wp-json\/wp\/v2\/product"}],"about":[{"href":"https:\/\/www.teka.com\/es-hn\/wp-json\/wp\/v2\/types\/product"}],"wp:attachment":[{"href":"https:\/\/www.teka.com\/es-hn\/wp-json\/wp\/v2\/media?parent=69071"}],"wp:term":[{"taxonomy":"product_cat","embeddable":true,"href":"https:\/\/www.teka.com\/es-hn\/wp-json\/wp\/v2\/product_cat?post=69071"},{"taxonomy":"product_cleaning_system","embeddable":true,"href":"https:\/\/www.teka.com\/es-hn\/wp-json\/wp\/v2\/product_cleaning_system?post=69071"},{"taxonomy":"product_3rd_basket","embeddable":true,"href":"https:\/\/www.teka.com\/es-hn\/wp-json\/wp\/v2\/product_3rd_basket?post=69071"},{"taxonomy":"product_drawers","embeddable":true,"href":"https:\/\/www.teka.com\/es-hn\/wp-json\/wp\/v2\/product_drawers?post=69071"},{"taxonomy":"product_type_of_installation","embeddable":true,"href":"https:\/\/www.teka.com\/es-hn\/wp-json\/wp\/v2\/product_type_of_installation?post=69071"},{"taxonomy":"product_edition","embeddable":true,"href":"https:\/\/www.teka.com\/es-hn\/wp-json\/wp\/v2\/product_edition?post=69071"},{"taxonomy":"product_serie","embeddable":true,"href":"https:\/\/www.teka.com\/es-hn\/wp-json\/wp\/v2\/product_serie?post=69071"},{"taxonomy":"product_features","embeddable":true,"href":"https:\/\/www.teka.com\/es-hn\/wp-json\/wp\/v2\/product_features?post=69071"},{"taxonomy":"finishes","embeddable":true,"href":"https:\/\/www.teka.com\/es-hn\/wp-json\/wp\/v2\/finishes?post=69071"},{"taxonomy":"product_bundles","embeddable":true,"href":"https:\/\/www.teka.com\/es-hn\/wp-json\/wp\/v2\/product_bundles?post=69071"},{"taxonomy":"product_energy_efficiency","embeddable":true,"href":"https:\/\/www.teka.com\/es-hn\/wp-json\/wp\/v2\/product_energy_efficiency?post=69071"},{"taxonomy":"product_video_training","embeddable":true,"href":"https:\/\/www.teka.com\/es-hn\/wp-json\/wp\/v2\/product_video_training?post=69071"}],"curies":[{"name":"wp","href":"https:\/\/api.w.org\/{rel}","templated":true}]}}