{"id":69334,"date":"2026-04-26T09:04:46","date_gmt":"2026-04-26T09:04:46","guid":{"rendered":"https:\/\/teka.com\/en-int\/mastersense-air-aff-87601-mst_112730000"},"modified":"2026-04-21T08:59:34","modified_gmt":"2026-04-21T09:59:34","slug":"mastersense-air-aff-87601-mst_112730000","status":"publish","type":"product","link":"https:\/\/www.teka.com\/es-hn\/producto\/mastersense-air-aff-87601-mst_112730000\/","title":{"rendered":"MasterSense Air AFF 87601 MST"},"content":{"rendered":"<ul>\n<li>Ideal para hogares que buscan precisi\u00f3n, seguridad y alto rendimiento en un solo equipo.<\/li>\n<li>Cristal vitrocer\u00e1mico biselado frontal Quartzium Ceran\u00ae enfocadas en durabilidad, resistencia a altas temperaturas y facilidad de limpieza.<\/li>\n<li>Touch Control Multislider con sensores ac\u00fasticos control t\u00e1ctil que permite ajustar la potencia.<\/li>\n<li>9 niveles de potencia para una cocci\u00f3n uniforme.<\/li>\n<li>4 zonas de cocci\u00f3n + 2 Flex combinadas permiten mayor versatilidad y eficiencia a la hora de cocinar.<\/li>\n<li>Funciones especiales de cocinado: fuego lento, derretir, pochar, confitar, mantener caliente, parrilla, plancha y fritura.<\/li>\n<li>9 velocidades de extracci\u00f3n + intensiva.<\/li>\n<li>Filtros met\u00e1licos de 12 capas y dep\u00f3sito de grasa extra\u00edble.<\/li>\n<li>Capacidad de extracci\u00f3n m\u00e1xima: 627m\u00b3\/h<\/li>\n<\/ul>\n","protected":false},"featured_media":0,"parent":0,"template":"","product_cat":[58717],"product_cleaning_system":[],"product_3rd_basket":[],"product_drawers":[],"product_type_of_installation":[],"product_edition":[],"product_serie":[],"product_features":[59012,59019,59020,59021,59027,59028,59029,59030,59035],"finishes":[],"product_bundles":[],"product_energy_efficiency":[59602],"product_video_training":[59660,59666,59668,59671,59673,59674,59676,59677,59682],"class_list":["post-69334","product","type-product","status-publish","hentry","product_cat-parrillas","usp-induction-01","usp-induction-02","usp-induction-03","usp-induction-04","usp-induction-05","usp-induction-06","usp-induction-07","usp-induction-10","usp-induction-17","usp-tekahome-08","usp-cookinglovers-01","usp-hobs-09","usp-hobs-11","color-negro","product_icons-autolock","product_icons-flex","product_icons-multislider","product_icons-power","product_icons-power-plus","product_icons-easy-installation","product_features-keep-warm","product_features-simmering","product_features-melting","product_features-flex","product_features-grilling","product_features-pan-frying","product_features-deep-fry","product_features-confit","product_features-poach","product_energy_efficiency-a-plus-icon","product_video_training-traininghobs-01","product_video_training-traininghobs-02","product_video_training-traininghobs-04","product_video_training-traininghobs-05","product_video_training-traininghobs-06","product_video_training-traininghobs-07","product_video_training-traininghobs-08","product_video_training-traininghobs-09","product_video_training-traininghobs-11"],"acf":[],"yoast_head":"<!-- This site is optimized with the Yoast SEO plugin v27.5 - https:\/\/yoast.com\/product\/yoast-seo-wordpress\/ -->\n<title>Teka Vitrocer\u00e1mica de Inducci\u00f3n MasterSense Air con extractor<\/title>\n<meta name=\"description\" content=\"Descubre la Parrilla Vitrocer\u00e1mica de Inducci\u00f3n MasterSense Air con extractor con funciones especiales de cocinado y 9 niveles de potencia.\" \/>\n<meta name=\"robots\" content=\"index, follow, max-snippet:-1, max-image-preview:large, max-video-preview:-1\" \/>\n<link rel=\"canonical\" href=\"https:\/\/www.teka.com\/es-hn\/producto\/mastersense-air-aff-87601-mst_112730000\/\" \/>\n<meta property=\"og:locale\" content=\"es_ES\" \/>\n<meta property=\"og:type\" content=\"article\" \/>\n<meta property=\"og:title\" content=\"Teka Vitrocer\u00e1mica de Inducci\u00f3n MasterSense Air con extractor\" \/>\n<meta property=\"og:description\" content=\"Descubre la Parrilla Vitrocer\u00e1mica de Inducci\u00f3n MasterSense Air con extractor con funciones especiales de cocinado y 9 niveles de potencia.\" \/>\n<meta property=\"og:url\" content=\"https:\/\/www.teka.com\/es-hn\/producto\/mastersense-air-aff-87601-mst_112730000\/\" \/>\n<meta property=\"og:site_name\" content=\"Teka Honduras\" \/>\n<meta name=\"twitter:card\" content=\"summary_large_image\" \/>\n<meta name=\"twitter:label1\" content=\"Tiempo de lectura\" \/>\n\t<meta name=\"twitter:data1\" content=\"1 minuto\" \/>\n<script type=\"application\/ld+json\" class=\"yoast-schema-graph\">{\"@context\":\"https:\\\/\\\/schema.org\",\"@graph\":[{\"@type\":\"WebPage\",\"@id\":\"https:\\\/\\\/www.teka.com\\\/es-hn\\\/producto\\\/mastersense-air-aff-87601-mst_112730000\\\/\",\"url\":\"https:\\\/\\\/www.teka.com\\\/es-hn\\\/producto\\\/mastersense-air-aff-87601-mst_112730000\\\/\",\"name\":\"Teka Vitrocer\u00e1mica de Inducci\u00f3n MasterSense Air con extractor\",\"isPartOf\":{\"@id\":\"https:\\\/\\\/www.teka.com\\\/es-hn\\\/#website\"},\"datePublished\":\"2026-04-26T09:04:46+00:00\",\"description\":\"Descubre la Parrilla Vitrocer\u00e1mica de Inducci\u00f3n MasterSense Air con extractor con funciones especiales de cocinado y 9 niveles de potencia.\",\"inLanguage\":\"es\",\"potentialAction\":[{\"@type\":\"ReadAction\",\"target\":[\"https:\\\/\\\/www.teka.com\\\/es-hn\\\/producto\\\/mastersense-air-aff-87601-mst_112730000\\\/\"]}]},{\"@type\":\"WebSite\",\"@id\":\"https:\\\/\\\/www.teka.com\\\/es-hn\\\/#website\",\"url\":\"https:\\\/\\\/www.teka.com\\\/es-hn\\\/\",\"name\":\"Teka Honduras\",\"description\":\"\",\"publisher\":{\"@id\":\"https:\\\/\\\/www.teka.com\\\/es-hn\\\/#organization\"},\"potentialAction\":[{\"@type\":\"SearchAction\",\"target\":{\"@type\":\"EntryPoint\",\"urlTemplate\":\"https:\\\/\\\/www.teka.com\\\/es-hn\\\/?s={search_term_string}\"},\"query-input\":{\"@type\":\"PropertyValueSpecification\",\"valueRequired\":true,\"valueName\":\"search_term_string\"}}],\"inLanguage\":\"es\"},{\"@type\":\"Organization\",\"@id\":\"https:\\\/\\\/www.teka.com\\\/es-hn\\\/#organization\",\"name\":\"Teka Honduras\",\"url\":\"https:\\\/\\\/www.teka.com\\\/es-hn\\\/\",\"logo\":{\"@type\":\"ImageObject\",\"inLanguage\":\"es\",\"@id\":\"https:\\\/\\\/www.teka.com\\\/es-hn\\\/#\\\/schema\\\/logo\\\/image\\\/\",\"url\":\"https:\\\/\\\/www.teka.com\\\/es-hn\\\/wp-content\\\/uploads\\\/sites\\\/91\\\/2018\\\/10\\\/404-teka.png\",\"contentUrl\":\"https:\\\/\\\/www.teka.com\\\/es-hn\\\/wp-content\\\/uploads\\\/sites\\\/91\\\/2018\\\/10\\\/404-teka.png\",\"width\":200,\"height\":200,\"caption\":\"Teka Honduras\"},\"image\":{\"@id\":\"https:\\\/\\\/www.teka.com\\\/es-hn\\\/#\\\/schema\\\/logo\\\/image\\\/\"}}]}<\/script>\n<!-- \/ Yoast SEO plugin. -->","yoast_head_json":{"title":"Teka Vitrocer\u00e1mica de Inducci\u00f3n MasterSense Air con extractor","description":"Descubre la Parrilla Vitrocer\u00e1mica de Inducci\u00f3n MasterSense Air con extractor con funciones especiales de cocinado y 9 niveles de potencia.","robots":{"index":"index","follow":"follow","max-snippet":"max-snippet:-1","max-image-preview":"max-image-preview:large","max-video-preview":"max-video-preview:-1"},"canonical":"https:\/\/www.teka.com\/es-hn\/producto\/mastersense-air-aff-87601-mst_112730000\/","og_locale":"es_ES","og_type":"article","og_title":"Teka Vitrocer\u00e1mica de Inducci\u00f3n MasterSense Air con extractor","og_description":"Descubre la Parrilla Vitrocer\u00e1mica de Inducci\u00f3n MasterSense Air con extractor con funciones especiales de cocinado y 9 niveles de potencia.","og_url":"https:\/\/www.teka.com\/es-hn\/producto\/mastersense-air-aff-87601-mst_112730000\/","og_site_name":"Teka Honduras","twitter_card":"summary_large_image","twitter_misc":{"Tiempo de lectura":"1 minuto"},"schema":{"@context":"https:\/\/schema.org","@graph":[{"@type":"WebPage","@id":"https:\/\/www.teka.com\/es-hn\/producto\/mastersense-air-aff-87601-mst_112730000\/","url":"https:\/\/www.teka.com\/es-hn\/producto\/mastersense-air-aff-87601-mst_112730000\/","name":"Teka Vitrocer\u00e1mica de Inducci\u00f3n MasterSense Air con extractor","isPartOf":{"@id":"https:\/\/www.teka.com\/es-hn\/#website"},"datePublished":"2026-04-26T09:04:46+00:00","description":"Descubre la Parrilla Vitrocer\u00e1mica de Inducci\u00f3n MasterSense Air con extractor con funciones especiales de cocinado y 9 niveles de potencia.","inLanguage":"es","potentialAction":[{"@type":"ReadAction","target":["https:\/\/www.teka.com\/es-hn\/producto\/mastersense-air-aff-87601-mst_112730000\/"]}]},{"@type":"WebSite","@id":"https:\/\/www.teka.com\/es-hn\/#website","url":"https:\/\/www.teka.com\/es-hn\/","name":"Teka Honduras","description":"","publisher":{"@id":"https:\/\/www.teka.com\/es-hn\/#organization"},"potentialAction":[{"@type":"SearchAction","target":{"@type":"EntryPoint","urlTemplate":"https:\/\/www.teka.com\/es-hn\/?s={search_term_string}"},"query-input":{"@type":"PropertyValueSpecification","valueRequired":true,"valueName":"search_term_string"}}],"inLanguage":"es"},{"@type":"Organization","@id":"https:\/\/www.teka.com\/es-hn\/#organization","name":"Teka Honduras","url":"https:\/\/www.teka.com\/es-hn\/","logo":{"@type":"ImageObject","inLanguage":"es","@id":"https:\/\/www.teka.com\/es-hn\/#\/schema\/logo\/image\/","url":"https:\/\/www.teka.com\/es-hn\/wp-content\/uploads\/sites\/91\/2018\/10\/404-teka.png","contentUrl":"https:\/\/www.teka.com\/es-hn\/wp-content\/uploads\/sites\/91\/2018\/10\/404-teka.png","width":200,"height":200,"caption":"Teka Honduras"},"image":{"@id":"https:\/\/www.teka.com\/es-hn\/#\/schema\/logo\/image\/"}}]}},"_links":{"self":[{"href":"https:\/\/www.teka.com\/es-hn\/wp-json\/wp\/v2\/product\/69334","targetHints":{"allow":["GET"]}}],"collection":[{"href":"https:\/\/www.teka.com\/es-hn\/wp-json\/wp\/v2\/product"}],"about":[{"href":"https:\/\/www.teka.com\/es-hn\/wp-json\/wp\/v2\/types\/product"}],"wp:attachment":[{"href":"https:\/\/www.teka.com\/es-hn\/wp-json\/wp\/v2\/media?parent=69334"}],"wp:term":[{"taxonomy":"product_cat","embeddable":true,"href":"https:\/\/www.teka.com\/es-hn\/wp-json\/wp\/v2\/product_cat?post=69334"},{"taxonomy":"product_cleaning_system","embeddable":true,"href":"https:\/\/www.teka.com\/es-hn\/wp-json\/wp\/v2\/product_cleaning_system?post=69334"},{"taxonomy":"product_3rd_basket","embeddable":true,"href":"https:\/\/www.teka.com\/es-hn\/wp-json\/wp\/v2\/product_3rd_basket?post=69334"},{"taxonomy":"product_drawers","embeddable":true,"href":"https:\/\/www.teka.com\/es-hn\/wp-json\/wp\/v2\/product_drawers?post=69334"},{"taxonomy":"product_type_of_installation","embeddable":true,"href":"https:\/\/www.teka.com\/es-hn\/wp-json\/wp\/v2\/product_type_of_installation?post=69334"},{"taxonomy":"product_edition","embeddable":true,"href":"https:\/\/www.teka.com\/es-hn\/wp-json\/wp\/v2\/product_edition?post=69334"},{"taxonomy":"product_serie","embeddable":true,"href":"https:\/\/www.teka.com\/es-hn\/wp-json\/wp\/v2\/product_serie?post=69334"},{"taxonomy":"product_features","embeddable":true,"href":"https:\/\/www.teka.com\/es-hn\/wp-json\/wp\/v2\/product_features?post=69334"},{"taxonomy":"finishes","embeddable":true,"href":"https:\/\/www.teka.com\/es-hn\/wp-json\/wp\/v2\/finishes?post=69334"},{"taxonomy":"product_bundles","embeddable":true,"href":"https:\/\/www.teka.com\/es-hn\/wp-json\/wp\/v2\/product_bundles?post=69334"},{"taxonomy":"product_energy_efficiency","embeddable":true,"href":"https:\/\/www.teka.com\/es-hn\/wp-json\/wp\/v2\/product_energy_efficiency?post=69334"},{"taxonomy":"product_video_training","embeddable":true,"href":"https:\/\/www.teka.com\/es-hn\/wp-json\/wp\/v2\/product_video_training?post=69334"}],"curies":[{"name":"wp","href":"https:\/\/api.w.org\/{rel}","templated":true}]}}