{"id":16,"date":"2018-06-27T08:06:09","date_gmt":"2018-06-27T06:06:09","guid":{"rendered":"http:\/\/teka.com\/?page_id=16"},"modified":"2024-12-19T23:02:42","modified_gmt":"2024-12-19T22:02:42","slug":"inspiracion","status":"publish","type":"page","link":"https:\/\/www.teka.com\/es-mx\/inspiracion\/","title":{"rendered":"Inspiraci\u00f3n"},"content":{"rendered":"<p>[et_pb_section fb_built=&#8221;1&#8243; module_id=&#8221;inspiration-header&#8221; _builder_version=&#8221;3.17.6&#8243; background_image=&#8221;https:\/\/www.teka.com\/wp-content\/uploads\/sites\/3\/2018\/10\/teka-inspiration-2.jpg&#8221; global_module=&#8221;39222&#8243;][et_pb_row _builder_version=&#8221;3.25&#8243; background_size=&#8221;initial&#8221; background_position=&#8221;top_left&#8221; background_repeat=&#8221;repeat&#8221; column_structure=&#8221;1_2,1_2&#8243;][et_pb_column type=&#8221;1_2&#8243; _builder_version=&#8221;3.25&#8243; custom_padding=&#8221;|||&#8221; custom_padding__hover=&#8221;|||&#8221;][et_pb_text admin_label=&#8221;Title&#8221; module_id=&#8221;inspiration-main-title&#8221; _builder_version=&#8221;3.27.4&#8243; background_layout=&#8221;dark&#8221;]<\/p>\n<h1>Imagina<\/h1>\n<h1><strong>lo inimaginable<\/strong><\/h1>\n<p>[\/et_pb_text][\/et_pb_column][et_pb_column type=&#8221;1_2&#8243; _builder_version=&#8221;3.25&#8243; custom_padding=&#8221;|||&#8221; custom_padding__hover=&#8221;|||&#8221;][\/et_pb_column][\/et_pb_row][et_pb_row _builder_version=&#8221;3.25&#8243; background_size=&#8221;initial&#8221; background_position=&#8221;top_left&#8221; background_repeat=&#8221;repeat&#8221;][et_pb_column type=&#8221;4_4&#8243; _builder_version=&#8221;3.25&#8243; custom_padding=&#8221;|||&#8221; custom_padding__hover=&#8221;|||&#8221;][et_pb_sidebar area=&#8221;et_pb_widget_area_2&#8243; admin_label=&#8221;Inspiration menu holder&#8221; module_id=&#8221;inspiration-menu&#8221; _builder_version=&#8221;3.14&#8243;][\/et_pb_sidebar][\/et_pb_column][\/et_pb_row][\/et_pb_section][et_pb_section fb_built=&#8221;1&#8243; _builder_version=&#8221;3.22&#8243; background_color=&#8221;#f2f2f2&#8243;][et_pb_row _builder_version=&#8221;3.25&#8243; background_size=&#8221;initial&#8221; background_position=&#8221;top_left&#8221; background_repeat=&#8221;repeat&#8221;][et_pb_column type=&#8221;4_4&#8243; _builder_version=&#8221;3.25&#8243; custom_padding=&#8221;|||&#8221; custom_padding__hover=&#8221;|||&#8221;][et_pb_inspiration posts_number=&#8221;8&#8243; include_categories=&#8221;614&#8243; show_author=&#8221;off&#8221; admin_label=&#8221;Inspiration archive holder&#8221; _builder_version=&#8221;3.14&#8243; header_font_size_tablet=&#8221;51&#8243; header_line_height_tablet=&#8221;2&#8243; body_font_size_tablet=&#8221;51&#8243; body_line_height_tablet=&#8221;2&#8243; meta_font_size_tablet=&#8221;51&#8243; meta_line_height_tablet=&#8221;2&#8243; pagination_font_size_tablet=&#8221;51&#8243; pagination_line_height_tablet=&#8221;2&#8243;][\/et_pb_inspiration][\/et_pb_column][\/et_pb_row][\/et_pb_section]<\/p>\n","protected":false},"excerpt":{"rendered":"<p>Imagina lo inimaginable [et_pb_inspiration posts_number=&#8221;8&#8243; include_categories=&#8221;614&#8243; show_author=&#8221;off&#8221; admin_label=&#8221;Inspiration archive holder&#8221; _builder_version=&#8221;3.14&#8243; header_font_size_tablet=&#8221;51&#8243; header_line_height_tablet=&#8221;2&#8243; body_font_size_tablet=&#8221;51&#8243; body_line_height_tablet=&#8221;2&#8243; meta_font_size_tablet=&#8221;51&#8243; meta_line_height_tablet=&#8221;2&#8243; pagination_font_size_tablet=&#8221;51&#8243; pagination_line_height_tablet=&#8221;2&#8243;][\/et_pb_inspiration]<\/p>\n","protected":false},"author":9,"featured_media":0,"parent":0,"menu_order":12,"comment_status":"closed","ping_status":"closed","template":"","meta":{"_acf_changed":false,"_et_pb_use_builder":"on","_et_pb_old_content":"","_et_gb_content_width":"","footnotes":""},"class_list":["post-16","page","type-page","status-publish","hentry"],"acf":[],"yoast_head":"<!-- This site is optimized with the Yoast SEO plugin v27.5 - https:\/\/yoast.com\/product\/yoast-seo-wordpress\/ -->\n<title>Dise\u00f1os de Cocinas, Recetas Saludables y M\u00e1s | Inspiraci\u00f3n<\/title>\n<meta name=\"description\" content=\"Ideas de dise\u00f1os de cocinas, recetas saludables, tips de limpieza y organizaci\u00f3n de tu cocina en nuestro blog, \u00a1encuentra la inspiraci\u00f3n para innovar!\" \/>\n<meta name=\"robots\" content=\"index, follow, max-snippet:-1, max-image-preview:large, max-video-preview:-1\" \/>\n<link rel=\"canonical\" href=\"https:\/\/www.teka.com\/es-mx\/inspiracion\/\" \/>\n<meta property=\"og:locale\" content=\"es_MX\" \/>\n<meta property=\"og:type\" content=\"article\" \/>\n<meta property=\"og:title\" content=\"Dise\u00f1os de Cocinas, Recetas Saludables y M\u00e1s | Inspiraci\u00f3n\" \/>\n<meta property=\"og:description\" content=\"Ideas de dise\u00f1os de cocinas, recetas saludables, tips de limpieza y organizaci\u00f3n de tu cocina en nuestro blog, \u00a1encuentra la inspiraci\u00f3n para innovar!\" \/>\n<meta property=\"og:url\" content=\"https:\/\/www.teka.com\/es-mx\/inspiracion\/\" \/>\n<meta property=\"og:site_name\" content=\"Teka M\u00e9xico\" \/>\n<meta property=\"article:modified_time\" content=\"2024-12-19T22:02:42+00:00\" \/>\n<meta name=\"twitter:card\" content=\"summary_large_image\" \/>\n<meta name=\"twitter:label1\" content=\"Tiempo de lectura\" \/>\n\t<meta name=\"twitter:data1\" content=\"1 minuto\" \/>\n<script type=\"application\/ld+json\" class=\"yoast-schema-graph\">{\"@context\":\"https:\\\/\\\/schema.org\",\"@graph\":[{\"@type\":\"WebPage\",\"@id\":\"https:\\\/\\\/www.teka.com\\\/es-mx\\\/inspiracion\\\/\",\"url\":\"https:\\\/\\\/www.teka.com\\\/es-mx\\\/inspiracion\\\/\",\"name\":\"Dise\u00f1os de Cocinas, Recetas Saludables y M\u00e1s | Inspiraci\u00f3n\",\"isPartOf\":{\"@id\":\"https:\\\/\\\/www.teka.com\\\/es-mx\\\/#website\"},\"datePublished\":\"2018-06-27T06:06:09+00:00\",\"dateModified\":\"2024-12-19T22:02:42+00:00\",\"description\":\"Ideas de dise\u00f1os de cocinas, recetas saludables, tips de limpieza y organizaci\u00f3n de tu cocina en nuestro blog, \u00a1encuentra la inspiraci\u00f3n para innovar!\",\"inLanguage\":\"es\",\"potentialAction\":[{\"@type\":\"ReadAction\",\"target\":[\"https:\\\/\\\/www.teka.com\\\/es-mx\\\/inspiracion\\\/\"]}]},{\"@type\":\"WebSite\",\"@id\":\"https:\\\/\\\/www.teka.com\\\/es-mx\\\/#website\",\"url\":\"https:\\\/\\\/www.teka.com\\\/es-mx\\\/\",\"name\":\"Teka M\u00e9xico\",\"description\":\"\",\"publisher\":{\"@id\":\"https:\\\/\\\/www.teka.com\\\/es-mx\\\/#organization\"},\"potentialAction\":[{\"@type\":\"SearchAction\",\"target\":{\"@type\":\"EntryPoint\",\"urlTemplate\":\"https:\\\/\\\/www.teka.com\\\/es-mx\\\/?s={search_term_string}\"},\"query-input\":{\"@type\":\"PropertyValueSpecification\",\"valueRequired\":true,\"valueName\":\"search_term_string\"}}],\"inLanguage\":\"es\"},{\"@type\":\"Organization\",\"@id\":\"https:\\\/\\\/www.teka.com\\\/es-mx\\\/#organization\",\"name\":\"Teka M\u00e9xico\",\"url\":\"https:\\\/\\\/www.teka.com\\\/es-mx\\\/\",\"logo\":{\"@type\":\"ImageObject\",\"inLanguage\":\"es\",\"@id\":\"https:\\\/\\\/www.teka.com\\\/es-mx\\\/#\\\/schema\\\/logo\\\/image\\\/\",\"url\":\"https:\\\/\\\/www.teka.com\\\/es-mx\\\/wp-content\\\/uploads\\\/sites\\\/11\\\/2024\\\/08\\\/Teka_100years_logo_red_greyscale_square_RGB-5.png\",\"contentUrl\":\"https:\\\/\\\/www.teka.com\\\/es-mx\\\/wp-content\\\/uploads\\\/sites\\\/11\\\/2024\\\/08\\\/Teka_100years_logo_red_greyscale_square_RGB-5.png\",\"width\":4042,\"height\":4042,\"caption\":\"Teka M\u00e9xico\"},\"image\":{\"@id\":\"https:\\\/\\\/www.teka.com\\\/es-mx\\\/#\\\/schema\\\/logo\\\/image\\\/\"}}]}<\/script>\n<!-- \/ Yoast SEO plugin. -->","yoast_head_json":{"title":"Dise\u00f1os de Cocinas, Recetas Saludables y M\u00e1s | Inspiraci\u00f3n","description":"Ideas de dise\u00f1os de cocinas, recetas saludables, tips de limpieza y organizaci\u00f3n de tu cocina en nuestro blog, \u00a1encuentra la inspiraci\u00f3n para innovar!","robots":{"index":"index","follow":"follow","max-snippet":"max-snippet:-1","max-image-preview":"max-image-preview:large","max-video-preview":"max-video-preview:-1"},"canonical":"https:\/\/www.teka.com\/es-mx\/inspiracion\/","og_locale":"es_MX","og_type":"article","og_title":"Dise\u00f1os de Cocinas, Recetas Saludables y M\u00e1s | Inspiraci\u00f3n","og_description":"Ideas de dise\u00f1os de cocinas, recetas saludables, tips de limpieza y organizaci\u00f3n de tu cocina en nuestro blog, \u00a1encuentra la inspiraci\u00f3n para innovar!","og_url":"https:\/\/www.teka.com\/es-mx\/inspiracion\/","og_site_name":"Teka M\u00e9xico","article_modified_time":"2024-12-19T22:02:42+00:00","twitter_card":"summary_large_image","twitter_misc":{"Tiempo de lectura":"1 minuto"},"schema":{"@context":"https:\/\/schema.org","@graph":[{"@type":"WebPage","@id":"https:\/\/www.teka.com\/es-mx\/inspiracion\/","url":"https:\/\/www.teka.com\/es-mx\/inspiracion\/","name":"Dise\u00f1os de Cocinas, Recetas Saludables y M\u00e1s | Inspiraci\u00f3n","isPartOf":{"@id":"https:\/\/www.teka.com\/es-mx\/#website"},"datePublished":"2018-06-27T06:06:09+00:00","dateModified":"2024-12-19T22:02:42+00:00","description":"Ideas de dise\u00f1os de cocinas, recetas saludables, tips de limpieza y organizaci\u00f3n de tu cocina en nuestro blog, \u00a1encuentra la inspiraci\u00f3n para innovar!","inLanguage":"es","potentialAction":[{"@type":"ReadAction","target":["https:\/\/www.teka.com\/es-mx\/inspiracion\/"]}]},{"@type":"WebSite","@id":"https:\/\/www.teka.com\/es-mx\/#website","url":"https:\/\/www.teka.com\/es-mx\/","name":"Teka M\u00e9xico","description":"","publisher":{"@id":"https:\/\/www.teka.com\/es-mx\/#organization"},"potentialAction":[{"@type":"SearchAction","target":{"@type":"EntryPoint","urlTemplate":"https:\/\/www.teka.com\/es-mx\/?s={search_term_string}"},"query-input":{"@type":"PropertyValueSpecification","valueRequired":true,"valueName":"search_term_string"}}],"inLanguage":"es"},{"@type":"Organization","@id":"https:\/\/www.teka.com\/es-mx\/#organization","name":"Teka M\u00e9xico","url":"https:\/\/www.teka.com\/es-mx\/","logo":{"@type":"ImageObject","inLanguage":"es","@id":"https:\/\/www.teka.com\/es-mx\/#\/schema\/logo\/image\/","url":"https:\/\/www.teka.com\/es-mx\/wp-content\/uploads\/sites\/11\/2024\/08\/Teka_100years_logo_red_greyscale_square_RGB-5.png","contentUrl":"https:\/\/www.teka.com\/es-mx\/wp-content\/uploads\/sites\/11\/2024\/08\/Teka_100years_logo_red_greyscale_square_RGB-5.png","width":4042,"height":4042,"caption":"Teka M\u00e9xico"},"image":{"@id":"https:\/\/www.teka.com\/es-mx\/#\/schema\/logo\/image\/"}}]}},"_links":{"self":[{"href":"https:\/\/www.teka.com\/es-mx\/wp-json\/wp\/v2\/pages\/16","targetHints":{"allow":["GET"]}}],"collection":[{"href":"https:\/\/www.teka.com\/es-mx\/wp-json\/wp\/v2\/pages"}],"about":[{"href":"https:\/\/www.teka.com\/es-mx\/wp-json\/wp\/v2\/types\/page"}],"author":[{"embeddable":true,"href":"https:\/\/www.teka.com\/es-mx\/wp-json\/wp\/v2\/users\/9"}],"replies":[{"embeddable":true,"href":"https:\/\/www.teka.com\/es-mx\/wp-json\/wp\/v2\/comments?post=16"}],"version-history":[{"count":44,"href":"https:\/\/www.teka.com\/es-mx\/wp-json\/wp\/v2\/pages\/16\/revisions"}],"predecessor-version":[{"id":123330,"href":"https:\/\/www.teka.com\/es-mx\/wp-json\/wp\/v2\/pages\/16\/revisions\/123330"}],"wp:attachment":[{"href":"https:\/\/www.teka.com\/es-mx\/wp-json\/wp\/v2\/media?parent=16"}],"curies":[{"name":"wp","href":"https:\/\/api.w.org\/{rel}","templated":true}]}}