{"id":21991,"date":"2018-09-11T08:07:27","date_gmt":"2018-09-11T06:07:27","guid":{"rendered":"http:\/\/teka.com\/?page_id=21991"},"modified":"2021-09-16T16:07:15","modified_gmt":"2021-09-16T14:07:15","slug":"presencia-internacional","status":"publish","type":"page","link":"https:\/\/www.teka.com\/es-mx\/sobre-nosotros\/presencia-internacional\/","title":{"rendered":"Presencia internacional"},"content":{"rendered":"<p>[et_pb_section fb_built=&#8221;1&#8243; module_id=&#8221;teka-top&#8221; _builder_version=&#8221;3.19&#8243; background_image=&#8221;https:\/\/www.teka.com\/es-mx\/wp-content\/uploads\/sites\/11\/2018\/11\/teka-slider-about-us-desktop.jpg&#8221; global_module=&#8221;23211&#8243;][et_pb_row _builder_version=&#8221;3.25&#8243; background_size=&#8221;initial&#8221; background_position=&#8221;top_left&#8221; background_repeat=&#8221;repeat&#8221; column_structure=&#8221;1_2,1_2&#8243;][et_pb_column type=&#8221;1_2&#8243; _builder_version=&#8221;3.25&#8243; custom_padding=&#8221;|||&#8221; custom_padding__hover=&#8221;|||&#8221;][et_pb_text admin_label=&#8221;Header Title&#8221; _builder_version=&#8221;3.27.4&#8243; background_layout=&#8221;dark&#8221;]<\/p>\n<p>&nbsp;<\/p>\n<h3><strong>Teka Group<\/strong>,<br \/>esp\u00edritu alem\u00e1n<\/h3>\n<p>&nbsp;<\/p>\n<p>&nbsp;<\/p>\n<p>&nbsp;<\/p>\n<\/p>\n<p>[\/et_pb_text][\/et_pb_column][et_pb_column type=&#8221;1_2&#8243; _builder_version=&#8221;3.25&#8243; custom_padding=&#8221;|||&#8221; custom_padding__hover=&#8221;|||&#8221;][\/et_pb_column][\/et_pb_row][et_pb_row _builder_version=&#8221;3.25&#8243; background_size=&#8221;initial&#8221; background_position=&#8221;top_left&#8221; background_repeat=&#8221;repeat&#8221; column_structure=&#8221;1_2,1_2&#8243;][et_pb_column type=&#8221;1_2&#8243; _builder_version=&#8221;3.25&#8243; custom_padding=&#8221;|||&#8221; custom_padding__hover=&#8221;|||&#8221;][\/et_pb_column][et_pb_column type=&#8221;1_2&#8243; _builder_version=&#8221;3.25&#8243; custom_padding=&#8221;|||&#8221; custom_padding__hover=&#8221;|||&#8221;][\/et_pb_column][\/et_pb_row][\/et_pb_section][et_pb_section fb_built=&#8221;1&#8243; module_id=&#8221;teka-menu&#8221; _builder_version=&#8221;3.14&#8243; background_color=&#8221;#0e0e0e&#8221; global_module=&#8221;23212&#8243;][et_pb_row _builder_version=&#8221;3.25&#8243; background_size=&#8221;initial&#8221; background_position=&#8221;top_left&#8221; background_repeat=&#8221;repeat&#8221;][et_pb_column type=&#8221;4_4&#8243; _builder_version=&#8221;3.25&#8243; custom_padding=&#8221;|||&#8221; custom_padding__hover=&#8221;|||&#8221;][et_pb_sidebar area=&#8221;et_pb_widget_area_4&#8243; disabled_on=&#8221;on|on|&#8221; _builder_version=&#8221;3.17.6&#8243; background_layout=&#8221;dark&#8221;][\/et_pb_sidebar][et_pb_sidebar area=&#8221;et_pb_widget_area_8&#8243; disabled_on=&#8221;on||on&#8221; admin_label=&#8221;Barra lateral Tablet&#8221; _builder_version=&#8221;3.17.6&#8243; background_layout=&#8221;dark&#8221;][\/et_pb_sidebar][et_pb_sidebar area=&#8221;et_pb_widget_area_7&#8243; disabled_on=&#8221;|on|on&#8221; admin_label=&#8221;Barra lateral Mobile&#8221; _builder_version=&#8221;3.17.6&#8243; background_layout=&#8221;dark&#8221;][\/et_pb_sidebar][\/et_pb_column][\/et_pb_row][\/et_pb_section][et_pb_section fb_built=&#8221;1&#8243; module_id=&#8221;presencia-internacional&#8221; _builder_version=&#8221;3.22&#8243; background_color=&#8221;#222222&#8243;][et_pb_row module_id=&#8221;worldwide-top&#8221; _builder_version=&#8221;3.25&#8243; custom_width_percent=&#8221;90%&#8221; column_structure=&#8221;1_3,2_3&#8243;][et_pb_column type=&#8221;1_3&#8243; _builder_version=&#8221;3.25&#8243; custom_padding=&#8221;|||&#8221; custom_padding__hover=&#8221;|||&#8221;][et_pb_text _builder_version=&#8221;3.27.4&#8243; background_layout=&#8221;dark&#8221;]<\/p>\n<h1>Presencia<br \/><strong>internacional<\/strong><\/h1>\n<p>[\/et_pb_text][\/et_pb_column][et_pb_column type=&#8221;2_3&#8243; _builder_version=&#8221;3.25&#8243; custom_padding=&#8221;|||&#8221; custom_padding__hover=&#8221;|||&#8221;][et_pb_text _builder_version=&#8221;3.27.4&#8243; background_layout=&#8221;dark&#8221;]<\/p>\n<p>Teka est\u00e1 presente en los cinco continentes, y en la actualidad comercializa sus productos en m\u00e1s de 120 pa\u00edses.<\/p>\n<p>La compa\u00f1\u00eda cuenta con 15 f\u00e1bricas repartidas por Europa, Asia y Am\u00e9rica, en las que fabrica m\u00e1s de 15 millones de productos cada a\u00f1o.<\/p>\n<p>[\/et_pb_text][\/et_pb_column][\/et_pb_row][et_pb_row disabled_on=&#8221;off|off|off&#8221; module_id=&#8221;worldwide-map&#8221; _builder_version=&#8221;3.25&#8243;][et_pb_column type=&#8221;4_4&#8243; _builder_version=&#8221;3.25&#8243; custom_padding=&#8221;|||&#8221; custom_padding__hover=&#8221;|||&#8221;][et_pb_code disabled_on=&#8221;on|on|on&#8221; disabled=&#8221;on&#8221;]<!-- [et_pb_line_break_holder] -->var worldwidePoints = {<!-- [et_pb_line_break_holder] --><!-- [et_pb_line_break_holder] --> &#8216;Teka Spain&#8217;: {<!-- [et_pb_line_break_holder] --> &#8216;address&#8217;: &#8216;Calle Cajo 17Santander, Espa\u00f1a&#8217;,<!-- [et_pb_line_break_holder] --> &#8216;mail&#8217;: &#8216;mail@teka.com&#8217;,<!-- [et_pb_line_break_holder] --> &#8216;top&#8217;: 267,<!-- [et_pb_line_break_holder] --> &#8216;left&#8217;: 461<!-- [et_pb_line_break_holder] --> },<!-- [et_pb_line_break_holder] --><!-- [et_pb_line_break_holder] --> &#8216;Teka Portugal&#8217;: {<!-- [et_pb_line_break_holder] --> &#8216;address&#8217;: &#8216;Calle Cajo 17Santander, Espa\u00f1a&#8217;,<!-- [et_pb_line_break_holder] --> &#8216;mail&#8217;: &#8216;mail@teka.com&#8217;,<!-- [et_pb_line_break_holder] --> &#8216;top&#8217;: 281,<!-- [et_pb_line_break_holder] --> &#8216;left&#8217;: 451<!-- [et_pb_line_break_holder] --> },<!-- [et_pb_line_break_holder] --><!-- [et_pb_line_break_holder] --> &#8216;Teka Italia&#8217;: {<!-- [et_pb_line_break_holder] --> &#8216;address&#8217;: &#8216;Calle Cajo 17Santander, Italy&#8217;,<!-- [et_pb_line_break_holder] --> &#8216;top&#8217;: 267,<!-- [et_pb_line_break_holder] --> &#8216;left&#8217;: 512<!-- [et_pb_line_break_holder] --> },<!-- [et_pb_line_break_holder] --><!-- [et_pb_line_break_holder] -->&#8216;Teka Canada&#8217;:{<!-- [et_pb_line_break_holder] -->&#8216;address&#8217;: &#8216;Lorem ipsum  Canada&#8217;,<!-- [et_pb_line_break_holder] -->&#8216;mail&#8217;: &#8216;example@teka.com&#8217;,<!-- [et_pb_line_break_holder] -->&#8216;top&#8217;: 220,<!-- [et_pb_line_break_holder] -->&#8216;left&#8217;: 170<!-- [et_pb_line_break_holder] -->},<!-- [et_pb_line_break_holder] --><!-- [et_pb_line_break_holder] -->&#8216;Teka Chile&#8217;:{<!-- [et_pb_line_break_holder] -->&#8216;address&#8217;: &#8216;Lorem ipsum  Chile&#8217;,<!-- [et_pb_line_break_holder] -->&#8216;mail&#8217;: &#8216;example@teka.com&#8217;,<!-- [et_pb_line_break_holder] -->&#8216;top&#8217;: 520,<!-- [et_pb_line_break_holder] -->&#8216;left&#8217;: 265<!-- [et_pb_line_break_holder] -->},<!-- [et_pb_line_break_holder] --><!-- [et_pb_line_break_holder] -->&#8216;Teka Colombia&#8217;:{<!-- [et_pb_line_break_holder] -->&#8216;address&#8217;: &#8216;Lorem ipsum  Colombia&#8217;,<!-- [et_pb_line_break_holder] -->&#8216;mail&#8217;: &#8216;example@teka.com&#8217;,<!-- [et_pb_line_break_holder] -->&#8216;top&#8217;: 390,<!-- [et_pb_line_break_holder] -->&#8216;left&#8217;: 260<!-- [et_pb_line_break_holder] -->},<!-- [et_pb_line_break_holder] -->};<!-- [et_pb_line_break_holder] -->[\/et_pb_code][\/et_pb_column][\/et_pb_row][\/et_pb_section]<\/p>\n","protected":false},"excerpt":{"rendered":"<p>&nbsp; Teka Group,esp\u00edritu alem\u00e1n &nbsp; &nbsp; &nbsp; Presenciainternacional Teka est\u00e1 presente en los cinco continentes, y en la actualidad comercializa sus productos en m\u00e1s de 120 pa\u00edses. La compa\u00f1\u00eda cuenta con 15 f\u00e1bricas repartidas por Europa, Asia y Am\u00e9rica, en las que fabrica m\u00e1s de 15 millones de productos cada a\u00f1o.<\/p>\n","protected":false},"author":9,"featured_media":0,"parent":21989,"menu_order":3,"comment_status":"closed","ping_status":"closed","template":"","meta":{"_acf_changed":false,"_et_pb_use_builder":"on","_et_pb_old_content":"","_et_gb_content_width":"","footnotes":""},"class_list":["post-21991","page","type-page","status-publish","hentry"],"acf":[],"yoast_head":"<!-- This site is optimized with the Yoast SEO plugin v27.5 - https:\/\/yoast.com\/product\/yoast-seo-wordpress\/ -->\n<title>Presencia Internacional en los 5 continentes | Teka M\u00e9xico<\/title>\n<meta name=\"description\" content=\"Conoce la presencia internacional del Grupo Teka: 120 pa\u00edses en los 5 continentes, 15 f\u00e1bricas por todo el mundo y m\u00e1s de 100 millones de clientes.\" \/>\n<meta name=\"robots\" content=\"index, follow, max-snippet:-1, max-image-preview:large, max-video-preview:-1\" \/>\n<link rel=\"canonical\" href=\"https:\/\/www.teka.com\/es-mx\/sobre-nosotros\/presencia-internacional\/\" \/>\n<meta property=\"og:locale\" content=\"es_MX\" \/>\n<meta property=\"og:type\" content=\"article\" \/>\n<meta property=\"og:title\" content=\"Presencia Internacional en los 5 continentes | Teka M\u00e9xico\" \/>\n<meta property=\"og:description\" content=\"Conoce la presencia internacional del Grupo Teka: 120 pa\u00edses en los 5 continentes, 15 f\u00e1bricas por todo el mundo y m\u00e1s de 100 millones de clientes.\" \/>\n<meta property=\"og:url\" content=\"https:\/\/www.teka.com\/es-mx\/sobre-nosotros\/presencia-internacional\/\" \/>\n<meta property=\"og:site_name\" content=\"Teka M\u00e9xico\" \/>\n<meta property=\"article:modified_time\" content=\"2021-09-16T14:07:15+00:00\" \/>\n<meta name=\"twitter:card\" content=\"summary_large_image\" \/>\n<meta name=\"twitter:label1\" content=\"Tiempo de lectura\" \/>\n\t<meta name=\"twitter:data1\" content=\"3 minutos\" \/>\n<script type=\"application\/ld+json\" class=\"yoast-schema-graph\">{\"@context\":\"https:\\\/\\\/schema.org\",\"@graph\":[{\"@type\":\"WebPage\",\"@id\":\"https:\\\/\\\/www.teka.com\\\/es-mx\\\/sobre-nosotros\\\/presencia-internacional\\\/\",\"url\":\"https:\\\/\\\/www.teka.com\\\/es-mx\\\/sobre-nosotros\\\/presencia-internacional\\\/\",\"name\":\"Presencia Internacional en los 5 continentes | Teka M\u00e9xico\",\"isPartOf\":{\"@id\":\"https:\\\/\\\/www.teka.com\\\/es-mx\\\/#website\"},\"datePublished\":\"2018-09-11T06:07:27+00:00\",\"dateModified\":\"2021-09-16T14:07:15+00:00\",\"description\":\"Conoce la presencia internacional del Grupo Teka: 120 pa\u00edses en los 5 continentes, 15 f\u00e1bricas por todo el mundo y m\u00e1s de 100 millones de clientes.\",\"breadcrumb\":{\"@id\":\"https:\\\/\\\/www.teka.com\\\/es-mx\\\/sobre-nosotros\\\/presencia-internacional\\\/#breadcrumb\"},\"inLanguage\":\"es\",\"potentialAction\":[{\"@type\":\"ReadAction\",\"target\":[\"https:\\\/\\\/www.teka.com\\\/es-mx\\\/sobre-nosotros\\\/presencia-internacional\\\/\"]}]},{\"@type\":\"BreadcrumbList\",\"@id\":\"https:\\\/\\\/www.teka.com\\\/es-mx\\\/sobre-nosotros\\\/presencia-internacional\\\/#breadcrumb\",\"itemListElement\":[{\"@type\":\"ListItem\",\"position\":1,\"name\":\"Acerca de Teka\",\"item\":\"https:\\\/\\\/www.teka.com\\\/es-mx\\\/sobre-nosotros\\\/\"},{\"@type\":\"ListItem\",\"position\":2,\"name\":\"Presencia internacional\"}]},{\"@type\":\"WebSite\",\"@id\":\"https:\\\/\\\/www.teka.com\\\/es-mx\\\/#website\",\"url\":\"https:\\\/\\\/www.teka.com\\\/es-mx\\\/\",\"name\":\"Teka M\u00e9xico\",\"description\":\"\",\"publisher\":{\"@id\":\"https:\\\/\\\/www.teka.com\\\/es-mx\\\/#organization\"},\"potentialAction\":[{\"@type\":\"SearchAction\",\"target\":{\"@type\":\"EntryPoint\",\"urlTemplate\":\"https:\\\/\\\/www.teka.com\\\/es-mx\\\/?s={search_term_string}\"},\"query-input\":{\"@type\":\"PropertyValueSpecification\",\"valueRequired\":true,\"valueName\":\"search_term_string\"}}],\"inLanguage\":\"es\"},{\"@type\":\"Organization\",\"@id\":\"https:\\\/\\\/www.teka.com\\\/es-mx\\\/#organization\",\"name\":\"Teka M\u00e9xico\",\"url\":\"https:\\\/\\\/www.teka.com\\\/es-mx\\\/\",\"logo\":{\"@type\":\"ImageObject\",\"inLanguage\":\"es\",\"@id\":\"https:\\\/\\\/www.teka.com\\\/es-mx\\\/#\\\/schema\\\/logo\\\/image\\\/\",\"url\":\"https:\\\/\\\/www.teka.com\\\/es-mx\\\/wp-content\\\/uploads\\\/sites\\\/11\\\/2024\\\/08\\\/Teka_100years_logo_red_greyscale_square_RGB-5.png\",\"contentUrl\":\"https:\\\/\\\/www.teka.com\\\/es-mx\\\/wp-content\\\/uploads\\\/sites\\\/11\\\/2024\\\/08\\\/Teka_100years_logo_red_greyscale_square_RGB-5.png\",\"width\":4042,\"height\":4042,\"caption\":\"Teka M\u00e9xico\"},\"image\":{\"@id\":\"https:\\\/\\\/www.teka.com\\\/es-mx\\\/#\\\/schema\\\/logo\\\/image\\\/\"}}]}<\/script>\n<!-- \/ Yoast SEO plugin. -->","yoast_head_json":{"title":"Presencia Internacional en los 5 continentes | Teka M\u00e9xico","description":"Conoce la presencia internacional del Grupo Teka: 120 pa\u00edses en los 5 continentes, 15 f\u00e1bricas por todo el mundo y m\u00e1s de 100 millones de clientes.","robots":{"index":"index","follow":"follow","max-snippet":"max-snippet:-1","max-image-preview":"max-image-preview:large","max-video-preview":"max-video-preview:-1"},"canonical":"https:\/\/www.teka.com\/es-mx\/sobre-nosotros\/presencia-internacional\/","og_locale":"es_MX","og_type":"article","og_title":"Presencia Internacional en los 5 continentes | Teka M\u00e9xico","og_description":"Conoce la presencia internacional del Grupo Teka: 120 pa\u00edses en los 5 continentes, 15 f\u00e1bricas por todo el mundo y m\u00e1s de 100 millones de clientes.","og_url":"https:\/\/www.teka.com\/es-mx\/sobre-nosotros\/presencia-internacional\/","og_site_name":"Teka M\u00e9xico","article_modified_time":"2021-09-16T14:07:15+00:00","twitter_card":"summary_large_image","twitter_misc":{"Tiempo de lectura":"3 minutos"},"schema":{"@context":"https:\/\/schema.org","@graph":[{"@type":"WebPage","@id":"https:\/\/www.teka.com\/es-mx\/sobre-nosotros\/presencia-internacional\/","url":"https:\/\/www.teka.com\/es-mx\/sobre-nosotros\/presencia-internacional\/","name":"Presencia Internacional en los 5 continentes | Teka M\u00e9xico","isPartOf":{"@id":"https:\/\/www.teka.com\/es-mx\/#website"},"datePublished":"2018-09-11T06:07:27+00:00","dateModified":"2021-09-16T14:07:15+00:00","description":"Conoce la presencia internacional del Grupo Teka: 120 pa\u00edses en los 5 continentes, 15 f\u00e1bricas por todo el mundo y m\u00e1s de 100 millones de clientes.","breadcrumb":{"@id":"https:\/\/www.teka.com\/es-mx\/sobre-nosotros\/presencia-internacional\/#breadcrumb"},"inLanguage":"es","potentialAction":[{"@type":"ReadAction","target":["https:\/\/www.teka.com\/es-mx\/sobre-nosotros\/presencia-internacional\/"]}]},{"@type":"BreadcrumbList","@id":"https:\/\/www.teka.com\/es-mx\/sobre-nosotros\/presencia-internacional\/#breadcrumb","itemListElement":[{"@type":"ListItem","position":1,"name":"Acerca de Teka","item":"https:\/\/www.teka.com\/es-mx\/sobre-nosotros\/"},{"@type":"ListItem","position":2,"name":"Presencia internacional"}]},{"@type":"WebSite","@id":"https:\/\/www.teka.com\/es-mx\/#website","url":"https:\/\/www.teka.com\/es-mx\/","name":"Teka M\u00e9xico","description":"","publisher":{"@id":"https:\/\/www.teka.com\/es-mx\/#organization"},"potentialAction":[{"@type":"SearchAction","target":{"@type":"EntryPoint","urlTemplate":"https:\/\/www.teka.com\/es-mx\/?s={search_term_string}"},"query-input":{"@type":"PropertyValueSpecification","valueRequired":true,"valueName":"search_term_string"}}],"inLanguage":"es"},{"@type":"Organization","@id":"https:\/\/www.teka.com\/es-mx\/#organization","name":"Teka M\u00e9xico","url":"https:\/\/www.teka.com\/es-mx\/","logo":{"@type":"ImageObject","inLanguage":"es","@id":"https:\/\/www.teka.com\/es-mx\/#\/schema\/logo\/image\/","url":"https:\/\/www.teka.com\/es-mx\/wp-content\/uploads\/sites\/11\/2024\/08\/Teka_100years_logo_red_greyscale_square_RGB-5.png","contentUrl":"https:\/\/www.teka.com\/es-mx\/wp-content\/uploads\/sites\/11\/2024\/08\/Teka_100years_logo_red_greyscale_square_RGB-5.png","width":4042,"height":4042,"caption":"Teka M\u00e9xico"},"image":{"@id":"https:\/\/www.teka.com\/es-mx\/#\/schema\/logo\/image\/"}}]}},"_links":{"self":[{"href":"https:\/\/www.teka.com\/es-mx\/wp-json\/wp\/v2\/pages\/21991","targetHints":{"allow":["GET"]}}],"collection":[{"href":"https:\/\/www.teka.com\/es-mx\/wp-json\/wp\/v2\/pages"}],"about":[{"href":"https:\/\/www.teka.com\/es-mx\/wp-json\/wp\/v2\/types\/page"}],"author":[{"embeddable":true,"href":"https:\/\/www.teka.com\/es-mx\/wp-json\/wp\/v2\/users\/9"}],"replies":[{"embeddable":true,"href":"https:\/\/www.teka.com\/es-mx\/wp-json\/wp\/v2\/comments?post=21991"}],"version-history":[{"count":32,"href":"https:\/\/www.teka.com\/es-mx\/wp-json\/wp\/v2\/pages\/21991\/revisions"}],"predecessor-version":[{"id":70853,"href":"https:\/\/www.teka.com\/es-mx\/wp-json\/wp\/v2\/pages\/21991\/revisions\/70853"}],"up":[{"embeddable":true,"href":"https:\/\/www.teka.com\/es-mx\/wp-json\/wp\/v2\/pages\/21989"}],"wp:attachment":[{"href":"https:\/\/www.teka.com\/es-mx\/wp-json\/wp\/v2\/media?parent=21991"}],"curies":[{"name":"wp","href":"https:\/\/api.w.org\/{rel}","templated":true}]}}