{"id":4713,"date":"2018-07-25T09:21:25","date_gmt":"2018-07-25T07:21:25","guid":{"rendered":"http:\/\/teka.com\/?page_id=4713"},"modified":"2026-03-05T23:25:26","modified_gmt":"2026-03-05T22:25:26","slug":"catalogos","status":"publish","type":"page","link":"https:\/\/www.teka.com\/es-mx\/catalogos\/","title":{"rendered":"Descarca de cat\u00e1logos"},"content":{"rendered":"<p>[et_pb_section fb_built=&#8221;1&#8243; module_id=&#8221;descarga-catalogos-top&#8221; _builder_version=&#8221;4.16&#8243; background_image=&#8221;https:\/\/www.teka.com\/es-mx\/wp-content\/uploads\/sites\/11\/2019\/10\/Download-pdf-catalogues-background.jpg&#8221; background_position=&#8221;center_right&#8221; global_colors_info=&#8221;{}&#8221;][et_pb_row column_structure=&#8221;1_2,1_2&#8243; _builder_version=&#8221;4.27.5&#8243; global_colors_info=&#8221;{}&#8221;][et_pb_column type=&#8221;1_2&#8243; module_id=&#8221;descarga-catalogos-top-text&#8221; _builder_version=&#8221;4.16&#8243; custom_padding=&#8221;|||&#8221; global_colors_info=&#8221;{}&#8221; custom_padding__hover=&#8221;|||&#8221;][et_pb_text _builder_version=&#8221;4.27.5&#8243; background_layout=&#8221;dark&#8221; hover_enabled=&#8221;0&#8243; global_colors_info=&#8221;{}&#8221; sticky_enabled=&#8221;0&#8243;]<\/p>\n<h1>Cat\u00e1logo Teka 2026<\/h1>\n<p>Descarga nuestro cat\u00e1logo completo de productos 2026.<br \/>En \u00e9l podr\u00e1s encontrar todas las novedades y gamas disponibles,<br \/>as\u00ed como las caracter\u00edsticas e informaci\u00f3n detallada de todos los productos.<\/p>\n<p><a href=\"https:\/\/www.teka.com\/es-mx\/wp-content\/uploads\/sites\/11\/2026\/03\/Catalogo-marzo-2026.pdf\">+ Descargar<\/a><\/p>\n<p>[\/et_pb_text][\/et_pb_column][et_pb_column type=&#8221;1_2&#8243; module_id=&#8221;descarga-catalogos-top-img&#8221; _builder_version=&#8221;4.16&#8243; custom_padding=&#8221;|||&#8221; global_colors_info=&#8221;{}&#8221; custom_padding__hover=&#8221;|||&#8221;][et_pb_image src=&#8221;https:\/\/www.teka.com\/es-mx\/wp-content\/uploads\/sites\/11\/2024\/05\/Cover-2024.png&#8221; title_text=&#8221;Cover-2024&#8243; align_tablet=&#8221;center&#8221; align_phone=&#8221;&#8221; align_last_edited=&#8221;on|desktop&#8221; _builder_version=&#8221;4.22.1&#8243; background_image=&#8221;https:\/\/www.teka.com\/es-mx\/wp-content\/uploads\/sites\/11\/2024\/05\/Cover-2024.png&#8221; background_size=&#8221;contain&#8221; hover_enabled=&#8221;0&#8243; global_colors_info=&#8221;{}&#8221; sticky_enabled=&#8221;0&#8243;][\/et_pb_image][\/et_pb_column][\/et_pb_row][\/et_pb_section][et_pb_section fb_built=&#8221;1&#8243; _builder_version=&#8221;4.16&#8243; global_colors_info=&#8221;{}&#8221;][et_pb_row _builder_version=&#8221;4.27.5&#8243; background_size=&#8221;initial&#8221; background_position=&#8221;top_left&#8221; background_repeat=&#8221;repeat&#8221; hover_enabled=&#8221;0&#8243; global_colors_info=&#8221;{}&#8221; sticky_enabled=&#8221;0&#8243;][et_pb_column type=&#8221;4_4&#8243; _builder_version=&#8221;4.16&#8243; custom_padding=&#8221;|||&#8221; global_colors_info=&#8221;{}&#8221; custom_padding__hover=&#8221;|||&#8221;][et_pb_catalogs fullwidth=&#8221;off&#8221; posts_number=&#8221;-1&#8243; show_categories=&#8221;off&#8221; show_pagination=&#8221;off&#8221; _builder_version=&#8221;4.27.5&#8243; hover_enabled=&#8221;0&#8243; title_font_size_tablet=&#8221;51&#8243; title_line_height_tablet=&#8221;2&#8243; caption_font_size_tablet=&#8221;51&#8243; caption_line_height_tablet=&#8221;2&#8243; pagination_font_size_tablet=&#8221;51&#8243; pagination_line_height_tablet=&#8221;2&#8243; global_colors_info=&#8221;{}&#8221; sticky_enabled=&#8221;0&#8243;][\/et_pb_catalogs][\/et_pb_column][\/et_pb_row][\/et_pb_section]<\/p>\n","protected":false},"excerpt":{"rendered":"<p>Cat\u00e1logo Teka 2026 Descarga nuestro cat\u00e1logo completo de productos 2026.En \u00e9l podr\u00e1s encontrar todas las novedades y gamas disponibles,as\u00ed como las caracter\u00edsticas e informaci\u00f3n detallada de todos los productos. + Descargar[et_pb_catalogs fullwidth=&#8221;off&#8221; posts_number=&#8221;-1&#8243; show_categories=&#8221;off&#8221; show_pagination=&#8221;off&#8221; _builder_version=&#8221;4.27.5&#8243; hover_enabled=&#8221;0&#8243; title_font_size_tablet=&#8221;51&#8243; title_line_height_tablet=&#8221;2&#8243; caption_font_size_tablet=&#8221;51&#8243; caption_line_height_tablet=&#8221;2&#8243; pagination_font_size_tablet=&#8221;51&#8243; pagination_line_height_tablet=&#8221;2&#8243; global_colors_info=&#8221;{}&#8221; sticky_enabled=&#8221;0&#8243;][\/et_pb_catalogs]<\/p>\n","protected":false},"author":9,"featured_media":0,"parent":0,"menu_order":8,"comment_status":"closed","ping_status":"closed","template":"","meta":{"_acf_changed":false,"_et_pb_use_builder":"on","_et_pb_old_content":"","_et_gb_content_width":"","footnotes":""},"class_list":["post-4713","page","type-page","status-publish","hentry"],"acf":[],"yoast_head":"<!-- This site is optimized with the Yoast SEO plugin v27.5 - https:\/\/yoast.com\/product\/yoast-seo-wordpress\/ -->\n<title>Cat\u00e1logo Teka | Novedades y Productos Completos<\/title>\n<meta name=\"description\" content=\"Descarga el Cat\u00e1logo Teka 2026 y conoce todas las novedades, gamas disponibles y detalles t\u00e9cnicos de nuestros productos para cocina y hogar.\" \/>\n<meta name=\"robots\" content=\"index, follow, max-snippet:-1, max-image-preview:large, max-video-preview:-1\" \/>\n<link rel=\"canonical\" href=\"https:\/\/www.teka.com\/es-mx\/catalogos\/\" \/>\n<meta property=\"og:locale\" content=\"es_MX\" \/>\n<meta property=\"og:type\" content=\"article\" \/>\n<meta property=\"og:title\" content=\"Cat\u00e1logo Teka | Novedades y Productos Completos\" \/>\n<meta property=\"og:description\" content=\"Descarga el Cat\u00e1logo Teka 2026 y conoce todas las novedades, gamas disponibles y detalles t\u00e9cnicos de nuestros productos para cocina y hogar.\" \/>\n<meta property=\"og:url\" content=\"https:\/\/www.teka.com\/es-mx\/catalogos\/\" \/>\n<meta property=\"og:site_name\" content=\"Teka M\u00e9xico\" \/>\n<meta property=\"article:modified_time\" content=\"2026-03-05T22:25:26+00:00\" \/>\n<meta name=\"twitter:card\" content=\"summary_large_image\" \/>\n<meta name=\"twitter:label1\" content=\"Tiempo de lectura\" \/>\n\t<meta name=\"twitter:data1\" content=\"1 minuto\" \/>\n<script type=\"application\/ld+json\" class=\"yoast-schema-graph\">{\"@context\":\"https:\\\/\\\/schema.org\",\"@graph\":[{\"@type\":\"WebPage\",\"@id\":\"https:\\\/\\\/www.teka.com\\\/es-mx\\\/catalogos\\\/\",\"url\":\"https:\\\/\\\/www.teka.com\\\/es-mx\\\/catalogos\\\/\",\"name\":\"Cat\u00e1logo Teka | Novedades y Productos Completos\",\"isPartOf\":{\"@id\":\"https:\\\/\\\/www.teka.com\\\/es-mx\\\/#website\"},\"datePublished\":\"2018-07-25T07:21:25+00:00\",\"dateModified\":\"2026-03-05T22:25:26+00:00\",\"description\":\"Descarga el Cat\u00e1logo Teka 2026 y conoce todas las novedades, gamas disponibles y detalles t\u00e9cnicos de nuestros productos para cocina y hogar.\",\"inLanguage\":\"es\",\"potentialAction\":[{\"@type\":\"ReadAction\",\"target\":[\"https:\\\/\\\/www.teka.com\\\/es-mx\\\/catalogos\\\/\"]}]},{\"@type\":\"WebSite\",\"@id\":\"https:\\\/\\\/www.teka.com\\\/es-mx\\\/#website\",\"url\":\"https:\\\/\\\/www.teka.com\\\/es-mx\\\/\",\"name\":\"Teka M\u00e9xico\",\"description\":\"\",\"publisher\":{\"@id\":\"https:\\\/\\\/www.teka.com\\\/es-mx\\\/#organization\"},\"potentialAction\":[{\"@type\":\"SearchAction\",\"target\":{\"@type\":\"EntryPoint\",\"urlTemplate\":\"https:\\\/\\\/www.teka.com\\\/es-mx\\\/?s={search_term_string}\"},\"query-input\":{\"@type\":\"PropertyValueSpecification\",\"valueRequired\":true,\"valueName\":\"search_term_string\"}}],\"inLanguage\":\"es\"},{\"@type\":\"Organization\",\"@id\":\"https:\\\/\\\/www.teka.com\\\/es-mx\\\/#organization\",\"name\":\"Teka M\u00e9xico\",\"url\":\"https:\\\/\\\/www.teka.com\\\/es-mx\\\/\",\"logo\":{\"@type\":\"ImageObject\",\"inLanguage\":\"es\",\"@id\":\"https:\\\/\\\/www.teka.com\\\/es-mx\\\/#\\\/schema\\\/logo\\\/image\\\/\",\"url\":\"https:\\\/\\\/www.teka.com\\\/es-mx\\\/wp-content\\\/uploads\\\/sites\\\/11\\\/2024\\\/08\\\/Teka_100years_logo_red_greyscale_square_RGB-5.png\",\"contentUrl\":\"https:\\\/\\\/www.teka.com\\\/es-mx\\\/wp-content\\\/uploads\\\/sites\\\/11\\\/2024\\\/08\\\/Teka_100years_logo_red_greyscale_square_RGB-5.png\",\"width\":4042,\"height\":4042,\"caption\":\"Teka M\u00e9xico\"},\"image\":{\"@id\":\"https:\\\/\\\/www.teka.com\\\/es-mx\\\/#\\\/schema\\\/logo\\\/image\\\/\"}}]}<\/script>\n<!-- \/ Yoast SEO plugin. -->","yoast_head_json":{"title":"Cat\u00e1logo Teka | Novedades y Productos Completos","description":"Descarga el Cat\u00e1logo Teka 2026 y conoce todas las novedades, gamas disponibles y detalles t\u00e9cnicos de nuestros productos para cocina y hogar.","robots":{"index":"index","follow":"follow","max-snippet":"max-snippet:-1","max-image-preview":"max-image-preview:large","max-video-preview":"max-video-preview:-1"},"canonical":"https:\/\/www.teka.com\/es-mx\/catalogos\/","og_locale":"es_MX","og_type":"article","og_title":"Cat\u00e1logo Teka | Novedades y Productos Completos","og_description":"Descarga el Cat\u00e1logo Teka 2026 y conoce todas las novedades, gamas disponibles y detalles t\u00e9cnicos de nuestros productos para cocina y hogar.","og_url":"https:\/\/www.teka.com\/es-mx\/catalogos\/","og_site_name":"Teka M\u00e9xico","article_modified_time":"2026-03-05T22:25:26+00:00","twitter_card":"summary_large_image","twitter_misc":{"Tiempo de lectura":"1 minuto"},"schema":{"@context":"https:\/\/schema.org","@graph":[{"@type":"WebPage","@id":"https:\/\/www.teka.com\/es-mx\/catalogos\/","url":"https:\/\/www.teka.com\/es-mx\/catalogos\/","name":"Cat\u00e1logo Teka | Novedades y Productos Completos","isPartOf":{"@id":"https:\/\/www.teka.com\/es-mx\/#website"},"datePublished":"2018-07-25T07:21:25+00:00","dateModified":"2026-03-05T22:25:26+00:00","description":"Descarga el Cat\u00e1logo Teka 2026 y conoce todas las novedades, gamas disponibles y detalles t\u00e9cnicos de nuestros productos para cocina y hogar.","inLanguage":"es","potentialAction":[{"@type":"ReadAction","target":["https:\/\/www.teka.com\/es-mx\/catalogos\/"]}]},{"@type":"WebSite","@id":"https:\/\/www.teka.com\/es-mx\/#website","url":"https:\/\/www.teka.com\/es-mx\/","name":"Teka M\u00e9xico","description":"","publisher":{"@id":"https:\/\/www.teka.com\/es-mx\/#organization"},"potentialAction":[{"@type":"SearchAction","target":{"@type":"EntryPoint","urlTemplate":"https:\/\/www.teka.com\/es-mx\/?s={search_term_string}"},"query-input":{"@type":"PropertyValueSpecification","valueRequired":true,"valueName":"search_term_string"}}],"inLanguage":"es"},{"@type":"Organization","@id":"https:\/\/www.teka.com\/es-mx\/#organization","name":"Teka M\u00e9xico","url":"https:\/\/www.teka.com\/es-mx\/","logo":{"@type":"ImageObject","inLanguage":"es","@id":"https:\/\/www.teka.com\/es-mx\/#\/schema\/logo\/image\/","url":"https:\/\/www.teka.com\/es-mx\/wp-content\/uploads\/sites\/11\/2024\/08\/Teka_100years_logo_red_greyscale_square_RGB-5.png","contentUrl":"https:\/\/www.teka.com\/es-mx\/wp-content\/uploads\/sites\/11\/2024\/08\/Teka_100years_logo_red_greyscale_square_RGB-5.png","width":4042,"height":4042,"caption":"Teka M\u00e9xico"},"image":{"@id":"https:\/\/www.teka.com\/es-mx\/#\/schema\/logo\/image\/"}}]}},"_links":{"self":[{"href":"https:\/\/www.teka.com\/es-mx\/wp-json\/wp\/v2\/pages\/4713","targetHints":{"allow":["GET"]}}],"collection":[{"href":"https:\/\/www.teka.com\/es-mx\/wp-json\/wp\/v2\/pages"}],"about":[{"href":"https:\/\/www.teka.com\/es-mx\/wp-json\/wp\/v2\/types\/page"}],"author":[{"embeddable":true,"href":"https:\/\/www.teka.com\/es-mx\/wp-json\/wp\/v2\/users\/9"}],"replies":[{"embeddable":true,"href":"https:\/\/www.teka.com\/es-mx\/wp-json\/wp\/v2\/comments?post=4713"}],"version-history":[{"count":53,"href":"https:\/\/www.teka.com\/es-mx\/wp-json\/wp\/v2\/pages\/4713\/revisions"}],"predecessor-version":[{"id":124369,"href":"https:\/\/www.teka.com\/es-mx\/wp-json\/wp\/v2\/pages\/4713\/revisions\/124369"}],"wp:attachment":[{"href":"https:\/\/www.teka.com\/es-mx\/wp-json\/wp\/v2\/media?parent=4713"}],"curies":[{"name":"wp","href":"https:\/\/api.w.org\/{rel}","templated":true}]}}