{"id":5221,"date":"2018-08-10T10:27:01","date_gmt":"2018-08-10T08:27:01","guid":{"rendered":"http:\/\/teka.com\/?page_id=5221"},"modified":"2025-05-16T15:05:28","modified_gmt":"2025-05-16T13:05:28","slug":"solicitar-reparacion","status":"publish","type":"page","link":"https:\/\/www.teka.com\/es-mx\/soporte\/solicitar-reparacion\/","title":{"rendered":"Solicitar reparaci\u00f3n"},"content":{"rendered":"<p>[et_pb_section fb_built=&#8221;1&#8243; module_id=&#8221;request-repair&#8221; _builder_version=&#8221;4.16&#8243; global_colors_info=&#8221;{}&#8221;][et_pb_row _builder_version=&#8221;4.16&#8243; max_width=&#8221;800px&#8221; use_custom_width=&#8221;on&#8221; custom_width_px=&#8221;620px&#8221; global_colors_info=&#8221;{}&#8221;][et_pb_column type=&#8221;4_4&#8243; _builder_version=&#8221;4.16&#8243; custom_padding=&#8221;|||&#8221; global_colors_info=&#8221;{}&#8221; custom_padding__hover=&#8221;|||&#8221;][et_pb_text admin_label=&#8221;Request Repair &#8211; Title&#8221; _builder_version=&#8221;4.16&#8243; global_colors_info=&#8221;{}&#8221;]<\/p>\n<h1 style=\"text-align: center\">Solicitar\u00a0<strong>reparaci\u00f3n<\/strong><\/h1>\n<p>[\/et_pb_text][et_pb_text admin_label=&#8221;Request repair &#8211; Text&#8221; _builder_version=&#8221;4.16&#8243; header_text_align=&#8221;justify&#8221; text_orientation=&#8221;justified&#8221; global_colors_info=&#8221;{}&#8221;]<\/p>\n<p>No importa si tu producto est\u00e1 dentro o fuera de garant\u00eda, estamos para ayudarte. Si te encuentras en <strong>CDMX, \u00c1rea Metropolitana e Interior de la Rep\u00fablica puedes solicitar una reparaci\u00f3n contactando al tel\u00e9fono 55 5133 3210<\/strong> \u00f3 rellenando el siguiente formulario. Nuestros centros de servicio est\u00e1n plenamente capacitados y utilizan piezas originales Teka en todas las reparaciones. No expongas tus productos con servicios no oficiales, adem\u00e1s de invalidar la garant\u00eda, puede afectar el funcionamiento del equipo y aumentar el riesgo de fugas o accidentes.<\/p>\n<p>Para la correcta conexi\u00f3n de tu nuevo equipo, consulta los requisitos de conexi\u00f3n en nuestra:<\/p>\n<h3 style=\"text-align: center;\"><span style=\"color: #0000ff;\"><a style=\"color: #0000ff;\" href=\"https:\/\/www.teka.com\/es-mx\/wp-content\/uploads\/sites\/11\/2022\/06\/Guia-de-Conexion-y-Demostracion-TEKA-Junio-2022.pdf\"><strong>Gu\u00eda de Conexi\u00f3n y Demostraci\u00f3n<\/strong><\/a><\/span><\/h3>\n<p>Nota: El servicio de conexi\u00f3n y demostraci\u00f3n, NO APLICA para las siguientes gamas: Campanas, microondas de libre instalaci\u00f3n, parrillas modulares (algunos modelos), refrigeradores, calientaplatos, enfriadores de vino, paquetes TEKAWAY, trituradores de comida, fregaderos y grifer\u00eda para cocina\/ba\u00f1o<\/p>\n<p>Antes de iniciar con el llenado de formulario, tenga a la mano:<\/p>\n<p>1. Foto del comprobante de compra.<\/p>\n<p>2. Modelo y c\u00f3digo de su producto (esta informaci\u00f3n viene en la etiqueta que viene en el producto o en su manual de usuario)<\/p>\n<p>[\/et_pb_text][\/et_pb_column][\/et_pb_row][et_pb_row _builder_version=&#8221;4.16&#8243; background_size=&#8221;initial&#8221; background_position=&#8221;top_left&#8221; background_repeat=&#8221;repeat&#8221; global_colors_info=&#8221;{}&#8221;][et_pb_column type=&#8221;4_4&#8243; _builder_version=&#8221;4.16&#8243; custom_padding=&#8221;|||&#8221; global_colors_info=&#8221;{}&#8221; custom_padding__hover=&#8221;|||&#8221;][et_pb_text admin_label=&#8221;Contact Form&#8221; _builder_version=&#8221;4.16&#8243; locked=&#8221;off&#8221; global_colors_info=&#8221;{}&#8221;]<\/p>\n\n<div class=\"wpcf7 no-js\" id=\"wpcf7-f23084-o1\" lang=\"es-ES\" dir=\"ltr\" data-wpcf7-id=\"23084\">\n<div class=\"screen-reader-response\"><p role=\"status\" aria-live=\"polite\" aria-atomic=\"true\"><\/p> <ul><\/ul><\/div>\n<form action=\"\/es-mx\/wp-json\/wp\/v2\/pages\/5221#wpcf7-f23084-o1\" method=\"post\" class=\"wpcf7-form init\" aria-label=\"Formulario de contacto\" enctype=\"multipart\/form-data\" novalidate=\"novalidate\" data-status=\"init\">\n<fieldset class=\"hidden-fields-container\"><input type=\"hidden\" name=\"_wpcf7\" value=\"23084\" \/><input type=\"hidden\" name=\"_wpcf7_version\" value=\"6.1.5\" \/><input type=\"hidden\" name=\"_wpcf7_locale\" value=\"es_ES\" \/><input type=\"hidden\" name=\"_wpcf7_unit_tag\" value=\"wpcf7-f23084-o1\" \/><input type=\"hidden\" name=\"_wpcf7_container_post\" value=\"0\" \/><input type=\"hidden\" name=\"_wpcf7_posted_data_hash\" value=\"\" \/><input type=\"hidden\" name=\"_wpcf7_recaptcha_response\" value=\"\" \/>\n<\/fieldset>\n<h3>Solicitante<\/h3>\n<div>\n<label class=\"col6\"> <strong>Nombre*<\/strong>\n    <span class=\"wpcf7-form-control-wrap\" data-name=\"first-name\"><input size=\"40\" maxlength=\"400\" class=\"wpcf7-form-control wpcf7-text wpcf7-validates-as-required\" aria-required=\"true\" aria-invalid=\"false\" value=\"\" type=\"text\" name=\"first-name\" \/><\/span> <\/label>\n<label class=\"col6\"> <strong>Apellidos*<\/strong>\n    <span class=\"wpcf7-form-control-wrap\" data-name=\"last-name\"><input size=\"40\" maxlength=\"400\" class=\"wpcf7-form-control wpcf7-text wpcf7-validates-as-required\" aria-required=\"true\" aria-invalid=\"false\" value=\"\" type=\"text\" name=\"last-name\" \/><\/span> <\/label>\n<label class=\"col6\"> <strong>Celular*<\/strong>\n    <span class=\"wpcf7-form-control-wrap\" data-name=\"phone\"><input size=\"40\" maxlength=\"400\" class=\"wpcf7-form-control wpcf7-tel wpcf7-validates-as-required wpcf7-text wpcf7-validates-as-tel\" aria-required=\"true\" aria-invalid=\"false\" placeholder=\"Ej.: 000 000 000\" value=\"\" type=\"tel\" name=\"phone\" \/><\/span> <\/label>\n<label class=\"col6\"> <strong>Email*<\/strong>\n    <span class=\"wpcf7-form-control-wrap\" data-name=\"email\"><input size=\"40\" maxlength=\"400\" class=\"wpcf7-form-control wpcf7-email wpcf7-validates-as-required wpcf7-text wpcf7-validates-as-email\" aria-required=\"true\" aria-invalid=\"false\" value=\"\" type=\"email\" name=\"email\" \/><\/span> <\/label>\n<\/div>\n<span class=\"clear\"><\/span>\n<div>\n<label class=\"col6\"> <strong>Direcci\u00f3n*<\/strong>\n    <span class=\"wpcf7-form-control-wrap\" data-name=\"address\"><input size=\"40\" maxlength=\"400\" class=\"wpcf7-form-control wpcf7-text wpcf7-validates-as-required\" aria-required=\"true\" aria-invalid=\"false\" value=\"\" type=\"text\" name=\"address\" \/><\/span> <\/label>\n<label class=\"col6\"> <strong>Colonia\/Localidad\/Municipio*<\/strong>\n    <span class=\"wpcf7-form-control-wrap\" data-name=\"location\"><input size=\"40\" maxlength=\"400\" class=\"wpcf7-form-control wpcf7-text wpcf7-validates-as-required\" aria-required=\"true\" aria-invalid=\"false\" value=\"\" type=\"text\" name=\"location\" \/><\/span> <\/label>\n<label class=\"col6\"> <strong>C\u00f3digo Postal*<\/strong>\n    <span class=\"wpcf7-form-control-wrap\" data-name=\"zip-code\"><input size=\"40\" maxlength=\"400\" class=\"wpcf7-form-control wpcf7-text wpcf7-validates-as-required\" aria-required=\"true\" aria-invalid=\"false\" value=\"\" type=\"text\" name=\"zip-code\" \/><\/span> <\/label>\n<label class=\"col6\"> <strong>Ciudad*<\/strong>\n    <span class=\"wpcf7-form-control-wrap\" data-name=\"region\"><input size=\"40\" maxlength=\"400\" class=\"wpcf7-form-control wpcf7-text wpcf7-validates-as-required\" aria-required=\"true\" aria-invalid=\"false\" value=\"\" type=\"text\" name=\"region\" \/><\/span> <\/label>\n<label class=\"col6\"> <strong>Pa\u00eds*<\/strong>\n<span class=\"wpcf7-form-control-wrap\" data-name=\"your-recipient\"><select class=\"wpcf7-form-control wpcf7-select wpcf7-validates-as-required\" aria-required=\"true\" aria-invalid=\"false\" name=\"your-recipient\"><option value=\"MEXICO\">MEXICO<\/option><option value=\"Global\">Global<\/option><option value=\"Argentina\">Argentina<\/option><option value=\"Australia\">Australia<\/option><option value=\"Austria\">Austria<\/option><option value=\"Albania\">Albania<\/option><option value=\"Alemania\">Alemania<\/option><option value=\"Bangladesh\">Bangladesh<\/option><option value=\"B\u00e9lgica\">B\u00e9lgica<\/option><option value=\"Birmania\">Birmania<\/option><option value=\"Bolivia\">Bolivia<\/option><option value=\"Brunei\">Brunei<\/option><option value=\"Bulgaria\">Bulgaria<\/option><option value=\"Camboya\">Camboya<\/option><option value=\"Colombia\">Colombia<\/option><option value=\"Costa Rica\">Costa Rica<\/option><option value=\"Chile\">Chile<\/option><option value=\"China\">China<\/option><option value=\"Ecuador\">Ecuador<\/option><option value=\"El Salvador\">El Salvador<\/option><option value=\"Emiratos\">Emiratos<\/option><option value=\"Estados Unidos\">Estados Unidos<\/option><option value=\"Espa\u00f1a\">Espa\u00f1a<\/option><option value=\"Filipinas\">Filipinas<\/option><option value=\"Francia\">Francia<\/option><option value=\"Grecia\">Grecia<\/option><option value=\"Guatemala\">Guatemala<\/option><option value=\"Honduras\">Honduras<\/option><option value=\"Hong Kong\">Hong Kong<\/option><option value=\"Hungr\u00eda\">Hungr\u00eda<\/option><option value=\"India\">India<\/option><option value=\"Indonesia\">Indonesia<\/option><option value=\"Israel\">Israel<\/option><option value=\"Laos\">Laos<\/option><option value=\"Malasia\">Malasia<\/option><option value=\"Maldivas\">Maldivas<\/option><option value=\"Marruecos\">Marruecos<\/option><option value=\"Nueva Caledonia\">Nueva Caledonia<\/option><option value=\"Nicaragua\">Nicaragua<\/option><option value=\"Panam\u00e1\">Panam\u00e1<\/option><option value=\"Paraguay\">Paraguay<\/option><option value=\"Per\u00fa\">Per\u00fa<\/option><option value=\"Polonia\">Polonia<\/option><option value=\"Portugal\">Portugal<\/option><option value=\"Puerto Rico\">Puerto Rico<\/option><option value=\"Rep\u00fablica Checa\">Rep\u00fablica Checa<\/option><option value=\"Rep\u00fablica Dominicana\">Rep\u00fablica Dominicana<\/option><option value=\"Reino Unido\">Reino Unido<\/option><option value=\"Ruman\u00eda\">Ruman\u00eda<\/option><option value=\"Rusia\">Rusia<\/option><option value=\"Sri Lanka\">Sri Lanka<\/option><option value=\"Taiwan\">Taiwan<\/option><option value=\"Tailandia\">Tailandia<\/option><option value=\"Turqu\u00eda\">Turqu\u00eda<\/option><option value=\"Ucrania\">Ucrania<\/option><option value=\"Uruguay\">Uruguay<\/option><option value=\"Vietnam\">Vietnam<\/option><\/select><\/span> <\/label>\n<\/div>\n<h3 class=\"upper-padding-space\">Producto<\/h3>\n<div>\n<label class=\"col6\"> <strong>Producto*<\/strong>\n    <span class=\"wpcf7-form-control-wrap\" data-name=\"product\"><select class=\"wpcf7-form-control wpcf7-select wpcf7-validates-as-required\" aria-required=\"true\" aria-invalid=\"false\" name=\"product\"><option value=\"Horno\">Horno<\/option><option value=\"Compacto\">Compacto<\/option><option value=\"Microondas\">Microondas<\/option><option value=\"Placa\">Placa<\/option><option value=\"Campana\">Campana<\/option><option value=\"Frigor\u00edfico\">Frigor\u00edfico<\/option><option value=\"Lavavajillas\">Lavavajillas<\/option><option value=\"Fregadero\">Fregadero<\/option><option value=\"Grifer\u00eda de cocina\">Grifer\u00eda de cocina<\/option><option value=\"Lavadora o secadora\">Lavadora o secadora<\/option><option value=\"Termo\">Termo<\/option><option value=\"Producto de ba\u00f1o\">Producto de ba\u00f1o<\/option><option value=\"Otro\">Otro<\/option><\/select><\/span> <\/label>\n<label class=\"col6\"> <strong>Modelo*<\/strong>\n    <span class=\"wpcf7-form-control-wrap\" data-name=\"model\"><input size=\"40\" maxlength=\"400\" class=\"wpcf7-form-control wpcf7-text wpcf7-validates-as-required\" aria-required=\"true\" aria-invalid=\"false\" value=\"\" type=\"text\" name=\"model\" \/><\/span> <\/label>\n<label class=\"col6\"> <strong>C\u00f3digo del modelo*<\/strong>\n    <span class=\"wpcf7-form-control-wrap\" data-name=\"serial-number\"><input size=\"40\" maxlength=\"400\" class=\"wpcf7-form-control wpcf7-text wpcf7-validates-as-required\" aria-required=\"true\" aria-invalid=\"false\" value=\"\" type=\"text\" name=\"serial-number\" \/><\/span> <\/label>\n    <\/label>\n<label class=\"col6\"> <strong>Fecha de compra*<\/strong>\n    <span class=\"wpcf7-form-control-wrap\" data-name=\"date-purchase\"><input class=\"wpcf7-form-control wpcf7-date wpcf7-validates-as-required wpcf7-validates-as-date\" max=\"2026-05-06\" aria-required=\"true\" aria-invalid=\"false\" placeholder=\"aaaa-mm-dd\" value=\"\" type=\"date\" name=\"date-purchase\" \/><\/span> <\/label>\n<label class=\"col12\"> <strong>Establecimiento donde compr\u00f3 el producto*<\/strong>\n    <span class=\"wpcf7-form-control-wrap\" data-name=\"purchase-establishment\"><input size=\"40\" maxlength=\"400\" class=\"wpcf7-form-control wpcf7-text wpcf7-validates-as-required\" aria-required=\"true\" aria-invalid=\"false\" value=\"\" type=\"text\" name=\"purchase-establishment\" \/><\/span> <\/label>\n<div>\n<label class=\"col12\"> <strong>\u00bfSu producto cuenta con garant\u00eda?*<\/strong>\n<span class=\"wpcf7-form-control-wrap\" data-name=\"warranty\"><select class=\"wpcf7-form-control wpcf7-select wpcf7-validates-as-required\" aria-required=\"true\" aria-invalid=\"false\" name=\"warranty\"><option value=\"\">&#8212;Por favor, elige una opci\u00f3n&#8212;<\/option><option value=\"S\u00ed\">S\u00ed<\/option><option value=\"No\">No<\/option><\/select><\/span>\n<p style=\"text-align: center;\">Consulte vigencias en la secci\u00f3n: https:\/\/www.teka.com\/es-mx\/soporte\/condiciones-garantia\/.\nEn caso de no contar con periodo de garant\u00eda, puede haber costos del servicio.<\/span><\/p>\n<\/div>\n<label class=\"col12\"> <strong>Factura de la compra (Max. 20Mb)*<\/strong>\n    <span class=\"wpcf7-form-control-wrap\" data-name=\"invoice\"><input size=\"40\" class=\"wpcf7-form-control wpcf7-file wpcf7-validates-as-required\" accept=\".jpg,.png,.gif,.doc,.pdf,.csv,.docx\" aria-required=\"true\" aria-invalid=\"false\" type=\"file\" name=\"invoice\" \/><\/span> <\/label>\n<div>\n<label class=\"col12\"> <strong>Selecciona el servicio que requiere:*<\/strong>\n<span class=\"wpcf7-form-control-wrap\" data-name=\"requiredservice\"><select class=\"wpcf7-form-control wpcf7-select wpcf7-validates-as-required\" aria-required=\"true\" aria-invalid=\"false\" name=\"requiredservice\"><option value=\"\">&#8212;Por favor, elige una opci\u00f3n&#8212;<\/option><option value=\"Conexi\u00f3n de equipo nuevo\">Conexi\u00f3n de equipo nuevo<\/option><option value=\"Reparaci\u00f3n\/Falla de equipo\">Reparaci\u00f3n\/Falla de equipo<\/option><option value=\"Cotizaci\u00f3n de refacciones\">Cotizaci\u00f3n de refacciones<\/option><option value=\"Consulta de las funciones de mi producto\">Consulta de las funciones de mi producto<\/option><\/select><\/span>\n<\/div>\n<div>\n<label class=\"col12\"> <strong>\u00bfCuenta con alguna orden de servicio previa?*<\/strong>\n<span class=\"wpcf7-form-control-wrap\" data-name=\"serviceorder\"><select class=\"wpcf7-form-control wpcf7-select wpcf7-validates-as-required\" aria-required=\"true\" aria-invalid=\"false\" name=\"serviceorder\"><option value=\"\">&#8212;Por favor, elige una opci\u00f3n&#8212;<\/option><option value=\"Si\">Si<\/option><option value=\"No\">No<\/option><\/select><\/span>\n\nEn caso positivo, agregue el n\u00famero de Orden de Servicio a continuaci\u00f3n:\n<\/div>\n<div>\n<label class=\"col12\"> <strong>Por favor, expl\u00edcanos el motivo de tu solicitud<\/strong> \n<span class=\"wpcf7-form-control-wrap\" data-name=\"comment\"><textarea cols=\"40\" rows=\"10\" maxlength=\"2000\" class=\"wpcf7-form-control wpcf7-textarea wpcf7-validates-as-required\" aria-required=\"true\" aria-invalid=\"false\" name=\"comment\"><\/textarea><\/span><\/label>\n<\/div>\n\n<div>\n<label class=\"col6 label-privacy-policy\"> <span class=\"wpcf7-form-control-wrap\" data-name=\"privacy-policy\"><span class=\"wpcf7-form-control wpcf7-acceptance\"><span class=\"wpcf7-list-item\"><input type=\"checkbox\" name=\"privacy-policy\" value=\"1\" aria-invalid=\"false\" \/><\/span><\/span><\/span> <h7><strong>He le\u00eddo y acepto la <a href=\"https:\/\/www.teka.com\/es-mx\/aviso-de-privacidad\/\">Pol\u00edtica de Privacidad<\/strong><\/h7><\/a> <\/label>\n\n<input class=\"wpcf7-form-control wpcf7-submit has-spinner\" type=\"submit\" value=\"Enviar\" \/>\n<\/div><p style=\"display: none !important;\" class=\"akismet-fields-container\" data-prefix=\"_wpcf7_ak_\"><label>&#916;<textarea name=\"_wpcf7_ak_hp_textarea\" cols=\"45\" rows=\"8\" maxlength=\"100\"><\/textarea><\/label><input type=\"hidden\" id=\"ak_js_1\" name=\"_wpcf7_ak_js\" value=\"51\"\/><script type=\"text\/javascript\">\n\/* <![CDATA[ *\/\ndocument.getElementById( \"ak_js_1\" ).setAttribute( \"value\", ( new Date() ).getTime() );\n\/* ]]> *\/\n<\/script>\n<\/p><div class=\"wpcf7-response-output\" aria-hidden=\"true\"><\/div>\n<\/form>\n<\/div>\n\n<p>[\/et_pb_text][\/et_pb_column][\/et_pb_row][\/et_pb_section]<\/p>\n","protected":false},"excerpt":{"rendered":"<p>Solicitar\u00a0reparaci\u00f3nNo importa si tu producto est\u00e1 dentro o fuera de garant\u00eda, estamos para ayudarte. Si te encuentras en CDMX, \u00c1rea Metropolitana e Interior de la Rep\u00fablica puedes solicitar una reparaci\u00f3n contactando al tel\u00e9fono 55 5133 3210 \u00f3 rellenando el siguiente formulario. Nuestros centros de servicio est\u00e1n plenamente capacitados y utilizan piezas originales Teka en todas [&hellip;]<\/p>\n","protected":false},"author":9,"featured_media":0,"parent":5193,"menu_order":0,"comment_status":"closed","ping_status":"closed","template":"","meta":{"_acf_changed":false,"_et_pb_use_builder":"on","_et_pb_old_content":"","_et_gb_content_width":"","footnotes":""},"class_list":["post-5221","page","type-page","status-publish","hentry"],"acf":[],"yoast_head":"<!-- This site is optimized with the Yoast SEO plugin v27.5 - https:\/\/yoast.com\/product\/yoast-seo-wordpress\/ -->\n<title>Reparaci\u00f3n de Refrigeradores y Electrod\u00f3mesticos Teka<\/title>\n<meta name=\"description\" content=\"Solicita tu reparaci\u00f3n de refrigerador u otro electrodom\u00e9stico Teka en un clic si vives en CDMX o \u00e1rea metropolitana. Llena tu formulario o llama sin costo\" \/>\n<meta name=\"robots\" content=\"index, follow, max-snippet:-1, max-image-preview:large, max-video-preview:-1\" \/>\n<link rel=\"canonical\" href=\"https:\/\/www.teka.com\/es-mx\/soporte\/solicitar-reparacion\/\" \/>\n<meta property=\"og:locale\" content=\"es_MX\" \/>\n<meta property=\"og:type\" content=\"article\" \/>\n<meta property=\"og:title\" content=\"Reparaci\u00f3n de Refrigeradores y Electrod\u00f3mesticos Teka\" \/>\n<meta property=\"og:description\" content=\"Solicita tu reparaci\u00f3n de refrigerador u otro electrodom\u00e9stico Teka en un clic si vives en CDMX o \u00e1rea metropolitana. Llena tu formulario o llama sin costo\" \/>\n<meta property=\"og:url\" content=\"https:\/\/www.teka.com\/es-mx\/soporte\/solicitar-reparacion\/\" \/>\n<meta property=\"og:site_name\" content=\"Teka M\u00e9xico\" \/>\n<meta property=\"article:modified_time\" content=\"2025-05-16T13:05:28+00:00\" \/>\n<meta name=\"twitter:card\" content=\"summary_large_image\" \/>\n<meta name=\"twitter:label1\" content=\"Tiempo de lectura\" \/>\n\t<meta name=\"twitter:data1\" content=\"2 minutos\" \/>\n<script type=\"application\/ld+json\" class=\"yoast-schema-graph\">{\"@context\":\"https:\\\/\\\/schema.org\",\"@graph\":[{\"@type\":\"WebPage\",\"@id\":\"https:\\\/\\\/www.teka.com\\\/es-mx\\\/soporte\\\/solicitar-reparacion\\\/\",\"url\":\"https:\\\/\\\/www.teka.com\\\/es-mx\\\/soporte\\\/solicitar-reparacion\\\/\",\"name\":\"Reparaci\u00f3n de Refrigeradores y Electrod\u00f3mesticos Teka\",\"isPartOf\":{\"@id\":\"https:\\\/\\\/www.teka.com\\\/es-mx\\\/#website\"},\"datePublished\":\"2018-08-10T08:27:01+00:00\",\"dateModified\":\"2025-05-16T13:05:28+00:00\",\"description\":\"Solicita tu reparaci\u00f3n de refrigerador u otro electrodom\u00e9stico Teka en un clic si vives en CDMX o \u00e1rea metropolitana. Llena tu formulario o llama sin costo\",\"breadcrumb\":{\"@id\":\"https:\\\/\\\/www.teka.com\\\/es-mx\\\/soporte\\\/solicitar-reparacion\\\/#breadcrumb\"},\"inLanguage\":\"es\",\"potentialAction\":[{\"@type\":\"ReadAction\",\"target\":[\"https:\\\/\\\/www.teka.com\\\/es-mx\\\/soporte\\\/solicitar-reparacion\\\/\"]}]},{\"@type\":\"BreadcrumbList\",\"@id\":\"https:\\\/\\\/www.teka.com\\\/es-mx\\\/soporte\\\/solicitar-reparacion\\\/#breadcrumb\",\"itemListElement\":[{\"@type\":\"ListItem\",\"position\":1,\"name\":\"Soporte\",\"item\":\"https:\\\/\\\/www.teka.com\\\/es-mx\\\/soporte\\\/\"},{\"@type\":\"ListItem\",\"position\":2,\"name\":\"Solicitar reparaci\u00f3n\"}]},{\"@type\":\"WebSite\",\"@id\":\"https:\\\/\\\/www.teka.com\\\/es-mx\\\/#website\",\"url\":\"https:\\\/\\\/www.teka.com\\\/es-mx\\\/\",\"name\":\"Teka M\u00e9xico\",\"description\":\"\",\"publisher\":{\"@id\":\"https:\\\/\\\/www.teka.com\\\/es-mx\\\/#organization\"},\"potentialAction\":[{\"@type\":\"SearchAction\",\"target\":{\"@type\":\"EntryPoint\",\"urlTemplate\":\"https:\\\/\\\/www.teka.com\\\/es-mx\\\/?s={search_term_string}\"},\"query-input\":{\"@type\":\"PropertyValueSpecification\",\"valueRequired\":true,\"valueName\":\"search_term_string\"}}],\"inLanguage\":\"es\"},{\"@type\":\"Organization\",\"@id\":\"https:\\\/\\\/www.teka.com\\\/es-mx\\\/#organization\",\"name\":\"Teka M\u00e9xico\",\"url\":\"https:\\\/\\\/www.teka.com\\\/es-mx\\\/\",\"logo\":{\"@type\":\"ImageObject\",\"inLanguage\":\"es\",\"@id\":\"https:\\\/\\\/www.teka.com\\\/es-mx\\\/#\\\/schema\\\/logo\\\/image\\\/\",\"url\":\"https:\\\/\\\/www.teka.com\\\/es-mx\\\/wp-content\\\/uploads\\\/sites\\\/11\\\/2024\\\/08\\\/Teka_100years_logo_red_greyscale_square_RGB-5.png\",\"contentUrl\":\"https:\\\/\\\/www.teka.com\\\/es-mx\\\/wp-content\\\/uploads\\\/sites\\\/11\\\/2024\\\/08\\\/Teka_100years_logo_red_greyscale_square_RGB-5.png\",\"width\":4042,\"height\":4042,\"caption\":\"Teka M\u00e9xico\"},\"image\":{\"@id\":\"https:\\\/\\\/www.teka.com\\\/es-mx\\\/#\\\/schema\\\/logo\\\/image\\\/\"}}]}<\/script>\n<!-- \/ Yoast SEO plugin. -->","yoast_head_json":{"title":"Reparaci\u00f3n de Refrigeradores y Electrod\u00f3mesticos Teka","description":"Solicita tu reparaci\u00f3n de refrigerador u otro electrodom\u00e9stico Teka en un clic si vives en CDMX o \u00e1rea metropolitana. Llena tu formulario o llama sin costo","robots":{"index":"index","follow":"follow","max-snippet":"max-snippet:-1","max-image-preview":"max-image-preview:large","max-video-preview":"max-video-preview:-1"},"canonical":"https:\/\/www.teka.com\/es-mx\/soporte\/solicitar-reparacion\/","og_locale":"es_MX","og_type":"article","og_title":"Reparaci\u00f3n de Refrigeradores y Electrod\u00f3mesticos Teka","og_description":"Solicita tu reparaci\u00f3n de refrigerador u otro electrodom\u00e9stico Teka en un clic si vives en CDMX o \u00e1rea metropolitana. Llena tu formulario o llama sin costo","og_url":"https:\/\/www.teka.com\/es-mx\/soporte\/solicitar-reparacion\/","og_site_name":"Teka M\u00e9xico","article_modified_time":"2025-05-16T13:05:28+00:00","twitter_card":"summary_large_image","twitter_misc":{"Tiempo de lectura":"2 minutos"},"schema":{"@context":"https:\/\/schema.org","@graph":[{"@type":"WebPage","@id":"https:\/\/www.teka.com\/es-mx\/soporte\/solicitar-reparacion\/","url":"https:\/\/www.teka.com\/es-mx\/soporte\/solicitar-reparacion\/","name":"Reparaci\u00f3n de Refrigeradores y Electrod\u00f3mesticos Teka","isPartOf":{"@id":"https:\/\/www.teka.com\/es-mx\/#website"},"datePublished":"2018-08-10T08:27:01+00:00","dateModified":"2025-05-16T13:05:28+00:00","description":"Solicita tu reparaci\u00f3n de refrigerador u otro electrodom\u00e9stico Teka en un clic si vives en CDMX o \u00e1rea metropolitana. Llena tu formulario o llama sin costo","breadcrumb":{"@id":"https:\/\/www.teka.com\/es-mx\/soporte\/solicitar-reparacion\/#breadcrumb"},"inLanguage":"es","potentialAction":[{"@type":"ReadAction","target":["https:\/\/www.teka.com\/es-mx\/soporte\/solicitar-reparacion\/"]}]},{"@type":"BreadcrumbList","@id":"https:\/\/www.teka.com\/es-mx\/soporte\/solicitar-reparacion\/#breadcrumb","itemListElement":[{"@type":"ListItem","position":1,"name":"Soporte","item":"https:\/\/www.teka.com\/es-mx\/soporte\/"},{"@type":"ListItem","position":2,"name":"Solicitar reparaci\u00f3n"}]},{"@type":"WebSite","@id":"https:\/\/www.teka.com\/es-mx\/#website","url":"https:\/\/www.teka.com\/es-mx\/","name":"Teka M\u00e9xico","description":"","publisher":{"@id":"https:\/\/www.teka.com\/es-mx\/#organization"},"potentialAction":[{"@type":"SearchAction","target":{"@type":"EntryPoint","urlTemplate":"https:\/\/www.teka.com\/es-mx\/?s={search_term_string}"},"query-input":{"@type":"PropertyValueSpecification","valueRequired":true,"valueName":"search_term_string"}}],"inLanguage":"es"},{"@type":"Organization","@id":"https:\/\/www.teka.com\/es-mx\/#organization","name":"Teka M\u00e9xico","url":"https:\/\/www.teka.com\/es-mx\/","logo":{"@type":"ImageObject","inLanguage":"es","@id":"https:\/\/www.teka.com\/es-mx\/#\/schema\/logo\/image\/","url":"https:\/\/www.teka.com\/es-mx\/wp-content\/uploads\/sites\/11\/2024\/08\/Teka_100years_logo_red_greyscale_square_RGB-5.png","contentUrl":"https:\/\/www.teka.com\/es-mx\/wp-content\/uploads\/sites\/11\/2024\/08\/Teka_100years_logo_red_greyscale_square_RGB-5.png","width":4042,"height":4042,"caption":"Teka M\u00e9xico"},"image":{"@id":"https:\/\/www.teka.com\/es-mx\/#\/schema\/logo\/image\/"}}]}},"_links":{"self":[{"href":"https:\/\/www.teka.com\/es-mx\/wp-json\/wp\/v2\/pages\/5221","targetHints":{"allow":["GET"]}}],"collection":[{"href":"https:\/\/www.teka.com\/es-mx\/wp-json\/wp\/v2\/pages"}],"about":[{"href":"https:\/\/www.teka.com\/es-mx\/wp-json\/wp\/v2\/types\/page"}],"author":[{"embeddable":true,"href":"https:\/\/www.teka.com\/es-mx\/wp-json\/wp\/v2\/users\/9"}],"replies":[{"embeddable":true,"href":"https:\/\/www.teka.com\/es-mx\/wp-json\/wp\/v2\/comments?post=5221"}],"version-history":[{"count":87,"href":"https:\/\/www.teka.com\/es-mx\/wp-json\/wp\/v2\/pages\/5221\/revisions"}],"predecessor-version":[{"id":123721,"href":"https:\/\/www.teka.com\/es-mx\/wp-json\/wp\/v2\/pages\/5221\/revisions\/123721"}],"up":[{"embeddable":true,"href":"https:\/\/www.teka.com\/es-mx\/wp-json\/wp\/v2\/pages\/5193"}],"wp:attachment":[{"href":"https:\/\/www.teka.com\/es-mx\/wp-json\/wp\/v2\/media?parent=5221"}],"curies":[{"name":"wp","href":"https:\/\/api.w.org\/{rel}","templated":true}]}}