{"id":5223,"date":"2018-08-10T10:27:29","date_gmt":"2018-08-10T08:27:29","guid":{"rendered":"http:\/\/teka.com\/?page_id=5223"},"modified":"2025-07-28T23:57:18","modified_gmt":"2025-07-28T21:57:18","slug":"mapa","status":"publish","type":"page","link":"https:\/\/www.teka.com\/es-mx\/mapa\/","title":{"rendered":"Localizar Servicio de Atenci\u00f3n al Cliente"},"content":{"rendered":"<p>[et_pb_section fb_built=&#8221;1&#8243; _builder_version=&#8221;4.16&#8243; global_colors_info=&#8221;{}&#8221;][et_pb_row _builder_version=&#8221;4.16&#8243; background_size=&#8221;initial&#8221; background_position=&#8221;top_left&#8221; background_repeat=&#8221;repeat&#8221; global_colors_info=&#8221;{}&#8221;][et_pb_column type=&#8221;4_4&#8243; _builder_version=&#8221;4.16&#8243; custom_padding=&#8221;|||&#8221; global_colors_info=&#8221;{}&#8221; custom_padding__hover=&#8221;|||&#8221;][et_pb_text _builder_version=&#8221;4.16&#8243; global_colors_info=&#8221;{}&#8221;]<\/p>\n<h1><strong>Localizador<\/strong> de puntos de venta y servicios t\u00e9cnicos<\/h1>\n<p>[\/et_pb_text][et_pb_text _builder_version=&#8221;4.16&#8243; global_colors_info=&#8221;{}&#8221;]<\/p>\n<p>Elige el Tipo De Establecimiento que est\u00e1s buscando. A continuaci\u00f3n, escribe una calle, localidad, provincia o c\u00f3digo postal y te mostraremos los resultados m\u00e1s cercanos a tu b\u00fasqueda.<\/p>\n<p>[\/et_pb_text][\/et_pb_column][\/et_pb_row][\/et_pb_section]<\/p>\n","protected":false},"excerpt":{"rendered":"<p>Localizador de puntos de venta y servicios t\u00e9cnicos Elige el Tipo De Establecimiento que est\u00e1s buscando. A continuaci\u00f3n, escribe una calle, localidad, provincia o c\u00f3digo postal y te mostraremos los resultados m\u00e1s cercanos a tu b\u00fasqueda.<\/p>\n","protected":false},"author":1,"featured_media":0,"parent":0,"menu_order":18,"comment_status":"closed","ping_status":"closed","template":"tp-map.php","meta":{"_acf_changed":false,"_et_pb_use_builder":"on","_et_pb_old_content":"","_et_gb_content_width":"","footnotes":""},"class_list":["post-5223","page","type-page","status-publish","hentry"],"acf":[],"yoast_head":"<!-- This site is optimized with the Yoast SEO plugin v27.2 - https:\/\/yoast.com\/product\/yoast-seo-wordpress\/ -->\n<title>Localizador Teka | Tiendas y Servicios T\u00e9cnicos Cercanos<\/title>\n<meta name=\"description\" content=\"Encuentra f\u00e1cilmente puntos de venta y servicios t\u00e9cnicos Teka. Ingresa tu ubicaci\u00f3n y localiza el establecimiento m\u00e1s cercano en segundos.\" \/>\n<meta name=\"robots\" content=\"index, follow, max-snippet:-1, max-image-preview:large, max-video-preview:-1\" \/>\n<link rel=\"canonical\" href=\"https:\/\/www.teka.com\/es-mx\/mapa\/\" \/>\n<meta property=\"og:locale\" content=\"es_MX\" \/>\n<meta property=\"og:type\" content=\"article\" \/>\n<meta property=\"og:title\" content=\"Localizador Teka | Tiendas y Servicios T\u00e9cnicos Cercanos\" \/>\n<meta property=\"og:description\" content=\"Encuentra f\u00e1cilmente puntos de venta y servicios t\u00e9cnicos Teka. Ingresa tu ubicaci\u00f3n y localiza el establecimiento m\u00e1s cercano en segundos.\" \/>\n<meta property=\"og:url\" content=\"https:\/\/www.teka.com\/es-mx\/mapa\/\" \/>\n<meta property=\"og:site_name\" content=\"Teka M\u00e9xico\" \/>\n<meta property=\"article:modified_time\" content=\"2025-07-28T21:57:18+00:00\" \/>\n<meta name=\"twitter:card\" content=\"summary_large_image\" \/>\n<meta name=\"twitter:label1\" content=\"Tiempo de lectura\" \/>\n\t<meta name=\"twitter:data1\" content=\"1 minuto\" \/>\n<script type=\"application\/ld+json\" class=\"yoast-schema-graph\">{\"@context\":\"https:\/\/schema.org\",\"@graph\":[{\"@type\":\"WebPage\",\"@id\":\"https:\/\/www.teka.com\/es-mx\/mapa\/\",\"url\":\"https:\/\/www.teka.com\/es-mx\/mapa\/\",\"name\":\"Localizador Teka | Tiendas y Servicios T\u00e9cnicos Cercanos\",\"isPartOf\":{\"@id\":\"https:\/\/www.teka.com\/es-mx\/#website\"},\"datePublished\":\"2018-08-10T08:27:29+00:00\",\"dateModified\":\"2025-07-28T21:57:18+00:00\",\"description\":\"Encuentra f\u00e1cilmente puntos de venta y servicios t\u00e9cnicos Teka. Ingresa tu ubicaci\u00f3n y localiza el establecimiento m\u00e1s cercano en segundos.\",\"inLanguage\":\"es\",\"potentialAction\":[{\"@type\":\"ReadAction\",\"target\":[\"https:\/\/www.teka.com\/es-mx\/mapa\/\"]}]},{\"@type\":\"WebSite\",\"@id\":\"https:\/\/www.teka.com\/es-mx\/#website\",\"url\":\"https:\/\/www.teka.com\/es-mx\/\",\"name\":\"Teka M\u00e9xico\",\"description\":\"\",\"publisher\":{\"@id\":\"https:\/\/www.teka.com\/es-mx\/#organization\"},\"potentialAction\":[{\"@type\":\"SearchAction\",\"target\":{\"@type\":\"EntryPoint\",\"urlTemplate\":\"https:\/\/www.teka.com\/es-mx\/?s={search_term_string}\"},\"query-input\":{\"@type\":\"PropertyValueSpecification\",\"valueRequired\":true,\"valueName\":\"search_term_string\"}}],\"inLanguage\":\"es\"},{\"@type\":\"Organization\",\"@id\":\"https:\/\/www.teka.com\/es-mx\/#organization\",\"name\":\"Teka M\u00e9xico\",\"url\":\"https:\/\/www.teka.com\/es-mx\/\",\"logo\":{\"@type\":\"ImageObject\",\"inLanguage\":\"es\",\"@id\":\"https:\/\/www.teka.com\/es-mx\/#\/schema\/logo\/image\/\",\"url\":\"https:\/\/www.teka.com\/es-mx\/wp-content\/uploads\/sites\/11\/2024\/08\/Teka_100years_logo_red_greyscale_square_RGB-5.png\",\"contentUrl\":\"https:\/\/www.teka.com\/es-mx\/wp-content\/uploads\/sites\/11\/2024\/08\/Teka_100years_logo_red_greyscale_square_RGB-5.png\",\"width\":4042,\"height\":4042,\"caption\":\"Teka M\u00e9xico\"},\"image\":{\"@id\":\"https:\/\/www.teka.com\/es-mx\/#\/schema\/logo\/image\/\"}}]}<\/script>\n<!-- \/ Yoast SEO plugin. -->","yoast_head_json":{"title":"Localizador Teka | Tiendas y Servicios T\u00e9cnicos Cercanos","description":"Encuentra f\u00e1cilmente puntos de venta y servicios t\u00e9cnicos Teka. Ingresa tu ubicaci\u00f3n y localiza el establecimiento m\u00e1s cercano en segundos.","robots":{"index":"index","follow":"follow","max-snippet":"max-snippet:-1","max-image-preview":"max-image-preview:large","max-video-preview":"max-video-preview:-1"},"canonical":"https:\/\/www.teka.com\/es-mx\/mapa\/","og_locale":"es_MX","og_type":"article","og_title":"Localizador Teka | Tiendas y Servicios T\u00e9cnicos Cercanos","og_description":"Encuentra f\u00e1cilmente puntos de venta y servicios t\u00e9cnicos Teka. Ingresa tu ubicaci\u00f3n y localiza el establecimiento m\u00e1s cercano en segundos.","og_url":"https:\/\/www.teka.com\/es-mx\/mapa\/","og_site_name":"Teka M\u00e9xico","article_modified_time":"2025-07-28T21:57:18+00:00","twitter_card":"summary_large_image","twitter_misc":{"Tiempo de lectura":"1 minuto"},"schema":{"@context":"https:\/\/schema.org","@graph":[{"@type":"WebPage","@id":"https:\/\/www.teka.com\/es-mx\/mapa\/","url":"https:\/\/www.teka.com\/es-mx\/mapa\/","name":"Localizador Teka | Tiendas y Servicios T\u00e9cnicos Cercanos","isPartOf":{"@id":"https:\/\/www.teka.com\/es-mx\/#website"},"datePublished":"2018-08-10T08:27:29+00:00","dateModified":"2025-07-28T21:57:18+00:00","description":"Encuentra f\u00e1cilmente puntos de venta y servicios t\u00e9cnicos Teka. Ingresa tu ubicaci\u00f3n y localiza el establecimiento m\u00e1s cercano en segundos.","inLanguage":"es","potentialAction":[{"@type":"ReadAction","target":["https:\/\/www.teka.com\/es-mx\/mapa\/"]}]},{"@type":"WebSite","@id":"https:\/\/www.teka.com\/es-mx\/#website","url":"https:\/\/www.teka.com\/es-mx\/","name":"Teka M\u00e9xico","description":"","publisher":{"@id":"https:\/\/www.teka.com\/es-mx\/#organization"},"potentialAction":[{"@type":"SearchAction","target":{"@type":"EntryPoint","urlTemplate":"https:\/\/www.teka.com\/es-mx\/?s={search_term_string}"},"query-input":{"@type":"PropertyValueSpecification","valueRequired":true,"valueName":"search_term_string"}}],"inLanguage":"es"},{"@type":"Organization","@id":"https:\/\/www.teka.com\/es-mx\/#organization","name":"Teka M\u00e9xico","url":"https:\/\/www.teka.com\/es-mx\/","logo":{"@type":"ImageObject","inLanguage":"es","@id":"https:\/\/www.teka.com\/es-mx\/#\/schema\/logo\/image\/","url":"https:\/\/www.teka.com\/es-mx\/wp-content\/uploads\/sites\/11\/2024\/08\/Teka_100years_logo_red_greyscale_square_RGB-5.png","contentUrl":"https:\/\/www.teka.com\/es-mx\/wp-content\/uploads\/sites\/11\/2024\/08\/Teka_100years_logo_red_greyscale_square_RGB-5.png","width":4042,"height":4042,"caption":"Teka M\u00e9xico"},"image":{"@id":"https:\/\/www.teka.com\/es-mx\/#\/schema\/logo\/image\/"}}]}},"_links":{"self":[{"href":"https:\/\/www.teka.com\/es-mx\/wp-json\/wp\/v2\/pages\/5223","targetHints":{"allow":["GET"]}}],"collection":[{"href":"https:\/\/www.teka.com\/es-mx\/wp-json\/wp\/v2\/pages"}],"about":[{"href":"https:\/\/www.teka.com\/es-mx\/wp-json\/wp\/v2\/types\/page"}],"author":[{"embeddable":true,"href":"https:\/\/www.teka.com\/es-mx\/wp-json\/wp\/v2\/users\/1"}],"replies":[{"embeddable":true,"href":"https:\/\/www.teka.com\/es-mx\/wp-json\/wp\/v2\/comments?post=5223"}],"version-history":[{"count":11,"href":"https:\/\/www.teka.com\/es-mx\/wp-json\/wp\/v2\/pages\/5223\/revisions"}],"predecessor-version":[{"id":123801,"href":"https:\/\/www.teka.com\/es-mx\/wp-json\/wp\/v2\/pages\/5223\/revisions\/123801"}],"wp:attachment":[{"href":"https:\/\/www.teka.com\/es-mx\/wp-json\/wp\/v2\/media?parent=5223"}],"curies":[{"name":"wp","href":"https:\/\/api.w.org\/{rel}","templated":true}]}}