{"id":5225,"date":"2018-08-10T10:27:52","date_gmt":"2018-08-10T08:27:52","guid":{"rendered":"http:\/\/teka.com\/?page_id=5225"},"modified":"2024-03-14T12:50:36","modified_gmt":"2024-03-14T11:50:36","slug":"manuales","status":"publish","type":"page","link":"https:\/\/www.teka.com\/es-mx\/soporte\/manuales\/","title":{"rendered":"Manuales"},"content":{"rendered":"<p>[et_pb_section fb_built=&#8221;1&#8243; module_id=&#8221;manual-download-top&#8221; _builder_version=&#8221;4.16&#8243; background_image=&#8221;https:\/\/www.teka.com\/es-mx\/wp-content\/uploads\/sites\/11\/2018\/11\/teka-web-support-1920&#215;833.jpg&#8221; background_position=&#8221;center_left&#8221; global_colors_info=&#8221;{}&#8221;][et_pb_row _builder_version=&#8221;4.16&#8243; custom_padding=&#8221;25.25px|0px|81px|0px|false|false&#8221; global_colors_info=&#8221;{}&#8221; column_structure=&#8221;1_2,1_2&#8243;][et_pb_column type=&#8221;1_2&#8243; _builder_version=&#8221;4.16&#8243; custom_padding=&#8221;|||&#8221; global_colors_info=&#8221;{}&#8221; custom_padding__hover=&#8221;|||&#8221;][\/et_pb_column][et_pb_column type=&#8221;1_2&#8243; _builder_version=&#8221;4.16&#8243; custom_padding=&#8221;|||&#8221; global_colors_info=&#8221;{}&#8221; custom_padding__hover=&#8221;|||&#8221;][et_pb_text admin_label=&#8221;Download your manual &#8211; Title&#8221; _builder_version=&#8221;4.16&#8243; custom_margin=&#8221;||0px|&#8221; custom_padding=&#8221;||0px|&#8221; global_colors_info=&#8221;{}&#8221;]<\/p>\n<h2><span style=\"color: #ffffff;\"><strong>Manuales\u00a0<\/strong>de usuario<\/span><\/h2>\n<p>[\/et_pb_text][\/et_pb_column][\/et_pb_row][et_pb_row _builder_version=&#8221;4.16&#8243; custom_margin=&#8221;0px|||&#8221; custom_padding=&#8221;0px|||&#8221; global_colors_info=&#8221;{}&#8221; column_structure=&#8221;1_2,1_2&#8243;][et_pb_column type=&#8221;1_2&#8243; _builder_version=&#8221;4.16&#8243; custom_padding=&#8221;0px|||&#8221; global_colors_info=&#8221;{}&#8221; custom_padding__hover=&#8221;|||&#8221;][\/et_pb_column][et_pb_column type=&#8221;1_2&#8243; _builder_version=&#8221;4.16&#8243; custom_padding=&#8221;0px|||&#8221; global_colors_info=&#8221;{}&#8221; custom_padding__hover=&#8221;|||&#8221;][et_pb_text admin_label=&#8221;Search box&#8221; _builder_version=&#8221;4.16&#8243; background_layout=&#8221;dark&#8221; global_colors_info=&#8221;{}&#8221;]<\/p>\n<h4>Introduce el modelo<\/h4>\n<p><form action=\"https:\/\/www.teka.com\/es-mx\/soporte\/manuales\/\" id=\"form-manual-container\"><input id=\"input-manual-submit\" name=\"manual-submit\" type=\"submit\" value=\"\ue812\"><select id=\"select-manual\" name=\"se\" style=\"width:420px;float: left\"><\/select><\/form><br \/>\n<a href=\"#\" style=\"display:none\">Where do I find the serial number?<\/a><\/p>\n<p>[\/et_pb_text][et_pb_text disabled_on=&#8221;on|on|on&#8221; _builder_version=&#8221;4.16&#8243; disabled=&#8221;on&#8221; global_colors_info=&#8221;{}&#8221;]<\/p>\n<h4><span style=\"color: #222222;\">Selecciona un producto<\/span><\/h4>\n<p><select id=\"select-manual-download\" name=\"select\"><option selected=\"selected\" value=\"value1\">Hornos<\/option><option value=\"value2\">Neveras<\/option><option value=\"value3\">Microondas<\/option><\/select><\/p>\n<p>[\/et_pb_text][\/et_pb_column][\/et_pb_row][\/et_pb_section][et_pb_section fb_built=&#8221;1&#8243; disabled_on=&#8221;on|on|on&#8221; module_id=&#8221;manuals-most-wanted&#8221; _builder_version=&#8221;4.16&#8243; custom_padding=&#8221;40px||30px|&#8221; disabled=&#8221;on&#8221; global_colors_info=&#8221;{}&#8221;][et_pb_row _builder_version=&#8221;4.16&#8243; max_width=&#8221;580px&#8221; use_custom_width=&#8221;on&#8221; custom_width_px=&#8221;580px&#8221; global_colors_info=&#8221;{}&#8221;][et_pb_column type=&#8221;4_4&#8243; _builder_version=&#8221;4.16&#8243; custom_padding=&#8221;|||&#8221; global_colors_info=&#8221;{}&#8221; custom_padding__hover=&#8221;|||&#8221;][et_pb_text admin_label=&#8221;Most wanted &#8211; Text&#8221; module_id=&#8221;manual-download-two&#8221; _builder_version=&#8221;4.16&#8243; global_colors_info=&#8221;{}&#8221;]<\/p>\n<h2 style=\"text-align: center;\">Lo m\u00e1s buscado<\/h2>\n<p style=\"text-align: center;\">Si no encuentras aqu\u00ed tu manual o necesitas m\u00e1s informaci\u00f3n, puedes contactar con Atenci\u00f3n al Cliente a trav\u00e9s del tel\u00e9fono <strong>01 800 8352 728<\/strong>\u00a0o en\u00a0<a href=\"mailto:atencionalcliente@teka.com\">atencionalcliente@teka.com<\/a>.<\/p>\n<p>[\/et_pb_text][\/et_pb_column][\/et_pb_row][\/et_pb_section][et_pb_section fb_built=&#8221;1&#8243; disabled_on=&#8221;on|on|on&#8221; _builder_version=&#8221;4.16&#8243; disabled=&#8221;on&#8221; global_colors_info=&#8221;{}&#8221;][et_pb_row _builder_version=&#8221;4.16&#8243; background_size=&#8221;initial&#8221; background_position=&#8221;top_left&#8221; background_repeat=&#8221;repeat&#8221; global_colors_info=&#8221;{}&#8221;][et_pb_column type=&#8221;4_4&#8243; _builder_version=&#8221;4.16&#8243; custom_padding=&#8221;|||&#8221; global_colors_info=&#8221;{}&#8221; custom_padding__hover=&#8221;|||&#8221;][et_pb_product_manuals fullwidth=&#8221;off&#8221; posts_number=&#8221;20&#8243; _builder_version=&#8221;3.14&#8243; title_font_size_tablet=&#8221;51&#8243; title_line_height_tablet=&#8221;2&#8243; caption_font_size_tablet=&#8221;51&#8243; caption_line_height_tablet=&#8221;2&#8243; pagination_font_size_tablet=&#8221;51&#8243; pagination_line_height_tablet=&#8221;2&#8243; global_colors_info=&#8221;{}&#8221;]<\/p>\n<p>\n&nbsp;<\/p>\n<p>[\/et_pb_product_manuals][\/et_pb_column][\/et_pb_row][\/et_pb_section]<\/p>\n","protected":false},"excerpt":{"rendered":"<p>Manuales\u00a0de usuario Introduce el modelo <form action=\"https:\/\/www.teka.com\/es-mx\/soporte\/manuales\/\" id=\"form-manual-container\"><input id=\"input-manual-submit\" name=\"manual-submit\" type=\"submit\" value=\"\ue812\"><select id=\"select-manual\" name=\"se\" style=\"width:420px;float: left\"><\/select><\/form> Where do I find the serial number? Selecciona un producto HornosNeverasMicroondas Lo m\u00e1s buscadoSi no encuentras aqu\u00ed tu manual o necesitas m\u00e1s informaci\u00f3n, puedes contactar con Atenci\u00f3n al Cliente a trav\u00e9s del tel\u00e9fono 01 800 8352 728\u00a0o en\u00a0atencionalcliente@teka.com. [et_pb_product_manuals fullwidth=&#8221;off&#8221; posts_number=&#8221;20&#8243; _builder_version=&#8221;3.14&#8243; title_font_size_tablet=&#8221;51&#8243; title_line_height_tablet=&#8221;2&#8243; caption_font_size_tablet=&#8221;51&#8243; caption_line_height_tablet=&#8221;2&#8243; pagination_font_size_tablet=&#8221;51&#8243; pagination_line_height_tablet=&#8221;2&#8243; global_colors_info=&#8221;{}&#8221;] [&hellip;]<\/p>\n","protected":false},"author":9,"featured_media":0,"parent":5193,"menu_order":0,"comment_status":"closed","ping_status":"closed","template":"tp-manuals.php","meta":{"_acf_changed":false,"_et_pb_use_builder":"on","_et_pb_old_content":"","_et_gb_content_width":"","footnotes":""},"class_list":["post-5225","page","type-page","status-publish","hentry"],"acf":[],"yoast_head":"<!-- This site is optimized with the Yoast SEO plugin v27.5 - https:\/\/yoast.com\/product\/yoast-seo-wordpress\/ -->\n<title>Teka | Gu\u00edas de usuario | Descarga aqu\u00ed tu manual de instrucciones<\/title>\n<meta name=\"description\" content=\"Descarga aqu\u00ed el manual de instrucciones para tu electrodom\u00e9stico Teka. Disponibles manuales de productos actuales y descatalogados.\" \/>\n<meta name=\"robots\" content=\"index, follow, max-snippet:-1, max-image-preview:large, max-video-preview:-1\" \/>\n<link rel=\"canonical\" href=\"https:\/\/www.teka.com\/es-mx\/soporte\/manuales\/\" \/>\n<meta property=\"og:locale\" content=\"es_MX\" \/>\n<meta property=\"og:type\" content=\"article\" \/>\n<meta property=\"og:title\" content=\"Teka | Gu\u00edas de usuario | Descarga aqu\u00ed tu manual de instrucciones\" \/>\n<meta property=\"og:description\" content=\"Descarga aqu\u00ed el manual de instrucciones para tu electrodom\u00e9stico Teka. Disponibles manuales de productos actuales y descatalogados.\" \/>\n<meta property=\"og:url\" content=\"https:\/\/www.teka.com\/es-mx\/soporte\/manuales\/\" \/>\n<meta property=\"og:site_name\" content=\"Teka M\u00e9xico\" \/>\n<meta property=\"article:modified_time\" content=\"2024-03-14T11:50:36+00:00\" \/>\n<meta name=\"twitter:card\" content=\"summary_large_image\" \/>\n<meta name=\"twitter:label1\" content=\"Tiempo de lectura\" \/>\n\t<meta name=\"twitter:data1\" content=\"1 minuto\" \/>\n<script type=\"application\/ld+json\" class=\"yoast-schema-graph\">{\"@context\":\"https:\\\/\\\/schema.org\",\"@graph\":[{\"@type\":\"WebPage\",\"@id\":\"https:\\\/\\\/www.teka.com\\\/es-mx\\\/soporte\\\/manuales\\\/\",\"url\":\"https:\\\/\\\/www.teka.com\\\/es-mx\\\/soporte\\\/manuales\\\/\",\"name\":\"Teka | Gu\u00edas de usuario | Descarga aqu\u00ed tu manual de instrucciones\",\"isPartOf\":{\"@id\":\"https:\\\/\\\/www.teka.com\\\/es-mx\\\/#website\"},\"datePublished\":\"2018-08-10T08:27:52+00:00\",\"dateModified\":\"2024-03-14T11:50:36+00:00\",\"description\":\"Descarga aqu\u00ed el manual de instrucciones para tu electrodom\u00e9stico Teka. Disponibles manuales de productos actuales y descatalogados.\",\"breadcrumb\":{\"@id\":\"https:\\\/\\\/www.teka.com\\\/es-mx\\\/soporte\\\/manuales\\\/#breadcrumb\"},\"inLanguage\":\"es\",\"potentialAction\":[{\"@type\":\"ReadAction\",\"target\":[\"https:\\\/\\\/www.teka.com\\\/es-mx\\\/soporte\\\/manuales\\\/\"]}]},{\"@type\":\"BreadcrumbList\",\"@id\":\"https:\\\/\\\/www.teka.com\\\/es-mx\\\/soporte\\\/manuales\\\/#breadcrumb\",\"itemListElement\":[{\"@type\":\"ListItem\",\"position\":1,\"name\":\"Soporte\",\"item\":\"https:\\\/\\\/www.teka.com\\\/es-mx\\\/soporte\\\/\"},{\"@type\":\"ListItem\",\"position\":2,\"name\":\"Manuales\"}]},{\"@type\":\"WebSite\",\"@id\":\"https:\\\/\\\/www.teka.com\\\/es-mx\\\/#website\",\"url\":\"https:\\\/\\\/www.teka.com\\\/es-mx\\\/\",\"name\":\"Teka M\u00e9xico\",\"description\":\"\",\"publisher\":{\"@id\":\"https:\\\/\\\/www.teka.com\\\/es-mx\\\/#organization\"},\"potentialAction\":[{\"@type\":\"SearchAction\",\"target\":{\"@type\":\"EntryPoint\",\"urlTemplate\":\"https:\\\/\\\/www.teka.com\\\/es-mx\\\/?s={search_term_string}\"},\"query-input\":{\"@type\":\"PropertyValueSpecification\",\"valueRequired\":true,\"valueName\":\"search_term_string\"}}],\"inLanguage\":\"es\"},{\"@type\":\"Organization\",\"@id\":\"https:\\\/\\\/www.teka.com\\\/es-mx\\\/#organization\",\"name\":\"Teka M\u00e9xico\",\"url\":\"https:\\\/\\\/www.teka.com\\\/es-mx\\\/\",\"logo\":{\"@type\":\"ImageObject\",\"inLanguage\":\"es\",\"@id\":\"https:\\\/\\\/www.teka.com\\\/es-mx\\\/#\\\/schema\\\/logo\\\/image\\\/\",\"url\":\"https:\\\/\\\/www.teka.com\\\/es-mx\\\/wp-content\\\/uploads\\\/sites\\\/11\\\/2024\\\/08\\\/Teka_100years_logo_red_greyscale_square_RGB-5.png\",\"contentUrl\":\"https:\\\/\\\/www.teka.com\\\/es-mx\\\/wp-content\\\/uploads\\\/sites\\\/11\\\/2024\\\/08\\\/Teka_100years_logo_red_greyscale_square_RGB-5.png\",\"width\":4042,\"height\":4042,\"caption\":\"Teka M\u00e9xico\"},\"image\":{\"@id\":\"https:\\\/\\\/www.teka.com\\\/es-mx\\\/#\\\/schema\\\/logo\\\/image\\\/\"}}]}<\/script>\n<!-- \/ Yoast SEO plugin. -->","yoast_head_json":{"title":"Teka | Gu\u00edas de usuario | Descarga aqu\u00ed tu manual de instrucciones","description":"Descarga aqu\u00ed el manual de instrucciones para tu electrodom\u00e9stico Teka. Disponibles manuales de productos actuales y descatalogados.","robots":{"index":"index","follow":"follow","max-snippet":"max-snippet:-1","max-image-preview":"max-image-preview:large","max-video-preview":"max-video-preview:-1"},"canonical":"https:\/\/www.teka.com\/es-mx\/soporte\/manuales\/","og_locale":"es_MX","og_type":"article","og_title":"Teka | Gu\u00edas de usuario | Descarga aqu\u00ed tu manual de instrucciones","og_description":"Descarga aqu\u00ed el manual de instrucciones para tu electrodom\u00e9stico Teka. Disponibles manuales de productos actuales y descatalogados.","og_url":"https:\/\/www.teka.com\/es-mx\/soporte\/manuales\/","og_site_name":"Teka M\u00e9xico","article_modified_time":"2024-03-14T11:50:36+00:00","twitter_card":"summary_large_image","twitter_misc":{"Tiempo de lectura":"1 minuto"},"schema":{"@context":"https:\/\/schema.org","@graph":[{"@type":"WebPage","@id":"https:\/\/www.teka.com\/es-mx\/soporte\/manuales\/","url":"https:\/\/www.teka.com\/es-mx\/soporte\/manuales\/","name":"Teka | Gu\u00edas de usuario | Descarga aqu\u00ed tu manual de instrucciones","isPartOf":{"@id":"https:\/\/www.teka.com\/es-mx\/#website"},"datePublished":"2018-08-10T08:27:52+00:00","dateModified":"2024-03-14T11:50:36+00:00","description":"Descarga aqu\u00ed el manual de instrucciones para tu electrodom\u00e9stico Teka. Disponibles manuales de productos actuales y descatalogados.","breadcrumb":{"@id":"https:\/\/www.teka.com\/es-mx\/soporte\/manuales\/#breadcrumb"},"inLanguage":"es","potentialAction":[{"@type":"ReadAction","target":["https:\/\/www.teka.com\/es-mx\/soporte\/manuales\/"]}]},{"@type":"BreadcrumbList","@id":"https:\/\/www.teka.com\/es-mx\/soporte\/manuales\/#breadcrumb","itemListElement":[{"@type":"ListItem","position":1,"name":"Soporte","item":"https:\/\/www.teka.com\/es-mx\/soporte\/"},{"@type":"ListItem","position":2,"name":"Manuales"}]},{"@type":"WebSite","@id":"https:\/\/www.teka.com\/es-mx\/#website","url":"https:\/\/www.teka.com\/es-mx\/","name":"Teka M\u00e9xico","description":"","publisher":{"@id":"https:\/\/www.teka.com\/es-mx\/#organization"},"potentialAction":[{"@type":"SearchAction","target":{"@type":"EntryPoint","urlTemplate":"https:\/\/www.teka.com\/es-mx\/?s={search_term_string}"},"query-input":{"@type":"PropertyValueSpecification","valueRequired":true,"valueName":"search_term_string"}}],"inLanguage":"es"},{"@type":"Organization","@id":"https:\/\/www.teka.com\/es-mx\/#organization","name":"Teka M\u00e9xico","url":"https:\/\/www.teka.com\/es-mx\/","logo":{"@type":"ImageObject","inLanguage":"es","@id":"https:\/\/www.teka.com\/es-mx\/#\/schema\/logo\/image\/","url":"https:\/\/www.teka.com\/es-mx\/wp-content\/uploads\/sites\/11\/2024\/08\/Teka_100years_logo_red_greyscale_square_RGB-5.png","contentUrl":"https:\/\/www.teka.com\/es-mx\/wp-content\/uploads\/sites\/11\/2024\/08\/Teka_100years_logo_red_greyscale_square_RGB-5.png","width":4042,"height":4042,"caption":"Teka M\u00e9xico"},"image":{"@id":"https:\/\/www.teka.com\/es-mx\/#\/schema\/logo\/image\/"}}]}},"_links":{"self":[{"href":"https:\/\/www.teka.com\/es-mx\/wp-json\/wp\/v2\/pages\/5225","targetHints":{"allow":["GET"]}}],"collection":[{"href":"https:\/\/www.teka.com\/es-mx\/wp-json\/wp\/v2\/pages"}],"about":[{"href":"https:\/\/www.teka.com\/es-mx\/wp-json\/wp\/v2\/types\/page"}],"author":[{"embeddable":true,"href":"https:\/\/www.teka.com\/es-mx\/wp-json\/wp\/v2\/users\/9"}],"replies":[{"embeddable":true,"href":"https:\/\/www.teka.com\/es-mx\/wp-json\/wp\/v2\/comments?post=5225"}],"version-history":[{"count":47,"href":"https:\/\/www.teka.com\/es-mx\/wp-json\/wp\/v2\/pages\/5225\/revisions"}],"predecessor-version":[{"id":121465,"href":"https:\/\/www.teka.com\/es-mx\/wp-json\/wp\/v2\/pages\/5225\/revisions\/121465"}],"up":[{"embeddable":true,"href":"https:\/\/www.teka.com\/es-mx\/wp-json\/wp\/v2\/pages\/5193"}],"wp:attachment":[{"href":"https:\/\/www.teka.com\/es-mx\/wp-json\/wp\/v2\/media?parent=5225"}],"curies":[{"name":"wp","href":"https:\/\/api.w.org\/{rel}","templated":true}]}}