{"id":67870,"date":"2020-04-21T08:59:54","date_gmt":"2020-04-21T06:59:54","guid":{"rendered":"https:\/\/www.teka.com\/es-mx\/?page_id=67870"},"modified":"2020-04-23T08:35:23","modified_gmt":"2020-04-23T06:35:23","slug":"aviso-de-privacidad","status":"publish","type":"page","link":"https:\/\/www.teka.com\/es-mx\/aviso-de-privacidad\/","title":{"rendered":"Aviso de privacidad"},"content":{"rendered":"<p>TEKA MEXICANA, S.A. DE C.V. (en lo sucesivo \u201cTEKA\u201d) con domicilio en Boulevard Manuel \u00c1vila Camacho 126 Piso 3 Col. Lomas de Chapultepec III Secci\u00f3n, Alcald\u00eda Miguel Hidalgo C.P. 11000 Ciudad de M\u00e9xico, M\u00e9xico., ser\u00e1 quien act\u00fae como responsable en el tratamiento de los datos personales que nos proporcione el titular de estos, de conformidad con lo se\u00f1alado por el art\u00edculo 14 de la Ley Federal de Protecci\u00f3n de Datos Personales en Posesi\u00f3n de Particulares. De manera que como sabemos lo importante que es la privacidad para nuestros clientes (en lo sucesivo \u201cUsuarios\u201d) y el manejo que se le a sus datos, reforzamos nuestro compromiso por ser claros con respecto a la recopilaci\u00f3n, utilizaci\u00f3n, revelaci\u00f3n, transferencia y almacenamiento de los datos, por lo que estos se recabar\u00e1n y trataran de manera l\u00edcita y en cumplimiento a la normatividad aplicable.<\/p>\n<p>El presente Aviso de Privacidad es de aplicaci\u00f3n para el uso y venta de los productos que comercializa \u201cTEKA\u201d (en lo sucesivo \u201cProductos\u201d), las aplicaciones online y la atenci\u00f3n a los Usuarios (en lo sucesivo los Servicios).<\/p>\n<p>Por lo que resulta de suma importancia que lea detenidamente el presente Aviso de Privacidad, ya que cada vez que utilice nuestros \u201cServicios\u201d, acepta el tratamiento de sus datos en la forma que aqu\u00ed se se\u00f1ala. En caso de negativa en la aceptaci\u00f3n, no deber\u00e1 utilizar nuestros Servicios.<\/p>\n<p>Se entender\u00e1 que el titular consiente t\u00e1citamente el tratamiento de sus datos, cuando habi\u00e9ndose puesto a su disposici\u00f3n el presente aviso de privacidad, no manifieste su oposici\u00f3n.<\/p>\n<p>Es importante la revisi\u00f3n de las actualizaciones a nuestro Aviso de Privacidad. Si lo actualizamos y usted utiliza nuestros Servicios despu\u00e9s de la actualizaci\u00f3n, acepta el nuevo tratamiento que se especifica en dicha<br \/>\nactualizaci\u00f3n.<\/p>\n<p><strong>\u00bfQu\u00e9 informaci\u00f3n solicitaremos?<\/strong><br \/>\n\u201c<strong>TEKA<\/strong>\u201d, para cumplir con las finalidades se\u00f1aladas en el presente Aviso de Privacidad, tratar\u00e1 datos personales de identificaci\u00f3n, datos personales de contacto, datos de referencias, informaci\u00f3n acerca del uso de nuestroSers vicios, datos financieros y\/o patrimoniales (si \u201c<strong>TEKA<\/strong>\u201d requiere tratar sus datos financieros y\/o patrimoniales, recabar\u00e1 su consentimiento expreso). Asimismo, en caso de que usted nos solicite servicios de soporte t\u00e9cnico y reparaci\u00f3n, podremos solicitarle informaci\u00f3n relacionada a su Producto y al uso de este. Cuando usted utiliza comandos de voz, su voz puede grabarse y guardarse en nuestros sistemas. En el supuesto de que usted nos contacte por redes sociales, podremos dar tratamiento a la informaci\u00f3n contenida en su perfil p\u00fablico de la red social de que se trate, as\u00ed como al contenido de sus publicaciones.<\/p>\n<p>Tambi\u00e9n podemos solicitar su consentimiento para recopilar informaci\u00f3n adicional, que no se describe en el presente Aviso de Privacidad.<\/p>\n<p>Le informamos que, para efectos de lo se\u00f1alado en el presente Aviso de Privacidad, \u201cTEKA\u201d no tratar\u00e1 datos personales sensibles.<\/p>\n<p>As\u00ed mismo, el titular de los datos tendr\u00e1 derecho en todo momento a rectificarlos cuando sean inexactos o incompletos. Estando a lo contemplado por la Ley en la materia.<\/p>\n<p><strong>Finalidades principales del tratamiento de sus datos<\/strong><br \/>\n\u201c<strong>TEKA<\/strong>\u201d como responsable, trataremos los datos personales antes descritos como nos resulte necesario, adecuado y relevante en relaci\u00f3n con las finalidades previstas en el presente aviso de privacidad, as\u00ed como para llevar a cabo alguna o todas las actividades necesarias para el desarrollo y cumplimiento de las obligaciones que se originen y deriven de la relaci\u00f3n contractual y\/o comercial por la prestaci\u00f3n de los Servicios que incluyen: registrar su producto, venta de productos, facturaci\u00f3n y cobranza. Asimismo, para identificarle, contactarle, dar respuesta y seguimiento a sus solicitudes de informaci\u00f3n o comentarios; para brindarle los servicios de asistencia t\u00e9cnica, extensi\u00f3n de garant\u00eda, reparaci\u00f3n y\/o cambio de su producto, seg\u00fan corresponda. Algunos de nuestros Servicios le permiten comunicarse con otras personas, estas comunicaciones se transmiten y almacenan en nuestros sistemas.<\/p>\n<p>El tratamiento de datos personales estar\u00e1 siempre limitado al cumplimiento de las finalidades previstas en el presente aviso de privacidad.<\/p>\n<p><strong>Finalidades secundarias del tratamiento de sus datos.<\/strong><br \/>\nDe manera adicional, si usted no se opone, \u201c<strong>TEKA<\/strong>\u201d como responsable podremos conservar su informaci\u00f3n personal, compartirla con nuestras controladoras, afiliadas y filiales; y utilizarla de manera independiente o combinada con otra informaci\u00f3n suya, para las siguientes finalidades:<br \/>\n\u2022 Para posibles contactos posteriores.<br \/>\n\u2022 Entender la forma en que utiliza los Servicios, de modo que podamos mejorar su experiencia;<br \/>\n\u2022 Informarle del lanzamiento o cambios de nuevos productos, bienes, servicios, promociones y\/u ofertas de acuerdo a sus intereses, incluyendo el env\u00edo de comunicaciones a trav\u00e9s de correos electr\u00f3nicos, llamadas telef\u00f3nicas, mensajes cortos y dem\u00e1s medios de comunicaci\u00f3n f\u00edsicos y\/o electr\u00f3nicos.<br \/>\n\u2022 Actualizar software.<br \/>\n\u2022 Para enviarle publicidad y comunicaciones con fines de mercadotecnia, telemarketing entre otras.<\/p>\n<p>En caso de que no desee que sus datos personales sean tratados para alguna o todas las finalidades, desde este momento usted nos puede comunicar lo anterior al correo <a href=\"mailto:privacidad.tmx@teka.com.mx\">privacidad.tmx@teka.com.mx<\/a><\/p>\n<p>La negativa para el uso de sus datos personales no podr\u00e1 ser un motivo para negarle los servicios solicitados o dar por terminada la relaci\u00f3n establecida con nosotros.<\/p>\n<p><strong>\u00bfA qu\u00e9 terceros podemos transferir su informaci\u00f3n?<\/strong><br \/>\n\u201c<strong>TEKA<\/strong>\u201d, como responsable, podremos transferir los datos personales a terceros nacionales o extranjeros, distintos del encargado, debiendo comunicar a \u00e9stos el aviso de privacidad y las finalidades a las que el titular sujet\u00f3 su tratamiento.<\/p>\n<p>Por lo que de forma enunciativa se podr\u00e1 compartir su informaci\u00f3n con:<br \/>\nA. Empresas controladoras, filiales y subsidiarias de \u201cTEKA MEXICANA, S.A. DE C.V.\u201d<br \/>\nB. Socios de negocio: empresas de confianza que pueden proporcionar informaci\u00f3n acerca de productos y servicios que usted podr\u00eda desear.<br \/>\nC. Proveedores de servicios: empresas que prestan servicios para o en nombre de \u201cTEKA\u201d, tales como entrega de productos, procesamiento de informaci\u00f3n, atenci\u00f3n a clientes, servicio t\u00e9cnico, financiaci\u00f3n, entrega de productos, administraci\u00f3n y optimizaci\u00f3n de los datos de clientes, evaluaci\u00f3n de productos y servicios, investigaciones de mercado o encuestas de satisfacci\u00f3n. Estas empresas est\u00e1n obligadas a proteger su informaci\u00f3n.<br \/>\nD. Autoridades, procesos legales, aplicaci\u00f3n de la ley: cuando se nos exija hacerlo por una autoridad administrativa o judicial o con motivo de un proceso o litigio. Tambi\u00e9n puede divulgar su informaci\u00f3n para proteger la operaci\u00f3n de \u201cTEKA\u201d y a sus Usuarios.<br \/>\nE. Otras partes en relaci\u00f3n con transacciones corporativas. Podemos revelar o transferir su informaci\u00f3n a un tercero como parte de una fusi\u00f3n o una cesi\u00f3n, o en caso de quiebra.<br \/>\nF. Otras partes con su consentimiento o seg\u00fan sus instrucciones. Enlaces y productos de terceros en nuestros Servicios Nuestro Servicios pueden vincularse a servicios y sitios web de terceros que est\u00e1n fuera de nuestro control. Debe tener precauci\u00f3n y revisar las pr\u00e1cticas de tratamiento de datos y pol\u00edticas de privacidad de estos terceros. Ya que \u201cTEKA\u201d no es responsable de la seguridad o la privacidad de la informaci\u00f3n recopilada por estos terceros.<\/p>\n<p>Nosotros, as\u00ed como tambi\u00e9n algunos terceros que proporcionan contenido, publicidad u otra funcionalidad en nuestros Servicios, podemos utilizar cookies y otras tecnolog\u00edas en determinadas \u00e1reas de nuestros Servicios.<\/p>\n<p><strong>Cookies<\/strong><br \/>\nLas cookies son archivos peque\u00f1os que almacenan informaci\u00f3n sobre su equipo, tel\u00e9fono m\u00f3vil u otro dispositivo. Permiten a la entidad que pone la cookie en su dispositivo reconocerlo en distintos sitios web, dispositivos y\/o sesiones de exploraci\u00f3n. Las cookies sirven para muchos prop\u00f3sitos \u00fatiles, entre otros para guardar sus preferencias personales, para brindarle una mejor experiencia de navegaci\u00f3n. Le recordamos que usted puede deshabilitar o ajustar el uso de cookies siguiendo los procedimientos del navegador de Internet que utiliza.<\/p>\n<p><strong>Limitaci\u00f3n del tratamiento y divulgaci\u00f3n de datos<\/strong><br \/>\n1. Cuando los Datos hayan dejado de ser necesarios para el cumplimiento de las finalidades previstas por este aviso de privacidad y las disposiciones legales aplicables, ser\u00e1n cancelados.<br \/>\n2. El tratamiento de sus Datos ser\u00e1 el que resulte necesario, adecuado y relevante en relaci\u00f3n con las finalidades previstas en este Aviso de Privacidad.<br \/>\n3. En todo momento \u201c<strong>TEKA<\/strong>\u201d como responsable acataremos los principios de protecci\u00f3n de Datos establecidos por la Ley y adopta las medidas necesarias para su tratamiento. Lo anterior aplica aun y cuando estos datos fueren tratados por un tercero a solicitud de \u201c<strong>TEKA<\/strong>\u201d.<br \/>\n4. El titular de los datos, en todo momento tendr\u00e1 el derecho a cancelar sus datos personales, por lo que en este caso se estar\u00e1 a lo siguiente:<br \/>\na) La cancelaci\u00f3n de datos personales dar\u00e1 lugar a un periodo de bloqueo tras el cual se proceder\u00e1 a la supresi\u00f3n del dato.<br \/>\nb) \u201cTEKA\u201d como responsable podremos conservarlos exclusivamente para efectos de las responsabilidades nacidas de su tratamiento.<br \/>\nc) El periodo de bloqueo ser\u00e1 equivalente al plazo de prescripci\u00f3n de las acciones derivadas de la relaci\u00f3n jur\u00eddica que funda el tratamiento en los t\u00e9rminos de la Ley aplicable en la materia.<br \/>\nd) Una vez cancelado el dato se avisar\u00e1 a su titular.<\/p>\n<p>Finalmente, y para el caso de que, los datos personales hubiesen sido transmitidos con anterioridad a la fecha de rectificaci\u00f3n o cancelaci\u00f3n por su titular y estos sigan siendo tratados por terceros, el responsable \u201cTEKA\u201d har\u00e1 de su conocimiento dicha solicitud de rectificaci\u00f3n o cancelaci\u00f3n, para que proceda a efectuarla tambi\u00e9n.<\/p>\n<p>Por otro lado, \u201cTEKA\u201d, como responsable no estamos obligados a cancelar los datos personales cuando de manera enunciativa:<br \/>\n1. Deban ser tratados por disposici\u00f3n legal.<br \/>\n2. Obstaculice actuaciones judiciales o administrativas vinculadas a obligaciones fiscales, la investigaci\u00f3n y persecuci\u00f3n de delitos o la actualizaci\u00f3n de sanciones administrativas.<br \/>\n3. Sean necesarios para proteger los intereses jur\u00eddicamente tutelados del titular.<br \/>\n4. Sean necesarios para realizar una acci\u00f3n en funci\u00f3n del inter\u00e9s p\u00fablico.<\/p>\n<p>As\u00ed mismo nos podremos negar al acceso a los datos personales, o a realizar la rectificaci\u00f3n o cancelaci\u00f3n o conceder la oposici\u00f3n al tratamiento de estos, en los siguientes supuestos:<br \/>\n1. Cuando el solicitante no sea el titular de los datos personales, o el representante legal no est\u00e9 debidamente acreditado para ello.<br \/>\n2. Cuando en su base de datos, no se encuentren los datos personales del solicitante.<br \/>\n3. Cuando exista un impedimento legal, o la resoluci\u00f3n de una autoridad competente, que restrinja el acceso a los datos personales, o no permita la rectificaci\u00f3n, cancelaci\u00f3n u oposici\u00f3n de estos.<\/p>\n<p><strong>\u00bfC\u00f3mo puede ejercer sus derechos ARCO y\/o revocar su consentimiento?<\/strong><br \/>\nUsted o su representante legal podr\u00e1 ejercer cualquiera de los derechos de acceso, rectificaci\u00f3n, cancelaci\u00f3n u oposici\u00f3n (en lo sucesivo \u201cderechos ARCO\u201d), as\u00ed como revocar su consentimiento para el tratamiento de sus datos personales enviando un correo electr\u00f3nico al Departamento de Protecci\u00f3n de Datos de \u201cTEKA\u201d, a la direcci\u00f3n electr\u00f3nica <a href=\"mailto:privacidad.tmx@teka.com.mx\">privacidad.tmx@teka.com.mx<\/a>. Su petici\u00f3n deber\u00e1 ser realizada a trav\u00e9s del Formato de Solicitud de Derechos ARCO, el cual debe ser solicitado a la direcci\u00f3n de correo electr\u00f3nico antes se\u00f1alada. Para que el Departamento de Protecci\u00f3n de Datos de \u201cTEKA\u201d pueda darle seguimiento a su solicitud, usted o su representante legal, deber\u00e1 acreditar correctamente su identidad para lo que es necesario que complete todos los campos indicados en el Formato y lo acompa\u00f1e con copia de alguna<br \/>\nde las identificaciones oficiales vigentes que se se\u00f1alan en el mismo. Para obtener mayor informaci\u00f3n sobre los procedimientos, requisitos y plazos para el ejercicio de sus Derechos ARCO y\/o revocaci\u00f3n del consentimiento contacte al Departamento de Protecci\u00f3n de Datos de \u201cTEKA\u201d.<\/p>\n<p><strong>\u00bfC\u00f3mo puede limitar el uso y\/o divulgaci\u00f3n de sus datos?<\/strong><br \/>\nUsted podr\u00e1 limitar el uso o divulgaci\u00f3n de sus datos personales enviando su solicitud a la direcci\u00f3n\u00a0<a href=\"mailto:privacidad.tmx@teka.com.mx\">privacidad.tmx@teka.com.mx<\/a>. En caso de que su solicitud sea procedente se le registrar\u00e1 en el listado de exclusi\u00f3n propio de \u201cTEKA\u201d y se limitar\u00e1 el uso o divulgaci\u00f3n de sus datos personales. Para m\u00e1s informaci\u00f3n favor de contactar al Departamento de Protecci\u00f3n de Datos de \u201cTEKA\u201d.<\/p>\n<p><strong>\u00bfC\u00f3mo le notificaremos de los cambios que efectuemos al presente\u00a0Aviso de Privacidad?<\/strong><br \/>\nEn atenci\u00f3n a derecho que poseen los titulares de acceder a sus datos personales que obren en poder del responsable, as\u00ed como conocer el Aviso de Privacidad al que est\u00e1 sujeto el tratamiento de estos.<\/p>\n<p>Se le informa que le notificaremos de cualquier cambio a nuestro aviso de privacidad a trav\u00e9s de nuestra p\u00e1gina de Internet <a href=\"https:\/\/www.teka.com\/es-mx\/\">https:\/\/www.teka.com\/es-mx\/<\/a> por lo cual le pedimos revise la misma de manera peri\u00f3dica.<\/p>\n<p><strong>\u00bfC\u00f3mo puede hacernos llegar sus dudas?<\/strong><br \/>\n\u201cTEKA\u201d, como responsable ponemos a su disposici\u00f3n nuestro Departamento de Protecci\u00f3n de Datos queda a sus \u00f3rdenes para darle tr\u00e1mite a las solicitudes de los titulares para el ejercicio de los derechos aplicables, as\u00ed como para proporcionarle cualquier informaci\u00f3n adicional que requiera o, en su caso, para resolver cualquier duda que pudiera surgirle en materia de privacidad y protecci\u00f3n de datos personales, para lo que podr\u00e1 contactarnos a trav\u00e9s del correo electr\u00f3nico <a href=\"mailto:privacidad.tmx@teka.com.mx\">privacidad.tmx@teka.com.mx<\/a><\/p>\n<p>\u00daltima actualizaci\u00f3n: 15\/Abril\/2020<\/p>\n","protected":false},"excerpt":{"rendered":"<p>TEKA MEXICANA, S.A. DE C.V. (en lo sucesivo \u201cTEKA\u201d) con domicilio en Boulevard Manuel \u00c1vila Camacho 126 Piso 3 Col. Lomas de Chapultepec III Secci\u00f3n, Alcald\u00eda Miguel Hidalgo C.P. 11000 Ciudad de M\u00e9xico, M\u00e9xico., ser\u00e1 quien act\u00fae como responsable en el tratamiento de los datos personales que nos proporcione el titular de estos, de conformidad [&hellip;]<\/p>\n","protected":false},"author":157,"featured_media":0,"parent":0,"menu_order":0,"comment_status":"closed","ping_status":"closed","template":"","meta":{"_acf_changed":false,"_et_pb_use_builder":"","_et_pb_old_content":"","_et_gb_content_width":"","footnotes":""},"class_list":["post-67870","page","type-page","status-publish","hentry"],"acf":[],"yoast_head":"<!-- This site is optimized with the Yoast SEO plugin v27.2 - https:\/\/yoast.com\/product\/yoast-seo-wordpress\/ -->\n<title>Aviso de privacidad | Teka M\u00e9xico<\/title>\n<meta name=\"robots\" content=\"index, follow, max-snippet:-1, max-image-preview:large, max-video-preview:-1\" \/>\n<link rel=\"canonical\" href=\"https:\/\/www.teka.com\/es-mx\/aviso-de-privacidad\/\" \/>\n<meta property=\"og:locale\" content=\"es_MX\" \/>\n<meta property=\"og:type\" content=\"article\" \/>\n<meta property=\"og:title\" content=\"Aviso de privacidad | Teka M\u00e9xico\" \/>\n<meta property=\"og:description\" content=\"TEKA MEXICANA, S.A. DE C.V. (en lo sucesivo \u201cTEKA\u201d) con domicilio en Boulevard Manuel \u00c1vila Camacho 126 Piso 3 Col. Lomas de Chapultepec III Secci\u00f3n, Alcald\u00eda Miguel Hidalgo C.P. 11000 Ciudad de M\u00e9xico, M\u00e9xico., ser\u00e1 quien act\u00fae como responsable en el tratamiento de los datos personales que nos proporcione el titular de estos, de conformidad [&hellip;]\" \/>\n<meta property=\"og:url\" content=\"https:\/\/www.teka.com\/es-mx\/aviso-de-privacidad\/\" \/>\n<meta property=\"og:site_name\" content=\"Teka M\u00e9xico\" \/>\n<meta property=\"article:modified_time\" content=\"2020-04-23T06:35:23+00:00\" \/>\n<meta name=\"twitter:card\" content=\"summary_large_image\" \/>\n<meta name=\"twitter:label1\" content=\"Tiempo de lectura\" \/>\n\t<meta name=\"twitter:data1\" content=\"11 minutos\" \/>\n<script type=\"application\/ld+json\" class=\"yoast-schema-graph\">{\"@context\":\"https:\/\/schema.org\",\"@graph\":[{\"@type\":\"WebPage\",\"@id\":\"https:\/\/www.teka.com\/es-mx\/aviso-de-privacidad\/\",\"url\":\"https:\/\/www.teka.com\/es-mx\/aviso-de-privacidad\/\",\"name\":\"Aviso de privacidad | Teka M\u00e9xico\",\"isPartOf\":{\"@id\":\"https:\/\/www.teka.com\/es-mx\/#website\"},\"datePublished\":\"2020-04-21T06:59:54+00:00\",\"dateModified\":\"2020-04-23T06:35:23+00:00\",\"inLanguage\":\"es\",\"potentialAction\":[{\"@type\":\"ReadAction\",\"target\":[\"https:\/\/www.teka.com\/es-mx\/aviso-de-privacidad\/\"]}]},{\"@type\":\"WebSite\",\"@id\":\"https:\/\/www.teka.com\/es-mx\/#website\",\"url\":\"https:\/\/www.teka.com\/es-mx\/\",\"name\":\"Teka M\u00e9xico\",\"description\":\"\",\"publisher\":{\"@id\":\"https:\/\/www.teka.com\/es-mx\/#organization\"},\"potentialAction\":[{\"@type\":\"SearchAction\",\"target\":{\"@type\":\"EntryPoint\",\"urlTemplate\":\"https:\/\/www.teka.com\/es-mx\/?s={search_term_string}\"},\"query-input\":{\"@type\":\"PropertyValueSpecification\",\"valueRequired\":true,\"valueName\":\"search_term_string\"}}],\"inLanguage\":\"es\"},{\"@type\":\"Organization\",\"@id\":\"https:\/\/www.teka.com\/es-mx\/#organization\",\"name\":\"Teka M\u00e9xico\",\"url\":\"https:\/\/www.teka.com\/es-mx\/\",\"logo\":{\"@type\":\"ImageObject\",\"inLanguage\":\"es\",\"@id\":\"https:\/\/www.teka.com\/es-mx\/#\/schema\/logo\/image\/\",\"url\":\"https:\/\/www.teka.com\/es-mx\/wp-content\/uploads\/sites\/11\/2024\/08\/Teka_100years_logo_red_greyscale_square_RGB-5.png\",\"contentUrl\":\"https:\/\/www.teka.com\/es-mx\/wp-content\/uploads\/sites\/11\/2024\/08\/Teka_100years_logo_red_greyscale_square_RGB-5.png\",\"width\":4042,\"height\":4042,\"caption\":\"Teka M\u00e9xico\"},\"image\":{\"@id\":\"https:\/\/www.teka.com\/es-mx\/#\/schema\/logo\/image\/\"}}]}<\/script>\n<!-- \/ Yoast SEO plugin. -->","yoast_head_json":{"title":"Aviso de privacidad | Teka M\u00e9xico","robots":{"index":"index","follow":"follow","max-snippet":"max-snippet:-1","max-image-preview":"max-image-preview:large","max-video-preview":"max-video-preview:-1"},"canonical":"https:\/\/www.teka.com\/es-mx\/aviso-de-privacidad\/","og_locale":"es_MX","og_type":"article","og_title":"Aviso de privacidad | Teka M\u00e9xico","og_description":"TEKA MEXICANA, S.A. DE C.V. (en lo sucesivo \u201cTEKA\u201d) con domicilio en Boulevard Manuel \u00c1vila Camacho 126 Piso 3 Col. Lomas de Chapultepec III Secci\u00f3n, Alcald\u00eda Miguel Hidalgo C.P. 11000 Ciudad de M\u00e9xico, M\u00e9xico., ser\u00e1 quien act\u00fae como responsable en el tratamiento de los datos personales que nos proporcione el titular de estos, de conformidad [&hellip;]","og_url":"https:\/\/www.teka.com\/es-mx\/aviso-de-privacidad\/","og_site_name":"Teka M\u00e9xico","article_modified_time":"2020-04-23T06:35:23+00:00","twitter_card":"summary_large_image","twitter_misc":{"Tiempo de lectura":"11 minutos"},"schema":{"@context":"https:\/\/schema.org","@graph":[{"@type":"WebPage","@id":"https:\/\/www.teka.com\/es-mx\/aviso-de-privacidad\/","url":"https:\/\/www.teka.com\/es-mx\/aviso-de-privacidad\/","name":"Aviso de privacidad | Teka M\u00e9xico","isPartOf":{"@id":"https:\/\/www.teka.com\/es-mx\/#website"},"datePublished":"2020-04-21T06:59:54+00:00","dateModified":"2020-04-23T06:35:23+00:00","inLanguage":"es","potentialAction":[{"@type":"ReadAction","target":["https:\/\/www.teka.com\/es-mx\/aviso-de-privacidad\/"]}]},{"@type":"WebSite","@id":"https:\/\/www.teka.com\/es-mx\/#website","url":"https:\/\/www.teka.com\/es-mx\/","name":"Teka M\u00e9xico","description":"","publisher":{"@id":"https:\/\/www.teka.com\/es-mx\/#organization"},"potentialAction":[{"@type":"SearchAction","target":{"@type":"EntryPoint","urlTemplate":"https:\/\/www.teka.com\/es-mx\/?s={search_term_string}"},"query-input":{"@type":"PropertyValueSpecification","valueRequired":true,"valueName":"search_term_string"}}],"inLanguage":"es"},{"@type":"Organization","@id":"https:\/\/www.teka.com\/es-mx\/#organization","name":"Teka M\u00e9xico","url":"https:\/\/www.teka.com\/es-mx\/","logo":{"@type":"ImageObject","inLanguage":"es","@id":"https:\/\/www.teka.com\/es-mx\/#\/schema\/logo\/image\/","url":"https:\/\/www.teka.com\/es-mx\/wp-content\/uploads\/sites\/11\/2024\/08\/Teka_100years_logo_red_greyscale_square_RGB-5.png","contentUrl":"https:\/\/www.teka.com\/es-mx\/wp-content\/uploads\/sites\/11\/2024\/08\/Teka_100years_logo_red_greyscale_square_RGB-5.png","width":4042,"height":4042,"caption":"Teka M\u00e9xico"},"image":{"@id":"https:\/\/www.teka.com\/es-mx\/#\/schema\/logo\/image\/"}}]}},"_links":{"self":[{"href":"https:\/\/www.teka.com\/es-mx\/wp-json\/wp\/v2\/pages\/67870","targetHints":{"allow":["GET"]}}],"collection":[{"href":"https:\/\/www.teka.com\/es-mx\/wp-json\/wp\/v2\/pages"}],"about":[{"href":"https:\/\/www.teka.com\/es-mx\/wp-json\/wp\/v2\/types\/page"}],"author":[{"embeddable":true,"href":"https:\/\/www.teka.com\/es-mx\/wp-json\/wp\/v2\/users\/157"}],"replies":[{"embeddable":true,"href":"https:\/\/www.teka.com\/es-mx\/wp-json\/wp\/v2\/comments?post=67870"}],"version-history":[{"count":9,"href":"https:\/\/www.teka.com\/es-mx\/wp-json\/wp\/v2\/pages\/67870\/revisions"}],"predecessor-version":[{"id":73018,"href":"https:\/\/www.teka.com\/es-mx\/wp-json\/wp\/v2\/pages\/67870\/revisions\/73018"}],"wp:attachment":[{"href":"https:\/\/www.teka.com\/es-mx\/wp-json\/wp\/v2\/media?parent=67870"}],"curies":[{"name":"wp","href":"https:\/\/api.w.org\/{rel}","templated":true}]}}