{"id":71581,"date":"2022-04-05T21:41:20","date_gmt":"2022-04-05T19:41:20","guid":{"rendered":"https:\/\/www.teka.com\/es-mx\/?page_id=71581"},"modified":"2022-11-25T21:44:16","modified_gmt":"2022-11-25T20:44:16","slug":"recetario-thekingofyourkitchen","status":"publish","type":"page","link":"https:\/\/www.teka.com\/es-mx\/recetario-thekingofyourkitchen\/","title":{"rendered":"Recetario TKOYK"},"content":{"rendered":"<p>[et_pb_section fb_built=&#8221;1&#8243; admin_label=&#8221;section&#8221; _builder_version=&#8221;4.9.2&#8243; background_image=&#8221;https:\/\/www.teka.com\/es-mx\/wp-content\/uploads\/sites\/11\/2022\/04\/back-recetas-KOYK_cmyk.png&#8221;][et_pb_row column_structure=&#8221;1_2,1_2&#8243; admin_label=&#8221;row&#8221; _builder_version=&#8221;4.9.2&#8243; background_size=&#8221;initial&#8221; background_position=&#8221;top_left&#8221; background_repeat=&#8221;repeat&#8221;][et_pb_column type=&#8221;1_2&#8243; _builder_version=&#8221;3.25&#8243; custom_padding=&#8221;|||&#8221; custom_padding__hover=&#8221;|||&#8221;][et_pb_image src=&#8221;https:\/\/www.teka.com\/es-mx\/wp-content\/uploads\/sites\/11\/2022\/04\/Mock-up-recetario-KOYK.png&#8221; title_text=&#8221;Mock-up-recetario-KOYK&#8221; align=&#8221;center&#8221; _builder_version=&#8221;4.9.2&#8243; _module_preset=&#8221;default&#8221;][\/et_pb_image][et_pb_button button_url=&#8221;https:\/\/www.teka.com\/es-mx\/wp-content\/uploads\/sites\/11\/2022\/04\/Recetario-El-Rey-de-tu-cocina_.pdf&#8221; url_new_window=&#8221;on&#8221; button_text=&#8221;Descargar &#8221; button_alignment=&#8221;center&#8221; _builder_version=&#8221;4.9.2&#8243; _module_preset=&#8221;default&#8221; custom_button=&#8221;on&#8221; button_text_color=&#8221;#FFFFFF&#8221; button_bg_color=&#8221;#000000&#8243; button_text_shadow_style=&#8221;preset1&#8243;][\/et_pb_button][\/et_pb_column][et_pb_column type=&#8221;1_2&#8243; _builder_version=&#8221;3.25&#8243; custom_padding=&#8221;|||&#8221; custom_padding__hover=&#8221;|||&#8221;][et_pb_image src=&#8221;https:\/\/www.teka.com\/es-mx\/wp-content\/uploads\/sites\/11\/2022\/04\/Titulo-recetario-koyk_.png&#8221; title_text=&#8221;Titulo&#8221; align=&#8221;center&#8221; _builder_version=&#8221;4.9.2&#8243; _module_preset=&#8221;default&#8221; width=&#8221;80%&#8221;][\/et_pb_image][et_pb_text _builder_version=&#8221;4.9.2&#8243; _module_preset=&#8221;default&#8221; text_font_size=&#8221;15px&#8221; background_layout=&#8221;dark&#8221; module_alignment=&#8221;left&#8221; module_alignment_tablet=&#8221;&#8221; module_alignment_phone=&#8221;&#8221; module_alignment_last_edited=&#8221;on|desktop&#8221;]<\/p>\n<p>Todas las recetas dignas de un Rey, disponibles para ti. Descarga nuestro recetario y convi\u00e9rtete en el Rey de tu cocina con el Horno SteakMaster de Teka. Con esta innovaci\u00f3n, Teka quiere satisfacer los paladares m\u00e1s exigentes con un horno pensado especialmente para ellos. Adem\u00e1s de preparar cortes, tambi\u00e9n podr\u00e1s disfrutar todo lo que hace un horno de \u00faltima generaci\u00f3n.<\/p>\n<p>Queremos hacerte parte de este momento significativo, por ello hemos creado este recetario interactivo en donde iras de la mano con el rey de la selva, un le\u00f3n, que entre m\u00e1s lo conozcas ver\u00e1s su lado m\u00e1s salvaje y carism\u00e1tico.<\/p>\n<p style=\"text-align: right;\">\u00a1Ahora a disfrutar!<\/p>\n<p>[\/et_pb_text][\/et_pb_column][\/et_pb_row][\/et_pb_section]<\/p>\n","protected":false},"excerpt":{"rendered":"<p>Todas las recetas dignas de un Rey, disponibles para ti. Descarga nuestro recetario y convi\u00e9rtete en el Rey de tu cocina con el Horno SteakMaster de Teka. Con esta innovaci\u00f3n, Teka quiere satisfacer los paladares m\u00e1s exigentes con un horno pensado especialmente para ellos. Adem\u00e1s de preparar cortes, tambi\u00e9n podr\u00e1s disfrutar todo lo que hace [&hellip;]<\/p>\n","protected":false},"author":91,"featured_media":0,"parent":0,"menu_order":0,"comment_status":"closed","ping_status":"closed","template":"","meta":{"_acf_changed":false,"_et_pb_use_builder":"on","_et_pb_old_content":"","_et_gb_content_width":"","footnotes":""},"class_list":["post-71581","page","type-page","status-publish","hentry"],"acf":[],"yoast_head":"<!-- This site is optimized with the Yoast SEO plugin v27.2 - https:\/\/yoast.com\/product\/yoast-seo-wordpress\/ -->\n<title>Recetario TKOYK | Teka M\u00e9xico<\/title>\n<meta name=\"robots\" content=\"index, follow, max-snippet:-1, max-image-preview:large, max-video-preview:-1\" \/>\n<link rel=\"canonical\" href=\"https:\/\/www.teka.com\/es-mx\/recetario-thekingofyourkitchen\/\" \/>\n<meta property=\"og:locale\" content=\"es_MX\" \/>\n<meta property=\"og:type\" content=\"article\" \/>\n<meta property=\"og:title\" content=\"Recetario TKOYK | Teka M\u00e9xico\" \/>\n<meta property=\"og:description\" content=\"Todas las recetas dignas de un Rey, disponibles para ti. Descarga nuestro recetario y convi\u00e9rtete en el Rey de tu cocina con el Horno SteakMaster de Teka. Con esta innovaci\u00f3n, Teka quiere satisfacer los paladares m\u00e1s exigentes con un horno pensado especialmente para ellos. Adem\u00e1s de preparar cortes, tambi\u00e9n podr\u00e1s disfrutar todo lo que hace [&hellip;]\" \/>\n<meta property=\"og:url\" content=\"https:\/\/www.teka.com\/es-mx\/recetario-thekingofyourkitchen\/\" \/>\n<meta property=\"og:site_name\" content=\"Teka M\u00e9xico\" \/>\n<meta property=\"article:modified_time\" content=\"2022-11-25T20:44:16+00:00\" \/>\n<meta name=\"twitter:card\" content=\"summary_large_image\" \/>\n<meta name=\"twitter:label1\" content=\"Tiempo de lectura\" \/>\n\t<meta name=\"twitter:data1\" content=\"1 minuto\" \/>\n<script type=\"application\/ld+json\" class=\"yoast-schema-graph\">{\"@context\":\"https:\/\/schema.org\",\"@graph\":[{\"@type\":\"WebPage\",\"@id\":\"https:\/\/www.teka.com\/es-mx\/recetario-thekingofyourkitchen\/\",\"url\":\"https:\/\/www.teka.com\/es-mx\/recetario-thekingofyourkitchen\/\",\"name\":\"Recetario TKOYK | Teka M\u00e9xico\",\"isPartOf\":{\"@id\":\"https:\/\/www.teka.com\/es-mx\/#website\"},\"datePublished\":\"2022-04-05T19:41:20+00:00\",\"dateModified\":\"2022-11-25T20:44:16+00:00\",\"inLanguage\":\"es\",\"potentialAction\":[{\"@type\":\"ReadAction\",\"target\":[\"https:\/\/www.teka.com\/es-mx\/recetario-thekingofyourkitchen\/\"]}]},{\"@type\":\"WebSite\",\"@id\":\"https:\/\/www.teka.com\/es-mx\/#website\",\"url\":\"https:\/\/www.teka.com\/es-mx\/\",\"name\":\"Teka M\u00e9xico\",\"description\":\"\",\"publisher\":{\"@id\":\"https:\/\/www.teka.com\/es-mx\/#organization\"},\"potentialAction\":[{\"@type\":\"SearchAction\",\"target\":{\"@type\":\"EntryPoint\",\"urlTemplate\":\"https:\/\/www.teka.com\/es-mx\/?s={search_term_string}\"},\"query-input\":{\"@type\":\"PropertyValueSpecification\",\"valueRequired\":true,\"valueName\":\"search_term_string\"}}],\"inLanguage\":\"es\"},{\"@type\":\"Organization\",\"@id\":\"https:\/\/www.teka.com\/es-mx\/#organization\",\"name\":\"Teka M\u00e9xico\",\"url\":\"https:\/\/www.teka.com\/es-mx\/\",\"logo\":{\"@type\":\"ImageObject\",\"inLanguage\":\"es\",\"@id\":\"https:\/\/www.teka.com\/es-mx\/#\/schema\/logo\/image\/\",\"url\":\"https:\/\/www.teka.com\/es-mx\/wp-content\/uploads\/sites\/11\/2024\/08\/Teka_100years_logo_red_greyscale_square_RGB-5.png\",\"contentUrl\":\"https:\/\/www.teka.com\/es-mx\/wp-content\/uploads\/sites\/11\/2024\/08\/Teka_100years_logo_red_greyscale_square_RGB-5.png\",\"width\":4042,\"height\":4042,\"caption\":\"Teka M\u00e9xico\"},\"image\":{\"@id\":\"https:\/\/www.teka.com\/es-mx\/#\/schema\/logo\/image\/\"}}]}<\/script>\n<!-- \/ Yoast SEO plugin. -->","yoast_head_json":{"title":"Recetario TKOYK | Teka M\u00e9xico","robots":{"index":"index","follow":"follow","max-snippet":"max-snippet:-1","max-image-preview":"max-image-preview:large","max-video-preview":"max-video-preview:-1"},"canonical":"https:\/\/www.teka.com\/es-mx\/recetario-thekingofyourkitchen\/","og_locale":"es_MX","og_type":"article","og_title":"Recetario TKOYK | Teka M\u00e9xico","og_description":"Todas las recetas dignas de un Rey, disponibles para ti. Descarga nuestro recetario y convi\u00e9rtete en el Rey de tu cocina con el Horno SteakMaster de Teka. Con esta innovaci\u00f3n, Teka quiere satisfacer los paladares m\u00e1s exigentes con un horno pensado especialmente para ellos. Adem\u00e1s de preparar cortes, tambi\u00e9n podr\u00e1s disfrutar todo lo que hace [&hellip;]","og_url":"https:\/\/www.teka.com\/es-mx\/recetario-thekingofyourkitchen\/","og_site_name":"Teka M\u00e9xico","article_modified_time":"2022-11-25T20:44:16+00:00","twitter_card":"summary_large_image","twitter_misc":{"Tiempo de lectura":"1 minuto"},"schema":{"@context":"https:\/\/schema.org","@graph":[{"@type":"WebPage","@id":"https:\/\/www.teka.com\/es-mx\/recetario-thekingofyourkitchen\/","url":"https:\/\/www.teka.com\/es-mx\/recetario-thekingofyourkitchen\/","name":"Recetario TKOYK | Teka M\u00e9xico","isPartOf":{"@id":"https:\/\/www.teka.com\/es-mx\/#website"},"datePublished":"2022-04-05T19:41:20+00:00","dateModified":"2022-11-25T20:44:16+00:00","inLanguage":"es","potentialAction":[{"@type":"ReadAction","target":["https:\/\/www.teka.com\/es-mx\/recetario-thekingofyourkitchen\/"]}]},{"@type":"WebSite","@id":"https:\/\/www.teka.com\/es-mx\/#website","url":"https:\/\/www.teka.com\/es-mx\/","name":"Teka M\u00e9xico","description":"","publisher":{"@id":"https:\/\/www.teka.com\/es-mx\/#organization"},"potentialAction":[{"@type":"SearchAction","target":{"@type":"EntryPoint","urlTemplate":"https:\/\/www.teka.com\/es-mx\/?s={search_term_string}"},"query-input":{"@type":"PropertyValueSpecification","valueRequired":true,"valueName":"search_term_string"}}],"inLanguage":"es"},{"@type":"Organization","@id":"https:\/\/www.teka.com\/es-mx\/#organization","name":"Teka M\u00e9xico","url":"https:\/\/www.teka.com\/es-mx\/","logo":{"@type":"ImageObject","inLanguage":"es","@id":"https:\/\/www.teka.com\/es-mx\/#\/schema\/logo\/image\/","url":"https:\/\/www.teka.com\/es-mx\/wp-content\/uploads\/sites\/11\/2024\/08\/Teka_100years_logo_red_greyscale_square_RGB-5.png","contentUrl":"https:\/\/www.teka.com\/es-mx\/wp-content\/uploads\/sites\/11\/2024\/08\/Teka_100years_logo_red_greyscale_square_RGB-5.png","width":4042,"height":4042,"caption":"Teka M\u00e9xico"},"image":{"@id":"https:\/\/www.teka.com\/es-mx\/#\/schema\/logo\/image\/"}}]}},"_links":{"self":[{"href":"https:\/\/www.teka.com\/es-mx\/wp-json\/wp\/v2\/pages\/71581","targetHints":{"allow":["GET"]}}],"collection":[{"href":"https:\/\/www.teka.com\/es-mx\/wp-json\/wp\/v2\/pages"}],"about":[{"href":"https:\/\/www.teka.com\/es-mx\/wp-json\/wp\/v2\/types\/page"}],"author":[{"embeddable":true,"href":"https:\/\/www.teka.com\/es-mx\/wp-json\/wp\/v2\/users\/91"}],"replies":[{"embeddable":true,"href":"https:\/\/www.teka.com\/es-mx\/wp-json\/wp\/v2\/comments?post=71581"}],"version-history":[{"count":31,"href":"https:\/\/www.teka.com\/es-mx\/wp-json\/wp\/v2\/pages\/71581\/revisions"}],"predecessor-version":[{"id":72245,"href":"https:\/\/www.teka.com\/es-mx\/wp-json\/wp\/v2\/pages\/71581\/revisions\/72245"}],"wp:attachment":[{"href":"https:\/\/www.teka.com\/es-mx\/wp-json\/wp\/v2\/media?parent=71581"}],"curies":[{"name":"wp","href":"https:\/\/api.w.org\/{rel}","templated":true}]}}