{"id":72239,"date":"2022-11-25T22:13:42","date_gmt":"2022-11-25T21:13:42","guid":{"rendered":"https:\/\/www.teka.com\/es-mx\/?page_id=72239"},"modified":"2023-05-16T01:05:52","modified_gmt":"2023-05-15T23:05:52","slug":"recetario-conelcorazondemama","status":"publish","type":"page","link":"https:\/\/www.teka.com\/es-mx\/recetario-conelcorazondemama\/","title":{"rendered":"Recetario Con el coraz\u00f3n de mam\u00e1"},"content":{"rendered":"<p>[et_pb_section fb_built=&#8221;1&#8243; admin_label=&#8221;section&#8221; _builder_version=&#8221;4.9.2&#8243; background_enable_color=&#8221;off&#8221; background_image=&#8221;https:\/\/www.teka.com\/es-mx\/wp-content\/uploads\/sites\/11\/2023\/04\/Banners-web-teka-mothers.png&#8221; locked=&#8221;off&#8221;][et_pb_row column_structure=&#8221;1_2,1_2&#8243; admin_label=&#8221;row&#8221; _builder_version=&#8221;4.9.2&#8243; background_enable_color=&#8221;off&#8221; background_size=&#8221;initial&#8221; background_position=&#8221;top_left&#8221; background_repeat=&#8221;repeat&#8221;][et_pb_column type=&#8221;1_2&#8243; _builder_version=&#8221;4.9.2&#8243; background_color=&#8221;RGBA(0,0,0,0)&#8221; custom_padding=&#8221;|||&#8221; custom_padding__hover=&#8221;|||&#8221;][et_pb_image src=&#8221;https:\/\/www.teka.com\/es-mx\/wp-content\/uploads\/sites\/11\/2023\/03\/Recetario.png&#8221; title_text=&#8221;Recetario&#8221; align=&#8221;center&#8221; _builder_version=&#8221;4.9.2&#8243; _module_preset=&#8221;default&#8221; background_enable_color=&#8221;off&#8221;][\/et_pb_image][et_pb_text _builder_version=&#8221;4.9.2&#8243; _module_preset=&#8221;default&#8221; text_font_size=&#8221;15px&#8221; background_layout=&#8221;dark&#8221; module_alignment=&#8221;left&#8221; module_alignment_tablet=&#8221;&#8221; module_alignment_phone=&#8221;&#8221; module_alignment_last_edited=&#8221;on|desktop&#8221; locked=&#8221;off&#8221;]<\/p>\n<p style=\"text-align: center;\"><strong><span style=\"color: #ffffff;\">Recetario Edici\u00f3n Limitada<\/span><\/strong><\/p>\n<p style=\"text-align: center;\"><span style=\"color: #ffffff;\">Teka quiere formar parte de tu vida y de tu cocina.<\/span><br \/><span style=\"color: #ffffff;\">Descarga nuestro recetario donde adem\u00e1s de encontrar las mejores recetas, encontrar\u00e1s una rutina de yoga para disfrutar desde la comodidad de tu casa. No pierdas la oportunidad de consentir a mam\u00e1 en esta temporada.<\/span><\/p>\n<p style=\"text-align: center;\"><span style=\"color: #ffffff;\">\u00a1Descarga ahora y disfruta!<\/span><\/p>\n<p>[\/et_pb_text][et_pb_button button_url=&#8221;https:\/\/www.teka.com\/es-mx\/wp-content\/uploads\/sites\/11\/2023\/03\/Recetario-Mothers-2023.pdf&#8221; url_new_window=&#8221;on&#8221; button_text=&#8221;Descargar Recetario&#8221; button_alignment=&#8221;center&#8221; _builder_version=&#8221;4.9.2&#8243; _module_preset=&#8221;default&#8221; custom_button=&#8221;on&#8221; button_text_size=&#8221;15px&#8221; button_text_color=&#8221;#FFFFFF&#8221; button_bg_color=&#8221;#e74e88&#8243; button_text_shadow_style=&#8221;preset1&#8243;][\/et_pb_button][\/et_pb_column][et_pb_column type=&#8221;1_2&#8243; _builder_version=&#8221;4.9.2&#8243; background_color=&#8221;RGBA(0,0,0,0)&#8221; custom_padding=&#8221;|||&#8221; custom_padding__hover=&#8221;|||&#8221;][et_pb_image src=&#8221;https:\/\/www.teka.com\/es-mx\/wp-content\/uploads\/sites\/11\/2023\/04\/CON-EL-CORAZON-DE-MAMA-300&#215;64.png&#8221; title_text=&#8221;CON EL CORAZO\u0301N DE MAMA\u0301&#8221; align=&#8221;center&#8221; _builder_version=&#8221;4.9.2&#8243; _module_preset=&#8221;default&#8221;][\/et_pb_image][et_pb_text _builder_version=&#8221;4.9.2&#8243; _module_preset=&#8221;default&#8221; text_font_size=&#8221;15px&#8221; background_layout=&#8221;dark&#8221; module_alignment=&#8221;left&#8221; module_alignment_tablet=&#8221;&#8221; module_alignment_phone=&#8221;&#8221; module_alignment_last_edited=&#8221;on|desktop&#8221;]<\/p>\n<h6 class=\"x_elementToProof\" style=\"text-align: center;\"><span style=\"color: #ffffff;\"><strong>\u00bfQuieres m\u00e1s oportunidades para<br \/>consentir a mam\u00e1 en esta temporada?<\/strong><\/span><\/h6>\n<h2>\u00a0<\/h2>\n<h3 class=\"x_elementToProof\" style=\"text-align: center;\"><span style=\"color: #e74e88;\">Participa en nuestro giveaway en redes sociales<br \/>y convi\u00e9rtete en uno de los<b> 5 afortunados ganadores.<\/b><\/span><\/h3>\n<div class=\"x_elementToProof\" style=\"text-align: center;\">Teka tiene preparados los mejores premios para que mam\u00e1 disfrute al m\u00e1ximo.<br \/>Descarga los t\u00e9rminos y condiciones y no pierdas la oportunidad de hacerla sentir especial.<\/div>\n<div style=\"text-align: center;\">\u00a0<\/div>\n<div class=\"x_elementToProof\" style=\"text-align: center;\">\u00a1Participa del 21 de abril al 14 de mayo!<\/div>\n<p>[\/et_pb_text][et_pb_button button_url=&#8221;https:\/\/www.teka.com\/es-mx\/wp-content\/uploads\/sites\/11\/2023\/04\/Terminos-y-condiciones-del-Giveaway-1.pdf&#8221; url_new_window=&#8221;on&#8221; button_text=&#8221;T\u00e9rminos y Condiciones&#8221; button_alignment=&#8221;center&#8221; _builder_version=&#8221;4.9.2&#8243; _module_preset=&#8221;default&#8221; custom_button=&#8221;on&#8221; button_text_size=&#8221;15px&#8221; button_text_color=&#8221;#FFFFFF&#8221; button_bg_color=&#8221;#000000&#8243;][\/et_pb_button][et_pb_image src=&#8221;https:\/\/www.teka.com\/es-mx\/wp-content\/uploads\/sites\/11\/2023\/04\/corazon.png&#8221; title_text=&#8221;corazo\u0301n&#8221; align=&#8221;center&#8221; _builder_version=&#8221;4.9.2&#8243; _module_preset=&#8221;default&#8221;][\/et_pb_image][\/et_pb_column][\/et_pb_row][\/et_pb_section][et_pb_section fb_built=&#8221;1&#8243; _builder_version=&#8221;4.9.2&#8243; _module_preset=&#8221;default&#8221;][et_pb_row _builder_version=&#8221;4.9.2&#8243; _module_preset=&#8221;default&#8221;][et_pb_column type=&#8221;4_4&#8243; _builder_version=&#8221;4.9.2&#8243; _module_preset=&#8221;default&#8221;][et_pb_image src=&#8221;https:\/\/www.teka.com\/es-mx\/wp-content\/uploads\/sites\/11\/2023\/05\/Banner-ganadores.png&#8221; title_text=&#8221;Ganadores mobile&#8221; align=&#8221;center&#8221; force_fullwidth=&#8221;on&#8221; src_last_edited=&#8221;on|phone&#8221; _builder_version=&#8221;4.9.2&#8243; _module_preset=&#8221;default&#8221; background_enable_image=&#8221;off&#8221; background_size=&#8221;initial&#8221; hover_enabled=&#8221;0&#8243; sticky_enabled=&#8221;0&#8243; src_phone=&#8221;https:\/\/www.teka.com\/es-mx\/wp-content\/uploads\/sites\/11\/2023\/05\/Ganadores-mobile.png&#8221;][\/et_pb_image][\/et_pb_column][\/et_pb_row][\/et_pb_section][et_pb_section fb_built=&#8221;1&#8243; module_id=&#8221;home-featured-products&#8221; _builder_version=&#8221;3.22&#8243; locked=&#8221;off&#8221;][et_pb_row _builder_version=&#8221;4.9.2&#8243; _module_preset=&#8221;default&#8221;][et_pb_column type=&#8221;4_4&#8243; _builder_version=&#8221;4.9.2&#8243; _module_preset=&#8221;default&#8221;][et_pb_text _builder_version=&#8221;4.9.2&#8243;]<\/p>\n<h2 class=\"home_featured\">Suscr\u00edbete a <strong>nuestro newsletter<\/strong><\/h2>\n<p>[\/et_pb_text][et_pb_code _builder_version=&#8221;4.9.2&#8243; _module_preset=&#8221;default&#8221;]\n\t\t\t<form id=\"sib_signup_form_3\" method=\"post\" class=\"sib_signup_form\">\n\t\t\t\t<div class=\"sib_loader\" style=\"display:none;\"><img\n\t\t\t\t\t\t\tsrc=\"https:\/\/www.teka.com\/es-mx\/wp-includes\/images\/spinner.gif\" alt=\"loader\"><\/div>\n\t\t\t\t<input type=\"hidden\" name=\"sib_form_action\" value=\"subscribe_form_submit\">\n\t\t\t\t<input type=\"hidden\" name=\"sib_form_id\" value=\"3\">\n                <input type=\"hidden\" name=\"sib_form_alert_notice\" value=\"Por favor, rellena este campo\">\n                <input type=\"hidden\" name=\"sib_form_invalid_email_notice\" value=\"Inserta un correo electr\u00f3nico v\u00e1lido\">\n                <input type=\"hidden\" name=\"sib_security\" value=\"fcba86ffd9\">\n\t\t\t\t<div class=\"sib_signup_box_inside_3\">\n\t\t\t\t\t<div style=\"\/*display:none*\/\" class=\"sib_msg_disp\">\n\t\t\t\t\t<\/div>\n                    \t\t\t\t\t<p class=\"sib-email-area\">\r\n    Correo Electr\u00f3nico*\r\n    <input type=\"email\" class=\"sib-email-area\" name=\"email\" required=\"required\">\r\n<\/p>\r\n<p class=\"sib-NAME-area\">\r\n    Nombre\r\n    <input type=\"text\" class=\"sib-NAME-area\" name=\"NAME\">\r\n<\/p>\r\n<input type=\"checkbox\" name=\"terms\" required=\"required\">Acepto el <a href=\"https:\/\/cms.teka.com\/es-mx\/aviso-de-privacidad\/\">aviso de privacidad<\/a>\r\n<p>\r\n    <input type=\"submit\" class=\"sib-default-btn\" value=\"Suscr\u00edbete\">\r\n<\/p>\r\n \t\t\t\t<\/div>\n\t\t\t<\/form>\n\t\t\t<style>\n\t\t\t\tform#sib_signup_form_3 p.sib-alert-message {\n    padding: 6px 12px;\n    margin-bottom: 20px;\n    border: 1px solid transparent;\n    border-radius: 4px;\n    -webkit-box-sizing: border-box;\n    -moz-box-sizing: border-box;\n    box-sizing: border-box;\n}\nform#sib_signup_form_3 p.sib-alert-message-error {\n    background-color: #f2dede;\n    border-color: #ebccd1;\n    color: #a94442;\n}\nform#sib_signup_form_3 p.sib-alert-message-success {\n    background-color: #dff0d8;\n    border-color: #d6e9c6;\n    color: #3c763d;\n}\nform#sib_signup_form_3 p.sib-alert-message-warning {\n    background-color: #fcf8e3;\n    border-color: #faebcc;\n    color: #8a6d3b;\n}\n\t\t\t<\/style>\n\t\t\t[\/et_pb_code][\/et_pb_column][\/et_pb_row][et_pb_row _builder_version=&#8221;3.25&#8243; background_size=&#8221;initial&#8221; background_position=&#8221;top_left&#8221; background_repeat=&#8221;repeat&#8221;][et_pb_column type=&#8221;4_4&#8243; _builder_version=&#8221;3.25&#8243; custom_padding=&#8221;|||&#8221; custom_padding__hover=&#8221;|||&#8221;][et_pb_text admin_label=&#8221;Title: Featured Products&#8221; _builder_version=&#8221;4.9.2&#8243;]<\/p>\n<h2 class=\"home_featured\">Los mejores productos <strong>para consentir a mam\u00e1<\/strong><\/h2>\n<p>[\/et_pb_text][et_pb_products fullwidth=&#8221;off&#8221; posts_number=&#8221;12&#8243; references=&#8221; 111000070, 111000046, 112570128, 114260015, 113430015, 40682102, 115000046&#8243; show_pagination=&#8221;off&#8221; show_compare=&#8221;off&#8221; admin_label=&#8221;Featured products&#8221; module_class=&#8221;product-slider&#8221; _builder_version=&#8221;4.9.2&#8243; title_font_size_tablet=&#8221;51&#8243; title_line_height_tablet=&#8221;2&#8243; caption_font_size_tablet=&#8221;51&#8243; caption_line_height_tablet=&#8221;2&#8243; pagination_font_size_tablet=&#8221;51&#8243; pagination_line_height_tablet=&#8221;2&#8243;][\/et_pb_products][\/et_pb_column][\/et_pb_row][\/et_pb_section]<\/p>\n","protected":false},"excerpt":{"rendered":"<p>Recetario Edici\u00f3n Limitada Teka quiere formar parte de tu vida y de tu cocina.Descarga nuestro recetario donde adem\u00e1s de encontrar las mejores recetas, encontrar\u00e1s una rutina de yoga para disfrutar desde la comodidad de tu casa. No pierdas la oportunidad de consentir a mam\u00e1 en esta temporada. \u00a1Descarga ahora y disfruta!\u00bfQuieres m\u00e1s oportunidades paraconsentir a [&hellip;]<\/p>\n","protected":false},"author":91,"featured_media":0,"parent":0,"menu_order":0,"comment_status":"closed","ping_status":"closed","template":"","meta":{"_acf_changed":false,"_et_pb_use_builder":"on","_et_pb_old_content":"","_et_gb_content_width":"","footnotes":""},"class_list":["post-72239","page","type-page","status-publish","hentry"],"acf":[],"yoast_head":"<!-- This site is optimized with the Yoast SEO plugin v27.5 - https:\/\/yoast.com\/product\/yoast-seo-wordpress\/ -->\n<title>Recetario Con el coraz\u00f3n de mam\u00e1 | Teka M\u00e9xico<\/title>\n<meta name=\"description\" content=\"Teka quiere formar parte de tu vida y de tu cocina. Descarga nuestro recetario donde adem\u00e1s de encontrar las mejores recetas, encontrar\u00e1s una rutina de yoga para disfrutar desde la comodidad de tu casa. No pierdas la oportunidad de consentir a mam\u00e1 en esta temporada.\" \/>\n<meta name=\"robots\" content=\"index, follow, max-snippet:-1, max-image-preview:large, max-video-preview:-1\" \/>\n<link rel=\"canonical\" href=\"https:\/\/www.teka.com\/es-mx\/recetario-conelcorazondemama\/\" \/>\n<meta property=\"og:locale\" content=\"es_MX\" \/>\n<meta property=\"og:type\" content=\"article\" \/>\n<meta property=\"og:title\" content=\"Recetario Con el coraz\u00f3n de mam\u00e1 | Teka M\u00e9xico\" \/>\n<meta property=\"og:description\" content=\"Teka quiere formar parte de tu vida y de tu cocina. Descarga nuestro recetario donde adem\u00e1s de encontrar las mejores recetas, encontrar\u00e1s una rutina de yoga para disfrutar desde la comodidad de tu casa. No pierdas la oportunidad de consentir a mam\u00e1 en esta temporada.\" \/>\n<meta property=\"og:url\" content=\"https:\/\/www.teka.com\/es-mx\/recetario-conelcorazondemama\/\" \/>\n<meta property=\"og:site_name\" content=\"Teka M\u00e9xico\" \/>\n<meta property=\"article:modified_time\" content=\"2023-05-15T23:05:52+00:00\" \/>\n<meta name=\"twitter:card\" content=\"summary_large_image\" \/>\n<meta name=\"twitter:label1\" content=\"Tiempo de lectura\" \/>\n\t<meta name=\"twitter:data1\" content=\"2 minutos\" \/>\n<script type=\"application\/ld+json\" class=\"yoast-schema-graph\">{\"@context\":\"https:\\\/\\\/schema.org\",\"@graph\":[{\"@type\":\"WebPage\",\"@id\":\"https:\\\/\\\/www.teka.com\\\/es-mx\\\/recetario-conelcorazondemama\\\/\",\"url\":\"https:\\\/\\\/www.teka.com\\\/es-mx\\\/recetario-conelcorazondemama\\\/\",\"name\":\"Recetario Con el coraz\u00f3n de mam\u00e1 | Teka M\u00e9xico\",\"isPartOf\":{\"@id\":\"https:\\\/\\\/www.teka.com\\\/es-mx\\\/#website\"},\"datePublished\":\"2022-11-25T21:13:42+00:00\",\"dateModified\":\"2023-05-15T23:05:52+00:00\",\"description\":\"Teka quiere formar parte de tu vida y de tu cocina. Descarga nuestro recetario donde adem\u00e1s de encontrar las mejores recetas, encontrar\u00e1s una rutina de yoga para disfrutar desde la comodidad de tu casa. No pierdas la oportunidad de consentir a mam\u00e1 en esta temporada.\",\"inLanguage\":\"es\",\"potentialAction\":[{\"@type\":\"ReadAction\",\"target\":[\"https:\\\/\\\/www.teka.com\\\/es-mx\\\/recetario-conelcorazondemama\\\/\"]}]},{\"@type\":\"WebSite\",\"@id\":\"https:\\\/\\\/www.teka.com\\\/es-mx\\\/#website\",\"url\":\"https:\\\/\\\/www.teka.com\\\/es-mx\\\/\",\"name\":\"Teka M\u00e9xico\",\"description\":\"\",\"publisher\":{\"@id\":\"https:\\\/\\\/www.teka.com\\\/es-mx\\\/#organization\"},\"potentialAction\":[{\"@type\":\"SearchAction\",\"target\":{\"@type\":\"EntryPoint\",\"urlTemplate\":\"https:\\\/\\\/www.teka.com\\\/es-mx\\\/?s={search_term_string}\"},\"query-input\":{\"@type\":\"PropertyValueSpecification\",\"valueRequired\":true,\"valueName\":\"search_term_string\"}}],\"inLanguage\":\"es\"},{\"@type\":\"Organization\",\"@id\":\"https:\\\/\\\/www.teka.com\\\/es-mx\\\/#organization\",\"name\":\"Teka M\u00e9xico\",\"url\":\"https:\\\/\\\/www.teka.com\\\/es-mx\\\/\",\"logo\":{\"@type\":\"ImageObject\",\"inLanguage\":\"es\",\"@id\":\"https:\\\/\\\/www.teka.com\\\/es-mx\\\/#\\\/schema\\\/logo\\\/image\\\/\",\"url\":\"https:\\\/\\\/www.teka.com\\\/es-mx\\\/wp-content\\\/uploads\\\/sites\\\/11\\\/2024\\\/08\\\/Teka_100years_logo_red_greyscale_square_RGB-5.png\",\"contentUrl\":\"https:\\\/\\\/www.teka.com\\\/es-mx\\\/wp-content\\\/uploads\\\/sites\\\/11\\\/2024\\\/08\\\/Teka_100years_logo_red_greyscale_square_RGB-5.png\",\"width\":4042,\"height\":4042,\"caption\":\"Teka M\u00e9xico\"},\"image\":{\"@id\":\"https:\\\/\\\/www.teka.com\\\/es-mx\\\/#\\\/schema\\\/logo\\\/image\\\/\"}}]}<\/script>\n<!-- \/ Yoast SEO plugin. -->","yoast_head_json":{"title":"Recetario Con el coraz\u00f3n de mam\u00e1 | Teka M\u00e9xico","description":"Teka quiere formar parte de tu vida y de tu cocina. Descarga nuestro recetario donde adem\u00e1s de encontrar las mejores recetas, encontrar\u00e1s una rutina de yoga para disfrutar desde la comodidad de tu casa. No pierdas la oportunidad de consentir a mam\u00e1 en esta temporada.","robots":{"index":"index","follow":"follow","max-snippet":"max-snippet:-1","max-image-preview":"max-image-preview:large","max-video-preview":"max-video-preview:-1"},"canonical":"https:\/\/www.teka.com\/es-mx\/recetario-conelcorazondemama\/","og_locale":"es_MX","og_type":"article","og_title":"Recetario Con el coraz\u00f3n de mam\u00e1 | Teka M\u00e9xico","og_description":"Teka quiere formar parte de tu vida y de tu cocina. Descarga nuestro recetario donde adem\u00e1s de encontrar las mejores recetas, encontrar\u00e1s una rutina de yoga para disfrutar desde la comodidad de tu casa. No pierdas la oportunidad de consentir a mam\u00e1 en esta temporada.","og_url":"https:\/\/www.teka.com\/es-mx\/recetario-conelcorazondemama\/","og_site_name":"Teka M\u00e9xico","article_modified_time":"2023-05-15T23:05:52+00:00","twitter_card":"summary_large_image","twitter_misc":{"Tiempo de lectura":"2 minutos"},"schema":{"@context":"https:\/\/schema.org","@graph":[{"@type":"WebPage","@id":"https:\/\/www.teka.com\/es-mx\/recetario-conelcorazondemama\/","url":"https:\/\/www.teka.com\/es-mx\/recetario-conelcorazondemama\/","name":"Recetario Con el coraz\u00f3n de mam\u00e1 | Teka M\u00e9xico","isPartOf":{"@id":"https:\/\/www.teka.com\/es-mx\/#website"},"datePublished":"2022-11-25T21:13:42+00:00","dateModified":"2023-05-15T23:05:52+00:00","description":"Teka quiere formar parte de tu vida y de tu cocina. Descarga nuestro recetario donde adem\u00e1s de encontrar las mejores recetas, encontrar\u00e1s una rutina de yoga para disfrutar desde la comodidad de tu casa. No pierdas la oportunidad de consentir a mam\u00e1 en esta temporada.","inLanguage":"es","potentialAction":[{"@type":"ReadAction","target":["https:\/\/www.teka.com\/es-mx\/recetario-conelcorazondemama\/"]}]},{"@type":"WebSite","@id":"https:\/\/www.teka.com\/es-mx\/#website","url":"https:\/\/www.teka.com\/es-mx\/","name":"Teka M\u00e9xico","description":"","publisher":{"@id":"https:\/\/www.teka.com\/es-mx\/#organization"},"potentialAction":[{"@type":"SearchAction","target":{"@type":"EntryPoint","urlTemplate":"https:\/\/www.teka.com\/es-mx\/?s={search_term_string}"},"query-input":{"@type":"PropertyValueSpecification","valueRequired":true,"valueName":"search_term_string"}}],"inLanguage":"es"},{"@type":"Organization","@id":"https:\/\/www.teka.com\/es-mx\/#organization","name":"Teka M\u00e9xico","url":"https:\/\/www.teka.com\/es-mx\/","logo":{"@type":"ImageObject","inLanguage":"es","@id":"https:\/\/www.teka.com\/es-mx\/#\/schema\/logo\/image\/","url":"https:\/\/www.teka.com\/es-mx\/wp-content\/uploads\/sites\/11\/2024\/08\/Teka_100years_logo_red_greyscale_square_RGB-5.png","contentUrl":"https:\/\/www.teka.com\/es-mx\/wp-content\/uploads\/sites\/11\/2024\/08\/Teka_100years_logo_red_greyscale_square_RGB-5.png","width":4042,"height":4042,"caption":"Teka M\u00e9xico"},"image":{"@id":"https:\/\/www.teka.com\/es-mx\/#\/schema\/logo\/image\/"}}]}},"_links":{"self":[{"href":"https:\/\/www.teka.com\/es-mx\/wp-json\/wp\/v2\/pages\/72239","targetHints":{"allow":["GET"]}}],"collection":[{"href":"https:\/\/www.teka.com\/es-mx\/wp-json\/wp\/v2\/pages"}],"about":[{"href":"https:\/\/www.teka.com\/es-mx\/wp-json\/wp\/v2\/types\/page"}],"author":[{"embeddable":true,"href":"https:\/\/www.teka.com\/es-mx\/wp-json\/wp\/v2\/users\/91"}],"replies":[{"embeddable":true,"href":"https:\/\/www.teka.com\/es-mx\/wp-json\/wp\/v2\/comments?post=72239"}],"version-history":[{"count":218,"href":"https:\/\/www.teka.com\/es-mx\/wp-json\/wp\/v2\/pages\/72239\/revisions"}],"predecessor-version":[{"id":73361,"href":"https:\/\/www.teka.com\/es-mx\/wp-json\/wp\/v2\/pages\/72239\/revisions\/73361"}],"wp:attachment":[{"href":"https:\/\/www.teka.com\/es-mx\/wp-json\/wp\/v2\/media?parent=72239"}],"curies":[{"name":"wp","href":"https:\/\/api.w.org\/{rel}","templated":true}]}}