{"id":123521,"date":"2026-04-05T02:02:26","date_gmt":"2026-04-05T02:02:26","guid":{"rendered":"https:\/\/teka.com\/es-mx\/dw8-57-fim-d_40782128"},"modified":"2026-03-14T05:14:41","modified_gmt":"2026-03-14T06:14:41","slug":"dw8-57-fim-d_40782128","status":"publish","type":"product","link":"https:\/\/www.teka.com\/es-mx\/producto\/dw8-57-fim-d_40782128\/","title":{"rendered":"DW8 57 FIM D"},"content":{"rendered":"<ul>\n<li>Ideal para quienes buscan ahorrar tiempo, agua y energ\u00eda, manteniendo una limpieza eficiente y constante incluso con cargas grandes de vajilla.<\/li>\n<li>Panel de mandos en acero inoxidable antihuella (control resistente y moderno que mantiene una apariencia limpia y profesional).<\/li>\n<li>Consumo: 11 litros con uso eficiente del agua sin comprometer el rendimiento de lavado.<\/li>\n<li>Display digital: Informaci\u00f3n clara y visible del programa y estado del lavado.<\/li>\n<li>9 programas de lavado y 6 temperaturas de lavado (40\u00ba\u201365\u00ba) que se ajusta seg\u00fan el nivel de limpieza y tipo de utensilios.<\/li>\n<li>Funci\u00f3n secado extra para que tu vajilla quede completamente seca y lista para guardar.<\/li>\n<li>Programa r\u00e1pido 30\u2019 para cargas r\u00e1pidas y programa de media carga que ahorra agua y energ\u00eda cuando no est\u00e1 completamente lleno.<\/li>\n<li>Programa ECO que m\u00e1xima eficiencia energ\u00e9tica con excelente resultado de lavado.<\/li>\n<li>Descalcificador que protege el lavavajillas y mejora el lavado en zonas con agua dura.<\/li>\n<li>Microfiltrado que filtra residuos para un lavado m\u00e1s eficiente y limpio.<\/li>\n<li>Cesta superior regulable en altura y cesta para cubiertos para una limpieza uniforme.<\/li>\n<li>Sistema de seguridad AQUASTOP que te da una protecci\u00f3n total contra fugas de agua.<\/li>\n<li>Clasificaci\u00f3n energ\u00e9tica: A++\/A que es un alto rendimiento con menor consumo energ\u00e9tico.<\/li>\n<\/ul>\n","protected":false},"featured_media":0,"parent":0,"template":"","product_cat":[3404],"product_cleaning_system":[],"product_3rd_basket":[56405],"product_drawers":[],"product_type_of_installation":[56382],"product_edition":[],"product_serie":[],"product_features":[],"finishes":[],"product_bundles":[],"product_energy_efficiency":[],"product_video_training":[],"class_list":["post-123521","product","type-product","status-publish","hentry","product_cat-lavavajillas","usp-dishwashers-03","color-inox","product_type_of_appliance-integrable","product_icons-eco-function","product_icons-extra-dry-function","product_3rd_basket-cesto","product_type_of_installation-integrable"],"acf":[],"yoast_head":"<!-- This site is optimized with the Yoast SEO plugin v27.2 - https:\/\/yoast.com\/product\/yoast-seo-wordpress\/ -->\n<title>Lavavajilla de Empotre de Acero Inoxidable para 13 Servicios<\/title>\n<meta name=\"description\" content=\"Descubre Lavavajilla de Empotre de Acero Inoxidable para 13 Servicios con 9 programas de lavado, 6 temperaturas de lavado y sistema de seguridad AQUASTOP.\" \/>\n<meta name=\"robots\" content=\"index, follow, max-snippet:-1, max-image-preview:large, max-video-preview:-1\" \/>\n<link rel=\"canonical\" href=\"https:\/\/www.teka.com\/es-mx\/producto\/dw8-57-fim-d_40782128\/\" \/>\n<meta property=\"og:locale\" content=\"es_MX\" \/>\n<meta property=\"og:type\" content=\"article\" \/>\n<meta property=\"og:title\" content=\"Lavavajilla de Empotre de Acero Inoxidable para 13 Servicios\" \/>\n<meta property=\"og:description\" content=\"Descubre Lavavajilla de Empotre de Acero Inoxidable para 13 Servicios con 9 programas de lavado, 6 temperaturas de lavado y sistema de seguridad AQUASTOP.\" \/>\n<meta property=\"og:url\" content=\"https:\/\/www.teka.com\/es-mx\/producto\/dw8-57-fim-d_40782128\/\" \/>\n<meta property=\"og:site_name\" content=\"Teka M\u00e9xico\" \/>\n<meta name=\"twitter:card\" content=\"summary_large_image\" \/>\n<meta name=\"twitter:label1\" content=\"Tiempo de lectura\" \/>\n\t<meta name=\"twitter:data1\" content=\"1 minuto\" \/>\n<script type=\"application\/ld+json\" class=\"yoast-schema-graph\">{\"@context\":\"https:\/\/schema.org\",\"@graph\":[{\"@type\":\"WebPage\",\"@id\":\"https:\/\/www.teka.com\/es-mx\/producto\/dw8-57-fim-d_40782128\/\",\"url\":\"https:\/\/www.teka.com\/es-mx\/producto\/dw8-57-fim-d_40782128\/\",\"name\":\"Lavavajilla de Empotre de Acero Inoxidable para 13 Servicios\",\"isPartOf\":{\"@id\":\"https:\/\/www.teka.com\/es-mx\/#website\"},\"datePublished\":\"2026-04-05T02:02:26+00:00\",\"description\":\"Descubre Lavavajilla de Empotre de Acero Inoxidable para 13 Servicios con 9 programas de lavado, 6 temperaturas de lavado y sistema de seguridad AQUASTOP.\",\"inLanguage\":\"es\",\"potentialAction\":[{\"@type\":\"ReadAction\",\"target\":[\"https:\/\/www.teka.com\/es-mx\/producto\/dw8-57-fim-d_40782128\/\"]}]},{\"@type\":\"WebSite\",\"@id\":\"https:\/\/www.teka.com\/es-mx\/#website\",\"url\":\"https:\/\/www.teka.com\/es-mx\/\",\"name\":\"Teka M\u00e9xico\",\"description\":\"\",\"publisher\":{\"@id\":\"https:\/\/www.teka.com\/es-mx\/#organization\"},\"potentialAction\":[{\"@type\":\"SearchAction\",\"target\":{\"@type\":\"EntryPoint\",\"urlTemplate\":\"https:\/\/www.teka.com\/es-mx\/?s={search_term_string}\"},\"query-input\":{\"@type\":\"PropertyValueSpecification\",\"valueRequired\":true,\"valueName\":\"search_term_string\"}}],\"inLanguage\":\"es\"},{\"@type\":\"Organization\",\"@id\":\"https:\/\/www.teka.com\/es-mx\/#organization\",\"name\":\"Teka M\u00e9xico\",\"url\":\"https:\/\/www.teka.com\/es-mx\/\",\"logo\":{\"@type\":\"ImageObject\",\"inLanguage\":\"es\",\"@id\":\"https:\/\/www.teka.com\/es-mx\/#\/schema\/logo\/image\/\",\"url\":\"https:\/\/www.teka.com\/es-mx\/wp-content\/uploads\/sites\/11\/2024\/08\/Teka_100years_logo_red_greyscale_square_RGB-5.png\",\"contentUrl\":\"https:\/\/www.teka.com\/es-mx\/wp-content\/uploads\/sites\/11\/2024\/08\/Teka_100years_logo_red_greyscale_square_RGB-5.png\",\"width\":4042,\"height\":4042,\"caption\":\"Teka M\u00e9xico\"},\"image\":{\"@id\":\"https:\/\/www.teka.com\/es-mx\/#\/schema\/logo\/image\/\"}}]}<\/script>\n<!-- \/ Yoast SEO plugin. -->","yoast_head_json":{"title":"Lavavajilla de Empotre de Acero Inoxidable para 13 Servicios","description":"Descubre Lavavajilla de Empotre de Acero Inoxidable para 13 Servicios con 9 programas de lavado, 6 temperaturas de lavado y sistema de seguridad AQUASTOP.","robots":{"index":"index","follow":"follow","max-snippet":"max-snippet:-1","max-image-preview":"max-image-preview:large","max-video-preview":"max-video-preview:-1"},"canonical":"https:\/\/www.teka.com\/es-mx\/producto\/dw8-57-fim-d_40782128\/","og_locale":"es_MX","og_type":"article","og_title":"Lavavajilla de Empotre de Acero Inoxidable para 13 Servicios","og_description":"Descubre Lavavajilla de Empotre de Acero Inoxidable para 13 Servicios con 9 programas de lavado, 6 temperaturas de lavado y sistema de seguridad AQUASTOP.","og_url":"https:\/\/www.teka.com\/es-mx\/producto\/dw8-57-fim-d_40782128\/","og_site_name":"Teka M\u00e9xico","twitter_card":"summary_large_image","twitter_misc":{"Tiempo de lectura":"1 minuto"},"schema":{"@context":"https:\/\/schema.org","@graph":[{"@type":"WebPage","@id":"https:\/\/www.teka.com\/es-mx\/producto\/dw8-57-fim-d_40782128\/","url":"https:\/\/www.teka.com\/es-mx\/producto\/dw8-57-fim-d_40782128\/","name":"Lavavajilla de Empotre de Acero Inoxidable para 13 Servicios","isPartOf":{"@id":"https:\/\/www.teka.com\/es-mx\/#website"},"datePublished":"2026-04-05T02:02:26+00:00","description":"Descubre Lavavajilla de Empotre de Acero Inoxidable para 13 Servicios con 9 programas de lavado, 6 temperaturas de lavado y sistema de seguridad AQUASTOP.","inLanguage":"es","potentialAction":[{"@type":"ReadAction","target":["https:\/\/www.teka.com\/es-mx\/producto\/dw8-57-fim-d_40782128\/"]}]},{"@type":"WebSite","@id":"https:\/\/www.teka.com\/es-mx\/#website","url":"https:\/\/www.teka.com\/es-mx\/","name":"Teka M\u00e9xico","description":"","publisher":{"@id":"https:\/\/www.teka.com\/es-mx\/#organization"},"potentialAction":[{"@type":"SearchAction","target":{"@type":"EntryPoint","urlTemplate":"https:\/\/www.teka.com\/es-mx\/?s={search_term_string}"},"query-input":{"@type":"PropertyValueSpecification","valueRequired":true,"valueName":"search_term_string"}}],"inLanguage":"es"},{"@type":"Organization","@id":"https:\/\/www.teka.com\/es-mx\/#organization","name":"Teka M\u00e9xico","url":"https:\/\/www.teka.com\/es-mx\/","logo":{"@type":"ImageObject","inLanguage":"es","@id":"https:\/\/www.teka.com\/es-mx\/#\/schema\/logo\/image\/","url":"https:\/\/www.teka.com\/es-mx\/wp-content\/uploads\/sites\/11\/2024\/08\/Teka_100years_logo_red_greyscale_square_RGB-5.png","contentUrl":"https:\/\/www.teka.com\/es-mx\/wp-content\/uploads\/sites\/11\/2024\/08\/Teka_100years_logo_red_greyscale_square_RGB-5.png","width":4042,"height":4042,"caption":"Teka M\u00e9xico"},"image":{"@id":"https:\/\/www.teka.com\/es-mx\/#\/schema\/logo\/image\/"}}]}},"_links":{"self":[{"href":"https:\/\/www.teka.com\/es-mx\/wp-json\/wp\/v2\/product\/123521","targetHints":{"allow":["GET"]}}],"collection":[{"href":"https:\/\/www.teka.com\/es-mx\/wp-json\/wp\/v2\/product"}],"about":[{"href":"https:\/\/www.teka.com\/es-mx\/wp-json\/wp\/v2\/types\/product"}],"wp:attachment":[{"href":"https:\/\/www.teka.com\/es-mx\/wp-json\/wp\/v2\/media?parent=123521"}],"wp:term":[{"taxonomy":"product_cat","embeddable":true,"href":"https:\/\/www.teka.com\/es-mx\/wp-json\/wp\/v2\/product_cat?post=123521"},{"taxonomy":"product_cleaning_system","embeddable":true,"href":"https:\/\/www.teka.com\/es-mx\/wp-json\/wp\/v2\/product_cleaning_system?post=123521"},{"taxonomy":"product_3rd_basket","embeddable":true,"href":"https:\/\/www.teka.com\/es-mx\/wp-json\/wp\/v2\/product_3rd_basket?post=123521"},{"taxonomy":"product_drawers","embeddable":true,"href":"https:\/\/www.teka.com\/es-mx\/wp-json\/wp\/v2\/product_drawers?post=123521"},{"taxonomy":"product_type_of_installation","embeddable":true,"href":"https:\/\/www.teka.com\/es-mx\/wp-json\/wp\/v2\/product_type_of_installation?post=123521"},{"taxonomy":"product_edition","embeddable":true,"href":"https:\/\/www.teka.com\/es-mx\/wp-json\/wp\/v2\/product_edition?post=123521"},{"taxonomy":"product_serie","embeddable":true,"href":"https:\/\/www.teka.com\/es-mx\/wp-json\/wp\/v2\/product_serie?post=123521"},{"taxonomy":"product_features","embeddable":true,"href":"https:\/\/www.teka.com\/es-mx\/wp-json\/wp\/v2\/product_features?post=123521"},{"taxonomy":"finishes","embeddable":true,"href":"https:\/\/www.teka.com\/es-mx\/wp-json\/wp\/v2\/finishes?post=123521"},{"taxonomy":"product_bundles","embeddable":true,"href":"https:\/\/www.teka.com\/es-mx\/wp-json\/wp\/v2\/product_bundles?post=123521"},{"taxonomy":"product_energy_efficiency","embeddable":true,"href":"https:\/\/www.teka.com\/es-mx\/wp-json\/wp\/v2\/product_energy_efficiency?post=123521"},{"taxonomy":"product_video_training","embeddable":true,"href":"https:\/\/www.teka.com\/es-mx\/wp-json\/wp\/v2\/product_video_training?post=123521"}],"curies":[{"name":"wp","href":"https:\/\/api.w.org\/{rel}","templated":true}]}}